{"id":1396,"date":"2026-02-03T12:01:06","date_gmt":"2026-02-03T15:01:06","guid":{"rendered":"https:\/\/www.economicas.uba.ar\/biblioteca\/?page_id=1396"},"modified":"2026-02-20T12:56:04","modified_gmt":"2026-02-20T15:56:04","slug":"informacion-general","status":"publish","type":"page","link":"https:\/\/www.economicas.uba.ar\/biblioteca\/","title":{"rendered":"Informaci\u00f3n General"},"content":{"rendered":"\t\t<div data-elementor-type=\"wp-page\" data-elementor-id=\"1396\" class=\"elementor elementor-1396\" data-elementor-post-type=\"page\">\n\t\t\t\t<div class=\"elementor-element elementor-element-052bc6e e-con-full e-flex e-con e-parent\" data-id=\"052bc6e\" data-element_type=\"container\" data-e-type=\"container\">\n\t\t<div class=\"elementor-element elementor-element-bfac558 e-flex e-con-boxed e-con e-child\" data-id=\"bfac558\" data-element_type=\"container\" data-e-type=\"container\">\n\t\t\t\t\t<div class=\"e-con-inner\">\n\t\t\t\t<div class=\"elementor-element elementor-element-73f4deb elementor-widget elementor-widget-text-editor\" data-id=\"73f4deb\" data-element_type=\"widget\" data-e-type=\"widget\" data-widget_type=\"text-editor.default\">\n\t\t\t\t<div class=\"elementor-widget-container\">\n\t\t\t\t\t\t\t\t\t<p><strong data-start=\"1602\" data-end=\"1638\">Biblioteca \u201cAlfredo L. Palacios\u201d<\/strong><br data-start=\"1638\" data-end=\"1641\" \/>Apoyo al aprendizaje, la investigaci\u00f3n y el acceso al conocimiento.<\/p><p>Cat\u00e1logo f\u00edsico y digital, bases de datos especializadas y servicios de consulta para la comunidad universitaria.<\/p>\t\t\t\t\t\t\t\t<\/div>\n\t\t\t\t<\/div>\n\t\t\t\t\t<\/div>\n\t\t\t\t<\/div>\n\t\t\t\t<\/div>\n\t\t<div class=\"elementor-element elementor-element-3763567 e-con-full e-flex e-con e-parent\" data-id=\"3763567\" data-element_type=\"container\" data-e-type=\"container\" data-settings=\"{&quot;background_background&quot;:&quot;classic&quot;}\">\n\t\t<div class=\"elementor-element elementor-element-d41792c e-flex e-con-boxed e-con e-child\" data-id=\"d41792c\" data-element_type=\"container\" data-e-type=\"container\">\n\t\t\t\t\t<div class=\"e-con-inner\">\n\t\t\t\t<div class=\"elementor-element elementor-element-e4597ae elementor-widget elementor-widget-heading\" data-id=\"e4597ae\" data-element_type=\"widget\" data-e-type=\"widget\" data-widget_type=\"heading.default\">\n\t\t\t\t<div class=\"elementor-widget-container\">\n\t\t\t\t\t<h2 class=\"elementor-heading-title elementor-size-default\">Funciones<\/h2>\t\t\t\t<\/div>\n\t\t\t\t<\/div>\n\t\t\t\t\t<\/div>\n\t\t\t\t<\/div>\n\t\t<div class=\"elementor-element elementor-element-bf810da e-flex e-con-boxed e-con e-child\" data-id=\"bf810da\" data-element_type=\"container\" data-e-type=\"container\">\n\t\t\t\t\t<div class=\"e-con-inner\">\n\t\t<div class=\"elementor-element elementor-element-3c98f98 e-con-full e-flex e-con e-child\" data-id=\"3c98f98\" data-element_type=\"container\" data-e-type=\"container\">\n\t\t\t\t<div class=\"elementor-element elementor-element-9333e00 elementor-widget elementor-widget-text-editor\" data-id=\"9333e00\" data-element_type=\"widget\" data-e-type=\"widget\" data-widget_type=\"text-editor.default\">\n\t\t\t\t<div class=\"elementor-widget-container\">\n\t\t\t\t\t\t\t\t\t<p><strong>Seleccionar y adquirir los<\/strong><br \/><strong>materiales necesarios<\/strong> con el<br \/>objeto de incrementar los<br \/>recursos y el desarrollo de las<br \/>colecciones.<\/p>\t\t\t\t\t\t\t\t<\/div>\n\t\t\t\t<\/div>\n\t\t\t\t<\/div>\n\t\t<div class=\"elementor-element elementor-element-5e9c680 e-con-full e-flex e-con e-child\" data-id=\"5e9c680\" data-element_type=\"container\" data-e-type=\"container\">\n\t\t\t\t<div class=\"elementor-element elementor-element-82e8ecb elementor-widget elementor-widget-text-editor\" data-id=\"82e8ecb\" data-element_type=\"widget\" data-e-type=\"widget\" data-widget_type=\"text-editor.default\">\n\t\t\t\t<div class=\"elementor-widget-container\">\n\t\t\t\t\t\t\t\t\t<p><strong>Organizar, registrar y<\/strong><br \/><strong>preservar los recursos<\/strong> de<br \/>informaci\u00f3n y proveer los<br \/>medios para su recuperaci\u00f3n y<br \/>acceso.<\/p>\t\t\t\t\t\t\t\t<\/div>\n\t\t\t\t<\/div>\n\t\t\t\t<\/div>\n\t\t<div class=\"elementor-element elementor-element-f1d9d64 e-con-full e-flex e-con e-child\" data-id=\"f1d9d64\" data-element_type=\"container\" data-e-type=\"container\">\n\t\t\t\t<div class=\"elementor-element elementor-element-eaf72b0 elementor-widget elementor-widget-text-editor\" data-id=\"eaf72b0\" data-element_type=\"widget\" data-e-type=\"widget\" data-widget_type=\"text-editor.default\">\n\t\t\t\t<div class=\"elementor-widget-container\">\n\t\t\t\t\t\t\t\t\t<p>Organizar los servicios a los<br \/>usuarios a trav\u00e9s de los cuales<br \/>se brinda <strong>acceso a todos los<\/strong><br \/><strong>recursos de informaci\u00f3n.<\/strong><\/p>\t\t\t\t\t\t\t\t<\/div>\n\t\t\t\t<\/div>\n\t\t\t\t<\/div>\n\t\t<div class=\"elementor-element elementor-element-8fd9939 e-con-full e-flex e-con e-child\" data-id=\"8fd9939\" data-element_type=\"container\" data-e-type=\"container\">\n\t\t\t\t<div class=\"elementor-element elementor-element-0e086d4 elementor-widget elementor-widget-text-editor\" data-id=\"0e086d4\" data-element_type=\"widget\" data-e-type=\"widget\" data-widget_type=\"text-editor.default\">\n\t\t\t\t<div class=\"elementor-widget-container\">\n\t\t\t\t\t\t\t\t\t<p>Contribuir al <strong>registro,<\/strong><br \/><strong>preservaci\u00f3n y acceso del<\/strong><br \/><strong>conocimiento<\/strong> producido en el<br \/>\u00e1mbito de la Facultad.<\/p>\t\t\t\t\t\t\t\t<\/div>\n\t\t\t\t<\/div>\n\t\t\t\t<\/div>\n\t\t\t\t\t<\/div>\n\t\t\t\t<\/div>\n\t\t\t\t<\/div>\n\t\t<div class=\"elementor-element elementor-element-c20caa3 e-con-full e-flex e-con e-parent\" data-id=\"c20caa3\" data-element_type=\"container\" data-e-type=\"container\">\n\t\t<div class=\"elementor-element elementor-element-eb458a7 e-flex e-con-boxed e-con e-child\" data-id=\"eb458a7\" data-element_type=\"container\" data-e-type=\"container\">\n\t\t\t\t\t<div class=\"e-con-inner\">\n\t\t\t\t<div class=\"elementor-element elementor-element-e6c024b elementor-widget elementor-widget-heading\" data-id=\"e6c024b\" data-element_type=\"widget\" data-e-type=\"widget\" data-widget_type=\"heading.default\">\n\t\t\t\t<div class=\"elementor-widget-container\">\n\t\t\t\t\t<h2 class=\"elementor-heading-title elementor-size-default\">Servicios para la comunidad acad\u00e9mica<\/h2>\t\t\t\t<\/div>\n\t\t\t\t<\/div>\n\t\t\t\t<div class=\"elementor-element elementor-element-bf9c513 elementor-widget elementor-widget-text-editor\" data-id=\"bf9c513\" data-element_type=\"widget\" data-e-type=\"widget\" data-widget_type=\"text-editor.default\">\n\t\t\t\t<div class=\"elementor-widget-container\">\n\t\t\t\t\t\t\t\t\t<p>Para acceder a servicios de acceso electr\u00f3nico a textos completos y al pr\u00e9stamo a domicilio de material impreso, el \u00fanico<br \/>requisito es estar registrado en la base de datos de Alumnos, Docentes o Investigadores seg\u00fan corresponda, es decir, ser parte<br \/>de la comunidad acad\u00e9mica de la Facultad.<\/p>\t\t\t\t\t\t\t\t<\/div>\n\t\t\t\t<\/div>\n\t\t\t\t\t<\/div>\n\t\t\t\t<\/div>\n\t\t\t\t<\/div>\n\t\t<div class=\"elementor-element elementor-element-7e5af6d e-con-full e-flex e-con e-parent\" data-id=\"7e5af6d\" data-element_type=\"container\" data-e-type=\"container\">\n\t\t<div class=\"elementor-element elementor-element-a73bb46 e-flex e-con-boxed e-con e-child\" data-id=\"a73bb46\" data-element_type=\"container\" data-e-type=\"container\">\n\t\t\t\t\t<div class=\"e-con-inner\">\n\t\t<div class=\"elementor-element elementor-element-37e8597 e-con-full e-flex e-con e-child\" data-id=\"37e8597\" data-element_type=\"container\" data-e-type=\"container\">\n\t\t<div class=\"elementor-element elementor-element-45f6c2f e-con-full e-flex e-con e-child\" data-id=\"45f6c2f\" data-element_type=\"container\" data-e-type=\"container\" data-settings=\"{&quot;background_background&quot;:&quot;classic&quot;}\">\n\t\t\t\t<div class=\"elementor-element elementor-element-30b2fca elementor-widget elementor-widget-heading\" data-id=\"30b2fca\" data-element_type=\"widget\" data-e-type=\"widget\" data-widget_type=\"heading.default\">\n\t\t\t\t<div class=\"elementor-widget-container\">\n\t\t\t\t\t<h2 class=\"elementor-heading-title elementor-size-default\">PRESTAMOS A DOMICILIO\n<\/h2>\t\t\t\t<\/div>\n\t\t\t\t<\/div>\n\t\t\t\t<div class=\"elementor-element elementor-element-2debe2f elementor-widget elementor-widget-text-editor\" data-id=\"2debe2f\" data-element_type=\"widget\" data-e-type=\"widget\" data-widget_type=\"text-editor.default\">\n\t\t\t\t<div class=\"elementor-widget-container\">\n\t\t\t\t\t\t\t\t\t<p>Para acceder a servicios de acceso electr\u00f3nico a textos completos y al pr\u00e9stamo a domicilio de material impreso, el \u00fanico requisito es ser parte de la comunidad acad\u00e9mica de la Facultad.<\/p>\t\t\t\t\t\t\t\t<\/div>\n\t\t\t\t<\/div>\n\t\t\t\t<\/div>\n\t\t<div class=\"elementor-element elementor-element-77b6bc0 e-con-full e-flex e-con e-child\" data-id=\"77b6bc0\" data-element_type=\"container\" data-e-type=\"container\" data-settings=\"{&quot;background_background&quot;:&quot;classic&quot;}\">\n\t\t\t\t<div class=\"elementor-element elementor-element-3697d0c elementor-widget elementor-widget-heading\" data-id=\"3697d0c\" data-element_type=\"widget\" data-e-type=\"widget\" data-widget_type=\"heading.default\">\n\t\t\t\t<div class=\"elementor-widget-container\">\n\t\t\t\t\t<h2 class=\"elementor-heading-title elementor-size-default\">REGISTRO DE USUARIOS Y REQUISITOS\n<\/h2>\t\t\t\t<\/div>\n\t\t\t\t<\/div>\n\t\t\t\t<div class=\"elementor-element elementor-element-b399499 elementor-widget elementor-widget-text-editor\" data-id=\"b399499\" data-element_type=\"widget\" data-e-type=\"widget\" data-widget_type=\"text-editor.default\">\n\t\t\t\t<div class=\"elementor-widget-container\">\n\t\t\t\t\t\t\t\t\t<p>El \u00fanico requisito es estar registrado en la base de datos de Alumnos, Docentes o Investigadores, seg\u00fan corresponda, para acceder a determinados servicios de acceso electr\u00f3nico a textos completos y al pr\u00e9stamo a domicilio de material impreso.<\/p>\t\t\t\t\t\t\t\t<\/div>\n\t\t\t\t<\/div>\n\t\t\t\t<\/div>\n\t\t\t\t<\/div>\n\t\t<div class=\"elementor-element elementor-element-b3c39cc e-con-full e-flex e-con e-child\" data-id=\"b3c39cc\" data-element_type=\"container\" data-e-type=\"container\" data-settings=\"{&quot;background_background&quot;:&quot;classic&quot;}\">\n\t\t\t\t<div class=\"elementor-element elementor-element-9648f12 elementor-widget elementor-widget-heading\" data-id=\"9648f12\" data-element_type=\"widget\" data-e-type=\"widget\" data-widget_type=\"heading.default\">\n\t\t\t\t<div class=\"elementor-widget-container\">\n\t\t\t\t\t<h2 class=\"elementor-heading-title elementor-size-default\">REFERENCIA ESPECIALIZADA\n\n<\/h2>\t\t\t\t<\/div>\n\t\t\t\t<\/div>\n\t\t\t\t<div class=\"elementor-element elementor-element-80bb081 elementor-widget elementor-widget-text-editor\" data-id=\"80bb081\" data-element_type=\"widget\" data-e-type=\"widget\" data-widget_type=\"text-editor.default\">\n\t\t\t\t<div class=\"elementor-widget-container\">\n\t\t\t\t\t\t\t\t\t<p>Este sector presta orientaci\u00f3n espec\u00edfica sobre b\u00fasquedas bibliogr\u00e1ficas, legislaci\u00f3n y jurisprudencia y realiza la formaci\u00f3n de usuarios.<br \/>Tiene a cargo la administraci\u00f3n de los pr\u00e9stamos interbibliotecarios, facilita los programas de estudio y genera los libre deuda.\u2028<br \/>Realiza pr\u00e9stamos libros a domicilio para Alumnos de Posgrado, Docentes e Investigadores. Es el sector encargado de brindar acceso bases de datos en internet, as\u00ed como a los textos completos de las colecciones del MINCyT y del SISBI.<br \/><br \/><\/p><p><strong>INSTRUCTIVO<\/strong><\/p><p>C\u00f3mo acceder a los textos completos del SISBI y la Biblioteca Electr\u00f3nica del MINCyT desde sus casas (para docentes, investigadores, doctorandos y alumnos de posgrado).<\/p>\t\t\t\t\t\t\t\t<\/div>\n\t\t\t\t<\/div>\n\t\t\t\t<div class=\"elementor-element elementor-element-1833b18 elementor-widget elementor-widget-button\" data-id=\"1833b18\" data-element_type=\"widget\" data-e-type=\"widget\" data-widget_type=\"button.default\">\n\t\t\t\t<div class=\"elementor-widget-container\">\n\t\t\t\t\t\t\t\t\t<div class=\"elementor-button-wrapper\">\n\t\t\t\t\t<a class=\"elementor-button elementor-button-link elementor-size-sm\" href=\"https:\/\/www.economicas.uba.ar\/biblioteca\/wp-content\/uploads\/UBA-FCE_Instructivo_acceso_RedUBA.pdf\">\n\t\t\t\t\t\t<span class=\"elementor-button-content-wrapper\">\n\t\t\t\t\t\t\t\t\t<span class=\"elementor-button-text\">DESCARGAR<\/span>\n\t\t\t\t\t<\/span>\n\t\t\t\t\t<\/a>\n\t\t\t\t<\/div>\n\t\t\t\t\t\t\t\t<\/div>\n\t\t\t\t<\/div>\n\t\t\t\t<\/div>\n\t\t\t\t\t<\/div>\n\t\t\t\t<\/div>\n\t\t\t\t<\/div>\n\t\t<div class=\"elementor-element elementor-element-97e7d29 e-con-full e-flex e-con e-parent\" data-id=\"97e7d29\" data-element_type=\"container\" data-e-type=\"container\">\n\t\t<div class=\"elementor-element elementor-element-dfe9871 e-flex e-con-boxed e-con e-child\" data-id=\"dfe9871\" data-element_type=\"container\" data-e-type=\"container\">\n\t\t\t\t\t<div class=\"e-con-inner\">\n\t\t\t\t<div class=\"elementor-element elementor-element-b0bd9c4 elementor-widget elementor-widget-heading\" data-id=\"b0bd9c4\" data-element_type=\"widget\" data-e-type=\"widget\" data-widget_type=\"heading.default\">\n\t\t\t\t<div class=\"elementor-widget-container\">\n\t\t\t\t\t<h2 class=\"elementor-heading-title elementor-size-default\">Anexos de Biblioteca<\/h2>\t\t\t\t<\/div>\n\t\t\t\t<\/div>\n\t\t<div class=\"elementor-element elementor-element-dccf8be e-con-full e-flex e-con e-child\" data-id=\"dccf8be\" data-element_type=\"container\" data-e-type=\"container\">\n\t\t<div class=\"elementor-element elementor-element-65b0c61 e-con-full e-flex e-con e-child\" data-id=\"65b0c61\" data-element_type=\"container\" data-e-type=\"container\">\n\t\t<div class=\"elementor-element elementor-element-04e8073 e-con-full e-flex e-con e-child\" data-id=\"04e8073\" data-element_type=\"container\" data-e-type=\"container\" data-settings=\"{&quot;background_background&quot;:&quot;classic&quot;}\">\n\t\t\t\t<\/div>\n\t\t<div class=\"elementor-element elementor-element-beceb26 e-con-full e-flex e-con e-child\" data-id=\"beceb26\" data-element_type=\"container\" data-e-type=\"container\" data-settings=\"{&quot;background_background&quot;:&quot;classic&quot;}\">\n\t\t\t\t<div class=\"elementor-element elementor-element-7a7f48b elementor-widget elementor-widget-heading\" data-id=\"7a7f48b\" data-element_type=\"widget\" data-e-type=\"widget\" data-widget_type=\"heading.default\">\n\t\t\t\t<div class=\"elementor-widget-container\">\n\t\t\t\t\t<h2 class=\"elementor-heading-title elementor-size-default\">Anexo Avellaneda<\/h2>\t\t\t\t<\/div>\n\t\t\t\t<\/div>\n\t\t\t\t<div class=\"elementor-element elementor-element-db2f75f elementor-widget elementor-widget-text-editor\" data-id=\"db2f75f\" data-element_type=\"widget\" data-e-type=\"widget\" data-widget_type=\"text-editor.default\">\n\t\t\t\t<div class=\"elementor-widget-container\">\n\t\t\t\t\t\t\t\t\t<p>Eva Per\u00f3n y Guemes<br \/>Avellaneda<br \/><br \/><\/p><p>+54 11 52857319<br \/>+54 11 52857302 (sala)<br \/><br \/><\/p><p>Lunes a viernes | 8 a 20 hs.<\/p>\t\t\t\t\t\t\t\t<\/div>\n\t\t\t\t<\/div>\n\t\t\t\t<\/div>\n\t\t\t\t<\/div>\n\t\t<div class=\"elementor-element elementor-element-04825e0 e-con-full e-flex e-con e-child\" data-id=\"04825e0\" data-element_type=\"container\" data-e-type=\"container\">\n\t\t<div class=\"elementor-element elementor-element-88cef21 e-con-full e-flex e-con e-child\" data-id=\"88cef21\" data-element_type=\"container\" data-e-type=\"container\" data-settings=\"{&quot;background_background&quot;:&quot;classic&quot;}\">\n\t\t\t\t<\/div>\n\t\t<div class=\"elementor-element elementor-element-e094b0a e-con-full e-flex e-con e-child\" data-id=\"e094b0a\" data-element_type=\"container\" data-e-type=\"container\" data-settings=\"{&quot;background_background&quot;:&quot;classic&quot;}\">\n\t\t\t\t<div class=\"elementor-element elementor-element-7241e94 elementor-widget elementor-widget-heading\" data-id=\"7241e94\" data-element_type=\"widget\" data-e-type=\"widget\" data-widget_type=\"heading.default\">\n\t\t\t\t<div class=\"elementor-widget-container\">\n\t\t\t\t\t<h2 class=\"elementor-heading-title elementor-size-default\">Anexo Paternal<\/h2>\t\t\t\t<\/div>\n\t\t\t\t<\/div>\n\t\t\t\t<div class=\"elementor-element elementor-element-d00db57 elementor-widget elementor-widget-text-editor\" data-id=\"d00db57\" data-element_type=\"widget\" data-e-type=\"widget\" data-widget_type=\"text-editor.default\">\n\t\t\t\t<div class=\"elementor-widget-container\">\n\t\t\t\t\t\t\t\t\t<p>Av. San Mart\u00edn 4453 <br \/>CABA<br \/><br \/><\/p><p>+54 11 52857341 (sala)<br \/><br \/><\/p><p>Lunes a viernes | 8 a 20 hs.<\/p>\t\t\t\t\t\t\t\t<\/div>\n\t\t\t\t<\/div>\n\t\t\t\t<\/div>\n\t\t\t\t<\/div>\n\t\t<div class=\"elementor-element elementor-element-c48dde3 e-con-full e-flex e-con e-child\" data-id=\"c48dde3\" data-element_type=\"container\" data-e-type=\"container\">\n\t\t<div class=\"elementor-element elementor-element-c017d0c e-con-full e-flex e-con e-child\" data-id=\"c017d0c\" data-element_type=\"container\" data-e-type=\"container\" data-settings=\"{&quot;background_background&quot;:&quot;classic&quot;}\">\n\t\t\t\t<\/div>\n\t\t<div class=\"elementor-element elementor-element-7200811 e-con-full e-flex e-con e-child\" data-id=\"7200811\" data-element_type=\"container\" data-e-type=\"container\" data-settings=\"{&quot;background_background&quot;:&quot;classic&quot;}\">\n\t\t\t\t<div class=\"elementor-element elementor-element-400c431 elementor-widget elementor-widget-heading\" data-id=\"400c431\" data-element_type=\"widget\" data-e-type=\"widget\" data-widget_type=\"heading.default\">\n\t\t\t\t<div class=\"elementor-widget-container\">\n\t\t\t\t\t<h2 class=\"elementor-heading-title elementor-size-default\">Anexo San Isidro<\/h2>\t\t\t\t<\/div>\n\t\t\t\t<\/div>\n\t\t\t\t<div class=\"elementor-element elementor-element-c1b3bc1 elementor-widget elementor-widget-text-editor\" data-id=\"c1b3bc1\" data-element_type=\"widget\" data-e-type=\"widget\" data-widget_type=\"text-editor.default\">\n\t\t\t\t<div class=\"elementor-widget-container\">\n\t\t\t\t\t\t\t\t\t<p>Cordoba 2001 y Lima<br \/>Mart\u00ednez<br \/><br \/><\/p><p>+54 11 52857327 (sala)<br \/><br \/><\/p><p>Lunes a viernes | 8 a 20 hs.<\/p>\t\t\t\t\t\t\t\t<\/div>\n\t\t\t\t<\/div>\n\t\t\t\t<\/div>\n\t\t\t\t<\/div>\n\t\t<div class=\"elementor-element elementor-element-4dc7a91 e-con-full e-flex e-con e-child\" data-id=\"4dc7a91\" data-element_type=\"container\" data-e-type=\"container\">\n\t\t<div class=\"elementor-element elementor-element-855fa7c e-con-full e-flex e-con e-child\" data-id=\"855fa7c\" data-element_type=\"container\" data-e-type=\"container\" data-settings=\"{&quot;background_background&quot;:&quot;classic&quot;}\">\n\t\t\t\t<\/div>\n\t\t<div class=\"elementor-element elementor-element-a74d2ad e-con-full e-flex e-con e-child\" data-id=\"a74d2ad\" data-element_type=\"container\" data-e-type=\"container\" data-settings=\"{&quot;background_background&quot;:&quot;classic&quot;}\">\n\t\t\t\t<div class=\"elementor-element elementor-element-3027e0a elementor-widget elementor-widget-heading\" data-id=\"3027e0a\" data-element_type=\"widget\" data-e-type=\"widget\" data-widget_type=\"heading.default\">\n\t\t\t\t<div class=\"elementor-widget-container\">\n\t\t\t\t\t<h2 class=\"elementor-heading-title elementor-size-default\">Anexo Partido de la Costa<\/h2>\t\t\t\t<\/div>\n\t\t\t\t<\/div>\n\t\t\t\t<div class=\"elementor-element elementor-element-407cf98 elementor-widget elementor-widget-text-editor\" data-id=\"407cf98\" data-element_type=\"widget\" data-e-type=\"widget\" data-widget_type=\"text-editor.default\">\n\t\t\t\t<div class=\"elementor-widget-container\">\n\t\t\t\t\t\t\t\t\t<p>Calle 7 n\u00b0256 e\/Calles 29 y 30<br \/>Santa Teresita<br \/><br \/><\/p><p>+54 0224 615463472<br \/><br \/><\/p><p>Lunes a viernes | 14 a 20 hs.<\/p>\t\t\t\t\t\t\t\t<\/div>\n\t\t\t\t<\/div>\n\t\t\t\t<\/div>\n\t\t\t\t<\/div>\n\t\t\t\t<\/div>\n\t\t\t\t\t<\/div>\n\t\t\t\t<\/div>\n\t\t\t\t<\/div>\n\t\t\t\t<\/div>\n\t\t","protected":false},"excerpt":{"rendered":"<p>Biblioteca \u201cAlfredo L. Palacios\u201dApoyo al aprendizaje, la investigaci\u00f3n y el acceso al conocimiento. Cat\u00e1logo f\u00edsico y digital, bases de datos especializadas y servicios de consulta para la comunidad universitaria. Funciones<\/p>\n","protected":false},"author":7,"featured_media":0,"parent":0,"menu_order":0,"comment_status":"closed","ping_status":"closed","template":"elementor_header_footer","meta":{"footnotes":""},"class_list":["post-1396","page","type-page","status-publish","hentry"],"_links":{"self":[{"href":"https:\/\/www.economicas.uba.ar\/biblioteca\/wp-json\/wp\/v2\/pages\/1396","targetHints":{"allow":["GET"]}}],"collection":[{"href":"https:\/\/www.economicas.uba.ar\/biblioteca\/wp-json\/wp\/v2\/pages"}],"about":[{"href":"https:\/\/www.economicas.uba.ar\/biblioteca\/wp-json\/wp\/v2\/types\/page"}],"author":[{"embeddable":true,"href":"https:\/\/www.economicas.uba.ar\/biblioteca\/wp-json\/wp\/v2\/users\/7"}],"replies":[{"embeddable":true,"href":"https:\/\/www.economicas.uba.ar\/biblioteca\/wp-json\/wp\/v2\/comments?post=1396"}],"version-history":[{"count":50,"href":"https:\/\/www.economicas.uba.ar\/biblioteca\/wp-json\/wp\/v2\/pages\/1396\/revisions"}],"predecessor-version":[{"id":1571,"href":"https:\/\/www.economicas.uba.ar\/biblioteca\/wp-json\/wp\/v2\/pages\/1396\/revisions\/1571"}],"wp:attachment":[{"href":"https:\/\/www.economicas.uba.ar\/biblioteca\/wp-json\/wp\/v2\/media?parent=1396"}],"curies":[{"name":"wp","href":"https:\/\/api.w.org\/{rel}","templated":true}]}}