{"id":1494,"date":"2025-03-20T11:36:34","date_gmt":"2025-03-20T14:36:34","guid":{"rendered":"https:\/\/www.economicas.uba.ar\/ciudadesinteligentes\/?page_id=1494"},"modified":"2025-07-17T17:59:07","modified_gmt":"2025-07-17T20:59:07","slug":"publicaciones","status":"publish","type":"page","link":"https:\/\/www.economicas.uba.ar\/ciudadesinteligentes\/publicaciones\/","title":{"rendered":"Publicaciones"},"content":{"rendered":"\t\t<div data-elementor-type=\"wp-page\" data-elementor-id=\"1494\" class=\"elementor elementor-1494\" data-elementor-post-type=\"page\">\n\t\t\t\t<div class=\"elementor-element elementor-element-6921f990 e-con-full e-flex e-con e-parent\" data-id=\"6921f990\" data-element_type=\"container\" data-e-type=\"container\">\n\t\t\t\t<div class=\"elementor-element elementor-element-7b1c54f1 elementor-widget elementor-widget-html\" data-id=\"7b1c54f1\" data-element_type=\"widget\" data-e-type=\"widget\" data-widget_type=\"html.default\">\n\t\t\t\t<div class=\"elementor-widget-container\">\n\t\t\t\t\t<div style=\"height: 1px; background-color: #009D4F; width: 100%;\"><\/div>\r\n\t\t\t\t<\/div>\n\t\t\t\t<\/div>\n\t\t\t\t<\/div>\n\t\t<div class=\"elementor-element elementor-element-3e6a68ef e-flex e-con-boxed e-con e-parent\" data-id=\"3e6a68ef\" data-element_type=\"container\" data-e-type=\"container\" data-settings=\"{&quot;background_background&quot;:&quot;classic&quot;}\">\n\t\t\t\t\t<div class=\"e-con-inner\">\n\t\t<div class=\"elementor-element elementor-element-1fc9c0ef e-con-full e-flex e-con e-child\" data-id=\"1fc9c0ef\" data-element_type=\"container\" data-e-type=\"container\">\n\t\t\t\t<div class=\"elementor-element elementor-element-7c16be4 elementor-widget elementor-widget-text-editor\" data-id=\"7c16be4\" data-element_type=\"widget\" data-e-type=\"widget\" data-widget_type=\"text-editor.default\">\n\t\t\t\t<div class=\"elementor-widget-container\">\n\t\t\t\t\t\t\t\t\t<h3><strong><span style=\"color: #844694;\">\u00cdndice de Gesti\u00f3n Estrat\u00e9gica de Ciudades (IGEC)<\/span><\/strong><\/h3><p><span style=\"color: #000000;\">El \u00cdndice de Gesti\u00f3n Estrat\u00e9gica de Ciudades (IGEC) es una herramienta de evaluaci\u00f3n y mejora continua para ciudades. Desarrollado por nuestra Casa de Altos Estudios, mide la efectividad de la gesti\u00f3n urbana enfoc\u00e1ndose en 5 dimensiones clave: pol\u00edtica e instituciones, desarrollo econ\u00f3mico, sociedad, medio ambiente y tecnolog\u00eda e infraestructura. Cada dimensi\u00f3n se eval\u00faa a trav\u00e9s de 31 variables y 159 est\u00e1ndares espec\u00edficos.<\/span><\/p><p><span style=\"color: #000000;\">Este \u00edndice proporciona una visi\u00f3n integral de la ciudad y permite identificar \u00e1reas de mejora.<\/span><\/p><p><span style=\"color: #000000;\">Es una herramienta \u00fatil para gobiernos locales, empresarios y ciudadanos interesados en el desarrollo urbano sostenible.<\/span><\/p><p><span style=\"color: #000000;\">Se basa en datos objetivos y actualizados, garantizando una evaluaci\u00f3n precisa y confiable, es flexible y puede adaptarse a las necesidades espec\u00edficas de cada ciudad.<\/span><\/p><p><span style=\"color: #000000;\">Su implementaci\u00f3n puede contribuir a mejorar la calidad de vida de los ciudadanos y promover el desarrollo sostenible de las ciudades.\u00a0<\/span><\/p><h5>\u00a0<\/h5><ul><li><h5><a href=\"https:\/\/www.economicas.uba.ar\/indice-de-gestion-estrategica-de-ciudades-amba-2025\/\">&#8211; 24 municipios del AMBA (2025) \u00b7\u00a0<\/a>\u00a0\u00a0\u00a0\u00a0\u00a0\u00a0<\/h5><\/li><li><h5>&#8211; 10 conglomerados urbanos m\u00e1s destacados de la Argentina (2024)\u00a0 \u00a0 \u00a0 \u00a0 \u00a0 \u00a0 \u00a0 \u00a0 \u00a0 \u00a0<\/h5><\/li><\/ul>\t\t\t\t\t\t\t\t<\/div>\n\t\t\t\t<\/div>\n\t\t\t\t<\/div>\n\t\t\t\t\t<\/div>\n\t\t\t\t<\/div>\n\t\t<div class=\"elementor-element elementor-element-7abb952 e-flex e-con-boxed e-con e-parent\" data-id=\"7abb952\" data-element_type=\"container\" data-e-type=\"container\" data-settings=\"{&quot;background_background&quot;:&quot;classic&quot;}\">\n\t\t\t\t\t<div class=\"e-con-inner\">\n\t\t<div class=\"elementor-element elementor-element-8766c5d e-con-full e-flex e-con e-child\" data-id=\"8766c5d\" data-element_type=\"container\" data-e-type=\"container\">\n\t\t<div class=\"elementor-element elementor-element-60cf3ad e-con-full e-flex e-con e-child\" data-id=\"60cf3ad\" data-element_type=\"container\" data-e-type=\"container\">\n\t\t\t\t<div class=\"elementor-element elementor-element-5718543 elementor-widget elementor-widget-text-editor\" data-id=\"5718543\" data-element_type=\"widget\" data-e-type=\"widget\" data-widget_type=\"text-editor.default\">\n\t\t\t\t<div class=\"elementor-widget-container\">\n\t\t\t\t\t\t\t\t\t<h3><span style=\"color: #844694;\"><strong> Educaci\u00f3n<\/strong><\/span><\/h3><p><span style=\"color: #000000;\">Con la intenci\u00f3n de ampliar la visi\u00f3n de los alumnos y con la convicci\u00f3n de que el IGEC constituye una herramienta importante para comprender la complejidad y el dinamismo urbano, llevamos el modelo a las aulas y trabajamos con estudiantes pr\u00f3ximos a finalizar sus estudios de Licenciados en administraci\u00f3n. El fin era que desarrollen habilidades para analizar y diagnosticar las condiciones urbanas, identifiquen problemas y oportunidades y desarrollar estrategias para mejorar la calidad de vida en las ciudades. <\/span><span style=\"color: #000000;\">Desde su implementaci\u00f3n los estudiantes han trabajado en el an\u00e1lisis e investigaci\u00f3n, bajo la modalidad de estudios de casos, de conglomerados urbanos de nuestro pa\u00eds, de Am\u00e9rica Latina y Europa.\u00a0<\/span><\/p>\t\t\t\t\t\t\t\t<\/div>\n\t\t\t\t<\/div>\n\t\t\t\t<\/div>\n\t\t\t\t<\/div>\n\t\t\t\t\t<\/div>\n\t\t\t\t<\/div>\n\t\t<div class=\"elementor-element elementor-element-6aec8574 e-con-full e-flex elementor-invisible e-con e-parent\" data-id=\"6aec8574\" data-element_type=\"container\" data-e-type=\"container\" data-settings=\"{&quot;background_background&quot;:&quot;classic&quot;,&quot;animation&quot;:&quot;slideInRight&quot;}\">\n\t\t<div class=\"elementor-element elementor-element-4c43b1d1 e-flex e-con-boxed e-con e-child\" data-id=\"4c43b1d1\" data-element_type=\"container\" data-e-type=\"container\">\n\t\t\t\t\t<div class=\"e-con-inner\">\n\t\t\t\t<div class=\"elementor-element elementor-element-16ce0731 elementor-widget elementor-widget-heading\" data-id=\"16ce0731\" data-element_type=\"widget\" data-e-type=\"widget\" data-widget_type=\"heading.default\">\n\t\t\t\t<div class=\"elementor-widget-container\">\n\t\t\t\t\t<h2 class=\"elementor-heading-title elementor-size-default\">Publicaciones<\/h2>\t\t\t\t<\/div>\n\t\t\t\t<\/div>\n\t\t\t\t\t<\/div>\n\t\t\t\t<\/div>\n\t\t\t\t<\/div>\n\t\t\t\t<\/div>\n\t\t","protected":false},"excerpt":{"rendered":"<p>\u00cdndice de Gesti\u00f3n Estrat\u00e9gica de Ciudades (IGEC) El \u00cdndice de Gesti\u00f3n Estrat\u00e9gica de Ciudades (IGEC) es una herramienta de evaluaci\u00f3n y mejora continua para ciudades. Desarrollado por nuestra Casa de<\/p>\n","protected":false},"author":2,"featured_media":0,"parent":0,"menu_order":0,"comment_status":"closed","ping_status":"closed","template":"elementor_header_footer","meta":{"footnotes":""},"class_list":["post-1494","page","type-page","status-publish","hentry"],"yoast_head":"<!-- This site is optimized with the Yoast SEO plugin v27.4 - https:\/\/yoast.com\/product\/yoast-seo-wordpress\/ -->\n<title>Ciudades Inteligentes<\/title>\n<meta name=\"description\" content=\"El Centro de Ciudades Inteligentes (CCI) es un centro t\u00e9cnico dependiente de la Facultad de Ciencias Econ\u00f3micas de la UBA centrado en la investigaci\u00f3n, asistencia y transferencia t\u00e9cnica para fomentar, facilitar, apoyar y participar en la implementaci\u00f3n efectiva de iniciativas Smart Cities.\" \/>\n<meta name=\"robots\" content=\"noindex, follow, max-snippet:-1, max-image-preview:large, max-video-preview:-1\" \/>\n<meta property=\"og:locale\" content=\"es_ES\" \/>\n<meta property=\"og:type\" content=\"article\" \/>\n<meta property=\"og:title\" content=\"Ciudades Inteligentes\" \/>\n<meta property=\"og:description\" content=\"El Centro de Ciudades Inteligentes (CCI) es un centro t\u00e9cnico dependiente de la Facultad de Ciencias Econ\u00f3micas de la UBA centrado en la investigaci\u00f3n, asistencia y transferencia t\u00e9cnica para fomentar, facilitar, apoyar y participar en la implementaci\u00f3n efectiva de iniciativas Smart Cities.\" \/>\n<meta property=\"og:url\" content=\"https:\/\/www.economicas.uba.ar\/ciudadesinteligentes\/publicaciones\/\" \/>\n<meta property=\"og:site_name\" content=\"Ciudades Inteligentes\" \/>\n<meta property=\"article:modified_time\" content=\"2025-07-17T20:59:07+00:00\" \/>\n<meta property=\"og:image\" content=\"https:\/\/www.economicas.uba.ar\/ciudadesinteligentes\/wp-content\/uploads\/logo-1-1.png\" \/>\n\t<meta property=\"og:image:width\" content=\"350\" \/>\n\t<meta property=\"og:image:height\" content=\"160\" \/>\n\t<meta property=\"og:image:type\" content=\"image\/png\" \/>\n<meta name=\"twitter:card\" content=\"summary_large_image\" \/>\n<meta name=\"twitter:label1\" content=\"Tiempo de lectura\" \/>\n\t<meta name=\"twitter:data1\" content=\"2 minutos\" \/>\n<script type=\"application\/ld+json\" class=\"yoast-schema-graph\">{\"@context\":\"https:\\\/\\\/schema.org\",\"@graph\":[{\"@type\":\"WebPage\",\"@id\":\"https:\\\/\\\/www.economicas.uba.ar\\\/ciudadesinteligentes\\\/publicaciones\\\/\",\"url\":\"https:\\\/\\\/www.economicas.uba.ar\\\/ciudadesinteligentes\\\/publicaciones\\\/\",\"name\":\"Ciudades Inteligentes\",\"isPartOf\":{\"@id\":\"https:\\\/\\\/www.economicas.uba.ar\\\/ciudadesinteligentes\\\/#website\"},\"datePublished\":\"2025-03-20T14:36:34+00:00\",\"dateModified\":\"2025-07-17T20:59:07+00:00\",\"description\":\"El Centro de Ciudades Inteligentes (CCI) es un centro t\u00e9cnico dependiente de la Facultad de Ciencias Econ\u00f3micas de la UBA centrado en la investigaci\u00f3n, asistencia y transferencia t\u00e9cnica para fomentar, facilitar, apoyar y participar en la implementaci\u00f3n efectiva de iniciativas Smart Cities.\",\"breadcrumb\":{\"@id\":\"https:\\\/\\\/www.economicas.uba.ar\\\/ciudadesinteligentes\\\/publicaciones\\\/#breadcrumb\"},\"inLanguage\":\"es-AR\",\"potentialAction\":[{\"@type\":\"ReadAction\",\"target\":[\"https:\\\/\\\/www.economicas.uba.ar\\\/ciudadesinteligentes\\\/publicaciones\\\/\"]}]},{\"@type\":\"BreadcrumbList\",\"@id\":\"https:\\\/\\\/www.economicas.uba.ar\\\/ciudadesinteligentes\\\/publicaciones\\\/#breadcrumb\",\"itemListElement\":[{\"@type\":\"ListItem\",\"position\":1,\"name\":\"Inicio\",\"item\":\"https:\\\/\\\/www.economicas.uba.ar\\\/ciudadesinteligentes\\\/\"},{\"@type\":\"ListItem\",\"position\":2,\"name\":\"Publicaciones\"}]},{\"@type\":\"WebSite\",\"@id\":\"https:\\\/\\\/www.economicas.uba.ar\\\/ciudadesinteligentes\\\/#website\",\"url\":\"https:\\\/\\\/www.economicas.uba.ar\\\/ciudadesinteligentes\\\/\",\"name\":\"Ciudades Inteligentes\",\"description\":\"\",\"publisher\":{\"@id\":\"https:\\\/\\\/www.economicas.uba.ar\\\/ciudadesinteligentes\\\/#organization\"},\"potentialAction\":[{\"@type\":\"SearchAction\",\"target\":{\"@type\":\"EntryPoint\",\"urlTemplate\":\"https:\\\/\\\/www.economicas.uba.ar\\\/ciudadesinteligentes\\\/?s={search_term_string}\"},\"query-input\":{\"@type\":\"PropertyValueSpecification\",\"valueRequired\":true,\"valueName\":\"search_term_string\"}}],\"inLanguage\":\"es-AR\"},{\"@type\":\"Organization\",\"@id\":\"https:\\\/\\\/www.economicas.uba.ar\\\/ciudadesinteligentes\\\/#organization\",\"name\":\"Ciudades Inteligentes\",\"url\":\"https:\\\/\\\/www.economicas.uba.ar\\\/ciudadesinteligentes\\\/\",\"logo\":{\"@type\":\"ImageObject\",\"inLanguage\":\"es-AR\",\"@id\":\"https:\\\/\\\/www.economicas.uba.ar\\\/ciudadesinteligentes\\\/#\\\/schema\\\/logo\\\/image\\\/\",\"url\":\"https:\\\/\\\/www.economicas.uba.ar\\\/ciudadesinteligentes\\\/wp-content\\\/uploads\\\/logo-1-1.png\",\"contentUrl\":\"https:\\\/\\\/www.economicas.uba.ar\\\/ciudadesinteligentes\\\/wp-content\\\/uploads\\\/logo-1-1.png\",\"width\":350,\"height\":160,\"caption\":\"Ciudades Inteligentes\"},\"image\":{\"@id\":\"https:\\\/\\\/www.economicas.uba.ar\\\/ciudadesinteligentes\\\/#\\\/schema\\\/logo\\\/image\\\/\"}}]}<\/script>\n<!-- \/ Yoast SEO plugin. -->","yoast_head_json":{"title":"Ciudades Inteligentes","description":"El Centro de Ciudades Inteligentes (CCI) es un centro t\u00e9cnico dependiente de la Facultad de Ciencias Econ\u00f3micas de la UBA centrado en la investigaci\u00f3n, asistencia y transferencia t\u00e9cnica para fomentar, facilitar, apoyar y participar en la implementaci\u00f3n efectiva de iniciativas Smart Cities.","robots":{"index":"noindex","follow":"follow","max-snippet":"max-snippet:-1","max-image-preview":"max-image-preview:large","max-video-preview":"max-video-preview:-1"},"og_locale":"es_ES","og_type":"article","og_title":"Ciudades Inteligentes","og_description":"El Centro de Ciudades Inteligentes (CCI) es un centro t\u00e9cnico dependiente de la Facultad de Ciencias Econ\u00f3micas de la UBA centrado en la investigaci\u00f3n, asistencia y transferencia t\u00e9cnica para fomentar, facilitar, apoyar y participar en la implementaci\u00f3n efectiva de iniciativas Smart Cities.","og_url":"https:\/\/www.economicas.uba.ar\/ciudadesinteligentes\/publicaciones\/","og_site_name":"Ciudades Inteligentes","article_modified_time":"2025-07-17T20:59:07+00:00","og_image":[{"width":350,"height":160,"url":"https:\/\/www.economicas.uba.ar\/ciudadesinteligentes\/wp-content\/uploads\/logo-1-1.png","type":"image\/png"}],"twitter_card":"summary_large_image","twitter_misc":{"Tiempo de lectura":"2 minutos"},"schema":{"@context":"https:\/\/schema.org","@graph":[{"@type":"WebPage","@id":"https:\/\/www.economicas.uba.ar\/ciudadesinteligentes\/publicaciones\/","url":"https:\/\/www.economicas.uba.ar\/ciudadesinteligentes\/publicaciones\/","name":"Ciudades Inteligentes","isPartOf":{"@id":"https:\/\/www.economicas.uba.ar\/ciudadesinteligentes\/#website"},"datePublished":"2025-03-20T14:36:34+00:00","dateModified":"2025-07-17T20:59:07+00:00","description":"El Centro de Ciudades Inteligentes (CCI) es un centro t\u00e9cnico dependiente de la Facultad de Ciencias Econ\u00f3micas de la UBA centrado en la investigaci\u00f3n, asistencia y transferencia t\u00e9cnica para fomentar, facilitar, apoyar y participar en la implementaci\u00f3n efectiva de iniciativas Smart Cities.","breadcrumb":{"@id":"https:\/\/www.economicas.uba.ar\/ciudadesinteligentes\/publicaciones\/#breadcrumb"},"inLanguage":"es-AR","potentialAction":[{"@type":"ReadAction","target":["https:\/\/www.economicas.uba.ar\/ciudadesinteligentes\/publicaciones\/"]}]},{"@type":"BreadcrumbList","@id":"https:\/\/www.economicas.uba.ar\/ciudadesinteligentes\/publicaciones\/#breadcrumb","itemListElement":[{"@type":"ListItem","position":1,"name":"Inicio","item":"https:\/\/www.economicas.uba.ar\/ciudadesinteligentes\/"},{"@type":"ListItem","position":2,"name":"Publicaciones"}]},{"@type":"WebSite","@id":"https:\/\/www.economicas.uba.ar\/ciudadesinteligentes\/#website","url":"https:\/\/www.economicas.uba.ar\/ciudadesinteligentes\/","name":"Ciudades Inteligentes","description":"","publisher":{"@id":"https:\/\/www.economicas.uba.ar\/ciudadesinteligentes\/#organization"},"potentialAction":[{"@type":"SearchAction","target":{"@type":"EntryPoint","urlTemplate":"https:\/\/www.economicas.uba.ar\/ciudadesinteligentes\/?s={search_term_string}"},"query-input":{"@type":"PropertyValueSpecification","valueRequired":true,"valueName":"search_term_string"}}],"inLanguage":"es-AR"},{"@type":"Organization","@id":"https:\/\/www.economicas.uba.ar\/ciudadesinteligentes\/#organization","name":"Ciudades Inteligentes","url":"https:\/\/www.economicas.uba.ar\/ciudadesinteligentes\/","logo":{"@type":"ImageObject","inLanguage":"es-AR","@id":"https:\/\/www.economicas.uba.ar\/ciudadesinteligentes\/#\/schema\/logo\/image\/","url":"https:\/\/www.economicas.uba.ar\/ciudadesinteligentes\/wp-content\/uploads\/logo-1-1.png","contentUrl":"https:\/\/www.economicas.uba.ar\/ciudadesinteligentes\/wp-content\/uploads\/logo-1-1.png","width":350,"height":160,"caption":"Ciudades Inteligentes"},"image":{"@id":"https:\/\/www.economicas.uba.ar\/ciudadesinteligentes\/#\/schema\/logo\/image\/"}}]}},"_links":{"self":[{"href":"https:\/\/www.economicas.uba.ar\/ciudadesinteligentes\/wp-json\/wp\/v2\/pages\/1494","targetHints":{"allow":["GET"]}}],"collection":[{"href":"https:\/\/www.economicas.uba.ar\/ciudadesinteligentes\/wp-json\/wp\/v2\/pages"}],"about":[{"href":"https:\/\/www.economicas.uba.ar\/ciudadesinteligentes\/wp-json\/wp\/v2\/types\/page"}],"author":[{"embeddable":true,"href":"https:\/\/www.economicas.uba.ar\/ciudadesinteligentes\/wp-json\/wp\/v2\/users\/2"}],"replies":[{"embeddable":true,"href":"https:\/\/www.economicas.uba.ar\/ciudadesinteligentes\/wp-json\/wp\/v2\/comments?post=1494"}],"version-history":[{"count":23,"href":"https:\/\/www.economicas.uba.ar\/ciudadesinteligentes\/wp-json\/wp\/v2\/pages\/1494\/revisions"}],"predecessor-version":[{"id":1930,"href":"https:\/\/www.economicas.uba.ar\/ciudadesinteligentes\/wp-json\/wp\/v2\/pages\/1494\/revisions\/1930"}],"wp:attachment":[{"href":"https:\/\/www.economicas.uba.ar\/ciudadesinteligentes\/wp-json\/wp\/v2\/media?parent=1494"}],"curies":[{"name":"wp","href":"https:\/\/api.w.org\/{rel}","templated":true}]}}