{"id":41,"date":"2020-08-13T14:24:47","date_gmt":"2020-08-13T17:24:47","guid":{"rendered":"https:\/\/www.economicas.uba.ar\/ciudadesinteligentes\/?page_id=41"},"modified":"2026-03-05T12:30:02","modified_gmt":"2026-03-05T15:30:02","slug":"cepaf","status":"publish","type":"page","link":"https:\/\/www.economicas.uba.ar\/ciudadesinteligentes\/","title":{"rendered":"principal"},"content":{"rendered":"\t\t<div data-elementor-type=\"wp-page\" data-elementor-id=\"41\" class=\"elementor elementor-41\" data-elementor-post-type=\"page\">\n\t\t\t\t<div class=\"elementor-element elementor-element-8e4d2d9 e-con-full e-flex e-con e-parent\" data-id=\"8e4d2d9\" data-element_type=\"container\" data-e-type=\"container\" data-settings=\"{&quot;background_background&quot;:&quot;classic&quot;}\">\n\t\t<div class=\"elementor-element elementor-element-dd898cb e-flex e-con-boxed e-con e-child\" data-id=\"dd898cb\" data-element_type=\"container\" data-e-type=\"container\">\n\t\t\t\t\t<div class=\"e-con-inner\">\n\t\t\t\t<div class=\"elementor-element elementor-element-6c0bce4 elementor-widget elementor-widget-spacer\" data-id=\"6c0bce4\" data-element_type=\"widget\" data-e-type=\"widget\" data-widget_type=\"spacer.default\">\n\t\t\t\t<div class=\"elementor-widget-container\">\n\t\t\t\t\t\t\t<div class=\"elementor-spacer\">\n\t\t\t<div class=\"elementor-spacer-inner\"><\/div>\n\t\t<\/div>\n\t\t\t\t\t\t<\/div>\n\t\t\t\t<\/div>\n\t\t\t\t<div class=\"elementor-element elementor-element-daa02f9 elementor-widget elementor-widget-heading\" data-id=\"daa02f9\" data-element_type=\"widget\" data-e-type=\"widget\" data-widget_type=\"heading.default\">\n\t\t\t\t<div class=\"elementor-widget-container\">\n\t\t\t\t\t<h1 class=\"elementor-heading-title elementor-size-default\">V Congreso Internacional \nde Ciudades Inteligentes<\/h1>\t\t\t\t<\/div>\n\t\t\t\t<\/div>\n\t\t\t\t<div class=\"elementor-element elementor-element-b3f1236 elementor-widget elementor-widget-text-editor\" data-id=\"b3f1236\" data-element_type=\"widget\" data-e-type=\"widget\" data-widget_type=\"text-editor.default\">\n\t\t\t\t<div class=\"elementor-widget-container\">\n\t\t\t\t\t\t\t\t\t<h3 style=\"text-align: center;\"><span style=\"color: #000000;\">Ciudades + Humanas + Innovadoras + Sostenibles<\/span><\/h3><h4 style=\"text-align: center;\"><span style=\"color: #008000;\"><strong>SEPTIEMBRE | 2026<\/strong><\/span><\/h4><h4 style=\"text-align: center;\"><span style=\"color: #000000;\">\u00a1Los esperamos!<\/span><\/h4>\t\t\t\t\t\t\t\t<\/div>\n\t\t\t\t<\/div>\n\t\t\t\t<div class=\"elementor-element elementor-element-a614d33 elementor-align-center elementor-widget elementor-widget-button\" data-id=\"a614d33\" data-element_type=\"widget\" data-e-type=\"widget\" data-widget_type=\"button.default\">\n\t\t\t\t<div class=\"elementor-widget-container\">\n\t\t\t\t\t\t\t\t\t<div class=\"elementor-button-wrapper\">\n\t\t\t\t\t<a class=\"elementor-button elementor-button-link elementor-size-sm\" href=\"https:\/\/www.economicas.uba.ar\/ciudadesinteligentes\/iv-congreso-internacional-ciudades-inteligentes\/\">\n\t\t\t\t\t\t<span class=\"elementor-button-content-wrapper\">\n\t\t\t\t\t\t\t\t\t<span class=\"elementor-button-text\">M\u00e1s Informaci\u00f3n<\/span>\n\t\t\t\t\t<\/span>\n\t\t\t\t\t<\/a>\n\t\t\t\t<\/div>\n\t\t\t\t\t\t\t\t<\/div>\n\t\t\t\t<\/div>\n\t\t\t\t\t<\/div>\n\t\t\t\t<\/div>\n\t\t\t\t<\/div>\n\t\t<div class=\"elementor-element elementor-element-b498f22 e-con-full e-flex e-con e-parent\" data-id=\"b498f22\" data-element_type=\"container\" data-e-type=\"container\">\n\t\t\t\t<div class=\"elementor-element elementor-element-b9ecd64 elementor-widget elementor-widget-html\" data-id=\"b9ecd64\" data-element_type=\"widget\" data-e-type=\"widget\" data-widget_type=\"html.default\">\n\t\t\t\t<div class=\"elementor-widget-container\">\n\t\t\t\t\t<div class=\"line1\"><\/div>\r\n\r\n<style>\r\n.line1 {\r\n    width: 100%;\r\n    height: 10px;\r\n    background: repeating-linear-gradient(to right,\r\n        black 0%, black 12%, \r\n        white 12%, white 25%, \r\n        #009d4f 25%, #009d4f 38%,\r\n        #63b771 38%, #63b771 51%, \r\n        #532566 51%, #532566 64%, \r\n        #925ba0 64%, #925ba0 77%, \r\n        #9d6d14 77%, #9d6d14 90%, \r\n        #ff770c 90%, #ff770c 100%\r\n    );\r\n}\r\n<\/style>\r\n\t\t\t\t<\/div>\n\t\t\t\t<\/div>\n\t\t\t\t<\/div>\n\t\t<div class=\"elementor-element elementor-element-48322ac e-con-full e-flex elementor-invisible e-con e-parent\" data-id=\"48322ac\" data-element_type=\"container\" data-e-type=\"container\" data-settings=\"{&quot;background_background&quot;:&quot;classic&quot;,&quot;animation&quot;:&quot;slideInRight&quot;}\">\n\t\t<div class=\"elementor-element elementor-element-c1480de e-flex e-con-boxed e-con e-child\" data-id=\"c1480de\" data-element_type=\"container\" data-e-type=\"container\">\n\t\t\t\t\t<div class=\"e-con-inner\">\n\t\t\t\t<div class=\"elementor-element elementor-element-e6b604c elementor-widget elementor-widget-heading\" data-id=\"e6b604c\" data-element_type=\"widget\" data-e-type=\"widget\" data-widget_type=\"heading.default\">\n\t\t\t\t<div class=\"elementor-widget-container\">\n\t\t\t\t\t<h2 class=\"elementor-heading-title elementor-size-default\">La universidad al servicio de la sociedad: creando ciudades m\u00e1s inteligentes, sostenibles y humanas<\/h2>\t\t\t\t<\/div>\n\t\t\t\t<\/div>\n\t\t\t\t<div class=\"elementor-element elementor-element-c2a8a7c elementor-widget elementor-widget-text-editor\" data-id=\"c2a8a7c\" data-element_type=\"widget\" data-e-type=\"widget\" data-widget_type=\"text-editor.default\">\n\t\t\t\t<div class=\"elementor-widget-container\">\n\t\t\t\t\t\t\t\t\tEl Centro de Ciudades Inteligentes (CCI) es un centro t\u00e9cnico dependiente de la Facultad de Ciencias Econ\u00f3micas de la UBA centrado en la investigaci\u00f3n, asistencia y transferencia t\u00e9cnica para fomentar, facilitar, apoyar y participar en la implementaci\u00f3n efectiva de iniciativas Smart Cities. \t\t\t\t\t\t\t\t<\/div>\n\t\t\t\t<\/div>\n\t\t\t\t\t<\/div>\n\t\t\t\t<\/div>\n\t\t\t\t<\/div>\n\t\t<div class=\"elementor-element elementor-element-8eb338a e-con-full e-flex elementor-invisible e-con e-parent\" data-id=\"8eb338a\" data-element_type=\"container\" data-e-type=\"container\" data-settings=\"{&quot;background_background&quot;:&quot;classic&quot;,&quot;animation&quot;:&quot;slideInRight&quot;}\">\n\t\t<div class=\"elementor-element elementor-element-cf6eb51 e-flex e-con-boxed e-con e-child\" data-id=\"cf6eb51\" data-element_type=\"container\" data-e-type=\"container\">\n\t\t\t\t\t<div class=\"e-con-inner\">\n\t\t\t\t\t<\/div>\n\t\t\t\t<\/div>\n\t\t\t\t<\/div>\n\t\t<div class=\"elementor-element elementor-element-17c4d3b e-con-full e-flex e-con e-parent\" data-id=\"17c4d3b\" data-element_type=\"container\" data-e-type=\"container\" data-settings=\"{&quot;background_background&quot;:&quot;classic&quot;}\">\n\t\t<div class=\"elementor-element elementor-element-19b6a8f e-flex e-con-boxed e-con e-child\" data-id=\"19b6a8f\" data-element_type=\"container\" data-e-type=\"container\">\n\t\t\t\t\t<div class=\"e-con-inner\">\n\t\t\t\t\t<\/div>\n\t\t\t\t<\/div>\n\t\t\t\t<\/div>\n\t\t<div class=\"elementor-element elementor-element-30a8457 e-flex e-con-boxed e-con e-parent\" data-id=\"30a8457\" data-element_type=\"container\" data-e-type=\"container\">\n\t\t\t\t\t<div class=\"e-con-inner\">\n\t\t<div class=\"elementor-element elementor-element-4750da4 e-con-full e-flex e-con e-child\" data-id=\"4750da4\" data-element_type=\"container\" data-e-type=\"container\">\n\t\t\t\t<div class=\"elementor-element elementor-element-a9f3403 elementor-widget elementor-widget-html\" data-id=\"a9f3403\" data-element_type=\"widget\" data-e-type=\"widget\" data-widget_type=\"html.default\">\n\t\t\t\t<div class=\"elementor-widget-container\">\n\t\t\t\t\t<div class=\"line2\"><\/div>\r\n\r\n<style>\r\n.line2 {\r\n    width: 100%;\r\n    height: 10px;\r\n    background: repeating-linear-gradient(to right,\r\n        #009D4F 0%, #009D4F 49%,\r\n        WHITE 49%, WHITE 50%,\r\n      #63B771 50%, #63B771 100%\r\n       \r\n    );\r\n}\r\n<\/style>\r\n\t\t\t\t<\/div>\n\t\t\t\t<\/div>\n\t\t\t\t<\/div>\n\t\t<div class=\"elementor-element elementor-element-df4e55c e-con-full e-flex e-con e-child\" data-id=\"df4e55c\" data-element_type=\"container\" data-e-type=\"container\">\n\t\t<div class=\"elementor-element elementor-element-ea75a83 e-con-full e-flex e-con e-child\" data-id=\"ea75a83\" data-element_type=\"container\" data-e-type=\"container\">\n\t\t\t\t<div class=\"elementor-element elementor-element-417422f elementor-widget elementor-widget-heading\" data-id=\"417422f\" data-element_type=\"widget\" data-e-type=\"widget\" data-widget_type=\"heading.default\">\n\t\t\t\t<div class=\"elementor-widget-container\">\n\t\t\t\t\t<h2 class=\"elementor-heading-title elementor-size-default\">Acerca de nuestro Centro de Estudios<\/h2>\t\t\t\t<\/div>\n\t\t\t\t<\/div>\n\t\t\t\t<div class=\"elementor-element elementor-element-91691c2 elementor-widget elementor-widget-text-editor\" data-id=\"91691c2\" data-element_type=\"widget\" data-e-type=\"widget\" data-widget_type=\"text-editor.default\">\n\t\t\t\t<div class=\"elementor-widget-container\">\n\t\t\t\t\t\t\t\t\t<p>El Centro de Ciudades Inteligentes fue fundado en 2014 con el objetivo de promover el desarrollo sostenible y la innovaci\u00f3n en las ciudades del pa\u00eds y la regi\u00f3n. Desde su creaci\u00f3n, se ha trabajado en estrecha colaboraci\u00f3n con gobiernos locales, empresas y organizaciones de la sociedad civil para dise\u00f1ar e implementar soluciones innovadoras que aborden los desaf\u00edos urbanos m\u00e1s urgentes.<\/p><p>A lo largo de los a\u00f1os, hemos desarrollado un enfoque integral y multidisciplinario para abordar los desaf\u00edos de las ciudades, combinando la experiencia en tecnolog\u00eda, sostenibilidad, planificaci\u00f3n urbana y participaci\u00f3n ciudadana.<\/p><p><a href=\"https:\/\/www.economicas.uba.ar\/ciudadesinteligentes\/acerca-del-cci\/\" target=\"_blank\" rel=\"noopener\"><span style=\"color: #009d4f;\">&gt;&gt; Seguir leyendo &lt;&lt;<\/span><\/a><\/p>\t\t\t\t\t\t\t\t<\/div>\n\t\t\t\t<\/div>\n\t\t\t\t<\/div>\n\t\t<div class=\"elementor-element elementor-element-7dbb347 e-con-full e-flex e-con e-child\" data-id=\"7dbb347\" data-element_type=\"container\" data-e-type=\"container\">\n\t\t\t\t<div class=\"elementor-element elementor-element-f413fe0 elementor-widget elementor-widget-image\" data-id=\"f413fe0\" data-element_type=\"widget\" data-e-type=\"widget\" data-widget_type=\"image.default\">\n\t\t\t\t<div class=\"elementor-widget-container\">\n\t\t\t\t\t\t\t\t\t\t\t\t\t\t\t<img decoding=\"async\" src=\"https:\/\/www.economicas.uba.ar\/ciudadesinteligentes\/wp-content\/uploads\/elementor\/thumbs\/pexels-davincidelasfotos-28235675-scaled-r354wkncflhclbh0oqb5ao67bysu274dzdhwts0sg0.jpg\" title=\"ciduades inteligentes UBA\" alt=\"ciduades inteligentes UBA\" loading=\"lazy\" \/>\t\t\t\t\t\t\t\t\t\t\t\t\t\t\t<\/div>\n\t\t\t\t<\/div>\n\t\t\t\t<\/div>\n\t\t\t\t<\/div>\n\t\t\t\t\t<\/div>\n\t\t\t\t<\/div>\n\t\t\t\t<\/div>\n\t\t","protected":false},"excerpt":{"rendered":"<p>V Congreso Internacional de Ciudades Inteligentes Ciudades + Humanas + Innovadoras + Sostenibles SEPTIEMBRE | 2026 \u00a1Los esperamos! M\u00e1s Informaci\u00f3n La universidad al servicio de la sociedad: creando ciudades m\u00e1s<\/p>\n","protected":false},"author":2,"featured_media":0,"parent":0,"menu_order":0,"comment_status":"closed","ping_status":"closed","template":"elementor_header_footer","meta":{"footnotes":""},"class_list":["post-41","page","type-page","status-publish","hentry"],"yoast_head":"<!-- This site is optimized with the Yoast SEO plugin v27.4 - https:\/\/yoast.com\/product\/yoast-seo-wordpress\/ -->\n<title>Ciudades Inteligentes<\/title>\n<meta name=\"description\" content=\"El Centro de Ciudades Inteligentes (CCI) es un centro t\u00e9cnico dependiente de la Facultad de Ciencias Econ\u00f3micas de la UBA centrado en la investigaci\u00f3n, asistencia y transferencia t\u00e9cnica para fomentar, facilitar, apoyar y participar en la implementaci\u00f3n efectiva de iniciativas Smart Cities.\" \/>\n<meta name=\"robots\" content=\"noindex, follow, max-snippet:-1, max-image-preview:large, max-video-preview:-1\" \/>\n<meta property=\"og:locale\" content=\"es_ES\" \/>\n<meta property=\"og:type\" content=\"article\" \/>\n<meta property=\"og:title\" content=\"Ciudades Inteligentes\" \/>\n<meta property=\"og:description\" content=\"El Centro de Ciudades Inteligentes (CCI) es un centro t\u00e9cnico dependiente de la Facultad de Ciencias Econ\u00f3micas de la UBA centrado en la investigaci\u00f3n, asistencia y transferencia t\u00e9cnica para fomentar, facilitar, apoyar y participar en la implementaci\u00f3n efectiva de iniciativas Smart Cities.\" \/>\n<meta property=\"og:url\" content=\"https:\/\/www.economicas.uba.ar\/ciudadesinteligentes\/\" \/>\n<meta property=\"og:site_name\" content=\"Ciudades Inteligentes\" \/>\n<meta property=\"article:modified_time\" content=\"2026-03-05T15:30:02+00:00\" \/>\n<meta property=\"og:image\" content=\"https:\/\/www.economicas.uba.ar\/ciudadesinteligentes\/wp-content\/uploads\/elementor\/thumbs\/pexels-davincidelasfotos-28235675-scaled-r354wkncflhclbh0oqb5ao67bysu274dzdhwts0sg0.jpg\" \/>\n<meta name=\"twitter:card\" content=\"summary_large_image\" \/>\n<meta name=\"twitter:label1\" content=\"Tiempo de lectura\" \/>\n\t<meta name=\"twitter:data1\" content=\"1 minuto\" \/>\n<script type=\"application\/ld+json\" class=\"yoast-schema-graph\">{\"@context\":\"https:\\\/\\\/schema.org\",\"@graph\":[{\"@type\":\"WebPage\",\"@id\":\"https:\\\/\\\/www.economicas.uba.ar\\\/ciudadesinteligentes\\\/\",\"url\":\"https:\\\/\\\/www.economicas.uba.ar\\\/ciudadesinteligentes\\\/\",\"name\":\"Ciudades Inteligentes\",\"isPartOf\":{\"@id\":\"https:\\\/\\\/www.economicas.uba.ar\\\/ciudadesinteligentes\\\/#website\"},\"primaryImageOfPage\":{\"@id\":\"https:\\\/\\\/www.economicas.uba.ar\\\/ciudadesinteligentes\\\/#primaryimage\"},\"image\":{\"@id\":\"https:\\\/\\\/www.economicas.uba.ar\\\/ciudadesinteligentes\\\/#primaryimage\"},\"thumbnailUrl\":\"https:\\\/\\\/www.economicas.uba.ar\\\/ciudadesinteligentes\\\/wp-content\\\/uploads\\\/elementor\\\/thumbs\\\/pexels-davincidelasfotos-28235675-scaled-r354wkncflhclbh0oqb5ao67bysu274dzdhwts0sg0.jpg\",\"datePublished\":\"2020-08-13T17:24:47+00:00\",\"dateModified\":\"2026-03-05T15:30:02+00:00\",\"description\":\"El Centro de Ciudades Inteligentes (CCI) es un centro t\u00e9cnico dependiente de la Facultad de Ciencias Econ\u00f3micas de la UBA centrado en la investigaci\u00f3n, asistencia y transferencia t\u00e9cnica para fomentar, facilitar, apoyar y participar en la implementaci\u00f3n efectiva de iniciativas Smart Cities.\",\"breadcrumb\":{\"@id\":\"https:\\\/\\\/www.economicas.uba.ar\\\/ciudadesinteligentes\\\/#breadcrumb\"},\"inLanguage\":\"es-AR\",\"potentialAction\":[{\"@type\":\"ReadAction\",\"target\":[\"https:\\\/\\\/www.economicas.uba.ar\\\/ciudadesinteligentes\\\/\"]}]},{\"@type\":\"ImageObject\",\"inLanguage\":\"es-AR\",\"@id\":\"https:\\\/\\\/www.economicas.uba.ar\\\/ciudadesinteligentes\\\/#primaryimage\",\"url\":\"https:\\\/\\\/www.economicas.uba.ar\\\/ciudadesinteligentes\\\/wp-content\\\/uploads\\\/elementor\\\/thumbs\\\/pexels-davincidelasfotos-28235675-scaled-r354wkncflhclbh0oqb5ao67bysu274dzdhwts0sg0.jpg\",\"contentUrl\":\"https:\\\/\\\/www.economicas.uba.ar\\\/ciudadesinteligentes\\\/wp-content\\\/uploads\\\/elementor\\\/thumbs\\\/pexels-davincidelasfotos-28235675-scaled-r354wkncflhclbh0oqb5ao67bysu274dzdhwts0sg0.jpg\"},{\"@type\":\"BreadcrumbList\",\"@id\":\"https:\\\/\\\/www.economicas.uba.ar\\\/ciudadesinteligentes\\\/#breadcrumb\",\"itemListElement\":[{\"@type\":\"ListItem\",\"position\":1,\"name\":\"Inicio\",\"item\":\"https:\\\/\\\/www.economicas.uba.ar\\\/ciudadesinteligentes\\\/\"},{\"@type\":\"ListItem\",\"position\":2,\"name\":\"principal\"}]},{\"@type\":\"WebSite\",\"@id\":\"https:\\\/\\\/www.economicas.uba.ar\\\/ciudadesinteligentes\\\/#website\",\"url\":\"https:\\\/\\\/www.economicas.uba.ar\\\/ciudadesinteligentes\\\/\",\"name\":\"Ciudades Inteligentes\",\"description\":\"\",\"publisher\":{\"@id\":\"https:\\\/\\\/www.economicas.uba.ar\\\/ciudadesinteligentes\\\/#organization\"},\"potentialAction\":[{\"@type\":\"SearchAction\",\"target\":{\"@type\":\"EntryPoint\",\"urlTemplate\":\"https:\\\/\\\/www.economicas.uba.ar\\\/ciudadesinteligentes\\\/?s={search_term_string}\"},\"query-input\":{\"@type\":\"PropertyValueSpecification\",\"valueRequired\":true,\"valueName\":\"search_term_string\"}}],\"inLanguage\":\"es-AR\"},{\"@type\":\"Organization\",\"@id\":\"https:\\\/\\\/www.economicas.uba.ar\\\/ciudadesinteligentes\\\/#organization\",\"name\":\"Ciudades Inteligentes\",\"url\":\"https:\\\/\\\/www.economicas.uba.ar\\\/ciudadesinteligentes\\\/\",\"logo\":{\"@type\":\"ImageObject\",\"inLanguage\":\"es-AR\",\"@id\":\"https:\\\/\\\/www.economicas.uba.ar\\\/ciudadesinteligentes\\\/#\\\/schema\\\/logo\\\/image\\\/\",\"url\":\"https:\\\/\\\/www.economicas.uba.ar\\\/ciudadesinteligentes\\\/wp-content\\\/uploads\\\/logo-1-1.png\",\"contentUrl\":\"https:\\\/\\\/www.economicas.uba.ar\\\/ciudadesinteligentes\\\/wp-content\\\/uploads\\\/logo-1-1.png\",\"width\":350,\"height\":160,\"caption\":\"Ciudades Inteligentes\"},\"image\":{\"@id\":\"https:\\\/\\\/www.economicas.uba.ar\\\/ciudadesinteligentes\\\/#\\\/schema\\\/logo\\\/image\\\/\"}}]}<\/script>\n<!-- \/ Yoast SEO plugin. -->","yoast_head_json":{"title":"Ciudades Inteligentes","description":"El Centro de Ciudades Inteligentes (CCI) es un centro t\u00e9cnico dependiente de la Facultad de Ciencias Econ\u00f3micas de la UBA centrado en la investigaci\u00f3n, asistencia y transferencia t\u00e9cnica para fomentar, facilitar, apoyar y participar en la implementaci\u00f3n efectiva de iniciativas Smart Cities.","robots":{"index":"noindex","follow":"follow","max-snippet":"max-snippet:-1","max-image-preview":"max-image-preview:large","max-video-preview":"max-video-preview:-1"},"og_locale":"es_ES","og_type":"article","og_title":"Ciudades Inteligentes","og_description":"El Centro de Ciudades Inteligentes (CCI) es un centro t\u00e9cnico dependiente de la Facultad de Ciencias Econ\u00f3micas de la UBA centrado en la investigaci\u00f3n, asistencia y transferencia t\u00e9cnica para fomentar, facilitar, apoyar y participar en la implementaci\u00f3n efectiva de iniciativas Smart Cities.","og_url":"https:\/\/www.economicas.uba.ar\/ciudadesinteligentes\/","og_site_name":"Ciudades Inteligentes","article_modified_time":"2026-03-05T15:30:02+00:00","og_image":[{"url":"https:\/\/www.economicas.uba.ar\/ciudadesinteligentes\/wp-content\/uploads\/elementor\/thumbs\/pexels-davincidelasfotos-28235675-scaled-r354wkncflhclbh0oqb5ao67bysu274dzdhwts0sg0.jpg","type":"","width":"","height":""}],"twitter_card":"summary_large_image","twitter_misc":{"Tiempo de lectura":"1 minuto"},"schema":{"@context":"https:\/\/schema.org","@graph":[{"@type":"WebPage","@id":"https:\/\/www.economicas.uba.ar\/ciudadesinteligentes\/","url":"https:\/\/www.economicas.uba.ar\/ciudadesinteligentes\/","name":"Ciudades Inteligentes","isPartOf":{"@id":"https:\/\/www.economicas.uba.ar\/ciudadesinteligentes\/#website"},"primaryImageOfPage":{"@id":"https:\/\/www.economicas.uba.ar\/ciudadesinteligentes\/#primaryimage"},"image":{"@id":"https:\/\/www.economicas.uba.ar\/ciudadesinteligentes\/#primaryimage"},"thumbnailUrl":"https:\/\/www.economicas.uba.ar\/ciudadesinteligentes\/wp-content\/uploads\/elementor\/thumbs\/pexels-davincidelasfotos-28235675-scaled-r354wkncflhclbh0oqb5ao67bysu274dzdhwts0sg0.jpg","datePublished":"2020-08-13T17:24:47+00:00","dateModified":"2026-03-05T15:30:02+00:00","description":"El Centro de Ciudades Inteligentes (CCI) es un centro t\u00e9cnico dependiente de la Facultad de Ciencias Econ\u00f3micas de la UBA centrado en la investigaci\u00f3n, asistencia y transferencia t\u00e9cnica para fomentar, facilitar, apoyar y participar en la implementaci\u00f3n efectiva de iniciativas Smart Cities.","breadcrumb":{"@id":"https:\/\/www.economicas.uba.ar\/ciudadesinteligentes\/#breadcrumb"},"inLanguage":"es-AR","potentialAction":[{"@type":"ReadAction","target":["https:\/\/www.economicas.uba.ar\/ciudadesinteligentes\/"]}]},{"@type":"ImageObject","inLanguage":"es-AR","@id":"https:\/\/www.economicas.uba.ar\/ciudadesinteligentes\/#primaryimage","url":"https:\/\/www.economicas.uba.ar\/ciudadesinteligentes\/wp-content\/uploads\/elementor\/thumbs\/pexels-davincidelasfotos-28235675-scaled-r354wkncflhclbh0oqb5ao67bysu274dzdhwts0sg0.jpg","contentUrl":"https:\/\/www.economicas.uba.ar\/ciudadesinteligentes\/wp-content\/uploads\/elementor\/thumbs\/pexels-davincidelasfotos-28235675-scaled-r354wkncflhclbh0oqb5ao67bysu274dzdhwts0sg0.jpg"},{"@type":"BreadcrumbList","@id":"https:\/\/www.economicas.uba.ar\/ciudadesinteligentes\/#breadcrumb","itemListElement":[{"@type":"ListItem","position":1,"name":"Inicio","item":"https:\/\/www.economicas.uba.ar\/ciudadesinteligentes\/"},{"@type":"ListItem","position":2,"name":"principal"}]},{"@type":"WebSite","@id":"https:\/\/www.economicas.uba.ar\/ciudadesinteligentes\/#website","url":"https:\/\/www.economicas.uba.ar\/ciudadesinteligentes\/","name":"Ciudades Inteligentes","description":"","publisher":{"@id":"https:\/\/www.economicas.uba.ar\/ciudadesinteligentes\/#organization"},"potentialAction":[{"@type":"SearchAction","target":{"@type":"EntryPoint","urlTemplate":"https:\/\/www.economicas.uba.ar\/ciudadesinteligentes\/?s={search_term_string}"},"query-input":{"@type":"PropertyValueSpecification","valueRequired":true,"valueName":"search_term_string"}}],"inLanguage":"es-AR"},{"@type":"Organization","@id":"https:\/\/www.economicas.uba.ar\/ciudadesinteligentes\/#organization","name":"Ciudades Inteligentes","url":"https:\/\/www.economicas.uba.ar\/ciudadesinteligentes\/","logo":{"@type":"ImageObject","inLanguage":"es-AR","@id":"https:\/\/www.economicas.uba.ar\/ciudadesinteligentes\/#\/schema\/logo\/image\/","url":"https:\/\/www.economicas.uba.ar\/ciudadesinteligentes\/wp-content\/uploads\/logo-1-1.png","contentUrl":"https:\/\/www.economicas.uba.ar\/ciudadesinteligentes\/wp-content\/uploads\/logo-1-1.png","width":350,"height":160,"caption":"Ciudades Inteligentes"},"image":{"@id":"https:\/\/www.economicas.uba.ar\/ciudadesinteligentes\/#\/schema\/logo\/image\/"}}]}},"_links":{"self":[{"href":"https:\/\/www.economicas.uba.ar\/ciudadesinteligentes\/wp-json\/wp\/v2\/pages\/41","targetHints":{"allow":["GET"]}}],"collection":[{"href":"https:\/\/www.economicas.uba.ar\/ciudadesinteligentes\/wp-json\/wp\/v2\/pages"}],"about":[{"href":"https:\/\/www.economicas.uba.ar\/ciudadesinteligentes\/wp-json\/wp\/v2\/types\/page"}],"author":[{"embeddable":true,"href":"https:\/\/www.economicas.uba.ar\/ciudadesinteligentes\/wp-json\/wp\/v2\/users\/2"}],"replies":[{"embeddable":true,"href":"https:\/\/www.economicas.uba.ar\/ciudadesinteligentes\/wp-json\/wp\/v2\/comments?post=41"}],"version-history":[{"count":585,"href":"https:\/\/www.economicas.uba.ar\/ciudadesinteligentes\/wp-json\/wp\/v2\/pages\/41\/revisions"}],"predecessor-version":[{"id":2003,"href":"https:\/\/www.economicas.uba.ar\/ciudadesinteligentes\/wp-json\/wp\/v2\/pages\/41\/revisions\/2003"}],"wp:attachment":[{"href":"https:\/\/www.economicas.uba.ar\/ciudadesinteligentes\/wp-json\/wp\/v2\/media?parent=41"}],"curies":[{"name":"wp","href":"https:\/\/api.w.org\/{rel}","templated":true}]}}