{"id":2249,"date":"2024-09-24T12:36:08","date_gmt":"2024-09-24T15:36:08","guid":{"rendered":"https:\/\/www.economicas.uba.ar\/congresoecon\/?page_id=2249"},"modified":"2025-10-08T15:47:32","modified_gmt":"2025-10-08T18:47:32","slug":"econ2024","status":"publish","type":"page","link":"https:\/\/www.economicas.uba.ar\/congresoecon\/econ2024\/","title":{"rendered":"ECON2024"},"content":{"rendered":"\t\t<div data-elementor-type=\"wp-page\" data-elementor-id=\"2249\" class=\"elementor elementor-2249\" data-elementor-post-type=\"page\">\n\t\t\t\t<div class=\"elementor-element elementor-element-e5202dc e-flex e-con-boxed e-con e-parent\" data-id=\"e5202dc\" data-element_type=\"container\" data-settings=\"{&quot;background_background&quot;:&quot;classic&quot;}\">\n\t\t\t\t\t<div class=\"e-con-inner\">\n\t\t<div class=\"elementor-element elementor-element-9786ec7 e-con-full e-flex e-con e-child\" data-id=\"9786ec7\" data-element_type=\"container\">\n\t\t\t\t<div class=\"elementor-element elementor-element-51bcb27 elementor-widget elementor-widget-text-editor\" data-id=\"51bcb27\" data-element_type=\"widget\" data-widget_type=\"text-editor.default\">\n\t\t\t\t<div class=\"elementor-widget-container\">\n\t\t\t\t\t\t\t\t\t<h2 style=\"text-align: center;\">\u00a0ECON 2024<\/h2>\t\t\t\t\t\t\t\t<\/div>\n\t\t\t\t<\/div>\n\t\t\t\t<div class=\"elementor-element elementor-element-0e2c995 elementor-widget elementor-widget-image\" data-id=\"0e2c995\" data-element_type=\"widget\" data-widget_type=\"image.default\">\n\t\t\t\t<div class=\"elementor-widget-container\">\n\t\t\t\t\t\t\t\t\t\t\t\t\t\t\t<img decoding=\"async\" width=\"150\" height=\"150\" src=\"https:\/\/www.economicas.uba.ar\/congresoecon\/wp-content\/uploads\/Mesa-de-trabajo-2@2x-100-1-copia-150x150.png\" class=\"attachment-thumbnail size-thumbnail wp-image-2324\" alt=\"\" srcset=\"https:\/\/www.economicas.uba.ar\/congresoecon\/wp-content\/uploads\/Mesa-de-trabajo-2@2x-100-1-copia-150x150.png 150w, https:\/\/www.economicas.uba.ar\/congresoecon\/wp-content\/uploads\/Mesa-de-trabajo-2@2x-100-1-copia-300x300.png 300w, https:\/\/www.economicas.uba.ar\/congresoecon\/wp-content\/uploads\/Mesa-de-trabajo-2@2x-100-1-copia-768x768.png 768w, https:\/\/www.economicas.uba.ar\/congresoecon\/wp-content\/uploads\/Mesa-de-trabajo-2@2x-100-1-copia-1536x1536.png 1536w, https:\/\/www.economicas.uba.ar\/congresoecon\/wp-content\/uploads\/Mesa-de-trabajo-2@2x-100-1-copia-250x250.png 250w, https:\/\/www.economicas.uba.ar\/congresoecon\/wp-content\/uploads\/Mesa-de-trabajo-2@2x-100-1-copia-100x100.png 100w, https:\/\/www.economicas.uba.ar\/congresoecon\/wp-content\/uploads\/Mesa-de-trabajo-2@2x-100-1-copia.png 2001w\" sizes=\"(max-width: 150px) 100vw, 150px\" \/>\t\t\t\t\t\t\t\t\t\t\t\t\t\t\t<\/div>\n\t\t\t\t<\/div>\n\t\t\t\t<div class=\"elementor-element elementor-element-4c9159d elementor-nav-menu__text-align-aside elementor-nav-menu--toggle elementor-nav-menu--burger elementor-widget elementor-widget-nav-menu\" data-id=\"4c9159d\" data-element_type=\"widget\" data-settings=\"{&quot;layout&quot;:&quot;dropdown&quot;,&quot;submenu_icon&quot;:{&quot;value&quot;:&quot;&lt;i class=\\&quot;fas fa-caret-down\\&quot;&gt;&lt;\\\/i&gt;&quot;,&quot;library&quot;:&quot;fa-solid&quot;},&quot;toggle&quot;:&quot;burger&quot;}\" data-widget_type=\"nav-menu.default\">\n\t\t\t\t<div class=\"elementor-widget-container\">\n\t\t\t\t\t\t\t<div class=\"elementor-menu-toggle\" role=\"button\" tabindex=\"0\" aria-label=\"Menu Toggle\" aria-expanded=\"false\">\n\t\t\t<i aria-hidden=\"true\" role=\"presentation\" class=\"elementor-menu-toggle__icon--open eicon-menu-bar\"><\/i><i aria-hidden=\"true\" role=\"presentation\" class=\"elementor-menu-toggle__icon--close eicon-close\"><\/i>\t\t<\/div>\n\t\t\t\t\t<nav class=\"elementor-nav-menu--dropdown elementor-nav-menu__container\" aria-hidden=\"true\">\n\t\t\t\t<ul id=\"menu-2-4c9159d\" class=\"elementor-nav-menu\"><li class=\"menu-item menu-item-type-post_type menu-item-object-page menu-item-2311\"><a href=\"https:\/\/www.economicas.uba.ar\/congresoecon\/econ2024\/objetivos-2024\/\" class=\"elementor-item\" tabindex=\"-1\">OBJETIVOS<\/a><\/li>\n<li class=\"menu-item menu-item-type-custom menu-item-object-custom menu-item-has-children menu-item-2567\"><a href=\"#\" class=\"elementor-item elementor-item-anchor\" tabindex=\"-1\">PROGRAMA<\/a>\n<ul class=\"sub-menu elementor-nav-menu--dropdown\">\n\t<li class=\"menu-item menu-item-type-post_type menu-item-object-page menu-item-2566\"><a href=\"https:\/\/www.economicas.uba.ar\/congresoecon\/econ2024\/programa-2024\/lunes\/\" class=\"elementor-sub-item\" tabindex=\"-1\">lunes<\/a><\/li>\n\t<li class=\"menu-item menu-item-type-post_type menu-item-object-page menu-item-2565\"><a href=\"https:\/\/www.economicas.uba.ar\/congresoecon\/econ2024\/programa-2024\/martes\/\" class=\"elementor-sub-item\" tabindex=\"-1\">martes<\/a><\/li>\n\t<li class=\"menu-item menu-item-type-post_type menu-item-object-page menu-item-2564\"><a href=\"https:\/\/www.economicas.uba.ar\/congresoecon\/econ2024\/programa-2024\/miercoles\/\" class=\"elementor-sub-item\" tabindex=\"-1\">miercoles<\/a><\/li>\n<\/ul>\n<\/li>\n<li class=\"menu-item menu-item-type-post_type menu-item-object-page menu-item-2314\"><a href=\"https:\/\/www.economicas.uba.ar\/congresoecon\/econ2024\/autoridades-2024\/\" class=\"elementor-item\" tabindex=\"-1\">AUTORIDADES<\/a><\/li>\n<li class=\"menu-item menu-item-type-post_type menu-item-object-page menu-item-2310\"><a href=\"https:\/\/www.economicas.uba.ar\/congresoecon\/econ2024\/oferta-academica-2024\/\" class=\"elementor-item\" tabindex=\"-1\">OFERTA ACAD\u00c9MICA<\/a><\/li>\n<li class=\"menu-item menu-item-type-post_type menu-item-object-page menu-item-2313\"><a href=\"https:\/\/www.economicas.uba.ar\/congresoecon\/econ2024\/ediciones-anteriores-2024\/\" class=\"elementor-item\" tabindex=\"-1\">EDICIONES ANTERIORES<\/a><\/li>\n<li class=\"menu-item menu-item-type-post_type menu-item-object-page menu-item-2517\"><a href=\"https:\/\/www.economicas.uba.ar\/congresoecon\/econ2024\/feria-de-empleabilidad\/\" class=\"elementor-item\" tabindex=\"-1\">FERIA DE EMPLEABILIDAD<\/a><\/li>\n<\/ul>\t\t\t<\/nav>\n\t\t\t\t\t\t<\/div>\n\t\t\t\t<\/div>\n\t\t\t\t<\/div>\n\t\t\t\t\t<\/div>\n\t\t\t\t<\/div>\n\t\t<div class=\"elementor-element elementor-element-e262db7 e-con-full e-flex e-con e-parent\" data-id=\"e262db7\" data-element_type=\"container\">\n\t\t\t\t<div class=\"elementor-element elementor-element-a08f3bb elementor-widget elementor-widget-video\" data-id=\"a08f3bb\" data-element_type=\"widget\" data-settings=\"{&quot;video_type&quot;:&quot;hosted&quot;,&quot;autoplay&quot;:&quot;yes&quot;,&quot;play_on_mobile&quot;:&quot;yes&quot;,&quot;mute&quot;:&quot;yes&quot;,&quot;loop&quot;:&quot;yes&quot;,&quot;controls&quot;:&quot;yes&quot;}\" data-widget_type=\"video.default\">\n\t\t\t\t<div class=\"elementor-widget-container\">\n\t\t\t\t\t\t\t<div class=\"e-hosted-video elementor-wrapper elementor-open-inline\">\n\t\t\t\t\t<video class=\"elementor-video\" src=\"https:\/\/www.economicas.uba.ar\/congresoecon\/wp-content\/uploads\/WhatsApp-Video-2024-10-04-at-10.51.38-1.mp4\" autoplay=\"\" loop=\"\" controls=\"\" muted=\"muted\" playsinline=\"\" controlsList=\"nodownload\"><\/video>\n\t\t\t\t<\/div>\n\t\t\t\t\t\t<\/div>\n\t\t\t\t<\/div>\n\t\t\t\t<\/div>\n\t\t<div class=\"elementor-element elementor-element-40873d4 e-flex e-con-boxed e-con e-parent\" data-id=\"40873d4\" data-element_type=\"container\">\n\t\t\t\t\t<div class=\"e-con-inner\">\n\t\t<div class=\"elementor-element elementor-element-2a88321 e-con-full e-flex e-con e-child\" data-id=\"2a88321\" data-element_type=\"container\" data-settings=\"{&quot;background_background&quot;:&quot;classic&quot;}\">\n\t\t\t\t<div class=\"elementor-element elementor-element-7f8431c elementor-widget elementor-widget-text-editor\" data-id=\"7f8431c\" data-element_type=\"widget\" data-widget_type=\"text-editor.default\">\n\t\t\t\t<div class=\"elementor-widget-container\">\n\t\t\t\t\t\t\t\t\t<h2 style=\"text-align: center;\">BIENVENIDOS A LA ECON 2024<\/h2>\t\t\t\t\t\t\t\t<\/div>\n\t\t\t\t<\/div>\n\t\t\t\t<div class=\"elementor-element elementor-element-97d003d elementor-widget elementor-widget-text-editor\" data-id=\"97d003d\" data-element_type=\"widget\" data-widget_type=\"text-editor.default\">\n\t\t\t\t<div class=\"elementor-widget-container\">\n\t\t\t\t\t\t\t\t\t<p>La Facultad de Ciencias Econ\u00f3micas de la Universidad de Buenos Aires organiza el XVIII Congreso Internacional de Econom\u00eda y Gesti\u00f3n \u201cEcon 2024\u201d, un evento de 3 jornadas de duraci\u00f3n, que contar\u00e1 con diferentes secciones, debates y conferencias.<\/p><p>Esta propuesta integral tiene como misi\u00f3n constituir un foro para el tratamiento de la realidad econ\u00f3mica actual y su proyecci\u00f3n hacia el futuro, difundiendo las actividades acad\u00e9micas de todos sus niveles.<\/p><p>Esta nueva edici\u00f3n del Congreso se realizar\u00e1 mediante conferencias presenciales y virtuales.<\/p>\t\t\t\t\t\t\t\t<\/div>\n\t\t\t\t<\/div>\n\t\t<div class=\"elementor-element elementor-element-0be88b9 e-con-full e-flex e-con e-child\" data-id=\"0be88b9\" data-element_type=\"container\" id=\"organismos\">\n\t\t<div class=\"elementor-element elementor-element-0e1fe72 e-con-full e-flex e-con e-child\" data-id=\"0e1fe72\" data-element_type=\"container\">\n\t\t\t\t<div class=\"elementor-element elementor-element-825d6ad elementor-align-center elementor-widget elementor-widget-button\" data-id=\"825d6ad\" data-element_type=\"widget\" data-widget_type=\"button.default\">\n\t\t\t\t<div class=\"elementor-widget-container\">\n\t\t\t\t\t\t\t\t\t<div class=\"elementor-button-wrapper\">\n\t\t\t\t\t<a class=\"elementor-button elementor-button-link elementor-size-sm\" href=\"#\" target=\"_blank\">\n\t\t\t\t\t\t<span class=\"elementor-button-content-wrapper\">\n\t\t\t\t\t\t\t\t\t<span class=\"elementor-button-text\">INSCRIBITE GRATIS<\/span>\n\t\t\t\t\t<\/span>\n\t\t\t\t\t<\/a>\n\t\t\t\t<\/div>\n\t\t\t\t\t\t\t\t<\/div>\n\t\t\t\t<\/div>\n\t\t\t\t<div class=\"elementor-element elementor-element-08cd8b0 elementor-widget elementor-widget-image\" data-id=\"08cd8b0\" data-element_type=\"widget\" data-widget_type=\"image.default\">\n\t\t\t\t<div class=\"elementor-widget-container\">\n\t\t\t\t\t\t\t\t\t\t\t\t\t\t\t<img fetchpriority=\"high\" decoding=\"async\" width=\"2048\" height=\"529\" src=\"https:\/\/www.economicas.uba.ar\/congresoecon\/wp-content\/uploads\/Mesa-de-trabajo-4@2x-100-2-2048x529.jpg\" class=\"attachment-2048x2048 size-2048x2048 wp-image-2483\" alt=\"\" srcset=\"https:\/\/www.economicas.uba.ar\/congresoecon\/wp-content\/uploads\/Mesa-de-trabajo-4@2x-100-2-2048x529.jpg 2048w, https:\/\/www.economicas.uba.ar\/congresoecon\/wp-content\/uploads\/Mesa-de-trabajo-4@2x-100-2-300x77.jpg 300w, https:\/\/www.economicas.uba.ar\/congresoecon\/wp-content\/uploads\/Mesa-de-trabajo-4@2x-100-2-2024x522.jpg 2024w, https:\/\/www.economicas.uba.ar\/congresoecon\/wp-content\/uploads\/Mesa-de-trabajo-4@2x-100-2-768x198.jpg 768w, https:\/\/www.economicas.uba.ar\/congresoecon\/wp-content\/uploads\/Mesa-de-trabajo-4@2x-100-2-1536x396.jpg 1536w\" sizes=\"(max-width: 2048px) 100vw, 2048px\" \/>\t\t\t\t\t\t\t\t\t\t\t\t\t\t\t<\/div>\n\t\t\t\t<\/div>\n\t\t\t\t<div class=\"elementor-element elementor-element-c40b0a9 elementor-widget elementor-widget-image\" data-id=\"c40b0a9\" data-element_type=\"widget\" data-widget_type=\"image.default\">\n\t\t\t\t<div class=\"elementor-widget-container\">\n\t\t\t\t\t\t\t\t\t\t\t\t\t\t\t<img decoding=\"async\" width=\"2025\" height=\"1135\" src=\"https:\/\/www.economicas.uba.ar\/congresoecon\/wp-content\/uploads\/placa-logos.jpg\" class=\"attachment-2048x2048 size-2048x2048 wp-image-2638\" alt=\"\" srcset=\"https:\/\/www.economicas.uba.ar\/congresoecon\/wp-content\/uploads\/placa-logos.jpg 2025w, https:\/\/www.economicas.uba.ar\/congresoecon\/wp-content\/uploads\/placa-logos-300x168.jpg 300w, https:\/\/www.economicas.uba.ar\/congresoecon\/wp-content\/uploads\/placa-logos-768x430.jpg 768w, https:\/\/www.economicas.uba.ar\/congresoecon\/wp-content\/uploads\/placa-logos-1536x861.jpg 1536w\" sizes=\"(max-width: 2025px) 100vw, 2025px\" \/>\t\t\t\t\t\t\t\t\t\t\t\t\t\t\t<\/div>\n\t\t\t\t<\/div>\n\t\t\t\t<\/div>\n\t\t\t\t<\/div>\n\t\t\t\t<\/div>\n\t\t\t\t\t<\/div>\n\t\t\t\t<\/div>\n\t\t\t\t<\/div>\n\t\t","protected":false},"excerpt":{"rendered":"<p>\u00a0ECON 2024 https:\/\/www.economicas.uba.ar\/congresoecon\/wp-content\/uploads\/WhatsApp-Video-2024-10-04-at-10.51.38-1.mp4 BIENVENIDOS A LA ECON 2024 La Facultad de Ciencias Econ\u00f3micas de la Universidad de Buenos Aires organiza el XVIII Congreso Internacional de Econom\u00eda y Gesti\u00f3n \u201cEcon 2024\u201d,<\/p>\n","protected":false},"author":2,"featured_media":2271,"parent":0,"menu_order":0,"comment_status":"closed","ping_status":"closed","template":"elementor_header_footer","meta":{"footnotes":""},"class_list":["post-2249","page","type-page","status-publish","has-post-thumbnail","hentry"],"yoast_head":"<!-- This site is optimized with the Yoast SEO plugin v26.1.1 - https:\/\/yoast.com\/wordpress\/plugins\/seo\/ -->\n<title>ECON 2025<\/title>\n<meta name=\"description\" content=\"XVIII Congreso Internacional de Econom\u00eda y Gesti\u00f3n \u201cEcon 2024\u201d. Nuevo formato, los mismos objetivos de siempre\" \/>\n<meta name=\"robots\" content=\"index, follow, max-snippet:-1, max-image-preview:large, max-video-preview:-1\" \/>\n<link rel=\"canonical\" href=\"https:\/\/www.economicas.uba.ar\/congresoecon\/econ2024\/\" \/>\n<meta property=\"og:locale\" content=\"es_ES\" \/>\n<meta property=\"og:type\" content=\"article\" \/>\n<meta property=\"og:title\" content=\"ECON 2025\" \/>\n<meta property=\"og:description\" content=\"XVIII Congreso Internacional de Econom\u00eda y Gesti\u00f3n \u201cEcon 2024\u201d. Nuevo formato, los mismos objetivos de siempre\" \/>\n<meta property=\"og:url\" content=\"https:\/\/www.economicas.uba.ar\/congresoecon\/econ2024\/\" \/>\n<meta property=\"og:site_name\" content=\"ECON 2025\" \/>\n<meta property=\"article:modified_time\" content=\"2025-10-08T18:47:32+00:00\" \/>\n<meta property=\"og:image\" content=\"https:\/\/www.economicas.uba.ar\/congresoecon\/wp-content\/uploads\/cropped-Mesa-de-trabajo-2@2x-100-1-1.jpg\" \/>\n\t<meta property=\"og:image:width\" content=\"2001\" \/>\n\t<meta property=\"og:image:height\" content=\"1521\" \/>\n\t<meta property=\"og:image:type\" content=\"image\/jpeg\" \/>\n<meta name=\"twitter:card\" content=\"summary_large_image\" \/>\n<meta name=\"twitter:label1\" content=\"Tiempo de lectura\" \/>\n\t<meta name=\"twitter:data1\" content=\"2 minutos\" \/>\n<script type=\"application\/ld+json\" class=\"yoast-schema-graph\">{\"@context\":\"https:\/\/schema.org\",\"@graph\":[{\"@type\":\"WebPage\",\"@id\":\"https:\/\/www.economicas.uba.ar\/congresoecon\/econ2024\/\",\"url\":\"https:\/\/www.economicas.uba.ar\/congresoecon\/econ2024\/\",\"name\":\"ECON 2025\",\"isPartOf\":{\"@id\":\"https:\/\/www.economicas.uba.ar\/congresoecon\/#website\"},\"primaryImageOfPage\":{\"@id\":\"https:\/\/www.economicas.uba.ar\/congresoecon\/econ2024\/#primaryimage\"},\"image\":{\"@id\":\"https:\/\/www.economicas.uba.ar\/congresoecon\/econ2024\/#primaryimage\"},\"thumbnailUrl\":\"https:\/\/www.economicas.uba.ar\/congresoecon\/wp-content\/uploads\/cropped-Mesa-de-trabajo-2@2x-100-1-1.jpg\",\"datePublished\":\"2024-09-24T15:36:08+00:00\",\"dateModified\":\"2025-10-08T18:47:32+00:00\",\"description\":\"XVIII Congreso Internacional de Econom\u00eda y Gesti\u00f3n \u201cEcon 2024\u201d. Nuevo formato, los mismos objetivos de siempre\",\"breadcrumb\":{\"@id\":\"https:\/\/www.economicas.uba.ar\/congresoecon\/econ2024\/#breadcrumb\"},\"inLanguage\":\"es-AR\",\"potentialAction\":[{\"@type\":\"ReadAction\",\"target\":[\"https:\/\/www.economicas.uba.ar\/congresoecon\/econ2024\/\"]}]},{\"@type\":\"ImageObject\",\"inLanguage\":\"es-AR\",\"@id\":\"https:\/\/www.economicas.uba.ar\/congresoecon\/econ2024\/#primaryimage\",\"url\":\"https:\/\/www.economicas.uba.ar\/congresoecon\/wp-content\/uploads\/cropped-Mesa-de-trabajo-2@2x-100-1-1.jpg\",\"contentUrl\":\"https:\/\/www.economicas.uba.ar\/congresoecon\/wp-content\/uploads\/cropped-Mesa-de-trabajo-2@2x-100-1-1.jpg\",\"width\":2001,\"height\":1521},{\"@type\":\"BreadcrumbList\",\"@id\":\"https:\/\/www.economicas.uba.ar\/congresoecon\/econ2024\/#breadcrumb\",\"itemListElement\":[{\"@type\":\"ListItem\",\"position\":1,\"name\":\"Inicio\",\"item\":\"https:\/\/www.economicas.uba.ar\/congresoecon\/\"},{\"@type\":\"ListItem\",\"position\":2,\"name\":\"ECON2024\"}]},{\"@type\":\"WebSite\",\"@id\":\"https:\/\/www.economicas.uba.ar\/congresoecon\/#website\",\"url\":\"https:\/\/www.economicas.uba.ar\/congresoecon\/\",\"name\":\"ECON 2025\",\"description\":\"\",\"publisher\":{\"@id\":\"https:\/\/www.economicas.uba.ar\/congresoecon\/#organization\"},\"potentialAction\":[{\"@type\":\"SearchAction\",\"target\":{\"@type\":\"EntryPoint\",\"urlTemplate\":\"https:\/\/www.economicas.uba.ar\/congresoecon\/?s={search_term_string}\"},\"query-input\":{\"@type\":\"PropertyValueSpecification\",\"valueRequired\":true,\"valueName\":\"search_term_string\"}}],\"inLanguage\":\"es-AR\"},{\"@type\":\"Organization\",\"@id\":\"https:\/\/www.economicas.uba.ar\/congresoecon\/#organization\",\"name\":\"ECON 2021\",\"url\":\"https:\/\/www.economicas.uba.ar\/congresoecon\/\",\"logo\":{\"@type\":\"ImageObject\",\"inLanguage\":\"es-AR\",\"@id\":\"https:\/\/www.economicas.uba.ar\/congresoecon\/#\/schema\/logo\/image\/\",\"url\":\"https:\/\/www.economicas.uba.ar\/congresoecon\/wp-content\/uploads\/cropped-Mesa-de-trabajo-2@2x-100-1-1.jpg\",\"contentUrl\":\"https:\/\/www.economicas.uba.ar\/congresoecon\/wp-content\/uploads\/cropped-Mesa-de-trabajo-2@2x-100-1-1.jpg\",\"width\":2001,\"height\":1521,\"caption\":\"ECON 2021\"},\"image\":{\"@id\":\"https:\/\/www.economicas.uba.ar\/congresoecon\/#\/schema\/logo\/image\/\"},\"sameAs\":[\"https:\/\/www.youtube.com\/channel\/UCOPub_RS50NaJXWt2lcOGMQ\"]}]}<\/script>\n<!-- \/ Yoast SEO plugin. -->","yoast_head_json":{"title":"ECON 2025","description":"XVIII Congreso Internacional de Econom\u00eda y Gesti\u00f3n \u201cEcon 2024\u201d. Nuevo formato, los mismos objetivos de siempre","robots":{"index":"index","follow":"follow","max-snippet":"max-snippet:-1","max-image-preview":"max-image-preview:large","max-video-preview":"max-video-preview:-1"},"canonical":"https:\/\/www.economicas.uba.ar\/congresoecon\/econ2024\/","og_locale":"es_ES","og_type":"article","og_title":"ECON 2025","og_description":"XVIII Congreso Internacional de Econom\u00eda y Gesti\u00f3n \u201cEcon 2024\u201d. Nuevo formato, los mismos objetivos de siempre","og_url":"https:\/\/www.economicas.uba.ar\/congresoecon\/econ2024\/","og_site_name":"ECON 2025","article_modified_time":"2025-10-08T18:47:32+00:00","og_image":[{"width":2001,"height":1521,"url":"https:\/\/www.economicas.uba.ar\/congresoecon\/wp-content\/uploads\/cropped-Mesa-de-trabajo-2@2x-100-1-1.jpg","type":"image\/jpeg"}],"twitter_card":"summary_large_image","twitter_misc":{"Tiempo de lectura":"2 minutos"},"schema":{"@context":"https:\/\/schema.org","@graph":[{"@type":"WebPage","@id":"https:\/\/www.economicas.uba.ar\/congresoecon\/econ2024\/","url":"https:\/\/www.economicas.uba.ar\/congresoecon\/econ2024\/","name":"ECON 2025","isPartOf":{"@id":"https:\/\/www.economicas.uba.ar\/congresoecon\/#website"},"primaryImageOfPage":{"@id":"https:\/\/www.economicas.uba.ar\/congresoecon\/econ2024\/#primaryimage"},"image":{"@id":"https:\/\/www.economicas.uba.ar\/congresoecon\/econ2024\/#primaryimage"},"thumbnailUrl":"https:\/\/www.economicas.uba.ar\/congresoecon\/wp-content\/uploads\/cropped-Mesa-de-trabajo-2@2x-100-1-1.jpg","datePublished":"2024-09-24T15:36:08+00:00","dateModified":"2025-10-08T18:47:32+00:00","description":"XVIII Congreso Internacional de Econom\u00eda y Gesti\u00f3n \u201cEcon 2024\u201d. Nuevo formato, los mismos objetivos de siempre","breadcrumb":{"@id":"https:\/\/www.economicas.uba.ar\/congresoecon\/econ2024\/#breadcrumb"},"inLanguage":"es-AR","potentialAction":[{"@type":"ReadAction","target":["https:\/\/www.economicas.uba.ar\/congresoecon\/econ2024\/"]}]},{"@type":"ImageObject","inLanguage":"es-AR","@id":"https:\/\/www.economicas.uba.ar\/congresoecon\/econ2024\/#primaryimage","url":"https:\/\/www.economicas.uba.ar\/congresoecon\/wp-content\/uploads\/cropped-Mesa-de-trabajo-2@2x-100-1-1.jpg","contentUrl":"https:\/\/www.economicas.uba.ar\/congresoecon\/wp-content\/uploads\/cropped-Mesa-de-trabajo-2@2x-100-1-1.jpg","width":2001,"height":1521},{"@type":"BreadcrumbList","@id":"https:\/\/www.economicas.uba.ar\/congresoecon\/econ2024\/#breadcrumb","itemListElement":[{"@type":"ListItem","position":1,"name":"Inicio","item":"https:\/\/www.economicas.uba.ar\/congresoecon\/"},{"@type":"ListItem","position":2,"name":"ECON2024"}]},{"@type":"WebSite","@id":"https:\/\/www.economicas.uba.ar\/congresoecon\/#website","url":"https:\/\/www.economicas.uba.ar\/congresoecon\/","name":"ECON 2025","description":"","publisher":{"@id":"https:\/\/www.economicas.uba.ar\/congresoecon\/#organization"},"potentialAction":[{"@type":"SearchAction","target":{"@type":"EntryPoint","urlTemplate":"https:\/\/www.economicas.uba.ar\/congresoecon\/?s={search_term_string}"},"query-input":{"@type":"PropertyValueSpecification","valueRequired":true,"valueName":"search_term_string"}}],"inLanguage":"es-AR"},{"@type":"Organization","@id":"https:\/\/www.economicas.uba.ar\/congresoecon\/#organization","name":"ECON 2021","url":"https:\/\/www.economicas.uba.ar\/congresoecon\/","logo":{"@type":"ImageObject","inLanguage":"es-AR","@id":"https:\/\/www.economicas.uba.ar\/congresoecon\/#\/schema\/logo\/image\/","url":"https:\/\/www.economicas.uba.ar\/congresoecon\/wp-content\/uploads\/cropped-Mesa-de-trabajo-2@2x-100-1-1.jpg","contentUrl":"https:\/\/www.economicas.uba.ar\/congresoecon\/wp-content\/uploads\/cropped-Mesa-de-trabajo-2@2x-100-1-1.jpg","width":2001,"height":1521,"caption":"ECON 2021"},"image":{"@id":"https:\/\/www.economicas.uba.ar\/congresoecon\/#\/schema\/logo\/image\/"},"sameAs":["https:\/\/www.youtube.com\/channel\/UCOPub_RS50NaJXWt2lcOGMQ"]}]}},"_links":{"self":[{"href":"https:\/\/www.economicas.uba.ar\/congresoecon\/wp-json\/wp\/v2\/pages\/2249","targetHints":{"allow":["GET"]}}],"collection":[{"href":"https:\/\/www.economicas.uba.ar\/congresoecon\/wp-json\/wp\/v2\/pages"}],"about":[{"href":"https:\/\/www.economicas.uba.ar\/congresoecon\/wp-json\/wp\/v2\/types\/page"}],"author":[{"embeddable":true,"href":"https:\/\/www.economicas.uba.ar\/congresoecon\/wp-json\/wp\/v2\/users\/2"}],"replies":[{"embeddable":true,"href":"https:\/\/www.economicas.uba.ar\/congresoecon\/wp-json\/wp\/v2\/comments?post=2249"}],"version-history":[{"count":40,"href":"https:\/\/www.economicas.uba.ar\/congresoecon\/wp-json\/wp\/v2\/pages\/2249\/revisions"}],"predecessor-version":[{"id":2848,"href":"https:\/\/www.economicas.uba.ar\/congresoecon\/wp-json\/wp\/v2\/pages\/2249\/revisions\/2848"}],"wp:featuredmedia":[{"embeddable":true,"href":"https:\/\/www.economicas.uba.ar\/congresoecon\/wp-json\/wp\/v2\/media\/2271"}],"wp:attachment":[{"href":"https:\/\/www.economicas.uba.ar\/congresoecon\/wp-json\/wp\/v2\/media?parent=2249"}],"curies":[{"name":"wp","href":"https:\/\/api.w.org\/{rel}","templated":true}]}}