{"id":2852,"date":"2025-10-08T15:50:25","date_gmt":"2025-10-08T18:50:25","guid":{"rendered":"https:\/\/www.economicas.uba.ar\/congresoecon\/?page_id=2852"},"modified":"2025-10-18T14:26:09","modified_gmt":"2025-10-18T17:26:09","slug":"martes-21","status":"publish","type":"page","link":"https:\/\/www.economicas.uba.ar\/congresoecon\/econ2025\/programa-2025\/martes-21\/","title":{"rendered":"martes 21"},"content":{"rendered":"\t\t<div data-elementor-type=\"wp-page\" data-elementor-id=\"2852\" class=\"elementor elementor-2852\" data-elementor-post-type=\"page\">\n\t\t\t\t\t\t<section class=\"elementor-section elementor-top-section elementor-element elementor-element-71ed5892 elementor-section-boxed elementor-section-height-default elementor-section-height-default\" data-id=\"71ed5892\" data-element_type=\"section\">\n\t\t\t\t\t\t\t<div class=\"elementor-background-overlay\"><\/div>\n\t\t\t\t\t\t\t<div class=\"elementor-container elementor-column-gap-default\">\n\t\t\t\t\t<div class=\"elementor-column elementor-col-100 elementor-top-column elementor-element elementor-element-278d534\" data-id=\"278d534\" data-element_type=\"column\">\n\t\t\t<div class=\"elementor-widget-wrap elementor-element-populated\">\n\t\t\t\t\t\t<div class=\"elementor-element elementor-element-ab9364d elementor-widget elementor-widget-heading\" data-id=\"ab9364d\" data-element_type=\"widget\" data-widget_type=\"heading.default\">\n\t\t\t\t<div class=\"elementor-widget-container\">\n\t\t\t\t\t<h1 class=\"elementor-heading-title elementor-size-default\">PROGRAMA<\/h1>\t\t\t\t<\/div>\n\t\t\t\t<\/div>\n\t\t\t\t\t<\/div>\n\t\t<\/div>\n\t\t\t\t\t<\/div>\n\t\t<\/section>\n\t\t<div class=\"elementor-element elementor-element-926a52 e-flex e-con-boxed e-con e-parent\" data-id=\"926a52\" data-element_type=\"container\">\n\t\t\t\t\t<div class=\"e-con-inner\">\n\t\t<div class=\"elementor-element elementor-element-12c35e69 e-con-full e-flex e-con e-child\" data-id=\"12c35e69\" data-element_type=\"container\">\n\t\t\t\t<div class=\"elementor-element elementor-element-1335139e elementor-align-center elementor-widget elementor-widget-button\" data-id=\"1335139e\" data-element_type=\"widget\" data-widget_type=\"button.default\">\n\t\t\t\t<div class=\"elementor-widget-container\">\n\t\t\t\t\t\t\t\t\t<div class=\"elementor-button-wrapper\">\n\t\t\t\t\t<a class=\"elementor-button elementor-button-link elementor-size-sm elementor-animation-float\" href=\"\/congresoecon\/econ2025\/programa-2025\/lunes-20\/\">\n\t\t\t\t\t\t<span class=\"elementor-button-content-wrapper\">\n\t\t\t\t\t\t\t\t\t<span class=\"elementor-button-text\">Lunes 20\/10<\/span>\n\t\t\t\t\t<\/span>\n\t\t\t\t\t<\/a>\n\t\t\t\t<\/div>\n\t\t\t\t\t\t\t\t<\/div>\n\t\t\t\t<\/div>\n\t\t\t\t<div class=\"elementor-element elementor-element-573619ca elementor-align-center elementor-widget elementor-widget-button\" data-id=\"573619ca\" data-element_type=\"widget\" data-widget_type=\"button.default\">\n\t\t\t\t<div class=\"elementor-widget-container\">\n\t\t\t\t\t\t\t\t\t<div class=\"elementor-button-wrapper\">\n\t\t\t\t\t<a class=\"elementor-button elementor-button-link elementor-size-sm elementor-animation-float\" href=\"\/congresoecon\/econ2025\/programa-2025\/martes-21\/\">\n\t\t\t\t\t\t<span class=\"elementor-button-content-wrapper\">\n\t\t\t\t\t\t\t\t\t<span class=\"elementor-button-text\">Martes 21\/10<\/span>\n\t\t\t\t\t<\/span>\n\t\t\t\t\t<\/a>\n\t\t\t\t<\/div>\n\t\t\t\t\t\t\t\t<\/div>\n\t\t\t\t<\/div>\n\t\t\t\t<div class=\"elementor-element elementor-element-45e276a8 elementor-align-center elementor-widget elementor-widget-button\" data-id=\"45e276a8\" data-element_type=\"widget\" data-widget_type=\"button.default\">\n\t\t\t\t<div class=\"elementor-widget-container\">\n\t\t\t\t\t\t\t\t\t<div class=\"elementor-button-wrapper\">\n\t\t\t\t\t<a class=\"elementor-button elementor-button-link elementor-size-sm elementor-animation-float\" href=\"\/congresoecon\/econ2025\/programa-2025\/miercoles-22\/\">\n\t\t\t\t\t\t<span class=\"elementor-button-content-wrapper\">\n\t\t\t\t\t\t\t\t\t<span class=\"elementor-button-text\">Miercoles 22\/10<\/span>\n\t\t\t\t\t<\/span>\n\t\t\t\t\t<\/a>\n\t\t\t\t<\/div>\n\t\t\t\t\t\t\t\t<\/div>\n\t\t\t\t<\/div>\n\t\t\t\t<\/div>\n\t\t\t\t\t<\/div>\n\t\t\t\t<\/div>\n\t\t<div class=\"elementor-element elementor-element-dd52f7d e-flex e-con-boxed e-con e-parent\" data-id=\"dd52f7d\" data-element_type=\"container\">\n\t\t\t\t\t<div class=\"e-con-inner\">\n\t\t<div class=\"elementor-element elementor-element-72dc67c e-con-full e-flex e-con e-child\" data-id=\"72dc67c\" data-element_type=\"container\">\n\t\t\t\t<div class=\"elementor-element elementor-element-76f82ac elementor-widget elementor-widget-heading\" data-id=\"76f82ac\" data-element_type=\"widget\" data-widget_type=\"heading.default\">\n\t\t\t\t<div class=\"elementor-widget-container\">\n\t\t\t\t\t<h2 class=\"elementor-heading-title elementor-size-default\">Martes 21<\/h2>\t\t\t\t<\/div>\n\t\t\t\t<\/div>\n\t\t\t\t<div class=\"elementor-element elementor-element-fc001a5 elementor-widget elementor-widget-heading\" data-id=\"fc001a5\" data-element_type=\"widget\" data-widget_type=\"heading.default\">\n\t\t\t\t<div class=\"elementor-widget-container\">\n\t\t\t\t\t<h2 class=\"elementor-heading-title elementor-size-default\">CHARLAS PRESENCIALES | Sal\u00f3n de Actos Edificio Anexo <\/h2>\t\t\t\t<\/div>\n\t\t\t\t<\/div>\n\t\t\t\t<div class=\"elementor-element elementor-element-f87c9f6 elementor-widget elementor-widget-text-editor\" data-id=\"f87c9f6\" data-element_type=\"widget\" data-widget_type=\"text-editor.default\">\n\t\t\t\t<div class=\"elementor-widget-container\">\n\t\t\t\t\t\t\t\t\t<p><strong>15 a 19 Hs.<\/strong> <span style=\"color: #ff9900;\">Cl\u00ednica de Empleabilidad<\/span><\/p><p><strong>19 Hs.<\/strong> <span style=\"color: #ff9900;\">\u00bfQu\u00e9 est\u00e1 pasando con el mundo del trabajo?<\/span><\/p><p>Entrevista a Patricia Jebsen (Influencer corporativa empleabilidad, liderazgo).<\/p><p>Entrevistador: Marcelo Di Stefano (Profesor UBA Econ\u00f3micas).<\/p><p><strong>20 Hs.<\/strong> <span style=\"color: #ff9900;\">Ir a tu pr\u00f3ximo Nivel<\/span><\/p><p>Ingrid Rivera (CEO &amp; Founder de Inspiraci\u00f3n y Resultados).<\/p>\t\t\t\t\t\t\t\t<\/div>\n\t\t\t\t<\/div>\n\t\t\t\t<div class=\"elementor-element elementor-element-a7f133e elementor-align-center elementor-widget elementor-widget-button\" data-id=\"a7f133e\" data-element_type=\"widget\" data-widget_type=\"button.default\">\n\t\t\t\t<div class=\"elementor-widget-container\">\n\t\t\t\t\t\t\t\t\t<div class=\"elementor-button-wrapper\">\n\t\t\t\t\t<a class=\"elementor-button elementor-button-link elementor-size-sm\" href=\"https:\/\/mi.econ.uba.ar\/congreso.php\" target=\"_blank\">\n\t\t\t\t\t\t<span class=\"elementor-button-content-wrapper\">\n\t\t\t\t\t\t\t\t\t<span class=\"elementor-button-text\">INSCRIBITE <\/span>\n\t\t\t\t\t<\/span>\n\t\t\t\t\t<\/a>\n\t\t\t\t<\/div>\n\t\t\t\t\t\t\t\t<\/div>\n\t\t\t\t<\/div>\n\t\t\t\t<div class=\"elementor-element elementor-element-a03e5fa elementor-widget elementor-widget-heading\" data-id=\"a03e5fa\" data-element_type=\"widget\" data-widget_type=\"heading.default\">\n\t\t\t\t<div class=\"elementor-widget-container\">\n\t\t\t\t\t<h2 class=\"elementor-heading-title elementor-size-default\">CHARLAS VIRTUALES<\/h2>\t\t\t\t<\/div>\n\t\t\t\t<\/div>\n\t\t\t\t<div class=\"elementor-element elementor-element-995cc73 elementor-widget elementor-widget-text-editor\" data-id=\"995cc73\" data-element_type=\"widget\" data-widget_type=\"text-editor.default\">\n\t\t\t\t<div class=\"elementor-widget-container\">\n\t\t\t\t\t\t\t\t\t<p data-start=\"1400\" data-end=\"1547\"><strong>9 hs. | <\/strong><span style=\"color: #ff6600;\">Desaf\u00edos del control en la gesti\u00f3n gubernamental <\/span><\/p><ul><li data-start=\"1400\" data-end=\"1547\">Gabriela Russo<\/li><li data-start=\"1400\" data-end=\"1547\">Gustavo Montanini<\/li><li data-start=\"1400\" data-end=\"1547\">Luis Cowes<\/li><\/ul><p data-start=\"1400\" data-end=\"1547\"><br data-start=\"1518\" data-end=\"1521\" \/>Departamento: Contabilidad<\/p><p><iframe title=\"#08 Desaf\u00edos del control en la gesti\u00f3n gubernamental - Econ\u00f3micas UBA\" width=\"640\" height=\"360\" src=\"https:\/\/www.youtube.com\/embed\/GnIXyqQNB-M?feature=oembed\" frameborder=\"0\" allow=\"accelerometer; autoplay; clipboard-write; encrypted-media; gyroscope; picture-in-picture; web-share\" referrerpolicy=\"strict-origin-when-cross-origin\" allowfullscreen><\/iframe><\/p><p data-start=\"1549\" data-end=\"1643\"><strong>10 hs. | <\/strong><span style=\"color: #ff6600;\">Negociaciones extremas<\/span><\/p><ul><li data-start=\"1549\" data-end=\"1643\">Juan Ordeix<\/li><\/ul><p data-start=\"1549\" data-end=\"1643\">Departamento: Administraci\u00f3n<\/p><p><iframe title=\"#05 Negociaciones extremas - Econ\u00f3micas UBA\" width=\"640\" height=\"360\" src=\"https:\/\/www.youtube.com\/embed\/79ZfCOFQEj0?feature=oembed\" frameborder=\"0\" allow=\"accelerometer; autoplay; clipboard-write; encrypted-media; gyroscope; picture-in-picture; web-share\" referrerpolicy=\"strict-origin-when-cross-origin\" allowfullscreen><\/iframe><\/p><p>\u00a0<\/p><p data-start=\"1645\" data-end=\"1782\"><strong>11 hs. | <\/strong><span style=\"color: #ff6600;\">Reflexi\u00f3n sobre las organizaciones desde la perspectiva de g\u00e9nero<\/span><\/p><ul><li data-start=\"1645\" data-end=\"1782\">Gimena Lorenzi<\/li><\/ul><p data-start=\"1645\" data-end=\"1782\"><br data-start=\"1754\" data-end=\"1757\" \/><em>Departamento: Humanidades<\/em><\/p><p><iframe title=\"#09 Reflexi\u00f3n sobre las organizaciones desde la perspectiva de g\u00e9nero - Econ\u00f3micas UBA\" width=\"640\" height=\"360\" src=\"https:\/\/www.youtube.com\/embed\/dnQmC7oNtJg?feature=oembed\" frameborder=\"0\" allow=\"accelerometer; autoplay; clipboard-write; encrypted-media; gyroscope; picture-in-picture; web-share\" referrerpolicy=\"strict-origin-when-cross-origin\" allowfullscreen><\/iframe><\/p><p>\u00a0<\/p><p data-start=\"1784\" data-end=\"1921\"><strong>12 hs. | <\/strong><span style=\"color: #ff6600;\">La computaci\u00f3n en la nube como motor de agilidad empresarial<\/span><\/p><ul><li data-start=\"1784\" data-end=\"1921\">Anibal Mazza Fraquelli<\/li><\/ul><p data-start=\"1784\" data-end=\"1921\"><em>Departamento: Sistemas<\/em><\/p><p><iframe title=\"#15 La computaci\u00f3n en la nube como motor de agilidad empresarial - Econ\u00f3micas UBA\" width=\"640\" height=\"360\" src=\"https:\/\/www.youtube.com\/embed\/OMNb3LY-Bao?feature=oembed\" frameborder=\"0\" allow=\"accelerometer; autoplay; clipboard-write; encrypted-media; gyroscope; picture-in-picture; web-share\" referrerpolicy=\"strict-origin-when-cross-origin\" allowfullscreen><\/iframe><\/p><p>\u00a0<\/p><p data-start=\"1923\" data-end=\"2087\"><strong>14 hs. | <\/strong><span style=\"color: #ff6600;\">El Contador P\u00fablico como asesor integral<\/span><\/p><ul><li data-start=\"1923\" data-end=\"2087\">Jorge P\u00e9rez<\/li><li data-start=\"1923\" data-end=\"2087\">Mauro Ferreiro<\/li><li data-start=\"1923\" data-end=\"2087\">Santiago Cholakain<\/li><\/ul><p data-start=\"1923\" data-end=\"2087\"><em>Departamento: Contabilidad<\/em><\/p><p><iframe title=\"#04 El Contador P\u00fablico como asesor integral - Econ\u00f3micas UBA\" width=\"640\" height=\"360\" src=\"https:\/\/www.youtube.com\/embed\/UiQq03u2cWU?feature=oembed\" frameborder=\"0\" allow=\"accelerometer; autoplay; clipboard-write; encrypted-media; gyroscope; picture-in-picture; web-share\" referrerpolicy=\"strict-origin-when-cross-origin\" allowfullscreen><\/iframe><\/p><p>\u00a0<\/p><p data-start=\"1923\" data-end=\"2087\"><strong>15 hs. | <\/strong><span style=\"color: #ff6600;\">Impuesto sobre los ingresos brutos en billeteras virtuales. Un r\u00e9gimen m\u00e1s de pago a cuenta.<\/span><\/p><ul><li data-start=\"1923\" data-end=\"2087\">Leonel Zanotto<\/li><\/ul><p data-start=\"1923\" data-end=\"2087\"><em>Departamento: Tributaci\u00f3n<\/em><\/p><p><iframe title=\"#21 Impuesto sobre los ingresos brutos en billteras virtuales - Econ\u00f3micas UBA\" width=\"640\" height=\"360\" src=\"https:\/\/www.youtube.com\/embed\/k_ct75SE7wA?feature=oembed\" frameborder=\"0\" allow=\"accelerometer; autoplay; clipboard-write; encrypted-media; gyroscope; picture-in-picture; web-share\" referrerpolicy=\"strict-origin-when-cross-origin\" allowfullscreen><\/iframe><\/p><p>\u00a0<\/p><p data-start=\"2089\" data-end=\"2338\"><strong>16 hs. | <\/strong><span style=\"color: #ff6600;\">Las nuevas normas en Argentina para la preparaci\u00f3n y aseguramiento de informaci\u00f3n sobre sostenibilidad<\/span><\/p><ul><li data-start=\"2089\" data-end=\"2338\">Ana Mar\u00eda Campo<\/li><li data-start=\"2089\" data-end=\"2338\">Mar\u00eda del Carmen<\/li><li data-start=\"2089\" data-end=\"2338\">Rodr\u00edguez de Ram\u00edrez<\/li><li data-start=\"2089\" data-end=\"2338\">Miguel Marcelo Canetti<\/li><li data-start=\"2089\" data-end=\"2338\">y otros<\/li><\/ul><p data-start=\"2089\" data-end=\"2338\"><em>Departamento: Contabilidad<\/em><\/p><p><iframe title=\"#23 Las nuevas normas en Argentina - Econ\u00f3micas UBA\" width=\"640\" height=\"360\" src=\"https:\/\/www.youtube.com\/embed\/E20TqZeLMvg?feature=oembed\" frameborder=\"0\" allow=\"accelerometer; autoplay; clipboard-write; encrypted-media; gyroscope; picture-in-picture; web-share\" referrerpolicy=\"strict-origin-when-cross-origin\" allowfullscreen><\/iframe><\/p><p>\u00a0<\/p>\t\t\t\t\t\t\t\t<\/div>\n\t\t\t\t<\/div>\n\t\t\t\t<\/div>\n\t\t\t\t\t<\/div>\n\t\t\t\t<\/div>\n\t\t<div class=\"elementor-element elementor-element-1b8db81 elementor-hidden-tablet elementor-hidden-mobile e-flex e-con-boxed e-con e-parent\" data-id=\"1b8db81\" data-element_type=\"container\">\n\t\t\t\t\t<div class=\"e-con-inner\">\n\t\t<div class=\"elementor-element elementor-element-66b54b2 elementor-hidden-desktop elementor-hidden-tablet elementor-hidden-mobile e-flex e-con-boxed e-con e-child\" data-id=\"66b54b2\" data-element_type=\"container\">\n\t\t\t\t\t<div class=\"e-con-inner\">\n\t\t<div class=\"elementor-element elementor-element-63f1e3d e-con-full e-flex e-con e-child\" data-id=\"63f1e3d\" data-element_type=\"container\">\n\t\t\t\t<div class=\"elementor-element elementor-element-1867b04 elementor-view-default elementor-widget elementor-widget-icon\" data-id=\"1867b04\" data-element_type=\"widget\" data-widget_type=\"icon.default\">\n\t\t\t\t<div class=\"elementor-widget-container\">\n\t\t\t\t\t\t\t<div class=\"elementor-icon-wrapper\">\n\t\t\t<div class=\"elementor-icon\">\n\t\t\t<i aria-hidden=\"true\" class=\"fas fa-exclamation-triangle\"><\/i>\t\t\t<\/div>\n\t\t<\/div>\n\t\t\t\t\t\t<\/div>\n\t\t\t\t<\/div>\n\t\t\t\t<\/div>\n\t\t<div class=\"elementor-element elementor-element-7dd340a e-flex e-con-boxed e-con e-child\" data-id=\"7dd340a\" data-element_type=\"container\">\n\t\t\t\t\t<div class=\"e-con-inner\">\n\t\t\t\t<div class=\"elementor-element elementor-element-285966c elementor-widget elementor-widget-heading\" data-id=\"285966c\" data-element_type=\"widget\" data-widget_type=\"heading.default\">\n\t\t\t\t<div class=\"elementor-widget-container\">\n\t\t\t\t\t<h2 class=\"elementor-heading-title elementor-size-default\">En construcci\u00f3n...<\/h2>\t\t\t\t<\/div>\n\t\t\t\t<\/div>\n\t\t\t\t\t<\/div>\n\t\t\t\t<\/div>\n\t\t\t\t\t<\/div>\n\t\t\t\t<\/div>\n\t\t\t\t<div class=\"elementor-element elementor-element-4f5984a elementor-widget-divider--view-line elementor-widget elementor-widget-divider\" data-id=\"4f5984a\" data-element_type=\"widget\" data-widget_type=\"divider.default\">\n\t\t\t\t<div class=\"elementor-widget-container\">\n\t\t\t\t\t\t\t<div class=\"elementor-divider\">\n\t\t\t<span class=\"elementor-divider-separator\">\n\t\t\t\t\t\t<\/span>\n\t\t<\/div>\n\t\t\t\t\t\t<\/div>\n\t\t\t\t<\/div>\n\t\t\t\t\t<\/div>\n\t\t\t\t<\/div>\n\t\t\t\t<\/div>\n\t\t","protected":false},"excerpt":{"rendered":"<p>PROGRAMA Lunes 20\/10 Martes 21\/10 Miercoles 22\/10 Martes 21 CHARLAS PRESENCIALES | Sal\u00f3n de Actos Edificio Anexo 15 a 19 Hs. Cl\u00ednica de Empleabilidad 19 Hs. \u00bfQu\u00e9 est\u00e1 pasando con<\/p>\n","protected":false},"author":2,"featured_media":2065,"parent":2791,"menu_order":0,"comment_status":"closed","ping_status":"closed","template":"elementor_header_footer","meta":{"footnotes":""},"class_list":["post-2852","page","type-page","status-publish","has-post-thumbnail","hentry"],"yoast_head":"<!-- This site is optimized with the Yoast SEO plugin v26.1.1 - https:\/\/yoast.com\/wordpress\/plugins\/seo\/ -->\n<title>martes 21 - ECON 2025<\/title>\n<meta name=\"robots\" content=\"index, follow, max-snippet:-1, max-image-preview:large, max-video-preview:-1\" \/>\n<link rel=\"canonical\" href=\"https:\/\/www.economicas.uba.ar\/congresoecon\/econ2025\/programa-2025\/martes-21\/\" \/>\n<meta property=\"og:locale\" content=\"es_ES\" \/>\n<meta property=\"og:type\" content=\"article\" \/>\n<meta property=\"og:title\" content=\"martes 21 - ECON 2025\" \/>\n<meta property=\"og:description\" content=\"PROGRAMA Lunes 20\/10 Martes 21\/10 Miercoles 22\/10 Martes 21 CHARLAS PRESENCIALES | Sal\u00f3n de Actos Edificio Anexo 15 a 19 Hs. Cl\u00ednica de Empleabilidad 19 Hs. \u00bfQu\u00e9 est\u00e1 pasando con\" \/>\n<meta property=\"og:url\" content=\"https:\/\/www.economicas.uba.ar\/congresoecon\/econ2025\/programa-2025\/martes-21\/\" \/>\n<meta property=\"og:site_name\" content=\"ECON 2025\" \/>\n<meta property=\"article:modified_time\" content=\"2025-10-18T17:26:09+00:00\" \/>\n<meta property=\"og:image\" content=\"https:\/\/www.economicas.uba.ar\/congresoecon\/wp-content\/uploads\/econ2023logo.png\" \/>\n\t<meta property=\"og:image:width\" content=\"1000\" \/>\n\t<meta property=\"og:image:height\" content=\"1000\" \/>\n\t<meta property=\"og:image:type\" content=\"image\/png\" \/>\n<meta name=\"twitter:card\" content=\"summary_large_image\" \/>\n<meta name=\"twitter:label1\" content=\"Tiempo de lectura\" \/>\n\t<meta name=\"twitter:data1\" content=\"2 minutos\" \/>\n<script type=\"application\/ld+json\" class=\"yoast-schema-graph\">{\"@context\":\"https:\/\/schema.org\",\"@graph\":[{\"@type\":\"WebPage\",\"@id\":\"https:\/\/www.economicas.uba.ar\/congresoecon\/econ2025\/programa-2025\/martes-21\/\",\"url\":\"https:\/\/www.economicas.uba.ar\/congresoecon\/econ2025\/programa-2025\/martes-21\/\",\"name\":\"martes 21 - ECON 2025\",\"isPartOf\":{\"@id\":\"https:\/\/www.economicas.uba.ar\/congresoecon\/#website\"},\"primaryImageOfPage\":{\"@id\":\"https:\/\/www.economicas.uba.ar\/congresoecon\/econ2025\/programa-2025\/martes-21\/#primaryimage\"},\"image\":{\"@id\":\"https:\/\/www.economicas.uba.ar\/congresoecon\/econ2025\/programa-2025\/martes-21\/#primaryimage\"},\"thumbnailUrl\":\"https:\/\/www.economicas.uba.ar\/congresoecon\/wp-content\/uploads\/econ2023logo.png\",\"datePublished\":\"2025-10-08T18:50:25+00:00\",\"dateModified\":\"2025-10-18T17:26:09+00:00\",\"breadcrumb\":{\"@id\":\"https:\/\/www.economicas.uba.ar\/congresoecon\/econ2025\/programa-2025\/martes-21\/#breadcrumb\"},\"inLanguage\":\"es-AR\",\"potentialAction\":[{\"@type\":\"ReadAction\",\"target\":[\"https:\/\/www.economicas.uba.ar\/congresoecon\/econ2025\/programa-2025\/martes-21\/\"]}]},{\"@type\":\"ImageObject\",\"inLanguage\":\"es-AR\",\"@id\":\"https:\/\/www.economicas.uba.ar\/congresoecon\/econ2025\/programa-2025\/martes-21\/#primaryimage\",\"url\":\"https:\/\/www.economicas.uba.ar\/congresoecon\/wp-content\/uploads\/econ2023logo.png\",\"contentUrl\":\"https:\/\/www.economicas.uba.ar\/congresoecon\/wp-content\/uploads\/econ2023logo.png\",\"width\":1000,\"height\":1000},{\"@type\":\"BreadcrumbList\",\"@id\":\"https:\/\/www.economicas.uba.ar\/congresoecon\/econ2025\/programa-2025\/martes-21\/#breadcrumb\",\"itemListElement\":[{\"@type\":\"ListItem\",\"position\":1,\"name\":\"Inicio\",\"item\":\"https:\/\/www.economicas.uba.ar\/congresoecon\/\"},{\"@type\":\"ListItem\",\"position\":2,\"name\":\"ECON2025\",\"item\":\"https:\/\/www.economicas.uba.ar\/congresoecon\/\"},{\"@type\":\"ListItem\",\"position\":3,\"name\":\"PROGRAMA 2025\",\"item\":\"https:\/\/www.economicas.uba.ar\/congresoecon\/econ2025\/programa-2025\/\"},{\"@type\":\"ListItem\",\"position\":4,\"name\":\"martes 21\"}]},{\"@type\":\"WebSite\",\"@id\":\"https:\/\/www.economicas.uba.ar\/congresoecon\/#website\",\"url\":\"https:\/\/www.economicas.uba.ar\/congresoecon\/\",\"name\":\"ECON 2025\",\"description\":\"\",\"publisher\":{\"@id\":\"https:\/\/www.economicas.uba.ar\/congresoecon\/#organization\"},\"potentialAction\":[{\"@type\":\"SearchAction\",\"target\":{\"@type\":\"EntryPoint\",\"urlTemplate\":\"https:\/\/www.economicas.uba.ar\/congresoecon\/?s={search_term_string}\"},\"query-input\":{\"@type\":\"PropertyValueSpecification\",\"valueRequired\":true,\"valueName\":\"search_term_string\"}}],\"inLanguage\":\"es-AR\"},{\"@type\":\"Organization\",\"@id\":\"https:\/\/www.economicas.uba.ar\/congresoecon\/#organization\",\"name\":\"ECON 2021\",\"url\":\"https:\/\/www.economicas.uba.ar\/congresoecon\/\",\"logo\":{\"@type\":\"ImageObject\",\"inLanguage\":\"es-AR\",\"@id\":\"https:\/\/www.economicas.uba.ar\/congresoecon\/#\/schema\/logo\/image\/\",\"url\":\"https:\/\/www.economicas.uba.ar\/congresoecon\/wp-content\/uploads\/cropped-Mesa-de-trabajo-2@2x-100-1-1.jpg\",\"contentUrl\":\"https:\/\/www.economicas.uba.ar\/congresoecon\/wp-content\/uploads\/cropped-Mesa-de-trabajo-2@2x-100-1-1.jpg\",\"width\":2001,\"height\":1521,\"caption\":\"ECON 2021\"},\"image\":{\"@id\":\"https:\/\/www.economicas.uba.ar\/congresoecon\/#\/schema\/logo\/image\/\"},\"sameAs\":[\"https:\/\/www.youtube.com\/channel\/UCOPub_RS50NaJXWt2lcOGMQ\"]}]}<\/script>\n<!-- \/ Yoast SEO plugin. -->","yoast_head_json":{"title":"martes 21 - ECON 2025","robots":{"index":"index","follow":"follow","max-snippet":"max-snippet:-1","max-image-preview":"max-image-preview:large","max-video-preview":"max-video-preview:-1"},"canonical":"https:\/\/www.economicas.uba.ar\/congresoecon\/econ2025\/programa-2025\/martes-21\/","og_locale":"es_ES","og_type":"article","og_title":"martes 21 - ECON 2025","og_description":"PROGRAMA Lunes 20\/10 Martes 21\/10 Miercoles 22\/10 Martes 21 CHARLAS PRESENCIALES | Sal\u00f3n de Actos Edificio Anexo 15 a 19 Hs. Cl\u00ednica de Empleabilidad 19 Hs. \u00bfQu\u00e9 est\u00e1 pasando con","og_url":"https:\/\/www.economicas.uba.ar\/congresoecon\/econ2025\/programa-2025\/martes-21\/","og_site_name":"ECON 2025","article_modified_time":"2025-10-18T17:26:09+00:00","og_image":[{"width":1000,"height":1000,"url":"https:\/\/www.economicas.uba.ar\/congresoecon\/wp-content\/uploads\/econ2023logo.png","type":"image\/png"}],"twitter_card":"summary_large_image","twitter_misc":{"Tiempo de lectura":"2 minutos"},"schema":{"@context":"https:\/\/schema.org","@graph":[{"@type":"WebPage","@id":"https:\/\/www.economicas.uba.ar\/congresoecon\/econ2025\/programa-2025\/martes-21\/","url":"https:\/\/www.economicas.uba.ar\/congresoecon\/econ2025\/programa-2025\/martes-21\/","name":"martes 21 - ECON 2025","isPartOf":{"@id":"https:\/\/www.economicas.uba.ar\/congresoecon\/#website"},"primaryImageOfPage":{"@id":"https:\/\/www.economicas.uba.ar\/congresoecon\/econ2025\/programa-2025\/martes-21\/#primaryimage"},"image":{"@id":"https:\/\/www.economicas.uba.ar\/congresoecon\/econ2025\/programa-2025\/martes-21\/#primaryimage"},"thumbnailUrl":"https:\/\/www.economicas.uba.ar\/congresoecon\/wp-content\/uploads\/econ2023logo.png","datePublished":"2025-10-08T18:50:25+00:00","dateModified":"2025-10-18T17:26:09+00:00","breadcrumb":{"@id":"https:\/\/www.economicas.uba.ar\/congresoecon\/econ2025\/programa-2025\/martes-21\/#breadcrumb"},"inLanguage":"es-AR","potentialAction":[{"@type":"ReadAction","target":["https:\/\/www.economicas.uba.ar\/congresoecon\/econ2025\/programa-2025\/martes-21\/"]}]},{"@type":"ImageObject","inLanguage":"es-AR","@id":"https:\/\/www.economicas.uba.ar\/congresoecon\/econ2025\/programa-2025\/martes-21\/#primaryimage","url":"https:\/\/www.economicas.uba.ar\/congresoecon\/wp-content\/uploads\/econ2023logo.png","contentUrl":"https:\/\/www.economicas.uba.ar\/congresoecon\/wp-content\/uploads\/econ2023logo.png","width":1000,"height":1000},{"@type":"BreadcrumbList","@id":"https:\/\/www.economicas.uba.ar\/congresoecon\/econ2025\/programa-2025\/martes-21\/#breadcrumb","itemListElement":[{"@type":"ListItem","position":1,"name":"Inicio","item":"https:\/\/www.economicas.uba.ar\/congresoecon\/"},{"@type":"ListItem","position":2,"name":"ECON2025","item":"https:\/\/www.economicas.uba.ar\/congresoecon\/"},{"@type":"ListItem","position":3,"name":"PROGRAMA 2025","item":"https:\/\/www.economicas.uba.ar\/congresoecon\/econ2025\/programa-2025\/"},{"@type":"ListItem","position":4,"name":"martes 21"}]},{"@type":"WebSite","@id":"https:\/\/www.economicas.uba.ar\/congresoecon\/#website","url":"https:\/\/www.economicas.uba.ar\/congresoecon\/","name":"ECON 2025","description":"","publisher":{"@id":"https:\/\/www.economicas.uba.ar\/congresoecon\/#organization"},"potentialAction":[{"@type":"SearchAction","target":{"@type":"EntryPoint","urlTemplate":"https:\/\/www.economicas.uba.ar\/congresoecon\/?s={search_term_string}"},"query-input":{"@type":"PropertyValueSpecification","valueRequired":true,"valueName":"search_term_string"}}],"inLanguage":"es-AR"},{"@type":"Organization","@id":"https:\/\/www.economicas.uba.ar\/congresoecon\/#organization","name":"ECON 2021","url":"https:\/\/www.economicas.uba.ar\/congresoecon\/","logo":{"@type":"ImageObject","inLanguage":"es-AR","@id":"https:\/\/www.economicas.uba.ar\/congresoecon\/#\/schema\/logo\/image\/","url":"https:\/\/www.economicas.uba.ar\/congresoecon\/wp-content\/uploads\/cropped-Mesa-de-trabajo-2@2x-100-1-1.jpg","contentUrl":"https:\/\/www.economicas.uba.ar\/congresoecon\/wp-content\/uploads\/cropped-Mesa-de-trabajo-2@2x-100-1-1.jpg","width":2001,"height":1521,"caption":"ECON 2021"},"image":{"@id":"https:\/\/www.economicas.uba.ar\/congresoecon\/#\/schema\/logo\/image\/"},"sameAs":["https:\/\/www.youtube.com\/channel\/UCOPub_RS50NaJXWt2lcOGMQ"]}]}},"_links":{"self":[{"href":"https:\/\/www.economicas.uba.ar\/congresoecon\/wp-json\/wp\/v2\/pages\/2852","targetHints":{"allow":["GET"]}}],"collection":[{"href":"https:\/\/www.economicas.uba.ar\/congresoecon\/wp-json\/wp\/v2\/pages"}],"about":[{"href":"https:\/\/www.economicas.uba.ar\/congresoecon\/wp-json\/wp\/v2\/types\/page"}],"author":[{"embeddable":true,"href":"https:\/\/www.economicas.uba.ar\/congresoecon\/wp-json\/wp\/v2\/users\/2"}],"replies":[{"embeddable":true,"href":"https:\/\/www.economicas.uba.ar\/congresoecon\/wp-json\/wp\/v2\/comments?post=2852"}],"version-history":[{"count":28,"href":"https:\/\/www.economicas.uba.ar\/congresoecon\/wp-json\/wp\/v2\/pages\/2852\/revisions"}],"predecessor-version":[{"id":3029,"href":"https:\/\/www.economicas.uba.ar\/congresoecon\/wp-json\/wp\/v2\/pages\/2852\/revisions\/3029"}],"up":[{"embeddable":true,"href":"https:\/\/www.economicas.uba.ar\/congresoecon\/wp-json\/wp\/v2\/pages\/2791"}],"wp:featuredmedia":[{"embeddable":true,"href":"https:\/\/www.economicas.uba.ar\/congresoecon\/wp-json\/wp\/v2\/media\/2065"}],"wp:attachment":[{"href":"https:\/\/www.economicas.uba.ar\/congresoecon\/wp-json\/wp\/v2\/media?parent=2852"}],"curies":[{"name":"wp","href":"https:\/\/api.w.org\/{rel}","templated":true}]}}