{"id":41,"date":"2020-08-13T14:24:47","date_gmt":"2020-08-13T17:24:47","guid":{"rendered":"https:\/\/www.economicas.uba.ar\/congresoecon\/?page_id=41"},"modified":"2024-09-25T10:22:48","modified_gmt":"2024-09-25T13:22:48","slug":"econ2023","status":"publish","type":"page","link":"https:\/\/www.economicas.uba.ar\/congresoecon\/econ2023\/","title":{"rendered":"ECON2023"},"content":{"rendered":"\t\t<div data-elementor-type=\"wp-page\" data-elementor-id=\"41\" class=\"elementor elementor-41\" data-elementor-post-type=\"page\">\n\t\t\t\t<div class=\"elementor-element elementor-element-b1455d3 e-con-full e-flex e-con e-parent\" data-id=\"b1455d3\" data-element_type=\"container\">\n\t\t<div class=\"elementor-element elementor-element-75cb72a e-con-full e-flex e-con e-child\" data-id=\"75cb72a\" data-element_type=\"container\">\n\t\t<div class=\"elementor-element elementor-element-1c5fe14 e-con-full e-flex e-con e-child\" data-id=\"1c5fe14\" data-element_type=\"container\">\n\t\t\t\t<div class=\"elementor-element elementor-element-3e72d1d elementor-widget elementor-widget-image\" data-id=\"3e72d1d\" data-element_type=\"widget\" data-widget_type=\"image.default\">\n\t\t\t\t<div class=\"elementor-widget-container\">\n\t\t\t\t\t\t\t\t\t\t\t\t\t\t\t<img decoding=\"async\" src=\"https:\/\/www.economicas.uba.ar\/congresoecon\/wp-content\/uploads\/elementor\/thumbs\/econ2023logo-qul3bn3rnl2x3qw6z0mf6bjb95vziifpoh71l6e3e8.png\" title=\"econ2023logo\" alt=\"econ2023logo\" loading=\"lazy\" \/>\t\t\t\t\t\t\t\t\t\t\t\t\t\t\t<\/div>\n\t\t\t\t<\/div>\n\t\t\t\t<\/div>\n\t\t<div class=\"elementor-element elementor-element-56aa115 e-con-full e-flex e-con e-child\" data-id=\"56aa115\" data-element_type=\"container\">\n\t\t\t\t<div class=\"elementor-element elementor-element-233f7ab eael_simple_menu_hamburger_disable_selected_menu_no eael-simple-menu-hamburger-align-right eael-hamburger--tablet elementor-widget elementor-widget-eael-simple-menu\" data-id=\"233f7ab\" data-element_type=\"widget\" data-widget_type=\"eael-simple-menu.default\">\n\t\t\t\t<div class=\"elementor-widget-container\">\n\t\t\t\t\t<style>\n                        @media screen and (max-width: 1024px) {\n                            .eael-hamburger--tablet {\n                                .eael-simple-menu-horizontal,\n                                .eael-simple-menu-vertical {\n                                    display: none;\n                                }\n                            }\n                            .eael-hamburger--tablet {\n                                .eael-simple-menu-container .eael-simple-menu-toggle {\n                                    display: block;\n                                }\n                            }\n                        }\n                    <\/style>            <div data-hamburger-icon=\"&lt;i aria-hidden=&quot;true&quot; class=&quot;fas fa-bars&quot;&gt;&lt;\/i&gt;\" data-indicator-icon=\"&lt;i aria-hidden=&quot;true&quot; class=&quot;fas fa-angle-down&quot;&gt;&lt;\/i&gt;\" data-dropdown-indicator-icon=\"&lt;i class=&quot;fas fa-angle-down&quot;&gt;&lt;\/i&gt;\" class=\"eael-simple-menu-container eael-simple-menu-align-left eael-simple-menu-dropdown-align-left preset-1\" data-hamburger-breakpoints=\"{&quot;mobile&quot;:&quot;Mobile Portrait (&gt; 767px)&quot;,&quot;tablet&quot;:&quot;Tablet Portrait (&gt; 1024px)&quot;,&quot;desktop&quot;:&quot;Desktop (&gt; 2400px)&quot;,&quot;none&quot;:&quot;None&quot;}\" data-hamburger-device=\"tablet\">\n                <ul id=\"menu-principal-2023\" class=\"eael-simple-menu eael-simple-menu-dropdown-animate-to-top eael-simple-menu-indicator eael-simple-menu-horizontal\"><li id=\"menu-item-1016\" class=\"menu-item menu-item-type-post_type menu-item-object-page menu-item-1016\"><a href=\"https:\/\/www.economicas.uba.ar\/congresoecon\/econ2023\/objetivos-2023\/\">OBJETIVOS<\/a><\/li>\n<li id=\"menu-item-2171\" class=\"menu-item menu-item-type-post_type menu-item-object-page menu-item-2171\"><a href=\"https:\/\/www.economicas.uba.ar\/congresoecon\/econ2023\/programa2023\/\">PROGRAMA<\/a><\/li>\n<li id=\"menu-item-1014\" class=\"menu-item menu-item-type-post_type menu-item-object-page menu-item-1014\"><a href=\"https:\/\/www.economicas.uba.ar\/congresoecon\/econ2023\/autoridades-2023\/\">AUTORIDADES<\/a><\/li>\n<li id=\"menu-item-1013\" class=\"menu-item menu-item-type-post_type menu-item-object-page menu-item-1013\"><a href=\"https:\/\/www.economicas.uba.ar\/congresoecon\/econ2023\/oferta-academica-2023\/\">OFERTA ACAD\u00c9MICA<\/a><\/li>\n<li id=\"menu-item-1012\" class=\"menu-item menu-item-type-post_type menu-item-object-page menu-item-1012\"><a href=\"https:\/\/www.economicas.uba.ar\/congresoecon\/econ2023\/ediciones-anteriores-2023\/\">EDICIONES ANTERIORES<\/a><\/li>\n<li id=\"menu-item-1011\" class=\"menu-item menu-item-type-post_type menu-item-object-page menu-item-1011\"><a href=\"https:\/\/www.economicas.uba.ar\/congresoecon\/econ2023\/inscripciones-2023\/\">INSCRIPCIONES<\/a><\/li>\n<\/ul>                <button class=\"eael-simple-menu-toggle\">\n                    <span class=\"sr-only \">Hamburger Toggle Menu<\/span>\n                    <i aria-hidden=\"true\" class=\"fas fa-bars\"><\/i>                <\/button>\n            <\/div>\n            \t\t\t\t<\/div>\n\t\t\t\t<\/div>\n\t\t\t\t<\/div>\n\t\t\t\t<\/div>\n\t\t\t\t<\/div>\n\t\t<div class=\"elementor-element elementor-element-e262db7 e-con-full e-flex e-con e-parent\" data-id=\"e262db7\" data-element_type=\"container\">\n\t\t\t\t<div class=\"elementor-element elementor-element-a08f3bb elementor-widget elementor-widget-video\" data-id=\"a08f3bb\" data-element_type=\"widget\" data-settings=\"{&quot;video_type&quot;:&quot;hosted&quot;,&quot;autoplay&quot;:&quot;yes&quot;,&quot;play_on_mobile&quot;:&quot;yes&quot;,&quot;mute&quot;:&quot;yes&quot;,&quot;loop&quot;:&quot;yes&quot;,&quot;controls&quot;:&quot;yes&quot;}\" data-widget_type=\"video.default\">\n\t\t\t\t<div class=\"elementor-widget-container\">\n\t\t\t\t\t\t\t<div class=\"e-hosted-video elementor-wrapper elementor-open-inline\">\n\t\t\t\t\t<video class=\"elementor-video\" src=\"https:\/\/www.economicas.uba.ar\/congresoecon\/wp-content\/uploads\/econ2023.mp4\" autoplay=\"\" loop=\"\" controls=\"\" muted=\"muted\" playsinline=\"\" controlsList=\"nodownload\"><\/video>\n\t\t\t\t<\/div>\n\t\t\t\t\t\t<\/div>\n\t\t\t\t<\/div>\n\t\t\t\t<\/div>\n\t\t<div class=\"elementor-element elementor-element-40873d4 e-flex e-con-boxed e-con e-parent\" data-id=\"40873d4\" data-element_type=\"container\">\n\t\t\t\t\t<div class=\"e-con-inner\">\n\t\t<div class=\"elementor-element elementor-element-2a88321 e-con-full e-flex e-con e-child\" data-id=\"2a88321\" data-element_type=\"container\" data-settings=\"{&quot;background_background&quot;:&quot;classic&quot;}\">\n\t\t\t\t<div class=\"elementor-element elementor-element-51bcb27 elementor-widget elementor-widget-text-editor\" data-id=\"51bcb27\" data-element_type=\"widget\" data-widget_type=\"text-editor.default\">\n\t\t\t\t<div class=\"elementor-widget-container\">\n\t\t\t\t\t\t\t\t\t<h2 style=\"text-align: center;\">BIENVENIDOS A LA ECON 2024<\/h2>\t\t\t\t\t\t\t\t<\/div>\n\t\t\t\t<\/div>\n\t\t\t\t<div class=\"elementor-element elementor-element-97d003d elementor-widget elementor-widget-text-editor\" data-id=\"97d003d\" data-element_type=\"widget\" data-widget_type=\"text-editor.default\">\n\t\t\t\t<div class=\"elementor-widget-container\">\n\t\t\t\t\t\t\t\t\t<p>La Facultad de Ciencias Econ\u00f3micas de la Universidad de Buenos Aires organiza el XVIII Congreso Internacional de Econom\u00eda y Gesti\u00f3n \u201cEcon 2024\u201d, un evento de 3 jornadas de duraci\u00f3n, que contar\u00e1 con diferentes secciones, debates y conferencias.<\/p><p>Esta propuesta integral tiene como misi\u00f3n constituir un foro para el tratamiento de la realidad econ\u00f3mica actual y su proyecci\u00f3n hacia el futuro, difundiendo las actividades acad\u00e9micas de todos sus niveles.<\/p><p>Esta nueva edici\u00f3n del Congreso se realizar\u00e1 mediante conferencias presenciales y virtuales.<\/p>\t\t\t\t\t\t\t\t<\/div>\n\t\t\t\t<\/div>\n\t\t<div class=\"elementor-element elementor-element-0be88b9 e-con-full e-flex e-con e-child\" data-id=\"0be88b9\" data-element_type=\"container\" id=\"organismos\">\n\t\t<div class=\"elementor-element elementor-element-0e1fe72 e-con-full e-flex e-con e-child\" data-id=\"0e1fe72\" data-element_type=\"container\">\n\t\t\t\t<div class=\"elementor-element elementor-element-825d6ad elementor-align-center elementor-widget elementor-widget-button\" data-id=\"825d6ad\" data-element_type=\"widget\" data-widget_type=\"button.default\">\n\t\t\t\t<div class=\"elementor-widget-container\">\n\t\t\t\t\t\t\t\t\t<div class=\"elementor-button-wrapper\">\n\t\t\t\t\t<a class=\"elementor-button elementor-button-link elementor-size-sm\" href=\"https:\/\/www.economicas.uba.ar\/congresoecon\/inscripciones\/\">\n\t\t\t\t\t\t<span class=\"elementor-button-content-wrapper\">\n\t\t\t\t\t\t\t\t\t<span class=\"elementor-button-text\">INSCRIBITE GRATIS<\/span>\n\t\t\t\t\t<\/span>\n\t\t\t\t\t<\/a>\n\t\t\t\t<\/div>\n\t\t\t\t\t\t\t\t<\/div>\n\t\t\t\t<\/div>\n\t\t\t\t<div class=\"elementor-element elementor-element-08cd8b0 elementor-widget elementor-widget-image\" data-id=\"08cd8b0\" data-element_type=\"widget\" data-widget_type=\"image.default\">\n\t\t\t\t<div class=\"elementor-widget-container\">\n\t\t\t\t\t\t\t\t\t\t\t\t\t\t\t<img fetchpriority=\"high\" decoding=\"async\" width=\"2048\" height=\"768\" src=\"https:\/\/www.economicas.uba.ar\/congresoecon\/wp-content\/uploads\/auspicios-econ23-marcasV3-2048x768.jpg\" class=\"attachment-2048x2048 size-2048x2048 wp-image-1968\" alt=\"\" srcset=\"https:\/\/www.economicas.uba.ar\/congresoecon\/wp-content\/uploads\/auspicios-econ23-marcasV3-2048x768.jpg 2048w, https:\/\/www.economicas.uba.ar\/congresoecon\/wp-content\/uploads\/auspicios-econ23-marcasV3-300x113.jpg 300w, https:\/\/www.economicas.uba.ar\/congresoecon\/wp-content\/uploads\/auspicios-econ23-marcasV3-2024x759.jpg 2024w, https:\/\/www.economicas.uba.ar\/congresoecon\/wp-content\/uploads\/auspicios-econ23-marcasV3-768x288.jpg 768w, https:\/\/www.economicas.uba.ar\/congresoecon\/wp-content\/uploads\/auspicios-econ23-marcasV3-1536x576.jpg 1536w\" sizes=\"(max-width: 2048px) 100vw, 2048px\" \/>\t\t\t\t\t\t\t\t\t\t\t\t\t\t\t<\/div>\n\t\t\t\t<\/div>\n\t\t\t\t<div class=\"elementor-element elementor-element-c40b0a9 elementor-widget elementor-widget-image\" data-id=\"c40b0a9\" data-element_type=\"widget\" data-widget_type=\"image.default\">\n\t\t\t\t<div class=\"elementor-widget-container\">\n\t\t\t\t\t\t\t\t\t\t\t\t\t\t\t<img decoding=\"async\" width=\"1600\" height=\"901\" src=\"https:\/\/www.economicas.uba.ar\/congresoecon\/wp-content\/uploads\/auspicios-econ23.jpg\" class=\"attachment-2048x2048 size-2048x2048 wp-image-1934\" alt=\"\" srcset=\"https:\/\/www.economicas.uba.ar\/congresoecon\/wp-content\/uploads\/auspicios-econ23.jpg 1600w, https:\/\/www.economicas.uba.ar\/congresoecon\/wp-content\/uploads\/auspicios-econ23-300x169.jpg 300w, https:\/\/www.economicas.uba.ar\/congresoecon\/wp-content\/uploads\/auspicios-econ23-768x432.jpg 768w, https:\/\/www.economicas.uba.ar\/congresoecon\/wp-content\/uploads\/auspicios-econ23-1536x865.jpg 1536w\" sizes=\"(max-width: 1600px) 100vw, 1600px\" \/>\t\t\t\t\t\t\t\t\t\t\t\t\t\t\t<\/div>\n\t\t\t\t<\/div>\n\t\t\t\t<\/div>\n\t\t\t\t<\/div>\n\t\t\t\t<\/div>\n\t\t\t\t\t<\/div>\n\t\t\t\t<\/div>\n\t\t<div class=\"elementor-element elementor-element-df7db85 e-flex e-con-boxed e-con e-parent\" data-id=\"df7db85\" data-element_type=\"container\">\n\t\t\t\t\t<div class=\"e-con-inner\">\n\t\t\t\t<div class=\"elementor-element elementor-element-830415a elementor-widget elementor-widget-html\" data-id=\"830415a\" data-element_type=\"widget\" data-widget_type=\"html.default\">\n\t\t\t\t<div class=\"elementor-widget-container\">\n\t\t\t\t\t<?include footer.php \n?> \t\t\t\t<\/div>\n\t\t\t\t<\/div>\n\t\t\t\t\t<\/div>\n\t\t\t\t<\/div>\n\t\t\t\t<\/div>\n\t\t","protected":false},"excerpt":{"rendered":"<p>OBJETIVOS PROGRAMA AUTORIDADES OFERTA ACAD\u00c9MICA EDICIONES ANTERIORES INSCRIPCIONES Humberger Toggle Menu https:\/\/www.economicas.uba.ar\/congresoecon\/wp-content\/uploads\/econ2023.mp4 BIENVENIDOS A LA ECON 2024 La Facultad de Ciencias Econ\u00f3micas de la Universidad de Buenos Aires organiza el<\/p>\n","protected":false},"author":2,"featured_media":0,"parent":0,"menu_order":0,"comment_status":"closed","ping_status":"closed","template":"elementor_canvas","meta":{"footnotes":""},"class_list":["post-41","page","type-page","status-publish","hentry"],"yoast_head":"<!-- This site is optimized with the Yoast SEO plugin v26.1.1 - https:\/\/yoast.com\/wordpress\/plugins\/seo\/ -->\n<title>ECON 2025<\/title>\n<meta name=\"description\" content=\"XV Congreso Internacional de Econom\u00eda y Gesti\u00f3n \u201cEcon 2021\u201d. Nuevo formato, los mismos objetivos de siempre\" \/>\n<meta name=\"robots\" content=\"index, follow, max-snippet:-1, max-image-preview:large, max-video-preview:-1\" \/>\n<link rel=\"canonical\" href=\"https:\/\/www.economicas.uba.ar\/congresoecon\/econ2023\/\" \/>\n<meta property=\"og:locale\" content=\"es_ES\" \/>\n<meta property=\"og:type\" content=\"article\" \/>\n<meta property=\"og:title\" content=\"ECON 2025\" \/>\n<meta property=\"og:description\" content=\"XV Congreso Internacional de Econom\u00eda y Gesti\u00f3n \u201cEcon 2021\u201d. Nuevo formato, los mismos objetivos de siempre\" \/>\n<meta property=\"og:url\" content=\"https:\/\/www.economicas.uba.ar\/congresoecon\/econ2023\/\" \/>\n<meta property=\"og:site_name\" content=\"ECON 2025\" \/>\n<meta property=\"article:modified_time\" content=\"2024-09-25T13:22:48+00:00\" \/>\n<meta property=\"og:image\" content=\"https:\/\/www.economicas.uba.ar\/congresoecon\/wp-content\/uploads\/elementor\/thumbs\/econ2023logo-qul3bn3rnl2x3qw6z0mf6bjb95vziifpoh71l6e3e8.png\" \/>\n<meta name=\"twitter:card\" content=\"summary_large_image\" \/>\n<meta name=\"twitter:label1\" content=\"Tiempo de lectura\" \/>\n\t<meta name=\"twitter:data1\" content=\"2 minutos\" \/>\n<script type=\"application\/ld+json\" class=\"yoast-schema-graph\">{\"@context\":\"https:\/\/schema.org\",\"@graph\":[{\"@type\":\"WebPage\",\"@id\":\"https:\/\/www.economicas.uba.ar\/congresoecon\/econ2023\/\",\"url\":\"https:\/\/www.economicas.uba.ar\/congresoecon\/econ2023\/\",\"name\":\"ECON 2025\",\"isPartOf\":{\"@id\":\"https:\/\/www.economicas.uba.ar\/congresoecon\/#website\"},\"primaryImageOfPage\":{\"@id\":\"https:\/\/www.economicas.uba.ar\/congresoecon\/econ2023\/#primaryimage\"},\"image\":{\"@id\":\"https:\/\/www.economicas.uba.ar\/congresoecon\/econ2023\/#primaryimage\"},\"thumbnailUrl\":\"https:\/\/www.economicas.uba.ar\/congresoecon\/wp-content\/uploads\/elementor\/thumbs\/econ2023logo-qul3bn3rnl2x3qw6z0mf6bjb95vziifpoh71l6e3e8.png\",\"datePublished\":\"2020-08-13T17:24:47+00:00\",\"dateModified\":\"2024-09-25T13:22:48+00:00\",\"description\":\"XV Congreso Internacional de Econom\u00eda y Gesti\u00f3n \u201cEcon 2021\u201d. Nuevo formato, los mismos objetivos de siempre\",\"breadcrumb\":{\"@id\":\"https:\/\/www.economicas.uba.ar\/congresoecon\/econ2023\/#breadcrumb\"},\"inLanguage\":\"es-AR\",\"potentialAction\":[{\"@type\":\"ReadAction\",\"target\":[\"https:\/\/www.economicas.uba.ar\/congresoecon\/econ2023\/\"]}]},{\"@type\":\"ImageObject\",\"inLanguage\":\"es-AR\",\"@id\":\"https:\/\/www.economicas.uba.ar\/congresoecon\/econ2023\/#primaryimage\",\"url\":\"https:\/\/www.economicas.uba.ar\/congresoecon\/wp-content\/uploads\/elementor\/thumbs\/econ2023logo-qul3bn3rnl2x3qw6z0mf6bjb95vziifpoh71l6e3e8.png\",\"contentUrl\":\"https:\/\/www.economicas.uba.ar\/congresoecon\/wp-content\/uploads\/elementor\/thumbs\/econ2023logo-qul3bn3rnl2x3qw6z0mf6bjb95vziifpoh71l6e3e8.png\"},{\"@type\":\"BreadcrumbList\",\"@id\":\"https:\/\/www.economicas.uba.ar\/congresoecon\/econ2023\/#breadcrumb\",\"itemListElement\":[{\"@type\":\"ListItem\",\"position\":1,\"name\":\"Inicio\",\"item\":\"https:\/\/www.economicas.uba.ar\/congresoecon\/\"},{\"@type\":\"ListItem\",\"position\":2,\"name\":\"ECON2023\"}]},{\"@type\":\"WebSite\",\"@id\":\"https:\/\/www.economicas.uba.ar\/congresoecon\/#website\",\"url\":\"https:\/\/www.economicas.uba.ar\/congresoecon\/\",\"name\":\"ECON 2025\",\"description\":\"\",\"publisher\":{\"@id\":\"https:\/\/www.economicas.uba.ar\/congresoecon\/#organization\"},\"potentialAction\":[{\"@type\":\"SearchAction\",\"target\":{\"@type\":\"EntryPoint\",\"urlTemplate\":\"https:\/\/www.economicas.uba.ar\/congresoecon\/?s={search_term_string}\"},\"query-input\":{\"@type\":\"PropertyValueSpecification\",\"valueRequired\":true,\"valueName\":\"search_term_string\"}}],\"inLanguage\":\"es-AR\"},{\"@type\":\"Organization\",\"@id\":\"https:\/\/www.economicas.uba.ar\/congresoecon\/#organization\",\"name\":\"ECON 2021\",\"url\":\"https:\/\/www.economicas.uba.ar\/congresoecon\/\",\"logo\":{\"@type\":\"ImageObject\",\"inLanguage\":\"es-AR\",\"@id\":\"https:\/\/www.economicas.uba.ar\/congresoecon\/#\/schema\/logo\/image\/\",\"url\":\"https:\/\/www.economicas.uba.ar\/congresoecon\/wp-content\/uploads\/cropped-Mesa-de-trabajo-2@2x-100-1-1.jpg\",\"contentUrl\":\"https:\/\/www.economicas.uba.ar\/congresoecon\/wp-content\/uploads\/cropped-Mesa-de-trabajo-2@2x-100-1-1.jpg\",\"width\":2001,\"height\":1521,\"caption\":\"ECON 2021\"},\"image\":{\"@id\":\"https:\/\/www.economicas.uba.ar\/congresoecon\/#\/schema\/logo\/image\/\"},\"sameAs\":[\"https:\/\/www.youtube.com\/channel\/UCOPub_RS50NaJXWt2lcOGMQ\"]}]}<\/script>\n<!-- \/ Yoast SEO plugin. -->","yoast_head_json":{"title":"ECON 2025","description":"XV Congreso Internacional de Econom\u00eda y Gesti\u00f3n \u201cEcon 2021\u201d. Nuevo formato, los mismos objetivos de siempre","robots":{"index":"index","follow":"follow","max-snippet":"max-snippet:-1","max-image-preview":"max-image-preview:large","max-video-preview":"max-video-preview:-1"},"canonical":"https:\/\/www.economicas.uba.ar\/congresoecon\/econ2023\/","og_locale":"es_ES","og_type":"article","og_title":"ECON 2025","og_description":"XV Congreso Internacional de Econom\u00eda y Gesti\u00f3n \u201cEcon 2021\u201d. Nuevo formato, los mismos objetivos de siempre","og_url":"https:\/\/www.economicas.uba.ar\/congresoecon\/econ2023\/","og_site_name":"ECON 2025","article_modified_time":"2024-09-25T13:22:48+00:00","og_image":[{"url":"https:\/\/www.economicas.uba.ar\/congresoecon\/wp-content\/uploads\/elementor\/thumbs\/econ2023logo-qul3bn3rnl2x3qw6z0mf6bjb95vziifpoh71l6e3e8.png","type":"","width":"","height":""}],"twitter_card":"summary_large_image","twitter_misc":{"Tiempo de lectura":"2 minutos"},"schema":{"@context":"https:\/\/schema.org","@graph":[{"@type":"WebPage","@id":"https:\/\/www.economicas.uba.ar\/congresoecon\/econ2023\/","url":"https:\/\/www.economicas.uba.ar\/congresoecon\/econ2023\/","name":"ECON 2025","isPartOf":{"@id":"https:\/\/www.economicas.uba.ar\/congresoecon\/#website"},"primaryImageOfPage":{"@id":"https:\/\/www.economicas.uba.ar\/congresoecon\/econ2023\/#primaryimage"},"image":{"@id":"https:\/\/www.economicas.uba.ar\/congresoecon\/econ2023\/#primaryimage"},"thumbnailUrl":"https:\/\/www.economicas.uba.ar\/congresoecon\/wp-content\/uploads\/elementor\/thumbs\/econ2023logo-qul3bn3rnl2x3qw6z0mf6bjb95vziifpoh71l6e3e8.png","datePublished":"2020-08-13T17:24:47+00:00","dateModified":"2024-09-25T13:22:48+00:00","description":"XV Congreso Internacional de Econom\u00eda y Gesti\u00f3n \u201cEcon 2021\u201d. Nuevo formato, los mismos objetivos de siempre","breadcrumb":{"@id":"https:\/\/www.economicas.uba.ar\/congresoecon\/econ2023\/#breadcrumb"},"inLanguage":"es-AR","potentialAction":[{"@type":"ReadAction","target":["https:\/\/www.economicas.uba.ar\/congresoecon\/econ2023\/"]}]},{"@type":"ImageObject","inLanguage":"es-AR","@id":"https:\/\/www.economicas.uba.ar\/congresoecon\/econ2023\/#primaryimage","url":"https:\/\/www.economicas.uba.ar\/congresoecon\/wp-content\/uploads\/elementor\/thumbs\/econ2023logo-qul3bn3rnl2x3qw6z0mf6bjb95vziifpoh71l6e3e8.png","contentUrl":"https:\/\/www.economicas.uba.ar\/congresoecon\/wp-content\/uploads\/elementor\/thumbs\/econ2023logo-qul3bn3rnl2x3qw6z0mf6bjb95vziifpoh71l6e3e8.png"},{"@type":"BreadcrumbList","@id":"https:\/\/www.economicas.uba.ar\/congresoecon\/econ2023\/#breadcrumb","itemListElement":[{"@type":"ListItem","position":1,"name":"Inicio","item":"https:\/\/www.economicas.uba.ar\/congresoecon\/"},{"@type":"ListItem","position":2,"name":"ECON2023"}]},{"@type":"WebSite","@id":"https:\/\/www.economicas.uba.ar\/congresoecon\/#website","url":"https:\/\/www.economicas.uba.ar\/congresoecon\/","name":"ECON 2025","description":"","publisher":{"@id":"https:\/\/www.economicas.uba.ar\/congresoecon\/#organization"},"potentialAction":[{"@type":"SearchAction","target":{"@type":"EntryPoint","urlTemplate":"https:\/\/www.economicas.uba.ar\/congresoecon\/?s={search_term_string}"},"query-input":{"@type":"PropertyValueSpecification","valueRequired":true,"valueName":"search_term_string"}}],"inLanguage":"es-AR"},{"@type":"Organization","@id":"https:\/\/www.economicas.uba.ar\/congresoecon\/#organization","name":"ECON 2021","url":"https:\/\/www.economicas.uba.ar\/congresoecon\/","logo":{"@type":"ImageObject","inLanguage":"es-AR","@id":"https:\/\/www.economicas.uba.ar\/congresoecon\/#\/schema\/logo\/image\/","url":"https:\/\/www.economicas.uba.ar\/congresoecon\/wp-content\/uploads\/cropped-Mesa-de-trabajo-2@2x-100-1-1.jpg","contentUrl":"https:\/\/www.economicas.uba.ar\/congresoecon\/wp-content\/uploads\/cropped-Mesa-de-trabajo-2@2x-100-1-1.jpg","width":2001,"height":1521,"caption":"ECON 2021"},"image":{"@id":"https:\/\/www.economicas.uba.ar\/congresoecon\/#\/schema\/logo\/image\/"},"sameAs":["https:\/\/www.youtube.com\/channel\/UCOPub_RS50NaJXWt2lcOGMQ"]}]}},"_links":{"self":[{"href":"https:\/\/www.economicas.uba.ar\/congresoecon\/wp-json\/wp\/v2\/pages\/41","targetHints":{"allow":["GET"]}}],"collection":[{"href":"https:\/\/www.economicas.uba.ar\/congresoecon\/wp-json\/wp\/v2\/pages"}],"about":[{"href":"https:\/\/www.economicas.uba.ar\/congresoecon\/wp-json\/wp\/v2\/types\/page"}],"author":[{"embeddable":true,"href":"https:\/\/www.economicas.uba.ar\/congresoecon\/wp-json\/wp\/v2\/users\/2"}],"replies":[{"embeddable":true,"href":"https:\/\/www.economicas.uba.ar\/congresoecon\/wp-json\/wp\/v2\/comments?post=41"}],"version-history":[{"count":452,"href":"https:\/\/www.economicas.uba.ar\/congresoecon\/wp-json\/wp\/v2\/pages\/41\/revisions"}],"predecessor-version":[{"id":2338,"href":"https:\/\/www.economicas.uba.ar\/congresoecon\/wp-json\/wp\/v2\/pages\/41\/revisions\/2338"}],"wp:attachment":[{"href":"https:\/\/www.economicas.uba.ar\/congresoecon\/wp-json\/wp\/v2\/media?parent=41"}],"curies":[{"name":"wp","href":"https:\/\/api.w.org\/{rel}","templated":true}]}}