{"id":996,"date":"2021-09-14T19:23:51","date_gmt":"2021-09-14T22:23:51","guid":{"rendered":"https:\/\/www.economicas.uba.ar\/congresoecon\/?page_id=996"},"modified":"2024-09-24T14:42:20","modified_gmt":"2024-09-24T17:42:20","slug":"objetivos-2023","status":"publish","type":"page","link":"https:\/\/www.economicas.uba.ar\/congresoecon\/econ2023\/objetivos-2023\/","title":{"rendered":"OBJETIVOS-2023"},"content":{"rendered":"\t\t<div data-elementor-type=\"wp-page\" data-elementor-id=\"996\" class=\"elementor elementor-996\" data-elementor-post-type=\"page\">\n\t\t\t\t\t\t<section class=\"elementor-section elementor-top-section elementor-element elementor-element-0661334 elementor-section-boxed elementor-section-height-default elementor-section-height-default\" data-id=\"0661334\" data-element_type=\"section\">\n\t\t\t\t\t\t\t<div class=\"elementor-background-overlay\"><\/div>\n\t\t\t\t\t\t\t<div class=\"elementor-container elementor-column-gap-default\">\n\t\t\t\t\t<div class=\"elementor-column elementor-col-100 elementor-top-column elementor-element elementor-element-bc6c27a\" data-id=\"bc6c27a\" data-element_type=\"column\" data-settings=\"{&quot;background_background&quot;:&quot;classic&quot;}\">\n\t\t\t<div class=\"elementor-widget-wrap elementor-element-populated\">\n\t\t\t\t\t\t<section class=\"elementor-section elementor-inner-section elementor-element elementor-element-ae4c0ee elementor-section-boxed elementor-section-height-default elementor-section-height-default\" data-id=\"ae4c0ee\" data-element_type=\"section\" data-settings=\"{&quot;background_background&quot;:&quot;classic&quot;}\">\n\t\t\t\t\t\t\t<div class=\"elementor-background-overlay\"><\/div>\n\t\t\t\t\t\t\t<div class=\"elementor-container elementor-column-gap-default\">\n\t\t\t\t\t<div class=\"elementor-column elementor-col-100 elementor-inner-column elementor-element elementor-element-17729b7\" data-id=\"17729b7\" data-element_type=\"column\" data-settings=\"{&quot;background_background&quot;:&quot;classic&quot;}\">\n\t\t\t<div class=\"elementor-widget-wrap elementor-element-populated\">\n\t\t\t\t\t\t<div class=\"elementor-element elementor-element-c599c04 elementor-widget elementor-widget-heading\" data-id=\"c599c04\" data-element_type=\"widget\" data-widget_type=\"heading.default\">\n\t\t\t\t<div class=\"elementor-widget-container\">\n\t\t\t\t\t<h3 class=\"elementor-heading-title elementor-size-default\">OBJETIVOS<\/h3>\t\t\t\t<\/div>\n\t\t\t\t<\/div>\n\t\t\t\t\t<\/div>\n\t\t<\/div>\n\t\t\t\t\t<\/div>\n\t\t<\/section>\n\t\t\t\t<section class=\"elementor-section elementor-inner-section elementor-element elementor-element-52cc77d elementor-section-boxed elementor-section-height-default elementor-section-height-default\" data-id=\"52cc77d\" data-element_type=\"section\" data-settings=\"{&quot;background_background&quot;:&quot;classic&quot;}\">\n\t\t\t\t\t\t\t<div class=\"elementor-background-overlay\"><\/div>\n\t\t\t\t\t\t\t<div class=\"elementor-container elementor-column-gap-default\">\n\t\t\t\t\t<div class=\"elementor-column elementor-col-50 elementor-inner-column elementor-element elementor-element-63fd411\" data-id=\"63fd411\" data-element_type=\"column\" data-settings=\"{&quot;background_background&quot;:&quot;classic&quot;}\">\n\t\t\t<div class=\"elementor-widget-wrap elementor-element-populated\">\n\t\t\t\t\t\t<div class=\"elementor-element elementor-element-725adc3 elementor-widget elementor-widget-heading\" data-id=\"725adc3\" data-element_type=\"widget\" data-widget_type=\"heading.default\">\n\t\t\t\t<div class=\"elementor-widget-container\">\n\t\t\t\t\t<h5 class=\"elementor-heading-title elementor-size-default\">CONSTRUIR UN ESPACIO PARA LA REFLEXI\u00d3N, AN\u00c1LISIS Y DEBATE.<\/h5>\t\t\t\t<\/div>\n\t\t\t\t<\/div>\n\t\t\t\t<div class=\"elementor-element elementor-element-3bf0e50 elementor-widget elementor-widget-text-editor\" data-id=\"3bf0e50\" data-element_type=\"widget\" data-widget_type=\"text-editor.default\">\n\t\t\t\t<div class=\"elementor-widget-container\">\n\t\t\t\t\t\t\t\t\t<p>Sobre las distintas disciplinas y \u00e1reas de estudio de las ciencias econ\u00f3micas, convocando a prestigiosos disertantes del \u00e1mbito nacional e internacional.<\/p>\t\t\t\t\t\t\t\t<\/div>\n\t\t\t\t<\/div>\n\t\t\t\t\t<\/div>\n\t\t<\/div>\n\t\t\t\t<div class=\"elementor-column elementor-col-50 elementor-inner-column elementor-element elementor-element-5a59c11\" data-id=\"5a59c11\" data-element_type=\"column\" data-settings=\"{&quot;background_background&quot;:&quot;classic&quot;}\">\n\t\t\t<div class=\"elementor-widget-wrap elementor-element-populated\">\n\t\t\t\t\t\t<div class=\"elementor-element elementor-element-974eb13 elementor-widget elementor-widget-heading\" data-id=\"974eb13\" data-element_type=\"widget\" data-widget_type=\"heading.default\">\n\t\t\t\t<div class=\"elementor-widget-container\">\n\t\t\t\t\t<h5 class=\"elementor-heading-title elementor-size-default\">CONVERTIRSE EN EL EVENTO QUE CONVOQUE ANUALMENTE<\/h5>\t\t\t\t<\/div>\n\t\t\t\t<\/div>\n\t\t\t\t<div class=\"elementor-element elementor-element-a36202d elementor-widget elementor-widget-text-editor\" data-id=\"a36202d\" data-element_type=\"widget\" data-widget_type=\"text-editor.default\">\n\t\t\t\t<div class=\"elementor-widget-container\">\n\t\t\t\t\t\t\t\t\t<p>En el marco de una estrategia de integraci\u00f3n y vinculaci\u00f3n internacional, a los m\u00e1s prestigiosos acad\u00e9micos de la regi\u00f3n y de las principales universidades del mundo.<\/p>\t\t\t\t\t\t\t\t<\/div>\n\t\t\t\t<\/div>\n\t\t\t\t\t<\/div>\n\t\t<\/div>\n\t\t\t\t\t<\/div>\n\t\t<\/section>\n\t\t\t\t<section class=\"elementor-section elementor-inner-section elementor-element elementor-element-c655bbf elementor-section-boxed elementor-section-height-default elementor-section-height-default\" data-id=\"c655bbf\" data-element_type=\"section\" data-settings=\"{&quot;background_background&quot;:&quot;classic&quot;}\">\n\t\t\t\t\t\t\t<div class=\"elementor-background-overlay\"><\/div>\n\t\t\t\t\t\t\t<div class=\"elementor-container elementor-column-gap-default\">\n\t\t\t\t\t<div class=\"elementor-column elementor-col-50 elementor-inner-column elementor-element elementor-element-4a18b22\" data-id=\"4a18b22\" data-element_type=\"column\" data-settings=\"{&quot;background_background&quot;:&quot;classic&quot;}\">\n\t\t\t<div class=\"elementor-widget-wrap elementor-element-populated\">\n\t\t\t\t\t\t<div class=\"elementor-element elementor-element-b93b626 elementor-widget elementor-widget-heading\" data-id=\"b93b626\" data-element_type=\"widget\" data-widget_type=\"heading.default\">\n\t\t\t\t<div class=\"elementor-widget-container\">\n\t\t\t\t\t<h5 class=\"elementor-heading-title elementor-size-default\">EXPONER TODAS LAS L\u00cdNEAS ACAD\u00c9MICAS ESTRAT\u00c9GICAS<\/h5>\t\t\t\t<\/div>\n\t\t\t\t<\/div>\n\t\t\t\t<div class=\"elementor-element elementor-element-9818c0d elementor-widget elementor-widget-text-editor\" data-id=\"9818c0d\" data-element_type=\"widget\" data-widget_type=\"text-editor.default\">\n\t\t\t\t<div class=\"elementor-widget-container\">\n\t\t\t\t\t\t\t\t\t<p>Sobre las que se trabaja en nuestra Universidad, proponiendo los ejes tem\u00e1ticos centrales de desarrollo econ\u00f3mico social que desde la perspectiva de la Universidad se pretendan profundizar.<\/p>\t\t\t\t\t\t\t\t<\/div>\n\t\t\t\t<\/div>\n\t\t\t\t\t<\/div>\n\t\t<\/div>\n\t\t\t\t<div class=\"elementor-column elementor-col-50 elementor-inner-column elementor-element elementor-element-109e6c6\" data-id=\"109e6c6\" data-element_type=\"column\" data-settings=\"{&quot;background_background&quot;:&quot;classic&quot;}\">\n\t\t\t<div class=\"elementor-widget-wrap elementor-element-populated\">\n\t\t\t\t\t\t<div class=\"elementor-element elementor-element-df832ea elementor-widget elementor-widget-heading\" data-id=\"df832ea\" data-element_type=\"widget\" data-widget_type=\"heading.default\">\n\t\t\t\t<div class=\"elementor-widget-container\">\n\t\t\t\t\t<h5 class=\"elementor-heading-title elementor-size-default\">PERMITIR EL CONTACTO Y ACERCAMIENTO<\/h5>\t\t\t\t<\/div>\n\t\t\t\t<\/div>\n\t\t\t\t<div class=\"elementor-element elementor-element-0581059 elementor-widget elementor-widget-text-editor\" data-id=\"0581059\" data-element_type=\"widget\" data-widget_type=\"text-editor.default\">\n\t\t\t\t<div class=\"elementor-widget-container\">\n\t\t\t\t\t\t\t\t\t<p>Constituirse en el \u00e1mbito anual de reunion de los protagonistas de la vida economica a nivel nacional, permitiendo el contacto y acercamiento de funcionarios de primera l\u00ednea, profesionales egresados de todas las facultades, representantes del sector empresarial y l\u00edderes sociales, PyMEs, docentes, estudiantes de todas las carreras y p\u00fablico en general interesado en la tem\u00e1tica del evento<\/p>\t\t\t\t\t\t\t\t<\/div>\n\t\t\t\t<\/div>\n\t\t\t\t\t<\/div>\n\t\t<\/div>\n\t\t\t\t\t<\/div>\n\t\t<\/section>\n\t\t\t\t\t<\/div>\n\t\t<\/div>\n\t\t\t\t\t<\/div>\n\t\t<\/section>\n\t\t\t\t<\/div>\n\t\t","protected":false},"excerpt":{"rendered":"<p>OBJETIVOS CONSTRUIR UN ESPACIO PARA LA REFLEXI\u00d3N, AN\u00c1LISIS Y DEBATE. Sobre las distintas disciplinas y \u00e1reas de estudio de las ciencias econ\u00f3micas, convocando a prestigiosos disertantes del \u00e1mbito nacional e<\/p>\n","protected":false},"author":2,"featured_media":0,"parent":41,"menu_order":0,"comment_status":"closed","ping_status":"closed","template":"elementor_header_footer","meta":{"footnotes":""},"class_list":["post-996","page","type-page","status-publish","hentry"],"yoast_head":"<!-- This site is optimized with the Yoast SEO plugin v26.1.1 - https:\/\/yoast.com\/wordpress\/plugins\/seo\/ -->\n<title>OBJETIVOS-2023 - ECON 2025<\/title>\n<meta name=\"robots\" content=\"index, follow, max-snippet:-1, max-image-preview:large, max-video-preview:-1\" \/>\n<link rel=\"canonical\" href=\"https:\/\/www.economicas.uba.ar\/congresoecon\/econ2023\/objetivos-2023\/\" \/>\n<meta property=\"og:locale\" content=\"es_ES\" \/>\n<meta property=\"og:type\" content=\"article\" \/>\n<meta property=\"og:title\" content=\"OBJETIVOS-2023 - ECON 2025\" \/>\n<meta property=\"og:description\" content=\"OBJETIVOS CONSTRUIR UN ESPACIO PARA LA REFLEXI\u00d3N, AN\u00c1LISIS Y DEBATE. Sobre las distintas disciplinas y \u00e1reas de estudio de las ciencias econ\u00f3micas, convocando a prestigiosos disertantes del \u00e1mbito nacional e\" \/>\n<meta property=\"og:url\" content=\"https:\/\/www.economicas.uba.ar\/congresoecon\/econ2023\/objetivos-2023\/\" \/>\n<meta property=\"og:site_name\" content=\"ECON 2025\" \/>\n<meta property=\"article:modified_time\" content=\"2024-09-24T17:42:20+00:00\" \/>\n<meta name=\"twitter:card\" content=\"summary_large_image\" \/>\n<meta name=\"twitter:label1\" content=\"Tiempo de lectura\" \/>\n\t<meta name=\"twitter:data1\" content=\"1 minuto\" \/>\n<script type=\"application\/ld+json\" class=\"yoast-schema-graph\">{\"@context\":\"https:\/\/schema.org\",\"@graph\":[{\"@type\":\"WebPage\",\"@id\":\"https:\/\/www.economicas.uba.ar\/congresoecon\/econ2023\/objetivos-2023\/\",\"url\":\"https:\/\/www.economicas.uba.ar\/congresoecon\/econ2023\/objetivos-2023\/\",\"name\":\"OBJETIVOS-2023 - ECON 2025\",\"isPartOf\":{\"@id\":\"https:\/\/www.economicas.uba.ar\/congresoecon\/#website\"},\"datePublished\":\"2021-09-14T22:23:51+00:00\",\"dateModified\":\"2024-09-24T17:42:20+00:00\",\"breadcrumb\":{\"@id\":\"https:\/\/www.economicas.uba.ar\/congresoecon\/econ2023\/objetivos-2023\/#breadcrumb\"},\"inLanguage\":\"es-AR\",\"potentialAction\":[{\"@type\":\"ReadAction\",\"target\":[\"https:\/\/www.economicas.uba.ar\/congresoecon\/econ2023\/objetivos-2023\/\"]}]},{\"@type\":\"BreadcrumbList\",\"@id\":\"https:\/\/www.economicas.uba.ar\/congresoecon\/econ2023\/objetivos-2023\/#breadcrumb\",\"itemListElement\":[{\"@type\":\"ListItem\",\"position\":1,\"name\":\"Inicio\",\"item\":\"https:\/\/www.economicas.uba.ar\/congresoecon\/\"},{\"@type\":\"ListItem\",\"position\":2,\"name\":\"ECON2023\",\"item\":\"https:\/\/www.economicas.uba.ar\/congresoecon\/econ2023\/\"},{\"@type\":\"ListItem\",\"position\":3,\"name\":\"OBJETIVOS-2023\"}]},{\"@type\":\"WebSite\",\"@id\":\"https:\/\/www.economicas.uba.ar\/congresoecon\/#website\",\"url\":\"https:\/\/www.economicas.uba.ar\/congresoecon\/\",\"name\":\"ECON 2025\",\"description\":\"\",\"publisher\":{\"@id\":\"https:\/\/www.economicas.uba.ar\/congresoecon\/#organization\"},\"potentialAction\":[{\"@type\":\"SearchAction\",\"target\":{\"@type\":\"EntryPoint\",\"urlTemplate\":\"https:\/\/www.economicas.uba.ar\/congresoecon\/?s={search_term_string}\"},\"query-input\":{\"@type\":\"PropertyValueSpecification\",\"valueRequired\":true,\"valueName\":\"search_term_string\"}}],\"inLanguage\":\"es-AR\"},{\"@type\":\"Organization\",\"@id\":\"https:\/\/www.economicas.uba.ar\/congresoecon\/#organization\",\"name\":\"ECON 2021\",\"url\":\"https:\/\/www.economicas.uba.ar\/congresoecon\/\",\"logo\":{\"@type\":\"ImageObject\",\"inLanguage\":\"es-AR\",\"@id\":\"https:\/\/www.economicas.uba.ar\/congresoecon\/#\/schema\/logo\/image\/\",\"url\":\"https:\/\/www.economicas.uba.ar\/congresoecon\/wp-content\/uploads\/cropped-Mesa-de-trabajo-2@2x-100-1-1.jpg\",\"contentUrl\":\"https:\/\/www.economicas.uba.ar\/congresoecon\/wp-content\/uploads\/cropped-Mesa-de-trabajo-2@2x-100-1-1.jpg\",\"width\":2001,\"height\":1521,\"caption\":\"ECON 2021\"},\"image\":{\"@id\":\"https:\/\/www.economicas.uba.ar\/congresoecon\/#\/schema\/logo\/image\/\"},\"sameAs\":[\"https:\/\/www.youtube.com\/channel\/UCOPub_RS50NaJXWt2lcOGMQ\"]}]}<\/script>\n<!-- \/ Yoast SEO plugin. -->","yoast_head_json":{"title":"OBJETIVOS-2023 - ECON 2025","robots":{"index":"index","follow":"follow","max-snippet":"max-snippet:-1","max-image-preview":"max-image-preview:large","max-video-preview":"max-video-preview:-1"},"canonical":"https:\/\/www.economicas.uba.ar\/congresoecon\/econ2023\/objetivos-2023\/","og_locale":"es_ES","og_type":"article","og_title":"OBJETIVOS-2023 - ECON 2025","og_description":"OBJETIVOS CONSTRUIR UN ESPACIO PARA LA REFLEXI\u00d3N, AN\u00c1LISIS Y DEBATE. Sobre las distintas disciplinas y \u00e1reas de estudio de las ciencias econ\u00f3micas, convocando a prestigiosos disertantes del \u00e1mbito nacional e","og_url":"https:\/\/www.economicas.uba.ar\/congresoecon\/econ2023\/objetivos-2023\/","og_site_name":"ECON 2025","article_modified_time":"2024-09-24T17:42:20+00:00","twitter_card":"summary_large_image","twitter_misc":{"Tiempo de lectura":"1 minuto"},"schema":{"@context":"https:\/\/schema.org","@graph":[{"@type":"WebPage","@id":"https:\/\/www.economicas.uba.ar\/congresoecon\/econ2023\/objetivos-2023\/","url":"https:\/\/www.economicas.uba.ar\/congresoecon\/econ2023\/objetivos-2023\/","name":"OBJETIVOS-2023 - ECON 2025","isPartOf":{"@id":"https:\/\/www.economicas.uba.ar\/congresoecon\/#website"},"datePublished":"2021-09-14T22:23:51+00:00","dateModified":"2024-09-24T17:42:20+00:00","breadcrumb":{"@id":"https:\/\/www.economicas.uba.ar\/congresoecon\/econ2023\/objetivos-2023\/#breadcrumb"},"inLanguage":"es-AR","potentialAction":[{"@type":"ReadAction","target":["https:\/\/www.economicas.uba.ar\/congresoecon\/econ2023\/objetivos-2023\/"]}]},{"@type":"BreadcrumbList","@id":"https:\/\/www.economicas.uba.ar\/congresoecon\/econ2023\/objetivos-2023\/#breadcrumb","itemListElement":[{"@type":"ListItem","position":1,"name":"Inicio","item":"https:\/\/www.economicas.uba.ar\/congresoecon\/"},{"@type":"ListItem","position":2,"name":"ECON2023","item":"https:\/\/www.economicas.uba.ar\/congresoecon\/econ2023\/"},{"@type":"ListItem","position":3,"name":"OBJETIVOS-2023"}]},{"@type":"WebSite","@id":"https:\/\/www.economicas.uba.ar\/congresoecon\/#website","url":"https:\/\/www.economicas.uba.ar\/congresoecon\/","name":"ECON 2025","description":"","publisher":{"@id":"https:\/\/www.economicas.uba.ar\/congresoecon\/#organization"},"potentialAction":[{"@type":"SearchAction","target":{"@type":"EntryPoint","urlTemplate":"https:\/\/www.economicas.uba.ar\/congresoecon\/?s={search_term_string}"},"query-input":{"@type":"PropertyValueSpecification","valueRequired":true,"valueName":"search_term_string"}}],"inLanguage":"es-AR"},{"@type":"Organization","@id":"https:\/\/www.economicas.uba.ar\/congresoecon\/#organization","name":"ECON 2021","url":"https:\/\/www.economicas.uba.ar\/congresoecon\/","logo":{"@type":"ImageObject","inLanguage":"es-AR","@id":"https:\/\/www.economicas.uba.ar\/congresoecon\/#\/schema\/logo\/image\/","url":"https:\/\/www.economicas.uba.ar\/congresoecon\/wp-content\/uploads\/cropped-Mesa-de-trabajo-2@2x-100-1-1.jpg","contentUrl":"https:\/\/www.economicas.uba.ar\/congresoecon\/wp-content\/uploads\/cropped-Mesa-de-trabajo-2@2x-100-1-1.jpg","width":2001,"height":1521,"caption":"ECON 2021"},"image":{"@id":"https:\/\/www.economicas.uba.ar\/congresoecon\/#\/schema\/logo\/image\/"},"sameAs":["https:\/\/www.youtube.com\/channel\/UCOPub_RS50NaJXWt2lcOGMQ"]}]}},"_links":{"self":[{"href":"https:\/\/www.economicas.uba.ar\/congresoecon\/wp-json\/wp\/v2\/pages\/996","targetHints":{"allow":["GET"]}}],"collection":[{"href":"https:\/\/www.economicas.uba.ar\/congresoecon\/wp-json\/wp\/v2\/pages"}],"about":[{"href":"https:\/\/www.economicas.uba.ar\/congresoecon\/wp-json\/wp\/v2\/types\/page"}],"author":[{"embeddable":true,"href":"https:\/\/www.economicas.uba.ar\/congresoecon\/wp-json\/wp\/v2\/users\/2"}],"replies":[{"embeddable":true,"href":"https:\/\/www.economicas.uba.ar\/congresoecon\/wp-json\/wp\/v2\/comments?post=996"}],"version-history":[{"count":11,"href":"https:\/\/www.economicas.uba.ar\/congresoecon\/wp-json\/wp\/v2\/pages\/996\/revisions"}],"predecessor-version":[{"id":2295,"href":"https:\/\/www.economicas.uba.ar\/congresoecon\/wp-json\/wp\/v2\/pages\/996\/revisions\/2295"}],"up":[{"embeddable":true,"href":"https:\/\/www.economicas.uba.ar\/congresoecon\/wp-json\/wp\/v2\/pages\/41"}],"wp:attachment":[{"href":"https:\/\/www.economicas.uba.ar\/congresoecon\/wp-json\/wp\/v2\/media?parent=996"}],"curies":[{"name":"wp","href":"https:\/\/api.w.org\/{rel}","templated":true}]}}