{"id":11464,"date":"2003-11-01T01:01:00","date_gmt":"2003-11-01T04:01:00","guid":{"rendered":"https:\/\/www.economicas.uba.ar\/extension\/vocesenelfenix\/?page_id=11464"},"modified":"2026-03-20T10:56:35","modified_gmt":"2026-03-20T13:56:35","slug":"documento-pf-11","status":"publish","type":"page","link":"https:\/\/www.economicas.uba.ar\/extension\/vocesenelfenix\/documentos-y-declaraciones\/documento-pf-11\/","title":{"rendered":"Documento PF 11"},"content":{"rendered":"\t\t<div data-elementor-type=\"wp-page\" data-elementor-id=\"11464\" class=\"elementor elementor-11464\" data-elementor-post-type=\"page\">\n\t\t\t\t\t\t<section class=\"elementor-section elementor-top-section elementor-element elementor-element-10226a9 elementor-section-full_width elementor-section-height-default elementor-section-height-default\" data-id=\"10226a9\" data-element_type=\"section\" data-e-type=\"section\" data-settings=\"{&quot;background_background&quot;:&quot;classic&quot;}\">\n\t\t\t\t\t\t<div class=\"elementor-container elementor-column-gap-wide\">\n\t\t\t\t\t<div class=\"elementor-column elementor-col-50 elementor-top-column elementor-element elementor-element-c71e750\" data-id=\"c71e750\" data-element_type=\"column\" data-e-type=\"column\" data-settings=\"{&quot;background_background&quot;:&quot;classic&quot;}\">\n\t\t\t<div class=\"elementor-widget-wrap elementor-element-populated\">\n\t\t\t\t\t\t<div class=\"elementor-element elementor-element-c709741 elementor-widget elementor-widget-image\" data-id=\"c709741\" data-element_type=\"widget\" data-e-type=\"widget\" data-widget_type=\"image.default\">\n\t\t\t\t<div class=\"elementor-widget-container\">\n\t\t\t\t\t\t\t\t\t\t\t\t\t\t\t\t<a href=\"https:\/\/www.economicas.uba.ar\/extension\/vocesenelfenix\/plan-fenix\/\">\n\t\t\t\t\t\t\t<img decoding=\"async\" width=\"100\" height=\"94\" src=\"https:\/\/www.economicas.uba.ar\/extension\/vocesenelfenix\/wp-content\/uploads\/fenix_blanco_Df-scaled-e1773843072776.gif\" class=\"attachment-sparkconstructionlite-thumbnail-5 size-sparkconstructionlite-thumbnail-5 wp-image-9038\" alt=\"\" \/>\t\t\t\t\t\t\t\t<\/a>\n\t\t\t\t\t\t\t\t\t\t\t\t\t\t\t<\/div>\n\t\t\t\t<\/div>\n\t\t\t\t\t<\/div>\n\t\t<\/div>\n\t\t\t\t<div class=\"elementor-column elementor-col-50 elementor-top-column elementor-element elementor-element-6dd1924\" data-id=\"6dd1924\" data-element_type=\"column\" data-e-type=\"column\">\n\t\t\t<div class=\"elementor-widget-wrap elementor-element-populated\">\n\t\t\t\t\t\t<div class=\"elementor-element elementor-element-6e19ff8 elementor-nav-menu__align-end elementor-nav-menu--dropdown-tablet elementor-nav-menu__text-align-aside elementor-widget elementor-widget-nav-menu\" data-id=\"6e19ff8\" data-element_type=\"widget\" data-e-type=\"widget\" data-settings=\"{&quot;layout&quot;:&quot;horizontal&quot;,&quot;submenu_icon&quot;:{&quot;value&quot;:&quot;&lt;i class=\\&quot;fas fa-caret-down\\&quot;&gt;&lt;\\\/i&gt;&quot;,&quot;library&quot;:&quot;fa-solid&quot;}}\" data-widget_type=\"nav-menu.default\">\n\t\t\t\t<div class=\"elementor-widget-container\">\n\t\t\t\t\t\t\t\t<nav aria-label=\"Menu\" class=\"elementor-nav-menu--main elementor-nav-menu__container elementor-nav-menu--layout-horizontal e--pointer-underline e--animation-fade\">\n\t\t\t\t<ul id=\"menu-1-6e19ff8\" class=\"elementor-nav-menu\"><li class=\"menu-item menu-item-type-post_type menu-item-object-page menu-item-31734\"><a href=\"https:\/\/www.economicas.uba.ar\/extension\/vocesenelfenix\/plan-fenix\/\" class=\"elementor-item\">INICIO<\/a><\/li>\n<li class=\"menu-item menu-item-type-post_type menu-item-object-page menu-item-31730\"><a href=\"https:\/\/www.economicas.uba.ar\/extension\/vocesenelfenix\/quienes-somos-capf\/\" class=\"elementor-item\">QUI\u00c9NES SOMOS<\/a><\/li>\n<li class=\"menu-item menu-item-type-post_type menu-item-object-page menu-item-32196\"><a href=\"https:\/\/www.economicas.uba.ar\/extension\/vocesenelfenix\/boletines\/\" class=\"elementor-item\">BOLETINES<\/a><\/li>\n<li class=\"menu-item menu-item-type-post_type menu-item-object-page menu-item-31732\"><a href=\"https:\/\/www.economicas.uba.ar\/extension\/vocesenelfenix\/documentos-y-declaraciones\/\" class=\"elementor-item\">DOCUMENTOS <br>Y DECLARACIONES<\/a><\/li>\n<li class=\"menu-item menu-item-type-post_type menu-item-object-page menu-item-31731\"><a href=\"https:\/\/www.economicas.uba.ar\/extension\/vocesenelfenix\/presentaciones-publicas\/\" class=\"elementor-item\">PRESENTACIONES <br>P\u00daBLICAS<\/a><\/li>\n<li class=\"menu-item menu-item-type-custom menu-item-object-custom menu-item-home menu-item-31735\"><a href=\"https:\/\/www.economicas.uba.ar\/extension\/vocesenelfenix\/\" class=\"elementor-item\">VOCES EN EL F\u00c9NIX<\/a><\/li>\n<\/ul>\t\t\t<\/nav>\n\t\t\t\t\t\t<nav class=\"elementor-nav-menu--dropdown elementor-nav-menu__container\" aria-hidden=\"true\">\n\t\t\t\t<ul id=\"menu-2-6e19ff8\" class=\"elementor-nav-menu\"><li class=\"menu-item menu-item-type-post_type menu-item-object-page menu-item-31734\"><a href=\"https:\/\/www.economicas.uba.ar\/extension\/vocesenelfenix\/plan-fenix\/\" class=\"elementor-item\" tabindex=\"-1\">INICIO<\/a><\/li>\n<li class=\"menu-item menu-item-type-post_type menu-item-object-page menu-item-31730\"><a href=\"https:\/\/www.economicas.uba.ar\/extension\/vocesenelfenix\/quienes-somos-capf\/\" class=\"elementor-item\" tabindex=\"-1\">QUI\u00c9NES SOMOS<\/a><\/li>\n<li class=\"menu-item menu-item-type-post_type menu-item-object-page menu-item-32196\"><a href=\"https:\/\/www.economicas.uba.ar\/extension\/vocesenelfenix\/boletines\/\" class=\"elementor-item\" tabindex=\"-1\">BOLETINES<\/a><\/li>\n<li class=\"menu-item menu-item-type-post_type menu-item-object-page menu-item-31732\"><a href=\"https:\/\/www.economicas.uba.ar\/extension\/vocesenelfenix\/documentos-y-declaraciones\/\" class=\"elementor-item\" tabindex=\"-1\">DOCUMENTOS <br>Y DECLARACIONES<\/a><\/li>\n<li class=\"menu-item menu-item-type-post_type menu-item-object-page menu-item-31731\"><a href=\"https:\/\/www.economicas.uba.ar\/extension\/vocesenelfenix\/presentaciones-publicas\/\" class=\"elementor-item\" tabindex=\"-1\">PRESENTACIONES <br>P\u00daBLICAS<\/a><\/li>\n<li class=\"menu-item menu-item-type-custom menu-item-object-custom menu-item-home menu-item-31735\"><a href=\"https:\/\/www.economicas.uba.ar\/extension\/vocesenelfenix\/\" class=\"elementor-item\" tabindex=\"-1\">VOCES EN EL F\u00c9NIX<\/a><\/li>\n<\/ul>\t\t\t<\/nav>\n\t\t\t\t\t\t<\/div>\n\t\t\t\t<\/div>\n\t\t\t\t\t<\/div>\n\t\t<\/div>\n\t\t\t\t\t<\/div>\n\t\t<\/section>\n\t\t\t\t<section class=\"elementor-section elementor-top-section elementor-element elementor-element-40de01f elementor-section-boxed elementor-section-height-default elementor-section-height-default\" data-id=\"40de01f\" data-element_type=\"section\" data-e-type=\"section\">\n\t\t\t\t\t\t\t<div class=\"elementor-background-overlay\"><\/div>\n\t\t\t\t\t\t\t<div class=\"elementor-container elementor-column-gap-default\">\n\t\t\t\t\t<div class=\"elementor-column elementor-col-100 elementor-top-column elementor-element elementor-element-3f4aa00\" data-id=\"3f4aa00\" data-element_type=\"column\" data-e-type=\"column\">\n\t\t\t<div class=\"elementor-widget-wrap elementor-element-populated\">\n\t\t\t\t\t\t<div class=\"elementor-element elementor-element-086378e elementor-widget elementor-widget-text-editor\" data-id=\"086378e\" data-element_type=\"widget\" data-e-type=\"widget\" data-widget_type=\"text-editor.default\">\n\t\t\t\t<div class=\"elementor-widget-container\">\n\t\t\t\t\t\t\t\t\t<h3 style=\"text-align: center;\">La reestructuraci\u00f3n de la deuda soberana en <em>default<\/em>:<br \/>Condici\u00f3n necesaria pero no suficiente para crecer con equidad<\/h3>\t\t\t\t\t\t\t\t<\/div>\n\t\t\t\t<\/div>\n\t\t\t\t<div class=\"elementor-element elementor-element-a90aeb3 elementor-align-right elementor-widget elementor-widget-button\" data-id=\"a90aeb3\" data-element_type=\"widget\" data-e-type=\"widget\" data-widget_type=\"button.default\">\n\t\t\t\t<div class=\"elementor-widget-container\">\n\t\t\t\t\t\t\t\t\t<div class=\"elementor-button-wrapper\">\n\t\t\t\t\t<a class=\"elementor-button elementor-button-link elementor-size-xs\" href=\"https:\/\/drive.google.com\/file\/d\/1Ep_kq5EayxzW9V8PjtbNoQngp8-YG02U\/view\" target=\"_blank\">\n\t\t\t\t\t\t<span class=\"elementor-button-content-wrapper\">\n\t\t\t\t\t\t\t\t\t<span class=\"elementor-button-text\">Descarg\u00e1 el PDF<\/span>\n\t\t\t\t\t<\/span>\n\t\t\t\t\t<\/a>\n\t\t\t\t<\/div>\n\t\t\t\t\t\t\t\t<\/div>\n\t\t\t\t<\/div>\n\t\t\t\t\t<\/div>\n\t\t<\/div>\n\t\t\t\t\t<\/div>\n\t\t<\/section>\n\t\t\t\t<section class=\"elementor-section elementor-top-section elementor-element elementor-element-3a35d99 elementor-section-boxed elementor-section-height-default elementor-section-height-default\" data-id=\"3a35d99\" data-element_type=\"section\" data-e-type=\"section\">\n\t\t\t\t\t\t<div class=\"elementor-container elementor-column-gap-default\">\n\t\t\t\t\t<div class=\"elementor-column elementor-col-100 elementor-top-column elementor-element elementor-element-c7813b4\" data-id=\"c7813b4\" data-element_type=\"column\" data-e-type=\"column\">\n\t\t\t<div class=\"elementor-widget-wrap elementor-element-populated\">\n\t\t\t\t\t\t<div class=\"elementor-element elementor-element-7a8faf0 elementor-widget elementor-widget-text-editor\" data-id=\"7a8faf0\" data-element_type=\"widget\" data-e-type=\"widget\" data-widget_type=\"text-editor.default\">\n\t\t\t\t<div class=\"elementor-widget-container\">\n\t\t\t\t\t\t\t\t\t<p>El Estado Nacional ha presentado una propuesta de reestructuraci\u00f3n de la deuda p\u00fablica en situaci\u00f3n de suspensi\u00f3n de pagos, basada en una quita significativa y reducci\u00f3n de tasas de inter\u00e9s, y en la pr\u00f3rroga de los plazos de vencimiento; adicionalmente, est\u00e1 previendo establecer un prolongado periodo de gracia. La misma ha suscitado reacciones de apoyo o rechazo, aqu\u00ed y en el exterior.<\/p><p>\u00a0<\/p><p>Desde el Plan F\u00e9nix, hemos se\u00f1alado que la reestructuraci\u00f3n de la deuda es un paso indispensable para avanzar en una senda de crecimiento con equidad, dejando atr\u00e1s as\u00ed el nefasto patr\u00f3n econ\u00f3mico que imper\u00f3 en la Argentina en el \u00faltimo cuarto de siglo.<\/p><p>\u00a0<\/p><p>Al respecto, deseamos hacer llegar a la opini\u00f3n p\u00fablica nuestra postura favorable a los lineamientos generales de la propuesta de renegociaci\u00f3n que, en sus t\u00e9rminos principales, se aproxima a las ideas del Plan F\u00e9nix en la materia. Es hora de estrechar filas, a fin de brindar un s\u00f3lido sustento interno, para que esta negociaci\u00f3n, que seguramente ser\u00e1 prolongada y dura, llegue a buen puerto.<\/p><p>\u00a0<\/p><p>El <em>default<\/em> argentino es consecuencia del modelo instaurado en la d\u00e9cada de los &#8217;90; diversos actores \u2013en el pa\u00eds y en el exterior\u2013 medraron asimismo con un endeudamiento a muy elevadas tasas de inter\u00e9s, en el que la especulaci\u00f3n fue un componente central. Este episodio, que cont\u00f3 con la connivencia de los organismos multilaterales de cr\u00e9dito (principalmente el Fondo Monetario Internacional) y del sistema financiero, acab\u00f3 perjudicando tanto a acreedores mal asesorados como a la gran mayor\u00eda del pueblo argentino. Su superaci\u00f3n ha requerido y requerir\u00e1 sacrificios que deber\u00edan recaer sobre los sectores que m\u00e1s se han beneficiado en la \u00faltima d\u00e9cada.<\/p><p>\u00a0<\/p><p>Nuestra postura dista, por lo tanto, de la de quienes \u2013luego de un apoyo irrestricto al modelo econ\u00f3mico de la d\u00e9cada pasada\u2013 han asumido en el pa\u00eds el papel de voceros de los acreedores, bajo el disfraz de una preocupaci\u00f3n frente a la p\u00e9rdida del cr\u00e9dito externo; mejor har\u00edan tales voceros en llamarse a silencio.<\/p><p>\u00a0<\/p><p>Debemos destacar sin embargo que este paso constituye una condici\u00f3n indispensable, pero no la \u00fanica, para que la actual reactivaci\u00f3n de la econom\u00eda apuntale un camino de crecimiento con equidad. Por lo pronto, deben implementarse adecuadas pol\u00edticas macroecon\u00f3micas, sobre todo en materia cambiaria y monetaria, que aseguren un tipo de cambio competitivo y el incremento del cr\u00e9dito y de las reservas internacionales (recurriendo a un consistente control de cambios), para que la acci\u00f3n p\u00fablica rinda los frutos indispensables para salir de la crisis.<\/p><p>\u00a0<\/p><p>Pero el accionar del Gobierno no debe limitarse a la coyuntura. Tal como dij\u00e9ramos en agosto de este a\u00f1o, \u201ces necesario contar con una visi\u00f3n de largo plazo que enmarque las acciones que pueden ser determinantes y condicionantes decisivas para el futuro curso econ\u00f3mico y social&#8230; para avanzar hacia un plan integrado de crecimiento con equidad.\u201d Esta visi\u00f3n debe plasmarse en un plan o estrategia, que profundice el camino elegido, y que constituya una pol\u00edtica de Estado, acordada a nivel nacional y provincial. La etapa actual, para pasar de la recuperaci\u00f3n al crecimiento, requiere de pol\u00edticas activas del Estado para apoyar un proceso de reindustrializaci\u00f3n y transformaci\u00f3n de la econom\u00eda.<\/p><p>\u00a0<\/p><p>Aun sin contar con un plan de esa naturaleza, deseamos destacar dos \u00e1mbitos en los que una acci\u00f3n profunda y resuelta parece no admitir demoras. Nos referimos a la necesidad de pol\u00edticas m\u00e1s activas del Estado en el campo social y en el fiscal.<\/p><p>\u00a0<\/p><p>Esa crisis ha castigado duramente a m\u00e1s de la mitad de la poblaci\u00f3n argentina, que se encuentra hoy en niveles inadmisibles de indigencia, pobreza, desempleo, bajos salarios y precariedad laboral. En este campo, es prioritario por lo pronto restaurar los servicios p\u00fablicos de salud, educaci\u00f3n y seguridad. De ah\u00ed la necesidad de emprender acciones directas para enfrentar esta aut\u00e9ntica deuda social, y \u00e9sta es una responsabilidad central e indelegable del Estado.<\/p><p>\u00a0<\/p><p>A su vez, la generaci\u00f3n de empleo tampoco puede librarse al ritmo de la recuperaci\u00f3n de la producci\u00f3n. Tambi\u00e9n aqu\u00ed cabe al Estado la funci\u00f3n de emprender obras que generen empleo genuino y al mismo tiempo sirvan para satisfacer necesidades en el campo de la vivienda, la infraestructura urbana y vial, y la provisi\u00f3n de otros bienes p\u00fablicos.<\/p><p>\u00a0<\/p><p>La reestructuraci\u00f3n de la deuda, en plazos, tasas y montos, tal como sostuvimos en septiembre de 2001, debe permitir que el Estado haga frente a estas demandas que la sociedad plantea como prioritarias y que exigen un esfuerzo sostenido a lo largo de varios a\u00f1os.<\/p><p>\u00a0<\/p><p>Se impone asimismo un esfuerzo nacional de ahorro y financiamiento, sustentado sobre una profunda reforma tributaria, que oriente la recaudaci\u00f3n hacia los sectores que acumularon ingresos y riquezas a lo largo de los \u00faltimos lustros y que, en general, fueron adem\u00e1s beneficiarios de las fuertes transferencias originadas en el derrumbe de la convertibilidad y la posterior devaluaci\u00f3n. No puede desconocerse que ha habido perdedores y ganadores: el cambio en los precios relativos implic\u00f3 una fuerte ca\u00edda de los salarios reales y un salto m\u00e1s en la tan regresiva redistribuci\u00f3n del ingreso que impusieron las pol\u00edticas neoliberales.<\/p><p>\u00a0<\/p><p>De ah\u00ed que los principios rectores de la reforma tributaria deben ser, a nuestro juicio: a) el combate m\u00e1s efectivo posible a la gran evasi\u00f3n y elusi\u00f3n ampliamente conocidas; b) la reasignaci\u00f3n de la carga tributaria, en funci\u00f3n de la capacidad contributiva. Esto implica apuntar a una reducci\u00f3n de la imposici\u00f3n al consumo, compens\u00e1ndola con mayores impuestos a la renta y la riqueza.<\/p><p>\u00a0<\/p><p>En este contexto, el super\u00e1vit fiscal primario comprometido con el FMI \u2013por naturaleza deflacionista- supone un severo sacrificio en materia de gasto p\u00fablico para destinarlo al pago de servicios por la deuda &#8220;excluida de la renegociaci\u00f3n&#8221;. Esto tiene por consecuencia reducir la capacidad del Estado y de la econom\u00eda en general pues, como dij\u00e9ramos en nuestro comunicado de agosto, \u201cconspira contra la atenci\u00f3n de urgentes necesidades sociales, la puesta en marcha del nuevo proyecto nacional, y aun la solvencia externa sustentable de la Naci\u00f3n.\u201d<\/p><p>\u00a0<\/p><p>Por \u00faltimo, es indispensable que estas medidas se encuadren en un marco orientador general, evitando iniciativas aisladas, y aun improvisadas. A tal fin, deseamos reiterar nuestro compromiso con la sociedad, como integrantes de la Universidad P\u00fablica, a fin de contribuir con nuestro trabajo a la meta de un crecimiento elevado y socialmente inclusivo.<\/p><p>\u00a0<\/p><p style=\"text-align: right;\"><strong>PLAN F\u00c9NIX<\/strong><br \/>Noviembre de 2003<\/p>\t\t\t\t\t\t\t\t<\/div>\n\t\t\t\t<\/div>\n\t\t\t\t\t<\/div>\n\t\t<\/div>\n\t\t\t\t\t<\/div>\n\t\t<\/section>\n\t\t\t\t<section class=\"elementor-section elementor-top-section elementor-element elementor-element-3ce9c6a elementor-section-boxed elementor-section-height-default elementor-section-height-default\" data-id=\"3ce9c6a\" data-element_type=\"section\" data-e-type=\"section\">\n\t\t\t\t\t\t<div class=\"elementor-container elementor-column-gap-default\">\n\t\t\t\t\t<div class=\"elementor-column elementor-col-100 elementor-top-column elementor-element elementor-element-b4cfd80\" data-id=\"b4cfd80\" data-element_type=\"column\" data-e-type=\"column\">\n\t\t\t<div class=\"elementor-widget-wrap elementor-element-populated\">\n\t\t\t\t\t\t<div class=\"elementor-element elementor-element-d421474 elementor-widget elementor-widget-html\" data-id=\"d421474\" data-element_type=\"widget\" data-e-type=\"widget\" data-widget_type=\"html.default\">\n\t\t\t\t<div class=\"elementor-widget-container\">\n\t\t\t\t\t<!-- AddToAny BEGIN -->\r\n<div class=\"a2a_kit a2a_kit_size_32 a2a_default_style\">\r\n<a class=\"a2a_dd\" href=\"https:\/\/www.addtoany.com\/share\"><\/a>\r\n<a class=\"a2a_button_x\"><\/a>\r\n<a class=\"a2a_button_facebook\"><\/a>\r\n<a class=\"a2a_button_whatsapp\"><\/a>\r\n<a class=\"a2a_button_telegram\"><\/a>\r\n<a class=\"a2a_button_google_gmail\"><\/a>\r\n<a class=\"a2a_button_printfriendly\"><\/a>\r\n<\/div>\r\n<script async src=\"https:\/\/static.addtoany.com\/menu\/page.js\"><\/script>\r\n<!-- AddToAny END -->\t\t\t\t<\/div>\n\t\t\t\t<\/div>\n\t\t\t\t\t<\/div>\n\t\t<\/div>\n\t\t\t\t\t<\/div>\n\t\t<\/section>\n\t\t\t\t<section class=\"elementor-section elementor-top-section elementor-element elementor-element-56bfaea elementor-section-height-min-height elementor-section-boxed elementor-section-height-default elementor-section-items-middle\" data-id=\"56bfaea\" data-element_type=\"section\" data-e-type=\"section\" data-settings=\"{&quot;background_background&quot;:&quot;classic&quot;}\">\n\t\t\t\t\t\t<div class=\"elementor-container elementor-column-gap-default\">\n\t\t\t\t\t<div class=\"elementor-column elementor-col-100 elementor-top-column elementor-element elementor-element-862b258\" data-id=\"862b258\" data-element_type=\"column\" data-e-type=\"column\">\n\t\t\t<div class=\"elementor-widget-wrap elementor-element-populated\">\n\t\t\t\t\t\t<div class=\"elementor-element elementor-element-a091f72 elementor-widget elementor-widget-text-editor\" data-id=\"a091f72\" data-element_type=\"widget\" data-e-type=\"widget\" data-widget_type=\"text-editor.default\">\n\t\t\t\t<div class=\"elementor-widget-container\">\n\t\t\t\t\t\t\t\t\t<h5 style=\"text-align: right;\"><span style=\"color: #ffffff;\">Encontranos en:<\/span><\/h5>\t\t\t\t\t\t\t\t<\/div>\n\t\t\t\t<\/div>\n\t\t\t\t<div class=\"elementor-element elementor-element-6dc27f5 e-grid-align-right elementor-shape-rounded elementor-grid-0 elementor-widget elementor-widget-social-icons\" data-id=\"6dc27f5\" data-element_type=\"widget\" data-e-type=\"widget\" data-widget_type=\"social-icons.default\">\n\t\t\t\t<div class=\"elementor-widget-container\">\n\t\t\t\t\t\t\t<div class=\"elementor-social-icons-wrapper elementor-grid\" role=\"list\">\n\t\t\t\t\t\t\t<span class=\"elementor-grid-item\" role=\"listitem\">\n\t\t\t\t\t<a class=\"elementor-icon elementor-social-icon elementor-social-icon-envelope elementor-repeater-item-d22c195\" href=\"mailto:fenix@economicas.uba.ar\" target=\"_blank\">\n\t\t\t\t\t\t<span class=\"elementor-screen-only\">Envelope<\/span>\n\t\t\t\t\t\t<i aria-hidden=\"true\" class=\"fas fa-envelope\"><\/i>\t\t\t\t\t<\/a>\n\t\t\t\t<\/span>\n\t\t\t\t\t\t\t<span class=\"elementor-grid-item\" role=\"listitem\">\n\t\t\t\t\t<a class=\"elementor-icon elementor-social-icon elementor-social-icon-whatsapp elementor-repeater-item-52f8805\" href=\"https:\/\/wa.me\/+5491156433950\/?text=Me%20gustar\u00eda%20sumarme%20a%20la%20lista%20de%20difusi\u00f3n\" target=\"_blank\">\n\t\t\t\t\t\t<span class=\"elementor-screen-only\">Whatsapp<\/span>\n\t\t\t\t\t\t<i aria-hidden=\"true\" class=\"fab fa-whatsapp\"><\/i>\t\t\t\t\t<\/a>\n\t\t\t\t<\/span>\n\t\t\t\t\t\t\t<span class=\"elementor-grid-item\" role=\"listitem\">\n\t\t\t\t\t<a class=\"elementor-icon elementor-social-icon elementor-social-icon-facebook elementor-repeater-item-b9fe72b\" href=\"https:\/\/www.facebook.com\/catedraplanfenix\/\" target=\"_blank\">\n\t\t\t\t\t\t<span class=\"elementor-screen-only\">Facebook<\/span>\n\t\t\t\t\t\t<i aria-hidden=\"true\" class=\"fab fa-facebook\"><\/i>\t\t\t\t\t<\/a>\n\t\t\t\t<\/span>\n\t\t\t\t\t\t\t<span class=\"elementor-grid-item\" role=\"listitem\">\n\t\t\t\t\t<a class=\"elementor-icon elementor-social-icon elementor-social-icon-x-twitter elementor-repeater-item-8cf7a5b\" href=\"https:\/\/x.com\/vocesenelfenix\" target=\"_blank\">\n\t\t\t\t\t\t<span class=\"elementor-screen-only\">X-twitter<\/span>\n\t\t\t\t\t\t<i aria-hidden=\"true\" class=\"fab fa-x-twitter\"><\/i>\t\t\t\t\t<\/a>\n\t\t\t\t<\/span>\n\t\t\t\t\t\t\t<span class=\"elementor-grid-item\" role=\"listitem\">\n\t\t\t\t\t<a class=\"elementor-icon elementor-social-icon elementor-social-icon-youtube elementor-repeater-item-178b3c4\" href=\"https:\/\/www.youtube.com\/user\/vocesenelfenix\" target=\"_blank\">\n\t\t\t\t\t\t<span class=\"elementor-screen-only\">Youtube<\/span>\n\t\t\t\t\t\t<i aria-hidden=\"true\" class=\"fab fa-youtube\"><\/i>\t\t\t\t\t<\/a>\n\t\t\t\t<\/span>\n\t\t\t\t\t\t\t<span class=\"elementor-grid-item\" role=\"listitem\">\n\t\t\t\t\t<a class=\"elementor-icon elementor-social-icon elementor-social-icon-instagram elementor-repeater-item-50700d0\" href=\"https:\/\/www.instagram.com\/planfenix\/\" target=\"_blank\">\n\t\t\t\t\t\t<span class=\"elementor-screen-only\">Instagram<\/span>\n\t\t\t\t\t\t<i aria-hidden=\"true\" class=\"fab fa-instagram\"><\/i>\t\t\t\t\t<\/a>\n\t\t\t\t<\/span>\n\t\t\t\t\t<\/div>\n\t\t\t\t\t\t<\/div>\n\t\t\t\t<\/div>\n\t\t\t\t\t<\/div>\n\t\t<\/div>\n\t\t\t\t\t<\/div>\n\t\t<\/section>\n\t\t\t\t<\/div>\n\t\t","protected":false},"excerpt":{"rendered":"<p>La reestructuraci\u00f3n de la deuda soberana en default:Condici\u00f3n necesaria pero no suficiente para crecer con equidad Descarg\u00e1 el PDF El Estado Nacional ha presentado una propuesta de reestructuraci\u00f3n de la<\/p>\n","protected":false},"author":5,"featured_media":0,"parent":9286,"menu_order":0,"comment_status":"closed","ping_status":"closed","template":"elementor_canvas","meta":{"footnotes":""},"class_list":["post-11464","page","type-page","status-publish","hentry"],"_links":{"self":[{"href":"https:\/\/www.economicas.uba.ar\/extension\/vocesenelfenix\/wp-json\/wp\/v2\/pages\/11464","targetHints":{"allow":["GET"]}}],"collection":[{"href":"https:\/\/www.economicas.uba.ar\/extension\/vocesenelfenix\/wp-json\/wp\/v2\/pages"}],"about":[{"href":"https:\/\/www.economicas.uba.ar\/extension\/vocesenelfenix\/wp-json\/wp\/v2\/types\/page"}],"author":[{"embeddable":true,"href":"https:\/\/www.economicas.uba.ar\/extension\/vocesenelfenix\/wp-json\/wp\/v2\/users\/5"}],"replies":[{"embeddable":true,"href":"https:\/\/www.economicas.uba.ar\/extension\/vocesenelfenix\/wp-json\/wp\/v2\/comments?post=11464"}],"version-history":[{"count":37,"href":"https:\/\/www.economicas.uba.ar\/extension\/vocesenelfenix\/wp-json\/wp\/v2\/pages\/11464\/revisions"}],"predecessor-version":[{"id":32250,"href":"https:\/\/www.economicas.uba.ar\/extension\/vocesenelfenix\/wp-json\/wp\/v2\/pages\/11464\/revisions\/32250"}],"up":[{"embeddable":true,"href":"https:\/\/www.economicas.uba.ar\/extension\/vocesenelfenix\/wp-json\/wp\/v2\/pages\/9286"}],"wp:attachment":[{"href":"https:\/\/www.economicas.uba.ar\/extension\/vocesenelfenix\/wp-json\/wp\/v2\/media?parent=11464"}],"curies":[{"name":"wp","href":"https:\/\/api.w.org\/{rel}","templated":true}]}}