{"id":11541,"date":"2004-09-01T01:01:00","date_gmt":"2004-09-01T04:01:00","guid":{"rendered":"https:\/\/www.economicas.uba.ar\/extension\/vocesenelfenix\/?page_id=11541"},"modified":"2026-03-20T11:15:14","modified_gmt":"2026-03-20T14:15:14","slug":"documento-pf-18","status":"publish","type":"page","link":"https:\/\/www.economicas.uba.ar\/extension\/vocesenelfenix\/documentos-y-declaraciones\/documento-pf-18\/","title":{"rendered":"Documento PF 18"},"content":{"rendered":"\t\t<div data-elementor-type=\"wp-page\" data-elementor-id=\"11541\" class=\"elementor elementor-11541\" data-elementor-post-type=\"page\">\n\t\t\t\t\t\t<section class=\"elementor-section elementor-top-section elementor-element elementor-element-5b49b4f elementor-section-full_width elementor-section-height-default elementor-section-height-default\" data-id=\"5b49b4f\" data-element_type=\"section\" data-e-type=\"section\" data-settings=\"{&quot;background_background&quot;:&quot;classic&quot;}\">\n\t\t\t\t\t\t<div class=\"elementor-container elementor-column-gap-wide\">\n\t\t\t\t\t<div class=\"elementor-column elementor-col-50 elementor-top-column elementor-element elementor-element-daa78f5\" data-id=\"daa78f5\" data-element_type=\"column\" data-e-type=\"column\" data-settings=\"{&quot;background_background&quot;:&quot;classic&quot;}\">\n\t\t\t<div class=\"elementor-widget-wrap elementor-element-populated\">\n\t\t\t\t\t\t<div class=\"elementor-element elementor-element-2aac179 elementor-widget elementor-widget-image\" data-id=\"2aac179\" data-element_type=\"widget\" data-e-type=\"widget\" data-widget_type=\"image.default\">\n\t\t\t\t<div class=\"elementor-widget-container\">\n\t\t\t\t\t\t\t\t\t\t\t\t\t\t\t\t<a href=\"https:\/\/www.economicas.uba.ar\/extension\/vocesenelfenix\/plan-fenix\/\">\n\t\t\t\t\t\t\t<img decoding=\"async\" width=\"100\" height=\"94\" src=\"https:\/\/www.economicas.uba.ar\/extension\/vocesenelfenix\/wp-content\/uploads\/fenix_blanco_Df-scaled-e1773843072776.gif\" class=\"attachment-sparkconstructionlite-thumbnail-5 size-sparkconstructionlite-thumbnail-5 wp-image-9038\" alt=\"\" \/>\t\t\t\t\t\t\t\t<\/a>\n\t\t\t\t\t\t\t\t\t\t\t\t\t\t\t<\/div>\n\t\t\t\t<\/div>\n\t\t\t\t\t<\/div>\n\t\t<\/div>\n\t\t\t\t<div class=\"elementor-column elementor-col-50 elementor-top-column elementor-element elementor-element-ad7f043\" data-id=\"ad7f043\" data-element_type=\"column\" data-e-type=\"column\">\n\t\t\t<div class=\"elementor-widget-wrap elementor-element-populated\">\n\t\t\t\t\t\t<div class=\"elementor-element elementor-element-6a3c8b2 elementor-nav-menu__align-end elementor-nav-menu--dropdown-tablet elementor-nav-menu__text-align-aside elementor-widget elementor-widget-nav-menu\" data-id=\"6a3c8b2\" data-element_type=\"widget\" data-e-type=\"widget\" data-settings=\"{&quot;layout&quot;:&quot;horizontal&quot;,&quot;submenu_icon&quot;:{&quot;value&quot;:&quot;&lt;i class=\\&quot;fas fa-caret-down\\&quot;&gt;&lt;\\\/i&gt;&quot;,&quot;library&quot;:&quot;fa-solid&quot;}}\" data-widget_type=\"nav-menu.default\">\n\t\t\t\t<div class=\"elementor-widget-container\">\n\t\t\t\t\t\t\t\t<nav aria-label=\"Menu\" class=\"elementor-nav-menu--main elementor-nav-menu__container elementor-nav-menu--layout-horizontal e--pointer-underline e--animation-fade\">\n\t\t\t\t<ul id=\"menu-1-6a3c8b2\" class=\"elementor-nav-menu\"><li class=\"menu-item menu-item-type-post_type menu-item-object-page menu-item-31734\"><a href=\"https:\/\/www.economicas.uba.ar\/extension\/vocesenelfenix\/plan-fenix\/\" class=\"elementor-item\">INICIO<\/a><\/li>\n<li class=\"menu-item menu-item-type-post_type menu-item-object-page menu-item-31730\"><a href=\"https:\/\/www.economicas.uba.ar\/extension\/vocesenelfenix\/quienes-somos-capf\/\" class=\"elementor-item\">QUI\u00c9NES SOMOS<\/a><\/li>\n<li class=\"menu-item menu-item-type-post_type menu-item-object-page menu-item-32196\"><a href=\"https:\/\/www.economicas.uba.ar\/extension\/vocesenelfenix\/boletines\/\" class=\"elementor-item\">BOLETINES<\/a><\/li>\n<li class=\"menu-item menu-item-type-post_type menu-item-object-page menu-item-31732\"><a href=\"https:\/\/www.economicas.uba.ar\/extension\/vocesenelfenix\/documentos-y-declaraciones\/\" class=\"elementor-item\">DOCUMENTOS <br>Y DECLARACIONES<\/a><\/li>\n<li class=\"menu-item menu-item-type-post_type menu-item-object-page menu-item-31731\"><a href=\"https:\/\/www.economicas.uba.ar\/extension\/vocesenelfenix\/presentaciones-publicas\/\" class=\"elementor-item\">PRESENTACIONES <br>P\u00daBLICAS<\/a><\/li>\n<li class=\"menu-item menu-item-type-custom menu-item-object-custom menu-item-home menu-item-31735\"><a href=\"https:\/\/www.economicas.uba.ar\/extension\/vocesenelfenix\/\" class=\"elementor-item\">VOCES EN EL F\u00c9NIX<\/a><\/li>\n<\/ul>\t\t\t<\/nav>\n\t\t\t\t\t\t<nav class=\"elementor-nav-menu--dropdown elementor-nav-menu__container\" aria-hidden=\"true\">\n\t\t\t\t<ul id=\"menu-2-6a3c8b2\" class=\"elementor-nav-menu\"><li class=\"menu-item menu-item-type-post_type menu-item-object-page menu-item-31734\"><a href=\"https:\/\/www.economicas.uba.ar\/extension\/vocesenelfenix\/plan-fenix\/\" class=\"elementor-item\" tabindex=\"-1\">INICIO<\/a><\/li>\n<li class=\"menu-item menu-item-type-post_type menu-item-object-page menu-item-31730\"><a href=\"https:\/\/www.economicas.uba.ar\/extension\/vocesenelfenix\/quienes-somos-capf\/\" class=\"elementor-item\" tabindex=\"-1\">QUI\u00c9NES SOMOS<\/a><\/li>\n<li class=\"menu-item menu-item-type-post_type menu-item-object-page menu-item-32196\"><a href=\"https:\/\/www.economicas.uba.ar\/extension\/vocesenelfenix\/boletines\/\" class=\"elementor-item\" tabindex=\"-1\">BOLETINES<\/a><\/li>\n<li class=\"menu-item menu-item-type-post_type menu-item-object-page menu-item-31732\"><a href=\"https:\/\/www.economicas.uba.ar\/extension\/vocesenelfenix\/documentos-y-declaraciones\/\" class=\"elementor-item\" tabindex=\"-1\">DOCUMENTOS <br>Y DECLARACIONES<\/a><\/li>\n<li class=\"menu-item menu-item-type-post_type menu-item-object-page menu-item-31731\"><a href=\"https:\/\/www.economicas.uba.ar\/extension\/vocesenelfenix\/presentaciones-publicas\/\" class=\"elementor-item\" tabindex=\"-1\">PRESENTACIONES <br>P\u00daBLICAS<\/a><\/li>\n<li class=\"menu-item menu-item-type-custom menu-item-object-custom menu-item-home menu-item-31735\"><a href=\"https:\/\/www.economicas.uba.ar\/extension\/vocesenelfenix\/\" class=\"elementor-item\" tabindex=\"-1\">VOCES EN EL F\u00c9NIX<\/a><\/li>\n<\/ul>\t\t\t<\/nav>\n\t\t\t\t\t\t<\/div>\n\t\t\t\t<\/div>\n\t\t\t\t\t<\/div>\n\t\t<\/div>\n\t\t\t\t\t<\/div>\n\t\t<\/section>\n\t\t\t\t<section class=\"elementor-section elementor-top-section elementor-element elementor-element-00ae1ca elementor-section-boxed elementor-section-height-default elementor-section-height-default\" data-id=\"00ae1ca\" data-element_type=\"section\" data-e-type=\"section\">\n\t\t\t\t\t\t\t<div class=\"elementor-background-overlay\"><\/div>\n\t\t\t\t\t\t\t<div class=\"elementor-container elementor-column-gap-default\">\n\t\t\t\t\t<div class=\"elementor-column elementor-col-100 elementor-top-column elementor-element elementor-element-83ffec6\" data-id=\"83ffec6\" data-element_type=\"column\" data-e-type=\"column\">\n\t\t\t<div class=\"elementor-widget-wrap elementor-element-populated\">\n\t\t\t\t\t\t<div class=\"elementor-element elementor-element-a56fc44 elementor-widget elementor-widget-text-editor\" data-id=\"a56fc44\" data-element_type=\"widget\" data-e-type=\"widget\" data-widget_type=\"text-editor.default\">\n\t\t\t\t<div class=\"elementor-widget-container\">\n\t\t\t\t\t\t\t\t\t<h3 style=\"text-align: center;\">Sobre ENARSA y la pol\u00edtica energ\u00e9tica:<br \/>\u00bfEl carro delante de los caballos?<\/h3>\t\t\t\t\t\t\t\t<\/div>\n\t\t\t\t<\/div>\n\t\t\t\t<div class=\"elementor-element elementor-element-5ef8acf elementor-align-right elementor-widget elementor-widget-button\" data-id=\"5ef8acf\" data-element_type=\"widget\" data-e-type=\"widget\" data-widget_type=\"button.default\">\n\t\t\t\t<div class=\"elementor-widget-container\">\n\t\t\t\t\t\t\t\t\t<div class=\"elementor-button-wrapper\">\n\t\t\t\t\t<a class=\"elementor-button elementor-button-link elementor-size-xs\" href=\"https:\/\/drive.google.com\/file\/d\/11VqtQ9QKB-rB14JU5eVWSqMVaPZu6_Oi\/view\" target=\"_blank\">\n\t\t\t\t\t\t<span class=\"elementor-button-content-wrapper\">\n\t\t\t\t\t\t\t\t\t<span class=\"elementor-button-text\">Descarg\u00e1 el PDF<\/span>\n\t\t\t\t\t<\/span>\n\t\t\t\t\t<\/a>\n\t\t\t\t<\/div>\n\t\t\t\t\t\t\t\t<\/div>\n\t\t\t\t<\/div>\n\t\t\t\t\t<\/div>\n\t\t<\/div>\n\t\t\t\t\t<\/div>\n\t\t<\/section>\n\t\t\t\t<section class=\"elementor-section elementor-top-section elementor-element elementor-element-febdead elementor-section-boxed elementor-section-height-default elementor-section-height-default\" data-id=\"febdead\" data-element_type=\"section\" data-e-type=\"section\">\n\t\t\t\t\t\t<div class=\"elementor-container elementor-column-gap-default\">\n\t\t\t\t\t<div class=\"elementor-column elementor-col-100 elementor-top-column elementor-element elementor-element-ee4dedb\" data-id=\"ee4dedb\" data-element_type=\"column\" data-e-type=\"column\">\n\t\t\t<div class=\"elementor-widget-wrap elementor-element-populated\">\n\t\t\t\t\t\t<div class=\"elementor-element elementor-element-b3f6ab4 elementor-widget elementor-widget-text-editor\" data-id=\"b3f6ab4\" data-element_type=\"widget\" data-e-type=\"widget\" data-widget_type=\"text-editor.default\">\n\t\t\t\t<div class=\"elementor-widget-container\">\n\t\t\t\t\t\t\t\t\t<p>Se encuentra actualmente en discusi\u00f3n parlamentaria un proyecto de ley referido a la constituci\u00f3n de una empresa energ\u00e9tica estatal, ENARSA. La importancia de la cuesti\u00f3n energ\u00e9tica amerita una reflexi\u00f3n acerca del tema y, desde una perspectiva m\u00e1s amplia, acerca de las pol\u00edticas energ\u00e9ticas que la Argentina demanda, para asegurar un sendero de desarrollo sostenido con equidad.<\/p><p><br \/>Desde el Plan F\u00e9nix hemos sostenido una postura clara, en el sentido de que la energ\u00eda debe ser objeto de una activa pol\u00edtica estatal, en tanto cuesti\u00f3n estrat\u00e9gica (tal como ocurre en todas las naciones). En particular, sosten\u00edamos en nuestro documento del a\u00f1o 2002 lo siguiente:<\/p><p style=\"padding-left: 40px;\"><br \/><em>\u201cLa autoridad p\u00fablica debe asumir la definici\u00f3n e implementaci\u00f3n de las pol\u00edticas y el planeamiento estrat\u00e9gico del sector el\u00e9ctrico y de hidrocarburos, con participaci\u00f3n del sector privado, pero con el objetivo de que la Argentina recupere su renta petrolera y consolide la ventaja competitiva de contar con energ\u00eda barata.<\/em><\/p><p style=\"padding-left: 40px;\"><br \/><em>El estado fijar\u00e1 los precios de los hidrocarburos, en todas sus etapas, en funci\u00f3n principalmente de los costos internos, pero considerando tambi\u00e9n las tendencias de largo plazo de los precios internacionales.<\/em><\/p><p style=\"padding-left: 40px;\"><br \/><em>Se deber\u00e1 realizar un escrutinio preciso e independiente del nivel de reservas y su evoluci\u00f3n. Es necesario establecer un programa estricto de inversiones en esta materia, determinando las responsabilidades que les caben al sector p\u00fablico y al privado.<\/em><\/p><p style=\"padding-left: 40px;\"><br \/><em>Se deber\u00e1 proceder a la revisi\u00f3n de las condiciones de privatizaci\u00f3n, revirtiendo al estado aquellos casos de constatada ilegalidad, para lo cual se deber\u00e1 crear un ente estatal para hidrocarburos, en coexistencia con el sector privado.<\/em><\/p><p style=\"padding-left: 40px;\"><br \/><em>En lo que ata\u00f1e al mercado mayorista el\u00e9ctrico, se propone mantener el criterio de fijar precios seg\u00fan costos marginales, corrigiendo eventuales distorsiones por la entrada de m\u00e1quinas de alto costo marginal.<\/em><\/p><p style=\"padding-left: 40px;\"><br \/><em>En lo que ata\u00f1e a transporte, deber\u00e1 redefinirse el marco regulatorio vigente, a fin de viabilizar la construcci\u00f3n de obras de ampliaci\u00f3n pendientes\u201d.<\/em><\/p><p><br \/>M\u00e1s all\u00e1 de estas consideraciones de largo plazo, el episodio de restricci\u00f3n en la oferta de gas del pasado mes de marzo ha ratificado por cierto la necesidad de contar con una presencia activa del Estado. A ello parecer\u00eda apuntar el proyecto de creaci\u00f3n de ENARSA. Se abrir\u00eda as\u00ed una oportunidad \u2013bienvenida\u2013 para que ello pueda materializarse.<\/p><p><br \/>Sin perjuicio de esta consideraci\u00f3n, estimamos oportunas algunas consideraciones.<\/p><p><br \/>En primer lugar, compartimos la inquietud de quienes han puntualizado \u2013desde distintos \u00e1mbitos\u2013 aspectos susceptibles de mejora en el proyecto de ley. En particular, se requiere determinar la efectiva naturaleza jur\u00eddica del ente a crear, asegurando su car\u00e1cter p\u00fablico; deben aventarse las pretensiones antojadizas de que la empresa adopte una forma societaria de car\u00e1cter privado, liberada en consecuencia de los controles propios de entidades p\u00fablicas. Asimismo, deben establecerse con claridad sus competencias, reservando las facultades regulatorias e informativas a la administraci\u00f3n del Estado.<\/p><p><br \/>Es imperativo adem\u00e1s encuadrar el proyecto de ENARSA en un marco de s\u00f3lidas pol\u00edticas sectoriales. Ellas deben revertir las orientaciones instauradas que condujeron al retiro del Estado, dejando librado un tema estrat\u00e9gico a las fuerzas de los mercados en los que predomina la concentraci\u00f3n de la oferta.<\/p><p><br \/>Al respecto, es necesario reconocer que no se registran reorientaciones palpables en la pol\u00edtica energ\u00e9tica oficial, m\u00e1s all\u00e1 de la intervenci\u00f3n dictada por las urgencias coyunturales verificadas a partir del quiebre del r\u00e9gimen de Convertibilidad y la iniciativa \u2013demorada aunque bienvenida\u2013 de capturar parcialmente a trav\u00e9s de las retenciones a las exportaciones la \u201csuper renta petrolera\u201d que generan en la Argentina los actuales precios internacionales del crudo (y, simult\u00e1neamente, intentar moderar los precios locales de la energ\u00eda).<\/p><p><br \/>Estamos frente a una sucesi\u00f3n de decisiones, que distan de responder a una estrategia expl\u00edcita e integral. En este contexto, se est\u00e1n determinando, por ejemplo, diversos ajustes tarifarios en el suministro de energ\u00eda el\u00e9ctrica, como as\u00ed tambi\u00e9n la ejecuci\u00f3n de obras varias en las redes de transporte de gas y electricidad (con el concurso de recursos de fondos fiduciarios), decisiones que no siempre parecen responder a criterios de racionalidad. En definitiva, el marco general que regula las actividades del sector energ\u00e9tico no parece estar en discusi\u00f3n.<\/p><p><br \/>En el caso espec\u00edfico de la empresa de energ\u00eda, si se considera cada proyecto de la empresa como unidad de negocios que debe dar por s\u00ed una adecuada rentabilidad, es probable que se deje de lado su funci\u00f3n esencial que es asegurar el abastecimiento de las necesidades energ\u00e9ticas, con calidad adecuada y precios que internalicen las rentas de los recursos naturales utilizados.<\/p><p><br \/>La creaci\u00f3n de ENARSA, como est\u00e1 planteada en el proyecto aprobado por el Senado, no garantiza, pese a la amplitud de facultades que se le atribuyen, la concreci\u00f3n de nuevas pol\u00edticas, aunque la discusi\u00f3n acerca de su pertinencia puede ayudar a abrir una instancia en ese sentido. Corresponde advertir que el eventual fracaso o inoperancia de esta iniciativa contribuir\u00eda a deslegitimar el accionar del Estado y, en consecuencia, a dar aliento a aqu\u00e9llos que quieren reducir al m\u00ednimo sus facultades ya sea por razones ideol\u00f3gicas o por mero inter\u00e9s.<\/p><p><br \/>Creemos entonces que resulta indispensable una definici\u00f3n acerca de la estrategia que requiere el abordaje de los problemas que aquejan al sector energ\u00e9tico en nuestro pa\u00eds. Una vez avanzado el tratamiento de este tema, la naturaleza y envergadura del proyecto ENARSA podr\u00e1n ser definidas con claridad y fundamentos apropiados, de modo consistente con el patr\u00f3n de crecimiento con equidad que nuestro pa\u00eds necesita.<\/p><p style=\"text-align: right;\"><br \/><strong>Plan F\u00e9nix<\/strong><br \/><strong>Proyecto Estrat\u00e9gico de la Universidad de Buenos Aires<\/strong><br \/>Septiembre de 2004<\/p>\t\t\t\t\t\t\t\t<\/div>\n\t\t\t\t<\/div>\n\t\t\t\t\t<\/div>\n\t\t<\/div>\n\t\t\t\t\t<\/div>\n\t\t<\/section>\n\t\t\t\t<section class=\"elementor-section elementor-top-section elementor-element elementor-element-b0cea5b elementor-section-boxed elementor-section-height-default elementor-section-height-default\" data-id=\"b0cea5b\" data-element_type=\"section\" data-e-type=\"section\">\n\t\t\t\t\t\t<div class=\"elementor-container elementor-column-gap-default\">\n\t\t\t\t\t<div class=\"elementor-column elementor-col-100 elementor-top-column elementor-element elementor-element-d8b0bc0\" data-id=\"d8b0bc0\" data-element_type=\"column\" data-e-type=\"column\">\n\t\t\t<div class=\"elementor-widget-wrap elementor-element-populated\">\n\t\t\t\t\t\t<div class=\"elementor-element elementor-element-70acafb elementor-widget elementor-widget-html\" data-id=\"70acafb\" data-element_type=\"widget\" data-e-type=\"widget\" data-widget_type=\"html.default\">\n\t\t\t\t<div class=\"elementor-widget-container\">\n\t\t\t\t\t<!-- AddToAny BEGIN -->\r\n<div class=\"a2a_kit a2a_kit_size_32 a2a_default_style\">\r\n<a class=\"a2a_dd\" href=\"https:\/\/www.addtoany.com\/share\"><\/a>\r\n<a class=\"a2a_button_x\"><\/a>\r\n<a class=\"a2a_button_facebook\"><\/a>\r\n<a class=\"a2a_button_whatsapp\"><\/a>\r\n<a class=\"a2a_button_telegram\"><\/a>\r\n<a class=\"a2a_button_google_gmail\"><\/a>\r\n<a class=\"a2a_button_printfriendly\"><\/a>\r\n<\/div>\r\n<script async src=\"https:\/\/static.addtoany.com\/menu\/page.js\"><\/script>\r\n<!-- AddToAny END -->\t\t\t\t<\/div>\n\t\t\t\t<\/div>\n\t\t\t\t\t<\/div>\n\t\t<\/div>\n\t\t\t\t\t<\/div>\n\t\t<\/section>\n\t\t\t\t<section class=\"elementor-section elementor-top-section elementor-element elementor-element-b4ea5c0 elementor-section-height-min-height elementor-section-boxed elementor-section-height-default elementor-section-items-middle\" data-id=\"b4ea5c0\" data-element_type=\"section\" data-e-type=\"section\" data-settings=\"{&quot;background_background&quot;:&quot;classic&quot;}\">\n\t\t\t\t\t\t<div class=\"elementor-container elementor-column-gap-default\">\n\t\t\t\t\t<div class=\"elementor-column elementor-col-100 elementor-top-column elementor-element elementor-element-1847429\" data-id=\"1847429\" data-element_type=\"column\" data-e-type=\"column\">\n\t\t\t<div class=\"elementor-widget-wrap elementor-element-populated\">\n\t\t\t\t\t\t<div class=\"elementor-element elementor-element-72520fe elementor-widget elementor-widget-text-editor\" data-id=\"72520fe\" data-element_type=\"widget\" data-e-type=\"widget\" data-widget_type=\"text-editor.default\">\n\t\t\t\t<div class=\"elementor-widget-container\">\n\t\t\t\t\t\t\t\t\t<h5 style=\"text-align: right;\"><span style=\"color: #ffffff;\">Encontranos en:<\/span><\/h5>\t\t\t\t\t\t\t\t<\/div>\n\t\t\t\t<\/div>\n\t\t\t\t<div class=\"elementor-element elementor-element-a746489 e-grid-align-right elementor-shape-rounded elementor-grid-0 elementor-widget elementor-widget-social-icons\" data-id=\"a746489\" data-element_type=\"widget\" data-e-type=\"widget\" data-widget_type=\"social-icons.default\">\n\t\t\t\t<div class=\"elementor-widget-container\">\n\t\t\t\t\t\t\t<div class=\"elementor-social-icons-wrapper elementor-grid\" role=\"list\">\n\t\t\t\t\t\t\t<span class=\"elementor-grid-item\" role=\"listitem\">\n\t\t\t\t\t<a class=\"elementor-icon elementor-social-icon elementor-social-icon-envelope elementor-repeater-item-d22c195\" href=\"mailto:fenix@economicas.uba.ar\" target=\"_blank\">\n\t\t\t\t\t\t<span class=\"elementor-screen-only\">Envelope<\/span>\n\t\t\t\t\t\t<i aria-hidden=\"true\" class=\"fas fa-envelope\"><\/i>\t\t\t\t\t<\/a>\n\t\t\t\t<\/span>\n\t\t\t\t\t\t\t<span class=\"elementor-grid-item\" role=\"listitem\">\n\t\t\t\t\t<a class=\"elementor-icon elementor-social-icon elementor-social-icon-whatsapp elementor-repeater-item-52f8805\" href=\"https:\/\/wa.me\/+5491156433950\/?text=Me%20gustar\u00eda%20sumarme%20a%20la%20lista%20de%20difusi\u00f3n\" target=\"_blank\">\n\t\t\t\t\t\t<span class=\"elementor-screen-only\">Whatsapp<\/span>\n\t\t\t\t\t\t<i aria-hidden=\"true\" class=\"fab fa-whatsapp\"><\/i>\t\t\t\t\t<\/a>\n\t\t\t\t<\/span>\n\t\t\t\t\t\t\t<span class=\"elementor-grid-item\" role=\"listitem\">\n\t\t\t\t\t<a class=\"elementor-icon elementor-social-icon elementor-social-icon-facebook elementor-repeater-item-b9fe72b\" href=\"https:\/\/www.facebook.com\/catedraplanfenix\/\" target=\"_blank\">\n\t\t\t\t\t\t<span class=\"elementor-screen-only\">Facebook<\/span>\n\t\t\t\t\t\t<i aria-hidden=\"true\" class=\"fab fa-facebook\"><\/i>\t\t\t\t\t<\/a>\n\t\t\t\t<\/span>\n\t\t\t\t\t\t\t<span class=\"elementor-grid-item\" role=\"listitem\">\n\t\t\t\t\t<a class=\"elementor-icon elementor-social-icon elementor-social-icon-x-twitter elementor-repeater-item-8cf7a5b\" href=\"https:\/\/x.com\/vocesenelfenix\" target=\"_blank\">\n\t\t\t\t\t\t<span class=\"elementor-screen-only\">X-twitter<\/span>\n\t\t\t\t\t\t<i aria-hidden=\"true\" class=\"fab fa-x-twitter\"><\/i>\t\t\t\t\t<\/a>\n\t\t\t\t<\/span>\n\t\t\t\t\t\t\t<span class=\"elementor-grid-item\" role=\"listitem\">\n\t\t\t\t\t<a class=\"elementor-icon elementor-social-icon elementor-social-icon-youtube elementor-repeater-item-178b3c4\" href=\"https:\/\/www.youtube.com\/user\/vocesenelfenix\" target=\"_blank\">\n\t\t\t\t\t\t<span class=\"elementor-screen-only\">Youtube<\/span>\n\t\t\t\t\t\t<i aria-hidden=\"true\" class=\"fab fa-youtube\"><\/i>\t\t\t\t\t<\/a>\n\t\t\t\t<\/span>\n\t\t\t\t\t\t\t<span class=\"elementor-grid-item\" role=\"listitem\">\n\t\t\t\t\t<a class=\"elementor-icon elementor-social-icon elementor-social-icon-instagram elementor-repeater-item-50700d0\" href=\"https:\/\/www.instagram.com\/planfenix\/\" target=\"_blank\">\n\t\t\t\t\t\t<span class=\"elementor-screen-only\">Instagram<\/span>\n\t\t\t\t\t\t<i aria-hidden=\"true\" class=\"fab fa-instagram\"><\/i>\t\t\t\t\t<\/a>\n\t\t\t\t<\/span>\n\t\t\t\t\t<\/div>\n\t\t\t\t\t\t<\/div>\n\t\t\t\t<\/div>\n\t\t\t\t\t<\/div>\n\t\t<\/div>\n\t\t\t\t\t<\/div>\n\t\t<\/section>\n\t\t\t\t<\/div>\n\t\t","protected":false},"excerpt":{"rendered":"<p>Sobre ENARSA y la pol\u00edtica energ\u00e9tica:\u00bfEl carro delante de los caballos? Descarg\u00e1 el PDF Se encuentra actualmente en discusi\u00f3n parlamentaria un proyecto de ley referido a la constituci\u00f3n de una<\/p>\n","protected":false},"author":5,"featured_media":0,"parent":9286,"menu_order":0,"comment_status":"closed","ping_status":"closed","template":"elementor_canvas","meta":{"footnotes":""},"class_list":["post-11541","page","type-page","status-publish","hentry"],"_links":{"self":[{"href":"https:\/\/www.economicas.uba.ar\/extension\/vocesenelfenix\/wp-json\/wp\/v2\/pages\/11541","targetHints":{"allow":["GET"]}}],"collection":[{"href":"https:\/\/www.economicas.uba.ar\/extension\/vocesenelfenix\/wp-json\/wp\/v2\/pages"}],"about":[{"href":"https:\/\/www.economicas.uba.ar\/extension\/vocesenelfenix\/wp-json\/wp\/v2\/types\/page"}],"author":[{"embeddable":true,"href":"https:\/\/www.economicas.uba.ar\/extension\/vocesenelfenix\/wp-json\/wp\/v2\/users\/5"}],"replies":[{"embeddable":true,"href":"https:\/\/www.economicas.uba.ar\/extension\/vocesenelfenix\/wp-json\/wp\/v2\/comments?post=11541"}],"version-history":[{"count":22,"href":"https:\/\/www.economicas.uba.ar\/extension\/vocesenelfenix\/wp-json\/wp\/v2\/pages\/11541\/revisions"}],"predecessor-version":[{"id":32259,"href":"https:\/\/www.economicas.uba.ar\/extension\/vocesenelfenix\/wp-json\/wp\/v2\/pages\/11541\/revisions\/32259"}],"up":[{"embeddable":true,"href":"https:\/\/www.economicas.uba.ar\/extension\/vocesenelfenix\/wp-json\/wp\/v2\/pages\/9286"}],"wp:attachment":[{"href":"https:\/\/www.economicas.uba.ar\/extension\/vocesenelfenix\/wp-json\/wp\/v2\/media?parent=11541"}],"curies":[{"name":"wp","href":"https:\/\/api.w.org\/{rel}","templated":true}]}}