{"id":11741,"date":"2018-04-01T01:01:00","date_gmt":"2018-04-01T04:01:00","guid":{"rendered":"https:\/\/www.economicas.uba.ar\/extension\/vocesenelfenix\/?page_id=11741"},"modified":"2026-03-20T16:10:29","modified_gmt":"2026-03-20T19:10:29","slug":"documento-pf-38","status":"publish","type":"page","link":"https:\/\/www.economicas.uba.ar\/extension\/vocesenelfenix\/documentos-y-declaraciones\/documento-pf-38\/","title":{"rendered":"Documento PF 38"},"content":{"rendered":"\t\t<div data-elementor-type=\"wp-page\" data-elementor-id=\"11741\" class=\"elementor elementor-11741\" data-elementor-post-type=\"page\">\n\t\t\t\t\t\t<section class=\"elementor-section elementor-top-section elementor-element elementor-element-77a66a6 elementor-section-full_width elementor-section-height-default elementor-section-height-default\" data-id=\"77a66a6\" data-element_type=\"section\" data-e-type=\"section\" data-settings=\"{&quot;background_background&quot;:&quot;classic&quot;}\">\n\t\t\t\t\t\t<div class=\"elementor-container elementor-column-gap-wide\">\n\t\t\t\t\t<div class=\"elementor-column elementor-col-50 elementor-top-column elementor-element elementor-element-5507a97\" data-id=\"5507a97\" data-element_type=\"column\" data-e-type=\"column\" data-settings=\"{&quot;background_background&quot;:&quot;classic&quot;}\">\n\t\t\t<div class=\"elementor-widget-wrap elementor-element-populated\">\n\t\t\t\t\t\t<div class=\"elementor-element elementor-element-313e66d elementor-widget elementor-widget-image\" data-id=\"313e66d\" data-element_type=\"widget\" data-e-type=\"widget\" data-widget_type=\"image.default\">\n\t\t\t\t<div class=\"elementor-widget-container\">\n\t\t\t\t\t\t\t\t\t\t\t\t\t\t\t\t<a href=\"https:\/\/www.economicas.uba.ar\/extension\/vocesenelfenix\/plan-fenix\/\">\n\t\t\t\t\t\t\t<img decoding=\"async\" width=\"100\" height=\"94\" src=\"https:\/\/www.economicas.uba.ar\/extension\/vocesenelfenix\/wp-content\/uploads\/fenix_blanco_Df-scaled-e1773843072776.gif\" class=\"attachment-sparkconstructionlite-thumbnail-5 size-sparkconstructionlite-thumbnail-5 wp-image-9038\" alt=\"\" \/>\t\t\t\t\t\t\t\t<\/a>\n\t\t\t\t\t\t\t\t\t\t\t\t\t\t\t<\/div>\n\t\t\t\t<\/div>\n\t\t\t\t\t<\/div>\n\t\t<\/div>\n\t\t\t\t<div class=\"elementor-column elementor-col-50 elementor-top-column elementor-element elementor-element-5bad230\" data-id=\"5bad230\" data-element_type=\"column\" data-e-type=\"column\">\n\t\t\t<div class=\"elementor-widget-wrap elementor-element-populated\">\n\t\t\t\t\t\t<div class=\"elementor-element elementor-element-2cefb01 elementor-nav-menu__align-end elementor-nav-menu--dropdown-tablet elementor-nav-menu__text-align-aside elementor-widget elementor-widget-nav-menu\" data-id=\"2cefb01\" data-element_type=\"widget\" data-e-type=\"widget\" data-settings=\"{&quot;layout&quot;:&quot;horizontal&quot;,&quot;submenu_icon&quot;:{&quot;value&quot;:&quot;&lt;i class=\\&quot;fas fa-caret-down\\&quot;&gt;&lt;\\\/i&gt;&quot;,&quot;library&quot;:&quot;fa-solid&quot;}}\" data-widget_type=\"nav-menu.default\">\n\t\t\t\t<div class=\"elementor-widget-container\">\n\t\t\t\t\t\t\t\t<nav aria-label=\"Menu\" class=\"elementor-nav-menu--main elementor-nav-menu__container elementor-nav-menu--layout-horizontal e--pointer-underline e--animation-fade\">\n\t\t\t\t<ul id=\"menu-1-2cefb01\" class=\"elementor-nav-menu\"><li class=\"menu-item menu-item-type-post_type menu-item-object-page menu-item-31734\"><a href=\"https:\/\/www.economicas.uba.ar\/extension\/vocesenelfenix\/plan-fenix\/\" class=\"elementor-item\">INICIO<\/a><\/li>\n<li class=\"menu-item menu-item-type-post_type menu-item-object-page menu-item-31730\"><a href=\"https:\/\/www.economicas.uba.ar\/extension\/vocesenelfenix\/quienes-somos-capf\/\" class=\"elementor-item\">QUI\u00c9NES SOMOS<\/a><\/li>\n<li class=\"menu-item menu-item-type-post_type menu-item-object-page menu-item-32196\"><a href=\"https:\/\/www.economicas.uba.ar\/extension\/vocesenelfenix\/boletines\/\" class=\"elementor-item\">BOLETINES<\/a><\/li>\n<li class=\"menu-item menu-item-type-post_type menu-item-object-page menu-item-31732\"><a href=\"https:\/\/www.economicas.uba.ar\/extension\/vocesenelfenix\/documentos-y-declaraciones\/\" class=\"elementor-item\">DOCUMENTOS <br>Y DECLARACIONES<\/a><\/li>\n<li class=\"menu-item menu-item-type-post_type menu-item-object-page menu-item-31731\"><a href=\"https:\/\/www.economicas.uba.ar\/extension\/vocesenelfenix\/presentaciones-publicas\/\" class=\"elementor-item\">PRESENTACIONES <br>P\u00daBLICAS<\/a><\/li>\n<li class=\"menu-item menu-item-type-custom menu-item-object-custom menu-item-home menu-item-31735\"><a href=\"https:\/\/www.economicas.uba.ar\/extension\/vocesenelfenix\/\" class=\"elementor-item\">VOCES EN EL F\u00c9NIX<\/a><\/li>\n<\/ul>\t\t\t<\/nav>\n\t\t\t\t\t\t<nav class=\"elementor-nav-menu--dropdown elementor-nav-menu__container\" aria-hidden=\"true\">\n\t\t\t\t<ul id=\"menu-2-2cefb01\" class=\"elementor-nav-menu\"><li class=\"menu-item menu-item-type-post_type menu-item-object-page menu-item-31734\"><a href=\"https:\/\/www.economicas.uba.ar\/extension\/vocesenelfenix\/plan-fenix\/\" class=\"elementor-item\" tabindex=\"-1\">INICIO<\/a><\/li>\n<li class=\"menu-item menu-item-type-post_type menu-item-object-page menu-item-31730\"><a href=\"https:\/\/www.economicas.uba.ar\/extension\/vocesenelfenix\/quienes-somos-capf\/\" class=\"elementor-item\" tabindex=\"-1\">QUI\u00c9NES SOMOS<\/a><\/li>\n<li class=\"menu-item menu-item-type-post_type menu-item-object-page menu-item-32196\"><a href=\"https:\/\/www.economicas.uba.ar\/extension\/vocesenelfenix\/boletines\/\" class=\"elementor-item\" tabindex=\"-1\">BOLETINES<\/a><\/li>\n<li class=\"menu-item menu-item-type-post_type menu-item-object-page menu-item-31732\"><a href=\"https:\/\/www.economicas.uba.ar\/extension\/vocesenelfenix\/documentos-y-declaraciones\/\" class=\"elementor-item\" tabindex=\"-1\">DOCUMENTOS <br>Y DECLARACIONES<\/a><\/li>\n<li class=\"menu-item menu-item-type-post_type menu-item-object-page menu-item-31731\"><a href=\"https:\/\/www.economicas.uba.ar\/extension\/vocesenelfenix\/presentaciones-publicas\/\" class=\"elementor-item\" tabindex=\"-1\">PRESENTACIONES <br>P\u00daBLICAS<\/a><\/li>\n<li class=\"menu-item menu-item-type-custom menu-item-object-custom menu-item-home menu-item-31735\"><a href=\"https:\/\/www.economicas.uba.ar\/extension\/vocesenelfenix\/\" class=\"elementor-item\" tabindex=\"-1\">VOCES EN EL F\u00c9NIX<\/a><\/li>\n<\/ul>\t\t\t<\/nav>\n\t\t\t\t\t\t<\/div>\n\t\t\t\t<\/div>\n\t\t\t\t\t<\/div>\n\t\t<\/div>\n\t\t\t\t\t<\/div>\n\t\t<\/section>\n\t\t\t\t<section class=\"elementor-section elementor-top-section elementor-element elementor-element-c4e21c3 elementor-section-boxed elementor-section-height-default elementor-section-height-default\" data-id=\"c4e21c3\" data-element_type=\"section\" data-e-type=\"section\">\n\t\t\t\t\t\t\t<div class=\"elementor-background-overlay\"><\/div>\n\t\t\t\t\t\t\t<div class=\"elementor-container elementor-column-gap-default\">\n\t\t\t\t\t<div class=\"elementor-column elementor-col-100 elementor-top-column elementor-element elementor-element-c159913\" data-id=\"c159913\" data-element_type=\"column\" data-e-type=\"column\">\n\t\t\t<div class=\"elementor-widget-wrap elementor-element-populated\">\n\t\t\t\t\t\t<div class=\"elementor-element elementor-element-9720752 elementor-widget elementor-widget-text-editor\" data-id=\"9720752\" data-element_type=\"widget\" data-e-type=\"widget\" data-widget_type=\"text-editor.default\">\n\t\t\t\t<div class=\"elementor-widget-container\">\n\t\t\t\t\t\t\t\t\t<h3 style=\"text-align: center;\">Declaraci\u00f3n sobre la situaci\u00f3n actual de Brasil<br \/>\u00a0<\/h3>\t\t\t\t\t\t\t\t<\/div>\n\t\t\t\t<\/div>\n\t\t\t\t<div class=\"elementor-element elementor-element-62d7a86 elementor-align-right elementor-widget elementor-widget-button\" data-id=\"62d7a86\" data-element_type=\"widget\" data-e-type=\"widget\" data-widget_type=\"button.default\">\n\t\t\t\t<div class=\"elementor-widget-container\">\n\t\t\t\t\t\t\t\t\t<div class=\"elementor-button-wrapper\">\n\t\t\t\t\t<a class=\"elementor-button elementor-button-link elementor-size-xs\" href=\"https:\/\/drive.google.com\/file\/d\/1UaQvvp5OHpKmqAvjm48R9aOWvOGJZW8j\/view\" target=\"_blank\">\n\t\t\t\t\t\t<span class=\"elementor-button-content-wrapper\">\n\t\t\t\t\t\t\t\t\t<span class=\"elementor-button-text\">Descarg\u00e1 el PDF<\/span>\n\t\t\t\t\t<\/span>\n\t\t\t\t\t<\/a>\n\t\t\t\t<\/div>\n\t\t\t\t\t\t\t\t<\/div>\n\t\t\t\t<\/div>\n\t\t\t\t\t<\/div>\n\t\t<\/div>\n\t\t\t\t\t<\/div>\n\t\t<\/section>\n\t\t\t\t<section class=\"elementor-section elementor-top-section elementor-element elementor-element-a11838a elementor-section-boxed elementor-section-height-default elementor-section-height-default\" data-id=\"a11838a\" data-element_type=\"section\" data-e-type=\"section\">\n\t\t\t\t\t\t<div class=\"elementor-container elementor-column-gap-default\">\n\t\t\t\t\t<div class=\"elementor-column elementor-col-100 elementor-top-column elementor-element elementor-element-b2c4510\" data-id=\"b2c4510\" data-element_type=\"column\" data-e-type=\"column\">\n\t\t\t<div class=\"elementor-widget-wrap elementor-element-populated\">\n\t\t\t\t\t\t<div class=\"elementor-element elementor-element-23ecea6 elementor-widget elementor-widget-text-editor\" data-id=\"23ecea6\" data-element_type=\"widget\" data-e-type=\"widget\" data-widget_type=\"text-editor.default\">\n\t\t\t\t<div class=\"elementor-widget-container\">\n\t\t\t\t\t\t\t\t\t<p>La prisi\u00f3n de Luiz In\u00e1cio Lula da Silva, expresidente de Brasil, constituye un evento de gran impacto. Generan honda preocupaci\u00f3n los arbitrarios fundamentos del fallo, sustentado en las \u201c\u00edntimas convicciones\u201d de un fiscal y en noticias period\u00edsticas no avaladas en sede judicial, a falta de pruebas reales y consistentes, as\u00ed como la intencionalidad evidente de proscribir a Lula con vistas a la pr\u00f3xima elecci\u00f3n presidencial.<\/p><p><br \/>M\u00e1s all\u00e1 de la prolongada sucesi\u00f3n de episodios tortuosos que culminan en esta decisi\u00f3n judicial, el contexto en el que ella ocurre solo puede agregar aprensi\u00f3n. Brasil vive hoy una profunda crisis pol\u00edtica, a partir de la destituci\u00f3n, sobre bases absolutamente endebles, de la presidenta Dilma Roussef, en un clima de gran tensi\u00f3n y violencia. Se ha inducido un fuerte resentimiento hacia las medidas redistributivas e inclusivas que propiciaron los gobiernos del Partido de los Trabajadores a partir del a\u00f1o 2003. Este resentimiento ha sido luego capitalizado pol\u00edticamente. Una parte importante de los medios period\u00edsticos ha participado abiertamente de este proceso.<\/p><p><br \/>Solo para mencionar hechos recientes, preocupa el asesinato de una concejala en la ciudad de R\u00edo de Janeiro, Marielle Franco, y el ataque con armas de fuego a una caravana del Partido de los Trabajadores. M\u00e1s alarmante aun, estos hechos no han recibido un repudio generalizado; han sido justificados, incluso por la voz de l\u00edderes pol\u00edticos.<\/p><p><br \/>Otros hechos son igualmente tan inquietantes como condenables. El Gobierno Federal ha decidido movilizar al Ej\u00e9rcito con el presunto prop\u00f3sito de combatir el delito en la ciudad de R\u00edo de Janeiro. Esta decisi\u00f3n se vio respaldada por una ley sancionada en octubre de 2017, por la que se establece la jurisdicci\u00f3n de la justicia militar en las acciones realizadas en \u00e1mbitos civiles, sustrayendo estas acciones de la justicia ordinaria. Consideramos que se trata de una virtual carta blanca para operaciones represivas sin restricciones legales y que esta tendencia al autoritarismo del gobierno por la que se incrementa la presencia militar puede desembocar en situaciones de violencia a\u00fan mayores.<\/p><p><br \/>Por otro lado, ha habido declaraciones que desembozadamente han presionado en favor de una mayor presencia militar; algunas de ellas se relacionaron con el resultado del procesamiento del expresidente Lula, incluyendo menciones expl\u00edcitas a derramamientos de sangre. La reacci\u00f3n a estas expresiones ha sido muy tibia.<\/p><p><br \/>Estos hechos parecen apuntar a una mayor presencia de las fuerzas armadas en el gobierno del pa\u00eds, acompa\u00f1ando la descomposici\u00f3n de la gesti\u00f3n presidencial, encarnada por el Presidente Michel Temer, quien se encuentra gravemente involucrado en episodios de corrupci\u00f3n.<\/p><p><br \/>Percibimos as\u00ed un claro resquebrajamiento de la institucionalidad democr\u00e1tica de Brasil. Para peor, goza de aceptaci\u00f3n en diversos estamentos un candidato presidencial de posturas autoritarias y protofascistas.<\/p><p><br \/>Si este proceso se acelerara, habr\u00e1 sin duda repercusiones negativas no solo en Brasil, sino en toda la regi\u00f3n. Podr\u00eda as\u00ed involucionarse hacia formas autoritarias, algo de lo que hab\u00eda logrado alejarse en las \u00faltimas dos d\u00e9cadas.<\/p><p><br \/>Preocupa, asimismo, la ausencia de todo pronunciamiento y\/o acciones en relaci\u00f3n con la situaci\u00f3n brasile\u00f1a por parte del MERCOSUR y de la UNASUR, en violaci\u00f3n expl\u00edcita del derecho regional y del esp\u00edritu constitutivo de los esquemas de integraci\u00f3n en Sudam\u00e9rica, hijos de la recuperaci\u00f3n de la democracia. El gobierno de la Rep\u00fablica Argentina, que tiene una responsabilidad especial en este sentido en tanto ejerce la presidencia pro tempore de la UNASUR, no ha convocado a ninguna reuni\u00f3n extraordinaria para evaluar la situaci\u00f3n, primer paso esencial previsto en situaciones similares en el pasado. Se pone en duda, as\u00ed, el compromiso democr\u00e1tico actual de la mayor parte de los gobiernos de la regi\u00f3n, particularmente del argentino.<\/p><p><br \/>Manifestamos nuestra honda preocupaci\u00f3n, ante la posibilidad de este escenario de recorte de libertades y derechos, palpable en Brasil y que podr\u00eda difundirse en el resto de Am\u00e9rica Latina.<\/p><p><br \/>Convocamos a la ciudadan\u00eda argentina a pronunciarse en\u00e9rgicamente en favor del respeto de las instituciones democr\u00e1ticas y en torno al reclamo por la libertad del expresidente Lula. Dicha institucionalidad constituye el \u00fanico marco leg\u00edtimo para que nuestros pa\u00edses diriman sus conflictos y logren los consensos para un desarrollo econ\u00f3mico, pol\u00edtico y cultural sostenible y socialmente inclusivo.<\/p><p><br \/>Llamamos por \u00faltimo a los gobiernos de la regi\u00f3n, en particular a los del MERCOSUR y la UNASUR, a actuar expl\u00edcita y urgentemente en favor de una apropiada salida para la conflictiva situaci\u00f3n de Brasil, siempre en el marco del debido respeto por la soberan\u00eda de los pueblos y sus derechos civiles y pol\u00edticos.<\/p><p style=\"text-align: right;\"><br \/><strong>Adherimos a la presente declaraci\u00f3n:<\/strong><br \/>Abraham Leonardo Gak<br \/>Alberto M\u00fcller<br \/>Alejandro Rofman<br \/>Alejandro Vanoli<br \/>Bernardo Lischinsky<br \/>Fernando Porta<br \/>Graciela Gutman<br \/>Guillermo Wierzba<br \/>Jos\u00e9 Luis Coraggio<br \/>Jos\u00e9 Miguel Amiune<br \/>Jos\u00e9 Sbattella<br \/>Julio Neffa<br \/>Julio Ruiz<br \/>Mariana V\u00e1zquez<br \/>Mario Rapoport<br \/>Marta Bekerman<br \/>Natalia Fridman<br \/>Oscar Oszlak<br \/>Paula Espa\u00f1ol<br \/>Ricardo Aronskind<\/p>\t\t\t\t\t\t\t\t<\/div>\n\t\t\t\t<\/div>\n\t\t\t\t\t<\/div>\n\t\t<\/div>\n\t\t\t\t\t<\/div>\n\t\t<\/section>\n\t\t\t\t<section class=\"elementor-section elementor-top-section elementor-element elementor-element-3e85a81 elementor-section-boxed elementor-section-height-default elementor-section-height-default\" data-id=\"3e85a81\" data-element_type=\"section\" data-e-type=\"section\">\n\t\t\t\t\t\t<div class=\"elementor-container elementor-column-gap-default\">\n\t\t\t\t\t<div class=\"elementor-column elementor-col-100 elementor-top-column elementor-element elementor-element-038e32b\" data-id=\"038e32b\" data-element_type=\"column\" data-e-type=\"column\">\n\t\t\t<div class=\"elementor-widget-wrap elementor-element-populated\">\n\t\t\t\t\t\t<div class=\"elementor-element elementor-element-9407dff elementor-widget elementor-widget-html\" data-id=\"9407dff\" data-element_type=\"widget\" data-e-type=\"widget\" data-widget_type=\"html.default\">\n\t\t\t\t<div class=\"elementor-widget-container\">\n\t\t\t\t\t<!-- AddToAny BEGIN -->\r\n<div class=\"a2a_kit a2a_kit_size_32 a2a_default_style\">\r\n<a class=\"a2a_dd\" href=\"https:\/\/www.addtoany.com\/share\"><\/a>\r\n<a class=\"a2a_button_x\"><\/a>\r\n<a class=\"a2a_button_facebook\"><\/a>\r\n<a class=\"a2a_button_whatsapp\"><\/a>\r\n<a class=\"a2a_button_telegram\"><\/a>\r\n<a class=\"a2a_button_google_gmail\"><\/a>\r\n<a class=\"a2a_button_printfriendly\"><\/a>\r\n<\/div>\r\n<script async src=\"https:\/\/static.addtoany.com\/menu\/page.js\"><\/script>\r\n<!-- AddToAny END -->\t\t\t\t<\/div>\n\t\t\t\t<\/div>\n\t\t\t\t\t<\/div>\n\t\t<\/div>\n\t\t\t\t\t<\/div>\n\t\t<\/section>\n\t\t\t\t<section class=\"elementor-section elementor-top-section elementor-element elementor-element-268894d elementor-section-height-min-height elementor-section-boxed elementor-section-height-default elementor-section-items-middle\" data-id=\"268894d\" data-element_type=\"section\" data-e-type=\"section\" data-settings=\"{&quot;background_background&quot;:&quot;classic&quot;}\">\n\t\t\t\t\t\t<div class=\"elementor-container elementor-column-gap-default\">\n\t\t\t\t\t<div class=\"elementor-column elementor-col-100 elementor-top-column elementor-element elementor-element-b14ca4b\" data-id=\"b14ca4b\" data-element_type=\"column\" data-e-type=\"column\" data-settings=\"{&quot;background_background&quot;:&quot;classic&quot;}\">\n\t\t\t<div class=\"elementor-widget-wrap elementor-element-populated\">\n\t\t\t\t\t\t<div class=\"elementor-element elementor-element-aae74eb elementor-widget elementor-widget-text-editor\" data-id=\"aae74eb\" data-element_type=\"widget\" data-e-type=\"widget\" data-widget_type=\"text-editor.default\">\n\t\t\t\t<div class=\"elementor-widget-container\">\n\t\t\t\t\t\t\t\t\t<h5 style=\"text-align: right;\"><span style=\"color: #ffffff;\">Encontranos en:<\/span><\/h5>\t\t\t\t\t\t\t\t<\/div>\n\t\t\t\t<\/div>\n\t\t\t\t<div class=\"elementor-element elementor-element-fc6151f e-grid-align-right elementor-shape-rounded elementor-grid-0 elementor-widget elementor-widget-social-icons\" data-id=\"fc6151f\" data-element_type=\"widget\" data-e-type=\"widget\" data-widget_type=\"social-icons.default\">\n\t\t\t\t<div class=\"elementor-widget-container\">\n\t\t\t\t\t\t\t<div class=\"elementor-social-icons-wrapper elementor-grid\" role=\"list\">\n\t\t\t\t\t\t\t<span class=\"elementor-grid-item\" role=\"listitem\">\n\t\t\t\t\t<a class=\"elementor-icon elementor-social-icon elementor-social-icon-envelope elementor-repeater-item-d22c195\" href=\"mailto:fenix@economicas.uba.ar\" target=\"_blank\">\n\t\t\t\t\t\t<span class=\"elementor-screen-only\">Envelope<\/span>\n\t\t\t\t\t\t<i aria-hidden=\"true\" class=\"fas fa-envelope\"><\/i>\t\t\t\t\t<\/a>\n\t\t\t\t<\/span>\n\t\t\t\t\t\t\t<span class=\"elementor-grid-item\" role=\"listitem\">\n\t\t\t\t\t<a class=\"elementor-icon elementor-social-icon elementor-social-icon-whatsapp elementor-repeater-item-52f8805\" href=\"https:\/\/wa.me\/+5491156433950\/?text=Me%20gustar\u00eda%20sumarme%20a%20la%20lista%20de%20difusi\u00f3n\" target=\"_blank\">\n\t\t\t\t\t\t<span class=\"elementor-screen-only\">Whatsapp<\/span>\n\t\t\t\t\t\t<i aria-hidden=\"true\" class=\"fab fa-whatsapp\"><\/i>\t\t\t\t\t<\/a>\n\t\t\t\t<\/span>\n\t\t\t\t\t\t\t<span class=\"elementor-grid-item\" role=\"listitem\">\n\t\t\t\t\t<a class=\"elementor-icon elementor-social-icon elementor-social-icon-facebook elementor-repeater-item-b9fe72b\" href=\"https:\/\/www.facebook.com\/catedraplanfenix\/\" target=\"_blank\">\n\t\t\t\t\t\t<span class=\"elementor-screen-only\">Facebook<\/span>\n\t\t\t\t\t\t<i aria-hidden=\"true\" class=\"fab fa-facebook\"><\/i>\t\t\t\t\t<\/a>\n\t\t\t\t<\/span>\n\t\t\t\t\t\t\t<span class=\"elementor-grid-item\" role=\"listitem\">\n\t\t\t\t\t<a class=\"elementor-icon elementor-social-icon elementor-social-icon-x-twitter elementor-repeater-item-8cf7a5b\" href=\"https:\/\/x.com\/vocesenelfenix\" target=\"_blank\">\n\t\t\t\t\t\t<span class=\"elementor-screen-only\">X-twitter<\/span>\n\t\t\t\t\t\t<i aria-hidden=\"true\" class=\"fab fa-x-twitter\"><\/i>\t\t\t\t\t<\/a>\n\t\t\t\t<\/span>\n\t\t\t\t\t\t\t<span class=\"elementor-grid-item\" role=\"listitem\">\n\t\t\t\t\t<a class=\"elementor-icon elementor-social-icon elementor-social-icon-youtube elementor-repeater-item-178b3c4\" href=\"https:\/\/www.youtube.com\/user\/vocesenelfenix\" target=\"_blank\">\n\t\t\t\t\t\t<span class=\"elementor-screen-only\">Youtube<\/span>\n\t\t\t\t\t\t<i aria-hidden=\"true\" class=\"fab fa-youtube\"><\/i>\t\t\t\t\t<\/a>\n\t\t\t\t<\/span>\n\t\t\t\t\t\t\t<span class=\"elementor-grid-item\" role=\"listitem\">\n\t\t\t\t\t<a class=\"elementor-icon elementor-social-icon elementor-social-icon-instagram elementor-repeater-item-50700d0\" href=\"https:\/\/www.instagram.com\/planfenix\/\" target=\"_blank\">\n\t\t\t\t\t\t<span class=\"elementor-screen-only\">Instagram<\/span>\n\t\t\t\t\t\t<i aria-hidden=\"true\" class=\"fab fa-instagram\"><\/i>\t\t\t\t\t<\/a>\n\t\t\t\t<\/span>\n\t\t\t\t\t<\/div>\n\t\t\t\t\t\t<\/div>\n\t\t\t\t<\/div>\n\t\t\t\t\t<\/div>\n\t\t<\/div>\n\t\t\t\t\t<\/div>\n\t\t<\/section>\n\t\t\t\t<\/div>\n\t\t","protected":false},"excerpt":{"rendered":"<p>Declaraci\u00f3n sobre la situaci\u00f3n actual de Brasil\u00a0 Descarg\u00e1 el PDF La prisi\u00f3n de Luiz In\u00e1cio Lula da Silva, expresidente de Brasil, constituye un evento de gran impacto. Generan honda preocupaci\u00f3n<\/p>\n","protected":false},"author":5,"featured_media":0,"parent":9286,"menu_order":0,"comment_status":"closed","ping_status":"closed","template":"elementor_canvas","meta":{"footnotes":""},"class_list":["post-11741","page","type-page","status-publish","hentry"],"_links":{"self":[{"href":"https:\/\/www.economicas.uba.ar\/extension\/vocesenelfenix\/wp-json\/wp\/v2\/pages\/11741","targetHints":{"allow":["GET"]}}],"collection":[{"href":"https:\/\/www.economicas.uba.ar\/extension\/vocesenelfenix\/wp-json\/wp\/v2\/pages"}],"about":[{"href":"https:\/\/www.economicas.uba.ar\/extension\/vocesenelfenix\/wp-json\/wp\/v2\/types\/page"}],"author":[{"embeddable":true,"href":"https:\/\/www.economicas.uba.ar\/extension\/vocesenelfenix\/wp-json\/wp\/v2\/users\/5"}],"replies":[{"embeddable":true,"href":"https:\/\/www.economicas.uba.ar\/extension\/vocesenelfenix\/wp-json\/wp\/v2\/comments?post=11741"}],"version-history":[{"count":19,"href":"https:\/\/www.economicas.uba.ar\/extension\/vocesenelfenix\/wp-json\/wp\/v2\/pages\/11741\/revisions"}],"predecessor-version":[{"id":32313,"href":"https:\/\/www.economicas.uba.ar\/extension\/vocesenelfenix\/wp-json\/wp\/v2\/pages\/11741\/revisions\/32313"}],"up":[{"embeddable":true,"href":"https:\/\/www.economicas.uba.ar\/extension\/vocesenelfenix\/wp-json\/wp\/v2\/pages\/9286"}],"wp:attachment":[{"href":"https:\/\/www.economicas.uba.ar\/extension\/vocesenelfenix\/wp-json\/wp\/v2\/media?parent=11741"}],"curies":[{"name":"wp","href":"https:\/\/api.w.org\/{rel}","templated":true}]}}