{"id":11809,"date":"2021-09-01T01:01:00","date_gmt":"2021-09-01T04:01:00","guid":{"rendered":"https:\/\/www.economicas.uba.ar\/extension\/vocesenelfenix\/?page_id=11809"},"modified":"2026-03-25T10:40:40","modified_gmt":"2026-03-25T13:40:40","slug":"documento-pf-45","status":"publish","type":"page","link":"https:\/\/www.economicas.uba.ar\/extension\/vocesenelfenix\/documentos-y-declaraciones\/documento-pf-45\/","title":{"rendered":"Documento PF 45"},"content":{"rendered":"\t\t<div data-elementor-type=\"wp-page\" data-elementor-id=\"11809\" class=\"elementor elementor-11809\" data-elementor-post-type=\"page\">\n\t\t\t\t\t\t<section class=\"elementor-section elementor-top-section elementor-element elementor-element-36e3acb elementor-section-full_width elementor-section-height-default elementor-section-height-default\" data-id=\"36e3acb\" data-element_type=\"section\" data-e-type=\"section\" data-settings=\"{&quot;background_background&quot;:&quot;classic&quot;}\">\n\t\t\t\t\t\t<div class=\"elementor-container elementor-column-gap-wide\">\n\t\t\t\t\t<div class=\"elementor-column elementor-col-50 elementor-top-column elementor-element elementor-element-e363d67\" data-id=\"e363d67\" data-element_type=\"column\" data-e-type=\"column\" data-settings=\"{&quot;background_background&quot;:&quot;classic&quot;}\">\n\t\t\t<div class=\"elementor-widget-wrap elementor-element-populated\">\n\t\t\t\t\t\t<div class=\"elementor-element elementor-element-8ca2104 elementor-widget elementor-widget-image\" data-id=\"8ca2104\" data-element_type=\"widget\" data-e-type=\"widget\" data-widget_type=\"image.default\">\n\t\t\t\t<div class=\"elementor-widget-container\">\n\t\t\t\t\t\t\t\t\t\t\t\t\t\t\t\t<a href=\"https:\/\/www.economicas.uba.ar\/extension\/vocesenelfenix\/plan-fenix\/\">\n\t\t\t\t\t\t\t<img decoding=\"async\" width=\"100\" height=\"94\" src=\"https:\/\/www.economicas.uba.ar\/extension\/vocesenelfenix\/wp-content\/uploads\/fenix_blanco_Df-scaled-e1773843072776.gif\" class=\"attachment-sparkconstructionlite-thumbnail-5 size-sparkconstructionlite-thumbnail-5 wp-image-9038\" alt=\"\" \/>\t\t\t\t\t\t\t\t<\/a>\n\t\t\t\t\t\t\t\t\t\t\t\t\t\t\t<\/div>\n\t\t\t\t<\/div>\n\t\t\t\t\t<\/div>\n\t\t<\/div>\n\t\t\t\t<div class=\"elementor-column elementor-col-50 elementor-top-column elementor-element elementor-element-5197b17\" data-id=\"5197b17\" data-element_type=\"column\" data-e-type=\"column\">\n\t\t\t<div class=\"elementor-widget-wrap elementor-element-populated\">\n\t\t\t\t\t\t<div class=\"elementor-element elementor-element-2ee056e elementor-nav-menu__align-end elementor-nav-menu--dropdown-tablet elementor-nav-menu__text-align-aside elementor-widget elementor-widget-nav-menu\" data-id=\"2ee056e\" data-element_type=\"widget\" data-e-type=\"widget\" data-settings=\"{&quot;layout&quot;:&quot;horizontal&quot;,&quot;submenu_icon&quot;:{&quot;value&quot;:&quot;&lt;i class=\\&quot;fas fa-caret-down\\&quot;&gt;&lt;\\\/i&gt;&quot;,&quot;library&quot;:&quot;fa-solid&quot;}}\" data-widget_type=\"nav-menu.default\">\n\t\t\t\t<div class=\"elementor-widget-container\">\n\t\t\t\t\t\t\t\t<nav aria-label=\"Menu\" class=\"elementor-nav-menu--main elementor-nav-menu__container elementor-nav-menu--layout-horizontal e--pointer-underline e--animation-fade\">\n\t\t\t\t<ul id=\"menu-1-2ee056e\" class=\"elementor-nav-menu\"><li class=\"menu-item menu-item-type-post_type menu-item-object-page menu-item-31734\"><a href=\"https:\/\/www.economicas.uba.ar\/extension\/vocesenelfenix\/plan-fenix\/\" class=\"elementor-item\">INICIO<\/a><\/li>\n<li class=\"menu-item menu-item-type-post_type menu-item-object-page menu-item-31730\"><a href=\"https:\/\/www.economicas.uba.ar\/extension\/vocesenelfenix\/quienes-somos-capf\/\" class=\"elementor-item\">QUI\u00c9NES SOMOS<\/a><\/li>\n<li class=\"menu-item menu-item-type-post_type menu-item-object-page menu-item-32196\"><a href=\"https:\/\/www.economicas.uba.ar\/extension\/vocesenelfenix\/boletines\/\" class=\"elementor-item\">BOLETINES<\/a><\/li>\n<li class=\"menu-item menu-item-type-post_type menu-item-object-page menu-item-31732\"><a href=\"https:\/\/www.economicas.uba.ar\/extension\/vocesenelfenix\/documentos-y-declaraciones\/\" class=\"elementor-item\">DOCUMENTOS <br>Y DECLARACIONES<\/a><\/li>\n<li class=\"menu-item menu-item-type-post_type menu-item-object-page menu-item-31731\"><a href=\"https:\/\/www.economicas.uba.ar\/extension\/vocesenelfenix\/presentaciones-publicas\/\" class=\"elementor-item\">PRESENTACIONES <br>P\u00daBLICAS<\/a><\/li>\n<li class=\"menu-item menu-item-type-custom menu-item-object-custom menu-item-home menu-item-31735\"><a href=\"https:\/\/www.economicas.uba.ar\/extension\/vocesenelfenix\/\" class=\"elementor-item\">VOCES EN EL F\u00c9NIX<\/a><\/li>\n<\/ul>\t\t\t<\/nav>\n\t\t\t\t\t\t<nav class=\"elementor-nav-menu--dropdown elementor-nav-menu__container\" aria-hidden=\"true\">\n\t\t\t\t<ul id=\"menu-2-2ee056e\" class=\"elementor-nav-menu\"><li class=\"menu-item menu-item-type-post_type menu-item-object-page menu-item-31734\"><a href=\"https:\/\/www.economicas.uba.ar\/extension\/vocesenelfenix\/plan-fenix\/\" class=\"elementor-item\" tabindex=\"-1\">INICIO<\/a><\/li>\n<li class=\"menu-item menu-item-type-post_type menu-item-object-page menu-item-31730\"><a href=\"https:\/\/www.economicas.uba.ar\/extension\/vocesenelfenix\/quienes-somos-capf\/\" class=\"elementor-item\" tabindex=\"-1\">QUI\u00c9NES SOMOS<\/a><\/li>\n<li class=\"menu-item menu-item-type-post_type menu-item-object-page menu-item-32196\"><a href=\"https:\/\/www.economicas.uba.ar\/extension\/vocesenelfenix\/boletines\/\" class=\"elementor-item\" tabindex=\"-1\">BOLETINES<\/a><\/li>\n<li class=\"menu-item menu-item-type-post_type menu-item-object-page menu-item-31732\"><a href=\"https:\/\/www.economicas.uba.ar\/extension\/vocesenelfenix\/documentos-y-declaraciones\/\" class=\"elementor-item\" tabindex=\"-1\">DOCUMENTOS <br>Y DECLARACIONES<\/a><\/li>\n<li class=\"menu-item menu-item-type-post_type menu-item-object-page menu-item-31731\"><a href=\"https:\/\/www.economicas.uba.ar\/extension\/vocesenelfenix\/presentaciones-publicas\/\" class=\"elementor-item\" tabindex=\"-1\">PRESENTACIONES <br>P\u00daBLICAS<\/a><\/li>\n<li class=\"menu-item menu-item-type-custom menu-item-object-custom menu-item-home menu-item-31735\"><a href=\"https:\/\/www.economicas.uba.ar\/extension\/vocesenelfenix\/\" class=\"elementor-item\" tabindex=\"-1\">VOCES EN EL F\u00c9NIX<\/a><\/li>\n<\/ul>\t\t\t<\/nav>\n\t\t\t\t\t\t<\/div>\n\t\t\t\t<\/div>\n\t\t\t\t\t<\/div>\n\t\t<\/div>\n\t\t\t\t\t<\/div>\n\t\t<\/section>\n\t\t\t\t<section class=\"elementor-section elementor-top-section elementor-element elementor-element-649322e elementor-section-boxed elementor-section-height-default elementor-section-height-default\" data-id=\"649322e\" data-element_type=\"section\" data-e-type=\"section\">\n\t\t\t\t\t\t\t<div class=\"elementor-background-overlay\"><\/div>\n\t\t\t\t\t\t\t<div class=\"elementor-container elementor-column-gap-default\">\n\t\t\t\t\t<div class=\"elementor-column elementor-col-100 elementor-top-column elementor-element elementor-element-46133ee\" data-id=\"46133ee\" data-element_type=\"column\" data-e-type=\"column\">\n\t\t\t<div class=\"elementor-widget-wrap elementor-element-populated\">\n\t\t\t\t\t\t<div class=\"elementor-element elementor-element-deeba9f elementor-widget elementor-widget-text-editor\" data-id=\"deeba9f\" data-element_type=\"widget\" data-e-type=\"widget\" data-widget_type=\"text-editor.default\">\n\t\t\t\t<div class=\"elementor-widget-container\">\n\t\t\t\t\t\t\t\t\t<h3 style=\"text-align: center;\">FMI: Lo central es el modelo<br \/>\u00a0<\/h3>\t\t\t\t\t\t\t\t<\/div>\n\t\t\t\t<\/div>\n\t\t\t\t<div class=\"elementor-element elementor-element-b036565 elementor-align-right elementor-widget elementor-widget-button\" data-id=\"b036565\" data-element_type=\"widget\" data-e-type=\"widget\" data-widget_type=\"button.default\">\n\t\t\t\t<div class=\"elementor-widget-container\">\n\t\t\t\t\t\t\t\t\t<div class=\"elementor-button-wrapper\">\n\t\t\t\t\t<a class=\"elementor-button elementor-button-link elementor-size-xs\" href=\"https:\/\/drive.google.com\/file\/d\/1LpWs3hWujwEYCQVldrMFFr4_MVRWjlL1\/view\" target=\"_blank\">\n\t\t\t\t\t\t<span class=\"elementor-button-content-wrapper\">\n\t\t\t\t\t\t\t\t\t<span class=\"elementor-button-text\">Descarg\u00e1 el PDF<\/span>\n\t\t\t\t\t<\/span>\n\t\t\t\t\t<\/a>\n\t\t\t\t<\/div>\n\t\t\t\t\t\t\t\t<\/div>\n\t\t\t\t<\/div>\n\t\t\t\t\t<\/div>\n\t\t<\/div>\n\t\t\t\t\t<\/div>\n\t\t<\/section>\n\t\t\t\t<section class=\"elementor-section elementor-top-section elementor-element elementor-element-21e4c29 elementor-section-boxed elementor-section-height-default elementor-section-height-default\" data-id=\"21e4c29\" data-element_type=\"section\" data-e-type=\"section\">\n\t\t\t\t\t\t<div class=\"elementor-container elementor-column-gap-default\">\n\t\t\t\t\t<div class=\"elementor-column elementor-col-100 elementor-top-column elementor-element elementor-element-6299553\" data-id=\"6299553\" data-element_type=\"column\" data-e-type=\"column\">\n\t\t\t<div class=\"elementor-widget-wrap elementor-element-populated\">\n\t\t\t\t\t\t<div class=\"elementor-element elementor-element-ad9817d elementor-widget elementor-widget-text-editor\" data-id=\"ad9817d\" data-element_type=\"widget\" data-e-type=\"widget\" data-widget_type=\"text-editor.default\">\n\t\t\t\t<div class=\"elementor-widget-container\">\n\t\t\t\t\t\t\t\t\t<p>El Gobierno argentino se encuentra actualmente abocado a una compleja negociaci\u00f3n con el Fondo Monetario Internacional a fin de reestructurar el pr\u00e9stamo otorgado en 2018, por un valor cercano a los 44.000 millones de d\u00f3lares, que comporta un plazo de repago inviable.<\/p><p><br \/>No hay dudas de que el \u201cacuerdo\u201d firmado en el 2018 entre nuestro pa\u00eds y el FMI, al igual que el endeudamiento que de \u00e9ste se deriva, abunda en anomal\u00edas. Fue concebido, negociado y firmado en un tiempo <em>record<\/em>. Ambas partes ignoraron las duras y duraderas implicancias que conllevar\u00eda en materia pol\u00edtica, econ\u00f3mica y social, para un pa\u00eds que sufr\u00eda las consecuencias de una crisis autoinfligida por un gobierno tan irresponsable e insostenible, como la propia deuda que estaba contrayendo.<\/p><p><br \/>El acuerdo con el Fondo devino de circunstancias muy particulares, e incluso pesaron sobre \u00e9l sospechas (posteriormente confirmadas) de preferencia pol\u00edtica hacia el gobierno que lo firm\u00f3. Es, por lo tanto, un acuerdo pol\u00edticamente cuestionable y, en ese sentido, el Directorio del FMI que lo aprob\u00f3 \u2014con la visible presi\u00f3n del gobierno estadounidense de aquel entonces\u2014 es corresponsable.<\/p><p><br \/>El Directorio del Fondo ha contravenido, asimismo, disposiciones de su Convenio Constitutivo y de su reglamento interno al autorizar un financiamiento extraordinario que no cumpl\u00eda las condiciones all\u00ed establecidas, otorgando adem\u00e1s recursos que pudieron ser aplicados a la fuga de capitales; todo ello, pese a haber sido advertido, por su propia l\u00ednea t\u00e9cnica, de que se trataba de un acuerdo no sostenible. Por el lado de nuestro pa\u00eds, se investiga actualmente si esta operaci\u00f3n ha dado cumplimiento a las disposiciones vigentes, en particular, a las referidas a la participaci\u00f3n del Congreso Nacional, tal como lo estipula la Constituci\u00f3n.<\/p><p><br \/>En consecuencia, se trata de una operaci\u00f3n que implic\u00f3 incurrir en pr\u00e1cticas legalmente cuestionables.<\/p><p><br \/>El cambio de contexto internacional a partir del nuevo gobierno en EE. UU. y la materializaci\u00f3n de las consecuencias de la pandemia establecen un nuevo marco. Es menester encontrar una resoluci\u00f3n que comprenda esta cuesti\u00f3n en toda su complejidad y que active una v\u00eda que resulte sostenible para la Argentina.<\/p><p><br \/>El prop\u00f3sito de un posible nuevo acuerdo, que remedie los groseros errores cometidos en el pasado por el FMI (particularmente en nuestro pa\u00eds), debe ser el logro de un programa que cumpla tres condiciones: no bloquear el crecimiento econ\u00f3mico con equidad; hacer frente en forma sostenible a los compromisos externos; y conducir a la gradual disoluci\u00f3n del problema del endeudamiento externo en el mediano-largo plazo, recuperando autonom\u00eda pol\u00edtico-econ\u00f3mica, sin tutelajes del Fondo.<\/p><p><br \/>Con el acuerdo de 2018, la Argentina pas\u00f3 a ser el pa\u00eds de ingresos medios con mayor tiempo de vigencia de programas de asistencia del FMI. Ahora bien, esto no debe llevar a la conclusi\u00f3n de que estos acuerdos explican la frustraci\u00f3n del crecimiento argentino. Por el contrario, ellos son la expresi\u00f3n de la incapacidad de las dirigencias para articular un patr\u00f3n de crecimiento sostenible, como lo patentizan los programas de reformas estructurales de los a\u00f1os ochenta y noventa, aplicados casi sin resistencias e implosionados por su propia inconsistencia.<\/p><p><br \/>Es central que el nuevo programa que nuestro pa\u00eds acuerde con el FMI se asiente en un patr\u00f3n viable de crecimiento que permita superar endeudamientos externos insostenibles. En otras palabras, el nuevo programa debe plantear un nuevo modelo econ\u00f3mico en el que, como lo sostuvo en m\u00e1s de una oportunidad el Plan F\u00e9nix, la deuda deje de ser el palo en la rueda del desarrollo con equidad.<\/p><p><br \/>Es necesario, entonces, encarar dos t\u00f3picos esenciales. En primer lugar, c\u00f3mo lograr niveles elevados y sostenidos de inversi\u00f3n (no los hubo en los dos \u00faltimos ciclos de crecimiento). En segundo lugar, c\u00f3mo construir un patr\u00f3n que \u2014basado en un modelo que contemple tanto la disponibilidad de recursos primarios como el necesario desarrollo de la industria y los servicios intensivos en conocimiento\u2014 pueda administrar la restricci\u00f3n externa estructural con la cual el pa\u00eds choca una y otra vez.<\/p><p><br \/>Esto deber\u00eda ser el centro de la negociaci\u00f3n con el FMI. La clave no est\u00e1 en el endeudamiento y la negociaci\u00f3n de la salida. Cualquier programa que sea concebido con el principal objetivo de cumplir con la deuda del FMI ser\u00e1 ruinoso para el pa\u00eds. Por m\u00e1s que se otorguen a\u00f1os de gracia, mayores plazos de pago, canjes por objetivos ambientales y\/o quita de punitorios y sobretasas, el problema estructural ser\u00e1 resuelto solo parcialmente. Lo fundamental es el proyecto que la Argentina (se) plantee.<\/p><p><br \/>Como dijera alguna vez el recordado Aldo Ferrer, cada pa\u00eds tiene el FMI que se merece. Una dirigencia d\u00e9bil y sometida a los designios de los fondos de inversi\u00f3n y calificadoras de riesgo solo buscar\u00e1 un \u201ccertificado de buena conducta\u201d para que el FMI imponga las restricciones que permitan asegurar posiciones hegem\u00f3nicas y mantener el <em>statu quo<\/em>.<\/p><p><br \/>Como espejo de la actual negociaci\u00f3n con el FMI, contamos con el acuerdo alcanzado con los acreedores privados, que se fund\u00f3 en un argumento inapelable. En la l\u00f3gica de las finanzas, un deudor riesgoso debe aceptar tasas elevadas por la posibilidad de un default. No debe sorprender, entonces, que deudas contra\u00eddas en esas condiciones demanden reperfilamientos y reestructuraciones, porque esas tasas elevadas tornan impagables los compromisos. La negociaci\u00f3n llevada adelante fue exitosa no solo porque logr\u00f3 distender plazos y ganar grados de libertad, sino tambi\u00e9n porque supo apuntar al concepto correcto: reducir las elevadas tasas de inter\u00e9s a las que dicha deuda se hab\u00eda contra\u00eddo.<\/p><p><br \/>Esta claridad conceptual debe reiterarse en la discusi\u00f3n con el FMI, exteriorizando un proyecto congruente y sostenible. La Argentina no negocia ante un acreedor convencional, sino ante una asociaci\u00f3n integrada por los gobiernos de los pa\u00edses. Esta debe ser una discusi\u00f3n entre gobiernos, sobre un proyecto de crecimiento sostenible y con equidad.<\/p><p><br \/>Estas negociaciones con el FMI son, sin duda, arduas; pero podr\u00e1n tener la virtud de consolidar el liderazgo estatal, un requisito central para avanzar en un proyecto que ordene intereses y prioridades, en articulaci\u00f3n con los sectores y los actores sociales necesarios para concretarlo.<\/p><p><br \/>La resoluci\u00f3n, en los t\u00e9rminos reci\u00e9n expuestos, de esta compleja negociaci\u00f3n podr\u00e1 sentar las bases para un futuro en el que la Argentina deje de recaer en crisis que nos sumergen en coyunturas tan adversas como las que actualmente intentamos superar. Se trata, por lo tanto, de construir un proyecto sostenible de pa\u00eds din\u00e1mico e inclusivo; tarea que consideramos tan esencial como pendiente.<\/p><p style=\"text-align: right;\"><br \/><strong>C\u00e1tedra Abierta Plan F\u00e9nix<\/strong><br \/>Septiembre de 2021<\/p>\t\t\t\t\t\t\t\t<\/div>\n\t\t\t\t<\/div>\n\t\t\t\t\t<\/div>\n\t\t<\/div>\n\t\t\t\t\t<\/div>\n\t\t<\/section>\n\t\t\t\t<section class=\"elementor-section elementor-top-section elementor-element elementor-element-fcbb203 elementor-section-boxed elementor-section-height-default elementor-section-height-default\" data-id=\"fcbb203\" data-element_type=\"section\" data-e-type=\"section\">\n\t\t\t\t\t\t<div class=\"elementor-container elementor-column-gap-default\">\n\t\t\t\t\t<div class=\"elementor-column elementor-col-100 elementor-top-column elementor-element elementor-element-4a493c3\" data-id=\"4a493c3\" data-element_type=\"column\" data-e-type=\"column\">\n\t\t\t<div class=\"elementor-widget-wrap elementor-element-populated\">\n\t\t\t\t\t\t<div class=\"elementor-element elementor-element-b26b7ff elementor-widget elementor-widget-html\" data-id=\"b26b7ff\" data-element_type=\"widget\" data-e-type=\"widget\" data-widget_type=\"html.default\">\n\t\t\t\t<div class=\"elementor-widget-container\">\n\t\t\t\t\t<!-- AddToAny BEGIN -->\r\n<div class=\"a2a_kit a2a_kit_size_32 a2a_default_style\">\r\n<a class=\"a2a_dd\" href=\"https:\/\/www.addtoany.com\/share\"><\/a>\r\n<a class=\"a2a_button_x\"><\/a>\r\n<a class=\"a2a_button_facebook\"><\/a>\r\n<a class=\"a2a_button_whatsapp\"><\/a>\r\n<a class=\"a2a_button_telegram\"><\/a>\r\n<a class=\"a2a_button_google_gmail\"><\/a>\r\n<a class=\"a2a_button_printfriendly\"><\/a>\r\n<\/div>\r\n<script async src=\"https:\/\/static.addtoany.com\/menu\/page.js\"><\/script>\r\n<!-- AddToAny END -->\t\t\t\t<\/div>\n\t\t\t\t<\/div>\n\t\t\t\t\t<\/div>\n\t\t<\/div>\n\t\t\t\t\t<\/div>\n\t\t<\/section>\n\t\t\t\t<section class=\"elementor-section elementor-top-section elementor-element elementor-element-e0d57b7 elementor-section-height-min-height elementor-section-boxed elementor-section-height-default elementor-section-items-middle\" data-id=\"e0d57b7\" data-element_type=\"section\" data-e-type=\"section\" data-settings=\"{&quot;background_background&quot;:&quot;classic&quot;}\">\n\t\t\t\t\t\t<div class=\"elementor-container elementor-column-gap-default\">\n\t\t\t\t\t<div class=\"elementor-column elementor-col-100 elementor-top-column elementor-element elementor-element-08a5650\" data-id=\"08a5650\" data-element_type=\"column\" data-e-type=\"column\" data-settings=\"{&quot;background_background&quot;:&quot;classic&quot;}\">\n\t\t\t<div class=\"elementor-widget-wrap elementor-element-populated\">\n\t\t\t\t\t\t<div class=\"elementor-element elementor-element-c74d58c elementor-widget elementor-widget-text-editor\" data-id=\"c74d58c\" data-element_type=\"widget\" data-e-type=\"widget\" data-widget_type=\"text-editor.default\">\n\t\t\t\t<div class=\"elementor-widget-container\">\n\t\t\t\t\t\t\t\t\t<h5 style=\"text-align: right;\"><span style=\"color: #ffffff;\">Encontranos en:<\/span><\/h5>\t\t\t\t\t\t\t\t<\/div>\n\t\t\t\t<\/div>\n\t\t\t\t<div class=\"elementor-element elementor-element-e0e095c e-grid-align-right elementor-shape-rounded elementor-grid-0 elementor-widget elementor-widget-social-icons\" data-id=\"e0e095c\" data-element_type=\"widget\" data-e-type=\"widget\" data-widget_type=\"social-icons.default\">\n\t\t\t\t<div class=\"elementor-widget-container\">\n\t\t\t\t\t\t\t<div class=\"elementor-social-icons-wrapper elementor-grid\" role=\"list\">\n\t\t\t\t\t\t\t<span class=\"elementor-grid-item\" role=\"listitem\">\n\t\t\t\t\t<a class=\"elementor-icon elementor-social-icon elementor-social-icon-envelope elementor-repeater-item-d22c195\" href=\"mailto:fenix@economicas.uba.ar\" target=\"_blank\">\n\t\t\t\t\t\t<span class=\"elementor-screen-only\">Envelope<\/span>\n\t\t\t\t\t\t<i aria-hidden=\"true\" class=\"fas fa-envelope\"><\/i>\t\t\t\t\t<\/a>\n\t\t\t\t<\/span>\n\t\t\t\t\t\t\t<span class=\"elementor-grid-item\" role=\"listitem\">\n\t\t\t\t\t<a class=\"elementor-icon elementor-social-icon elementor-social-icon-whatsapp elementor-repeater-item-52f8805\" href=\"https:\/\/wa.me\/+5491156433950\/?text=Me%20gustar\u00eda%20sumarme%20a%20la%20lista%20de%20difusi\u00f3n\" target=\"_blank\">\n\t\t\t\t\t\t<span class=\"elementor-screen-only\">Whatsapp<\/span>\n\t\t\t\t\t\t<i aria-hidden=\"true\" class=\"fab fa-whatsapp\"><\/i>\t\t\t\t\t<\/a>\n\t\t\t\t<\/span>\n\t\t\t\t\t\t\t<span class=\"elementor-grid-item\" role=\"listitem\">\n\t\t\t\t\t<a class=\"elementor-icon elementor-social-icon elementor-social-icon-facebook elementor-repeater-item-b9fe72b\" href=\"https:\/\/www.facebook.com\/catedraplanfenix\/\" target=\"_blank\">\n\t\t\t\t\t\t<span class=\"elementor-screen-only\">Facebook<\/span>\n\t\t\t\t\t\t<i aria-hidden=\"true\" class=\"fab fa-facebook\"><\/i>\t\t\t\t\t<\/a>\n\t\t\t\t<\/span>\n\t\t\t\t\t\t\t<span class=\"elementor-grid-item\" role=\"listitem\">\n\t\t\t\t\t<a class=\"elementor-icon elementor-social-icon elementor-social-icon-x-twitter elementor-repeater-item-8cf7a5b\" href=\"https:\/\/x.com\/vocesenelfenix\" target=\"_blank\">\n\t\t\t\t\t\t<span class=\"elementor-screen-only\">X-twitter<\/span>\n\t\t\t\t\t\t<i aria-hidden=\"true\" class=\"fab fa-x-twitter\"><\/i>\t\t\t\t\t<\/a>\n\t\t\t\t<\/span>\n\t\t\t\t\t\t\t<span class=\"elementor-grid-item\" role=\"listitem\">\n\t\t\t\t\t<a class=\"elementor-icon elementor-social-icon elementor-social-icon-youtube elementor-repeater-item-178b3c4\" href=\"https:\/\/www.youtube.com\/user\/vocesenelfenix\" target=\"_blank\">\n\t\t\t\t\t\t<span class=\"elementor-screen-only\">Youtube<\/span>\n\t\t\t\t\t\t<i aria-hidden=\"true\" class=\"fab fa-youtube\"><\/i>\t\t\t\t\t<\/a>\n\t\t\t\t<\/span>\n\t\t\t\t\t\t\t<span class=\"elementor-grid-item\" role=\"listitem\">\n\t\t\t\t\t<a class=\"elementor-icon elementor-social-icon elementor-social-icon-instagram elementor-repeater-item-50700d0\" href=\"https:\/\/www.instagram.com\/planfenix\/\" target=\"_blank\">\n\t\t\t\t\t\t<span class=\"elementor-screen-only\">Instagram<\/span>\n\t\t\t\t\t\t<i aria-hidden=\"true\" class=\"fab fa-instagram\"><\/i>\t\t\t\t\t<\/a>\n\t\t\t\t<\/span>\n\t\t\t\t\t<\/div>\n\t\t\t\t\t\t<\/div>\n\t\t\t\t<\/div>\n\t\t\t\t\t<\/div>\n\t\t<\/div>\n\t\t\t\t\t<\/div>\n\t\t<\/section>\n\t\t\t\t<\/div>\n\t\t","protected":false},"excerpt":{"rendered":"<p>FMI: Lo central es el modelo\u00a0 Descarg\u00e1 el PDF El Gobierno argentino se encuentra actualmente abocado a una compleja negociaci\u00f3n con el Fondo Monetario Internacional a fin de reestructurar el<\/p>\n","protected":false},"author":5,"featured_media":0,"parent":9286,"menu_order":0,"comment_status":"closed","ping_status":"closed","template":"elementor_canvas","meta":{"footnotes":""},"class_list":["post-11809","page","type-page","status-publish","hentry"],"_links":{"self":[{"href":"https:\/\/www.economicas.uba.ar\/extension\/vocesenelfenix\/wp-json\/wp\/v2\/pages\/11809","targetHints":{"allow":["GET"]}}],"collection":[{"href":"https:\/\/www.economicas.uba.ar\/extension\/vocesenelfenix\/wp-json\/wp\/v2\/pages"}],"about":[{"href":"https:\/\/www.economicas.uba.ar\/extension\/vocesenelfenix\/wp-json\/wp\/v2\/types\/page"}],"author":[{"embeddable":true,"href":"https:\/\/www.economicas.uba.ar\/extension\/vocesenelfenix\/wp-json\/wp\/v2\/users\/5"}],"replies":[{"embeddable":true,"href":"https:\/\/www.economicas.uba.ar\/extension\/vocesenelfenix\/wp-json\/wp\/v2\/comments?post=11809"}],"version-history":[{"count":22,"href":"https:\/\/www.economicas.uba.ar\/extension\/vocesenelfenix\/wp-json\/wp\/v2\/pages\/11809\/revisions"}],"predecessor-version":[{"id":32340,"href":"https:\/\/www.economicas.uba.ar\/extension\/vocesenelfenix\/wp-json\/wp\/v2\/pages\/11809\/revisions\/32340"}],"up":[{"embeddable":true,"href":"https:\/\/www.economicas.uba.ar\/extension\/vocesenelfenix\/wp-json\/wp\/v2\/pages\/9286"}],"wp:attachment":[{"href":"https:\/\/www.economicas.uba.ar\/extension\/vocesenelfenix\/wp-json\/wp\/v2\/media?parent=11809"}],"curies":[{"name":"wp","href":"https:\/\/api.w.org\/{rel}","templated":true}]}}