{"id":31101,"date":"2025-06-27T16:19:33","date_gmt":"2025-06-27T19:19:33","guid":{"rendered":"https:\/\/www.economicas.uba.ar\/extension\/vocesenelfenix\/?page_id=31101"},"modified":"2026-03-25T11:32:26","modified_gmt":"2026-03-25T14:32:26","slug":"documento-pf-57","status":"publish","type":"page","link":"https:\/\/www.economicas.uba.ar\/extension\/vocesenelfenix\/documento-pf-57\/","title":{"rendered":"Documento PF 57"},"content":{"rendered":"\t\t<div data-elementor-type=\"wp-page\" data-elementor-id=\"31101\" class=\"elementor elementor-31101\" data-elementor-post-type=\"page\">\n\t\t\t\t\t\t<section class=\"elementor-section elementor-top-section elementor-element elementor-element-cff2be4 elementor-section-full_width elementor-section-height-default elementor-section-height-default\" data-id=\"cff2be4\" data-element_type=\"section\" data-e-type=\"section\" data-settings=\"{&quot;background_background&quot;:&quot;classic&quot;}\">\n\t\t\t\t\t\t<div class=\"elementor-container elementor-column-gap-wide\">\n\t\t\t\t\t<div class=\"elementor-column elementor-col-50 elementor-top-column elementor-element elementor-element-aa9f085\" data-id=\"aa9f085\" data-element_type=\"column\" data-e-type=\"column\" data-settings=\"{&quot;background_background&quot;:&quot;classic&quot;}\">\n\t\t\t<div class=\"elementor-widget-wrap elementor-element-populated\">\n\t\t\t\t\t\t<div class=\"elementor-element elementor-element-53366d0 elementor-widget elementor-widget-image\" data-id=\"53366d0\" data-element_type=\"widget\" data-e-type=\"widget\" data-widget_type=\"image.default\">\n\t\t\t\t<div class=\"elementor-widget-container\">\n\t\t\t\t\t\t\t\t\t\t\t\t\t\t\t\t<a href=\"https:\/\/www.economicas.uba.ar\/extension\/vocesenelfenix\/plan-fenix\/\">\n\t\t\t\t\t\t\t<img decoding=\"async\" width=\"100\" height=\"94\" src=\"https:\/\/www.economicas.uba.ar\/extension\/vocesenelfenix\/wp-content\/uploads\/fenix_blanco_Df-scaled-e1773843072776.gif\" class=\"attachment-sparkconstructionlite-thumbnail-5 size-sparkconstructionlite-thumbnail-5 wp-image-9038\" alt=\"\" \/>\t\t\t\t\t\t\t\t<\/a>\n\t\t\t\t\t\t\t\t\t\t\t\t\t\t\t<\/div>\n\t\t\t\t<\/div>\n\t\t\t\t\t<\/div>\n\t\t<\/div>\n\t\t\t\t<div class=\"elementor-column elementor-col-50 elementor-top-column elementor-element elementor-element-9ebae7e\" data-id=\"9ebae7e\" data-element_type=\"column\" data-e-type=\"column\">\n\t\t\t<div class=\"elementor-widget-wrap elementor-element-populated\">\n\t\t\t\t\t\t<div class=\"elementor-element elementor-element-dbc878e elementor-nav-menu__align-end elementor-nav-menu--dropdown-tablet elementor-nav-menu__text-align-aside elementor-widget elementor-widget-nav-menu\" data-id=\"dbc878e\" data-element_type=\"widget\" data-e-type=\"widget\" data-settings=\"{&quot;layout&quot;:&quot;horizontal&quot;,&quot;submenu_icon&quot;:{&quot;value&quot;:&quot;&lt;i class=\\&quot;fas fa-caret-down\\&quot;&gt;&lt;\\\/i&gt;&quot;,&quot;library&quot;:&quot;fa-solid&quot;}}\" data-widget_type=\"nav-menu.default\">\n\t\t\t\t<div class=\"elementor-widget-container\">\n\t\t\t\t\t\t\t\t<nav aria-label=\"Menu\" class=\"elementor-nav-menu--main elementor-nav-menu__container elementor-nav-menu--layout-horizontal e--pointer-underline e--animation-fade\">\n\t\t\t\t<ul id=\"menu-1-dbc878e\" class=\"elementor-nav-menu\"><li class=\"menu-item menu-item-type-post_type menu-item-object-page menu-item-31734\"><a href=\"https:\/\/www.economicas.uba.ar\/extension\/vocesenelfenix\/plan-fenix\/\" class=\"elementor-item\">INICIO<\/a><\/li>\n<li class=\"menu-item menu-item-type-post_type menu-item-object-page menu-item-31730\"><a href=\"https:\/\/www.economicas.uba.ar\/extension\/vocesenelfenix\/quienes-somos-capf\/\" class=\"elementor-item\">QUI\u00c9NES SOMOS<\/a><\/li>\n<li class=\"menu-item menu-item-type-post_type menu-item-object-page menu-item-32196\"><a href=\"https:\/\/www.economicas.uba.ar\/extension\/vocesenelfenix\/boletines\/\" class=\"elementor-item\">BOLETINES<\/a><\/li>\n<li class=\"menu-item menu-item-type-post_type menu-item-object-page menu-item-31732\"><a href=\"https:\/\/www.economicas.uba.ar\/extension\/vocesenelfenix\/documentos-y-declaraciones\/\" class=\"elementor-item\">DOCUMENTOS <br>Y DECLARACIONES<\/a><\/li>\n<li class=\"menu-item menu-item-type-post_type menu-item-object-page menu-item-31731\"><a href=\"https:\/\/www.economicas.uba.ar\/extension\/vocesenelfenix\/presentaciones-publicas\/\" class=\"elementor-item\">PRESENTACIONES <br>P\u00daBLICAS<\/a><\/li>\n<li class=\"menu-item menu-item-type-custom menu-item-object-custom menu-item-home menu-item-31735\"><a href=\"https:\/\/www.economicas.uba.ar\/extension\/vocesenelfenix\/\" class=\"elementor-item\">VOCES EN EL F\u00c9NIX<\/a><\/li>\n<\/ul>\t\t\t<\/nav>\n\t\t\t\t\t\t<nav class=\"elementor-nav-menu--dropdown elementor-nav-menu__container\" aria-hidden=\"true\">\n\t\t\t\t<ul id=\"menu-2-dbc878e\" class=\"elementor-nav-menu\"><li class=\"menu-item menu-item-type-post_type menu-item-object-page menu-item-31734\"><a href=\"https:\/\/www.economicas.uba.ar\/extension\/vocesenelfenix\/plan-fenix\/\" class=\"elementor-item\" tabindex=\"-1\">INICIO<\/a><\/li>\n<li class=\"menu-item menu-item-type-post_type menu-item-object-page menu-item-31730\"><a href=\"https:\/\/www.economicas.uba.ar\/extension\/vocesenelfenix\/quienes-somos-capf\/\" class=\"elementor-item\" tabindex=\"-1\">QUI\u00c9NES SOMOS<\/a><\/li>\n<li class=\"menu-item menu-item-type-post_type menu-item-object-page menu-item-32196\"><a href=\"https:\/\/www.economicas.uba.ar\/extension\/vocesenelfenix\/boletines\/\" class=\"elementor-item\" tabindex=\"-1\">BOLETINES<\/a><\/li>\n<li class=\"menu-item menu-item-type-post_type menu-item-object-page menu-item-31732\"><a href=\"https:\/\/www.economicas.uba.ar\/extension\/vocesenelfenix\/documentos-y-declaraciones\/\" class=\"elementor-item\" tabindex=\"-1\">DOCUMENTOS <br>Y DECLARACIONES<\/a><\/li>\n<li class=\"menu-item menu-item-type-post_type menu-item-object-page menu-item-31731\"><a href=\"https:\/\/www.economicas.uba.ar\/extension\/vocesenelfenix\/presentaciones-publicas\/\" class=\"elementor-item\" tabindex=\"-1\">PRESENTACIONES <br>P\u00daBLICAS<\/a><\/li>\n<li class=\"menu-item menu-item-type-custom menu-item-object-custom menu-item-home menu-item-31735\"><a href=\"https:\/\/www.economicas.uba.ar\/extension\/vocesenelfenix\/\" class=\"elementor-item\" tabindex=\"-1\">VOCES EN EL F\u00c9NIX<\/a><\/li>\n<\/ul>\t\t\t<\/nav>\n\t\t\t\t\t\t<\/div>\n\t\t\t\t<\/div>\n\t\t\t\t\t<\/div>\n\t\t<\/div>\n\t\t\t\t\t<\/div>\n\t\t<\/section>\n\t\t\t\t<section class=\"elementor-section elementor-top-section elementor-element elementor-element-d4c0bf7 elementor-section-boxed elementor-section-height-default elementor-section-height-default\" data-id=\"d4c0bf7\" data-element_type=\"section\" data-e-type=\"section\">\n\t\t\t\t\t\t\t<div class=\"elementor-background-overlay\"><\/div>\n\t\t\t\t\t\t\t<div class=\"elementor-container elementor-column-gap-default\">\n\t\t\t\t\t<div class=\"elementor-column elementor-col-100 elementor-top-column elementor-element elementor-element-8c21f99\" data-id=\"8c21f99\" data-element_type=\"column\" data-e-type=\"column\">\n\t\t\t<div class=\"elementor-widget-wrap elementor-element-populated\">\n\t\t\t\t\t\t<div class=\"elementor-element elementor-element-4e721e2 elementor-widget elementor-widget-text-editor\" data-id=\"4e721e2\" data-element_type=\"widget\" data-e-type=\"widget\" data-widget_type=\"text-editor.default\">\n\t\t\t\t<div class=\"elementor-widget-container\">\n\t\t\t\t\t\t\t\t\t<h3 style=\"text-align: center;\">La paz mundial est\u00e1 en peligro<br \/>\u00a0<\/h3>\t\t\t\t\t\t\t\t<\/div>\n\t\t\t\t<\/div>\n\t\t\t\t<div class=\"elementor-element elementor-element-a72d24c elementor-align-right elementor-widget elementor-widget-button\" data-id=\"a72d24c\" data-element_type=\"widget\" data-e-type=\"widget\" data-widget_type=\"button.default\">\n\t\t\t\t<div class=\"elementor-widget-container\">\n\t\t\t\t\t\t\t\t\t<div class=\"elementor-button-wrapper\">\n\t\t\t\t\t<a class=\"elementor-button elementor-button-link elementor-size-xs\" href=\"https:\/\/drive.google.com\/file\/d\/1EgjfVK6qQzl8JJZycaKDkm-6ZVywWwv0\/view?usp=sharing\" target=\"_blank\">\n\t\t\t\t\t\t<span class=\"elementor-button-content-wrapper\">\n\t\t\t\t\t\t\t\t\t<span class=\"elementor-button-text\">Descarg\u00e1 el PDF<\/span>\n\t\t\t\t\t<\/span>\n\t\t\t\t\t<\/a>\n\t\t\t\t<\/div>\n\t\t\t\t\t\t\t\t<\/div>\n\t\t\t\t<\/div>\n\t\t\t\t\t<\/div>\n\t\t<\/div>\n\t\t\t\t\t<\/div>\n\t\t<\/section>\n\t\t\t\t<section class=\"elementor-section elementor-top-section elementor-element elementor-element-071d4ad elementor-section-boxed elementor-section-height-default elementor-section-height-default\" data-id=\"071d4ad\" data-element_type=\"section\" data-e-type=\"section\">\n\t\t\t\t\t\t<div class=\"elementor-container elementor-column-gap-default\">\n\t\t\t\t\t<div class=\"elementor-column elementor-col-100 elementor-top-column elementor-element elementor-element-a0b5ead\" data-id=\"a0b5ead\" data-element_type=\"column\" data-e-type=\"column\">\n\t\t\t<div class=\"elementor-widget-wrap elementor-element-populated\">\n\t\t\t\t\t\t<div class=\"elementor-element elementor-element-80b3ac4 elementor-widget elementor-widget-spacer\" data-id=\"80b3ac4\" data-element_type=\"widget\" data-e-type=\"widget\" data-widget_type=\"spacer.default\">\n\t\t\t\t<div class=\"elementor-widget-container\">\n\t\t\t\t\t\t\t<div class=\"elementor-spacer\">\n\t\t\t<div class=\"elementor-spacer-inner\"><\/div>\n\t\t<\/div>\n\t\t\t\t\t\t<\/div>\n\t\t\t\t<\/div>\n\t\t\t\t<div class=\"elementor-element elementor-element-ce03b3d elementor-widget elementor-widget-text-editor\" data-id=\"ce03b3d\" data-element_type=\"widget\" data-e-type=\"widget\" data-widget_type=\"text-editor.default\">\n\t\t\t\t<div class=\"elementor-widget-container\">\n\t\t\t\t\t\t\t\t\t<p>El mundo asiste en estos d\u00edas a una ola de agresiones y violencia: desde Ucrania, Gaza y Sud\u00e1n, hasta los misiles que surcan los cielos de Teher\u00e1n y Tel Aviv. Este desenfreno belicista y las agresiones a instalaciones sobre centrales nucleares, condenadas por el derecho internacional, generan la percepci\u00f3n cada vez m\u00e1s extendida de que el mundo ha entrado, decididamente, en una etapa de caos.<\/p><p>\u00a0<\/p><p>Ante este escenario, la C\u00e1tedra Abierta Plan F\u00e9nix de la Facultad de Ciencias Econ\u00f3micas (UBA) siente la obligaci\u00f3n de dejar testimonio de lo siguiente:<\/p><p>\u00a0<\/p><p>1.- El Orden Internacional nacido tras la Segunda Guerra Mundial ha venido sufriendo un desgaste, p\u00e9rdida de legitimidad y de eficacia, como resultado de la fragmentaci\u00f3n creciente del Sistema Internacional. Ese orden agudiz\u00f3 su declinaci\u00f3n con la crisis financiera global, generada en Wall Street en 2008, y nunca resuelta.<\/p><p>\u00a0<\/p><p>2.- La Organizaci\u00f3n de las Naciones Unidas y su Consejo de Seguridad est\u00e1n paralizados y son impotentes para asegurar el objeto de su creaci\u00f3n: prevenir y asegurar la paz y seguridad internacionales. La Organizaci\u00f3n Mundial de Comercio se ve debilitada, al igual que los organismos creados en Bretton Woods, el Banco Mundial y el Fondo Monetario Internacional, deslegitimados y sustituidos por instituciones que niegan el multilateralismo, como el G-7, el G-20 y otros que operan fuera del sistema de la ONU.<\/p><p>\u00a0<\/p><p>3.- Este abandono del multilateralismo tiene como principal actor a EE.UU., promotor del orden consagrado en la Carta de San Francisco, quien se ha convertido en su principal cr\u00edtico. Paradojalmente, mientras Washington se repliega en un soberanismo defensivo, China \u2014la \u00faltima potencia en incorporarse al sistema multilateral de 1945\u2014 resulta hoy su principal sostenedora.<\/p><p>\u00a0<\/p><p>4.- El repliegue estadounidense retoma antiguas tendencias al unilateralismo, aislacionismo y proteccionismo econ\u00f3mico, rasgos que ya hab\u00edan marcado su historia antes de la Segunda Guerra Mundial. En este nuevo mandato presidencial, la guerra comercial lanzada por Estados Unidos ha intensificado el conflicto con China, pero tambi\u00e9n ha involucrado a viejos aliados como Canad\u00e1, M\u00e9xico, la Uni\u00f3n Europea y Jap\u00f3n. El aislacionismo ya no discrimina entre socios y adversarios.<\/p><p>\u00a0<\/p><p>5.- Todo lo rese\u00f1ado hasta aqu\u00ed ha desembocado en un sistema internacional m\u00e1s inestable, un escenario de \u201chegemon\u00edas fragmentadas\u201d, donde nadie est\u00e1 en condiciones de liderar al conjunto. De ah\u00ed lo ca\u00f3tico de la situaci\u00f3n actual. En este nuevo contexto, ganan protagonismo potencias emergentes y actores regionales con agendas propias como los BRICS ampliados: India, Egipto, Arabia Saudita, Indonesia, Brasil, Ir\u00e1n, Sud\u00e1frica, la Uni\u00f3n de Emiratos \u00c1rabes y otros, como Turqu\u00eda, que est\u00e1n en la lista de espera. Estos pa\u00edses emergentes, junto a potencias como China y Rusia, adoptan la geopol\u00edtica que impone sus t\u00e9rminos en el marco de una \u201cgeoeconom\u00eda\u201d que privilegia el \u201cMultipolarismo\u201d al \u201cUnipolarismo\u201d.<\/p><p>\u00a0<\/p><p>6.- Los enunciados anteriores son s\u00edntomas de una creciente fragmentaci\u00f3n del mundo respecto del orden anterior, consagrado en San Francisco en 1945. Este orden se resquebraja, mientras que el que lo sustituir\u00e1 se encuentra en etapa de gestaci\u00f3n. Eso genera ingobernabilidad, amenazas y tensiones que pueden sumarse a las actuales, en el Mar Rojo, en el Mar de la China y en las dos Coreas.<\/p><p>\u00a0<\/p><p>7.- En suma, la tragedia que presenciamos ante la doble agresi\u00f3n a Ir\u00e1n por parte de Israel y EE.UU., bajo el argumento de la \u201cguerra preventiva\u201d, no puede ser considerada como un hecho aislado; se trata de un eslab\u00f3n de esta cadena, donde la lucha hegem\u00f3nica con China muestra que la potencia ascendente necesita tiempo y la potencia dominante decide aprovechar su ventaja militar para detener el ascenso del gigante asi\u00e1tico y sus aliados.<\/p><p>\u00a0<\/p><p>8.- El gobierno de EE.UU. ha intervenido en una guerra, sin contar con la aprobaci\u00f3n del Congreso de su pa\u00eds ni del Consejo de Seguridad de la ONU, bajo la consigna falaciosa de que \u201cla Paz se obtiene mediante la fuerza\u201d. Esto sienta un precedente de alta peligrosidad para el mantenimiento de la paz y seguridad mundial en el futuro.<\/p><p>\u00a0<\/p><p>9.- No debe olvidarse adem\u00e1s que el cuadro presente se gest\u00f3 en el marco de una agresi\u00f3n indiscriminada a la poblaci\u00f3n civil de Gaza por parte de las fuerzas armadas de Israel, en un escenario que engloba a L\u00edbano, Yemen y Siria. Ha sido tard\u00eda \u2014y para nada efectiva\u2014 la reacci\u00f3n de la Uni\u00f3n Europea ante este cuadro de creciente violencia. Ello, pese a que Israel ha violado lo dispuesto en el art\u00edculo 2do. del Acuerdo de Asociaci\u00f3n firmado en su momento con la Uni\u00f3n Europea.<\/p><p>\u00a0<\/p><p>Reivindicamos las mejores tradiciones diplom\u00e1ticas de la Argentina, representadas por la resoluci\u00f3n pac\u00edfica de los conflictos, el principio de no intervenci\u00f3n y la autonom\u00eda pol\u00edtica de los pueblos. En nuestro \u00faltimo documento, propusimos \u201cLa Neutralidad Activa\u201d como base de la pol\u00edtica exterior argentina y latinoamericana, ante las disputas hegem\u00f3nicas entre potencias internacionales; esto no implica ser neutrales cuando un pa\u00eds, por s\u00ed o a trav\u00e9s de sus aliados, viole la soberan\u00eda de otros estados o pueblos que han emergido del colonialismo.<\/p><p>\u00a0<\/p><p>Hoy, frente a la desgarradora tragedia que presenciamos, no hacemos m\u00e1s que ratificar esa neutralidad activa. Nos diferenciamos as\u00ed de la imprudente y solitaria expresi\u00f3n del Gobierno argentino de turno, de celebrar la intervenci\u00f3n de EE.UU. y justificar la agresi\u00f3n de Israel. Esas actitudes de apoyar y alinearse, autom\u00e1tica e irreflexivamente con aventuras belicistas, ya han sido ensayadas en los a\u00f1os 90, y le costaron a nuestro pa\u00eds represalias diplom\u00e1ticas, comerciales y atentados que nuestro pueblo no tiene por qu\u00e9 sufrir. Vuelve a generarse una peligrosa vulnerabilidad. Esta reiteraci\u00f3n in\u00fatil y no requerida por nadie de comprometer a la Naci\u00f3n y al Pueblo argentino en un conflicto que no guarda ninguna relaci\u00f3n con sus intereses nacionales, merece nuestra m\u00e1s decidida reprobaci\u00f3n y condena.<\/p><p>\u00a0<\/p><p>La Argentina y Am\u00e9rica Latina han declarado reiteradamente ser una zona de paz. As\u00ed lo han sostenido varios l\u00edderes de la regi\u00f3n en estos d\u00edas como los presidentes de Chile Brasil, Colombia, M\u00e9xico, entre otros, y nosotros somos consecuentes y solidarios con esa vocaci\u00f3n y ese destino.<\/p><p>\u00a0<\/p><p style=\"text-align: right;\">Buenos Aires, 27 de junio de 2025<\/p>\t\t\t\t\t\t\t\t<\/div>\n\t\t\t\t<\/div>\n\t\t\t\t\t<\/div>\n\t\t<\/div>\n\t\t\t\t\t<\/div>\n\t\t<\/section>\n\t\t\t\t<section class=\"elementor-section elementor-top-section elementor-element elementor-element-084a7f2 elementor-section-boxed elementor-section-height-default elementor-section-height-default\" data-id=\"084a7f2\" data-element_type=\"section\" data-e-type=\"section\">\n\t\t\t\t\t\t<div class=\"elementor-container elementor-column-gap-default\">\n\t\t\t\t\t<div class=\"elementor-column elementor-col-100 elementor-top-column elementor-element elementor-element-7a3c7a4\" data-id=\"7a3c7a4\" data-element_type=\"column\" data-e-type=\"column\">\n\t\t\t<div class=\"elementor-widget-wrap elementor-element-populated\">\n\t\t\t\t\t\t<div class=\"elementor-element elementor-element-1ac2cad elementor-widget elementor-widget-html\" data-id=\"1ac2cad\" data-element_type=\"widget\" data-e-type=\"widget\" data-widget_type=\"html.default\">\n\t\t\t\t<div class=\"elementor-widget-container\">\n\t\t\t\t\t<!-- AddToAny BEGIN -->\r\n<div class=\"a2a_kit a2a_kit_size_32 a2a_default_style\">\r\n<a class=\"a2a_dd\" href=\"https:\/\/www.addtoany.com\/share\"><\/a>\r\n<a class=\"a2a_button_x\"><\/a>\r\n<a class=\"a2a_button_facebook\"><\/a>\r\n<a class=\"a2a_button_whatsapp\"><\/a>\r\n<a class=\"a2a_button_telegram\"><\/a>\r\n<a class=\"a2a_button_google_gmail\"><\/a>\r\n<a class=\"a2a_button_printfriendly\"><\/a>\r\n<\/div>\r\n<script async src=\"https:\/\/static.addtoany.com\/menu\/page.js\"><\/script>\r\n<!-- AddToAny END -->\t\t\t\t<\/div>\n\t\t\t\t<\/div>\n\t\t\t\t\t<\/div>\n\t\t<\/div>\n\t\t\t\t\t<\/div>\n\t\t<\/section>\n\t\t\t\t<section class=\"elementor-section elementor-top-section elementor-element elementor-element-50eb0d6 elementor-section-height-min-height elementor-section-boxed elementor-section-height-default elementor-section-items-middle\" data-id=\"50eb0d6\" data-element_type=\"section\" data-e-type=\"section\" data-settings=\"{&quot;background_background&quot;:&quot;classic&quot;}\">\n\t\t\t\t\t\t<div class=\"elementor-container elementor-column-gap-default\">\n\t\t\t\t\t<div class=\"elementor-column elementor-col-100 elementor-top-column elementor-element elementor-element-1a0e7cc\" data-id=\"1a0e7cc\" data-element_type=\"column\" data-e-type=\"column\" data-settings=\"{&quot;background_background&quot;:&quot;classic&quot;}\">\n\t\t\t<div class=\"elementor-widget-wrap elementor-element-populated\">\n\t\t\t\t\t\t<div class=\"elementor-element elementor-element-ea368e2 elementor-widget elementor-widget-text-editor\" data-id=\"ea368e2\" data-element_type=\"widget\" data-e-type=\"widget\" data-widget_type=\"text-editor.default\">\n\t\t\t\t<div class=\"elementor-widget-container\">\n\t\t\t\t\t\t\t\t\t<h5 style=\"text-align: right;\"><span style=\"color: #ffffff;\">Encontranos en:<\/span><\/h5>\t\t\t\t\t\t\t\t<\/div>\n\t\t\t\t<\/div>\n\t\t\t\t<div class=\"elementor-element elementor-element-8fa1a48 e-grid-align-right elementor-shape-rounded elementor-grid-0 elementor-widget elementor-widget-social-icons\" data-id=\"8fa1a48\" data-element_type=\"widget\" data-e-type=\"widget\" data-widget_type=\"social-icons.default\">\n\t\t\t\t<div class=\"elementor-widget-container\">\n\t\t\t\t\t\t\t<div class=\"elementor-social-icons-wrapper elementor-grid\" role=\"list\">\n\t\t\t\t\t\t\t<span class=\"elementor-grid-item\" role=\"listitem\">\n\t\t\t\t\t<a class=\"elementor-icon elementor-social-icon elementor-social-icon-envelope elementor-repeater-item-d22c195\" href=\"mailto:fenix@economicas.uba.ar\" target=\"_blank\">\n\t\t\t\t\t\t<span class=\"elementor-screen-only\">Envelope<\/span>\n\t\t\t\t\t\t<i aria-hidden=\"true\" class=\"fas fa-envelope\"><\/i>\t\t\t\t\t<\/a>\n\t\t\t\t<\/span>\n\t\t\t\t\t\t\t<span class=\"elementor-grid-item\" role=\"listitem\">\n\t\t\t\t\t<a class=\"elementor-icon elementor-social-icon elementor-social-icon-whatsapp elementor-repeater-item-52f8805\" href=\"https:\/\/wa.me\/+5491156433950\/?text=Me%20gustar\u00eda%20sumarme%20a%20la%20lista%20de%20difusi\u00f3n\" target=\"_blank\">\n\t\t\t\t\t\t<span class=\"elementor-screen-only\">Whatsapp<\/span>\n\t\t\t\t\t\t<i aria-hidden=\"true\" class=\"fab fa-whatsapp\"><\/i>\t\t\t\t\t<\/a>\n\t\t\t\t<\/span>\n\t\t\t\t\t\t\t<span class=\"elementor-grid-item\" role=\"listitem\">\n\t\t\t\t\t<a class=\"elementor-icon elementor-social-icon elementor-social-icon-facebook elementor-repeater-item-b9fe72b\" href=\"https:\/\/www.facebook.com\/catedraplanfenix\/\" target=\"_blank\">\n\t\t\t\t\t\t<span class=\"elementor-screen-only\">Facebook<\/span>\n\t\t\t\t\t\t<i aria-hidden=\"true\" class=\"fab fa-facebook\"><\/i>\t\t\t\t\t<\/a>\n\t\t\t\t<\/span>\n\t\t\t\t\t\t\t<span class=\"elementor-grid-item\" role=\"listitem\">\n\t\t\t\t\t<a class=\"elementor-icon elementor-social-icon elementor-social-icon-x-twitter elementor-repeater-item-8cf7a5b\" href=\"https:\/\/x.com\/vocesenelfenix\" target=\"_blank\">\n\t\t\t\t\t\t<span class=\"elementor-screen-only\">X-twitter<\/span>\n\t\t\t\t\t\t<i aria-hidden=\"true\" class=\"fab fa-x-twitter\"><\/i>\t\t\t\t\t<\/a>\n\t\t\t\t<\/span>\n\t\t\t\t\t\t\t<span class=\"elementor-grid-item\" role=\"listitem\">\n\t\t\t\t\t<a class=\"elementor-icon elementor-social-icon elementor-social-icon-youtube elementor-repeater-item-178b3c4\" href=\"https:\/\/www.youtube.com\/user\/vocesenelfenix\" target=\"_blank\">\n\t\t\t\t\t\t<span class=\"elementor-screen-only\">Youtube<\/span>\n\t\t\t\t\t\t<i aria-hidden=\"true\" class=\"fab fa-youtube\"><\/i>\t\t\t\t\t<\/a>\n\t\t\t\t<\/span>\n\t\t\t\t\t\t\t<span class=\"elementor-grid-item\" role=\"listitem\">\n\t\t\t\t\t<a class=\"elementor-icon elementor-social-icon elementor-social-icon-instagram elementor-repeater-item-50700d0\" href=\"https:\/\/www.instagram.com\/planfenix\/\" target=\"_blank\">\n\t\t\t\t\t\t<span class=\"elementor-screen-only\">Instagram<\/span>\n\t\t\t\t\t\t<i aria-hidden=\"true\" class=\"fab fa-instagram\"><\/i>\t\t\t\t\t<\/a>\n\t\t\t\t<\/span>\n\t\t\t\t\t<\/div>\n\t\t\t\t\t\t<\/div>\n\t\t\t\t<\/div>\n\t\t\t\t\t<\/div>\n\t\t<\/div>\n\t\t\t\t\t<\/div>\n\t\t<\/section>\n\t\t\t\t<\/div>\n\t\t","protected":false},"excerpt":{"rendered":"<p>La paz mundial est\u00e1 en peligro\u00a0 Descarg\u00e1 el PDF El mundo asiste en estos d\u00edas a una ola de agresiones y violencia: desde Ucrania, Gaza y Sud\u00e1n, hasta los misiles<\/p>\n","protected":false},"author":5,"featured_media":0,"parent":0,"menu_order":0,"comment_status":"closed","ping_status":"closed","template":"elementor_canvas","meta":{"footnotes":""},"class_list":["post-31101","page","type-page","status-publish","hentry"],"_links":{"self":[{"href":"https:\/\/www.economicas.uba.ar\/extension\/vocesenelfenix\/wp-json\/wp\/v2\/pages\/31101","targetHints":{"allow":["GET"]}}],"collection":[{"href":"https:\/\/www.economicas.uba.ar\/extension\/vocesenelfenix\/wp-json\/wp\/v2\/pages"}],"about":[{"href":"https:\/\/www.economicas.uba.ar\/extension\/vocesenelfenix\/wp-json\/wp\/v2\/types\/page"}],"author":[{"embeddable":true,"href":"https:\/\/www.economicas.uba.ar\/extension\/vocesenelfenix\/wp-json\/wp\/v2\/users\/5"}],"replies":[{"embeddable":true,"href":"https:\/\/www.economicas.uba.ar\/extension\/vocesenelfenix\/wp-json\/wp\/v2\/comments?post=31101"}],"version-history":[{"count":13,"href":"https:\/\/www.economicas.uba.ar\/extension\/vocesenelfenix\/wp-json\/wp\/v2\/pages\/31101\/revisions"}],"predecessor-version":[{"id":32383,"href":"https:\/\/www.economicas.uba.ar\/extension\/vocesenelfenix\/wp-json\/wp\/v2\/pages\/31101\/revisions\/32383"}],"wp:attachment":[{"href":"https:\/\/www.economicas.uba.ar\/extension\/vocesenelfenix\/wp-json\/wp\/v2\/media?parent=31101"}],"curies":[{"name":"wp","href":"https:\/\/api.w.org\/{rel}","templated":true}]}}