{"id":1426,"date":"2022-09-22T12:01:00","date_gmt":"2022-09-22T15:01:00","guid":{"rendered":"https:\/\/www.economicas.uba.ar\/iiep\/desip\/?page_id=1426"},"modified":"2024-08-02T17:03:17","modified_gmt":"2024-08-02T20:03:17","slug":"novedades","status":"publish","type":"page","link":"https:\/\/www.economicas.uba.ar\/iiep\/desip\/novedades\/","title":{"rendered":"Novedades"},"content":{"rendered":"\t\t<div data-elementor-type=\"wp-page\" data-elementor-id=\"1426\" class=\"elementor elementor-1426\" data-elementor-post-type=\"page\">\n\t\t\t\t\t\t<section class=\"elementor-section elementor-top-section elementor-element elementor-element-c4cab42 elementor-section-boxed elementor-section-height-default elementor-section-height-default\" data-id=\"c4cab42\" data-element_type=\"section\" data-e-type=\"section\">\n\t\t\t\t\t\t<div class=\"elementor-container elementor-column-gap-default\">\n\t\t\t\t\t<div class=\"elementor-column elementor-col-100 elementor-top-column elementor-element elementor-element-0261787\" data-id=\"0261787\" data-element_type=\"column\" data-e-type=\"column\">\n\t\t\t<div class=\"elementor-widget-wrap\">\n\t\t\t\t\t\t\t<\/div>\n\t\t<\/div>\n\t\t\t\t\t<\/div>\n\t\t<\/section>\n\t\t<div class=\"elementor-element elementor-element-075b49a e-flex e-con-boxed e-con e-parent\" data-id=\"075b49a\" data-element_type=\"container\" data-e-type=\"container\">\n\t\t\t\t\t<div class=\"e-con-inner\">\n\t\t\t\t\t<\/div>\n\t\t\t\t<\/div>\n\t\t<div class=\"elementor-element elementor-element-abea732 e-flex e-con-boxed e-con e-parent\" data-id=\"abea732\" data-element_type=\"container\" data-e-type=\"container\">\n\t\t\t\t\t<div class=\"e-con-inner\">\n\t\t\t\t<div class=\"elementor-element elementor-element-bc88a58 elementor-widget elementor-widget-wp-widget-search\" data-id=\"bc88a58\" data-element_type=\"widget\" data-e-type=\"widget\" data-widget_type=\"wp-widget-search.default\">\n\t\t\t\t<div class=\"elementor-widget-container\">\n\t\t\t\t\t<form method=\"get\" id=\"search-form\" class=\"search-form\" action=\"https:\/\/www.economicas.uba.ar\/iiep\/desip\/\" >\n\t\t\t\t\t<div class=\"input-group stylish-input-group\">\n\t\t\t\t\t\t<input type=\"text\" value=\"\" name=\"s\" id=\"s\" class=\"form-control\" placeholder=\"Search\" \/>\n\t\t\t\t\t\t<span class=\"input-group-addon\">\n\t\t\t\t\t\t\t<button type=\"submit\" id=\"searchsubmit\" value=\"Search\">\n\t\t\t    \t\t\t\t<i class=\"fa fa-search\"><\/i>\n\t\t\t    \t\t\t<\/button>\n                        <\/span>\n                    <\/div>\n\t\t\t    <\/form>\t\t\t\t<\/div>\n\t\t\t\t<\/div>\n\t\t\t\t\t<\/div>\n\t\t\t\t<\/div>\n\t\t<div class=\"elementor-element elementor-element-dbf4f09 e-flex e-con-boxed e-con e-parent\" data-id=\"dbf4f09\" data-element_type=\"container\" data-e-type=\"container\">\n\t\t\t\t\t<div class=\"e-con-inner\">\n\t\t\t\t<div class=\"elementor-element elementor-element-0b6ce68 elementor-widget elementor-widget-ucaddon_post_blocks\" data-id=\"0b6ce68\" data-element_type=\"widget\" data-e-type=\"widget\" data-widget_type=\"ucaddon_post_blocks.default\">\n\t\t\t\t<div class=\"elementor-widget-container\">\n\t\t\t\t\t\n<!-- start Post Blocks -->\n\t\t<link id='font-awesome-css' href='https:\/\/www.economicas.uba.ar\/iiep\/desip\/wp-content\/plugins\/unlimited-elements-for-elementor\/assets_libraries\/font-awesome6\/fontawesome-all.min.css' type='text\/css' rel='stylesheet' >\n\t\t<link id='font-awesome-4-shim-css' href='https:\/\/www.economicas.uba.ar\/iiep\/desip\/wp-content\/plugins\/unlimited-elements-for-elementor\/assets_libraries\/font-awesome6\/fontawesome-v4-shims.min.css' type='text\/css' rel='stylesheet' >\n\n<style>\/* widget: Post Blocks *\/\n\n#uc_post_blocks_elementor_0b6ce68 {\n    display:grid;\n}\n#uc_post_blocks_elementor_0b6ce68 .ue_post_blocks_box\n{\n  overflow:hidden;\n}\n\n#uc_post_blocks_elementor_0b6ce68 .ue_post_blocks_image\n{\n  overflow:hidden;\n}\n#uc_post_blocks_elementor_0b6ce68 .ue_post_blocks_image img\n{\n  object-fit: cover;\n  object-position:center center;\n  width:100%;\n  display:block;\n}\n#uc_post_blocks_elementor_0b6ce68 .ue_post_blocks_link a\n{\n  display:inline-block;\n  text-decoration:none;\n  text-align:center;\n}\n\n #uc_post_blocks_elementor_0b6ce68 .ue_post_blocks_box img\n{\n  transition:0.5s;\n}\n #uc_post_blocks_elementor_0b6ce68 .ue_post_blocks_box:hover img\n{\n  transform:scale(1.1,1.1);\n}\n\n\n\n\n#uc_post_blocks_elementor_0b6ce68 .ue-grid-item-meta-data\n{\n  display:inlin-flex;\n  flex-wrap: wrap;\n}\n\n.ue-grid-item-meta-data\n{\n  font-size:12px;\n}\n\n#uc_post_blocks_elementor_0b6ce68 .ue-grid-item-meta-data-icon\n{\n  line-height:1em;\n}\n\n#uc_post_blocks_elementor_0b6ce68 .ue-grid-item-meta-data-icon svg\n{\n  width:1em;\n  height:1em;\n}\n\n\n.ue-grid-item-category a\n{\n  display:inline-block;\n  font-size:10px;\n  text-transform:uppercase;\n}\n\n<\/style>\n\n<div id=\"uc_post_blocks_elementor_0b6ce68\" class=\"ue_post_blocks uc-items-wrapper\" >\n    <div class=\"ue_post_blocks_box\">\n    <div class=\"ue_post_blocks_content\">\n      \n     \n         \n    <div class=\"ue_post_blocks_title\"><a href=\"https:\/\/www.economicas.uba.ar\/iiep\/desip\/informe-trimestral-de-exportaciones-argentinas-6\/\">Informe Trimestral de Exportaciones Argentinas<\/a><\/div>    \n              <div class=\"ue-grid-item-meta-data\">\n            <div class=\"ue-grid-item-meta-data-date\"><span class=\"ue-grid-item-meta-data-icon\"><i class='fas fa-calendar-week'><\/i><\/span> 05 febrero, 2026<\/div>                      <\/div>\n         \n    \n          <\/div>\n<\/div>\n<div class=\"ue_post_blocks_box\">\n    <div class=\"ue_post_blocks_content\">\n      \n     \n         \n    <div class=\"ue_post_blocks_title\"><a href=\"https:\/\/www.economicas.uba.ar\/iiep\/desip\/participacion-de-hallak-en-dialogo-plan-mexico-y-la-transicion-verde\/\">Participaci\u00f3n de Hallak en Di\u00e1logo Plan M\u00e9xico y la Transici\u00f3n Verde<\/a><\/div>    \n              <div class=\"ue-grid-item-meta-data\">\n            <div class=\"ue-grid-item-meta-data-date\"><span class=\"ue-grid-item-meta-data-icon\"><i class='fas fa-calendar-week'><\/i><\/span> 31 enero, 2026<\/div>                      <\/div>\n         \n    \n          <\/div>\n<\/div>\n<div class=\"ue_post_blocks_box\">\n    <div class=\"ue_post_blocks_content\">\n      \n     \n         \n    <div class=\"ue_post_blocks_title\"><a href=\"https:\/\/www.economicas.uba.ar\/iiep\/desip\/nuevo-articulo-de-roberto-bisang-en-clarin-2\/\">Nuevo art\u00edculo de Roberto Bisang en Clar\u00edn<\/a><\/div>    \n              <div class=\"ue-grid-item-meta-data\">\n            <div class=\"ue-grid-item-meta-data-date\"><span class=\"ue-grid-item-meta-data-icon\"><i class='fas fa-calendar-week'><\/i><\/span> 24 enero, 2026<\/div>                      <\/div>\n         \n    \n          <\/div>\n<\/div>\n<div class=\"ue_post_blocks_box\">\n    <div class=\"ue_post_blocks_content\">\n      \n     \n         \n    <div class=\"ue_post_blocks_title\"><a href=\"https:\/\/www.economicas.uba.ar\/iiep\/desip\/nuevo-articulo-de-ricardo-carciofi-en-alquimias-economicas\/\">Nuevo art\u00edculo de Ricardo Carciofi en Alquimias Econ\u00f3micas<\/a><\/div>    \n              <div class=\"ue-grid-item-meta-data\">\n            <div class=\"ue-grid-item-meta-data-date\"><span class=\"ue-grid-item-meta-data-icon\"><i class='fas fa-calendar-week'><\/i><\/span> 07 enero, 2026<\/div>                      <\/div>\n         \n    \n          <\/div>\n<\/div>\n<div class=\"ue_post_blocks_box\">\n    <div class=\"ue_post_blocks_content\">\n      \n     \n         \n    <div class=\"ue_post_blocks_title\"><a href=\"https:\/\/www.economicas.uba.ar\/iiep\/desip\/nuevo-articulo-de-hallak-y-lopez-en-la-nacion\/\">Nuevo art\u00edculo de Hallak y L\u00f3pez en La Naci\u00f3n<\/a><\/div>    \n              <div class=\"ue-grid-item-meta-data\">\n            <div class=\"ue-grid-item-meta-data-date\"><span class=\"ue-grid-item-meta-data-icon\"><i class='fas fa-calendar-week'><\/i><\/span> 04 enero, 2026<\/div>                      <\/div>\n         \n    \n          <\/div>\n<\/div>\n<div class=\"ue_post_blocks_box\">\n    <div class=\"ue_post_blocks_content\">\n      \n     \n         \n    <div class=\"ue_post_blocks_title\"><a href=\"https:\/\/www.economicas.uba.ar\/iiep\/desip\/nueva-publicacion-de-lopez-y-pascuini-2\/\">Nueva publicaci\u00f3n de Hallak<\/a><\/div>    \n              <div class=\"ue-grid-item-meta-data\">\n            <div class=\"ue-grid-item-meta-data-date\"><span class=\"ue-grid-item-meta-data-icon\"><i class='fas fa-calendar-week'><\/i><\/span> 18 diciembre, 2025<\/div>                      <\/div>\n         \n    \n          <\/div>\n<\/div>\n<div class=\"ue_post_blocks_box\">\n    <div class=\"ue_post_blocks_content\">\n      \n     \n         \n    <div class=\"ue_post_blocks_title\"><a href=\"https:\/\/www.economicas.uba.ar\/iiep\/desip\/informe-trimestral-de-exportaciones-argentinas-5\/\">Informe Trimestral de Exportaciones Argentinas<\/a><\/div>    \n              <div class=\"ue-grid-item-meta-data\">\n            <div class=\"ue-grid-item-meta-data-date\"><span class=\"ue-grid-item-meta-data-icon\"><i class='fas fa-calendar-week'><\/i><\/span> 10 noviembre, 2025<\/div>                      <\/div>\n         \n    \n          <\/div>\n<\/div>\n<div class=\"ue_post_blocks_box\">\n    <div class=\"ue_post_blocks_content\">\n      \n     \n         \n    <div class=\"ue_post_blocks_title\"><a href=\"https:\/\/www.economicas.uba.ar\/iiep\/desip\/nueva-publicacion-de-lopez-y-pascuini\/\">Nueva publicaci\u00f3n de L\u00f3pez y Pascuini<\/a><\/div>    \n              <div class=\"ue-grid-item-meta-data\">\n            <div class=\"ue-grid-item-meta-data-date\"><span class=\"ue-grid-item-meta-data-icon\"><i class='fas fa-calendar-week'><\/i><\/span> 04 noviembre, 2025<\/div>                      <\/div>\n         \n    \n          <\/div>\n<\/div>\n<div class=\"ue_post_blocks_box\">\n    <div class=\"ue_post_blocks_content\">\n      \n     \n         \n    <div class=\"ue_post_blocks_title\"><a href=\"https:\/\/www.economicas.uba.ar\/iiep\/desip\/pensando-el-desarrollo-economico-argentino\/\">Pensando el desarrollo econ\u00f3mico Argentino<\/a><\/div>    \n              <div class=\"ue-grid-item-meta-data\">\n            <div class=\"ue-grid-item-meta-data-date\"><span class=\"ue-grid-item-meta-data-icon\"><i class='fas fa-calendar-week'><\/i><\/span> 22 octubre, 2025<\/div>                      <\/div>\n         \n    \n          <\/div>\n<\/div>\n<div class=\"ue_post_blocks_box\">\n    <div class=\"ue_post_blocks_content\">\n      \n     \n         \n    <div class=\"ue_post_blocks_title\"><a href=\"https:\/\/www.economicas.uba.ar\/iiep\/desip\/nuevo-articulo-de-roberto-bisang-en-clarin\/\">Nuevo art\u00edculo de Roberto Bisang en Clar\u00edn<\/a><\/div>    \n              <div class=\"ue-grid-item-meta-data\">\n            <div class=\"ue-grid-item-meta-data-date\"><span class=\"ue-grid-item-meta-data-icon\"><i class='fas fa-calendar-week'><\/i><\/span> 04 octubre, 2025<\/div>                      <\/div>\n         \n    \n          <\/div>\n<\/div>\n\n<\/div>\n<!-- end Post Blocks -->\t\t\t\t<\/div>\n\t\t\t\t<\/div>\n\t\t\t\t\t<\/div>\n\t\t\t\t<\/div>\n\t\t<div class=\"elementor-element elementor-element-ef0d754 e-flex e-con-boxed e-con e-parent\" data-id=\"ef0d754\" data-element_type=\"container\" data-e-type=\"container\">\n\t\t\t\t\t<div class=\"e-con-inner\">\n\t\t\t\t\t<\/div>\n\t\t\t\t<\/div>\n\t\t\t\t<section class=\"elementor-section elementor-top-section elementor-element elementor-element-ddb2b04 elementor-section-full_width elementor-section-stretched elementor-section-height-default elementor-section-height-default\" data-id=\"ddb2b04\" data-element_type=\"section\" data-e-type=\"section\" data-settings=\"{&quot;stretch_section&quot;:&quot;section-stretched&quot;}\">\n\t\t\t\t\t\t\t<div class=\"elementor-background-overlay\"><\/div>\n\t\t\t\t\t\t\t<div class=\"elementor-container elementor-column-gap-default\">\n\t\t\t\t\t<div class=\"elementor-column elementor-col-100 elementor-top-column elementor-element elementor-element-15f4517e\" data-id=\"15f4517e\" data-element_type=\"column\" data-e-type=\"column\">\n\t\t\t<div class=\"elementor-widget-wrap elementor-element-populated\">\n\t\t\t\t\t\t<section class=\"elementor-section elementor-inner-section elementor-element elementor-element-6bba8efd elementor-section-boxed elementor-section-height-default elementor-section-height-default\" data-id=\"6bba8efd\" data-element_type=\"section\" data-e-type=\"section\">\n\t\t\t\t\t\t\t<div class=\"elementor-background-overlay\"><\/div>\n\t\t\t\t\t\t\t<div class=\"elementor-container elementor-column-gap-default\">\n\t\t\t\t\t<div class=\"elementor-column elementor-col-33 elementor-inner-column elementor-element elementor-element-647116c6\" data-id=\"647116c6\" data-element_type=\"column\" data-e-type=\"column\">\n\t\t\t<div class=\"elementor-widget-wrap elementor-element-populated\">\n\t\t\t\t<div class=\"elementor-element elementor-element-7e59661f e-grid e-con-boxed e-con e-parent\" data-id=\"7e59661f\" data-element_type=\"container\" data-e-type=\"container\">\n\t\t\t\t\t<div class=\"e-con-inner\">\n\t\t\t\t<div class=\"elementor-element elementor-element-3988c3f1 elementor-view-framed elementor-shape-circle elementor-widget elementor-widget-icon\" data-id=\"3988c3f1\" data-element_type=\"widget\" data-e-type=\"widget\" data-widget_type=\"icon.default\">\n\t\t\t\t<div class=\"elementor-widget-container\">\n\t\t\t\t\t\t\t<div class=\"elementor-icon-wrapper\">\n\t\t\t<a class=\"elementor-icon\" href=\"\">\n\t\t\t<i aria-hidden=\"true\" class=\"far fa-envelope\"><\/i>\t\t\t<\/a>\n\t\t<\/div>\n\t\t\t\t\t\t<\/div>\n\t\t\t\t<\/div>\n\t\t\t\t\t<\/div>\n\t\t\t\t<\/div>\n\t\t\t\t\t<\/div>\n\t\t<\/div>\n\t\t\t\t<div class=\"elementor-column elementor-col-33 elementor-inner-column elementor-element elementor-element-293d1c7c\" data-id=\"293d1c7c\" data-element_type=\"column\" data-e-type=\"column\">\n\t\t\t<div class=\"elementor-widget-wrap elementor-element-populated\">\n\t\t\t\t\t\t<div class=\"elementor-element elementor-element-35a3853e elementor-view-framed elementor-shape-circle elementor-widget elementor-widget-icon\" data-id=\"35a3853e\" data-element_type=\"widget\" data-e-type=\"widget\" data-widget_type=\"icon.default\">\n\t\t\t\t<div class=\"elementor-widget-container\">\n\t\t\t\t\t\t\t<div class=\"elementor-icon-wrapper\">\n\t\t\t<a class=\"elementor-icon\" href=\"https:\/\/x.com\/desip_iiep\" target=\"_blank\">\n\t\t\t<i aria-hidden=\"true\" class=\"fab fa-x-twitter\"><\/i>\t\t\t<\/a>\n\t\t<\/div>\n\t\t\t\t\t\t<\/div>\n\t\t\t\t<\/div>\n\t\t\t\t\t<\/div>\n\t\t<\/div>\n\t\t\t\t<div class=\"elementor-column elementor-col-33 elementor-inner-column elementor-element elementor-element-3a060b84\" data-id=\"3a060b84\" data-element_type=\"column\" data-e-type=\"column\">\n\t\t\t<div class=\"elementor-widget-wrap elementor-element-populated\">\n\t\t\t\t\t\t<div class=\"elementor-element elementor-element-750ed80f elementor-view-framed elementor-shape-circle elementor-widget elementor-widget-icon\" data-id=\"750ed80f\" data-element_type=\"widget\" data-e-type=\"widget\" data-widget_type=\"icon.default\">\n\t\t\t\t<div class=\"elementor-widget-container\">\n\t\t\t\t\t\t\t<div class=\"elementor-icon-wrapper\">\n\t\t\t<a class=\"elementor-icon\" href=\"https:\/\/www.linkedin.com\/company\/desip\/\" target=\"_blank\">\n\t\t\t<i aria-hidden=\"true\" class=\"fab fa-linkedin-in\"><\/i>\t\t\t<\/a>\n\t\t<\/div>\n\t\t\t\t\t\t<\/div>\n\t\t\t\t<\/div>\n\t\t\t\t\t<\/div>\n\t\t<\/div>\n\t\t\t\t\t<\/div>\n\t\t<\/section>\n\t\t\t\t\t<\/div>\n\t\t<\/div>\n\t\t\t\t\t<\/div>\n\t\t<\/section>\n\t\t<div class=\"elementor-element elementor-element-5145a1cb e-flex e-con-boxed e-con e-parent\" data-id=\"5145a1cb\" data-element_type=\"container\" data-e-type=\"container\" data-settings=\"{&quot;background_background&quot;:&quot;classic&quot;}\">\n\t\t\t\t\t<div class=\"e-con-inner\">\n\t\t<div class=\"elementor-element elementor-element-28838dd e-grid e-con-boxed e-con e-child\" data-id=\"28838dd\" data-element_type=\"container\" data-e-type=\"container\">\n\t\t\t\t\t<div class=\"e-con-inner\">\n\t\t\t\t<div class=\"elementor-element elementor-element-512fe26b elementor-widget elementor-widget-image\" data-id=\"512fe26b\" data-element_type=\"widget\" data-e-type=\"widget\" data-widget_type=\"image.default\">\n\t\t\t\t<div class=\"elementor-widget-container\">\n\t\t\t\t\t\t\t\t\t\t\t\t\t\t\t\t<a href=\"https:\/\/iiep.economicas.uba.ar\/\" target=\"_blank\">\n\t\t\t\t\t\t\t<img decoding=\"async\" src=\"https:\/\/www.economicas.uba.ar\/iiep\/desip\/wp-content\/uploads\/IIEP_sinfondo.png\" title=\"\" alt=\"\" loading=\"lazy\" \/>\t\t\t\t\t\t\t\t<\/a>\n\t\t\t\t\t\t\t\t\t\t\t\t\t\t\t<\/div>\n\t\t\t\t<\/div>\n\t\t\t\t<div class=\"elementor-element elementor-element-d75a7de elementor-widget elementor-widget-text-editor\" data-id=\"d75a7de\" data-element_type=\"widget\" data-e-type=\"widget\" data-widget_type=\"text-editor.default\">\n\t\t\t\t<div class=\"elementor-widget-container\">\n\t\t\t\t\t\t\t\t\t<p>Av. C\u00f3rdoba 2122 &#8211; 1\u00b0 piso (C1120 AAQ)<br \/>Ciudad Aut\u00f3noma de Buenos Aires |\u00a0 Argentina<br \/>Tel\/fax: +54 11 5285-6578\u00a0<\/p>\t\t\t\t\t\t\t\t<\/div>\n\t\t\t\t<\/div>\n\t\t<div class=\"elementor-element elementor-element-66b358d5 e-grid e-con-boxed e-con e-child\" data-id=\"66b358d5\" data-element_type=\"container\" data-e-type=\"container\">\n\t\t\t\t\t<div class=\"e-con-inner\">\n\t\t\t\t<div class=\"elementor-element elementor-element-71314eb1 elementor-widget elementor-widget-heading\" data-id=\"71314eb1\" data-element_type=\"widget\" data-e-type=\"widget\" data-widget_type=\"heading.default\">\n\t\t\t\t<div class=\"elementor-widget-container\">\n\t\t\t\t\t<h4 class=\"elementor-heading-title elementor-size-default\"><a href=\"https:\/\/v3.envialosimple.com\/form\/renderwidget\/format\/html\/AdministratorID\/188459\/FormID\/2\/Lang\/es\" target=\"_blank\">\u00bfQuer\u00e9s conocer nuestras novedades?\nSumate a nuestra lista de correo<\/a><\/h4>\t\t\t\t<\/div>\n\t\t\t\t<\/div>\n\t\t\t\t\t<\/div>\n\t\t\t\t<\/div>\n\t\t\t\t\t<\/div>\n\t\t\t\t<\/div>\n\t\t\t\t\t<\/div>\n\t\t\t\t<\/div>\n\t\t\t\t<\/div>\n\t\t","protected":false},"excerpt":{"rendered":"<p>Taller | Las Pol\u00edticas de Desarrollo Productivo y la Internacionalizaci\u00f3n en el nuevo Escenario Global 01 agosto, 2024 Informe Trimestral de Exportaciones Argentinas 30 julio, 2024 #EconomiaEnBreve Regulaciones y mercados<\/p>\n","protected":false},"author":7,"featured_media":0,"parent":0,"menu_order":0,"comment_status":"closed","ping_status":"closed","template":"","meta":{"footnotes":""},"class_list":["post-1426","page","type-page","status-publish","hentry"],"_links":{"self":[{"href":"https:\/\/www.economicas.uba.ar\/iiep\/desip\/wp-json\/wp\/v2\/pages\/1426","targetHints":{"allow":["GET"]}}],"collection":[{"href":"https:\/\/www.economicas.uba.ar\/iiep\/desip\/wp-json\/wp\/v2\/pages"}],"about":[{"href":"https:\/\/www.economicas.uba.ar\/iiep\/desip\/wp-json\/wp\/v2\/types\/page"}],"author":[{"embeddable":true,"href":"https:\/\/www.economicas.uba.ar\/iiep\/desip\/wp-json\/wp\/v2\/users\/7"}],"replies":[{"embeddable":true,"href":"https:\/\/www.economicas.uba.ar\/iiep\/desip\/wp-json\/wp\/v2\/comments?post=1426"}],"version-history":[{"count":60,"href":"https:\/\/www.economicas.uba.ar\/iiep\/desip\/wp-json\/wp\/v2\/pages\/1426\/revisions"}],"predecessor-version":[{"id":7164,"href":"https:\/\/www.economicas.uba.ar\/iiep\/desip\/wp-json\/wp\/v2\/pages\/1426\/revisions\/7164"}],"wp:attachment":[{"href":"https:\/\/www.economicas.uba.ar\/iiep\/desip\/wp-json\/wp\/v2\/media?parent=1426"}],"curies":[{"name":"wp","href":"https:\/\/api.w.org\/{rel}","templated":true}]}}