{"id":1450,"date":"2022-09-22T12:10:22","date_gmt":"2022-09-22T15:10:22","guid":{"rendered":"https:\/\/www.economicas.uba.ar\/iiep\/desip\/?page_id=1450"},"modified":"2024-08-21T11:28:24","modified_gmt":"2024-08-21T14:28:24","slug":"institucional","status":"publish","type":"page","link":"https:\/\/www.economicas.uba.ar\/iiep\/desip\/institucional\/","title":{"rendered":"Institucional"},"content":{"rendered":"\t\t<div data-elementor-type=\"wp-page\" data-elementor-id=\"1450\" class=\"elementor elementor-1450\" data-elementor-post-type=\"page\">\n\t\t\t\t\t\t<section class=\"elementor-section elementor-top-section elementor-element elementor-element-2afe4a0c elementor-section-boxed elementor-section-height-default elementor-section-height-default\" data-id=\"2afe4a0c\" data-element_type=\"section\" data-e-type=\"section\">\n\t\t\t\t\t\t<div class=\"elementor-container elementor-column-gap-default\">\n\t\t\t\t\t<div class=\"elementor-column elementor-col-100 elementor-top-column elementor-element elementor-element-2181fab7\" data-id=\"2181fab7\" data-element_type=\"column\" data-e-type=\"column\">\n\t\t\t<div class=\"elementor-widget-wrap\">\n\t\t\t\t\t\t\t<\/div>\n\t\t<\/div>\n\t\t\t\t\t<\/div>\n\t\t<\/section>\n\t\t<div class=\"elementor-element elementor-element-db95808 e-flex e-con-boxed e-con e-parent\" data-id=\"db95808\" data-element_type=\"container\" data-e-type=\"container\">\n\t\t\t\t\t<div class=\"e-con-inner\">\n\t\t\t\t<div class=\"elementor-element elementor-element-bcb886a elementor-widget elementor-widget-spacer\" data-id=\"bcb886a\" data-element_type=\"widget\" data-e-type=\"widget\" data-widget_type=\"spacer.default\">\n\t\t\t\t<div class=\"elementor-widget-container\">\n\t\t\t\t\t\t\t<div class=\"elementor-spacer\">\n\t\t\t<div class=\"elementor-spacer-inner\"><\/div>\n\t\t<\/div>\n\t\t\t\t\t\t<\/div>\n\t\t\t\t<\/div>\n\t\t\t\t\t<\/div>\n\t\t\t\t<\/div>\n\t\t\t\t<section class=\"elementor-section elementor-top-section elementor-element elementor-element-716e1ba4 elementor-section-boxed elementor-section-height-default elementor-section-height-default\" data-id=\"716e1ba4\" data-element_type=\"section\" data-e-type=\"section\">\n\t\t\t\t\t\t<div class=\"elementor-container elementor-column-gap-default\">\n\t\t\t\t\t<div class=\"elementor-column elementor-col-100 elementor-top-column elementor-element elementor-element-640ff588\" data-id=\"640ff588\" data-element_type=\"column\" data-e-type=\"column\">\n\t\t\t<div class=\"elementor-widget-wrap elementor-element-populated\">\n\t\t\t\t\t\t<div class=\"elementor-element elementor-element-3aa81eb elementor-widget elementor-widget-heading\" data-id=\"3aa81eb\" data-element_type=\"widget\" data-e-type=\"widget\" data-widget_type=\"heading.default\">\n\t\t\t\t<div class=\"elementor-widget-container\">\n\t\t\t\t\t<h2 class=\"elementor-heading-title elementor-size-default\">Sobre el DESIP<\/h2>\t\t\t\t<\/div>\n\t\t\t\t<\/div>\n\t\t\t\t<div class=\"elementor-element elementor-element-3e1dcea1 elementor-widget elementor-widget-text-editor\" data-id=\"3e1dcea1\" data-element_type=\"widget\" data-e-type=\"widget\" data-widget_type=\"text-editor.default\">\n\t\t\t\t<div class=\"elementor-widget-container\">\n\t\t\t\t\t\t\t\t\t<p style=\"margin: 0cm 0cm 0cm 0pt; font-size: 12pt; font-family: Calibri, sans-serif; color: #000000; font-weight: 400; text-align: justify; background-image: initial; background-position: initial; background-size: initial; background-repeat: initial; background-attachment: initial; background-origin: initial; background-clip: initial;\"><span style=\"font-family: Aptos, sans-serif; color: #222222;\">El grupo de Desarrollo e Internacionalizaci\u00f3n Productiva re\u00fane a los investigadores del IIEP interesados en los desaf\u00edos que enfrenta la pol\u00edtica p\u00fablica vinculados al fortalecimiento de la estructura productiva, el impulso a la competitividad y la promoci\u00f3n de la inserci\u00f3n internacional de la econom\u00eda argentina. <\/span><span style=\"font-family: Aptos, sans-serif; color: #222222;\">Las actividades del grupo buscan contribuir a la comprensi\u00f3n de estos desaf\u00edos y aportar recomendaciones de pol\u00edticas p\u00fablicas que permitan abordarlos de forma efectiva. Nuestra perspectiva enfatiza la necesidad de priorizar objetivos de inserci\u00f3n internacional para traccionar el crecimiento y el desarrollo de la econom\u00eda argentina.<\/span><\/p>\t\t\t\t\t\t\t\t<\/div>\n\t\t\t\t<\/div>\n\t\t\t\t\t<\/div>\n\t\t<\/div>\n\t\t\t\t\t<\/div>\n\t\t<\/section>\n\t\t<div class=\"elementor-element elementor-element-d740c83 e-flex e-con-boxed e-con e-parent\" data-id=\"d740c83\" data-element_type=\"container\" data-e-type=\"container\" data-settings=\"{&quot;background_background&quot;:&quot;classic&quot;}\">\n\t\t\t\t\t<div class=\"e-con-inner\">\n\t\t\t\t<div class=\"elementor-element elementor-element-2393ddf elementor-widget elementor-widget-spacer\" data-id=\"2393ddf\" data-element_type=\"widget\" data-e-type=\"widget\" data-widget_type=\"spacer.default\">\n\t\t\t\t<div class=\"elementor-widget-container\">\n\t\t\t\t\t\t\t<div class=\"elementor-spacer\">\n\t\t\t<div class=\"elementor-spacer-inner\"><\/div>\n\t\t<\/div>\n\t\t\t\t\t\t<\/div>\n\t\t\t\t<\/div>\n\t\t\t\t<div class=\"elementor-element elementor-element-748c402 elementor-widget elementor-widget-heading\" data-id=\"748c402\" data-element_type=\"widget\" data-e-type=\"widget\" data-widget_type=\"heading.default\">\n\t\t\t\t<div class=\"elementor-widget-container\">\n\t\t\t\t\t<h2 class=\"elementor-heading-title elementor-size-default\">\u00c1reas de estudio<\/h2>\t\t\t\t<\/div>\n\t\t\t\t<\/div>\n\t\t\t\t\t<\/div>\n\t\t\t\t<\/div>\n\t\t<div class=\"elementor-element elementor-element-a974006 e-grid e-con-boxed e-con e-parent\" data-id=\"a974006\" data-element_type=\"container\" data-e-type=\"container\">\n\t\t\t\t\t<div class=\"e-con-inner\">\n\t\t\t\t<div class=\"elementor-element elementor-element-2aeb314 elementor-widget elementor-widget-image\" data-id=\"2aeb314\" data-element_type=\"widget\" data-e-type=\"widget\" data-widget_type=\"image.default\">\n\t\t\t\t<div class=\"elementor-widget-container\">\n\t\t\t\t\t\t\t\t\t\t\t\t\t\t\t<img decoding=\"async\" src=\"https:\/\/www.economicas.uba.ar\/iiep\/desip\/wp-content\/uploads\/elementor\/thumbs\/container-ship-6631117-scaled-rc4t76oyroi995kmzqyam3a6wfr0ioyllkhg1g9msg.jpg\" title=\"container-ship-6631117\" alt=\"container-ship-6631117\" loading=\"lazy\" \/>\t\t\t\t\t\t\t\t\t\t\t\t\t\t\t<\/div>\n\t\t\t\t<\/div>\n\t\t\t\t<div class=\"elementor-element elementor-element-1dac41e elementor-widget elementor-widget-text-editor\" data-id=\"1dac41e\" data-element_type=\"widget\" data-e-type=\"widget\" data-widget_type=\"text-editor.default\">\n\t\t\t\t<div class=\"elementor-widget-container\">\n\t\t\t\t\t\t\t\t\t<h4><span style=\"color: #000000;\"><strong>Exportaciones<\/strong><\/span><\/h4><p><span style=\"color: #000000;\">Concebimos a la exportaci\u00f3n como un eje central del desarrollo productivo. Nuestra agenda de investigaci\u00f3n incluye los m\u00faltiples desaf\u00edos para exportar:<\/span><\/p><p>\u00a0<\/p><p style=\"padding-left: 40px;\"><span style=\"color: #000000;\">&#8211; Pol\u00edticas p\u00fablicas para promover las exportaciones<br \/><\/span><span style=\"color: #000000;\">&#8211; Diferenciaci\u00f3n como v\u00eda para la agregaci\u00f3n de valor<br \/><\/span><span style=\"color: #000000;\">&#8211; Determinantes de la supervivencia de empresas exportadoras<br \/><\/span><span style=\"color: #000000;\">&#8211; Requisitos t\u00e9cnicos y regulaciones comerciales<br \/><\/span><span style=\"color: #000000;\">&#8211; Integraci\u00f3n comercial<\/span><\/p>\t\t\t\t\t\t\t\t<\/div>\n\t\t\t\t<\/div>\n\t\t\t\t\t<\/div>\n\t\t\t\t<\/div>\n\t\t<div class=\"elementor-element elementor-element-da8fd59 e-flex e-con-boxed e-con e-parent\" data-id=\"da8fd59\" data-element_type=\"container\" data-e-type=\"container\" data-settings=\"{&quot;background_background&quot;:&quot;classic&quot;}\">\n\t\t\t\t\t<div class=\"e-con-inner\">\n\t\t\t\t<div class=\"elementor-element elementor-element-a6c1a73 elementor-widget elementor-widget-spacer\" data-id=\"a6c1a73\" data-element_type=\"widget\" data-e-type=\"widget\" data-widget_type=\"spacer.default\">\n\t\t\t\t<div class=\"elementor-widget-container\">\n\t\t\t\t\t\t\t<div class=\"elementor-spacer\">\n\t\t\t<div class=\"elementor-spacer-inner\"><\/div>\n\t\t<\/div>\n\t\t\t\t\t\t<\/div>\n\t\t\t\t<\/div>\n\t\t<div class=\"elementor-element elementor-element-8526987 e-grid e-con-full e-con e-child\" data-id=\"8526987\" data-element_type=\"container\" data-e-type=\"container\">\n\t\t\t\t<div class=\"elementor-element elementor-element-9ad96c5 elementor-widget elementor-widget-text-editor\" data-id=\"9ad96c5\" data-element_type=\"widget\" data-e-type=\"widget\" data-widget_type=\"text-editor.default\">\n\t\t\t\t<div class=\"elementor-widget-container\">\n\t\t\t\t\t\t\t\t\t<h4><span style=\"color: #000000;\"><strong>Inversi\u00f3n extranjera directa<\/strong><\/span><\/h4><p><span style=\"color: #000000;\">Los flujos de inversi\u00f3n extranjera directa (IED) pueden impulsar el crecimiento de los pa\u00edses receptores por su potencial de crear empleos, contribuir a diversificar las exportaciones y transformar la estructura productiva. En el DESIP contribuimos al debate acad\u00e9mico sobre este tema estudiando:<\/span><\/p><p>\u00a0<\/p><p style=\"padding-left: 40px;\"><span style=\"color: #000000;\">&#8211; Determinantes e impactos de la IED<\/span><\/p><p style=\"padding-left: 40px;\"><span style=\"color: #000000;\">&#8211; Pol\u00edticas p\u00fablicas para promover la IED<\/span><\/p><p style=\"padding-left: 40px;\"><span style=\"color: #000000;\">&#8211; Derrames tecnol\u00f3gicos hacia empresas locales<br \/><\/span><span style=\"color: #000000;\">&#8211; Capacidades institucionales requeridas para un mejor dise\u00f1o e implementaci\u00f3n de pol\u00edticas<br \/>&#8211; Multilatinas<\/span><\/p>\t\t\t\t\t\t\t\t<\/div>\n\t\t\t\t<\/div>\n\t\t\t\t<div class=\"elementor-element elementor-element-f2103bd elementor-widget elementor-widget-image\" data-id=\"f2103bd\" data-element_type=\"widget\" data-e-type=\"widget\" data-widget_type=\"image.default\">\n\t\t\t\t<div class=\"elementor-widget-container\">\n\t\t\t\t\t\t\t\t\t\t\t\t\t\t\t<img decoding=\"async\" src=\"https:\/\/www.economicas.uba.ar\/iiep\/desip\/wp-content\/uploads\/elementor\/thumbs\/pexels-hyundaimotorgroup-19233057-1-scaled-rc4t645kzh1i154m8sal9v0ajn0yr3pls9qjd3urvk.jpg\" title=\"pexels-hyundaimotorgroup-19233057\" alt=\"pexels-hyundaimotorgroup-19233057\" loading=\"lazy\" \/>\t\t\t\t\t\t\t\t\t\t\t\t\t\t\t<\/div>\n\t\t\t\t<\/div>\n\t\t\t\t<\/div>\n\t\t\t\t\t<\/div>\n\t\t\t\t<\/div>\n\t\t<div class=\"elementor-element elementor-element-e07783a e-grid e-con-boxed e-con e-parent\" data-id=\"e07783a\" data-element_type=\"container\" data-e-type=\"container\">\n\t\t\t\t\t<div class=\"e-con-inner\">\n\t\t\t\t<div class=\"elementor-element elementor-element-1bf4cf5 elementor-widget elementor-widget-image\" data-id=\"1bf4cf5\" data-element_type=\"widget\" data-e-type=\"widget\" data-widget_type=\"image.default\">\n\t\t\t\t<div class=\"elementor-widget-container\">\n\t\t\t\t\t\t\t\t\t\t\t\t\t\t\t<img decoding=\"async\" src=\"https:\/\/www.economicas.uba.ar\/iiep\/desip\/wp-content\/uploads\/elementor\/thumbs\/lab-2813958_1280-rc4t6mycs5r8hcdb70f4nq9ifcgb11s8ius8yn2wf4.jpg\" title=\"lab-2813958_1280\" alt=\"lab-2813958_1280\" loading=\"lazy\" \/>\t\t\t\t\t\t\t\t\t\t\t\t\t\t\t<\/div>\n\t\t\t\t<\/div>\n\t\t\t\t<div class=\"elementor-element elementor-element-38cda18 elementor-widget elementor-widget-text-editor\" data-id=\"38cda18\" data-element_type=\"widget\" data-e-type=\"widget\" data-widget_type=\"text-editor.default\">\n\t\t\t\t<div class=\"elementor-widget-container\">\n\t\t\t\t\t\t\t\t\t<h4><span style=\"color: #000000;\"><strong>Calidad e innovaci\u00f3n<\/strong><\/span><\/h4><p><span style=\"color: #000000;\">Aumentar el valor agregado a trav\u00e9s de la innovaci\u00f3n y la mejora de calidad, es crucial para el desarrollo productivo de nuestro pa\u00eds. Por este motivo, activamente estudiamos:<\/span><\/p><p>\u00a0<\/p><p style=\"padding-left: 40px;\"><span style=\"color: #000000;\">&#8211; Determinantes e impactos del cambio tecnol\u00f3gico y la innovaci\u00f3n<\/span><\/p><p style=\"padding-left: 40px;\"><span style=\"color: #000000;\">&#8211; Coordinaci\u00f3n de pol\u00edticas de innovaci\u00f3n y de internacionalizaci\u00f3n productiva<br \/><\/span><span style=\"color: #000000;\">&#8211; Desaf\u00edos para la provisi\u00f3n de infraestructura de calidad<\/span><span style=\"color: #000000;\"><br \/><\/span><span style=\"color: #000000;\">&#8211; Sistemas de trazabilidad como mecanismo de diferenciaci\u00f3n<\/span><\/p>\t\t\t\t\t\t\t\t<\/div>\n\t\t\t\t<\/div>\n\t\t\t\t\t<\/div>\n\t\t\t\t<\/div>\n\t\t<div class=\"elementor-element elementor-element-6f2a270 e-flex e-con-boxed e-con e-parent\" data-id=\"6f2a270\" data-element_type=\"container\" data-e-type=\"container\" data-settings=\"{&quot;background_background&quot;:&quot;classic&quot;}\">\n\t\t\t\t\t<div class=\"e-con-inner\">\n\t\t<div class=\"elementor-element elementor-element-e870cb8 e-grid e-con-full e-con e-child\" data-id=\"e870cb8\" data-element_type=\"container\" data-e-type=\"container\">\n\t\t\t\t<div class=\"elementor-element elementor-element-d1afdd0 elementor-widget elementor-widget-text-editor\" data-id=\"d1afdd0\" data-element_type=\"widget\" data-e-type=\"widget\" data-widget_type=\"text-editor.default\">\n\t\t\t\t<div class=\"elementor-widget-container\">\n\t\t\t\t\t\t\t\t\t<h4><span style=\"color: #000000;\"><strong>Pol\u00edtica comercial<\/strong><\/span><\/h4><p><span style=\"color: #000000;\">Los pa\u00edses influyen en el flujo global de bienes y servicios a trav\u00e9s de medidas arancelarias, no arancelarias, normas y regulaciones que afectan al intercambio internacional de las empresas. La agenda de los investigadores del DESIP incluye estudios sobre:<\/span><\/p><p>\u00a0<\/p><p style=\"padding-left: 40px;\"><span style=\"color: #000000;\">&#8211; Impactos de medidas no arancelarias sobre las importaciones y exportaciones<br \/><\/span><span style=\"color: #000000;\">&#8211; Mercosur y otros acuerdos comerciales <br \/><\/span><span style=\"color: #000000;\">&#8211; Derechos de propiedad intelectual y comercio internacional<br \/><\/span><span style=\"color: #000000;\">&#8211; Regulaci\u00f3n global de bienes ambientales para el cambio clim\u00e1tico<br \/><\/span><\/p>\t\t\t\t\t\t\t\t<\/div>\n\t\t\t\t<\/div>\n\t\t\t\t<div class=\"elementor-element elementor-element-5d0ddac elementor-widget elementor-widget-image\" data-id=\"5d0ddac\" data-element_type=\"widget\" data-e-type=\"widget\" data-widget_type=\"image.default\">\n\t\t\t\t<div class=\"elementor-widget-container\">\n\t\t\t\t\t\t\t\t\t\t\t\t\t\t\t<img decoding=\"async\" src=\"https:\/\/www.economicas.uba.ar\/iiep\/desip\/wp-content\/uploads\/elementor\/thumbs\/panama-canal-4055796_1280-rc4t637qsn07pj5ze9vypd8ty95ljelvg531vtw61s.jpg\" title=\"panama-canal-4055796_1280\" alt=\"panama-canal-4055796_1280\" loading=\"lazy\" \/>\t\t\t\t\t\t\t\t\t\t\t\t\t\t\t<\/div>\n\t\t\t\t<\/div>\n\t\t\t\t<\/div>\n\t\t\t\t\t<\/div>\n\t\t\t\t<\/div>\n\t\t<div class=\"elementor-element elementor-element-7100a0a e-grid e-con-boxed e-con e-parent\" data-id=\"7100a0a\" data-element_type=\"container\" data-e-type=\"container\">\n\t\t\t\t\t<div class=\"e-con-inner\">\n\t\t\t\t<div class=\"elementor-element elementor-element-7304f05 elementor-widget elementor-widget-image\" data-id=\"7304f05\" data-element_type=\"widget\" data-e-type=\"widget\" data-widget_type=\"image.default\">\n\t\t\t\t<div class=\"elementor-widget-container\">\n\t\t\t\t\t\t\t\t\t\t\t\t\t\t\t<img decoding=\"async\" src=\"https:\/\/www.economicas.uba.ar\/iiep\/desip\/wp-content\/uploads\/elementor\/thumbs\/farm-5402559_1280-rc4t645kzh1i154m8sal9v0ajn0yr3pls9qjd3urvk.jpg\" title=\"farm-5402559_1280\" alt=\"farm-5402559_1280\" loading=\"lazy\" \/>\t\t\t\t\t\t\t\t\t\t\t\t\t\t\t<\/div>\n\t\t\t\t<\/div>\n\t\t\t\t<div class=\"elementor-element elementor-element-eb8b0dd elementor-widget elementor-widget-text-editor\" data-id=\"eb8b0dd\" data-element_type=\"widget\" data-e-type=\"widget\" data-widget_type=\"text-editor.default\">\n\t\t\t\t<div class=\"elementor-widget-container\">\n\t\t\t\t\t\t\t\t\t<h4><span style=\"color: #000000;\"><strong>Estudios sectoriales<\/strong><\/span><\/h4><p><span style=\"color: #000000;\">Cada sector productivo tiene especificidades que requieren ser entendidas con el fin de que sustenten recomendaciones efectivas para mejorar su competitividad. Por este motivo, desde el DESIP estudiamos diversas cadenas de valor:<\/span><\/p><p>\u00a0<\/p><p style=\"padding-left: 40px;\"><span style=\"color: #000000;\">&#8211; Agropecuarias y alimenticias<br \/>&#8211; Energ\u00eda y miner\u00eda<br \/><\/span><span style=\"color: #000000;\">&#8211; Industriales<br \/><\/span><span style=\"color: #000000;\">&#8211; Servicios basados en el conocimiento<br \/><\/span><span style=\"color: #000000;\">&#8211; Industria espacial<br \/><\/span><\/p>\t\t\t\t\t\t\t\t<\/div>\n\t\t\t\t<\/div>\n\t\t\t\t\t<\/div>\n\t\t\t\t<\/div>\n\t\t\t\t<section class=\"elementor-section elementor-top-section elementor-element elementor-element-3a256062 elementor-section-full_width elementor-section-stretched elementor-section-height-default elementor-section-height-default\" data-id=\"3a256062\" data-element_type=\"section\" data-e-type=\"section\" data-settings=\"{&quot;stretch_section&quot;:&quot;section-stretched&quot;}\">\n\t\t\t\t\t\t\t<div class=\"elementor-background-overlay\"><\/div>\n\t\t\t\t\t\t\t<div class=\"elementor-container elementor-column-gap-default\">\n\t\t\t\t\t<div class=\"elementor-column elementor-col-100 elementor-top-column elementor-element elementor-element-c42e2dc\" data-id=\"c42e2dc\" data-element_type=\"column\" data-e-type=\"column\">\n\t\t\t<div class=\"elementor-widget-wrap elementor-element-populated\">\n\t\t\t\t\t\t<section class=\"elementor-section elementor-inner-section elementor-element elementor-element-1ec5ca2c elementor-section-boxed elementor-section-height-default elementor-section-height-default\" data-id=\"1ec5ca2c\" data-element_type=\"section\" data-e-type=\"section\">\n\t\t\t\t\t\t\t<div class=\"elementor-background-overlay\"><\/div>\n\t\t\t\t\t\t\t<div class=\"elementor-container elementor-column-gap-default\">\n\t\t\t\t\t<div class=\"elementor-column elementor-col-33 elementor-inner-column elementor-element elementor-element-297dc08c\" data-id=\"297dc08c\" data-element_type=\"column\" data-e-type=\"column\">\n\t\t\t<div class=\"elementor-widget-wrap elementor-element-populated\">\n\t\t\t\t<div class=\"elementor-element elementor-element-1e09d51d e-grid e-con-boxed e-con e-parent\" data-id=\"1e09d51d\" data-element_type=\"container\" data-e-type=\"container\">\n\t\t\t\t\t<div class=\"e-con-inner\">\n\t\t\t\t<div class=\"elementor-element elementor-element-744ee292 elementor-view-framed elementor-shape-circle elementor-widget elementor-widget-icon\" data-id=\"744ee292\" data-element_type=\"widget\" data-e-type=\"widget\" data-widget_type=\"icon.default\">\n\t\t\t\t<div class=\"elementor-widget-container\">\n\t\t\t\t\t\t\t<div class=\"elementor-icon-wrapper\">\n\t\t\t<a class=\"elementor-icon\" href=\"\" target=\"_blank\">\n\t\t\t<i aria-hidden=\"true\" class=\"far fa-envelope\"><\/i>\t\t\t<\/a>\n\t\t<\/div>\n\t\t\t\t\t\t<\/div>\n\t\t\t\t<\/div>\n\t\t\t\t\t<\/div>\n\t\t\t\t<\/div>\n\t\t\t\t\t<\/div>\n\t\t<\/div>\n\t\t\t\t<div class=\"elementor-column elementor-col-33 elementor-inner-column elementor-element elementor-element-a9022ef\" data-id=\"a9022ef\" data-element_type=\"column\" data-e-type=\"column\">\n\t\t\t<div class=\"elementor-widget-wrap elementor-element-populated\">\n\t\t\t\t\t\t<div class=\"elementor-element elementor-element-4db27edc elementor-view-framed elementor-shape-circle elementor-widget elementor-widget-icon\" data-id=\"4db27edc\" data-element_type=\"widget\" data-e-type=\"widget\" data-widget_type=\"icon.default\">\n\t\t\t\t<div class=\"elementor-widget-container\">\n\t\t\t\t\t\t\t<div class=\"elementor-icon-wrapper\">\n\t\t\t<a class=\"elementor-icon\" href=\"https:\/\/x.com\/desipuba\">\n\t\t\t<i aria-hidden=\"true\" class=\"fab fa-x-twitter\"><\/i>\t\t\t<\/a>\n\t\t<\/div>\n\t\t\t\t\t\t<\/div>\n\t\t\t\t<\/div>\n\t\t\t\t\t<\/div>\n\t\t<\/div>\n\t\t\t\t<div class=\"elementor-column elementor-col-33 elementor-inner-column elementor-element elementor-element-25e0a205\" data-id=\"25e0a205\" data-element_type=\"column\" data-e-type=\"column\">\n\t\t\t<div class=\"elementor-widget-wrap elementor-element-populated\">\n\t\t\t\t\t\t<div class=\"elementor-element elementor-element-29c83524 elementor-view-framed elementor-shape-circle elementor-widget elementor-widget-icon\" data-id=\"29c83524\" data-element_type=\"widget\" data-e-type=\"widget\" data-widget_type=\"icon.default\">\n\t\t\t\t<div class=\"elementor-widget-container\">\n\t\t\t\t\t\t\t<div class=\"elementor-icon-wrapper\">\n\t\t\t<a class=\"elementor-icon\" href=\"https:\/\/www.linkedin.com\/company\/103265299\">\n\t\t\t<i aria-hidden=\"true\" class=\"fab fa-linkedin\"><\/i>\t\t\t<\/a>\n\t\t<\/div>\n\t\t\t\t\t\t<\/div>\n\t\t\t\t<\/div>\n\t\t\t\t\t<\/div>\n\t\t<\/div>\n\t\t\t\t\t<\/div>\n\t\t<\/section>\n\t\t\t\t\t<\/div>\n\t\t<\/div>\n\t\t\t\t\t<\/div>\n\t\t<\/section>\n\t\t<div class=\"elementor-element elementor-element-52645c77 e-flex e-con-boxed e-con e-parent\" data-id=\"52645c77\" data-element_type=\"container\" data-e-type=\"container\" data-settings=\"{&quot;background_background&quot;:&quot;classic&quot;}\">\n\t\t\t\t\t<div class=\"e-con-inner\">\n\t\t<div class=\"elementor-element elementor-element-7e7af125 e-grid e-con-boxed e-con e-child\" data-id=\"7e7af125\" data-element_type=\"container\" data-e-type=\"container\">\n\t\t\t\t\t<div class=\"e-con-inner\">\n\t\t\t\t<div class=\"elementor-element elementor-element-3d9b3bc5 elementor-widget elementor-widget-image\" data-id=\"3d9b3bc5\" data-element_type=\"widget\" data-e-type=\"widget\" data-widget_type=\"image.default\">\n\t\t\t\t<div class=\"elementor-widget-container\">\n\t\t\t\t\t\t\t\t\t\t\t\t\t\t\t\t<a href=\"https:\/\/iiep.economicas.uba.ar\/\" target=\"_blank\">\n\t\t\t\t\t\t\t<img fetchpriority=\"high\" decoding=\"async\" width=\"300\" height=\"177\" src=\"https:\/\/www.economicas.uba.ar\/iiep\/desip\/wp-content\/uploads\/IIEP_sinfondo-300x177.png\" class=\"attachment-medium size-medium wp-image-6029\" alt=\"\" srcset=\"https:\/\/www.economicas.uba.ar\/iiep\/desip\/wp-content\/uploads\/IIEP_sinfondo-300x177.png 300w, https:\/\/www.economicas.uba.ar\/iiep\/desip\/wp-content\/uploads\/IIEP_sinfondo.png 606w\" sizes=\"(max-width: 300px) 100vw, 300px\" \/>\t\t\t\t\t\t\t\t<\/a>\n\t\t\t\t\t\t\t\t\t\t\t\t\t\t\t<\/div>\n\t\t\t\t<\/div>\n\t\t\t\t<div class=\"elementor-element elementor-element-76abd64f elementor-widget elementor-widget-text-editor\" data-id=\"76abd64f\" data-element_type=\"widget\" data-e-type=\"widget\" data-widget_type=\"text-editor.default\">\n\t\t\t\t<div class=\"elementor-widget-container\">\n\t\t\t\t\t\t\t\t\t<p>Av. C\u00f3rdoba 2122 &#8211; 1\u00b0 piso (C1120 AAQ)<br \/>Ciudad Aut\u00f3noma de Buenos Aires |\u00a0 Argentina<br \/>Tel\/fax: +54 11 5285-6578\u00a0<\/p>\t\t\t\t\t\t\t\t<\/div>\n\t\t\t\t<\/div>\n\t\t<div class=\"elementor-element elementor-element-4f88df12 e-grid e-con-boxed e-con e-child\" data-id=\"4f88df12\" data-element_type=\"container\" data-e-type=\"container\">\n\t\t\t\t\t<div class=\"e-con-inner\">\n\t\t\t\t<div class=\"elementor-element elementor-element-5c4beb0 elementor-widget elementor-widget-heading\" data-id=\"5c4beb0\" data-element_type=\"widget\" data-e-type=\"widget\" data-widget_type=\"heading.default\">\n\t\t\t\t<div class=\"elementor-widget-container\">\n\t\t\t\t\t<h4 class=\"elementor-heading-title elementor-size-default\"><a href=\"https:\/\/v3.envialosimple.com\/form\/renderwidget\/format\/html\/AdministratorID\/188459\/FormID\/2\/Lang\/es\" target=\"_blank\">\u00bfQuer\u00e9s conocer nuestras novedades?\nSumate a nuestra lista de correo<\/a><\/h4>\t\t\t\t<\/div>\n\t\t\t\t<\/div>\n\t\t\t\t\t<\/div>\n\t\t\t\t<\/div>\n\t\t\t\t\t<\/div>\n\t\t\t\t<\/div>\n\t\t\t\t\t<\/div>\n\t\t\t\t<\/div>\n\t\t\t\t<\/div>\n\t\t","protected":false},"excerpt":{"rendered":"<p>Sobre el DESIP El grupo de Desarrollo e Internacionalizaci\u00f3n Productiva re\u00fane a los investigadores del IIEP interesados en los desaf\u00edos que enfrenta la pol\u00edtica p\u00fablica vinculados al fortalecimiento de la<\/p>\n","protected":false},"author":2,"featured_media":0,"parent":0,"menu_order":0,"comment_status":"closed","ping_status":"closed","template":"","meta":{"footnotes":""},"class_list":["post-1450","page","type-page","status-publish","hentry"],"_links":{"self":[{"href":"https:\/\/www.economicas.uba.ar\/iiep\/desip\/wp-json\/wp\/v2\/pages\/1450","targetHints":{"allow":["GET"]}}],"collection":[{"href":"https:\/\/www.economicas.uba.ar\/iiep\/desip\/wp-json\/wp\/v2\/pages"}],"about":[{"href":"https:\/\/www.economicas.uba.ar\/iiep\/desip\/wp-json\/wp\/v2\/types\/page"}],"author":[{"embeddable":true,"href":"https:\/\/www.economicas.uba.ar\/iiep\/desip\/wp-json\/wp\/v2\/users\/2"}],"replies":[{"embeddable":true,"href":"https:\/\/www.economicas.uba.ar\/iiep\/desip\/wp-json\/wp\/v2\/comments?post=1450"}],"version-history":[{"count":208,"href":"https:\/\/www.economicas.uba.ar\/iiep\/desip\/wp-json\/wp\/v2\/pages\/1450\/revisions"}],"predecessor-version":[{"id":7213,"href":"https:\/\/www.economicas.uba.ar\/iiep\/desip\/wp-json\/wp\/v2\/pages\/1450\/revisions\/7213"}],"wp:attachment":[{"href":"https:\/\/www.economicas.uba.ar\/iiep\/desip\/wp-json\/wp\/v2\/media?parent=1450"}],"curies":[{"name":"wp","href":"https:\/\/api.w.org\/{rel}","templated":true}]}}