{"id":1579,"date":"2022-11-29T11:46:04","date_gmt":"2022-11-29T14:46:04","guid":{"rendered":"https:\/\/www.economicas.uba.ar\/iiep\/desip\/?page_id=1579"},"modified":"2026-02-05T00:29:01","modified_gmt":"2026-02-05T03:29:01","slug":"cegepyn-2","status":"publish","type":"page","link":"https:\/\/www.economicas.uba.ar\/iiep\/desip\/","title":{"rendered":"PAGINA PRINCIPAL"},"content":{"rendered":"\t\t<div data-elementor-type=\"wp-page\" data-elementor-id=\"1579\" class=\"elementor elementor-1579\" data-elementor-post-type=\"page\">\n\t\t\t\t<div class=\"elementor-element elementor-element-0a3fce9 e-con-full e-flex e-con e-parent\" data-id=\"0a3fce9\" data-element_type=\"container\" data-e-type=\"container\" data-settings=\"{&quot;background_background&quot;:&quot;classic&quot;}\">\n\t\t<div class=\"elementor-element elementor-element-9211a72 e-flex e-con-boxed e-con e-child\" data-id=\"9211a72\" data-element_type=\"container\" data-e-type=\"container\" data-settings=\"{&quot;background_background&quot;:&quot;classic&quot;}\">\n\t\t\t\t\t<div class=\"e-con-inner\">\n\t\t\t\t<div class=\"elementor-element elementor-element-23eea8d elementor-widget elementor-widget-heading\" data-id=\"23eea8d\" data-element_type=\"widget\" data-e-type=\"widget\" data-widget_type=\"heading.default\">\n\t\t\t\t<div class=\"elementor-widget-container\">\n\t\t\t\t\t<h2 class=\"elementor-heading-title elementor-size-default\">DESIP<\/h2>\t\t\t\t<\/div>\n\t\t\t\t<\/div>\n\t\t\t\t<div class=\"elementor-element elementor-element-92150e0 elementor-widget elementor-widget-heading\" data-id=\"92150e0\" data-element_type=\"widget\" data-e-type=\"widget\" data-widget_type=\"heading.default\">\n\t\t\t\t<div class=\"elementor-widget-container\">\n\t\t\t\t\t<h2 class=\"elementor-heading-title elementor-size-default\">Desarrollo e internacionalizaci\u00f3n productiva<\/h2>\t\t\t\t<\/div>\n\t\t\t\t<\/div>\n\t\t\t\t\t<\/div>\n\t\t\t\t<\/div>\n\t\t\t\t<\/div>\n\t\t\t\t<section class=\"elementor-section elementor-top-section elementor-element elementor-element-798178a elementor-section-stretched elementor-section-boxed elementor-section-height-default elementor-section-height-default\" data-id=\"798178a\" data-element_type=\"section\" data-e-type=\"section\" data-settings=\"{&quot;stretch_section&quot;:&quot;section-stretched&quot;}\">\n\t\t\t\t\t\t<div class=\"elementor-container elementor-column-gap-default\">\n\t\t\t\t\t<div class=\"elementor-column elementor-col-100 elementor-top-column elementor-element elementor-element-df90b44\" data-id=\"df90b44\" data-element_type=\"column\" data-e-type=\"column\">\n\t\t\t<div class=\"elementor-widget-wrap elementor-element-populated\">\n\t\t\t\t\t\t<div class=\"elementor-element elementor-element-9d4449b elementor-widget__width-initial elementor-widget elementor-widget-text-editor\" data-id=\"9d4449b\" data-element_type=\"widget\" data-e-type=\"widget\" data-widget_type=\"text-editor.default\">\n\t\t\t\t<div class=\"elementor-widget-container\">\n\t\t\t\t\t\t\t\t\t<h5>Grupo de investigaci\u00f3n que reune a los integrantes del IIEP (UBA-CONICET) interesados en los desaf\u00edos que enfrenta la pol\u00edtica p\u00fablica vinculados al fortalecimiento de la estructura productiva, el impulso la competitividad y la inserci\u00f3n internacional de los sectores productivos<\/h5>\t\t\t\t\t\t\t\t<\/div>\n\t\t\t\t<\/div>\n\t\t\t\t\t<\/div>\n\t\t<\/div>\n\t\t\t\t\t<\/div>\n\t\t<\/section>\n\t\t\t\t<section class=\"elementor-section elementor-top-section elementor-element elementor-element-4ed3b50 elementor-section-boxed elementor-section-height-default elementor-section-height-default\" data-id=\"4ed3b50\" data-element_type=\"section\" data-e-type=\"section\">\n\t\t\t\t\t\t<div class=\"elementor-container elementor-column-gap-default\">\n\t\t\t\t\t<div class=\"elementor-column elementor-col-100 elementor-top-column elementor-element elementor-element-914e1fe\" data-id=\"914e1fe\" data-element_type=\"column\" data-e-type=\"column\">\n\t\t\t<div class=\"elementor-widget-wrap elementor-element-populated\">\n\t\t\t\t\t\t<div class=\"elementor-element elementor-element-e2ba867 elementor-widget elementor-widget-spacer\" data-id=\"e2ba867\" data-element_type=\"widget\" data-e-type=\"widget\" data-widget_type=\"spacer.default\">\n\t\t\t\t<div class=\"elementor-widget-container\">\n\t\t\t\t\t\t\t<div class=\"elementor-spacer\">\n\t\t\t<div class=\"elementor-spacer-inner\"><\/div>\n\t\t<\/div>\n\t\t\t\t\t\t<\/div>\n\t\t\t\t<\/div>\n\t\t\t\t<div class=\"elementor-element elementor-element-4f48cda elementor-widget elementor-widget-heading\" data-id=\"4f48cda\" data-element_type=\"widget\" data-e-type=\"widget\" data-widget_type=\"heading.default\">\n\t\t\t\t<div class=\"elementor-widget-container\">\n\t\t\t\t\t<h2 class=\"elementor-heading-title elementor-size-default\">Novedades<\/h2>\t\t\t\t<\/div>\n\t\t\t\t<\/div>\n\t\t\t\t\t<\/div>\n\t\t<\/div>\n\t\t\t\t\t<\/div>\n\t\t<\/section>\n\t\t<div class=\"elementor-element elementor-element-47539cf6 e-flex e-con-boxed e-con e-parent\" data-id=\"47539cf6\" data-element_type=\"container\" data-e-type=\"container\">\n\t\t\t\t\t<div class=\"e-con-inner\">\n\t\t\t\t<div class=\"elementor-element elementor-element-5c75126e elementor-widget elementor-widget-ucaddon_post_blocks\" data-id=\"5c75126e\" data-element_type=\"widget\" data-e-type=\"widget\" data-widget_type=\"ucaddon_post_blocks.default\">\n\t\t\t\t<div class=\"elementor-widget-container\">\n\t\t\t\t\t\n<!-- start Post Blocks -->\n\t\t<link id='font-awesome-css' href='https:\/\/www.economicas.uba.ar\/iiep\/desip\/wp-content\/plugins\/unlimited-elements-for-elementor\/assets_libraries\/font-awesome6\/fontawesome-all.min.css' type='text\/css' rel='stylesheet' >\n\t\t<link id='font-awesome-4-shim-css' href='https:\/\/www.economicas.uba.ar\/iiep\/desip\/wp-content\/plugins\/unlimited-elements-for-elementor\/assets_libraries\/font-awesome6\/fontawesome-v4-shims.min.css' type='text\/css' rel='stylesheet' >\n\n<style>\/* widget: Post Blocks *\/\n\n#uc_post_blocks_elementor_5c75126e {\n    display:grid;\n}\n#uc_post_blocks_elementor_5c75126e .ue_post_blocks_box\n{\n  overflow:hidden;\n}\n\n#uc_post_blocks_elementor_5c75126e .ue_post_blocks_image\n{\n  overflow:hidden;\n}\n#uc_post_blocks_elementor_5c75126e .ue_post_blocks_image img\n{\n  object-fit: cover;\n  object-position:center center;\n  width:100%;\n  display:block;\n}\n#uc_post_blocks_elementor_5c75126e .ue_post_blocks_link a\n{\n  display:inline-block;\n  text-decoration:none;\n  text-align:center;\n}\n\n #uc_post_blocks_elementor_5c75126e .ue_post_blocks_box img\n{\n  transition:0.5s;\n}\n #uc_post_blocks_elementor_5c75126e .ue_post_blocks_box:hover img\n{\n  transform:scale(1.1,1.1);\n}\n\n\n\n\n#uc_post_blocks_elementor_5c75126e .ue-grid-item-meta-data\n{\n  display:inlin-flex;\n  flex-wrap: wrap;\n}\n\n.ue-grid-item-meta-data\n{\n  font-size:12px;\n}\n\n#uc_post_blocks_elementor_5c75126e .ue-grid-item-meta-data-icon\n{\n  line-height:1em;\n}\n\n#uc_post_blocks_elementor_5c75126e .ue-grid-item-meta-data-icon svg\n{\n  width:1em;\n  height:1em;\n}\n\n\n.ue-grid-item-category a\n{\n  display:inline-block;\n  font-size:10px;\n  text-transform:uppercase;\n}\n\n<\/style>\n\n<div id=\"uc_post_blocks_elementor_5c75126e\" class=\"ue_post_blocks uc-items-wrapper\" >\n    <div class=\"ue_post_blocks_box\">\n    <div class=\"ue_post_blocks_content\">\n      \n     \n         \n    <div class=\"ue_post_blocks_title\"><a href=\"https:\/\/www.economicas.uba.ar\/iiep\/desip\/informe-trimestral-de-exportaciones-argentinas-6\/\">Informe Trimestral de Exportaciones Argentinas<\/a><\/div>    \n              <div class=\"ue-grid-item-meta-data\">\n            <div class=\"ue-grid-item-meta-data-date\"><span class=\"ue-grid-item-meta-data-icon\"><i class='fas fa-calendar-week'><\/i><\/span> 05 febrero, 2026<\/div>                      <\/div>\n         \n    \n          <\/div>\n<\/div>\n<div class=\"ue_post_blocks_box\">\n    <div class=\"ue_post_blocks_content\">\n      \n     \n         \n    <div class=\"ue_post_blocks_title\"><a href=\"https:\/\/www.economicas.uba.ar\/iiep\/desip\/participacion-de-hallak-en-dialogo-plan-mexico-y-la-transicion-verde\/\">Participaci\u00f3n de Hallak en Di\u00e1logo Plan M\u00e9xico y la Transici\u00f3n Verde<\/a><\/div>    \n              <div class=\"ue-grid-item-meta-data\">\n            <div class=\"ue-grid-item-meta-data-date\"><span class=\"ue-grid-item-meta-data-icon\"><i class='fas fa-calendar-week'><\/i><\/span> 31 enero, 2026<\/div>                      <\/div>\n         \n    \n          <\/div>\n<\/div>\n<div class=\"ue_post_blocks_box\">\n    <div class=\"ue_post_blocks_content\">\n      \n     \n         \n    <div class=\"ue_post_blocks_title\"><a href=\"https:\/\/www.economicas.uba.ar\/iiep\/desip\/nuevo-articulo-de-roberto-bisang-en-clarin-2\/\">Nuevo art\u00edculo de Roberto Bisang en Clar\u00edn<\/a><\/div>    \n              <div class=\"ue-grid-item-meta-data\">\n            <div class=\"ue-grid-item-meta-data-date\"><span class=\"ue-grid-item-meta-data-icon\"><i class='fas fa-calendar-week'><\/i><\/span> 24 enero, 2026<\/div>                      <\/div>\n         \n    \n          <\/div>\n<\/div>\n<div class=\"ue_post_blocks_box\">\n    <div class=\"ue_post_blocks_content\">\n      \n     \n         \n    <div class=\"ue_post_blocks_title\"><a href=\"https:\/\/www.economicas.uba.ar\/iiep\/desip\/nuevo-articulo-de-ricardo-carciofi-en-alquimias-economicas\/\">Nuevo art\u00edculo de Ricardo Carciofi en Alquimias Econ\u00f3micas<\/a><\/div>    \n              <div class=\"ue-grid-item-meta-data\">\n            <div class=\"ue-grid-item-meta-data-date\"><span class=\"ue-grid-item-meta-data-icon\"><i class='fas fa-calendar-week'><\/i><\/span> 07 enero, 2026<\/div>                      <\/div>\n         \n    \n          <\/div>\n<\/div>\n<div class=\"ue_post_blocks_box\">\n    <div class=\"ue_post_blocks_content\">\n      \n     \n         \n    <div class=\"ue_post_blocks_title\"><a href=\"https:\/\/www.economicas.uba.ar\/iiep\/desip\/nuevo-articulo-de-hallak-y-lopez-en-la-nacion\/\">Nuevo art\u00edculo de Hallak y L\u00f3pez en La Naci\u00f3n<\/a><\/div>    \n              <div class=\"ue-grid-item-meta-data\">\n            <div class=\"ue-grid-item-meta-data-date\"><span class=\"ue-grid-item-meta-data-icon\"><i class='fas fa-calendar-week'><\/i><\/span> 04 enero, 2026<\/div>                      <\/div>\n         \n    \n          <\/div>\n<\/div>\n<div class=\"ue_post_blocks_box\">\n    <div class=\"ue_post_blocks_content\">\n      \n     \n         \n    <div class=\"ue_post_blocks_title\"><a href=\"https:\/\/www.economicas.uba.ar\/iiep\/desip\/nueva-publicacion-de-lopez-y-pascuini-2\/\">Nueva publicaci\u00f3n de Hallak<\/a><\/div>    \n              <div class=\"ue-grid-item-meta-data\">\n            <div class=\"ue-grid-item-meta-data-date\"><span class=\"ue-grid-item-meta-data-icon\"><i class='fas fa-calendar-week'><\/i><\/span> 18 diciembre, 2025<\/div>                      <\/div>\n         \n    \n          <\/div>\n<\/div>\n\n<\/div>\n<!-- end Post Blocks -->\t\t\t\t<\/div>\n\t\t\t\t<\/div>\n\t\t\t\t\t<\/div>\n\t\t\t\t<\/div>\n\t\t\t\t<section class=\"elementor-section elementor-top-section elementor-element elementor-element-f0a0eb8 elementor-section-full_width elementor-section-stretched elementor-section-height-default elementor-section-height-default\" data-id=\"f0a0eb8\" data-element_type=\"section\" data-e-type=\"section\" data-settings=\"{&quot;background_background&quot;:&quot;classic&quot;,&quot;stretch_section&quot;:&quot;section-stretched&quot;}\">\n\t\t\t\t\t\t<div class=\"elementor-container elementor-column-gap-default\">\n\t\t\t\t\t<div class=\"elementor-column elementor-col-100 elementor-top-column elementor-element elementor-element-3868d98\" data-id=\"3868d98\" data-element_type=\"column\" data-e-type=\"column\" data-settings=\"{&quot;background_background&quot;:&quot;classic&quot;}\">\n\t\t\t<div class=\"elementor-widget-wrap elementor-element-populated\">\n\t\t\t\t\t\t<section class=\"elementor-section elementor-inner-section elementor-element elementor-element-0a5f7a7 elementor-section-boxed elementor-section-height-default elementor-section-height-default\" data-id=\"0a5f7a7\" data-element_type=\"section\" data-e-type=\"section\" data-settings=\"{&quot;background_background&quot;:&quot;classic&quot;}\">\n\t\t\t\t\t\t<div class=\"elementor-container elementor-column-gap-default\">\n\t\t\t\t\t<div class=\"elementor-column elementor-col-100 elementor-inner-column elementor-element elementor-element-43efb7f\" data-id=\"43efb7f\" data-element_type=\"column\" data-e-type=\"column\">\n\t\t\t<div class=\"elementor-widget-wrap elementor-element-populated\">\n\t\t\t\t\t\t<div class=\"elementor-element elementor-element-b8b6b63 elementor-widget elementor-widget-heading\" data-id=\"b8b6b63\" data-element_type=\"widget\" data-e-type=\"widget\" data-widget_type=\"heading.default\">\n\t\t\t\t<div class=\"elementor-widget-container\">\n\t\t\t\t\t<h2 class=\"elementor-heading-title elementor-size-default\">Nuestro objetivo es contribuir al desarrollo productivo argentino con una orientaci\u00f3n hacia la inserci\u00f3n internacional de la econom\u00eda, que logre traccionar su crecimiento y desarrollo.<\/h2>\t\t\t\t<\/div>\n\t\t\t\t<\/div>\n\t\t\t\t\t<\/div>\n\t\t<\/div>\n\t\t\t\t\t<\/div>\n\t\t<\/section>\n\t\t\t\t\t<\/div>\n\t\t<\/div>\n\t\t\t\t\t<\/div>\n\t\t<\/section>\n\t\t\t\t<section class=\"elementor-section elementor-top-section elementor-element elementor-element-150db8e elementor-section-full_width elementor-section-stretched elementor-section-height-default elementor-section-height-default\" data-id=\"150db8e\" data-element_type=\"section\" data-e-type=\"section\" data-settings=\"{&quot;stretch_section&quot;:&quot;section-stretched&quot;,&quot;background_background&quot;:&quot;classic&quot;}\">\n\t\t\t\t\t\t\t<div class=\"elementor-background-overlay\"><\/div>\n\t\t\t\t\t\t\t<div class=\"elementor-container elementor-column-gap-default\">\n\t\t\t\t\t<div class=\"elementor-column elementor-col-100 elementor-top-column elementor-element elementor-element-512ae13\" data-id=\"512ae13\" data-element_type=\"column\" data-e-type=\"column\">\n\t\t\t<div class=\"elementor-widget-wrap elementor-element-populated\">\n\t\t\t\t\t\t<section class=\"elementor-section elementor-inner-section elementor-element elementor-element-fcbd3c3 elementor-section-boxed elementor-section-height-default elementor-section-height-default\" data-id=\"fcbd3c3\" data-element_type=\"section\" data-e-type=\"section\">\n\t\t\t\t\t\t\t<div class=\"elementor-background-overlay\"><\/div>\n\t\t\t\t\t\t\t<div class=\"elementor-container elementor-column-gap-default\">\n\t\t\t\t\t<div class=\"elementor-column elementor-col-33 elementor-inner-column elementor-element elementor-element-db27cb3\" data-id=\"db27cb3\" data-element_type=\"column\" data-e-type=\"column\">\n\t\t\t<div class=\"elementor-widget-wrap elementor-element-populated\">\n\t\t\t\t<div class=\"elementor-element elementor-element-780adcd e-grid e-con-boxed e-con e-parent\" data-id=\"780adcd\" data-element_type=\"container\" data-e-type=\"container\">\n\t\t\t\t\t<div class=\"e-con-inner\">\n\t\t\t\t<div class=\"elementor-element elementor-element-3bcee5d elementor-view-framed elementor-shape-circle elementor-widget elementor-widget-icon\" data-id=\"3bcee5d\" data-element_type=\"widget\" data-e-type=\"widget\" data-widget_type=\"icon.default\">\n\t\t\t\t<div class=\"elementor-widget-container\">\n\t\t\t\t\t\t\t<div class=\"elementor-icon-wrapper\">\n\t\t\t<a class=\"elementor-icon\" href=\"\">\n\t\t\t<i aria-hidden=\"true\" class=\"far fa-envelope\"><\/i>\t\t\t<\/a>\n\t\t<\/div>\n\t\t\t\t\t\t<\/div>\n\t\t\t\t<\/div>\n\t\t\t\t\t<\/div>\n\t\t\t\t<\/div>\n\t\t\t\t\t<\/div>\n\t\t<\/div>\n\t\t\t\t<div class=\"elementor-column elementor-col-33 elementor-inner-column elementor-element elementor-element-f14ab59\" data-id=\"f14ab59\" data-element_type=\"column\" data-e-type=\"column\">\n\t\t\t<div class=\"elementor-widget-wrap elementor-element-populated\">\n\t\t\t\t\t\t<div class=\"elementor-element elementor-element-b2c1fe0 elementor-view-framed elementor-shape-circle elementor-widget elementor-widget-icon\" data-id=\"b2c1fe0\" data-element_type=\"widget\" data-e-type=\"widget\" data-widget_type=\"icon.default\">\n\t\t\t\t<div class=\"elementor-widget-container\">\n\t\t\t\t\t\t\t<div class=\"elementor-icon-wrapper\">\n\t\t\t<a class=\"elementor-icon\" href=\"https:\/\/x.com\/desip_iiep\" target=\"_blank\">\n\t\t\t<i aria-hidden=\"true\" class=\"fab fa-x-twitter\"><\/i>\t\t\t<\/a>\n\t\t<\/div>\n\t\t\t\t\t\t<\/div>\n\t\t\t\t<\/div>\n\t\t\t\t\t<\/div>\n\t\t<\/div>\n\t\t\t\t<div class=\"elementor-column elementor-col-33 elementor-inner-column elementor-element elementor-element-715975b\" data-id=\"715975b\" data-element_type=\"column\" data-e-type=\"column\">\n\t\t\t<div class=\"elementor-widget-wrap elementor-element-populated\">\n\t\t\t\t\t\t<div class=\"elementor-element elementor-element-339ea4a elementor-view-framed elementor-shape-circle elementor-widget elementor-widget-icon\" data-id=\"339ea4a\" data-element_type=\"widget\" data-e-type=\"widget\" data-widget_type=\"icon.default\">\n\t\t\t\t<div class=\"elementor-widget-container\">\n\t\t\t\t\t\t\t<div class=\"elementor-icon-wrapper\">\n\t\t\t<a class=\"elementor-icon\" href=\"https:\/\/www.linkedin.com\/company\/desip\" target=\"_blank\">\n\t\t\t<i aria-hidden=\"true\" class=\"fab fa-linkedin\"><\/i>\t\t\t<\/a>\n\t\t<\/div>\n\t\t\t\t\t\t<\/div>\n\t\t\t\t<\/div>\n\t\t\t\t\t<\/div>\n\t\t<\/div>\n\t\t\t\t\t<\/div>\n\t\t<\/section>\n\t\t\t\t\t<\/div>\n\t\t<\/div>\n\t\t\t\t\t<\/div>\n\t\t<\/section>\n\t\t<div class=\"elementor-element elementor-element-32667389 e-flex e-con-boxed e-con e-parent\" data-id=\"32667389\" data-element_type=\"container\" data-e-type=\"container\" data-settings=\"{&quot;background_background&quot;:&quot;classic&quot;}\">\n\t\t\t\t\t<div class=\"e-con-inner\">\n\t\t<div class=\"elementor-element elementor-element-614cd382 e-grid e-con-boxed e-con e-child\" data-id=\"614cd382\" data-element_type=\"container\" data-e-type=\"container\">\n\t\t\t\t\t<div class=\"e-con-inner\">\n\t\t\t\t<div class=\"elementor-element elementor-element-4cf54bfd elementor-widget elementor-widget-image\" data-id=\"4cf54bfd\" data-element_type=\"widget\" data-e-type=\"widget\" data-widget_type=\"image.default\">\n\t\t\t\t<div class=\"elementor-widget-container\">\n\t\t\t\t\t\t\t\t\t\t\t\t\t\t\t\t<a href=\"https:\/\/iiep.economicas.uba.ar\/\" target=\"_blank\">\n\t\t\t\t\t\t\t<img fetchpriority=\"high\" decoding=\"async\" width=\"300\" height=\"177\" src=\"https:\/\/www.economicas.uba.ar\/iiep\/desip\/wp-content\/uploads\/IIEP_sinfondo-300x177.png\" class=\"attachment-medium size-medium wp-image-6029\" alt=\"\" srcset=\"https:\/\/www.economicas.uba.ar\/iiep\/desip\/wp-content\/uploads\/IIEP_sinfondo-300x177.png 300w, https:\/\/www.economicas.uba.ar\/iiep\/desip\/wp-content\/uploads\/IIEP_sinfondo.png 606w\" sizes=\"(max-width: 300px) 100vw, 300px\" \/>\t\t\t\t\t\t\t\t<\/a>\n\t\t\t\t\t\t\t\t\t\t\t\t\t\t\t<\/div>\n\t\t\t\t<\/div>\n\t\t\t\t<div class=\"elementor-element elementor-element-680c816f elementor-widget elementor-widget-text-editor\" data-id=\"680c816f\" data-element_type=\"widget\" data-e-type=\"widget\" data-widget_type=\"text-editor.default\">\n\t\t\t\t<div class=\"elementor-widget-container\">\n\t\t\t\t\t\t\t\t\t<p>Av. C\u00f3rdoba 2122 &#8211; 1\u00b0 piso (C1120 AAQ)<br \/>Ciudad Aut\u00f3noma de Buenos Aires |\u00a0 Argentina<br \/>Tel\/fax: +54 11 5285-6578\u00a0<\/p>\t\t\t\t\t\t\t\t<\/div>\n\t\t\t\t<\/div>\n\t\t<div class=\"elementor-element elementor-element-51f7758c e-grid e-con-boxed e-con e-child\" data-id=\"51f7758c\" data-element_type=\"container\" data-e-type=\"container\">\n\t\t\t\t\t<div class=\"e-con-inner\">\n\t\t\t\t<div class=\"elementor-element elementor-element-3c1f911a elementor-widget elementor-widget-heading\" data-id=\"3c1f911a\" data-element_type=\"widget\" data-e-type=\"widget\" data-widget_type=\"heading.default\">\n\t\t\t\t<div class=\"elementor-widget-container\">\n\t\t\t\t\t<h4 class=\"elementor-heading-title elementor-size-default\"><a href=\"https:\/\/v3.envialosimple.com\/form\/renderwidget\/format\/html\/AdministratorID\/188459\/FormID\/2\/Lang\/es\" target=\"_blank\">\u00bfQuer\u00e9s conocer nuestras novedades?\nSumate a nuestra lista de correo<\/a><\/h4>\t\t\t\t<\/div>\n\t\t\t\t<\/div>\n\t\t\t\t\t<\/div>\n\t\t\t\t<\/div>\n\t\t\t\t\t<\/div>\n\t\t\t\t<\/div>\n\t\t\t\t\t<\/div>\n\t\t\t\t<\/div>\n\t\t\t\t<\/div>\n\t\t","protected":false},"excerpt":{"rendered":"<p>DESIP Desarrollo e internacionalizaci\u00f3n productiva Grupo de investigaci\u00f3n que reune a los integrantes del IIEP (UBA-CONICET) interesados en los desaf\u00edos que enfrenta la pol\u00edtica p\u00fablica vinculados al fortalecimiento de la<\/p>\n","protected":false},"author":2,"featured_media":0,"parent":0,"menu_order":0,"comment_status":"closed","ping_status":"closed","template":"","meta":{"footnotes":""},"class_list":["post-1579","page","type-page","status-publish","hentry"],"_links":{"self":[{"href":"https:\/\/www.economicas.uba.ar\/iiep\/desip\/wp-json\/wp\/v2\/pages\/1579","targetHints":{"allow":["GET"]}}],"collection":[{"href":"https:\/\/www.economicas.uba.ar\/iiep\/desip\/wp-json\/wp\/v2\/pages"}],"about":[{"href":"https:\/\/www.economicas.uba.ar\/iiep\/desip\/wp-json\/wp\/v2\/types\/page"}],"author":[{"embeddable":true,"href":"https:\/\/www.economicas.uba.ar\/iiep\/desip\/wp-json\/wp\/v2\/users\/2"}],"replies":[{"embeddable":true,"href":"https:\/\/www.economicas.uba.ar\/iiep\/desip\/wp-json\/wp\/v2\/comments?post=1579"}],"version-history":[{"count":498,"href":"https:\/\/www.economicas.uba.ar\/iiep\/desip\/wp-json\/wp\/v2\/pages\/1579\/revisions"}],"predecessor-version":[{"id":7554,"href":"https:\/\/www.economicas.uba.ar\/iiep\/desip\/wp-json\/wp\/v2\/pages\/1579\/revisions\/7554"}],"wp:attachment":[{"href":"https:\/\/www.economicas.uba.ar\/iiep\/desip\/wp-json\/wp\/v2\/media?parent=1579"}],"curies":[{"name":"wp","href":"https:\/\/api.w.org\/{rel}","templated":true}]}}