{"id":1579,"date":"2022-11-29T11:46:04","date_gmt":"2022-11-29T14:46:04","guid":{"rendered":"https:\/\/www.economicas.uba.ar\/iiep\/macro\/?page_id=1579"},"modified":"2026-03-20T19:48:33","modified_gmt":"2026-03-20T22:48:33","slug":"cegepyn-2","status":"publish","type":"page","link":"https:\/\/www.economicas.uba.ar\/iiep\/macro\/","title":{"rendered":"PAGINA PRINCIPAL"},"content":{"rendered":"\t\t<div data-elementor-type=\"wp-page\" data-elementor-id=\"1579\" class=\"elementor elementor-1579\" data-elementor-post-type=\"page\">\n\t\t\t\t<div class=\"elementor-element elementor-element-0a3fce9 e-con-full e-flex e-con e-parent\" data-id=\"0a3fce9\" data-element_type=\"container\" data-e-type=\"container\" data-settings=\"{&quot;background_background&quot;:&quot;classic&quot;}\">\n\t\t<div class=\"elementor-element elementor-element-9211a72 e-flex e-con-boxed e-con e-child\" data-id=\"9211a72\" data-element_type=\"container\" data-e-type=\"container\">\n\t\t\t\t\t<div class=\"e-con-inner\">\n\t\t\t\t<div class=\"elementor-element elementor-element-23eea8d elementor-widget elementor-widget-heading\" data-id=\"23eea8d\" data-element_type=\"widget\" data-e-type=\"widget\" data-widget_type=\"heading.default\">\n\t\t\t\t<div class=\"elementor-widget-container\">\n\t\t\t\t\t<h2 class=\"elementor-heading-title elementor-size-default\">MACRO<\/h2>\t\t\t\t<\/div>\n\t\t\t\t<\/div>\n\t\t\t\t<div class=\"elementor-element elementor-element-92150e0 elementor-widget elementor-widget-heading\" data-id=\"92150e0\" data-element_type=\"widget\" data-e-type=\"widget\" data-widget_type=\"heading.default\">\n\t\t\t\t<div class=\"elementor-widget-container\">\n\t\t\t\t\t<h2 class=\"elementor-heading-title elementor-size-default\">Macroeconom\u00eda y Desarrollo<\/h2>\t\t\t\t<\/div>\n\t\t\t\t<\/div>\n\t\t\t\t\t<\/div>\n\t\t\t\t<\/div>\n\t\t\t\t<\/div>\n\t\t<div class=\"elementor-element elementor-element-6ffb2b2 e-flex e-con-boxed e-con e-parent\" data-id=\"6ffb2b2\" data-element_type=\"container\" data-e-type=\"container\">\n\t\t\t\t\t<div class=\"e-con-inner\">\n\t\t<div class=\"elementor-element elementor-element-fb070cd e-con-full e-flex e-con e-child\" data-id=\"fb070cd\" data-element_type=\"container\" data-e-type=\"container\">\n\t\t\t\t<div class=\"elementor-element elementor-element-ae7a0bc elementor-widget elementor-widget-text-editor\" data-id=\"ae7a0bc\" data-element_type=\"widget\" data-e-type=\"widget\" data-widget_type=\"text-editor.default\">\n\t\t\t\t<div class=\"elementor-widget-container\">\n\t\t\t\t\t\t\t\t\t<h4><strong>MacroIIEP<\/strong> agrupa investigadores del IIEP (UBA-CONICET)<\/h4><h4>interesados en temas macroecon\u00f3micos relevantes de corto, mediano y largo plazo.\u00a0<\/h4>\t\t\t\t\t\t\t\t<\/div>\n\t\t\t\t<\/div>\n\t\t\t\t<\/div>\n\t\t\t\t\t<\/div>\n\t\t\t\t<\/div>\n\t\t<div class=\"elementor-element elementor-element-e3a8800 e-flex e-con-boxed e-con e-parent\" data-id=\"e3a8800\" data-element_type=\"container\" data-e-type=\"container\">\n\t\t\t\t\t<div class=\"e-con-inner\">\n\t\t\t\t<div class=\"elementor-element elementor-element-dd19331 elementor-widget elementor-widget-spacer\" data-id=\"dd19331\" data-element_type=\"widget\" data-e-type=\"widget\" data-widget_type=\"spacer.default\">\n\t\t\t\t<div class=\"elementor-widget-container\">\n\t\t\t\t\t\t\t<div class=\"elementor-spacer\">\n\t\t\t<div class=\"elementor-spacer-inner\"><\/div>\n\t\t<\/div>\n\t\t\t\t\t\t<\/div>\n\t\t\t\t<\/div>\n\t\t\t\t<div class=\"elementor-element elementor-element-df5e47a elementor-widget elementor-widget-heading\" data-id=\"df5e47a\" data-element_type=\"widget\" data-e-type=\"widget\" data-widget_type=\"heading.default\">\n\t\t\t\t<div class=\"elementor-widget-container\">\n\t\t\t\t\t<h2 class=\"elementor-heading-title elementor-size-default\">Novedades<\/h2>\t\t\t\t<\/div>\n\t\t\t\t<\/div>\n\t\t\t\t\t<\/div>\n\t\t\t\t<\/div>\n\t\t<div class=\"elementor-element elementor-element-157cfd2 e-flex e-con-boxed e-con e-parent\" data-id=\"157cfd2\" data-element_type=\"container\" data-e-type=\"container\">\n\t\t\t\t\t<div class=\"e-con-inner\">\n\t\t<div class=\"elementor-element elementor-element-e754c89 e-con-full e-flex e-con e-child\" data-id=\"e754c89\" data-element_type=\"container\" data-e-type=\"container\">\n\t\t\t\t<div class=\"elementor-element elementor-element-07ea33b elementor-widget elementor-widget-text-editor\" data-id=\"07ea33b\" data-element_type=\"widget\" data-e-type=\"widget\" data-widget_type=\"text-editor.default\">\n\t\t\t\t<div class=\"elementor-widget-container\">\n\t\t\t\t\t\t\t\t\t<h1><a href=\"https:\/\/economicas.uba.ar\/iiep\/informes-y-reportes\/macro\/\" target=\"_blank\" rel=\"noopener\"><strong>INFORMES DE COYUNTURA<\/strong><\/a><\/h1>\t\t\t\t\t\t\t\t<\/div>\n\t\t\t\t<\/div>\n\t\t\t\t<\/div>\n\t\t<div class=\"elementor-element elementor-element-44f46f1 e-con-full e-flex e-con e-child\" data-id=\"44f46f1\" data-element_type=\"container\" data-e-type=\"container\">\n\t\t\t\t<div class=\"elementor-element elementor-element-060f8e7 elementor-widget elementor-widget-text-editor\" data-id=\"060f8e7\" data-element_type=\"widget\" data-e-type=\"widget\" data-widget_type=\"text-editor.default\">\n\t\t\t\t<div class=\"elementor-widget-container\">\n\t\t\t\t\t\t\t\t\t<h1><a href=\"https:\/\/seriesmacro.streamlit.app\/\" target=\"_blank\" rel=\"noopener\"><strong>SERIES<\/strong><\/a><\/h1>\t\t\t\t\t\t\t\t<\/div>\n\t\t\t\t<\/div>\n\t\t\t\t<\/div>\n\t\t\t\t\t<\/div>\n\t\t\t\t<\/div>\n\t\t<div class=\"elementor-element elementor-element-4c53964 e-con-full e-flex e-con e-parent\" data-id=\"4c53964\" data-element_type=\"container\" data-e-type=\"container\" data-settings=\"{&quot;background_background&quot;:&quot;classic&quot;}\">\n\t\t<div class=\"elementor-element elementor-element-8d78896 e-con-full e-flex e-con e-child\" data-id=\"8d78896\" data-element_type=\"container\" data-e-type=\"container\" data-settings=\"{&quot;background_background&quot;:&quot;classic&quot;}\">\n\t\t\t\t<div class=\"elementor-element elementor-element-1d46d63 elementor-widget elementor-widget-heading\" data-id=\"1d46d63\" data-element_type=\"widget\" data-e-type=\"widget\" data-widget_type=\"heading.default\">\n\t\t\t\t<div class=\"elementor-widget-container\">\n\t\t\t\t\t<h2 class=\"elementor-heading-title elementor-size-default\">Estudiamos y entendemos la macroeconom\u00eda de los pa\u00edses en desarrollo a trav\u00e9s de un enfoque interdisciplinario. <\/h2>\t\t\t\t<\/div>\n\t\t\t\t<\/div>\n\t\t\t\t<\/div>\n\t\t\t\t<\/div>\n\t\t\t\t<\/div>\n\t\t","protected":false},"excerpt":{"rendered":"<p>MACRO Macroeconom\u00eda y Desarrollo MacroIIEP agrupa investigadores del IIEP (UBA-CONICET) interesados en temas macroecon\u00f3micos relevantes de corto, mediano y largo plazo.\u00a0 Novedades INFORMES DE COYUNTURA SERIES Estudiamos y entendemos la<\/p>\n","protected":false},"author":2,"featured_media":0,"parent":0,"menu_order":0,"comment_status":"closed","ping_status":"closed","template":"","meta":{"footnotes":""},"class_list":["post-1579","page","type-page","status-publish","hentry"],"_links":{"self":[{"href":"https:\/\/www.economicas.uba.ar\/iiep\/macro\/wp-json\/wp\/v2\/pages\/1579","targetHints":{"allow":["GET"]}}],"collection":[{"href":"https:\/\/www.economicas.uba.ar\/iiep\/macro\/wp-json\/wp\/v2\/pages"}],"about":[{"href":"https:\/\/www.economicas.uba.ar\/iiep\/macro\/wp-json\/wp\/v2\/types\/page"}],"author":[{"embeddable":true,"href":"https:\/\/www.economicas.uba.ar\/iiep\/macro\/wp-json\/wp\/v2\/users\/2"}],"replies":[{"embeddable":true,"href":"https:\/\/www.economicas.uba.ar\/iiep\/macro\/wp-json\/wp\/v2\/comments?post=1579"}],"version-history":[{"count":510,"href":"https:\/\/www.economicas.uba.ar\/iiep\/macro\/wp-json\/wp\/v2\/pages\/1579\/revisions"}],"predecessor-version":[{"id":6425,"href":"https:\/\/www.economicas.uba.ar\/iiep\/macro\/wp-json\/wp\/v2\/pages\/1579\/revisions\/6425"}],"wp:attachment":[{"href":"https:\/\/www.economicas.uba.ar\/iiep\/macro\/wp-json\/wp\/v2\/media?parent=1579"}],"curies":[{"name":"wp","href":"https:\/\/api.w.org\/{rel}","templated":true}]}}