{"id":5339,"date":"2024-07-01T13:48:51","date_gmt":"2024-07-01T16:48:51","guid":{"rendered":"https:\/\/www.economicas.uba.ar\/iiep\/macro\/?page_id=5339"},"modified":"2026-03-20T19:56:42","modified_gmt":"2026-03-20T22:56:42","slug":"macro-en-los-medios","status":"publish","type":"page","link":"https:\/\/www.economicas.uba.ar\/iiep\/macro\/macro-en-los-medios\/","title":{"rendered":"Macro en los Medios"},"content":{"rendered":"\t\t<div data-elementor-type=\"wp-page\" data-elementor-id=\"5339\" class=\"elementor elementor-5339\" data-elementor-post-type=\"page\">\n\t\t\t\t<div class=\"elementor-element elementor-element-9c9441d e-grid e-con-boxed e-con e-parent\" data-id=\"9c9441d\" data-element_type=\"container\" data-e-type=\"container\">\n\t\t\t\t\t<div class=\"e-con-inner\">\n\t\t\t\t<div class=\"elementor-element elementor-element-68501da elementor-invisible elementor-widget elementor-widget-text-editor\" data-id=\"68501da\" data-element_type=\"widget\" data-e-type=\"widget\" data-settings=\"{&quot;_animation&quot;:&quot;fadeIn&quot;}\" data-widget_type=\"text-editor.default\">\n\t\t\t\t<div class=\"elementor-widget-container\">\n\t\t\t\t\t\t\t\t\t<h4><a href=\"https:\/\/www.diagonales.com\/opinion\/los-desafios-del-plan-de-estabilizacion_a67b239445dd87c1b3cf45678\" target=\"_blank\" rel=\"noopener\">Los desaf\u00edos del plan de estabilizaci\u00f3n<\/a><\/h4><p><strong>Autor: <\/strong>Nicol\u00e1s Bertholet<br \/><strong>Fecha: <\/strong>\u00a018 02 2025<br \/><strong>Medio: <\/strong>Diagonales<\/p>\t\t\t\t\t\t\t\t<\/div>\n\t\t\t\t<\/div>\n\t\t\t\t<div class=\"elementor-element elementor-element-71026d0 elementor-invisible elementor-widget elementor-widget-text-editor\" data-id=\"71026d0\" data-element_type=\"widget\" data-e-type=\"widget\" data-settings=\"{&quot;_animation&quot;:&quot;fadeIn&quot;}\" data-widget_type=\"text-editor.default\">\n\t\t\t\t<div class=\"elementor-widget-container\">\n\t\t\t\t\t\t\t\t\t<h4><a href=\"https:\/\/www.diagonales.com\/opinion\/los-desafios-del-plan-de-estabilizacion_a67b239445dd87c1b3cf45678\" target=\"_blank\" rel=\"noopener\">Entendiendo la inestabilidad argentina con Daniel Heymann<\/a><\/h4><p><strong>Autor: <\/strong>Pablo Mira<br \/><strong>Fecha: <\/strong>\u00a016 02 2025<br \/><strong>Medio: <\/strong>La Naci\u00f3n<\/p>\t\t\t\t\t\t\t\t<\/div>\n\t\t\t\t<\/div>\n\t\t\t\t\t<\/div>\n\t\t\t\t<\/div>\n\t\t<div class=\"elementor-element elementor-element-e280cd2 e-grid e-con-boxed e-con e-parent\" data-id=\"e280cd2\" data-element_type=\"container\" data-e-type=\"container\">\n\t\t\t\t\t<div class=\"e-con-inner\">\n\t\t\t\t<div class=\"elementor-element elementor-element-108234b elementor-invisible elementor-widget elementor-widget-text-editor\" data-id=\"108234b\" data-element_type=\"widget\" data-e-type=\"widget\" data-settings=\"{&quot;_animation&quot;:&quot;fadeIn&quot;}\" data-widget_type=\"text-editor.default\">\n\t\t\t\t<div class=\"elementor-widget-container\">\n\t\t\t\t\t\t\t\t\t<h4><a href=\"https:\/\/alquimiaseconomicas.com\/2024\/09\/06\/estimacion-de-curva-de-phillips-y-cociente-de-sacrificio-en-argentinaun-analisis-empirico-para-el-periodo-2003-2022\/\" target=\"_blank\" rel=\"noopener\">Estimaci\u00f3n de la curva de Phillips y cociente de sacrificio en Argentina<\/a><\/h4><p><strong>Autor: <\/strong>Nicol\u00e1s Bertholet, Gabriel Montes-Rojas, Fernando Toledo<br \/><strong>Fecha: <\/strong>\u00a006 09 2024<br \/><strong>Medio: <\/strong>Alquimias Econ\u00f3micas<\/p>\t\t\t\t\t\t\t\t<\/div>\n\t\t\t\t<\/div>\n\t\t\t\t<div class=\"elementor-element elementor-element-d5defa4 elementor-invisible elementor-widget elementor-widget-text-editor\" data-id=\"d5defa4\" data-element_type=\"widget\" data-e-type=\"widget\" data-settings=\"{&quot;_animation&quot;:&quot;fadeIn&quot;}\" data-widget_type=\"text-editor.default\">\n\t\t\t\t<div class=\"elementor-widget-container\">\n\t\t\t\t\t\t\t\t\t<h4><a href=\"https:\/\/www.lanacion.com.ar\/economia\/mercados-de-prediccion-una-herramienta-provechosa-para-quienes-confian-en-sus-datos-y-en-su-nid01092024\/\" target=\"_blank\" rel=\"noopener\">Mercados de predicci\u00f3n<\/a><\/h4><p><strong><br \/>Autor: <\/strong>Pablo Mira<br \/><strong>Fecha: <\/strong>\u00a001 09 2024<br \/><strong>Medio: <\/strong>La Naci\u00f3n<\/p>\t\t\t\t\t\t\t\t<\/div>\n\t\t\t\t<\/div>\n\t\t\t\t<div class=\"elementor-element elementor-element-8f17489 elementor-invisible elementor-widget elementor-widget-text-editor\" data-id=\"8f17489\" data-element_type=\"widget\" data-e-type=\"widget\" data-settings=\"{&quot;_animation&quot;:&quot;fadeIn&quot;}\" data-widget_type=\"text-editor.default\">\n\t\t\t\t<div class=\"elementor-widget-container\">\n\t\t\t\t\t\t\t\t\t<h4><a href=\"https:\/\/iiep.economicas.uba.ar\/promesas-del-subsuelo\/\" target=\"_blank\" rel=\"noopener\" data-wplink-edit=\"true\">Promesas del subsuelo<\/a><\/h4><p><strong><br \/>Autor: <\/strong>Andr\u00e9s L\u00f3pez<br \/><strong>Fecha: <\/strong>19 06 2024<br \/><strong>Medio: <\/strong>Nuevos Papeles<\/p>\t\t\t\t\t\t\t\t<\/div>\n\t\t\t\t<\/div>\n\t\t\t\t<div class=\"elementor-element elementor-element-8ca48fa elementor-invisible elementor-widget elementor-widget-text-editor\" data-id=\"8ca48fa\" data-element_type=\"widget\" data-e-type=\"widget\" data-settings=\"{&quot;_animation&quot;:&quot;fadeIn&quot;}\" data-widget_type=\"text-editor.default\">\n\t\t\t\t<div class=\"elementor-widget-container\">\n\t\t\t\t\t\t\t\t\t<h4><a href=\"https:\/\/iiep.economicas.uba.ar\/incertidumbre-economica-en-argentina-que-dicen-las-redes-sociales\/\" target=\"_blank\" rel=\"noopener\">Incertidumbre econ\u00f3mica en Argentina: qu\u00e9 dicen las redes sociales<\/a><\/h4><p><strong><br \/>Autor: <\/strong>Daniel Arom\u00ed<br \/><strong>Fecha: <\/strong>18 06 2024<br \/><strong>Medio:<\/strong> San Rafael<\/p>\t\t\t\t\t\t\t\t<\/div>\n\t\t\t\t<\/div>\n\t\t\t\t<div class=\"elementor-element elementor-element-a802935 elementor-invisible elementor-widget elementor-widget-text-editor\" data-id=\"a802935\" data-element_type=\"widget\" data-e-type=\"widget\" data-settings=\"{&quot;_animation&quot;:&quot;fadeIn&quot;}\" data-widget_type=\"text-editor.default\">\n\t\t\t\t<div class=\"elementor-widget-container\">\n\t\t\t\t\t\t\t\t\t<h4><a href=\"https:\/\/iiep.economicas.uba.ar\/la-economia-argentina-esta-en-una-situacion-fragil\/\" target=\"_blank\" rel=\"noopener\">La econom\u00eda argentina est\u00e1 en una situaci\u00f3n fr\u00e1gil<\/a><\/h4><p>\u00a0<\/p><p><strong><br \/>Autor: <\/strong>Daniel Arom\u00ed<br \/><strong>Fecha: <\/strong>16 06 2024<br \/><strong>Medio:<\/strong> Newsweek<\/p>\t\t\t\t\t\t\t\t<\/div>\n\t\t\t\t<\/div>\n\t\t\t\t<div class=\"elementor-element elementor-element-d5ef79e elementor-invisible elementor-widget elementor-widget-text-editor\" data-id=\"d5ef79e\" data-element_type=\"widget\" data-e-type=\"widget\" data-settings=\"{&quot;_animation&quot;:&quot;fadeIn&quot;}\" data-widget_type=\"text-editor.default\">\n\t\t\t\t<div class=\"elementor-widget-container\">\n\t\t\t\t\t\t\t\t\t<h4><a href=\"https:\/\/iiep.economicas.uba.ar\/ciencia-del-comportamiento-aprender-a-desentranar-los-misterios-de-la-mente-humana\/\" target=\"_blank\" rel=\"noopener\">Ciencia del comportamiento: aprender a desentra\u00f1ar los misterios de la mente humana<\/a><\/h4><p><strong><br \/>Autor: <\/strong>Pablo Mira<br \/><strong>Fecha: <\/strong>09 06 2024<br \/><strong>Medio: <\/strong>La Naci\u00f3n<\/p>\t\t\t\t\t\t\t\t<\/div>\n\t\t\t\t<\/div>\n\t\t\t\t<div class=\"elementor-element elementor-element-6e24442 elementor-widget elementor-widget-text-editor\" data-id=\"6e24442\" data-element_type=\"widget\" data-e-type=\"widget\" data-widget_type=\"text-editor.default\">\n\t\t\t\t<div class=\"elementor-widget-container\">\n\t\t\t\t\t\t\t\t\t<h4><a href=\"https:\/\/www.pagina12.com.ar\/709222-plan-de-estabilizacion-o-dolarizacion\" target=\"_blank\" rel=\"noopener\">Plan de Estabilizaci\u00f3n o Dolarizaci\u00f3n<\/a><\/h4><p>\u00a0<\/p><div>\u00a0<\/div><p><strong>Autor: <\/strong>Nicol\u00e1s Bertholet<br \/><strong>Fecha: <\/strong>04 02 2024<br \/><strong>Medio: <\/strong>P\u00e1gina 12<\/p>\t\t\t\t\t\t\t\t<\/div>\n\t\t\t\t<\/div>\n\t\t\t\t<div class=\"elementor-element elementor-element-1bd9c14 elementor-widget elementor-widget-text-editor\" data-id=\"1bd9c14\" data-element_type=\"widget\" data-e-type=\"widget\" data-widget_type=\"text-editor.default\">\n\t\t\t\t<div class=\"elementor-widget-container\">\n\t\t\t\t\t\t\t\t\t<h4 class=\"hestia-title title-in-content entry-title\">En 2024 no faltar\u00e1n d\u00f3lares: los interrogantes aparecen despu\u00e9s<\/h4><p>\u00a0<\/p><p><strong><br \/>Autor: <\/strong>Ricardo Carciofi<br \/><strong>Fecha:<\/strong> 22\u00a003 2024<br \/><strong>Medio:<\/strong> Nuevos Papeles<\/p>\t\t\t\t\t\t\t\t<\/div>\n\t\t\t\t<\/div>\n\t\t\t\t\t<\/div>\n\t\t\t\t<\/div>\n\t\t<div class=\"elementor-element elementor-element-9e832a2 e-grid e-con-boxed e-con e-parent\" data-id=\"9e832a2\" data-element_type=\"container\" data-e-type=\"container\">\n\t\t\t\t\t<div class=\"e-con-inner\">\n\t\t\t\t<div class=\"elementor-element elementor-element-7656a799 elementor-widget elementor-widget-text-editor\" data-id=\"7656a799\" data-element_type=\"widget\" data-e-type=\"widget\" data-widget_type=\"text-editor.default\">\n\t\t\t\t<div class=\"elementor-widget-container\">\n\t\t\t\t\t\t\t\t\t<h4><a href=\"https:\/\/www.eldiarioar.com\/opinion\/molinos-viento-e-hiperinflaciones_129_11366505.html\" target=\"_blank\" rel=\"noopener\">De molinos de viento a hiperinflaciones<\/a><\/h4><p>\u00a0<\/p><p>\u00a0<\/p><p><strong>Autor: <\/strong>Joaqu\u00edn Waldman y Gabriel Palazzo<br \/><strong>Fecha: <\/strong>14 05 2024<br \/><strong>Medio: <\/strong>Eldiarioar<\/p>\t\t\t\t\t\t\t\t<\/div>\n\t\t\t\t<\/div>\n\t\t\t\t<div class=\"elementor-element elementor-element-17bfa02f elementor-widget elementor-widget-text-editor\" data-id=\"17bfa02f\" data-element_type=\"widget\" data-e-type=\"widget\" data-widget_type=\"text-editor.default\">\n\t\t\t\t<div class=\"elementor-widget-container\">\n\t\t\t\t\t\t\t\t\t<h4><a href=\"https:\/\/www.youtube.com\/watch?v=ID5v87kRW1U\">Estabilizaci\u00f3n I<\/a>\u00a0<\/h4><p>\u00a0<\/p><p><strong>\u00a0<\/strong><\/p><p><strong>\u00a0<\/strong><\/p><p><strong><br \/>Autor: <\/strong>Pablo Mira<br \/><strong>Fecha:<\/strong> 21 04 2023<br \/><strong>Medio:<\/strong> Radio con Vos<\/p>\t\t\t\t\t\t\t\t<\/div>\n\t\t\t\t<\/div>\n\t\t\t\t<div class=\"elementor-element elementor-element-e07e88e elementor-widget elementor-widget-text-editor\" data-id=\"e07e88e\" data-element_type=\"widget\" data-e-type=\"widget\" data-widget_type=\"text-editor.default\">\n\t\t\t\t<div class=\"elementor-widget-container\">\n\t\t\t\t\t\t\t\t\t<h4><a href=\"https:\/\/www.youtube.com\/watch?v=QEol4_LersE\" target=\"_blank\" rel=\"noopener\">Estanflaci\u00f3n<\/a><\/h4><p><strong><br \/>Autor: <\/strong>Pablo Mira<br \/><strong>Fecha: <\/strong>01 12 2023<br \/><strong>Medio:<\/strong> Radio con Vos<\/p>\t\t\t\t\t\t\t\t<\/div>\n\t\t\t\t<\/div>\n\t\t\t\t<div class=\"elementor-element elementor-element-63f32ff elementor-widget elementor-widget-text-editor\" data-id=\"63f32ff\" data-element_type=\"widget\" data-e-type=\"widget\" data-widget_type=\"text-editor.default\">\n\t\t\t\t<div class=\"elementor-widget-container\">\n\t\t\t\t\t\t\t\t\t<h4><a href=\"https:\/\/www.youtube.com\/watch?v=H9vGxM8tIjU\" target=\"_blank\" rel=\"noopener\">Dolarizaci\u00f3n<\/a><\/h4><p><strong><br \/>Autor: <\/strong>Pablo Mira<br \/><strong>Fecha: <\/strong>25 08 2023<br \/><strong>Medio:<\/strong> Radio con Vos<\/p>\t\t\t\t\t\t\t\t<\/div>\n\t\t\t\t<\/div>\n\t\t\t\t\t<\/div>\n\t\t\t\t<\/div>\n\t\t<div class=\"elementor-element elementor-element-030bfe1 e-grid e-con-boxed e-con e-parent\" data-id=\"030bfe1\" data-element_type=\"container\" data-e-type=\"container\">\n\t\t\t\t\t<div class=\"e-con-inner\">\n\t\t\t\t<div class=\"elementor-element elementor-element-e18fa84 elementor-widget elementor-widget-text-editor\" data-id=\"e18fa84\" data-element_type=\"widget\" data-e-type=\"widget\" data-widget_type=\"text-editor.default\">\n\t\t\t\t<div class=\"elementor-widget-container\">\n\t\t\t\t\t\t\t\t\t<h4><a href=\"https:\/\/www.youtube.com\/watch?v=wMO3LfHJmjo\" target=\"_blank\" rel=\"noopener\">Estabilizaci\u00f3n II<\/a>\u00a0<\/h4><p><strong><br \/>Autor: <\/strong>Pablo Mira<br \/><strong>Fecha:<\/strong> 19 05 2023<br \/><strong>Medio:<\/strong> Radio con Vos<\/p>\t\t\t\t\t\t\t\t<\/div>\n\t\t\t\t<\/div>\n\t\t\t\t<div class=\"elementor-element elementor-element-8ee2756 elementor-widget elementor-widget-text-editor\" data-id=\"8ee2756\" data-element_type=\"widget\" data-e-type=\"widget\" data-widget_type=\"text-editor.default\">\n\t\t\t\t<div class=\"elementor-widget-container\">\n\t\t\t\t\t\t\t\t\t<h4><a href=\"https:\/\/www.youtube.com\/watch?v=qh2_WVrP66k\" target=\"_blank\" rel=\"noopener\">Macro Extrema<\/a><\/h4><p><strong><br \/>Autor: <\/strong>Pablo Mira<br \/><strong>Fecha:<\/strong> 05 01 2023<br \/><strong>Medio:<\/strong> Radio con Vos<\/p>\t\t\t\t\t\t\t\t<\/div>\n\t\t\t\t<\/div>\n\t\t\t\t\t<\/div>\n\t\t\t\t<\/div>\n\t\t\t\t<\/div>\n\t\t","protected":false},"excerpt":{"rendered":"<p>Los desaf\u00edos del plan de estabilizaci\u00f3n Autor: Nicol\u00e1s BertholetFecha: \u00a018 02 2025Medio: Diagonales Entendiendo la inestabilidad argentina con Daniel Heymann Autor: Pablo MiraFecha: \u00a016 02 2025Medio: La Naci\u00f3n Estimaci\u00f3n de<\/p>\n","protected":false},"author":8,"featured_media":0,"parent":0,"menu_order":0,"comment_status":"closed","ping_status":"closed","template":"","meta":{"footnotes":""},"class_list":["post-5339","page","type-page","status-publish","hentry"],"_links":{"self":[{"href":"https:\/\/www.economicas.uba.ar\/iiep\/macro\/wp-json\/wp\/v2\/pages\/5339","targetHints":{"allow":["GET"]}}],"collection":[{"href":"https:\/\/www.economicas.uba.ar\/iiep\/macro\/wp-json\/wp\/v2\/pages"}],"about":[{"href":"https:\/\/www.economicas.uba.ar\/iiep\/macro\/wp-json\/wp\/v2\/types\/page"}],"author":[{"embeddable":true,"href":"https:\/\/www.economicas.uba.ar\/iiep\/macro\/wp-json\/wp\/v2\/users\/8"}],"replies":[{"embeddable":true,"href":"https:\/\/www.economicas.uba.ar\/iiep\/macro\/wp-json\/wp\/v2\/comments?post=5339"}],"version-history":[{"count":113,"href":"https:\/\/www.economicas.uba.ar\/iiep\/macro\/wp-json\/wp\/v2\/pages\/5339\/revisions"}],"predecessor-version":[{"id":6441,"href":"https:\/\/www.economicas.uba.ar\/iiep\/macro\/wp-json\/wp\/v2\/pages\/5339\/revisions\/6441"}],"wp:attachment":[{"href":"https:\/\/www.economicas.uba.ar\/iiep\/macro\/wp-json\/wp\/v2\/media?parent=5339"}],"curies":[{"name":"wp","href":"https:\/\/api.w.org\/{rel}","templated":true}]}}