{"id":1406,"date":"2023-07-25T14:23:37","date_gmt":"2023-07-25T17:23:37","guid":{"rendered":"https:\/\/www.economicas.uba.ar\/investigacion\/?page_id=1406"},"modified":"2026-03-05T11:14:08","modified_gmt":"2026-03-05T14:14:08","slug":"cedese","status":"publish","type":"page","link":"https:\/\/www.economicas.uba.ar\/investigacion\/institutos-y-centros\/cedese\/","title":{"rendered":"cedese"},"content":{"rendered":"\t\t<div data-elementor-type=\"wp-page\" data-elementor-id=\"1406\" class=\"elementor elementor-1406\" data-elementor-post-type=\"page\">\n\t\t\t\t<div class=\"elementor-element elementor-element-785d0a7c e-flex e-con-boxed e-con e-parent\" data-id=\"785d0a7c\" data-element_type=\"container\" data-e-type=\"container\">\n\t\t\t\t\t<div class=\"e-con-inner\">\n\t\t\t\t<div class=\"elementor-element elementor-element-7804597d elementor-widget elementor-widget-eael-adv-accordion\" data-id=\"7804597d\" data-element_type=\"widget\" data-e-type=\"widget\" data-widget_type=\"eael-adv-accordion.default\">\n\t\t\t\t<div class=\"elementor-widget-container\">\n\t\t\t\t\t            <div class=\"eael-adv-accordion\" id=\"eael-adv-accordion-7804597d\" data-scroll-on-click=\"no\" data-scroll-speed=\"300\" data-accordion-id=\"7804597d\" data-accordion-type=\"accordion\" data-toogle-speed=\"300\">\n            <div class=\"eael-accordion-list\">\n\t\t\t\t\t<div id=\"inicio\" class=\"elementor-tab-title eael-accordion-header active-default\" tabindex=\"0\" data-tab=\"1\" aria-controls=\"elementor-tab-content-2011\"><span class=\"eael-accordion-tab-title\">Inicio<\/span><span class=\"eael-advanced-accordion-icon-closed\"><i aria-hidden=\"true\" class=\"fa-accordion-icon fas fa-chevron-down\"><\/i><\/span><span class=\"eael-advanced-accordion-icon-opened\"><\/span><\/div><div id=\"elementor-tab-content-2011\" class=\"eael-accordion-content clearfix active-default\" data-tab=\"1\" aria-labelledby=\"inicio\"><p><a href=\"https:\/\/www.economicas.uba.ar\/iadcom\"><img fetchpriority=\"high\" decoding=\"async\" class=\"alignnone wp-image-7920 size-full\" src=\"https:\/\/www.economicas.uba.ar\/investigacion\/wp-content\/uploads\/centro-perteneciente-a-IADCOM.jpg \" sizes=\"(max-width: 840px) 100vw, 840px\" srcset=\"https:\/\/www.economicas.uba.ar\/wp-content\/uploads\/2015\/11\/centro-perteneciente-a-IADCOM.jpg 840w, https:\/\/www.economicas.uba.ar\/wp-content\/uploads\/2015\/11\/centro-perteneciente-a-IADCOM-300x25.jpg 300w, https:\/\/www.economicas.uba.ar\/wp-content\/uploads\/2015\/11\/centro-perteneciente-a-IADCOM-768x65.jpg 768w\" alt=\"\" width=\"840\" height=\"71\" \/><\/a><\/p><p>El Centro de Investigaci\u00f3n del Seguro, de la Facultad de Ciencias Econ\u00f3micas tiene como prop\u00f3sito promover\u00a0investigaciones y estudios sobre el Mercado Asegurador con el objetivo de difundir los resultados al conjunto de la comunidad educativa de esta Facultad y de brindar elementos que permitir\u00e1 una transferencia de conocimientos y tecnolog\u00eda al Sector P\u00fablico y Privado en general.<\/p><p>El Centro tiene entre sus actividades:<\/p><ul><li>El desarrollo de actividades de formaci\u00f3n y capacitaci\u00f3n de investigadores, docentes, becarios, doctorandos, mediante tutor\u00edas y actividades de orientaci\u00f3n, cursos de capacitaci\u00f3n de grado y postgrado, seminarios de investigaci\u00f3n, congresos, jornadas y conferencias de alcance institucional, nacional e internacional.<\/li><li>El desarrollo de actividades de promoci\u00f3n y difusi\u00f3n del conocimiento cient\u00edfico se desenvuelven en la organizaci\u00f3n del Centro de Documentaci\u00f3n y de la Biblioteca Especializada, en la edici\u00f3n de publicaciones que recojan la actividad cient\u00edfica del centro y la de los investigadores de \u00e9sta y otras universidades del pa\u00eds o del exterior; y, en la promoci\u00f3n de relaciones de intercambio de car\u00e1cter cient\u00edfico con entidades similares del pa\u00eds y del exterior. Realizar proyectos y trabajos sugeridos por el inter\u00e9s general o requeridos por organismos p\u00fablicos y privados.<\/li><\/ul><\/div>\n\t\t\t\t\t<\/div><div class=\"eael-accordion-list\">\n\t\t\t\t\t<div id=\"miembros\" class=\"elementor-tab-title eael-accordion-header\" tabindex=\"0\" data-tab=\"2\" aria-controls=\"elementor-tab-content-2012\"><span class=\"eael-accordion-tab-title\">Miembros<\/span><span class=\"eael-advanced-accordion-icon-closed\"><i aria-hidden=\"true\" class=\"fa-accordion-icon fas fa-chevron-down\"><\/i><\/span><span class=\"eael-advanced-accordion-icon-opened\"><\/span><\/div><div id=\"elementor-tab-content-2012\" class=\"eael-accordion-content clearfix\" data-tab=\"2\" aria-labelledby=\"miembros\"><h6>Director<\/h6><div><a href=\"https:\/\/www.linkedin.com\/in\/eduardo-melinsky-6005228\/\">Dr. Eduardo MELINSKY<\/a><\/div><h6>Subdirector<\/h6><div><a href=\"https:\/\/www.linkedin.com\/in\/daniel-an%C3%ADbal-sarto-b7b00a163\/\">Act. Daniel An\u00edbal SARTO<\/a><\/div><h6>Investigadores<\/h6><div>Actuario\u00a0<a href=\"https:\/\/www.linkedin.com\/in\/daniel-an%C3%ADbal-sarto-b7b00a163\/\">Daniel An\u00edbal Sarto<\/a>, Profesor Titular Regular de \u201cC\u00e1lculo Financiero\u201d, Contador P\u00fablico (FCE-UBA)<\/div><div>Actuario\u00a0<a href=\"https:\/\/www.linkedin.com\/in\/javier-barraza-riesgos\/\">Javier Barraza<\/a>, Ayudante de \u201cTeor\u00eda del Equilibrio Actuarial\u201d (FCE-UBA)<\/div><div>Actuaria\u00a0<a href=\"https:\/\/www.linkedin.com\/in\/carolinacristinacastro\/\">Carolina Castro<\/a>, Profesora Adjunta Regular del \u00e1rea Actuarial\u00a0(FCE-UBA)<\/div><div><a href=\"https:\/\/www.linkedin.com\/in\/camila-filippelli-329827208\/\">Camila Filippelli<\/a>, becaria PROPAI<\/div><div>Actuaria\u00a0<a href=\"https:\/\/www.linkedin.com\/in\/aldana-mastrodonato\/\">Aldana Mastrodonato<\/a>, ex becaria UBACyT (FCE-UBA)<\/div><div>Actuario\u00a0<a href=\"https:\/\/www.linkedin.com\/in\/juan-ignacio-de-oyarbide-5293a2139\/\">Juan Ignacio de Oyarbide<\/a>\u00a0(ISEG \u2013 Lisbon School of Economics &amp;Management)<\/div><div>Actuaria Marina Russo, ex becaria PROPAI, \u201cAyudante de Teor\u00eda Actuarial de los Seguros Personales\u201d\u00a0(FCE-UBA)<\/div><\/div>\n\t\t\t\t\t<\/div><div class=\"eael-accordion-list\">\n\t\t\t\t\t<div id=\"publicaciones\" class=\"elementor-tab-title eael-accordion-header\" tabindex=\"0\" data-tab=\"3\" aria-controls=\"elementor-tab-content-2013\"><span class=\"eael-accordion-tab-title\">Publicaciones<\/span><span class=\"eael-advanced-accordion-icon-closed\"><i aria-hidden=\"true\" class=\"fa-accordion-icon fas fa-chevron-down\"><\/i><\/span><span class=\"eael-advanced-accordion-icon-opened\"><\/span><\/div><div id=\"elementor-tab-content-2013\" class=\"eael-accordion-content clearfix\" data-tab=\"3\" aria-labelledby=\"publicaciones\"><ul><li>Melinsky, Eduardo,\u00a0<a href=\"http:\/\/web.econ.uba.ar\/WAppFCE01\/SendImageJPA01?Function=getFilexPOID&amp;filePOID=3680\" target=\"_blank\" rel=\"noopener\">El Camino hacia la Solvencia II, Un Proceso de Adaptaci\u00f3n<\/a>.\u00a0AACS Revista Novedades Nro.49, Diciembre 2010.<\/li><\/ul><div><ul><li>Melinsky, Eduardo &amp; Martucci, Fernando,\u00a0<a href=\"http:\/\/web.econ.uba.ar\/WAppFCE01\/SendImageJPA01?Function=getFilexPOID&amp;filePOID=3671\" target=\"_blank\" rel=\"noopener\">El\u00a0Actuario: Ley de Prepagas y Valuaci\u00f3n de Compromisos, seg\u00fan Resoluci\u00f3n T\u00e9cnica Nro. 23<\/a>. Articulo Web CPCECABA, 03 de agosto 2010.<\/li><\/ul><\/div><ul><li><div>Melinsky, Eduardo &amp; Solari, Graciela,\u00a0<a href=\"http:\/\/web.econ.uba.ar\/WAppFCE01\/SendImageJPA01?Function=getFilexPOID&amp;filePOID=3673\" target=\"_blank\" rel=\"noopener\">Aspectos Demogr\u00e1ficos en el An\u00e1lisis de la Sostenibilidad Actuarial del Sistema Integral Previsional Argentino<\/a>. 18o. Congreso Nacional de Ciencias Econ\u00f3micas, Buenos Aires, Argentina, 16 al 18 de junio 2010.<\/div><\/li><\/ul><ul><li><div><div>Melinsky, Eduardo,\u00a0<a href=\"http:\/\/web.econ.uba.ar\/WAppFCE01\/SendImageJPA01?Function=getFilexPOID&amp;filePOID=3674\" target=\"_blank\" rel=\"noopener\">Gesti\u00f3n Integral del Riesgo Empresario, La Opci\u00f3n Menos Costosa que la Administraci\u00f3n de la Crisis<\/a>. Management Herald Enero 2010.<\/div><\/div><\/li><\/ul><ul><li><div>Melinsky, Eduardo, P\u00e9rez Raffo, Hernan R. &amp; Carnevali, Mar\u00eda Natalia,\u00a0<a href=\"http:\/\/web.econ.uba.ar\/WAppFCE01\/SendImageJPA01?Function=getFilexPOID&amp;filePOID=3675\" target=\"_blank\" rel=\"noopener\">Normas de Pr\u00e1ctica Actuarial: Difusi\u00f3n de las IASP (International Actuarial Standard Practice) emitidas por la IAA (International Actuarial Association)<\/a>,\u00a017 Noviembre 2005.<\/div><\/li><\/ul><ul><li><div>Melinsky, Eduardo,\u00a0<a href=\"http:\/\/web.econ.uba.ar\/WAppFCE01\/SendImageJPA01?Function=getFilexPOID&amp;filePOID=3676\" target=\"_blank\" rel=\"noopener\">La Seguridad Social para Profesionales y la Valuaci\u00f3n Actuarial<\/a>.\u00a012o. Congreso Nacional de Profesionales en Ciencias Econ\u00f3micas, C\u00f3rdoba, Argentina, 23 al 26 de septiembre de 1998.<\/div><\/li><\/ul><ul><li><div>Melinsky, Eduardo, Seguro de Vida y de Muerte con Pago de Capital Asegurado considerando Fracciones de A\u00f1o \u2013 F\u00f3rmulas de Concepto \u2013\u00a0<a href=\"http:\/\/web.econ.uba.ar\/WAppFCE01\/SendImageJPA01?Function=getFilexPOID&amp;filePOID=3678\" target=\"_blank\" rel=\"noopener\">Seguro de Vida y de Muerte con Pago de Capital Asegurado considerando Fracciones de A\u00f1o \u2013 F\u00f3rmulas de Concepto<\/a>.\u00a0Apuntes de la C\u00e1tedra de Teor\u00eda Actuarial I, 1984.<\/div><\/li><\/ul><ul><li><div>Melinsky, Eduardo,\u00a0<a href=\"http:\/\/web.econ.uba.ar\/WAppFCE01\/SendImageJPA01?Function=getFilexPOID&amp;filePOID=3679\" target=\"_blank\" rel=\"noopener\">Seguro de Vida y de Muerte con Pago de Capital Asegurado considerando Fracciones de A\u00f1o \u2013 F\u00f3rmulas de C\u00e1lculo<\/a>.\u00a0Apuntes de la C\u00e1tedra de Teor\u00eda Actuarial I, 1984.<\/div><\/li><\/ul><\/div>\n\t\t\t\t\t<\/div><div class=\"eael-accordion-list\">\n\t\t\t\t\t<div id=\"proyectos\" class=\"elementor-tab-title eael-accordion-header\" tabindex=\"0\" data-tab=\"4\" aria-controls=\"elementor-tab-content-2014\"><span class=\"eael-accordion-tab-title\">Proyectos<\/span><span class=\"eael-advanced-accordion-icon-closed\"><i aria-hidden=\"true\" class=\"fa-accordion-icon fas fa-chevron-down\"><\/i><\/span><span class=\"eael-advanced-accordion-icon-opened\"><\/span><\/div><div id=\"elementor-tab-content-2014\" class=\"eael-accordion-content clearfix\" data-tab=\"4\" aria-labelledby=\"proyectos\"><p><strong>Proyectos vigentes:<\/strong><\/p><ul><li>Programaci\u00f3n UBACyT 2020 \u2013 2023: \u201cRegulaci\u00f3n Actuarial y Financiera para Gesti\u00f3n de Prepagos en Salud\u201d.<\/li><\/ul><p><strong>Proyectos finalizados:<\/strong><\/p><ul><li>Programaci\u00f3n UBACyT 2017 \u2013 2020: \u201cGesti\u00f3n Actuarial de los Riesgos y Solvencia para las Empresas de Medicina Prepaga\u201d.<\/li><\/ul><\/div>\n\t\t\t\t\t<\/div><div class=\"eael-accordion-list\">\n\t\t\t\t\t<div id=\"presentaciones-en-eventos-recientes\" class=\"elementor-tab-title eael-accordion-header\" tabindex=\"0\" data-tab=\"5\" aria-controls=\"elementor-tab-content-2015\"><span class=\"eael-accordion-tab-title\">Presentaciones en eventos recientes<\/span><span class=\"eael-advanced-accordion-icon-closed\"><i aria-hidden=\"true\" class=\"fa-accordion-icon fas fa-chevron-down\"><\/i><\/span><span class=\"eael-advanced-accordion-icon-opened\"><\/span><\/div><div id=\"elementor-tab-content-2015\" class=\"eael-accordion-content clearfix\" data-tab=\"5\" aria-labelledby=\"presentaciones-en-eventos-recientes\"><ul><li><a href=\"https:\/\/www.consejo.org.ar\/formacion-profesional\/congresos-y-eventos\/congreso\/congresos-realizados\/XXII-Jornadas-Nacionales-y-Latinoamericanas-Actuariales\">XXII Jornadas Nacionales y Latinoamericanas Actuariales<\/a>.\u00a0 C.P.C.E.C.A.B.A., 28 y 29 de octubre de 2021.\u00a0 Presentaci\u00f3n: \u201cRol del Actuario en Seguros Privados de Salud: esquema general y ejemplos\u201d(<a href=\"https:\/\/www.youtube.com\/watch?v=-bF2SPvqFjw\">video<\/a>), y participaci\u00f3n en el Panel de Asociaciones: \u201cIndustria, Regulaciones y Educaci\u00f3n\u201d (<a href=\"https:\/\/www.youtube.com\/watch?v=vul33Di4Uy0\">video<\/a>).<\/li><li>Congreso Internacional de Econom\u00eda y Gesti\u00f3n 2021 (ECON 2021), 18 a 22 de octubre de 2021, Facultad de Ciencias Econ\u00f3micas, Universidad de Buenos Aires.\u00a0 Presentaciones: \u201cSeguridad Social en el Siglo XXI y la Funci\u00f3n Actuarial\u201d (<a href=\"https:\/\/www.youtube.com\/watch?v=TioTjpT87Kk&amp;list=PLg6sV5qN22V2-AikYsOagapMHr0Kww7LJ\">video<\/a>), y\u00a0 \u201cPasado, Presente y Futuro de la profesi\u00f3n actuarial en la modelizaci\u00f3n del riesgo y la solvencia\u201d (<a href=\"https:\/\/www.youtube.com\/watch?v=V9eCmGwR6RM\">video<\/a>).<\/li><li>Webinar organizado por la Health Section de la Asociaci\u00f3n Actuarial Internacional: Capital Requirements for Health Insurers.\u00a0 Desarrollado el d\u00eda 29\/06\/2021.\u00a0 Material disponible en el siguiente\u00a0<a href=\"https:\/\/www.actuaries.org\/iaa\/IAA\/Sections\/IAAHS\/Programs___Iniatives\/Webcasts\/IAA\/Sections\/IAAHS\/Webcasts.aspx?hkey=96676ca5-85b5-403e-9261-a71693333b4f\">link<\/a>.\u00a0 Presentaci\u00f3n:\u00a0<a href=\"https:\/\/www.actuaries.org\/IAA\/Documents\/IAAHS\/Webinars\/2021\/Healthriskcapitalwebinar_29June2021.pdf\">link<\/a>.\u00a0 Video:\u00a0<a href=\"https:\/\/www.youtube.com\/watch?v=IOEuE25wWvU\">link<\/a>.<\/li><li>XXI Jornadas Nacionales y Latinoamericanas Actuariales:\u00a0<a href=\"https:\/\/www.consejo.org.ar\/formacion-profesional\/congresos-y-eventos\/congreso\/congresos-realizados\/xxi-jornadas-nacionales-y-latinoamericanas-actuariales\">XXI Jornadas Nacionales y Latinoamericanas Actuariales<\/a>, C.P.C.E.C.A.B.A., 5 y 6 de noviembre de 2020.\u00a0 Presentaci\u00f3n: \u201cGesti\u00f3n del Riesgo de Salud\u201d.\u00a0 Video de la presentaci\u00f3n disponible en este\u00a0<a href=\"https:\/\/www.youtube.com\/watch?v=RAoB1fkga1g\">link<\/a>.<\/li><li>Congreso Internacional de Econom\u00eda y Gesti\u00f3n 2018 (ECON 2018), 1 al 4 de octubre de 2018, Facultad de Ciencias Econ\u00f3micas, Universidad de Buenos Aires: \u201cSolvencia y Gesti\u00f3n de Riesgos en Entidades de Medicina Prepaga\u201d.\u00a0 Resumen disponible en este\u00a0<a href=\"https:\/\/www.economicas.uba.ar\/econ2018\/wp-content\/uploads\/2018\/09\/62-Solvencia-y-Gestio%CC%81n-de-Riesgos-en-Entidades-de-Medicina-Prepaga-.pdf\">link<\/a>.<\/li><li>I Jornada de Seguros, C.P.C.E.C.A.B.A., 23 de octubre de 2014.\u00a0 Presentaci\u00f3n: \u201c<a href=\"https:\/\/archivo.consejo.org.ar\/congresos\/material\/1seguros\/melinsky_eduardo.pdf\">La integraci\u00f3n del profesional en Ciencias Econ\u00f3micas en la actividad aseguradora<\/a>\u201c.<\/li><\/ul><\/div>\n\t\t\t\t\t<\/div><div class=\"eael-accordion-list\">\n\t\t\t\t\t<div id=\"proximos-eventos\" class=\"elementor-tab-title eael-accordion-header\" tabindex=\"0\" data-tab=\"6\" aria-controls=\"elementor-tab-content-2016\"><span class=\"eael-accordion-tab-title\">Proximos eventos<\/span><span class=\"eael-advanced-accordion-icon-closed\"><i aria-hidden=\"true\" class=\"fa-accordion-icon fas fa-chevron-down\"><\/i><\/span><span class=\"eael-advanced-accordion-icon-opened\"><\/span><\/div><div id=\"elementor-tab-content-2016\" class=\"eael-accordion-content clearfix\" data-tab=\"6\" aria-labelledby=\"proximos-eventos\"><ul><li>XXIII\u00a0<span class=\"il\">Jornadas Nacionales y Latinoamericanas<\/span>\u00a0<span class=\"il\">Actuariales (24 y 25 de octubre de 2022).<\/span><\/li><li>2023 International Congress of Actuaries (28 de mayo a 1\u00ba de junio 2023).\u00a0 Concurrent session: \u201cActuarial Prudential Regulation in health coverages: the role of the actuary (from a LATAM perspective)\u201d.\u00a0\u00a0<a href=\"https:\/\/www.actuaries.asn.au\/microsites\/ica2023\/program\/concurrent-abstracts\">Concurrent abstracts<\/a>.<\/li><\/ul><\/div>\n\t\t\t\t\t<\/div><div class=\"eael-accordion-list\">\n\t\t\t\t\t<div id=\"contacto\" class=\"elementor-tab-title eael-accordion-header\" tabindex=\"0\" data-tab=\"7\" aria-controls=\"elementor-tab-content-2017\"><span class=\"eael-accordion-tab-title\">Contacto<\/span><span class=\"eael-advanced-accordion-icon-closed\"><i aria-hidden=\"true\" class=\"fa-accordion-icon fas fa-chevron-down\"><\/i><\/span><span class=\"eael-advanced-accordion-icon-opened\"><\/span><\/div><div id=\"elementor-tab-content-2017\" class=\"eael-accordion-content clearfix\" data-tab=\"7\" aria-labelledby=\"contacto\"><h6><strong>CENTRO DE INVESTIGACI\u00d3N DEL SEGURO (CEDESE)<\/strong><\/h6><p>Instituto de Investigaciones en Administraci\u00f3n, Contabilidad y M\u00e9todos Cuantitativos para la Gesti\u00f3n |\u00a0Av. C\u00f3rdoba 2122, 2\u00b0 piso, CABA, (C1120AAP), Rep\u00fablica Argentina<\/p><p>Correo electr\u00f3nico:\u00a0<a href=\"mailto:eduardo.melinsky@fce.uba.ar\">eduardo.melinsky@fce.uba.ar<\/a><\/p><\/div>\n\t\t\t\t\t<\/div><\/div>\t\t\t\t<\/div>\n\t\t\t\t<\/div>\n\t\t\t\t\t<\/div>\n\t\t\t\t<\/div>\n\t\t\t\t<\/div>\n\t\t","protected":false},"excerpt":{"rendered":"<p>Inicio El Centro de Investigaci\u00f3n del Seguro, de la Facultad de Ciencias Econ\u00f3micas tiene como prop\u00f3sito promover\u00a0investigaciones y estudios sobre el Mercado Asegurador con el objetivo de difundir los resultados<\/p>\n","protected":false},"author":2,"featured_media":0,"parent":1282,"menu_order":0,"comment_status":"closed","ping_status":"closed","template":"elementor_header_footer","meta":{"footnotes":""},"class_list":["post-1406","page","type-page","status-publish","hentry"],"yoast_head":"<!-- This site is optimized with the Yoast SEO plugin v27.4 - https:\/\/yoast.com\/product\/yoast-seo-wordpress\/ -->\n<title>cedese - Investigaci\u00f3n<\/title>\n<meta name=\"robots\" content=\"index, follow, max-snippet:-1, max-image-preview:large, max-video-preview:-1\" \/>\n<link rel=\"canonical\" href=\"https:\/\/www.economicas.uba.ar\/investigacion\/institutos-y-centros\/cedese\/\" \/>\n<meta property=\"og:locale\" content=\"es_ES\" \/>\n<meta property=\"og:type\" content=\"article\" \/>\n<meta property=\"og:title\" content=\"cedese - Investigaci\u00f3n\" \/>\n<meta property=\"og:description\" content=\"Inicio El Centro de Investigaci\u00f3n del Seguro, de la Facultad de Ciencias Econ\u00f3micas tiene como prop\u00f3sito promover\u00a0investigaciones y estudios sobre el Mercado Asegurador con el objetivo de difundir los resultados\" \/>\n<meta property=\"og:url\" content=\"https:\/\/www.economicas.uba.ar\/investigacion\/institutos-y-centros\/cedese\/\" \/>\n<meta property=\"og:site_name\" content=\"Investigaci\u00f3n\" \/>\n<meta property=\"article:modified_time\" content=\"2026-03-05T14:14:08+00:00\" \/>\n<meta name=\"twitter:card\" content=\"summary_large_image\" \/>\n<meta name=\"twitter:label1\" content=\"Tiempo de lectura\" \/>\n\t<meta name=\"twitter:data1\" content=\"5 minutos\" \/>\n<script type=\"application\/ld+json\" class=\"yoast-schema-graph\">{\"@context\":\"https:\\\/\\\/schema.org\",\"@graph\":[{\"@type\":\"WebPage\",\"@id\":\"https:\\\/\\\/www.economicas.uba.ar\\\/investigacion\\\/institutos-y-centros\\\/cedese\\\/\",\"url\":\"https:\\\/\\\/www.economicas.uba.ar\\\/investigacion\\\/institutos-y-centros\\\/cedese\\\/\",\"name\":\"cedese - Investigaci\u00f3n\",\"isPartOf\":{\"@id\":\"https:\\\/\\\/www.economicas.uba.ar\\\/investigacion\\\/#website\"},\"datePublished\":\"2023-07-25T17:23:37+00:00\",\"dateModified\":\"2026-03-05T14:14:08+00:00\",\"breadcrumb\":{\"@id\":\"https:\\\/\\\/www.economicas.uba.ar\\\/investigacion\\\/institutos-y-centros\\\/cedese\\\/#breadcrumb\"},\"inLanguage\":\"es-AR\",\"potentialAction\":[{\"@type\":\"ReadAction\",\"target\":[\"https:\\\/\\\/www.economicas.uba.ar\\\/investigacion\\\/institutos-y-centros\\\/cedese\\\/\"]}]},{\"@type\":\"BreadcrumbList\",\"@id\":\"https:\\\/\\\/www.economicas.uba.ar\\\/investigacion\\\/institutos-y-centros\\\/cedese\\\/#breadcrumb\",\"itemListElement\":[{\"@type\":\"ListItem\",\"position\":1,\"name\":\"Inicio\",\"item\":\"https:\\\/\\\/www.economicas.uba.ar\\\/investigacion\\\/\"},{\"@type\":\"ListItem\",\"position\":2,\"name\":\"Institutos y centros\",\"item\":\"https:\\\/\\\/www.economicas.uba.ar\\\/investigacion\\\/institutos-y-centros\\\/\"},{\"@type\":\"ListItem\",\"position\":3,\"name\":\"cedese\"}]},{\"@type\":\"WebSite\",\"@id\":\"https:\\\/\\\/www.economicas.uba.ar\\\/investigacion\\\/#website\",\"url\":\"https:\\\/\\\/www.economicas.uba.ar\\\/investigacion\\\/\",\"name\":\"Investigaci\u00f3n FCE\",\"description\":\"\",\"publisher\":{\"@id\":\"https:\\\/\\\/www.economicas.uba.ar\\\/investigacion\\\/#organization\"},\"potentialAction\":[{\"@type\":\"SearchAction\",\"target\":{\"@type\":\"EntryPoint\",\"urlTemplate\":\"https:\\\/\\\/www.economicas.uba.ar\\\/investigacion\\\/?s={search_term_string}\"},\"query-input\":{\"@type\":\"PropertyValueSpecification\",\"valueRequired\":true,\"valueName\":\"search_term_string\"}}],\"inLanguage\":\"es-AR\"},{\"@type\":\"Organization\",\"@id\":\"https:\\\/\\\/www.economicas.uba.ar\\\/investigacion\\\/#organization\",\"name\":\"Investigaci\u00f3n FCE\",\"url\":\"https:\\\/\\\/www.economicas.uba.ar\\\/investigacion\\\/\",\"logo\":{\"@type\":\"ImageObject\",\"inLanguage\":\"es-AR\",\"@id\":\"https:\\\/\\\/www.economicas.uba.ar\\\/investigacion\\\/#\\\/schema\\\/logo\\\/image\\\/\",\"url\":\"https:\\\/\\\/www.economicas.uba.ar\\\/investigacion\\\/wp-content\\\/uploads\\\/logo_2023.png\",\"contentUrl\":\"https:\\\/\\\/www.economicas.uba.ar\\\/investigacion\\\/wp-content\\\/uploads\\\/logo_2023.png\",\"width\":292,\"height\":81,\"caption\":\"Investigaci\u00f3n FCE\"},\"image\":{\"@id\":\"https:\\\/\\\/www.economicas.uba.ar\\\/investigacion\\\/#\\\/schema\\\/logo\\\/image\\\/\"}}]}<\/script>\n<!-- \/ Yoast SEO plugin. -->","yoast_head_json":{"title":"cedese - Investigaci\u00f3n","robots":{"index":"index","follow":"follow","max-snippet":"max-snippet:-1","max-image-preview":"max-image-preview:large","max-video-preview":"max-video-preview:-1"},"canonical":"https:\/\/www.economicas.uba.ar\/investigacion\/institutos-y-centros\/cedese\/","og_locale":"es_ES","og_type":"article","og_title":"cedese - Investigaci\u00f3n","og_description":"Inicio El Centro de Investigaci\u00f3n del Seguro, de la Facultad de Ciencias Econ\u00f3micas tiene como prop\u00f3sito promover\u00a0investigaciones y estudios sobre el Mercado Asegurador con el objetivo de difundir los resultados","og_url":"https:\/\/www.economicas.uba.ar\/investigacion\/institutos-y-centros\/cedese\/","og_site_name":"Investigaci\u00f3n","article_modified_time":"2026-03-05T14:14:08+00:00","twitter_card":"summary_large_image","twitter_misc":{"Tiempo de lectura":"5 minutos"},"schema":{"@context":"https:\/\/schema.org","@graph":[{"@type":"WebPage","@id":"https:\/\/www.economicas.uba.ar\/investigacion\/institutos-y-centros\/cedese\/","url":"https:\/\/www.economicas.uba.ar\/investigacion\/institutos-y-centros\/cedese\/","name":"cedese - Investigaci\u00f3n","isPartOf":{"@id":"https:\/\/www.economicas.uba.ar\/investigacion\/#website"},"datePublished":"2023-07-25T17:23:37+00:00","dateModified":"2026-03-05T14:14:08+00:00","breadcrumb":{"@id":"https:\/\/www.economicas.uba.ar\/investigacion\/institutos-y-centros\/cedese\/#breadcrumb"},"inLanguage":"es-AR","potentialAction":[{"@type":"ReadAction","target":["https:\/\/www.economicas.uba.ar\/investigacion\/institutos-y-centros\/cedese\/"]}]},{"@type":"BreadcrumbList","@id":"https:\/\/www.economicas.uba.ar\/investigacion\/institutos-y-centros\/cedese\/#breadcrumb","itemListElement":[{"@type":"ListItem","position":1,"name":"Inicio","item":"https:\/\/www.economicas.uba.ar\/investigacion\/"},{"@type":"ListItem","position":2,"name":"Institutos y centros","item":"https:\/\/www.economicas.uba.ar\/investigacion\/institutos-y-centros\/"},{"@type":"ListItem","position":3,"name":"cedese"}]},{"@type":"WebSite","@id":"https:\/\/www.economicas.uba.ar\/investigacion\/#website","url":"https:\/\/www.economicas.uba.ar\/investigacion\/","name":"Investigaci\u00f3n FCE","description":"","publisher":{"@id":"https:\/\/www.economicas.uba.ar\/investigacion\/#organization"},"potentialAction":[{"@type":"SearchAction","target":{"@type":"EntryPoint","urlTemplate":"https:\/\/www.economicas.uba.ar\/investigacion\/?s={search_term_string}"},"query-input":{"@type":"PropertyValueSpecification","valueRequired":true,"valueName":"search_term_string"}}],"inLanguage":"es-AR"},{"@type":"Organization","@id":"https:\/\/www.economicas.uba.ar\/investigacion\/#organization","name":"Investigaci\u00f3n FCE","url":"https:\/\/www.economicas.uba.ar\/investigacion\/","logo":{"@type":"ImageObject","inLanguage":"es-AR","@id":"https:\/\/www.economicas.uba.ar\/investigacion\/#\/schema\/logo\/image\/","url":"https:\/\/www.economicas.uba.ar\/investigacion\/wp-content\/uploads\/logo_2023.png","contentUrl":"https:\/\/www.economicas.uba.ar\/investigacion\/wp-content\/uploads\/logo_2023.png","width":292,"height":81,"caption":"Investigaci\u00f3n FCE"},"image":{"@id":"https:\/\/www.economicas.uba.ar\/investigacion\/#\/schema\/logo\/image\/"}}]}},"_links":{"self":[{"href":"https:\/\/www.economicas.uba.ar\/investigacion\/wp-json\/wp\/v2\/pages\/1406","targetHints":{"allow":["GET"]}}],"collection":[{"href":"https:\/\/www.economicas.uba.ar\/investigacion\/wp-json\/wp\/v2\/pages"}],"about":[{"href":"https:\/\/www.economicas.uba.ar\/investigacion\/wp-json\/wp\/v2\/types\/page"}],"author":[{"embeddable":true,"href":"https:\/\/www.economicas.uba.ar\/investigacion\/wp-json\/wp\/v2\/users\/2"}],"replies":[{"embeddable":true,"href":"https:\/\/www.economicas.uba.ar\/investigacion\/wp-json\/wp\/v2\/comments?post=1406"}],"version-history":[{"count":10,"href":"https:\/\/www.economicas.uba.ar\/investigacion\/wp-json\/wp\/v2\/pages\/1406\/revisions"}],"predecessor-version":[{"id":8127,"href":"https:\/\/www.economicas.uba.ar\/investigacion\/wp-json\/wp\/v2\/pages\/1406\/revisions\/8127"}],"up":[{"embeddable":true,"href":"https:\/\/www.economicas.uba.ar\/investigacion\/wp-json\/wp\/v2\/pages\/1282"}],"wp:attachment":[{"href":"https:\/\/www.economicas.uba.ar\/investigacion\/wp-json\/wp\/v2\/media?parent=1406"}],"curies":[{"name":"wp","href":"https:\/\/api.w.org\/{rel}","templated":true}]}}