{"id":1418,"date":"2023-07-25T14:49:22","date_gmt":"2023-07-25T17:49:22","guid":{"rendered":"https:\/\/www.economicas.uba.ar\/investigacion\/?page_id=1418"},"modified":"2026-03-05T13:17:12","modified_gmt":"2026-03-05T16:17:12","slug":"ceheal","status":"publish","type":"page","link":"https:\/\/www.economicas.uba.ar\/investigacion\/institutos-y-centros\/ceheal\/","title":{"rendered":"CEHEAL"},"content":{"rendered":"\t\t<div data-elementor-type=\"wp-page\" data-elementor-id=\"1418\" class=\"elementor elementor-1418\" data-elementor-post-type=\"page\">\n\t\t\t\t<div class=\"elementor-element elementor-element-785d0a7c e-flex e-con-boxed e-con e-parent\" data-id=\"785d0a7c\" data-element_type=\"container\" data-e-type=\"container\">\n\t\t\t\t\t<div class=\"e-con-inner\">\n\t\t\t\t<div class=\"elementor-element elementor-element-7804597d elementor-widget elementor-widget-eael-adv-accordion\" data-id=\"7804597d\" data-element_type=\"widget\" data-e-type=\"widget\" data-widget_type=\"eael-adv-accordion.default\">\n\t\t\t\t<div class=\"elementor-widget-container\">\n\t\t\t\t\t            <div class=\"eael-adv-accordion\" id=\"eael-adv-accordion-7804597d\" data-scroll-on-click=\"no\" data-scroll-speed=\"300\" data-accordion-id=\"7804597d\" data-accordion-type=\"accordion\" data-toogle-speed=\"300\">\n            <div class=\"eael-accordion-list\">\n\t\t\t\t\t<div id=\"inicio\" class=\"elementor-tab-title eael-accordion-header active-default\" tabindex=\"0\" data-tab=\"1\" aria-controls=\"elementor-tab-content-2011\"><span class=\"eael-accordion-tab-title\">Inicio<\/span><span class=\"eael-advanced-accordion-icon-closed\"><i aria-hidden=\"true\" class=\"fa-accordion-icon fas fa-chevron-down\"><\/i><\/span><span class=\"eael-advanced-accordion-icon-opened\"><\/span><\/div><div id=\"elementor-tab-content-2011\" class=\"eael-accordion-content clearfix active-default\" data-tab=\"1\" aria-labelledby=\"inicio\"><div>El 1 de octubre de 2019 se aprob\u00f3 la creaci\u00f3n del \u201cCentro de Estudios de Historia Econ\u00f3mica Argentina y Latinoamericana\u00a0(<a href=\"https:\/\/ceheal.economicas.uba.ar\/\" target=\"_blank\" rel=\"noopener\">CEHEAL<\/a>)\u201d, asociado al Instituto Interdisciplinario de Econom\u00eda Pol\u00edtica de Buenos Aires (IIEP). El equipo de investigaci\u00f3n del centro estar\u00e1 compuesto por el dr. Marcelo Rougier \u2013 como director -, la dra. Florencia Sember, el dr. Juan Odisio, la dra. Luciana Gil, el mag. Pablo julio L\u00f3pez, el prof. V\u00edctor Camilo Mas\u00f3n, la lic. Patricia Jerez, el mag. Mario Raccanello, el mag. Ramiro Covielo y el lic. Omar Bascur.<\/div><div>\u00a0<\/div><div><div>Uno de los objetivos del\u00a0\u00a0CEHEAL\u00a0es aportar al debate sobre la econom\u00eda y el desarrollo econ\u00f3mico argentino y latinoamericano a partir de la investigaci\u00f3n hist\u00f3rica con perspectiva interdisciplinaria. Esta l\u00ednea de estudios viene desarroll\u00e1ndose desde 2004 a trav\u00e9s de varios proyectos de investigaci\u00f3n de la Universidad de Buenos Aires y de CONICET, y desde hace una d\u00e9cada a trav\u00e9s del\u00a0\u00c1rea de Estudios sobre la Industria Argentina y Latinoamericana (AESIAL)\u00a0de la Facultad de Ciencias Econ\u00f3micas de la Universidad de Buenos Aires (FCE-UBA), a trav\u00e9s de un equipo de investigadores, profesores y becarios. La creaci\u00f3n del nuevo Centro se propone consolidar las lineas de trabajo de la AESIAL y ampliar la perspectiva al albergar investigadores formados, en formaci\u00f3n, reci\u00e9n graduados y estudiantes de distintas disciplinas de modo de crear un \u00e1mbito de an\u00e1lisis y de formaci\u00f3n de recursos que permita realizar contribuciones a la discusi\u00f3n de los problemas del desarrollo de la Argentina y Am\u00e9rica Latina desde una perspectiva-interdisciplinaria y de largo plazo.<\/div><div><div>\u00a0<\/div><div>El\u00a0CEHEAL\u00a0busca ser un centro de investigaciones de referencia nacional e internacional en temas de Historia econ\u00f3mica y hacer un aporte en la discusi\u00f3n del pasado y del presente de la Argentina. Para ello, pretende combinar una serie de actividades acad\u00e9micas imbricadas entre s\u00ed. En primer lugar, desarrollar proyectos de investigaci\u00f3n espec\u00edficos de alcance nacional e internacional de \u00edndole individual y grupal, privilegiando el trabajo interdisciplinario. Sus resultados ser\u00e1n expuestos en congresos y seminarios acad\u00e9micos, as\u00ed como a trav\u00e9s de la publicaci\u00f3n de art\u00edculos y libros. En segundo lugar, el centro propiciar\u00e1 de manera decidida la formaci\u00f3n de investigadores a trav\u00e9s de la inserci\u00f3n de becarios y tesistas (de grado y posgrado) en los proyectos de investigaci\u00f3n radicados en el mismo. En tercer lugar, la propuesta de investigaci\u00f3n se complementar\u00e1 con las actividades de difusi\u00f3n y debate por medio de la realizaci\u00f3n de jornadas y eventos espec\u00edficos.<\/div><\/div><\/div><\/div>\n\t\t\t\t\t<\/div><div class=\"eael-accordion-list\">\n\t\t\t\t\t<div id=\"objetivos\" class=\"elementor-tab-title eael-accordion-header\" tabindex=\"0\" data-tab=\"2\" aria-controls=\"elementor-tab-content-2012\"><span class=\"eael-accordion-tab-title\">Objetivos<\/span><span class=\"eael-advanced-accordion-icon-closed\"><i aria-hidden=\"true\" class=\"fa-accordion-icon fas fa-chevron-down\"><\/i><\/span><span class=\"eael-advanced-accordion-icon-opened\"><\/span><\/div><div id=\"elementor-tab-content-2012\" class=\"eael-accordion-content clearfix\" data-tab=\"2\" aria-labelledby=\"objetivos\"><ul><li>Realizar actividades de investigaci\u00f3n, cuyo resultado es el fortalecimiento del trabajo interdisciplinario y de la publicaci\u00f3n de libros, partes de libros y art\u00edculos en diversos \u00e1mbitos acad\u00e9micos de prestigio local e internacional.<\/li><li>Desarrollar proyectos de investigaci\u00f3n espec\u00edficos para ser presentados ante la Universidad y otros organismos locales e internacionales para su aprobaci\u00f3n y financiamiento.<\/li><li>Formar investigadores, especialmente a trav\u00e9s de la direcci\u00f3n de becarios y tesistas.<\/li><li>Organizar eventos de difusi\u00f3n del conocimiento acad\u00e9mico, como las Jornadas de Historia de la Industria y los Servicios.<\/li><li>Impulsar el desarrollo de redes acad\u00e9micas con otros \u00e1mbitos de investigaci\u00f3n, especialmente en el espacio latinoamericano, as\u00ed como potenciar las ya establecidas por el grupo de investigadores.<\/li><li>Editar una revista acad\u00e9mica (H-industria) y una Serie de documentos de trabajos.<\/li><li>Impulsar instancias de formaci\u00f3n de posgrado en Historia Econ\u00f3mica; dictar clases y dirigir tesinas de grado en el marco de la carrera de Econom\u00eda y afines.<\/li><\/ul><\/div>\n\t\t\t\t\t<\/div><\/div>\t\t\t\t<\/div>\n\t\t\t\t<\/div>\n\t\t\t\t\t<\/div>\n\t\t\t\t<\/div>\n\t\t\t\t<\/div>\n\t\t","protected":false},"excerpt":{"rendered":"<p>InicioEl 1 de octubre de 2019 se aprob\u00f3 la creaci\u00f3n del \u201cCentro de Estudios de Historia Econ\u00f3mica Argentina y Latinoamericana\u00a0(CEHEAL)\u201d, asociado al Instituto Interdisciplinario de Econom\u00eda Pol\u00edtica de Buenos Aires<\/p>\n","protected":false},"author":26,"featured_media":0,"parent":1282,"menu_order":0,"comment_status":"closed","ping_status":"closed","template":"elementor_header_footer","meta":{"footnotes":""},"class_list":["post-1418","page","type-page","status-publish","hentry"],"yoast_head":"<!-- This site is optimized with the Yoast SEO plugin v27.4 - https:\/\/yoast.com\/product\/yoast-seo-wordpress\/ -->\n<title>CEHEAL - Investigaci\u00f3n<\/title>\n<meta name=\"robots\" content=\"index, follow, max-snippet:-1, max-image-preview:large, max-video-preview:-1\" \/>\n<link rel=\"canonical\" href=\"https:\/\/www.economicas.uba.ar\/investigacion\/institutos-y-centros\/ceheal\/\" \/>\n<meta property=\"og:locale\" content=\"es_ES\" \/>\n<meta property=\"og:type\" content=\"article\" \/>\n<meta property=\"og:title\" content=\"CEHEAL - Investigaci\u00f3n\" \/>\n<meta property=\"og:description\" content=\"InicioEl 1 de octubre de 2019 se aprob\u00f3 la creaci\u00f3n del \u201cCentro de Estudios de Historia Econ\u00f3mica Argentina y Latinoamericana\u00a0(CEHEAL)\u201d, asociado al Instituto Interdisciplinario de Econom\u00eda Pol\u00edtica de Buenos Aires\" \/>\n<meta property=\"og:url\" content=\"https:\/\/www.economicas.uba.ar\/investigacion\/institutos-y-centros\/ceheal\/\" \/>\n<meta property=\"og:site_name\" content=\"Investigaci\u00f3n\" \/>\n<meta property=\"article:modified_time\" content=\"2026-03-05T16:17:12+00:00\" \/>\n<meta name=\"twitter:card\" content=\"summary_large_image\" \/>\n<meta name=\"twitter:label1\" content=\"Tiempo de lectura\" \/>\n\t<meta name=\"twitter:data1\" content=\"3 minutos\" \/>\n<script type=\"application\/ld+json\" class=\"yoast-schema-graph\">{\"@context\":\"https:\\\/\\\/schema.org\",\"@graph\":[{\"@type\":\"WebPage\",\"@id\":\"https:\\\/\\\/www.economicas.uba.ar\\\/investigacion\\\/institutos-y-centros\\\/ceheal\\\/\",\"url\":\"https:\\\/\\\/www.economicas.uba.ar\\\/investigacion\\\/institutos-y-centros\\\/ceheal\\\/\",\"name\":\"CEHEAL - Investigaci\u00f3n\",\"isPartOf\":{\"@id\":\"https:\\\/\\\/www.economicas.uba.ar\\\/investigacion\\\/#website\"},\"datePublished\":\"2023-07-25T17:49:22+00:00\",\"dateModified\":\"2026-03-05T16:17:12+00:00\",\"breadcrumb\":{\"@id\":\"https:\\\/\\\/www.economicas.uba.ar\\\/investigacion\\\/institutos-y-centros\\\/ceheal\\\/#breadcrumb\"},\"inLanguage\":\"es-AR\",\"potentialAction\":[{\"@type\":\"ReadAction\",\"target\":[\"https:\\\/\\\/www.economicas.uba.ar\\\/investigacion\\\/institutos-y-centros\\\/ceheal\\\/\"]}]},{\"@type\":\"BreadcrumbList\",\"@id\":\"https:\\\/\\\/www.economicas.uba.ar\\\/investigacion\\\/institutos-y-centros\\\/ceheal\\\/#breadcrumb\",\"itemListElement\":[{\"@type\":\"ListItem\",\"position\":1,\"name\":\"Inicio\",\"item\":\"https:\\\/\\\/www.economicas.uba.ar\\\/investigacion\\\/\"},{\"@type\":\"ListItem\",\"position\":2,\"name\":\"Institutos y centros\",\"item\":\"https:\\\/\\\/www.economicas.uba.ar\\\/investigacion\\\/institutos-y-centros\\\/\"},{\"@type\":\"ListItem\",\"position\":3,\"name\":\"CEHEAL\"}]},{\"@type\":\"WebSite\",\"@id\":\"https:\\\/\\\/www.economicas.uba.ar\\\/investigacion\\\/#website\",\"url\":\"https:\\\/\\\/www.economicas.uba.ar\\\/investigacion\\\/\",\"name\":\"Investigaci\u00f3n FCE\",\"description\":\"\",\"publisher\":{\"@id\":\"https:\\\/\\\/www.economicas.uba.ar\\\/investigacion\\\/#organization\"},\"potentialAction\":[{\"@type\":\"SearchAction\",\"target\":{\"@type\":\"EntryPoint\",\"urlTemplate\":\"https:\\\/\\\/www.economicas.uba.ar\\\/investigacion\\\/?s={search_term_string}\"},\"query-input\":{\"@type\":\"PropertyValueSpecification\",\"valueRequired\":true,\"valueName\":\"search_term_string\"}}],\"inLanguage\":\"es-AR\"},{\"@type\":\"Organization\",\"@id\":\"https:\\\/\\\/www.economicas.uba.ar\\\/investigacion\\\/#organization\",\"name\":\"Investigaci\u00f3n FCE\",\"url\":\"https:\\\/\\\/www.economicas.uba.ar\\\/investigacion\\\/\",\"logo\":{\"@type\":\"ImageObject\",\"inLanguage\":\"es-AR\",\"@id\":\"https:\\\/\\\/www.economicas.uba.ar\\\/investigacion\\\/#\\\/schema\\\/logo\\\/image\\\/\",\"url\":\"https:\\\/\\\/www.economicas.uba.ar\\\/investigacion\\\/wp-content\\\/uploads\\\/logo_2023.png\",\"contentUrl\":\"https:\\\/\\\/www.economicas.uba.ar\\\/investigacion\\\/wp-content\\\/uploads\\\/logo_2023.png\",\"width\":292,\"height\":81,\"caption\":\"Investigaci\u00f3n FCE\"},\"image\":{\"@id\":\"https:\\\/\\\/www.economicas.uba.ar\\\/investigacion\\\/#\\\/schema\\\/logo\\\/image\\\/\"}}]}<\/script>\n<!-- \/ Yoast SEO plugin. -->","yoast_head_json":{"title":"CEHEAL - Investigaci\u00f3n","robots":{"index":"index","follow":"follow","max-snippet":"max-snippet:-1","max-image-preview":"max-image-preview:large","max-video-preview":"max-video-preview:-1"},"canonical":"https:\/\/www.economicas.uba.ar\/investigacion\/institutos-y-centros\/ceheal\/","og_locale":"es_ES","og_type":"article","og_title":"CEHEAL - Investigaci\u00f3n","og_description":"InicioEl 1 de octubre de 2019 se aprob\u00f3 la creaci\u00f3n del \u201cCentro de Estudios de Historia Econ\u00f3mica Argentina y Latinoamericana\u00a0(CEHEAL)\u201d, asociado al Instituto Interdisciplinario de Econom\u00eda Pol\u00edtica de Buenos Aires","og_url":"https:\/\/www.economicas.uba.ar\/investigacion\/institutos-y-centros\/ceheal\/","og_site_name":"Investigaci\u00f3n","article_modified_time":"2026-03-05T16:17:12+00:00","twitter_card":"summary_large_image","twitter_misc":{"Tiempo de lectura":"3 minutos"},"schema":{"@context":"https:\/\/schema.org","@graph":[{"@type":"WebPage","@id":"https:\/\/www.economicas.uba.ar\/investigacion\/institutos-y-centros\/ceheal\/","url":"https:\/\/www.economicas.uba.ar\/investigacion\/institutos-y-centros\/ceheal\/","name":"CEHEAL - Investigaci\u00f3n","isPartOf":{"@id":"https:\/\/www.economicas.uba.ar\/investigacion\/#website"},"datePublished":"2023-07-25T17:49:22+00:00","dateModified":"2026-03-05T16:17:12+00:00","breadcrumb":{"@id":"https:\/\/www.economicas.uba.ar\/investigacion\/institutos-y-centros\/ceheal\/#breadcrumb"},"inLanguage":"es-AR","potentialAction":[{"@type":"ReadAction","target":["https:\/\/www.economicas.uba.ar\/investigacion\/institutos-y-centros\/ceheal\/"]}]},{"@type":"BreadcrumbList","@id":"https:\/\/www.economicas.uba.ar\/investigacion\/institutos-y-centros\/ceheal\/#breadcrumb","itemListElement":[{"@type":"ListItem","position":1,"name":"Inicio","item":"https:\/\/www.economicas.uba.ar\/investigacion\/"},{"@type":"ListItem","position":2,"name":"Institutos y centros","item":"https:\/\/www.economicas.uba.ar\/investigacion\/institutos-y-centros\/"},{"@type":"ListItem","position":3,"name":"CEHEAL"}]},{"@type":"WebSite","@id":"https:\/\/www.economicas.uba.ar\/investigacion\/#website","url":"https:\/\/www.economicas.uba.ar\/investigacion\/","name":"Investigaci\u00f3n FCE","description":"","publisher":{"@id":"https:\/\/www.economicas.uba.ar\/investigacion\/#organization"},"potentialAction":[{"@type":"SearchAction","target":{"@type":"EntryPoint","urlTemplate":"https:\/\/www.economicas.uba.ar\/investigacion\/?s={search_term_string}"},"query-input":{"@type":"PropertyValueSpecification","valueRequired":true,"valueName":"search_term_string"}}],"inLanguage":"es-AR"},{"@type":"Organization","@id":"https:\/\/www.economicas.uba.ar\/investigacion\/#organization","name":"Investigaci\u00f3n FCE","url":"https:\/\/www.economicas.uba.ar\/investigacion\/","logo":{"@type":"ImageObject","inLanguage":"es-AR","@id":"https:\/\/www.economicas.uba.ar\/investigacion\/#\/schema\/logo\/image\/","url":"https:\/\/www.economicas.uba.ar\/investigacion\/wp-content\/uploads\/logo_2023.png","contentUrl":"https:\/\/www.economicas.uba.ar\/investigacion\/wp-content\/uploads\/logo_2023.png","width":292,"height":81,"caption":"Investigaci\u00f3n FCE"},"image":{"@id":"https:\/\/www.economicas.uba.ar\/investigacion\/#\/schema\/logo\/image\/"}}]}},"_links":{"self":[{"href":"https:\/\/www.economicas.uba.ar\/investigacion\/wp-json\/wp\/v2\/pages\/1418","targetHints":{"allow":["GET"]}}],"collection":[{"href":"https:\/\/www.economicas.uba.ar\/investigacion\/wp-json\/wp\/v2\/pages"}],"about":[{"href":"https:\/\/www.economicas.uba.ar\/investigacion\/wp-json\/wp\/v2\/types\/page"}],"author":[{"embeddable":true,"href":"https:\/\/www.economicas.uba.ar\/investigacion\/wp-json\/wp\/v2\/users\/26"}],"replies":[{"embeddable":true,"href":"https:\/\/www.economicas.uba.ar\/investigacion\/wp-json\/wp\/v2\/comments?post=1418"}],"version-history":[{"count":13,"href":"https:\/\/www.economicas.uba.ar\/investigacion\/wp-json\/wp\/v2\/pages\/1418\/revisions"}],"predecessor-version":[{"id":8140,"href":"https:\/\/www.economicas.uba.ar\/investigacion\/wp-json\/wp\/v2\/pages\/1418\/revisions\/8140"}],"up":[{"embeddable":true,"href":"https:\/\/www.economicas.uba.ar\/investigacion\/wp-json\/wp\/v2\/pages\/1282"}],"wp:attachment":[{"href":"https:\/\/www.economicas.uba.ar\/investigacion\/wp-json\/wp\/v2\/media?parent=1418"}],"curies":[{"name":"wp","href":"https:\/\/api.w.org\/{rel}","templated":true}]}}