{"id":1423,"date":"2023-07-26T14:01:42","date_gmt":"2023-07-26T17:01:42","guid":{"rendered":"https:\/\/www.economicas.uba.ar\/investigacion\/?page_id=1423"},"modified":"2026-04-23T09:49:06","modified_gmt":"2026-04-23T12:49:06","slug":"ceinladi","status":"publish","type":"page","link":"https:\/\/www.economicas.uba.ar\/investigacion\/institutos-y-centros\/ceinladi\/","title":{"rendered":"CEINLADI"},"content":{"rendered":"\t\t<div data-elementor-type=\"wp-page\" data-elementor-id=\"1423\" class=\"elementor elementor-1423\" data-elementor-post-type=\"page\">\n\t\t\t\t<div class=\"elementor-element elementor-element-785d0a7c e-flex e-con-boxed e-con e-parent\" data-id=\"785d0a7c\" data-element_type=\"container\" data-e-type=\"container\">\n\t\t\t\t\t<div class=\"e-con-inner\">\n\t\t\t\t<div class=\"elementor-element elementor-element-7804597d elementor-widget elementor-widget-eael-adv-accordion\" data-id=\"7804597d\" data-element_type=\"widget\" data-e-type=\"widget\" data-widget_type=\"eael-adv-accordion.default\">\n\t\t\t\t<div class=\"elementor-widget-container\">\n\t\t\t\t\t            <div class=\"eael-adv-accordion\" id=\"eael-adv-accordion-7804597d\" data-scroll-on-click=\"no\" data-scroll-speed=\"300\" data-accordion-id=\"7804597d\" data-accordion-type=\"accordion\" data-toogle-speed=\"300\">\n            <div class=\"eael-accordion-list\">\n\t\t\t\t\t<div id=\"inicio\" class=\"elementor-tab-title eael-accordion-header active-default\" tabindex=\"0\" data-tab=\"1\" aria-controls=\"elementor-tab-content-2011\"><span class=\"eael-accordion-tab-title\">Inicio<\/span><span class=\"eael-advanced-accordion-icon-closed\"><i aria-hidden=\"true\" class=\"fa-accordion-icon fas fa-chevron-down\"><\/i><\/span><span class=\"eael-advanced-accordion-icon-opened\"><i aria-hidden=\"true\" class=\"fa-accordion-icon fas fa-angle-up\"><\/i><\/span><\/div><div id=\"elementor-tab-content-2011\" class=\"eael-accordion-content clearfix active-default\" data-tab=\"1\" aria-labelledby=\"inicio\"><p class=\"font_8\"><span class=\"color_2\">El Centro de Investigaci\u00f3n en Estudios Latinoamericanos para el Desarrollo y la Integraci\u00f3n <a href=\"https:\/\/www.economicas.uba.ar\/investigacion\/wp-content\/uploads\/RCD-2301-CEINLADI-2.pdf\">Res. CD N\u00ba2301<\/a>\u00a0(CEINLADI)\u00a0 tiene como principales objetivos la promoci\u00f3n y difusi\u00f3n de estudios, documentaci\u00f3n e informaci\u00f3n sobre Argentina y dem\u00e1s pa\u00edses de Am\u00e9rica Latina.<\/span><\/p><p class=\"font_8\"><span class=\"color_2\">El car\u00e1cter interdisciplinario de las investigaciones que se llevan a cabo en el CEINLADI pretenden fomentar el an\u00e1lisis integral desde las perspectivas econ\u00f3mica y socio-pol\u00edtica de la regi\u00f3n, y su inserci\u00f3n internacional, con miras a promover nuevos enfoques para el estudio y dise\u00f1o de pol\u00edticas p\u00fablicas que favorezcan el desarrollo y la integraci\u00f3n de nuestros pa\u00edses.<\/span><\/p><\/div>\n\t\t\t\t\t<\/div><div class=\"eael-accordion-list\">\n\t\t\t\t\t<div id=\"quienes-somos\" class=\"elementor-tab-title eael-accordion-header\" tabindex=\"0\" data-tab=\"2\" aria-controls=\"elementor-tab-content-2012\"><span class=\"eael-accordion-tab-title\">\u00bfQuienes somos?<\/span><span class=\"eael-advanced-accordion-icon-closed\"><i aria-hidden=\"true\" class=\"fa-accordion-icon fas fa-chevron-down\"><\/i><\/span><span class=\"eael-advanced-accordion-icon-opened\"><i aria-hidden=\"true\" class=\"fa-accordion-icon fas fa-angle-up\"><\/i><\/span><\/div><div id=\"elementor-tab-content-2012\" class=\"eael-accordion-content clearfix\" data-tab=\"2\" aria-labelledby=\"quienes-somos\"><div id=\"WRchTxt19-ksv\" class=\"txtNew\"><h5>DIRECTORA<\/h5><p>Mar\u00eda de Monserrat LLair\u00f3 \u2013 Profesora Consulta Doctora en Historia Especialista en Historia y Pol\u00edticas Econ\u00f3micas.<\/p><\/div><div id=\"i03zzuxt\" class=\"txtNew\"><h5>\u00a0<\/h5><h5 class=\"font_8\"><span class=\"color_15\">SECRETARIA T\u00c9CNICA<\/span><\/h5><p>Priscila Palacio \u2013 Profesora Doctora en Relaciones Econ\u00f3micas Internacionales. Contador P\u00fablico.<\/p><h5>\u00a0<\/h5><h5 class=\"font_8\"><span class=\"color_15\">INVESTIGADORES FORMADOS\u00a0<\/span><\/h5><ul><li>Cristian Folgar\u00a0<\/li><li>Miguel Guti\u00e9rrez<\/li><li>Bernardo Levy<\/li><li>Mar\u00eda de Monserrat Llair\u00f3<\/li><li>Jorge Ossona<\/li><li>Priscila Palacio<\/li><li>Vanessa Ramirez Quintana<\/li><li><span>Graciela Scavnoe<\/span><\/li><li class=\"font_8\">Rodrigo Soto Bouhier<\/li><\/ul><h5>\u00a0<\/h5><h5 class=\"font_8\"><span class=\"color_15\">INVESTIGADORES EXTERNOS<\/span><\/h5><ul><li class=\"font_8\">Mar\u00eda Alaniz (Facultad de Ciencias de la Comunicaci\u00f3n- Universidad de C\u00f3rdoba)<\/li><li>Natalia BOCCA (Facultad de Ciencias Econ\u00f3micas-UBA)<\/li><li>Leila Devia ( Facultad de Derecho UBA)<\/li><li>Daniel Mili\u00e1 (Facultad de Ciencias Econ\u00f3micas-UBA)<\/li><li>Daniel Stigliano (Univ. Nac. Del Oeste-FCE-UBA)<\/li><\/ul><h5>\u00a0<\/h5><h5>AUXILIARES DE INVESTIGACI\u00d3N Y BECARIOS<\/h5><ul><li>Denise Krumecadyk (PROPAI-FCE-UBA)<\/li><\/ul><h5>\u00a0<\/h5><h5>INVESTIGADORES EN FORMACION<\/h5><ul><li>Maximiliano D\u00b4Orio<\/li><li>Lev Kugaevskiy<\/li><li>Mauro Sartori<\/li><\/ul><h5>\u00a0<\/h5><h5>PROFESORES Y COLABORADORES ACADEMICOS INTERNACIONALES<\/h5><ul><li>Katarzyna Krzywicka (University of Maria Curie-Sklodowska in Lublin (UMCS))<\/li><li>Albene Menezes (Universidad de Bras\u00edlia)<\/li><li>Javier Jover Mart\u00ed (Univ. Castilla-La Mancha)<\/li><li>Efthim\u00eda Pand\u00eds Pavlakis (Universidad Nacional y Kapodistr\u00edaca de Atenas)<\/li><li>C\u00e9sar Ross (Universidad de Santiago de Chile)<\/li><li>H\u00e9ctor Saint Pierre (Universidad Estadual Paulista, Brasil)<\/li><li>Dimitry Rozental (Academia de Ciencias &#8211; Rusia)<\/li><li>Vladimir Davydov, (Instituto Latinoamericano de Mosc\u00fa-Rusia)<\/li><li>Iordan Barbulescu (Escuela Nacional de Estudios Pol\u00edticos y Administrativos Bucarest-Rumania)<\/li><li>Weng Ding (Centro Univesitario de Finanzas y Econom\u00eda-CUFE)<\/li><li>Mehmet Necati Kutlu (Universidad Nac. de Ankara-Turqu\u00eda)<\/li><li>Zeynep Kocer Kayacik\u00a0 (Universidad Nac. de Ankara-Turqu\u00eda)<\/li><li>Roch Little (Universidad del Externado de Colombia)<\/li><li>Mauricio Dimant (Universidad Hebrea de\u00a0 Jerusal\u00e9n)<\/li><li>Bristar M. Cao (Centro de Finanzas y Econom\u00eda, CUFE, China)<\/li><li>Franklyn Holgu\u00edn Hach\u00e9 (Universidad Rca. de Santo Domingo)<\/li><li>Paulino Ernesto Arellanes Jim\u00e9nez\u00a0(Universidad de Puebla-M\u00e9xico)<\/li><li>Gerardo Jes\u00fas Torres Salcido (Universidad Nacional Aut\u00f3noma de M\u00e9xico) M\u00e9xico<\/li><\/ul><\/div><\/div>\n\t\t\t\t\t<\/div><div class=\"eael-accordion-list\">\n\t\t\t\t\t<div id=\"congresos\" class=\"elementor-tab-title eael-accordion-header\" tabindex=\"0\" data-tab=\"3\" aria-controls=\"elementor-tab-content-2013\"><span class=\"eael-accordion-tab-title\">Congresos<\/span><span class=\"eael-advanced-accordion-icon-closed\"><i aria-hidden=\"true\" class=\"fa-accordion-icon fas fa-chevron-down\"><\/i><\/span><span class=\"eael-advanced-accordion-icon-opened\"><i aria-hidden=\"true\" class=\"fa-accordion-icon fas fa-angle-up\"><\/i><\/span><\/div><div id=\"elementor-tab-content-2013\" class=\"eael-accordion-content clearfix\" data-tab=\"3\" aria-labelledby=\"congresos\"><p style=\"text-align: justify\">En el cumplimiento de los objetivos acad\u00e9micos y de investigaci\u00f3n plasmados en los Proyectos de Investigaci\u00f3n del Centro, la difusi\u00f3n de los mismos comenz\u00f3 bajo la modalidad de <em>\u201cSimposios Internacionales<\/em>\u201d, evolucionando luego a <em>\u201cCongresos Internacionales\u201d<\/em>. Estos Congresos se vienen realizando cada dos a\u00f1os, en la sede de la Facultad de Ciencias Econ\u00f3micas de la UBA, desde hace 24 a\u00f1os.<\/p><p style=\"text-align: justify\">El car\u00e1cter interdisciplinario de las investigaciones del CEINLADI, ha propiciado la integraci\u00f3n regional, as\u00ed como internacional.<\/p><p style=\"text-align: justify\">En este sentido, y por la vinculaci\u00f3n con la <strong><em>Federaci\u00f3n Internacional de Estudios sobre Am\u00e9rica Latina y el Caribe-FIEALC<\/em><\/strong>, cuya sede fundacional se encuentra en M\u00e9xico DC, fue elegido el CEINLADI, para organizar el <strong><em>XX CONGRESO INTERNACIONAL de la FIEALC<\/em><\/strong>. Este evento se llev\u00f3 a cabo en el a\u00f1o 2023, destac\u00e1ndose que fue el primer evento internacional presencial que se celebr\u00f3 en la FCE luego de la Pandemia por Covid, y el segundo realizado en Latinoam\u00e9rica, ya que la FIEALC ha venido realizando sus eventos en sedes de Europa y Asia y solo el Congreso Fundacional se realiz\u00f3 en Am\u00e9rica Latina.<\/p><p>(\u00daltimos Congresos):<\/p><ul><li><strong>IX Congreso Internacional sobre Am\u00e9rica Latina y el Caribe<\/strong> \u201cHorizontes y desaf\u00edos en las Relaciones Econ\u00f3micas Internacionales: los cambios tecnol\u00f3gicos y energ\u00e9ticos del S.XXI\u201d. No se realiz\u00f3 en 2024, fue postergado para 2026.<\/li><\/ul><ul><li>*<strong>XX<\/strong> <strong>Congreso Internacional<\/strong> <strong>de la FIEALC:<\/strong> \u201cAm\u00e9rica Latina y su relaci\u00f3n con el mundo. Aproximaciones multidimensionales desde sus or\u00edgenes hasta la nueva realidad global\u201d. <strong>19 al 22 septiembre de 2023<\/strong><\/li><\/ul><p><strong>\u00a0<\/strong><\/p><ul><li><strong>VIII Congreso Internacional sobre Am\u00e9rica Latina y el Caribe<\/strong> \u201cLas Nuevas Amenazas del Siglo XXI: La Seguridad Humana en el contexto Mundial y Regional\u201d. <strong>26 al 28 de octubre de 2022<\/strong><\/li><li><strong>VII Congreso Internacional sobre Am\u00e9rica Latina y el Caribe<\/strong> \u201cLAS NUEVAS PERSPECTIVAS POL\u00cdTICAS, ECON\u00d3MICAS Y SOCIALES DE LA INTEGRACI\u00d3N REGIONAL LATINOAMERICANA: EL ROL DE CHINA Y LA UNI\u00d3N EUROPEA EN UN CONTEXTO CAMBIANTE\u201d.<strong>21 al 23 de octubre de 2020<\/strong><\/li><\/ul><\/div>\n\t\t\t\t\t<\/div><div class=\"eael-accordion-list\">\n\t\t\t\t\t<div id=\"publicaciones\" class=\"elementor-tab-title eael-accordion-header\" tabindex=\"0\" data-tab=\"4\" aria-controls=\"elementor-tab-content-2014\"><span class=\"eael-accordion-tab-title\">Publicaciones<\/span><span class=\"eael-advanced-accordion-icon-closed\"><i aria-hidden=\"true\" class=\"fa-accordion-icon fas fa-chevron-down\"><\/i><\/span><span class=\"eael-advanced-accordion-icon-opened\"><i aria-hidden=\"true\" class=\"fa-accordion-icon fas fa-angle-up\"><\/i><\/span><\/div><div id=\"elementor-tab-content-2014\" class=\"eael-accordion-content clearfix\" data-tab=\"4\" aria-labelledby=\"publicaciones\"><h5><a href=\"https:\/\/ojs.economicas.uba.ar\/LATSUR\">REVISTA LATITUD SUR<\/a><\/h5><p>Latitud Sur es una revista cient\u00edfica que, si bien empez\u00f3 edit\u00e1ndose anualmente, desde 2022 se edita en forma semestral en los meses de julio y diciembre, por el Centro de Investigaciones en Estudios Latinoamericanos para el Desarrollo y la Integraci\u00f3n (CEINLADI), de la Facultad de Ciencias Econ\u00f3micas de la Universidad de Buenos Aires, bajo la direcci\u00f3n general de la Prof. Mar\u00eda de Monserrat Llair\u00f3, la coordinaci\u00f3n de la Prof. Priscila Palacio (Editora cient\u00edfica) y el Consejo Editorial. El primer n\u00famero de Latitud Sur sali\u00f3 a la luz en el a\u00f1o 2006, como un proyecto destinado a facilitar la difusi\u00f3n de conocimientos que se generan producto de las investigaciones del CEINLADI, pero tambi\u00e9n a generar un espacio de publicaci\u00f3n y debate sobre las problem\u00e1ticas econ\u00f3micas, sociales y pol\u00edticas que conciernen a Am\u00e9rica Latina y su inserci\u00f3n internacional. Con este \u00faltimo fin, Latitud Sur recibe publicaciones de profesionales, docentes e investigadores pertenecientes a distintas instituciones acad\u00e9micas, gubernamentales y no gubernamentales, tanto nacionales como extranjeras.<\/p><h5><strong><span style=\"text-decoration: underline\">PROYECTO DE INVESTIGACI\u00d3N<\/span><\/strong><\/h5><p>LA ECONOM\u00cdA POL\u00cdTICA INTERNACIONAL EN EL ABORDAJE DE LAS RESTRICCIONES SOCIOECON\u00d3MICAS ESTRUCTURALES DE ARGENTINA (20112021). AN\u00c1LISIS Y POL\u00cdTICAS PARA IMPULSAR EL DESARROLLO SOSTENIBLE, RELANZANDO LA INICIATIVA ESTRUCTURALISTA LATINOAMERICANA<\/p><p><b><span>Directora Priscila Palacio<\/span><\/b><\/p><p>CONVERGENCIAS Y DIVERGENCIAS DE LAS POL\u00cdTICAS P\u00daBLICAS DEL ESTADO ARGENTINO EN LA INDUSTRIA PETROLERA: FACTORES GEOESTRAT\u00c9GICOS Y MEDIOAMBIENTALES 1952-200.<br \/><b><\/b><\/p><p><b><span>Directora Mar\u00eda de Monserrat Llair\u00f3<\/span><\/b><\/p><p>LAS INSTITUCIONES E INDUSTRIAS CULTURALES COMO FENERADORES DE VALO EN LA PLANIFICACI\u00d3N PARA EL DESARROLLO TERRITORIAL. ESTUDIOS DE LOS PROCESOS DE GESTI\u00d3N TERRITORIAL EN LA POSPANDEMIA (COVID-19)2022&#8243;.<\/p><p><strong>Director Miguel Gutierrez<\/strong><\/p><h5><span style=\"text-decoration: underline\">OTRAS PUBLICACIONES<\/span><\/h5><\/div>\n\t\t\t\t\t<\/div><div class=\"eael-accordion-list\">\n\t\t\t\t\t<div id=\"contacto\" class=\"elementor-tab-title eael-accordion-header\" tabindex=\"0\" data-tab=\"5\" aria-controls=\"elementor-tab-content-2015\"><span class=\"eael-accordion-tab-title\">Contacto<\/span><span class=\"eael-advanced-accordion-icon-closed\"><i aria-hidden=\"true\" class=\"fa-accordion-icon fas fa-chevron-down\"><\/i><\/span><span class=\"eael-advanced-accordion-icon-opened\"><i aria-hidden=\"true\" class=\"fa-accordion-icon fas fa-angle-up\"><\/i><\/span><\/div><div id=\"elementor-tab-content-2015\" class=\"eael-accordion-content clearfix\" data-tab=\"5\" aria-labelledby=\"contacto\"><h6>Centro de Estudios Latinoamericanos para el Desarrollo y la Integraci\u00f3n (CEINLADI)<\/h6><p>Av. C\u00f3rdoba 2122 \u2013\u00a0Piso 2 (sector Jun\u00edn)\u00a0(C1120AAQ) \u2013 CABA<br \/>Tel: (+54) 11 5285-6915.<span class=\"color_2\"><br \/>Correo electr\u00f3nico: <a href=\"mailto:ceinladi@economicas.uba.ar\">ceinladi@economicas.uba.ar<\/a><\/span><\/p><\/div>\n\t\t\t\t\t<\/div><\/div>\t\t\t\t<\/div>\n\t\t\t\t<\/div>\n\t\t\t\t\t<\/div>\n\t\t\t\t<\/div>\n\t\t\t\t<\/div>\n\t\t","protected":false},"excerpt":{"rendered":"<p>Inicio El Centro de Investigaci\u00f3n en Estudios Latinoamericanos para el Desarrollo y la Integraci\u00f3n Res. CD N\u00ba2301\u00a0(CEINLADI)\u00a0 tiene como principales objetivos la promoci\u00f3n y difusi\u00f3n de estudios, documentaci\u00f3n e informaci\u00f3n<\/p>\n","protected":false},"author":2,"featured_media":0,"parent":1282,"menu_order":0,"comment_status":"closed","ping_status":"closed","template":"elementor_header_footer","meta":{"footnotes":""},"class_list":["post-1423","page","type-page","status-publish","hentry"],"yoast_head":"<!-- This site is optimized with the Yoast SEO plugin v27.4 - https:\/\/yoast.com\/product\/yoast-seo-wordpress\/ -->\n<title>CEINLADI - Investigaci\u00f3n<\/title>\n<meta name=\"robots\" content=\"index, follow, max-snippet:-1, max-image-preview:large, max-video-preview:-1\" \/>\n<link rel=\"canonical\" href=\"https:\/\/www.economicas.uba.ar\/investigacion\/institutos-y-centros\/ceinladi\/\" \/>\n<meta property=\"og:locale\" content=\"es_ES\" \/>\n<meta property=\"og:type\" content=\"article\" \/>\n<meta property=\"og:title\" content=\"CEINLADI - Investigaci\u00f3n\" \/>\n<meta property=\"og:description\" content=\"Inicio El Centro de Investigaci\u00f3n en Estudios Latinoamericanos para el Desarrollo y la Integraci\u00f3n Res. CD N\u00ba2301\u00a0(CEINLADI)\u00a0 tiene como principales objetivos la promoci\u00f3n y difusi\u00f3n de estudios, documentaci\u00f3n e informaci\u00f3n\" \/>\n<meta property=\"og:url\" content=\"https:\/\/www.economicas.uba.ar\/investigacion\/institutos-y-centros\/ceinladi\/\" \/>\n<meta property=\"og:site_name\" content=\"Investigaci\u00f3n\" \/>\n<meta property=\"article:modified_time\" content=\"2026-04-23T12:49:06+00:00\" \/>\n<meta name=\"twitter:card\" content=\"summary_large_image\" \/>\n<meta name=\"twitter:label1\" content=\"Tiempo de lectura\" \/>\n\t<meta name=\"twitter:data1\" content=\"5 minutos\" \/>\n<script type=\"application\/ld+json\" class=\"yoast-schema-graph\">{\"@context\":\"https:\\\/\\\/schema.org\",\"@graph\":[{\"@type\":\"WebPage\",\"@id\":\"https:\\\/\\\/www.economicas.uba.ar\\\/investigacion\\\/institutos-y-centros\\\/ceinladi\\\/\",\"url\":\"https:\\\/\\\/www.economicas.uba.ar\\\/investigacion\\\/institutos-y-centros\\\/ceinladi\\\/\",\"name\":\"CEINLADI - Investigaci\u00f3n\",\"isPartOf\":{\"@id\":\"https:\\\/\\\/www.economicas.uba.ar\\\/investigacion\\\/#website\"},\"datePublished\":\"2023-07-26T17:01:42+00:00\",\"dateModified\":\"2026-04-23T12:49:06+00:00\",\"breadcrumb\":{\"@id\":\"https:\\\/\\\/www.economicas.uba.ar\\\/investigacion\\\/institutos-y-centros\\\/ceinladi\\\/#breadcrumb\"},\"inLanguage\":\"es-AR\",\"potentialAction\":[{\"@type\":\"ReadAction\",\"target\":[\"https:\\\/\\\/www.economicas.uba.ar\\\/investigacion\\\/institutos-y-centros\\\/ceinladi\\\/\"]}]},{\"@type\":\"BreadcrumbList\",\"@id\":\"https:\\\/\\\/www.economicas.uba.ar\\\/investigacion\\\/institutos-y-centros\\\/ceinladi\\\/#breadcrumb\",\"itemListElement\":[{\"@type\":\"ListItem\",\"position\":1,\"name\":\"Inicio\",\"item\":\"https:\\\/\\\/www.economicas.uba.ar\\\/investigacion\\\/\"},{\"@type\":\"ListItem\",\"position\":2,\"name\":\"Institutos y centros\",\"item\":\"https:\\\/\\\/www.economicas.uba.ar\\\/investigacion\\\/institutos-y-centros\\\/\"},{\"@type\":\"ListItem\",\"position\":3,\"name\":\"CEINLADI\"}]},{\"@type\":\"WebSite\",\"@id\":\"https:\\\/\\\/www.economicas.uba.ar\\\/investigacion\\\/#website\",\"url\":\"https:\\\/\\\/www.economicas.uba.ar\\\/investigacion\\\/\",\"name\":\"Investigaci\u00f3n FCE\",\"description\":\"\",\"publisher\":{\"@id\":\"https:\\\/\\\/www.economicas.uba.ar\\\/investigacion\\\/#organization\"},\"potentialAction\":[{\"@type\":\"SearchAction\",\"target\":{\"@type\":\"EntryPoint\",\"urlTemplate\":\"https:\\\/\\\/www.economicas.uba.ar\\\/investigacion\\\/?s={search_term_string}\"},\"query-input\":{\"@type\":\"PropertyValueSpecification\",\"valueRequired\":true,\"valueName\":\"search_term_string\"}}],\"inLanguage\":\"es-AR\"},{\"@type\":\"Organization\",\"@id\":\"https:\\\/\\\/www.economicas.uba.ar\\\/investigacion\\\/#organization\",\"name\":\"Investigaci\u00f3n FCE\",\"url\":\"https:\\\/\\\/www.economicas.uba.ar\\\/investigacion\\\/\",\"logo\":{\"@type\":\"ImageObject\",\"inLanguage\":\"es-AR\",\"@id\":\"https:\\\/\\\/www.economicas.uba.ar\\\/investigacion\\\/#\\\/schema\\\/logo\\\/image\\\/\",\"url\":\"https:\\\/\\\/www.economicas.uba.ar\\\/investigacion\\\/wp-content\\\/uploads\\\/logo_2023.png\",\"contentUrl\":\"https:\\\/\\\/www.economicas.uba.ar\\\/investigacion\\\/wp-content\\\/uploads\\\/logo_2023.png\",\"width\":292,\"height\":81,\"caption\":\"Investigaci\u00f3n FCE\"},\"image\":{\"@id\":\"https:\\\/\\\/www.economicas.uba.ar\\\/investigacion\\\/#\\\/schema\\\/logo\\\/image\\\/\"}}]}<\/script>\n<!-- \/ Yoast SEO plugin. -->","yoast_head_json":{"title":"CEINLADI - Investigaci\u00f3n","robots":{"index":"index","follow":"follow","max-snippet":"max-snippet:-1","max-image-preview":"max-image-preview:large","max-video-preview":"max-video-preview:-1"},"canonical":"https:\/\/www.economicas.uba.ar\/investigacion\/institutos-y-centros\/ceinladi\/","og_locale":"es_ES","og_type":"article","og_title":"CEINLADI - Investigaci\u00f3n","og_description":"Inicio El Centro de Investigaci\u00f3n en Estudios Latinoamericanos para el Desarrollo y la Integraci\u00f3n Res. CD N\u00ba2301\u00a0(CEINLADI)\u00a0 tiene como principales objetivos la promoci\u00f3n y difusi\u00f3n de estudios, documentaci\u00f3n e informaci\u00f3n","og_url":"https:\/\/www.economicas.uba.ar\/investigacion\/institutos-y-centros\/ceinladi\/","og_site_name":"Investigaci\u00f3n","article_modified_time":"2026-04-23T12:49:06+00:00","twitter_card":"summary_large_image","twitter_misc":{"Tiempo de lectura":"5 minutos"},"schema":{"@context":"https:\/\/schema.org","@graph":[{"@type":"WebPage","@id":"https:\/\/www.economicas.uba.ar\/investigacion\/institutos-y-centros\/ceinladi\/","url":"https:\/\/www.economicas.uba.ar\/investigacion\/institutos-y-centros\/ceinladi\/","name":"CEINLADI - Investigaci\u00f3n","isPartOf":{"@id":"https:\/\/www.economicas.uba.ar\/investigacion\/#website"},"datePublished":"2023-07-26T17:01:42+00:00","dateModified":"2026-04-23T12:49:06+00:00","breadcrumb":{"@id":"https:\/\/www.economicas.uba.ar\/investigacion\/institutos-y-centros\/ceinladi\/#breadcrumb"},"inLanguage":"es-AR","potentialAction":[{"@type":"ReadAction","target":["https:\/\/www.economicas.uba.ar\/investigacion\/institutos-y-centros\/ceinladi\/"]}]},{"@type":"BreadcrumbList","@id":"https:\/\/www.economicas.uba.ar\/investigacion\/institutos-y-centros\/ceinladi\/#breadcrumb","itemListElement":[{"@type":"ListItem","position":1,"name":"Inicio","item":"https:\/\/www.economicas.uba.ar\/investigacion\/"},{"@type":"ListItem","position":2,"name":"Institutos y centros","item":"https:\/\/www.economicas.uba.ar\/investigacion\/institutos-y-centros\/"},{"@type":"ListItem","position":3,"name":"CEINLADI"}]},{"@type":"WebSite","@id":"https:\/\/www.economicas.uba.ar\/investigacion\/#website","url":"https:\/\/www.economicas.uba.ar\/investigacion\/","name":"Investigaci\u00f3n FCE","description":"","publisher":{"@id":"https:\/\/www.economicas.uba.ar\/investigacion\/#organization"},"potentialAction":[{"@type":"SearchAction","target":{"@type":"EntryPoint","urlTemplate":"https:\/\/www.economicas.uba.ar\/investigacion\/?s={search_term_string}"},"query-input":{"@type":"PropertyValueSpecification","valueRequired":true,"valueName":"search_term_string"}}],"inLanguage":"es-AR"},{"@type":"Organization","@id":"https:\/\/www.economicas.uba.ar\/investigacion\/#organization","name":"Investigaci\u00f3n FCE","url":"https:\/\/www.economicas.uba.ar\/investigacion\/","logo":{"@type":"ImageObject","inLanguage":"es-AR","@id":"https:\/\/www.economicas.uba.ar\/investigacion\/#\/schema\/logo\/image\/","url":"https:\/\/www.economicas.uba.ar\/investigacion\/wp-content\/uploads\/logo_2023.png","contentUrl":"https:\/\/www.economicas.uba.ar\/investigacion\/wp-content\/uploads\/logo_2023.png","width":292,"height":81,"caption":"Investigaci\u00f3n FCE"},"image":{"@id":"https:\/\/www.economicas.uba.ar\/investigacion\/#\/schema\/logo\/image\/"}}]}},"_links":{"self":[{"href":"https:\/\/www.economicas.uba.ar\/investigacion\/wp-json\/wp\/v2\/pages\/1423","targetHints":{"allow":["GET"]}}],"collection":[{"href":"https:\/\/www.economicas.uba.ar\/investigacion\/wp-json\/wp\/v2\/pages"}],"about":[{"href":"https:\/\/www.economicas.uba.ar\/investigacion\/wp-json\/wp\/v2\/types\/page"}],"author":[{"embeddable":true,"href":"https:\/\/www.economicas.uba.ar\/investigacion\/wp-json\/wp\/v2\/users\/2"}],"replies":[{"embeddable":true,"href":"https:\/\/www.economicas.uba.ar\/investigacion\/wp-json\/wp\/v2\/comments?post=1423"}],"version-history":[{"count":74,"href":"https:\/\/www.economicas.uba.ar\/investigacion\/wp-json\/wp\/v2\/pages\/1423\/revisions"}],"predecessor-version":[{"id":9497,"href":"https:\/\/www.economicas.uba.ar\/investigacion\/wp-json\/wp\/v2\/pages\/1423\/revisions\/9497"}],"up":[{"embeddable":true,"href":"https:\/\/www.economicas.uba.ar\/investigacion\/wp-json\/wp\/v2\/pages\/1282"}],"wp:attachment":[{"href":"https:\/\/www.economicas.uba.ar\/investigacion\/wp-json\/wp\/v2\/media?parent=1423"}],"curies":[{"name":"wp","href":"https:\/\/api.w.org\/{rel}","templated":true}]}}