{"id":1436,"date":"2023-07-26T15:16:40","date_gmt":"2023-07-26T18:16:40","guid":{"rendered":"https:\/\/www.economicas.uba.ar\/investigacion\/?page_id=1436"},"modified":"2023-07-26T15:18:44","modified_gmt":"2023-07-26T18:18:44","slug":"documentos-de-trabajo","status":"publish","type":"page","link":"https:\/\/www.economicas.uba.ar\/investigacion\/institutos-y-centros\/cenes\/documentos-de-trabajo\/","title":{"rendered":"Documentos de trabajo"},"content":{"rendered":"\t\t<div data-elementor-type=\"wp-page\" data-elementor-id=\"1436\" class=\"elementor elementor-1436\" data-elementor-post-type=\"page\">\n\t\t\t\t<div class=\"elementor-element elementor-element-442f3d0d e-con-full e-flex e-con e-parent\" data-id=\"442f3d0d\" data-element_type=\"container\" data-e-type=\"container\" data-settings=\"{&quot;background_background&quot;:&quot;classic&quot;}\">\n\t\t<div class=\"elementor-element elementor-element-56ba770a e-flex e-con-boxed e-con e-parent\" data-id=\"56ba770a\" data-element_type=\"container\" data-e-type=\"container\">\n\t\t\t\t\t<div class=\"e-con-inner\">\n\t\t\t\t\t<\/div>\n\t\t\t\t<\/div>\n\t\t<div class=\"elementor-element elementor-element-315e7aae e-flex e-con-boxed e-con e-parent\" data-id=\"315e7aae\" data-element_type=\"container\" data-e-type=\"container\">\n\t\t\t\t\t<div class=\"e-con-inner\">\n\t\t\t\t<div class=\"elementor-element elementor-element-3431a0ee elementor-widget elementor-widget-heading\" data-id=\"3431a0ee\" data-element_type=\"widget\" data-e-type=\"widget\" data-widget_type=\"heading.default\">\n\t\t\t\t<div class=\"elementor-widget-container\">\n\t\t\t\t\t<h2 class=\"elementor-heading-title elementor-size-default\">CENES<\/h2>\t\t\t\t<\/div>\n\t\t\t\t<\/div>\n\t\t\t\t\t<\/div>\n\t\t\t\t<\/div>\n\t\t\t\t<\/div>\n\t\t<div class=\"elementor-element elementor-element-785d0a7c e-flex e-con-boxed e-con e-parent\" data-id=\"785d0a7c\" data-element_type=\"container\" data-e-type=\"container\">\n\t\t\t\t\t<div class=\"e-con-inner\">\n\t\t\t\t<div class=\"elementor-element elementor-element-7804597d elementor-widget elementor-widget-eael-adv-accordion\" data-id=\"7804597d\" data-element_type=\"widget\" data-e-type=\"widget\" data-widget_type=\"eael-adv-accordion.default\">\n\t\t\t\t<div class=\"elementor-widget-container\">\n\t\t\t\t\t            <div class=\"eael-adv-accordion\" id=\"eael-adv-accordion-7804597d\" data-scroll-on-click=\"no\" data-scroll-speed=\"300\" data-accordion-id=\"7804597d\" data-accordion-type=\"accordion\" data-toogle-speed=\"300\">\n            <div class=\"eael-accordion-list\">\n\t\t\t\t\t<div id=\"documentos-de-trabajo\" class=\"elementor-tab-title eael-accordion-header active-default\" tabindex=\"0\" data-tab=\"1\" aria-controls=\"elementor-tab-content-2011\"><span class=\"eael-accordion-tab-title\">DOCUMENTOS DE TRABAJO<\/span><span class=\"eael-advanced-accordion-icon-closed\"><i aria-hidden=\"true\" class=\"fa-accordion-icon fas fa-chevron-down\"><\/i><\/span><span class=\"eael-advanced-accordion-icon-opened\"><\/span><\/div><div id=\"elementor-tab-content-2011\" class=\"eael-accordion-content clearfix active-default\" data-tab=\"1\" aria-labelledby=\"documentos-de-trabajo\"><h2>Documentos de trabajo &#8211; CENES<\/h2><p>Paikin, D. (2018) Impacto del multilateralismo indefinido en las relaciones comerciales de Argentina.\u00a0<a href=\"https:\/\/www.academia.edu\/36031742\/Impacto_del_multilateralismo_indefinido_sobre_las_relaciones_comerciales_de_la_Argentina\">Documento de Trabajo CENES Nro 25<\/a><\/p><p>Bekerman, M; Dulcich, F. (2017) Pol\u00edticas productivas en la postconvertibilidad: El caso de Tierrra del Fuego y su comparaci\u00f3n con la zona franca de Manaos de Brasil. Documento de Trabajo CENES Nro 24<\/p><p>Bekerman, M. y Paikin, D. (comp.)\u00a0<a href=\"https:\/\/www.economicas.uba.ar\/wp-content\/uploads\/2016\/03\/Integraci%C3%B3n-productiva-Restricci%C3%B3n-Externa-y-Desarrollo.pdf\">Integraci\u00f3n productiva, Restricci\u00f3n Externa y Desarrollo<\/a>, junto con la Fundaci\u00f3n Friedrich Ebert, 2015<\/p><p>Bekerman, M.; Dulcich, F. y V\u00e1zquez, D. (2014) Restricci\u00f3n externa y dependencia comercial: el caso de la Argentina\u00a0<a href=\"https:\/\/www.economicas.uba.ar\/wp-content\/uploads\/2016\/03\/DOC-CENES-No-23.pdf\">Documento de Trabajo CENES Nro. 23<\/a><\/p><p>Bekerman, M. y Dulcich, F. (2012) Transformaciones recientes en el patr\u00f3n de especializaci\u00f3n de la econom\u00eda argentina.\u00a0<a href=\"https:\/\/www.economicas.uba.ar\/wp-content\/uploads\/2016\/03\/Doc-CENES-No-22-Bekerman-Dulcich.pdf\" target=\"_blank\" rel=\"noopener\">Documento de Trabajo CENES Nro. 22<\/a><\/p><p>Bekerman, M. y Rikap, C. (2011) Caracterizaci\u00f3n de las necesidades de los Microemprendimientos pobres de la Ciudad de Buenos Aires: El caso de los prestatarios de Avanzar.\u00a0\u00a0<a href=\"https:\/\/www.economicas.uba.ar\/wp-content\/uploads\/2016\/03\/CENES21.pdf\" target=\"_blank\" rel=\"noopener\">Documento de Trabajo CENES Nro. 21<\/a><\/p><p>Bekerman, M. y Dalmasso, G.\u00a0 (2010)\u00a0 Pol\u00edtica Econ\u00f3mica y Asimetr\u00edas Productivas en Argentina y Brasil.\u00a0 \u00bfC\u00f3mo estamos hoy?.\u00a0<a href=\"https:\/\/www.economicas.uba.ar\/wp-content\/uploads\/2016\/03\/CENES20.pdf\" target=\"_blank\" rel=\"noopener\">Documento de Trabajo CENES Nro. 20<\/a><\/p><p>Bekerman, M., Rikap, C. y Montag\u00fa, H.\u00a0 (2008)\u00a0 Impacto de la integraci\u00f3n sobre la regionalizaci\u00f3n comercial,\u00a0\u00a0 El caso de Argentina y Brasil.\u00a0\u00a0<a href=\"https:\/\/www.economicas.uba.ar\/wp-content\/uploads\/2016\/03\/CENES19.pdf\" target=\"_blank\" rel=\"noopener\">Documento de Trabajo CENES Nro. 19<\/a><\/p><p>Renaud, J. e Iglesias, M. F (2008)\u00a0 El impacto social de las microfinanzas.\u00a0 El caso de Avanzar.\u00a0\u00a0<a href=\"https:\/\/www.economicas.uba.ar\/wp-content\/uploads\/2016\/03\/CENES18.pdf\" target=\"_blank\" rel=\"noopener\">Documento de Trabajo CENES Nro. 18\u00a0<\/a><\/p><p>Bekerman, M. y Montag\u00fa, H. (2007)\u00a0 Transformaciones recientes en el comercio entre Argentina y Brasil: Impacto de los factores macro y microecon\u00f3micos.\u00a0\u00a0<a href=\"https:\/\/www.economicas.uba.ar\/wp-content\/uploads\/2016\/03\/CENES17.pdf\" target=\"_blank\" rel=\"noopener\">Documento de Trabajo CENES Nro. 17<\/a><\/p><p>Bekerman, M. y Cerdeiro, D. (2007)\u00a0 Integraci\u00f3n, crisis y patr\u00f3n de especializaci\u00f3n de la econom\u00eda argentina (1994 \u2013 2005).\u00a0<a href=\"https:\/\/www.economicas.uba.ar\/wp-content\/uploads\/2016\/03\/CENES16.pdf\" target=\"_blank\" rel=\"noopener\">Documento de Trabajo CENES Nro. 16<\/a><\/p><p>Ubfal, D.\u00a0 (2004)\u00a0 El concepto de competitividad.\u00a0 Medici\u00f3n y aplicaci\u00f3n al caso argentino.\u00a0\u00a0<a href=\"https:\/\/www.economicas.uba.ar\/wp-content\/uploads\/2016\/03\/CENES15.pdf\" target=\"_blank\" rel=\"noopener\">Documento de Trabajo CENES Nro. 15<\/a><\/p><p>Bekerman, M. y Ozomek, S.\u00a0 (2003)\u00a0 Microcr\u00e9ditos para sectores de bajos recursos en la Argentina: La experiencia del proyecto Avanzar.\u00a0\u00a0<a href=\"https:\/\/www.economicas.uba.ar\/wp-content\/uploads\/2016\/03\/CENES14.pdf\" target=\"_blank\" rel=\"noopener\">Documento de Trabajo CENES Nro. 14\u00a0<\/a><\/p><p>Bekerman, M. y Cataife, G. (2002)\u00a0 El sector del software en Argentina: Situaci\u00f3n actual y sugerencias de pol\u00edticas.\u00a0\u00a0<a href=\"https:\/\/www.economicas.uba.ar\/wp-content\/uploads\/2016\/03\/CENES12.pdf\" target=\"_blank\" rel=\"noopener\">Documento de Trabajo CENES Nro. 12<\/a><\/p><p>Sirlin, P. (2001)\u00a0 Enfoque tradicional y enfoque integral en pol\u00edtica industrial.\u00a0 Algunas aplicaciones al caso de la Argentina en la d\u00e9cada del noventa.\u00a0\u00a0\u00a0<a href=\"https:\/\/www.economicas.uba.ar\/wp-content\/uploads\/2016\/03\/CENES11.pdf\" target=\"_blank\" rel=\"noopener\">Documento de Trabajo CENES Nro.11\u00a0<\/a><\/p><p>Barrios, A y Hopenhaynm B. (2001)\u00a0 Cambios estructurals en la producc\u00ed\u00f3n agropecuaria argentina 1970-1995.\u00a0\u00a0<a href=\"https:\/\/www.economicas.uba.ar\/wp-content\/uploads\/2016\/03\/CENES10.pdf\" target=\"_blank\" rel=\"noopener\">Documento de Trabajo CENES Nro. 10\u00a0<\/a><\/p><p>Bekerman, M. y Sirlin, P. (1999)\u00a0 Impactos sectoriales del proceso de integraci\u00f3n del Mercosur.\u00a0 Los casos del sector del calzado y del sector farmac\u00e9utico.\u00a0\u00a0<a href=\"https:\/\/www.economicas.uba.ar\/wp-content\/uploads\/2016\/03\/CENES9.pdf\" target=\"_blank\" rel=\"noopener\">Documento de Trabajo CENES Nro. 9\u00a0<\/a><\/p><p>Bekerman, M. y Hopenhayn, B. (1998)\u00a0 La globalizaci\u00f3n econ\u00f3mica y sus dilemas para los pa\u00edses perif\u00e9ricos.\u00a0\u00a0<a href=\"https:\/\/www.economicas.uba.ar\/wp-content\/uploads\/2016\/03\/CENES8.pdf\" target=\"_blank\" rel=\"noopener\">Documento de Trabajo CENES Nro. 8<\/a><\/p><p>Bekerman, M. y Grandes M. (1997)\u00a0 Apertura y crecimiento end\u00f3geno en las econom\u00edas perif\u00e9ricas.\u00a0\u00a0<a href=\"https:\/\/www.economicas.uba.ar\/wp-content\/uploads\/2016\/03\/CENES6.pdf\" target=\"_blank\" rel=\"noopener\">Documento de Trabajo CENES Nro. 6\u00a0<\/a><\/p><p>Bekerman, M. y Sirlin P. (1996-1999)\u00a0 Patr\u00f3n de especializaci\u00f3n y desarrollo de la econom\u00eda argentina.\u00a0<a href=\"https:\/\/www.economicas.uba.ar\/wp-content\/uploads\/2016\/03\/CENES4.pdf\" target=\"_blank\" rel=\"noopener\">Documento de Trabajo CENES Nro. 4<\/a><\/p><p>Bekerman, M.; Sirlin, P. y Streb, M. L. (1995)\u00a0 Pol\u00edtica econ\u00f3mica en experiencias exitosas de Asia.\u00a0 Los casos de Corea del Sur, Taiw\u00e1n, Malasia y Tailandia.\u00a0\u00a0<a href=\"https:\/\/www.economicas.uba.ar\/wp-content\/uploads\/2016\/03\/CENES2.pdf\" target=\"_blank\" rel=\"noopener\">Documeno de Trabajo CENES Nro. 2\u00a0<\/a><\/p><p>Bekerman, M; Sirlin, P. y Streb, M. L. (1995)\u00a0 Las nuevas orientaciones de pol\u00edtica industrial y de promoci\u00f3n de exportaciones en Argentina y Brasil.\u00a0 Asimetr\u00edas y posibilidades de coordinaci\u00f3n.\u00a0\u00a0<a href=\"https:\/\/www.economicas.uba.ar\/wp-content\/uploads\/2016\/03\/CENES1.pdf\" target=\"_blank\" rel=\"noopener\">Documento de Trabajo CENES Nro. 1<\/a><\/p><\/div>\n\t\t\t\t\t<\/div><div class=\"eael-accordion-list\">\n\t\t\t\t\t<div id=\"contacto\" class=\"elementor-tab-title eael-accordion-header\" tabindex=\"0\" data-tab=\"2\" aria-controls=\"elementor-tab-content-2012\"><span class=\"eael-accordion-tab-title\">Contacto<\/span><span class=\"eael-advanced-accordion-icon-closed\"><i aria-hidden=\"true\" class=\"fa-accordion-icon fas fa-chevron-down\"><\/i><\/span><span class=\"eael-advanced-accordion-icon-opened\"><\/span><\/div><div id=\"elementor-tab-content-2012\" class=\"eael-accordion-content clearfix\" data-tab=\"2\" aria-labelledby=\"contacto\"><h6><strong>CENTRO DE ESTUDIOS DE ESTRUCTURA ECON\u00d3MICA (CENES)<\/strong><\/h6><p>Av. C\u00f3rdoba 2122, 1\u00b0 piso, CABA, Rep\u00fablica Argentina.<\/p><p>Tel\u00e9fonos:<\/p><p>Correo electr\u00f3nico:\u00a0<a href=\"mailto:marta.rasso@fce.uba.ar\">marta.rasso@fce.uba.ar<\/a><\/p><\/div>\n\t\t\t\t\t<\/div><\/div>\t\t\t\t<\/div>\n\t\t\t\t<\/div>\n\t\t\t\t\t<\/div>\n\t\t\t\t<\/div>\n\t\t<div class=\"elementor-element elementor-element-49abd3d9 e-flex e-con-boxed e-con e-parent\" data-id=\"49abd3d9\" data-element_type=\"container\" data-e-type=\"container\">\n\t\t\t\t\t<div class=\"e-con-inner\">\n\t\t\t\t<div class=\"elementor-element elementor-element-4db01974 elementor-widget elementor-widget-spacer\" data-id=\"4db01974\" data-element_type=\"widget\" data-e-type=\"widget\" data-widget_type=\"spacer.default\">\n\t\t\t\t<div class=\"elementor-widget-container\">\n\t\t\t\t\t\t\t<div class=\"elementor-spacer\">\n\t\t\t<div class=\"elementor-spacer-inner\"><\/div>\n\t\t<\/div>\n\t\t\t\t\t\t<\/div>\n\t\t\t\t<\/div>\n\t\t\t\t\t<\/div>\n\t\t\t\t<\/div>\n\t\t\t\t<\/div>\n\t\t","protected":false},"excerpt":{"rendered":"<p>CENES DOCUMENTOS DE TRABAJO Documentos de trabajo &#8211; CENES Paikin, D. (2018) Impacto del multilateralismo indefinido en las relaciones comerciales de Argentina.\u00a0Documento de Trabajo CENES Nro 25 Bekerman, M; Dulcich,<\/p>\n","protected":false},"author":2,"featured_media":0,"parent":1429,"menu_order":0,"comment_status":"closed","ping_status":"closed","template":"elementor_header_footer","meta":{"footnotes":""},"class_list":["post-1436","page","type-page","status-publish","hentry"],"yoast_head":"<!-- This site is optimized with the Yoast SEO plugin v27.4 - https:\/\/yoast.com\/product\/yoast-seo-wordpress\/ -->\n<title>Documentos de trabajo - Investigaci\u00f3n<\/title>\n<meta name=\"robots\" content=\"index, follow, max-snippet:-1, max-image-preview:large, max-video-preview:-1\" \/>\n<link rel=\"canonical\" href=\"https:\/\/www.economicas.uba.ar\/investigacion\/institutos-y-centros\/cenes\/documentos-de-trabajo\/\" \/>\n<meta property=\"og:locale\" content=\"es_ES\" \/>\n<meta property=\"og:type\" content=\"article\" \/>\n<meta property=\"og:title\" content=\"Documentos de trabajo - Investigaci\u00f3n\" \/>\n<meta property=\"og:description\" content=\"CENES DOCUMENTOS DE TRABAJO Documentos de trabajo &#8211; CENES Paikin, D. (2018) Impacto del multilateralismo indefinido en las relaciones comerciales de Argentina.\u00a0Documento de Trabajo CENES Nro 25 Bekerman, M; Dulcich,\" \/>\n<meta property=\"og:url\" content=\"https:\/\/www.economicas.uba.ar\/investigacion\/institutos-y-centros\/cenes\/documentos-de-trabajo\/\" \/>\n<meta property=\"og:site_name\" content=\"Investigaci\u00f3n\" \/>\n<meta property=\"article:modified_time\" content=\"2023-07-26T18:18:44+00:00\" \/>\n<meta name=\"twitter:card\" content=\"summary_large_image\" \/>\n<meta name=\"twitter:label1\" content=\"Tiempo de lectura\" \/>\n\t<meta name=\"twitter:data1\" content=\"3 minutos\" \/>\n<script type=\"application\/ld+json\" class=\"yoast-schema-graph\">{\"@context\":\"https:\\\/\\\/schema.org\",\"@graph\":[{\"@type\":\"WebPage\",\"@id\":\"https:\\\/\\\/www.economicas.uba.ar\\\/investigacion\\\/institutos-y-centros\\\/cenes\\\/documentos-de-trabajo\\\/\",\"url\":\"https:\\\/\\\/www.economicas.uba.ar\\\/investigacion\\\/institutos-y-centros\\\/cenes\\\/documentos-de-trabajo\\\/\",\"name\":\"Documentos de trabajo - Investigaci\u00f3n\",\"isPartOf\":{\"@id\":\"https:\\\/\\\/www.economicas.uba.ar\\\/investigacion\\\/#website\"},\"datePublished\":\"2023-07-26T18:16:40+00:00\",\"dateModified\":\"2023-07-26T18:18:44+00:00\",\"breadcrumb\":{\"@id\":\"https:\\\/\\\/www.economicas.uba.ar\\\/investigacion\\\/institutos-y-centros\\\/cenes\\\/documentos-de-trabajo\\\/#breadcrumb\"},\"inLanguage\":\"es-AR\",\"potentialAction\":[{\"@type\":\"ReadAction\",\"target\":[\"https:\\\/\\\/www.economicas.uba.ar\\\/investigacion\\\/institutos-y-centros\\\/cenes\\\/documentos-de-trabajo\\\/\"]}]},{\"@type\":\"BreadcrumbList\",\"@id\":\"https:\\\/\\\/www.economicas.uba.ar\\\/investigacion\\\/institutos-y-centros\\\/cenes\\\/documentos-de-trabajo\\\/#breadcrumb\",\"itemListElement\":[{\"@type\":\"ListItem\",\"position\":1,\"name\":\"Inicio\",\"item\":\"https:\\\/\\\/www.economicas.uba.ar\\\/investigacion\\\/\"},{\"@type\":\"ListItem\",\"position\":2,\"name\":\"Institutos y centros\",\"item\":\"https:\\\/\\\/www.economicas.uba.ar\\\/investigacion\\\/institutos-y-centros\\\/\"},{\"@type\":\"ListItem\",\"position\":3,\"name\":\"CENES\",\"item\":\"https:\\\/\\\/www.economicas.uba.ar\\\/investigacion\\\/institutos-y-centros\\\/cenes\\\/\"},{\"@type\":\"ListItem\",\"position\":4,\"name\":\"Documentos de trabajo\"}]},{\"@type\":\"WebSite\",\"@id\":\"https:\\\/\\\/www.economicas.uba.ar\\\/investigacion\\\/#website\",\"url\":\"https:\\\/\\\/www.economicas.uba.ar\\\/investigacion\\\/\",\"name\":\"Investigaci\u00f3n FCE\",\"description\":\"\",\"publisher\":{\"@id\":\"https:\\\/\\\/www.economicas.uba.ar\\\/investigacion\\\/#organization\"},\"potentialAction\":[{\"@type\":\"SearchAction\",\"target\":{\"@type\":\"EntryPoint\",\"urlTemplate\":\"https:\\\/\\\/www.economicas.uba.ar\\\/investigacion\\\/?s={search_term_string}\"},\"query-input\":{\"@type\":\"PropertyValueSpecification\",\"valueRequired\":true,\"valueName\":\"search_term_string\"}}],\"inLanguage\":\"es-AR\"},{\"@type\":\"Organization\",\"@id\":\"https:\\\/\\\/www.economicas.uba.ar\\\/investigacion\\\/#organization\",\"name\":\"Investigaci\u00f3n FCE\",\"url\":\"https:\\\/\\\/www.economicas.uba.ar\\\/investigacion\\\/\",\"logo\":{\"@type\":\"ImageObject\",\"inLanguage\":\"es-AR\",\"@id\":\"https:\\\/\\\/www.economicas.uba.ar\\\/investigacion\\\/#\\\/schema\\\/logo\\\/image\\\/\",\"url\":\"https:\\\/\\\/www.economicas.uba.ar\\\/investigacion\\\/wp-content\\\/uploads\\\/logo_2023.png\",\"contentUrl\":\"https:\\\/\\\/www.economicas.uba.ar\\\/investigacion\\\/wp-content\\\/uploads\\\/logo_2023.png\",\"width\":292,\"height\":81,\"caption\":\"Investigaci\u00f3n FCE\"},\"image\":{\"@id\":\"https:\\\/\\\/www.economicas.uba.ar\\\/investigacion\\\/#\\\/schema\\\/logo\\\/image\\\/\"}}]}<\/script>\n<!-- \/ Yoast SEO plugin. -->","yoast_head_json":{"title":"Documentos de trabajo - Investigaci\u00f3n","robots":{"index":"index","follow":"follow","max-snippet":"max-snippet:-1","max-image-preview":"max-image-preview:large","max-video-preview":"max-video-preview:-1"},"canonical":"https:\/\/www.economicas.uba.ar\/investigacion\/institutos-y-centros\/cenes\/documentos-de-trabajo\/","og_locale":"es_ES","og_type":"article","og_title":"Documentos de trabajo - Investigaci\u00f3n","og_description":"CENES DOCUMENTOS DE TRABAJO Documentos de trabajo &#8211; CENES Paikin, D. (2018) Impacto del multilateralismo indefinido en las relaciones comerciales de Argentina.\u00a0Documento de Trabajo CENES Nro 25 Bekerman, M; Dulcich,","og_url":"https:\/\/www.economicas.uba.ar\/investigacion\/institutos-y-centros\/cenes\/documentos-de-trabajo\/","og_site_name":"Investigaci\u00f3n","article_modified_time":"2023-07-26T18:18:44+00:00","twitter_card":"summary_large_image","twitter_misc":{"Tiempo de lectura":"3 minutos"},"schema":{"@context":"https:\/\/schema.org","@graph":[{"@type":"WebPage","@id":"https:\/\/www.economicas.uba.ar\/investigacion\/institutos-y-centros\/cenes\/documentos-de-trabajo\/","url":"https:\/\/www.economicas.uba.ar\/investigacion\/institutos-y-centros\/cenes\/documentos-de-trabajo\/","name":"Documentos de trabajo - Investigaci\u00f3n","isPartOf":{"@id":"https:\/\/www.economicas.uba.ar\/investigacion\/#website"},"datePublished":"2023-07-26T18:16:40+00:00","dateModified":"2023-07-26T18:18:44+00:00","breadcrumb":{"@id":"https:\/\/www.economicas.uba.ar\/investigacion\/institutos-y-centros\/cenes\/documentos-de-trabajo\/#breadcrumb"},"inLanguage":"es-AR","potentialAction":[{"@type":"ReadAction","target":["https:\/\/www.economicas.uba.ar\/investigacion\/institutos-y-centros\/cenes\/documentos-de-trabajo\/"]}]},{"@type":"BreadcrumbList","@id":"https:\/\/www.economicas.uba.ar\/investigacion\/institutos-y-centros\/cenes\/documentos-de-trabajo\/#breadcrumb","itemListElement":[{"@type":"ListItem","position":1,"name":"Inicio","item":"https:\/\/www.economicas.uba.ar\/investigacion\/"},{"@type":"ListItem","position":2,"name":"Institutos y centros","item":"https:\/\/www.economicas.uba.ar\/investigacion\/institutos-y-centros\/"},{"@type":"ListItem","position":3,"name":"CENES","item":"https:\/\/www.economicas.uba.ar\/investigacion\/institutos-y-centros\/cenes\/"},{"@type":"ListItem","position":4,"name":"Documentos de trabajo"}]},{"@type":"WebSite","@id":"https:\/\/www.economicas.uba.ar\/investigacion\/#website","url":"https:\/\/www.economicas.uba.ar\/investigacion\/","name":"Investigaci\u00f3n FCE","description":"","publisher":{"@id":"https:\/\/www.economicas.uba.ar\/investigacion\/#organization"},"potentialAction":[{"@type":"SearchAction","target":{"@type":"EntryPoint","urlTemplate":"https:\/\/www.economicas.uba.ar\/investigacion\/?s={search_term_string}"},"query-input":{"@type":"PropertyValueSpecification","valueRequired":true,"valueName":"search_term_string"}}],"inLanguage":"es-AR"},{"@type":"Organization","@id":"https:\/\/www.economicas.uba.ar\/investigacion\/#organization","name":"Investigaci\u00f3n FCE","url":"https:\/\/www.economicas.uba.ar\/investigacion\/","logo":{"@type":"ImageObject","inLanguage":"es-AR","@id":"https:\/\/www.economicas.uba.ar\/investigacion\/#\/schema\/logo\/image\/","url":"https:\/\/www.economicas.uba.ar\/investigacion\/wp-content\/uploads\/logo_2023.png","contentUrl":"https:\/\/www.economicas.uba.ar\/investigacion\/wp-content\/uploads\/logo_2023.png","width":292,"height":81,"caption":"Investigaci\u00f3n FCE"},"image":{"@id":"https:\/\/www.economicas.uba.ar\/investigacion\/#\/schema\/logo\/image\/"}}]}},"_links":{"self":[{"href":"https:\/\/www.economicas.uba.ar\/investigacion\/wp-json\/wp\/v2\/pages\/1436","targetHints":{"allow":["GET"]}}],"collection":[{"href":"https:\/\/www.economicas.uba.ar\/investigacion\/wp-json\/wp\/v2\/pages"}],"about":[{"href":"https:\/\/www.economicas.uba.ar\/investigacion\/wp-json\/wp\/v2\/types\/page"}],"author":[{"embeddable":true,"href":"https:\/\/www.economicas.uba.ar\/investigacion\/wp-json\/wp\/v2\/users\/2"}],"replies":[{"embeddable":true,"href":"https:\/\/www.economicas.uba.ar\/investigacion\/wp-json\/wp\/v2\/comments?post=1436"}],"version-history":[{"count":4,"href":"https:\/\/www.economicas.uba.ar\/investigacion\/wp-json\/wp\/v2\/pages\/1436\/revisions"}],"predecessor-version":[{"id":1440,"href":"https:\/\/www.economicas.uba.ar\/investigacion\/wp-json\/wp\/v2\/pages\/1436\/revisions\/1440"}],"up":[{"embeddable":true,"href":"https:\/\/www.economicas.uba.ar\/investigacion\/wp-json\/wp\/v2\/pages\/1429"}],"wp:attachment":[{"href":"https:\/\/www.economicas.uba.ar\/investigacion\/wp-json\/wp\/v2\/media?parent=1436"}],"curies":[{"name":"wp","href":"https:\/\/api.w.org\/{rel}","templated":true}]}}