{"id":1563,"date":"2023-08-12T10:38:16","date_gmt":"2023-08-12T13:38:16","guid":{"rendered":"https:\/\/www.economicas.uba.ar\/investigacion\/?page_id=1563"},"modified":"2026-03-20T11:03:07","modified_gmt":"2026-03-20T14:03:07","slug":"cics","status":"publish","type":"page","link":"https:\/\/www.economicas.uba.ar\/investigacion\/institutos-y-centros\/cics\/","title":{"rendered":"CICS"},"content":{"rendered":"\t\t<div data-elementor-type=\"wp-page\" data-elementor-id=\"1563\" class=\"elementor elementor-1563\" data-elementor-post-type=\"page\">\n\t\t\t\t<div class=\"elementor-element elementor-element-785d0a7c e-flex e-con-boxed e-con e-parent\" data-id=\"785d0a7c\" data-element_type=\"container\" data-e-type=\"container\">\n\t\t\t\t\t<div class=\"e-con-inner\">\n\t\t\t\t<div class=\"elementor-element elementor-element-7804597d elementor-widget elementor-widget-eael-adv-accordion\" data-id=\"7804597d\" data-element_type=\"widget\" data-e-type=\"widget\" data-widget_type=\"eael-adv-accordion.default\">\n\t\t\t\t<div class=\"elementor-widget-container\">\n\t\t\t\t\t            <div class=\"eael-adv-accordion\" id=\"eael-adv-accordion-7804597d\" data-scroll-on-click=\"no\" data-scroll-speed=\"300\" data-accordion-id=\"7804597d\" data-accordion-type=\"accordion\" data-toogle-speed=\"300\">\n            <div class=\"eael-accordion-list\">\n\t\t\t\t\t<div id=\"inicio\" class=\"elementor-tab-title eael-accordion-header active-default\" tabindex=\"0\" data-tab=\"1\" aria-controls=\"elementor-tab-content-2011\"><span class=\"eael-accordion-tab-title\">Inicio<\/span><span class=\"eael-advanced-accordion-icon-closed\"><i aria-hidden=\"true\" class=\"fa-accordion-icon fas fa-chevron-down\"><\/i><\/span><span class=\"eael-advanced-accordion-icon-opened\"><i aria-hidden=\"true\" class=\"fa-accordion-icon fas fa-angle-up\"><\/i><\/span><\/div><div id=\"elementor-tab-content-2011\" class=\"eael-accordion-content clearfix active-default\" data-tab=\"1\" aria-labelledby=\"inicio\"><p><a href=\"https:\/\/www.economicas.uba.ar\/iadcom\"><img fetchpriority=\"high\" decoding=\"async\" class=\"alignnone size-full wp-image-7920\" src=\"https:\/\/www.economicas.uba.ar\/wp-content\/uploads\/2015\/11\/centro-perteneciente-a-IADCOM.jpg\" sizes=\"(max-width: 840px) 100vw, 840px\" srcset=\"https:\/\/www.economicas.uba.ar\/wp-content\/uploads\/2015\/11\/centro-perteneciente-a-IADCOM.jpg 840w, https:\/\/www.economicas.uba.ar\/wp-content\/uploads\/2015\/11\/centro-perteneciente-a-IADCOM-300x25.jpg 300w, https:\/\/www.economicas.uba.ar\/wp-content\/uploads\/2015\/11\/centro-perteneciente-a-IADCOM-768x65.jpg 768w\" alt=\"\" width=\"840\" height=\"71\" \/><\/a><\/p><p>El Centro de Investigaci\u00f3n en Contabilidad Social (CICS) se ocupa de explicar y normar las tareas de descripci\u00f3n cuantitativa y cualitativa, de la existencia y circulaci\u00f3n de objetos, hechos y personas diversas de cada ente u organismo social y de la proyecci\u00f3n de los mismos en vista al cumplimiento de metas organizacionales a trav\u00e9s de sistemas basados en un conjunto de supuestos b\u00e1sicos y adecuados a cada situaci\u00f3n. Por su parte, consideramos que la Contabilidad Social es aquella que \u201cse ocupa de establecer los costos y los beneficios sociales de los entes p\u00fablicos y privados\u201d.<\/p><h5>DESCARGAS<\/h5><div class=\"rtecenter\"><a href=\"https:\/\/www.economicas.uba.ar\/investigacion\/wp-content\/uploads\/Reglamento-CICS.pdf\">Reglamento \u2013 CICS<\/a><\/div><div>\u00a0<\/div><\/div>\n\t\t\t\t\t<\/div><div class=\"eael-accordion-list\">\n\t\t\t\t\t<div id=\"autoridades\" class=\"elementor-tab-title eael-accordion-header\" tabindex=\"0\" data-tab=\"2\" aria-controls=\"elementor-tab-content-2012\"><span class=\"eael-accordion-tab-title\">Autoridades<\/span><span class=\"eael-advanced-accordion-icon-closed\"><i aria-hidden=\"true\" class=\"fa-accordion-icon fas fa-chevron-down\"><\/i><\/span><span class=\"eael-advanced-accordion-icon-opened\"><i aria-hidden=\"true\" class=\"fa-accordion-icon fas fa-angle-up\"><\/i><\/span><\/div><div id=\"elementor-tab-content-2012\" class=\"eael-accordion-content clearfix\" data-tab=\"2\" aria-labelledby=\"autoridades\"><h6>Directora<\/h6><p>Dra. In\u00e9s Garc\u00eda Fronti\u00a0<a href=\"https:\/\/ar.linkedin.com\/in\/in%C3%A9s-garc%C3%ADa-fronti-07b2a44\" target=\"_blank\" rel=\"noopener\"><img decoding=\"async\" class=\"alignnone\" src=\"https:\/\/ci5.googleusercontent.com\/proxy\/_xRTogiyGhmJMuzb9vo65LMQFuIb8EZu_H6xIdYyBEDzrOr6z2CCala9crXiT22Cn4_pIegBKxfoXE87_wTOzMya95P6WFhilb6vSgm70-OaLKL6JzRjWCoj=s0-d-e1-ft#https:\/\/static.licdn.com\/scds\/common\/u\/img\/webpromo\/btn_in_20x15.png\" alt=\"http:\/\/ar.linkedin.com\/in\/jgarciafronti\/\" width=\"20\" height=\"15\" \/><\/a><\/p><\/div>\n\t\t\t\t\t<\/div><div class=\"eael-accordion-list\">\n\t\t\t\t\t<div id=\"documentos-de-trabajo-de-contabilidad-social\" class=\"elementor-tab-title eael-accordion-header\" tabindex=\"0\" data-tab=\"3\" aria-controls=\"elementor-tab-content-2013\"><span class=\"eael-accordion-tab-title\">Documentos de Trabajo de Contabilidad Social<\/span><span class=\"eael-advanced-accordion-icon-closed\"><i aria-hidden=\"true\" class=\"fa-accordion-icon fas fa-chevron-down\"><\/i><\/span><span class=\"eael-advanced-accordion-icon-opened\"><i aria-hidden=\"true\" class=\"fa-accordion-icon fas fa-angle-up\"><\/i><\/span><\/div><div id=\"elementor-tab-content-2013\" class=\"eael-accordion-content clearfix\" data-tab=\"3\" aria-labelledby=\"documentos-de-trabajo-de-contabilidad-social\"><p><a href=\"http:\/\/bibliotecadigital.econ.uba.ar\/econ\/collection\/contsoc\/browse\/CL2\">Biblioteca Digital FCE<\/a><\/p><p><a href=\"http:\/\/www.latindex.org\/latindex\/ficha?folio=18535\">Documentos de trabajo en Contabilidad Social en Latindex<\/a>\u00a0(no calificada)<\/p><p>ISSN 1851<\/p><p><strong>N\u00fameros Publicados:<\/strong><\/p><ul><li><a href=\"http:\/\/bibliotecadigital.econ.uba.ar\/econ\/collection\/contsoc\/browse\/CL2\/1\">Volumen 1 N\u00famero 1<\/a><\/li><li><a href=\"http:\/\/bibliotecadigital.econ.uba.ar\/econ\/collection\/contsoc\/browse\/CL2\/2\">Volumen 2 N\u00famero 1<\/a><\/li><li><a href=\"http:\/\/bibliotecadigital.econ.uba.ar\/econ\/collection\/contsoc\/browse\/CL2\/3\">Volumen 2 N\u00famero 2<\/a><\/li><li><a href=\"http:\/\/bibliotecadigital.econ.uba.ar\/econ\/collection\/contsoc\/browse\/CL2\/4\">Volumen 3 N\u00famero 1<\/a><\/li><li><a href=\"http:\/\/bibliotecadigital.econ.uba.ar\/econ\/collection\/contsoc\/browse\/CL2\/5\">Volumen 3 N\u00famero 2<\/a><\/li><li><a href=\"http:\/\/bibliotecadigital.econ.uba.ar\/econ\/collection\/contsoc\/browse\/CL2\/6\">Volumen 4 N\u00famero 1<\/a><\/li><li><a href=\"http:\/\/bibliotecadigital.econ.uba.ar\/econ\/collection\/contsoc\/browse\/CL2\/7\">Volumen 4 N\u00famero 2<\/a><\/li><li><a href=\"http:\/\/bibliotecadigital.econ.uba.ar\/econ\/collection\/contsoc\/browse\/CL2\/8\">Volumen 5 N\u00famero 1<\/a><\/li><li><a href=\"http:\/\/bibliotecadigital.econ.uba.ar\/econ\/collection\/contsoc\/browse\/CL2\/9\">Volumen 5 N\u00famero 2<\/a><\/li><li><a href=\"http:\/\/bibliotecadigital.econ.uba.ar\/econ\/collection\/contsoc\/browse\/CL2\/10\">Volumen 6 N\u00famero 1<\/a><\/li><li><a href=\"http:\/\/bibliotecadigital.econ.uba.ar\/econ\/collection\/contsoc\/browse\/CL2\/11\">Volumen 6 N\u00famero 2<\/a><\/li><li><a href=\"http:\/\/bibliotecadigital.econ.uba.ar\/econ\/collection\/contsoc\/browse\/CL2\/12\">Volumen 7 N\u00famero 1<\/a><\/li><li><a href=\"http:\/\/bibliotecadigital.econ.uba.ar\/econ\/collection\/contsoc\/browse\/CL2\/13\">Volumen 8 N\u00famero 1<\/a><\/li><li><a href=\"http:\/\/bibliotecadigital.econ.uba.ar\/econ\/collection\/contsoc\/browse\/CL2\/14\">Volumen 9 N\u00famero 1<\/a><\/li><\/ul><\/div>\n\t\t\t\t\t<\/div><div class=\"eael-accordion-list\">\n\t\t\t\t\t<div id=\"material-audiovisual\" class=\"elementor-tab-title eael-accordion-header\" tabindex=\"0\" data-tab=\"4\" aria-controls=\"elementor-tab-content-2014\"><span class=\"eael-accordion-tab-title\">Material Audiovisual<\/span><span class=\"eael-advanced-accordion-icon-closed\"><i aria-hidden=\"true\" class=\"fa-accordion-icon fas fa-chevron-down\"><\/i><\/span><span class=\"eael-advanced-accordion-icon-opened\"><i aria-hidden=\"true\" class=\"fa-accordion-icon fas fa-angle-up\"><\/i><\/span><\/div><div id=\"elementor-tab-content-2014\" class=\"eael-accordion-content clearfix\" data-tab=\"4\" aria-labelledby=\"material-audiovisual\"><ul><li>Lista de reproducci\u00f3n:<a href=\"https:\/\/www.youtube.com\/playlist?list=PLrbCSgdhrlmuLHTB7dEyrebcxudQOcG7m\">\u00a0La aventura de la investigaci\u00f3n contable: \u00bfSobre qu\u00e9 investigo? \u00bfC\u00f3mo elaboro el plan de investigaci\u00f3n?<\/a><\/li><li><p class=\"title style-scope ytd-video-primary-info-renderer\"><a href=\"https:\/\/www.youtube.com\/watch?v=VXSFR9itCKw\">Reportes integrados. Avances en transparencia organizacional.<\/a><\/p><\/li><\/ul><\/div>\n\t\t\t\t\t<\/div><div class=\"eael-accordion-list\">\n\t\t\t\t\t<div id=\"congresos-jornadas-y-publicaciones\" class=\"elementor-tab-title eael-accordion-header\" tabindex=\"0\" data-tab=\"5\" aria-controls=\"elementor-tab-content-2015\"><span class=\"eael-accordion-tab-title\">Congresos, Jornadas y Publicaciones<\/span><span class=\"eael-advanced-accordion-icon-closed\"><i aria-hidden=\"true\" class=\"fa-accordion-icon fas fa-chevron-down\"><\/i><\/span><span class=\"eael-advanced-accordion-icon-opened\"><i aria-hidden=\"true\" class=\"fa-accordion-icon fas fa-angle-up\"><\/i><\/span><\/div><div id=\"elementor-tab-content-2015\" class=\"eael-accordion-content clearfix\" data-tab=\"5\" aria-labelledby=\"congresos-jornadas-y-publicaciones\"><ul><li>IV Simposio Internacional de Teor\u00eda Contable: Las Obras de Mario Biondi y Rafael Franco Ruiz.\u00a0<a href=\"https:\/\/www.facebook.com\/groups\/2229921388398242\/\"><img decoding=\"async\" src=\"\/Users\/carlos.garciacasella\/Downloads\/Afiche%20IV%20Simposio%202020.pdf\" alt=\"\" \/><\/a>(2021)<\/li><li>III Simposio Internacional de Teor\u00eda Contable: La Obra de Carlos Luis Garc\u00eda Casella (2019)\u00a0<\/li><li>II Simposio Internacional de Teor\u00eda Contable: La Obra de Ant\u00f4nio Lopes de S\u00e1 (2018)\u00a0<\/li><li>I Simposio Internacional de Teor\u00eda Contable: La Obra de Richard Mattessich (2017)\u00a0<a href=\"https:\/\/www.economicas.uba.ar\/investigacion\/wp-content\/uploads\/Io-Simposio-Internacional-de-Teoria-Contable-LA-OBRA-DE-RICHARD-MATTESSICH.pdf\">Actas del Simposio<\/a><\/li><\/ul><\/div>\n\t\t\t\t\t<\/div><div class=\"eael-accordion-list\">\n\t\t\t\t\t<div id=\"investigadores\" class=\"elementor-tab-title eael-accordion-header\" tabindex=\"0\" data-tab=\"6\" aria-controls=\"elementor-tab-content-2016\"><span class=\"eael-accordion-tab-title\">Investigadores<\/span><span class=\"eael-advanced-accordion-icon-closed\"><i aria-hidden=\"true\" class=\"fa-accordion-icon fas fa-chevron-down\"><\/i><\/span><span class=\"eael-advanced-accordion-icon-opened\"><i aria-hidden=\"true\" class=\"fa-accordion-icon fas fa-angle-up\"><\/i><\/span><\/div><div id=\"elementor-tab-content-2016\" class=\"eael-accordion-content clearfix\" data-tab=\"6\" aria-labelledby=\"investigadores\"><h5><strong>INVESTIGADORXS<\/strong><\/h5><p>In\u00e9s Garc\u00eda Fronti \u2013 Dra. en Contabilidad UBA\u00a0<img decoding=\"async\" src=\"https:\/\/www.economicas.uba.ar\/institutos_y_centros\/CICS\/aa\" alt=\"\" \/>\u00a0\u00a0<a href=\"https:\/\/ar.linkedin.com\/in\/in%C3%A9s-garc%C3%ADa-fronti-07b2a44\" target=\"_blank\" rel=\"noopener\"><img decoding=\"async\" class=\"alignnone\" src=\"https:\/\/ci5.googleusercontent.com\/proxy\/_xRTogiyGhmJMuzb9vo65LMQFuIb8EZu_H6xIdYyBEDzrOr6z2CCala9crXiT22Cn4_pIegBKxfoXE87_wTOzMya95P6WFhilb6vSgm70-OaLKL6JzRjWCoj=s0-d-e1-ft#https:\/\/static.licdn.com\/scds\/common\/u\/img\/webpromo\/btn_in_20x15.png\" alt=\"http:\/\/ar.linkedin.com\/in\/jgarciafronti\/\" width=\"20\" height=\"15\" \/><\/a><\/p><p>Cristian Sandez \u2013 Contador P\u00fablico UBA\u00a0<\/p><p>Daniela Pascual \u2013 Dra. en Administraci\u00f3n UCA<\/p><p>Ignacio \u00c1lvarez Lancellotti \u2013 Dr. en Contabilidad UBA<\/p><p>Adolfo Carbal Herrera \u2013 Universidad de Cartagena (Colombia)<\/p><p>Carolina Asuaga \u2013 Universidad de la Rep\u00fablica (Uruguay)<\/p><p>Manuel Cavia \u2013 Universidad de Entre R\u00edos \u2013 Paran\u00e1<\/p><p>Adela Torres \u2013 Estudiante Contador P\u00fablico UBA<\/p><h5><strong>DOCTORANDXS<\/strong><\/h5><p>Pastora Braghini\u00a0 \u2013 UBA \u00c1rea Contabilidad<\/p><p>Francisco Varela \u2013 UBA \u00c1rea Contabilidad<\/p><p>Hern\u00e1n Perotti \u2013 UNR<\/p><h5><strong>MAESTRANDXS<\/strong><\/h5><p>Fernando Portus \u2013 MCI FCE UBA<\/p><p>Germ\u00e1n Vargas \u2013 MCI FCE UBA<\/p><\/div>\n\t\t\t\t\t<\/div><div class=\"eael-accordion-list\">\n\t\t\t\t\t<div id=\"proyectos-de-investigacin\" class=\"elementor-tab-title eael-accordion-header\" tabindex=\"0\" data-tab=\"7\" aria-controls=\"elementor-tab-content-2017\"><span class=\"eael-accordion-tab-title\">Proyectos de Investigaci\u00f3n<\/span><span class=\"eael-advanced-accordion-icon-closed\"><i aria-hidden=\"true\" class=\"fa-accordion-icon fas fa-chevron-down\"><\/i><\/span><span class=\"eael-advanced-accordion-icon-opened\"><i aria-hidden=\"true\" class=\"fa-accordion-icon fas fa-angle-up\"><\/i><\/span><\/div><div id=\"elementor-tab-content-2017\" class=\"eael-accordion-content clearfix\" data-tab=\"7\" aria-labelledby=\"proyectos-de-investigacin\"><h5>PROYECTO DE INVESTIGACI\u00d3N VIGENTE<\/h5><ul><li>UBACyT 2020-2022: Reporting integrado: Posibles respuestas para la medici\u00f3n y revelaci\u00f3n de la sostenibilidad de las organizaciones en Latinoam\u00e9rica<\/li><\/ul><h5>PROYECTOS DE INVESTIGACI\u00d3N ANTERIORES<\/h5><ul><li>UBACyT 2016-2020: Informaci\u00f3n contable sobre desarrollo sostenible en empresas latinoamericanas para la toma de decisiones de\u00a0usuarios externos<\/li><li>UBACyT 2012-2015: Enfoque contable de los impactos ambientales en Argentina (y la agricultura de la Pampa H\u00fameda): Abordaje desde\u00a0el protocolo de Kyoto<\/li><li>UBACyT 2010-2012: Sistemas de contabilidad social y ambiental en el contexto latinoamericano: El caso argentino<\/li><li>UBACYT 2006-2010: Responsabilidad social empresaria: Su medici\u00f3n e informaci\u00f3n a trav\u00e9s de la contabilidad microsocial<\/li><\/ul><\/div>\n\t\t\t\t\t<\/div><div class=\"eael-accordion-list\">\n\t\t\t\t\t<div id=\"contacto\" class=\"elementor-tab-title eael-accordion-header\" tabindex=\"0\" data-tab=\"8\" aria-controls=\"elementor-tab-content-2018\"><span class=\"eael-accordion-tab-title\">Contacto<\/span><span class=\"eael-advanced-accordion-icon-closed\"><i aria-hidden=\"true\" class=\"fa-accordion-icon fas fa-chevron-down\"><\/i><\/span><span class=\"eael-advanced-accordion-icon-opened\"><i aria-hidden=\"true\" class=\"fa-accordion-icon fas fa-angle-up\"><\/i><\/span><\/div><div id=\"elementor-tab-content-2018\" class=\"eael-accordion-content clearfix\" data-tab=\"8\" aria-labelledby=\"contacto\"><h6 class=\"rtecenter\"><strong>Centro de Investigaci\u00f3n en Contabilidad Social<\/strong><\/h6><p class=\"rtecenter\">Av. C\u00f3rdoba 2122-2\u00ba piso (1120), Ciudad Aut\u00f3noma de Buenos Aires,\u00a0Rep\u00fablica Argentina<\/p><p class=\"rtecenter\">Tel\u00e9fono: 5285-6563<\/p><p class=\"rtecenter\">Correo electr\u00f3nico:\u00a0<a href=\"mailto:ifronti@econ.uba.ar\"><u>cesocial@econ.uba.ar<\/u><\/a><\/p><\/div>\n\t\t\t\t\t<\/div><\/div>\t\t\t\t<\/div>\n\t\t\t\t<\/div>\n\t\t\t\t\t<\/div>\n\t\t\t\t<\/div>\n\t\t\t\t<\/div>\n\t\t","protected":false},"excerpt":{"rendered":"<p>Inicio El Centro de Investigaci\u00f3n en Contabilidad Social (CICS) se ocupa de explicar y normar las tareas de descripci\u00f3n cuantitativa y cualitativa, de la existencia y circulaci\u00f3n de objetos, hechos<\/p>\n","protected":false},"author":8,"featured_media":0,"parent":1282,"menu_order":0,"comment_status":"closed","ping_status":"closed","template":"elementor_header_footer","meta":{"footnotes":""},"class_list":["post-1563","page","type-page","status-publish","hentry"],"yoast_head":"<!-- This site is optimized with the Yoast SEO plugin v27.4 - https:\/\/yoast.com\/product\/yoast-seo-wordpress\/ -->\n<title>CICS - Investigaci\u00f3n<\/title>\n<meta name=\"robots\" content=\"index, follow, max-snippet:-1, max-image-preview:large, max-video-preview:-1\" \/>\n<link rel=\"canonical\" href=\"https:\/\/www.economicas.uba.ar\/investigacion\/institutos-y-centros\/cics\/\" \/>\n<meta property=\"og:locale\" content=\"es_ES\" \/>\n<meta property=\"og:type\" content=\"article\" \/>\n<meta property=\"og:title\" content=\"CICS - Investigaci\u00f3n\" \/>\n<meta property=\"og:description\" content=\"Inicio El Centro de Investigaci\u00f3n en Contabilidad Social (CICS) se ocupa de explicar y normar las tareas de descripci\u00f3n cuantitativa y cualitativa, de la existencia y circulaci\u00f3n de objetos, hechos\" \/>\n<meta property=\"og:url\" content=\"https:\/\/www.economicas.uba.ar\/investigacion\/institutos-y-centros\/cics\/\" \/>\n<meta property=\"og:site_name\" content=\"Investigaci\u00f3n\" \/>\n<meta property=\"article:modified_time\" content=\"2026-03-20T14:03:07+00:00\" \/>\n<meta name=\"twitter:card\" content=\"summary_large_image\" \/>\n<meta name=\"twitter:label1\" content=\"Tiempo de lectura\" \/>\n\t<meta name=\"twitter:data1\" content=\"4 minutos\" \/>\n<script type=\"application\/ld+json\" class=\"yoast-schema-graph\">{\"@context\":\"https:\\\/\\\/schema.org\",\"@graph\":[{\"@type\":\"WebPage\",\"@id\":\"https:\\\/\\\/www.economicas.uba.ar\\\/investigacion\\\/institutos-y-centros\\\/cics\\\/\",\"url\":\"https:\\\/\\\/www.economicas.uba.ar\\\/investigacion\\\/institutos-y-centros\\\/cics\\\/\",\"name\":\"CICS - Investigaci\u00f3n\",\"isPartOf\":{\"@id\":\"https:\\\/\\\/www.economicas.uba.ar\\\/investigacion\\\/#website\"},\"primaryImageOfPage\":{\"@id\":\"https:\\\/\\\/www.economicas.uba.ar\\\/investigacion\\\/institutos-y-centros\\\/cics\\\/#primaryimage\"},\"image\":{\"@id\":\"https:\\\/\\\/www.economicas.uba.ar\\\/investigacion\\\/institutos-y-centros\\\/cics\\\/#primaryimage\"},\"thumbnailUrl\":\"https:\\\/\\\/www.economicas.uba.ar\\\/wp-content\\\/uploads\\\/2015\\\/11\\\/centro-perteneciente-a-IADCOM.jpg\",\"datePublished\":\"2023-08-12T13:38:16+00:00\",\"dateModified\":\"2026-03-20T14:03:07+00:00\",\"breadcrumb\":{\"@id\":\"https:\\\/\\\/www.economicas.uba.ar\\\/investigacion\\\/institutos-y-centros\\\/cics\\\/#breadcrumb\"},\"inLanguage\":\"es-AR\",\"potentialAction\":[{\"@type\":\"ReadAction\",\"target\":[\"https:\\\/\\\/www.economicas.uba.ar\\\/investigacion\\\/institutos-y-centros\\\/cics\\\/\"]}]},{\"@type\":\"ImageObject\",\"inLanguage\":\"es-AR\",\"@id\":\"https:\\\/\\\/www.economicas.uba.ar\\\/investigacion\\\/institutos-y-centros\\\/cics\\\/#primaryimage\",\"url\":\"https:\\\/\\\/www.economicas.uba.ar\\\/wp-content\\\/uploads\\\/2015\\\/11\\\/centro-perteneciente-a-IADCOM.jpg\",\"contentUrl\":\"https:\\\/\\\/www.economicas.uba.ar\\\/wp-content\\\/uploads\\\/2015\\\/11\\\/centro-perteneciente-a-IADCOM.jpg\"},{\"@type\":\"BreadcrumbList\",\"@id\":\"https:\\\/\\\/www.economicas.uba.ar\\\/investigacion\\\/institutos-y-centros\\\/cics\\\/#breadcrumb\",\"itemListElement\":[{\"@type\":\"ListItem\",\"position\":1,\"name\":\"Inicio\",\"item\":\"https:\\\/\\\/www.economicas.uba.ar\\\/investigacion\\\/\"},{\"@type\":\"ListItem\",\"position\":2,\"name\":\"Institutos y centros\",\"item\":\"https:\\\/\\\/www.economicas.uba.ar\\\/investigacion\\\/institutos-y-centros\\\/\"},{\"@type\":\"ListItem\",\"position\":3,\"name\":\"CICS\"}]},{\"@type\":\"WebSite\",\"@id\":\"https:\\\/\\\/www.economicas.uba.ar\\\/investigacion\\\/#website\",\"url\":\"https:\\\/\\\/www.economicas.uba.ar\\\/investigacion\\\/\",\"name\":\"Investigaci\u00f3n FCE\",\"description\":\"\",\"publisher\":{\"@id\":\"https:\\\/\\\/www.economicas.uba.ar\\\/investigacion\\\/#organization\"},\"potentialAction\":[{\"@type\":\"SearchAction\",\"target\":{\"@type\":\"EntryPoint\",\"urlTemplate\":\"https:\\\/\\\/www.economicas.uba.ar\\\/investigacion\\\/?s={search_term_string}\"},\"query-input\":{\"@type\":\"PropertyValueSpecification\",\"valueRequired\":true,\"valueName\":\"search_term_string\"}}],\"inLanguage\":\"es-AR\"},{\"@type\":\"Organization\",\"@id\":\"https:\\\/\\\/www.economicas.uba.ar\\\/investigacion\\\/#organization\",\"name\":\"Investigaci\u00f3n FCE\",\"url\":\"https:\\\/\\\/www.economicas.uba.ar\\\/investigacion\\\/\",\"logo\":{\"@type\":\"ImageObject\",\"inLanguage\":\"es-AR\",\"@id\":\"https:\\\/\\\/www.economicas.uba.ar\\\/investigacion\\\/#\\\/schema\\\/logo\\\/image\\\/\",\"url\":\"https:\\\/\\\/www.economicas.uba.ar\\\/investigacion\\\/wp-content\\\/uploads\\\/logo_2023.png\",\"contentUrl\":\"https:\\\/\\\/www.economicas.uba.ar\\\/investigacion\\\/wp-content\\\/uploads\\\/logo_2023.png\",\"width\":292,\"height\":81,\"caption\":\"Investigaci\u00f3n FCE\"},\"image\":{\"@id\":\"https:\\\/\\\/www.economicas.uba.ar\\\/investigacion\\\/#\\\/schema\\\/logo\\\/image\\\/\"}}]}<\/script>\n<!-- \/ Yoast SEO plugin. -->","yoast_head_json":{"title":"CICS - Investigaci\u00f3n","robots":{"index":"index","follow":"follow","max-snippet":"max-snippet:-1","max-image-preview":"max-image-preview:large","max-video-preview":"max-video-preview:-1"},"canonical":"https:\/\/www.economicas.uba.ar\/investigacion\/institutos-y-centros\/cics\/","og_locale":"es_ES","og_type":"article","og_title":"CICS - Investigaci\u00f3n","og_description":"Inicio El Centro de Investigaci\u00f3n en Contabilidad Social (CICS) se ocupa de explicar y normar las tareas de descripci\u00f3n cuantitativa y cualitativa, de la existencia y circulaci\u00f3n de objetos, hechos","og_url":"https:\/\/www.economicas.uba.ar\/investigacion\/institutos-y-centros\/cics\/","og_site_name":"Investigaci\u00f3n","article_modified_time":"2026-03-20T14:03:07+00:00","twitter_card":"summary_large_image","twitter_misc":{"Tiempo de lectura":"4 minutos"},"schema":{"@context":"https:\/\/schema.org","@graph":[{"@type":"WebPage","@id":"https:\/\/www.economicas.uba.ar\/investigacion\/institutos-y-centros\/cics\/","url":"https:\/\/www.economicas.uba.ar\/investigacion\/institutos-y-centros\/cics\/","name":"CICS - Investigaci\u00f3n","isPartOf":{"@id":"https:\/\/www.economicas.uba.ar\/investigacion\/#website"},"primaryImageOfPage":{"@id":"https:\/\/www.economicas.uba.ar\/investigacion\/institutos-y-centros\/cics\/#primaryimage"},"image":{"@id":"https:\/\/www.economicas.uba.ar\/investigacion\/institutos-y-centros\/cics\/#primaryimage"},"thumbnailUrl":"https:\/\/www.economicas.uba.ar\/wp-content\/uploads\/2015\/11\/centro-perteneciente-a-IADCOM.jpg","datePublished":"2023-08-12T13:38:16+00:00","dateModified":"2026-03-20T14:03:07+00:00","breadcrumb":{"@id":"https:\/\/www.economicas.uba.ar\/investigacion\/institutos-y-centros\/cics\/#breadcrumb"},"inLanguage":"es-AR","potentialAction":[{"@type":"ReadAction","target":["https:\/\/www.economicas.uba.ar\/investigacion\/institutos-y-centros\/cics\/"]}]},{"@type":"ImageObject","inLanguage":"es-AR","@id":"https:\/\/www.economicas.uba.ar\/investigacion\/institutos-y-centros\/cics\/#primaryimage","url":"https:\/\/www.economicas.uba.ar\/wp-content\/uploads\/2015\/11\/centro-perteneciente-a-IADCOM.jpg","contentUrl":"https:\/\/www.economicas.uba.ar\/wp-content\/uploads\/2015\/11\/centro-perteneciente-a-IADCOM.jpg"},{"@type":"BreadcrumbList","@id":"https:\/\/www.economicas.uba.ar\/investigacion\/institutos-y-centros\/cics\/#breadcrumb","itemListElement":[{"@type":"ListItem","position":1,"name":"Inicio","item":"https:\/\/www.economicas.uba.ar\/investigacion\/"},{"@type":"ListItem","position":2,"name":"Institutos y centros","item":"https:\/\/www.economicas.uba.ar\/investigacion\/institutos-y-centros\/"},{"@type":"ListItem","position":3,"name":"CICS"}]},{"@type":"WebSite","@id":"https:\/\/www.economicas.uba.ar\/investigacion\/#website","url":"https:\/\/www.economicas.uba.ar\/investigacion\/","name":"Investigaci\u00f3n FCE","description":"","publisher":{"@id":"https:\/\/www.economicas.uba.ar\/investigacion\/#organization"},"potentialAction":[{"@type":"SearchAction","target":{"@type":"EntryPoint","urlTemplate":"https:\/\/www.economicas.uba.ar\/investigacion\/?s={search_term_string}"},"query-input":{"@type":"PropertyValueSpecification","valueRequired":true,"valueName":"search_term_string"}}],"inLanguage":"es-AR"},{"@type":"Organization","@id":"https:\/\/www.economicas.uba.ar\/investigacion\/#organization","name":"Investigaci\u00f3n FCE","url":"https:\/\/www.economicas.uba.ar\/investigacion\/","logo":{"@type":"ImageObject","inLanguage":"es-AR","@id":"https:\/\/www.economicas.uba.ar\/investigacion\/#\/schema\/logo\/image\/","url":"https:\/\/www.economicas.uba.ar\/investigacion\/wp-content\/uploads\/logo_2023.png","contentUrl":"https:\/\/www.economicas.uba.ar\/investigacion\/wp-content\/uploads\/logo_2023.png","width":292,"height":81,"caption":"Investigaci\u00f3n FCE"},"image":{"@id":"https:\/\/www.economicas.uba.ar\/investigacion\/#\/schema\/logo\/image\/"}}]}},"_links":{"self":[{"href":"https:\/\/www.economicas.uba.ar\/investigacion\/wp-json\/wp\/v2\/pages\/1563","targetHints":{"allow":["GET"]}}],"collection":[{"href":"https:\/\/www.economicas.uba.ar\/investigacion\/wp-json\/wp\/v2\/pages"}],"about":[{"href":"https:\/\/www.economicas.uba.ar\/investigacion\/wp-json\/wp\/v2\/types\/page"}],"author":[{"embeddable":true,"href":"https:\/\/www.economicas.uba.ar\/investigacion\/wp-json\/wp\/v2\/users\/8"}],"replies":[{"embeddable":true,"href":"https:\/\/www.economicas.uba.ar\/investigacion\/wp-json\/wp\/v2\/comments?post=1563"}],"version-history":[{"count":25,"href":"https:\/\/www.economicas.uba.ar\/investigacion\/wp-json\/wp\/v2\/pages\/1563\/revisions"}],"predecessor-version":[{"id":8749,"href":"https:\/\/www.economicas.uba.ar\/investigacion\/wp-json\/wp\/v2\/pages\/1563\/revisions\/8749"}],"up":[{"embeddable":true,"href":"https:\/\/www.economicas.uba.ar\/investigacion\/wp-json\/wp\/v2\/pages\/1282"}],"wp:attachment":[{"href":"https:\/\/www.economicas.uba.ar\/investigacion\/wp-json\/wp\/v2\/media?parent=1563"}],"curies":[{"name":"wp","href":"https:\/\/api.w.org\/{rel}","templated":true}]}}