{"id":1587,"date":"2023-08-15T09:38:49","date_gmt":"2023-08-15T12:38:49","guid":{"rendered":"https:\/\/www.economicas.uba.ar\/investigacion\/?page_id=1587"},"modified":"2026-03-05T17:55:43","modified_gmt":"2026-03-05T20:55:43","slug":"ciece","status":"publish","type":"page","link":"https:\/\/www.economicas.uba.ar\/investigacion\/institutos-y-centros\/ciece\/","title":{"rendered":"CIECE"},"content":{"rendered":"\t\t<div data-elementor-type=\"wp-page\" data-elementor-id=\"1587\" class=\"elementor elementor-1587\" data-elementor-post-type=\"page\">\n\t\t\t\t<div class=\"elementor-element elementor-element-785d0a7c e-flex e-con-boxed e-con e-parent\" data-id=\"785d0a7c\" data-element_type=\"container\" data-e-type=\"container\">\n\t\t\t\t\t<div class=\"e-con-inner\">\n\t\t\t\t<div class=\"elementor-element elementor-element-7804597d elementor-widget elementor-widget-eael-adv-accordion\" data-id=\"7804597d\" data-element_type=\"widget\" data-e-type=\"widget\" data-widget_type=\"eael-adv-accordion.default\">\n\t\t\t\t<div class=\"elementor-widget-container\">\n\t\t\t\t\t            <div class=\"eael-adv-accordion\" id=\"eael-adv-accordion-7804597d\" data-scroll-on-click=\"no\" data-scroll-speed=\"300\" data-accordion-id=\"7804597d\" data-accordion-type=\"accordion\" data-toogle-speed=\"300\">\n            <div class=\"eael-accordion-list\">\n\t\t\t\t\t<div id=\"inicio\" class=\"elementor-tab-title eael-accordion-header active-default\" tabindex=\"0\" data-tab=\"1\" aria-controls=\"elementor-tab-content-2011\"><span class=\"eael-accordion-tab-title\">Inicio<\/span><span class=\"eael-advanced-accordion-icon-closed\"><i aria-hidden=\"true\" class=\"fa-accordion-icon fas fa-chevron-down\"><\/i><\/span><span class=\"eael-advanced-accordion-icon-opened\"><\/span><\/div><div id=\"elementor-tab-content-2011\" class=\"eael-accordion-content clearfix active-default\" data-tab=\"1\" aria-labelledby=\"inicio\"><div class=\"rtecenter\"><div class=\"rtecenter\">El\u00a0<strong>CIECE<\/strong>\u00a0es un Centro de Investigaci\u00f3n dependiente del Instituto de Investigaciones Econ\u00f3micas de la Facultad de Ciencias Econ\u00f3micas de la Universidad de Buenos Aires. Fue creado por resoluci\u00f3n del Consejo Directivo, con fecha 24 de junio de 2002. En su reglamento se determinaron los siguientes objetivos:<\/div><div><ul><li class=\"rtejustify\">Contribuir a la formaci\u00f3n de docentes e investigadores especializados<\/li><li class=\"rtejustify\">Dictar cursos y seminarios de especializaci\u00f3n<\/li><li class=\"rtejustify\">Realizar congresos y reuniones cient\u00edficas nacionales e internacionales<\/li><li class=\"rtejustify\">Mantener relaciones cient\u00edficas con entidades similares del pa\u00eds y del extranjero<\/li><li class=\"rtejustify\">Editar publicaciones que recojan la actividad cient\u00edfica del centro y de investigadores de \u00e9sta u otras facultades<\/li><li class=\"rtejustify\">Proyectar y ejecutar trabajos de \u00edndole cient\u00edfica y de inter\u00e9s general<\/li><\/ul><p class=\"rtejustify\"><strong>Sus autoridades y miembros<\/strong>\u00a0son en su mayor\u00eda profesores de la Facultad de Ciencias Econ\u00f3micas de la UBA, y muchos de ellos ense\u00f1an o investigan en otras Facultades de la UBA y en otras Universidades del pa\u00eds y del extranjero. Forman parte de este Centro ocho investigadores categorizados por el Ministerio de Educaci\u00f3n de la Naci\u00f3n, algunos de los cuales tienen carrera en CONICET.<\/p><p class=\"rtejustify\"><strong>Este Centro<\/strong>\u00a0est\u00e1 asociado al Instituto Interdisciplinario de Econom\u00eda Pol\u00edtica de Buenos Aires (IIEP-BAIRES-FCE-UBA). Por otra parte, es\u00a0y ha sido unidad de ejecuci\u00f3n de numerosos proyectos de investigaci\u00f3n financiados por la UBA, el FONCyT y el CONICET, y ha contribuido y contribuye a la formaci\u00f3n de gran n\u00famero de becarios y tesistas de grado y pos-grado.<\/p><p class=\"rtejustify\"><strong>La producci\u00f3n de conocimiento<\/strong>\u00a0de este Centro y su intercambio con otros Centros de Investigaci\u00f3n extranjeros es difundida mediante la publicaci\u00f3n de los Documentos del CIECE, publicaciones especiales, como libros o compilaciones, y a trav\u00e9s de las Jornadas de Epistemolog\u00eda de las Ciencias Econ\u00f3micas, que son organizadas anualmente desde 1995. En dichas Jornadas participan destacados especialistas de nuestro pa\u00eds, Am\u00e9rica y Europa, cuyos trabajos se publican en las Actas de las Jornadas, de periodicidad anual, y en los Documentos del CIECE. Adem\u00e1s, nuestros investigadores asisten y presentan trabajos en encuentros cient\u00edficos nacionales e internacionales. De este modo el CIECE propicia la cooperaci\u00f3n nacional, regional e internacional y la transferencia de conocimientos a la sociedad.<\/p><p class=\"rtejustify\">Aplicando recomendaciones de la Secretar\u00eda de Investigaci\u00f3n y Doctorado ha sido conformado una nueva Comisi\u00f3n Directiva, la cual ha resuelto la aprobaci\u00f3n de un nuevo Reglamento para fijar las condiciones de ingreso al CIECE y las formas de integraci\u00f3n al mismo.<\/p><p>Para Mayor Informaci\u00f3n:\u00a0<a href=\"https:\/\/ciece.economicas.uba.ar\/\">https:\/\/ciece.economicas.uba.ar\/<\/a><\/p><\/div><h5><a href=\"http:\/\/home.econ.uba.ar\/economicas\/sites\/default\/files\/u15\/Reglamento%20del%20CIECE%202014.pdf\" target=\"_blank\" rel=\"noopener\">DESCARGAR REGLAMENTO<\/a><\/h5><\/div><\/div>\n\t\t\t\t\t<\/div><div class=\"eael-accordion-list\">\n\t\t\t\t\t<div id=\"contacto\" class=\"elementor-tab-title eael-accordion-header\" tabindex=\"0\" data-tab=\"2\" aria-controls=\"elementor-tab-content-2012\"><span class=\"eael-accordion-tab-title\">Contacto<\/span><span class=\"eael-advanced-accordion-icon-closed\"><i aria-hidden=\"true\" class=\"fa-accordion-icon fas fa-chevron-down\"><\/i><\/span><span class=\"eael-advanced-accordion-icon-opened\"><\/span><\/div><div id=\"elementor-tab-content-2012\" class=\"eael-accordion-content clearfix\" data-tab=\"2\" aria-labelledby=\"contacto\"><h6><strong>Centro de Investigaciones en Epistemolog\u00eda de las Ciencias Econ\u00f3micas \u2013 CIECE<\/strong><\/h6><p>Facultad de Ciencias Econ\u00f3micas \u2013 Universidad de Buenos Aires<\/p><p>Av. C\u00f3rdoba 2122, 1\u00ba piso, pasillo aula 111 \u2013 CABA<\/p><ul><li>Tel\u00e9fono: (54 11) 5285 6552<\/li><li>Mail CIECE:\u00a0<a href=\"mailto:ciece.fce@fce.uba.ar\">fce@fce.uba.ar<\/a><\/li><li>Mail Jornadas de Epistemolog\u00eda:\u00a0<a href=\"https:\/\/www.economicas.uba.ar\/institutos_y_centros\/ciece\/jece.fce@gmail.com\">jece.fce@gmail.com<\/a><\/li><li>Mail Revista Filosof\u00eda de la Econom\u00eda:\u00a0<a href=\"mailto:filoecon@fce.uba.ar\">filoecon@fce.uba.ar<\/a><\/li><li>Para Mayor Informaci\u00f3n:\u00a0<a href=\"https:\/\/ciece.economicas.uba.ar\/\">https:\/\/ciece.economicas.uba.ar\/<\/a><\/li><\/ul><\/div>\n\t\t\t\t\t<\/div><\/div>\t\t\t\t<\/div>\n\t\t\t\t<\/div>\n\t\t\t\t\t<\/div>\n\t\t\t\t<\/div>\n\t\t\t\t<\/div>\n\t\t","protected":false},"excerpt":{"rendered":"<p>InicioEl\u00a0CIECE\u00a0es un Centro de Investigaci\u00f3n dependiente del Instituto de Investigaciones Econ\u00f3micas de la Facultad de Ciencias Econ\u00f3micas de la Universidad de Buenos Aires. Fue creado por resoluci\u00f3n del Consejo Directivo,<\/p>\n","protected":false},"author":26,"featured_media":0,"parent":1282,"menu_order":0,"comment_status":"closed","ping_status":"closed","template":"elementor_header_footer","meta":{"footnotes":""},"class_list":["post-1587","page","type-page","status-publish","hentry"],"yoast_head":"<!-- This site is optimized with the Yoast SEO plugin v27.4 - https:\/\/yoast.com\/product\/yoast-seo-wordpress\/ -->\n<title>CIECE - Investigaci\u00f3n<\/title>\n<meta name=\"robots\" content=\"index, follow, max-snippet:-1, max-image-preview:large, max-video-preview:-1\" \/>\n<link rel=\"canonical\" href=\"https:\/\/www.economicas.uba.ar\/investigacion\/institutos-y-centros\/ciece\/\" \/>\n<meta property=\"og:locale\" content=\"es_ES\" \/>\n<meta property=\"og:type\" content=\"article\" \/>\n<meta property=\"og:title\" content=\"CIECE - Investigaci\u00f3n\" \/>\n<meta property=\"og:description\" content=\"InicioEl\u00a0CIECE\u00a0es un Centro de Investigaci\u00f3n dependiente del Instituto de Investigaciones Econ\u00f3micas de la Facultad de Ciencias Econ\u00f3micas de la Universidad de Buenos Aires. Fue creado por resoluci\u00f3n del Consejo Directivo,\" \/>\n<meta property=\"og:url\" content=\"https:\/\/www.economicas.uba.ar\/investigacion\/institutos-y-centros\/ciece\/\" \/>\n<meta property=\"og:site_name\" content=\"Investigaci\u00f3n\" \/>\n<meta property=\"article:modified_time\" content=\"2026-03-05T20:55:43+00:00\" \/>\n<meta name=\"twitter:card\" content=\"summary_large_image\" \/>\n<meta name=\"twitter:label1\" content=\"Tiempo de lectura\" \/>\n\t<meta name=\"twitter:data1\" content=\"3 minutos\" \/>\n<script type=\"application\/ld+json\" class=\"yoast-schema-graph\">{\"@context\":\"https:\\\/\\\/schema.org\",\"@graph\":[{\"@type\":\"WebPage\",\"@id\":\"https:\\\/\\\/www.economicas.uba.ar\\\/investigacion\\\/institutos-y-centros\\\/ciece\\\/\",\"url\":\"https:\\\/\\\/www.economicas.uba.ar\\\/investigacion\\\/institutos-y-centros\\\/ciece\\\/\",\"name\":\"CIECE - Investigaci\u00f3n\",\"isPartOf\":{\"@id\":\"https:\\\/\\\/www.economicas.uba.ar\\\/investigacion\\\/#website\"},\"datePublished\":\"2023-08-15T12:38:49+00:00\",\"dateModified\":\"2026-03-05T20:55:43+00:00\",\"breadcrumb\":{\"@id\":\"https:\\\/\\\/www.economicas.uba.ar\\\/investigacion\\\/institutos-y-centros\\\/ciece\\\/#breadcrumb\"},\"inLanguage\":\"es-AR\",\"potentialAction\":[{\"@type\":\"ReadAction\",\"target\":[\"https:\\\/\\\/www.economicas.uba.ar\\\/investigacion\\\/institutos-y-centros\\\/ciece\\\/\"]}]},{\"@type\":\"BreadcrumbList\",\"@id\":\"https:\\\/\\\/www.economicas.uba.ar\\\/investigacion\\\/institutos-y-centros\\\/ciece\\\/#breadcrumb\",\"itemListElement\":[{\"@type\":\"ListItem\",\"position\":1,\"name\":\"Inicio\",\"item\":\"https:\\\/\\\/www.economicas.uba.ar\\\/investigacion\\\/\"},{\"@type\":\"ListItem\",\"position\":2,\"name\":\"Institutos y centros\",\"item\":\"https:\\\/\\\/www.economicas.uba.ar\\\/investigacion\\\/institutos-y-centros\\\/\"},{\"@type\":\"ListItem\",\"position\":3,\"name\":\"CIECE\"}]},{\"@type\":\"WebSite\",\"@id\":\"https:\\\/\\\/www.economicas.uba.ar\\\/investigacion\\\/#website\",\"url\":\"https:\\\/\\\/www.economicas.uba.ar\\\/investigacion\\\/\",\"name\":\"Investigaci\u00f3n FCE\",\"description\":\"\",\"publisher\":{\"@id\":\"https:\\\/\\\/www.economicas.uba.ar\\\/investigacion\\\/#organization\"},\"potentialAction\":[{\"@type\":\"SearchAction\",\"target\":{\"@type\":\"EntryPoint\",\"urlTemplate\":\"https:\\\/\\\/www.economicas.uba.ar\\\/investigacion\\\/?s={search_term_string}\"},\"query-input\":{\"@type\":\"PropertyValueSpecification\",\"valueRequired\":true,\"valueName\":\"search_term_string\"}}],\"inLanguage\":\"es-AR\"},{\"@type\":\"Organization\",\"@id\":\"https:\\\/\\\/www.economicas.uba.ar\\\/investigacion\\\/#organization\",\"name\":\"Investigaci\u00f3n FCE\",\"url\":\"https:\\\/\\\/www.economicas.uba.ar\\\/investigacion\\\/\",\"logo\":{\"@type\":\"ImageObject\",\"inLanguage\":\"es-AR\",\"@id\":\"https:\\\/\\\/www.economicas.uba.ar\\\/investigacion\\\/#\\\/schema\\\/logo\\\/image\\\/\",\"url\":\"https:\\\/\\\/www.economicas.uba.ar\\\/investigacion\\\/wp-content\\\/uploads\\\/logo_2023.png\",\"contentUrl\":\"https:\\\/\\\/www.economicas.uba.ar\\\/investigacion\\\/wp-content\\\/uploads\\\/logo_2023.png\",\"width\":292,\"height\":81,\"caption\":\"Investigaci\u00f3n FCE\"},\"image\":{\"@id\":\"https:\\\/\\\/www.economicas.uba.ar\\\/investigacion\\\/#\\\/schema\\\/logo\\\/image\\\/\"}}]}<\/script>\n<!-- \/ Yoast SEO plugin. -->","yoast_head_json":{"title":"CIECE - Investigaci\u00f3n","robots":{"index":"index","follow":"follow","max-snippet":"max-snippet:-1","max-image-preview":"max-image-preview:large","max-video-preview":"max-video-preview:-1"},"canonical":"https:\/\/www.economicas.uba.ar\/investigacion\/institutos-y-centros\/ciece\/","og_locale":"es_ES","og_type":"article","og_title":"CIECE - Investigaci\u00f3n","og_description":"InicioEl\u00a0CIECE\u00a0es un Centro de Investigaci\u00f3n dependiente del Instituto de Investigaciones Econ\u00f3micas de la Facultad de Ciencias Econ\u00f3micas de la Universidad de Buenos Aires. Fue creado por resoluci\u00f3n del Consejo Directivo,","og_url":"https:\/\/www.economicas.uba.ar\/investigacion\/institutos-y-centros\/ciece\/","og_site_name":"Investigaci\u00f3n","article_modified_time":"2026-03-05T20:55:43+00:00","twitter_card":"summary_large_image","twitter_misc":{"Tiempo de lectura":"3 minutos"},"schema":{"@context":"https:\/\/schema.org","@graph":[{"@type":"WebPage","@id":"https:\/\/www.economicas.uba.ar\/investigacion\/institutos-y-centros\/ciece\/","url":"https:\/\/www.economicas.uba.ar\/investigacion\/institutos-y-centros\/ciece\/","name":"CIECE - Investigaci\u00f3n","isPartOf":{"@id":"https:\/\/www.economicas.uba.ar\/investigacion\/#website"},"datePublished":"2023-08-15T12:38:49+00:00","dateModified":"2026-03-05T20:55:43+00:00","breadcrumb":{"@id":"https:\/\/www.economicas.uba.ar\/investigacion\/institutos-y-centros\/ciece\/#breadcrumb"},"inLanguage":"es-AR","potentialAction":[{"@type":"ReadAction","target":["https:\/\/www.economicas.uba.ar\/investigacion\/institutos-y-centros\/ciece\/"]}]},{"@type":"BreadcrumbList","@id":"https:\/\/www.economicas.uba.ar\/investigacion\/institutos-y-centros\/ciece\/#breadcrumb","itemListElement":[{"@type":"ListItem","position":1,"name":"Inicio","item":"https:\/\/www.economicas.uba.ar\/investigacion\/"},{"@type":"ListItem","position":2,"name":"Institutos y centros","item":"https:\/\/www.economicas.uba.ar\/investigacion\/institutos-y-centros\/"},{"@type":"ListItem","position":3,"name":"CIECE"}]},{"@type":"WebSite","@id":"https:\/\/www.economicas.uba.ar\/investigacion\/#website","url":"https:\/\/www.economicas.uba.ar\/investigacion\/","name":"Investigaci\u00f3n FCE","description":"","publisher":{"@id":"https:\/\/www.economicas.uba.ar\/investigacion\/#organization"},"potentialAction":[{"@type":"SearchAction","target":{"@type":"EntryPoint","urlTemplate":"https:\/\/www.economicas.uba.ar\/investigacion\/?s={search_term_string}"},"query-input":{"@type":"PropertyValueSpecification","valueRequired":true,"valueName":"search_term_string"}}],"inLanguage":"es-AR"},{"@type":"Organization","@id":"https:\/\/www.economicas.uba.ar\/investigacion\/#organization","name":"Investigaci\u00f3n FCE","url":"https:\/\/www.economicas.uba.ar\/investigacion\/","logo":{"@type":"ImageObject","inLanguage":"es-AR","@id":"https:\/\/www.economicas.uba.ar\/investigacion\/#\/schema\/logo\/image\/","url":"https:\/\/www.economicas.uba.ar\/investigacion\/wp-content\/uploads\/logo_2023.png","contentUrl":"https:\/\/www.economicas.uba.ar\/investigacion\/wp-content\/uploads\/logo_2023.png","width":292,"height":81,"caption":"Investigaci\u00f3n FCE"},"image":{"@id":"https:\/\/www.economicas.uba.ar\/investigacion\/#\/schema\/logo\/image\/"}}]}},"_links":{"self":[{"href":"https:\/\/www.economicas.uba.ar\/investigacion\/wp-json\/wp\/v2\/pages\/1587","targetHints":{"allow":["GET"]}}],"collection":[{"href":"https:\/\/www.economicas.uba.ar\/investigacion\/wp-json\/wp\/v2\/pages"}],"about":[{"href":"https:\/\/www.economicas.uba.ar\/investigacion\/wp-json\/wp\/v2\/types\/page"}],"author":[{"embeddable":true,"href":"https:\/\/www.economicas.uba.ar\/investigacion\/wp-json\/wp\/v2\/users\/26"}],"replies":[{"embeddable":true,"href":"https:\/\/www.economicas.uba.ar\/investigacion\/wp-json\/wp\/v2\/comments?post=1587"}],"version-history":[{"count":7,"href":"https:\/\/www.economicas.uba.ar\/investigacion\/wp-json\/wp\/v2\/pages\/1587\/revisions"}],"predecessor-version":[{"id":8211,"href":"https:\/\/www.economicas.uba.ar\/investigacion\/wp-json\/wp\/v2\/pages\/1587\/revisions\/8211"}],"up":[{"embeddable":true,"href":"https:\/\/www.economicas.uba.ar\/investigacion\/wp-json\/wp\/v2\/pages\/1282"}],"wp:attachment":[{"href":"https:\/\/www.economicas.uba.ar\/investigacion\/wp-json\/wp\/v2\/media?parent=1587"}],"curies":[{"name":"wp","href":"https:\/\/api.w.org\/{rel}","templated":true}]}}