{"id":1609,"date":"2023-08-15T10:27:30","date_gmt":"2023-08-15T13:27:30","guid":{"rendered":"https:\/\/www.economicas.uba.ar\/investigacion\/?page_id=1609"},"modified":"2026-03-05T18:36:06","modified_gmt":"2026-03-05T21:36:06","slug":"ciss","status":"publish","type":"page","link":"https:\/\/www.economicas.uba.ar\/investigacion\/institutos-y-centros\/ciss\/","title":{"rendered":"CISS"},"content":{"rendered":"\t\t<div data-elementor-type=\"wp-page\" data-elementor-id=\"1609\" class=\"elementor elementor-1609\" data-elementor-post-type=\"page\">\n\t\t\t\t<div class=\"elementor-element elementor-element-785d0a7c e-flex e-con-boxed e-con e-parent\" data-id=\"785d0a7c\" data-element_type=\"container\" data-e-type=\"container\">\n\t\t\t\t\t<div class=\"e-con-inner\">\n\t\t\t\t<div class=\"elementor-element elementor-element-7804597d elementor-widget elementor-widget-eael-adv-accordion\" data-id=\"7804597d\" data-element_type=\"widget\" data-e-type=\"widget\" data-widget_type=\"eael-adv-accordion.default\">\n\t\t\t\t<div class=\"elementor-widget-container\">\n\t\t\t\t\t            <div class=\"eael-adv-accordion\" id=\"eael-adv-accordion-7804597d\" data-scroll-on-click=\"no\" data-scroll-speed=\"300\" data-accordion-id=\"7804597d\" data-accordion-type=\"accordion\" data-toogle-speed=\"300\">\n            <div class=\"eael-accordion-list\">\n\t\t\t\t\t<div id=\"inicio\" class=\"elementor-tab-title eael-accordion-header active-default\" tabindex=\"0\" data-tab=\"1\" aria-controls=\"elementor-tab-content-2011\"><span class=\"eael-accordion-tab-title\">Inicio<\/span><span class=\"eael-advanced-accordion-icon-closed\"><i aria-hidden=\"true\" class=\"fa-accordion-icon fas fa-chevron-down\"><\/i><\/span><span class=\"eael-advanced-accordion-icon-opened\"><\/span><\/div><div id=\"elementor-tab-content-2011\" class=\"eael-accordion-content clearfix active-default\" data-tab=\"1\" aria-labelledby=\"inicio\"><div class=\"rtecenter\"><div class=\"rtecenter\"><p>El\u00a0<b>Centro de Investigaci\u00f3n de la Seguridad Social (CISS)<\/b>\u00a0da la bienvenida a quienes visitan esta p\u00e1gina y se ofrece para colaborar en todos los temas que tengan como objetivo abordar investigaciones relacionadas con la Seguridad Social, entendiendo este t\u00e9rmino en sentido amplio, o sea como un sistema integrado de normas jur\u00eddicas y medios t\u00e9cnicos encaminados a proteger al hombre de las contingencias de la vida, contingencias que lo afectan en su capacidad para generar ingresos, o bien le significan mayores erogaciones o erogaciones extraordinarias. Para cumplir con tal objetivo el sistema de \u201cSeguridad Social\u201d se vale de los medios t\u00e9cnicos y de un conjunto de normas que le dan legitimidad, ambos aspectos constituyen materia de estudio del Centro. Las contingencias que este Centro aborda, son aquellas a\u00a0las que se encuentra sometido el hombre, o sea:<\/p><ul><li>Vejez, Invalidez y Muerte,<\/li><li>Accidentes y Enfermedades de Trabajo,<\/li><li>Enfermedades y problemas de salud en general no derivados de su actividad laboral,<\/li><li>Desempleo,<\/li><li>Familia (c\u00f3nyuge e hijos),<\/li><li>Distintos aspectos de los problemas de la tercera edad. Los geri\u00e1tricos.<\/li><\/ul><p>La enumeraci\u00f3n anterior no es taxativa ni limitativa en cuanto a temas de investigaci\u00f3n de este Centro, ya que su esfera de acci\u00f3n abarcar\u00e1 todo lo que directa o indirectamente tenga vinculaci\u00f3n con la Seguridad Social, sea desde el \u00e1mbito p\u00fablico o privado. La mencionada tem\u00e1tica ser\u00e1 evaluada desde la \u00f3ptica de la gesti\u00f3n, la contabilidad y la econom\u00eda, vali\u00e9ndonos de la herramienta matem\u00e1tica para la modelizaci\u00f3n y definiciones que as\u00ed lo requieran, sin perder de vista la aleatoriedad que caracteriza los fen\u00f3menos mencionados.<\/p><ul><li><a href=\"https:\/\/www.economicas.uba.ar\/investigacion\/wp-content\/uploads\/Resol-CD-N-1525-07.pdf\" target=\"_blank\" rel=\"noopener\">Resolucion (CD) N\u00ba 1525\/2007 Creaci\u00f3n del CISS<\/a><\/li><\/ul><\/div><\/div><\/div>\n\t\t\t\t\t<\/div><div class=\"eael-accordion-list\">\n\t\t\t\t\t<div id=\"objetivo\" class=\"elementor-tab-title eael-accordion-header\" tabindex=\"0\" data-tab=\"2\" aria-controls=\"elementor-tab-content-2012\"><span class=\"eael-accordion-tab-title\">Objetivo<\/span><span class=\"eael-advanced-accordion-icon-closed\"><i aria-hidden=\"true\" class=\"fa-accordion-icon fas fa-chevron-down\"><\/i><\/span><span class=\"eael-advanced-accordion-icon-opened\"><\/span><\/div><div id=\"elementor-tab-content-2012\" class=\"eael-accordion-content clearfix\" data-tab=\"2\" aria-labelledby=\"objetivo\"><div class=\"rtecenter\"><div class=\"rtecenter\"><p>Objetivos del\u00a0 <b>Centro de Estudios de la Seguridad Social (CESS)<\/b>:<\/p><ul><li>Formar investigadores y realizar seminarios de investigaci\u00f3n.<\/li><li>Brindar servicios y asistencia t\u00e9cnica a la comunidad en materia de Seguridad Social desde la \u00f3ptica de las Ciencias Econ\u00f3micas.<\/li><li>Difundir sus resultados y volcarlos en la formaci\u00f3n y capacitaci\u00f3n de grado y posgrado.<\/li><li>Contribuir a la preparaci\u00f3n de docentes.<\/li><li>Dirigir a becarios, tesis doctorales, monograf\u00edas u otros trabajos de investigaci\u00f3n.<\/li><li>Dictar cursos y seminarios de especializaci\u00f3n y extensi\u00f3n.<\/li><li>Organizar congresos, jornadas y conferencias de alcance nacional e internacional.<\/li><li>Editar libros y art\u00edculos.<\/li><li>Editar documentos \u00a0para discusi\u00f3n, en forma peri\u00f3dica, que recojan la producci\u00f3n cient\u00edfica del Centro y la de investigadores de \u00e9sta u otras Universidades, nacionales o extranjeras.<\/li><li>Organizar un centro de documentaci\u00f3n y una biblioteca especializada.<\/li><li>Mantener relaciones de car\u00e1cter cient\u00edfico con entidades similares del pa\u00eds o del extranjero.<\/li><li>Proyectar y ejecutar trabajos sugeridos por el inter\u00e9s general o requeridos por organismos p\u00fablicos o privados.<\/li><\/ul><\/div><\/div><\/div>\n\t\t\t\t\t<\/div><div class=\"eael-accordion-list\">\n\t\t\t\t\t<div id=\"autoridades-e-integrantes\" class=\"elementor-tab-title eael-accordion-header\" tabindex=\"0\" data-tab=\"3\" aria-controls=\"elementor-tab-content-2013\"><span class=\"eael-accordion-tab-title\">Autoridades e Integrantes<\/span><span class=\"eael-advanced-accordion-icon-closed\"><i aria-hidden=\"true\" class=\"fa-accordion-icon fas fa-chevron-down\"><\/i><\/span><span class=\"eael-advanced-accordion-icon-opened\"><\/span><\/div><div id=\"elementor-tab-content-2013\" class=\"eael-accordion-content clearfix\" data-tab=\"3\" aria-labelledby=\"autoridades-e-integrantes\"><div class=\"rtecenter\"><div class=\"rtecenter\"><div id=\"id-xhtmlMiniCVCESS1\" class=\"minicv\"><div><h6>Director Alterno<\/h6><\/div><\/div><div id=\"id-xhtmlMiniCVCESS2\" class=\"minicv\"><div><span class=\"minicv_Title\">Dr.\u00a0<\/span><span class=\"minicv_FullName\">Ra\u00fal Herrera<\/span><\/div><div>\u00a0<\/div><h6>Integrantes<\/h6><\/div><div class=\"titulo\">Act. H\u00e9ctor Gueler<br \/>Act. Gabriel Chaufan<br \/>Act. Carlos O. Grushka<br \/>Lic. Juan Manuel Magliano<br \/>Lic. Hugo Bertin<br \/>Lic. Jorge Herrera<br \/>Lic. Carlos R. Martinez<br \/>Lic. Javier A. Bringas<br \/>Lic. Emilio I. Colunga<br \/>Lic. Eduardo Casesse<br \/>Lic. Jos\u00e9 Ra\u00fal herrera<\/div><div class=\"titulo\">Lic. Hugo Bertin\u00a0<\/div><\/div><\/div><div>\u00a0<\/div><ul><li><a href=\"https:\/\/www.economicas.uba.ar\/investigacion\/wp-content\/uploads\/RESOL.N-2916.pdf\" target=\"_blank\" rel=\"noopener\">Resoluci\u00f3n (CD) N\u00ba 2916\/16 (Integrantes)<\/a><\/li><\/ul><\/div>\n\t\t\t\t\t<\/div><div class=\"eael-accordion-list\">\n\t\t\t\t\t<div id=\"publicaciones-y-conferencias\" class=\"elementor-tab-title eael-accordion-header\" tabindex=\"0\" data-tab=\"4\" aria-controls=\"elementor-tab-content-2014\"><span class=\"eael-accordion-tab-title\">Publicaciones y Conferencias<\/span><span class=\"eael-advanced-accordion-icon-closed\"><i aria-hidden=\"true\" class=\"fa-accordion-icon fas fa-chevron-down\"><\/i><\/span><span class=\"eael-advanced-accordion-icon-opened\"><\/span><\/div><div id=\"elementor-tab-content-2014\" class=\"eael-accordion-content clearfix\" data-tab=\"4\" aria-labelledby=\"publicaciones-y-conferencias\"><div class=\"rtecenter\"><div class=\"rtecenter\"><div id=\"id-xhtmlMiniCVCESS1\" class=\"minicv\"><h6>Publicaciones Nacionales (Sin referato)<\/h6><\/div><div id=\"id-xhtmlMiniCVCESS2\" class=\"minicv\"><p>-BERT\u00cdN, H. (2024) \u201cCaja de Jubilaciones y Pensiones de Santa Fe\u201d. Legislatura de la Pcia. De Santa Fe. Julio.<\/p><p>-BERT\u00cdN, H. (2024) \u201cEL d\u00e9ficit del IPS aumenta cada vez m\u00e1s el gasto p\u00fablico en la Provincia de Bs. As\u201d. FCE UBA. Julio.<\/p><p>-BERT\u00cdN, H. (2024) \u201cFondos Generacionales y Ahorro Previsional\u201d. FCE-UNLP. Noviembre.<\/p><p>-BERT\u00cdN, H. (2024) \u201cLa Contra Reforma Previsional en Uruguay\u201d. FCE-UNLP. Mayo.<\/p><p>-BERT\u00cdN, H. (2024) \u201cLas Reformas Previsionales y el Pacto de Mayo\u201d. FCE-UNLP. Agosto.<\/p><p>-BERT\u00cdN, H. (2024) \u201cProyecciones Actuariales y Financieras del CIPA: Escenario base y proyecciones futuras\u201d. FCE UBA. Diciembre.<\/p><p>-BERT\u00cdN, H. (2024) \u201cManual de Econom\u00eda de la Previsi\u00f3n Social. 25 notas t\u00e9cnicas para cursos de grado y posgrado universitario.\u201d Editado por la Maestr\u00eda en Finanzas P\u00fablicas Provinciales y Municipales FCE-UNLP. 2024.<\/p><p>-Libro, \u201cManual de Econom\u00eda de la Previsi\u00f3n Social &#8211; 25 notas t\u00e9cnicas para cursos de grado y posgrado universitario\u201d<br \/>Cap\u00edtulos del libro 25<br \/>Art\u00edculos en Revistas especializadas 6<\/p><p>-Elementos para pensar una Reforma Previsional en la Argentina. CESS.FCE.UBA. 2023<\/p><\/div><h6>Conferencias Dictadas en el Pa\u00eds<\/h6><p>&#8211; Lineamientos para la implementaci\u00f3n de las cuentas Nacionales en el pilar contributivo del Sistema Nacional de Pensiones del Per\u00fa. Hugo Bert\u00edn 13 de diciembre 2024.<br \/>&#8211; Reg\u00edmenes Previsionales en la Provincia de Buenos Aires, Reformas y Lecciones. 2016\/2024. Foro Argentino de la Seguridad Social. Hugo Bert\u00edn \u2013 Equipo del SISS 13 de noviembre 2024.<br \/>&#8211; Pensiones no Contributivas por Invalid\u00e9z. Diagn\u00f3stico y Propuesta. Foro Argentino de la Seguridad Social. Hugo Bert\u00edn y Ra\u00fal Herrera \u2013 Equipo del SISS 2 de julio 2024. Bs. As.<br \/>&#8211; Caja de Jubilaciones y Pensiones de Provincia de Santa F\u00e9. Diagn\u00f3stico y Perspectivas. Hugo Bert\u00edn 24 de Julio 2024. Santa F\u00e9.<br \/>&#8211; Financiamiento de la Seguridad Social. \u201cIV Jornadas de Derecho Previsional\u201d. Centro de Estudios de Derecho Previsional y Vejez. Hugo Bert\u00edn, 27 de julio 2024. Salta.<br \/>&#8211; Los desaf\u00edos del Envejecimiento Poblacional en los reg\u00edmenes previsionales. Consejo Federal de Previsi\u00f3n Social (Co.Fe.Pres.). Hugo Bert\u00edn, 30 de abril 2024. Buenos Aires.<br \/>&#8211; Una contribuci\u00f3n a la Reforma Previsional. CESS.FCE.UBA 2023.<br \/>&#8211; Elementos para pensar una Reforma Previsional. CESS.FCE.UBA. 2024<\/p><\/div><\/div><\/div>\n\t\t\t\t\t<\/div><div class=\"eael-accordion-list\">\n\t\t\t\t\t<div id=\"proyectos-de-investigacin\" class=\"elementor-tab-title eael-accordion-header\" tabindex=\"0\" data-tab=\"5\" aria-controls=\"elementor-tab-content-2015\"><span class=\"eael-accordion-tab-title\">Proyectos de Investigaci\u00f3n<\/span><span class=\"eael-advanced-accordion-icon-closed\"><i aria-hidden=\"true\" class=\"fa-accordion-icon fas fa-chevron-down\"><\/i><\/span><span class=\"eael-advanced-accordion-icon-opened\"><\/span><\/div><div id=\"elementor-tab-content-2015\" class=\"eael-accordion-content clearfix\" data-tab=\"5\" aria-labelledby=\"proyectos-de-investigacin\"><div class=\"rtecenter\"><div class=\"rtecenter\"><p>\u2022 Menos personas (PEA) deben cubrir a m\u00e1s personas (adultos mayores) por m\u00e1s tiempo. Art. 6 de marzo 2024<br \/>\u2022 Las cuentas del ANSES. An\u00e1lisis. Mayo 2024<br \/>\u2022 Pensiones no contributivas. Diagn\u00f3stico y propuestas. CEFIP. UNLP 31 de mayo 2024.<br \/>\u2022 An\u00e1lisis del proyecto de reforma previsional en Uruguay. Blog Econom\u00eda del sector p\u00fablico. Marzo 2024.<br \/>\u2022 Empleo y Previsi\u00f3n Social. Problem\u00e1ticas en la Argentina y en el mundo. Agosto 2024<br \/>\u2022 Centro Interamericano de Estudios de la Seguridad Social invita a un web binar acerca de aplicaciones de Inteligencia Artificial en la Seguridad Social. El Centro particip\u00f3 en esta invitaci\u00f3n. Agosto 2024.<br \/>\u2022 Notas t\u00e9cnicas sobre el SIPA. Septiembre 2024.<br \/>\u2022 Notas t\u00e9cnicas sobre el SIPA. Noviembre 2024.<br \/>\u2022 Estructuraci\u00f3n de la especializaci\u00f3n de seguros y gesti\u00f3n de riesgos. FAC de Ciencias Econ\u00f3micas UBA. Mayo 2024.<br \/>\u2022 Dictado de la primer materia de Gesti\u00f3n de Riesgos y Seguros. Octubre 2024<\/p><p>\u2022 Menos personas (PEA) deben cubrir a m\u00e1s personas (adultos mayores) por m\u00e1s tiempo. Art. 6 de marzo 2023<br \/>\u2022 Las cuentas del ANSES. An\u00e1lisis. 12 de abril del 2023.<\/p><p>\u2022 Pensiones no contributivas. Diagn\u00f3stico y propuestas. CEFIP. UNLP 31 de mayo 2023.<\/p><p>\u2022 An\u00e1lisis del proyecto de reforma previsional en Chile. Blog Econom\u00eda del sector p\u00fablico. 15 de marzo 2023.<\/p><p>\u2022 www.instituteglobal.com Informe sobre los fondos de pensiones en UK. 11 de junio 2023.<\/p><p>\u2022 Empleo y previsi\u00f3n social. Problem\u00e1ticas en la Argentina y en el mundo. 14 de junio 2023.<\/p><p>\u2022 Reg\u00edmenes Previsionales Provinciales. An\u00e1lisis de situaci\u00f3n. 27 de junio 2023.<\/p><p>\u2022 Centro Interamericano de Estudios de la Seguridad Social invita a un web binar acerca de aplicaciones de Inteligencia Artificial en la Seguridad Social. El Centro particip\u00f3 en esta invitaci\u00f3n. 12 de julio 2023.<\/p><p>\u2022 Notas t\u00e9cnicas sobre el SIPA. 24 de agosto 2023.<\/p><p>\u2022 Notas t\u00e9cnicas sobre el SIPA. 12 de septiembre 2023.<\/p><p>\u2022 Estructuraci\u00f3n de la especializaci\u00f3n de seguros y gesti\u00f3n de riesgos. FAC de Ciencias Econ\u00f3micas UBA. Octubre 2023.<\/p><\/div><\/div><\/div>\n\t\t\t\t\t<\/div><div class=\"eael-accordion-list\">\n\t\t\t\t\t<div id=\"contacto\" class=\"elementor-tab-title eael-accordion-header\" tabindex=\"0\" data-tab=\"6\" aria-controls=\"elementor-tab-content-2016\"><span class=\"eael-accordion-tab-title\">Contacto<\/span><span class=\"eael-advanced-accordion-icon-closed\"><i aria-hidden=\"true\" class=\"fa-accordion-icon fas fa-chevron-down\"><\/i><\/span><span class=\"eael-advanced-accordion-icon-opened\"><\/span><\/div><div id=\"elementor-tab-content-2016\" class=\"eael-accordion-content clearfix\" data-tab=\"6\" aria-labelledby=\"contacto\"><div class=\"rtecenter\"><div class=\"rtecenter\"><h6 class=\"rtecenter\">CENTRO DE\u00a0ESTUDIOS DE LA SEGURIDAD SOCIAL<\/h6><p class=\"rtecenter\">Facultad de Ciencias Econ\u00f3micas \u2013 Universidad de Buenos Aires Av. C\u00f3rdoba 2122 Segundo Piso<\/p><\/div><\/div><\/div>\n\t\t\t\t\t<\/div><\/div>\t\t\t\t<\/div>\n\t\t\t\t<\/div>\n\t\t\t\t\t<\/div>\n\t\t\t\t<\/div>\n\t\t\t\t<\/div>\n\t\t","protected":false},"excerpt":{"rendered":"<p>Inicio El\u00a0Centro de Investigaci\u00f3n de la Seguridad Social (CISS)\u00a0da la bienvenida a quienes visitan esta p\u00e1gina y se ofrece para colaborar en todos los temas que tengan como objetivo abordar<\/p>\n","protected":false},"author":8,"featured_media":0,"parent":1282,"menu_order":0,"comment_status":"closed","ping_status":"closed","template":"elementor_header_footer","meta":{"footnotes":""},"class_list":["post-1609","page","type-page","status-publish","hentry"],"yoast_head":"<!-- This site is optimized with the Yoast SEO plugin v27.4 - https:\/\/yoast.com\/product\/yoast-seo-wordpress\/ -->\n<title>CISS - Investigaci\u00f3n<\/title>\n<meta name=\"robots\" content=\"index, follow, max-snippet:-1, max-image-preview:large, max-video-preview:-1\" \/>\n<link rel=\"canonical\" href=\"https:\/\/www.economicas.uba.ar\/investigacion\/institutos-y-centros\/ciss\/\" \/>\n<meta property=\"og:locale\" content=\"es_ES\" \/>\n<meta property=\"og:type\" content=\"article\" \/>\n<meta property=\"og:title\" content=\"CISS - Investigaci\u00f3n\" \/>\n<meta property=\"og:description\" content=\"Inicio El\u00a0Centro de Investigaci\u00f3n de la Seguridad Social (CISS)\u00a0da la bienvenida a quienes visitan esta p\u00e1gina y se ofrece para colaborar en todos los temas que tengan como objetivo abordar\" \/>\n<meta property=\"og:url\" content=\"https:\/\/www.economicas.uba.ar\/investigacion\/institutos-y-centros\/ciss\/\" \/>\n<meta property=\"og:site_name\" content=\"Investigaci\u00f3n\" \/>\n<meta property=\"article:modified_time\" content=\"2026-03-05T21:36:06+00:00\" \/>\n<meta name=\"twitter:card\" content=\"summary_large_image\" \/>\n<meta name=\"twitter:label1\" content=\"Tiempo de lectura\" \/>\n\t<meta name=\"twitter:data1\" content=\"6 minutos\" \/>\n<script type=\"application\/ld+json\" class=\"yoast-schema-graph\">{\"@context\":\"https:\\\/\\\/schema.org\",\"@graph\":[{\"@type\":\"WebPage\",\"@id\":\"https:\\\/\\\/www.economicas.uba.ar\\\/investigacion\\\/institutos-y-centros\\\/ciss\\\/\",\"url\":\"https:\\\/\\\/www.economicas.uba.ar\\\/investigacion\\\/institutos-y-centros\\\/ciss\\\/\",\"name\":\"CISS - Investigaci\u00f3n\",\"isPartOf\":{\"@id\":\"https:\\\/\\\/www.economicas.uba.ar\\\/investigacion\\\/#website\"},\"datePublished\":\"2023-08-15T13:27:30+00:00\",\"dateModified\":\"2026-03-05T21:36:06+00:00\",\"breadcrumb\":{\"@id\":\"https:\\\/\\\/www.economicas.uba.ar\\\/investigacion\\\/institutos-y-centros\\\/ciss\\\/#breadcrumb\"},\"inLanguage\":\"es-AR\",\"potentialAction\":[{\"@type\":\"ReadAction\",\"target\":[\"https:\\\/\\\/www.economicas.uba.ar\\\/investigacion\\\/institutos-y-centros\\\/ciss\\\/\"]}]},{\"@type\":\"BreadcrumbList\",\"@id\":\"https:\\\/\\\/www.economicas.uba.ar\\\/investigacion\\\/institutos-y-centros\\\/ciss\\\/#breadcrumb\",\"itemListElement\":[{\"@type\":\"ListItem\",\"position\":1,\"name\":\"Inicio\",\"item\":\"https:\\\/\\\/www.economicas.uba.ar\\\/investigacion\\\/\"},{\"@type\":\"ListItem\",\"position\":2,\"name\":\"Institutos y centros\",\"item\":\"https:\\\/\\\/www.economicas.uba.ar\\\/investigacion\\\/institutos-y-centros\\\/\"},{\"@type\":\"ListItem\",\"position\":3,\"name\":\"CISS\"}]},{\"@type\":\"WebSite\",\"@id\":\"https:\\\/\\\/www.economicas.uba.ar\\\/investigacion\\\/#website\",\"url\":\"https:\\\/\\\/www.economicas.uba.ar\\\/investigacion\\\/\",\"name\":\"Investigaci\u00f3n FCE\",\"description\":\"\",\"publisher\":{\"@id\":\"https:\\\/\\\/www.economicas.uba.ar\\\/investigacion\\\/#organization\"},\"potentialAction\":[{\"@type\":\"SearchAction\",\"target\":{\"@type\":\"EntryPoint\",\"urlTemplate\":\"https:\\\/\\\/www.economicas.uba.ar\\\/investigacion\\\/?s={search_term_string}\"},\"query-input\":{\"@type\":\"PropertyValueSpecification\",\"valueRequired\":true,\"valueName\":\"search_term_string\"}}],\"inLanguage\":\"es-AR\"},{\"@type\":\"Organization\",\"@id\":\"https:\\\/\\\/www.economicas.uba.ar\\\/investigacion\\\/#organization\",\"name\":\"Investigaci\u00f3n FCE\",\"url\":\"https:\\\/\\\/www.economicas.uba.ar\\\/investigacion\\\/\",\"logo\":{\"@type\":\"ImageObject\",\"inLanguage\":\"es-AR\",\"@id\":\"https:\\\/\\\/www.economicas.uba.ar\\\/investigacion\\\/#\\\/schema\\\/logo\\\/image\\\/\",\"url\":\"https:\\\/\\\/www.economicas.uba.ar\\\/investigacion\\\/wp-content\\\/uploads\\\/logo_2023.png\",\"contentUrl\":\"https:\\\/\\\/www.economicas.uba.ar\\\/investigacion\\\/wp-content\\\/uploads\\\/logo_2023.png\",\"width\":292,\"height\":81,\"caption\":\"Investigaci\u00f3n FCE\"},\"image\":{\"@id\":\"https:\\\/\\\/www.economicas.uba.ar\\\/investigacion\\\/#\\\/schema\\\/logo\\\/image\\\/\"}}]}<\/script>\n<!-- \/ Yoast SEO plugin. -->","yoast_head_json":{"title":"CISS - Investigaci\u00f3n","robots":{"index":"index","follow":"follow","max-snippet":"max-snippet:-1","max-image-preview":"max-image-preview:large","max-video-preview":"max-video-preview:-1"},"canonical":"https:\/\/www.economicas.uba.ar\/investigacion\/institutos-y-centros\/ciss\/","og_locale":"es_ES","og_type":"article","og_title":"CISS - Investigaci\u00f3n","og_description":"Inicio El\u00a0Centro de Investigaci\u00f3n de la Seguridad Social (CISS)\u00a0da la bienvenida a quienes visitan esta p\u00e1gina y se ofrece para colaborar en todos los temas que tengan como objetivo abordar","og_url":"https:\/\/www.economicas.uba.ar\/investigacion\/institutos-y-centros\/ciss\/","og_site_name":"Investigaci\u00f3n","article_modified_time":"2026-03-05T21:36:06+00:00","twitter_card":"summary_large_image","twitter_misc":{"Tiempo de lectura":"6 minutos"},"schema":{"@context":"https:\/\/schema.org","@graph":[{"@type":"WebPage","@id":"https:\/\/www.economicas.uba.ar\/investigacion\/institutos-y-centros\/ciss\/","url":"https:\/\/www.economicas.uba.ar\/investigacion\/institutos-y-centros\/ciss\/","name":"CISS - Investigaci\u00f3n","isPartOf":{"@id":"https:\/\/www.economicas.uba.ar\/investigacion\/#website"},"datePublished":"2023-08-15T13:27:30+00:00","dateModified":"2026-03-05T21:36:06+00:00","breadcrumb":{"@id":"https:\/\/www.economicas.uba.ar\/investigacion\/institutos-y-centros\/ciss\/#breadcrumb"},"inLanguage":"es-AR","potentialAction":[{"@type":"ReadAction","target":["https:\/\/www.economicas.uba.ar\/investigacion\/institutos-y-centros\/ciss\/"]}]},{"@type":"BreadcrumbList","@id":"https:\/\/www.economicas.uba.ar\/investigacion\/institutos-y-centros\/ciss\/#breadcrumb","itemListElement":[{"@type":"ListItem","position":1,"name":"Inicio","item":"https:\/\/www.economicas.uba.ar\/investigacion\/"},{"@type":"ListItem","position":2,"name":"Institutos y centros","item":"https:\/\/www.economicas.uba.ar\/investigacion\/institutos-y-centros\/"},{"@type":"ListItem","position":3,"name":"CISS"}]},{"@type":"WebSite","@id":"https:\/\/www.economicas.uba.ar\/investigacion\/#website","url":"https:\/\/www.economicas.uba.ar\/investigacion\/","name":"Investigaci\u00f3n FCE","description":"","publisher":{"@id":"https:\/\/www.economicas.uba.ar\/investigacion\/#organization"},"potentialAction":[{"@type":"SearchAction","target":{"@type":"EntryPoint","urlTemplate":"https:\/\/www.economicas.uba.ar\/investigacion\/?s={search_term_string}"},"query-input":{"@type":"PropertyValueSpecification","valueRequired":true,"valueName":"search_term_string"}}],"inLanguage":"es-AR"},{"@type":"Organization","@id":"https:\/\/www.economicas.uba.ar\/investigacion\/#organization","name":"Investigaci\u00f3n FCE","url":"https:\/\/www.economicas.uba.ar\/investigacion\/","logo":{"@type":"ImageObject","inLanguage":"es-AR","@id":"https:\/\/www.economicas.uba.ar\/investigacion\/#\/schema\/logo\/image\/","url":"https:\/\/www.economicas.uba.ar\/investigacion\/wp-content\/uploads\/logo_2023.png","contentUrl":"https:\/\/www.economicas.uba.ar\/investigacion\/wp-content\/uploads\/logo_2023.png","width":292,"height":81,"caption":"Investigaci\u00f3n FCE"},"image":{"@id":"https:\/\/www.economicas.uba.ar\/investigacion\/#\/schema\/logo\/image\/"}}]}},"_links":{"self":[{"href":"https:\/\/www.economicas.uba.ar\/investigacion\/wp-json\/wp\/v2\/pages\/1609","targetHints":{"allow":["GET"]}}],"collection":[{"href":"https:\/\/www.economicas.uba.ar\/investigacion\/wp-json\/wp\/v2\/pages"}],"about":[{"href":"https:\/\/www.economicas.uba.ar\/investigacion\/wp-json\/wp\/v2\/types\/page"}],"author":[{"embeddable":true,"href":"https:\/\/www.economicas.uba.ar\/investigacion\/wp-json\/wp\/v2\/users\/8"}],"replies":[{"embeddable":true,"href":"https:\/\/www.economicas.uba.ar\/investigacion\/wp-json\/wp\/v2\/comments?post=1609"}],"version-history":[{"count":19,"href":"https:\/\/www.economicas.uba.ar\/investigacion\/wp-json\/wp\/v2\/pages\/1609\/revisions"}],"predecessor-version":[{"id":8227,"href":"https:\/\/www.economicas.uba.ar\/investigacion\/wp-json\/wp\/v2\/pages\/1609\/revisions\/8227"}],"up":[{"embeddable":true,"href":"https:\/\/www.economicas.uba.ar\/investigacion\/wp-json\/wp\/v2\/pages\/1282"}],"wp:attachment":[{"href":"https:\/\/www.economicas.uba.ar\/investigacion\/wp-json\/wp\/v2\/media?parent=1609"}],"curies":[{"name":"wp","href":"https:\/\/api.w.org\/{rel}","templated":true}]}}