{"id":1645,"date":"2023-08-16T09:46:58","date_gmt":"2023-08-16T12:46:58","guid":{"rendered":"https:\/\/www.economicas.uba.ar\/investigacion\/?page_id=1645"},"modified":"2026-03-20T10:43:52","modified_gmt":"2026-03-20T13:43:52","slug":"pimeage","status":"publish","type":"page","link":"https:\/\/www.economicas.uba.ar\/investigacion\/programas-de-investigacion\/pimeage\/","title":{"rendered":"pimeage"},"content":{"rendered":"\t\t<div data-elementor-type=\"wp-page\" data-elementor-id=\"1645\" class=\"elementor elementor-1645\" data-elementor-post-type=\"page\">\n\t\t\t\t<div class=\"elementor-element elementor-element-785d0a7c e-flex e-con-boxed e-con e-parent\" data-id=\"785d0a7c\" data-element_type=\"container\" data-e-type=\"container\">\n\t\t\t\t\t<div class=\"e-con-inner\">\n\t\t\t\t<div class=\"elementor-element elementor-element-7804597d elementor-widget elementor-widget-eael-adv-accordion\" data-id=\"7804597d\" data-element_type=\"widget\" data-e-type=\"widget\" data-widget_type=\"eael-adv-accordion.default\">\n\t\t\t\t<div class=\"elementor-widget-container\">\n\t\t\t\t\t            <div class=\"eael-adv-accordion\" id=\"eael-adv-accordion-7804597d\" data-scroll-on-click=\"no\" data-scroll-speed=\"300\" data-accordion-id=\"7804597d\" data-accordion-type=\"accordion\" data-toogle-speed=\"300\">\n            <div class=\"eael-accordion-list\">\n\t\t\t\t\t<div id=\"inicio\" class=\"elementor-tab-title eael-accordion-header active-default\" tabindex=\"0\" data-tab=\"1\" aria-controls=\"elementor-tab-content-2011\"><span class=\"eael-accordion-tab-title\">Inicio<\/span><span class=\"eael-advanced-accordion-icon-closed\"><i aria-hidden=\"true\" class=\"fa-accordion-icon fas fa-chevron-down\"><\/i><\/span><span class=\"eael-advanced-accordion-icon-opened\"><i aria-hidden=\"true\" class=\"fa-accordion-icon fas fa-angle-up\"><\/i><\/span><\/div><div id=\"elementor-tab-content-2011\" class=\"eael-accordion-content clearfix active-default\" data-tab=\"1\" aria-labelledby=\"inicio\"><div class=\"rtecenter\"><div class=\"rtecenter\"><p><a href=\"https:\/\/www.economicas.uba.ar\/iadcom\"><img fetchpriority=\"high\" decoding=\"async\" class=\"alignnone wp-image-7921 size-full\" src=\"https:\/\/www.economicas.uba.ar\/wp-content\/uploads\/2015\/11\/programa-perteneciente-a-IADCOM.jpg\" sizes=\"(max-width: 840px) 100vw, 840px\" srcset=\"https:\/\/www.economicas.uba.ar\/wp-content\/uploads\/2015\/11\/programa-perteneciente-a-IADCOM.jpg 840w, https:\/\/www.economicas.uba.ar\/wp-content\/uploads\/2015\/11\/programa-perteneciente-a-IADCOM-300x25.jpg 300w, https:\/\/www.economicas.uba.ar\/wp-content\/uploads\/2015\/11\/programa-perteneciente-a-IADCOM-768x65.jpg 768w\" alt=\"\" width=\"840\" height=\"71\" \/><\/a><\/p><p>El\u00a0<strong>PIMEAGE\u00a0<\/strong>se propone trabajar en la problem\u00e1tica de los m\u00e9todos experimentales y los estudios interdisciplinarios en \u00e1reas que poco se ha explorado como son la gesti\u00f3n y la econom\u00eda. Para ello se establecen en principio dos l\u00edneas de investigaci\u00f3n:<\/p><ul><li>M\u00e9todos experimentales y estudios interdisciplinarios sobre el poder y la sexualidad en el comportamiento organizacional<\/li><li>M\u00e9todos experimentales aplicados a la incertidumbre y riesgos sociales en la transferencia de tecnolog\u00edas<\/li><\/ul><p>Actualmente se est\u00e1 trabajando en la ampliaci\u00f3n de est\u00e1s l\u00edneas de investigaci\u00f3n.<\/p><\/div><\/div><\/div>\n\t\t\t\t\t<\/div><div class=\"eael-accordion-list\">\n\t\t\t\t\t<div id=\"objetivos-del-programa\" class=\"elementor-tab-title eael-accordion-header\" tabindex=\"0\" data-tab=\"2\" aria-controls=\"elementor-tab-content-2012\"><span class=\"eael-accordion-tab-title\">Objetivos del Programa<\/span><span class=\"eael-advanced-accordion-icon-closed\"><i aria-hidden=\"true\" class=\"fa-accordion-icon fas fa-chevron-down\"><\/i><\/span><span class=\"eael-advanced-accordion-icon-opened\"><i aria-hidden=\"true\" class=\"fa-accordion-icon fas fa-angle-up\"><\/i><\/span><\/div><div id=\"elementor-tab-content-2012\" class=\"eael-accordion-content clearfix\" data-tab=\"2\" aria-labelledby=\"objetivos-del-programa\"><div class=\"rtecenter\"><div class=\"rtecenter\"><div>El objetivo del PIMEAGE es generar un espacio de investigaci\u00f3n en el que se diagrame un plan de trabajo orientado a reflexionar acerca de las metodolog\u00edas de investigaci\u00f3n que se aplican a la din\u00e1mica de los distintos tipos de organizaciones, ya sean del sector privado, p\u00fablico y social, poniendo \u00e9nfasis en los m\u00e9todos experimentales y estudios interdisciplinarios.\u00a0<\/div><div><p>La principal fundamentaci\u00f3n de este espacio de trabajo radica en el hecho de que los m\u00e9todos experimentales y los estudios interdisciplinarios en las organizaciones constituyen una l\u00ednea metodol\u00f3gica poco explorada en la comunidad latinoamericana. Por tal motivo, es imperiosa la necesidad de reflexionar al respecto, sobre todo en el \u00e1mbito de la Facultad de Ciencias Econ\u00f3micas de la UBA como un espacio de construcci\u00f3n del saber.<br \/>La reflexi\u00f3n y mirada cr\u00edtica sobre las condiciones contextuales y sobre los componentes del modelo experimental y su aplicaci\u00f3n se constituyen en un aporte para reconocer sus l\u00edmites \u00e9ticos. La mirada interdisciplinar que sostiene esta propuesta dar\u00eda lugar a la triangulaci\u00f3n metodol\u00f3gica, como una estrategia de conocimiento de la realidad y del control de los sesgos.<\/p><p>Los objetivos espec\u00edficos son:<br \/>1. Establecer como l\u00edneas principales de investigaci\u00f3n a la aplicaci\u00f3n de m\u00e9todos experimentales en la gesti\u00f3n y en la econom\u00eda.<br \/>2. Promover la formaci\u00f3n de investigadores, doctorandos, maestrandos y becarios brindando el asiento necesario para sus investigaciones y tesis.<br \/>3. Difundir las tem\u00e1ticas de inter\u00e9s y la aplicaci\u00f3n de los m\u00e9todos experimentales en eventos y espacios de reflexi\u00f3n con la comunidad acad\u00e9mica y otros actores locales, p\u00fablicos, privados as\u00ed como tambi\u00e9n organizaciones de la sociedad civil.<br \/>4. Publicar los resultados y hallazgos obtenidos por la producci\u00f3n del programa.<br \/>5. Reivindicar el espacio de la Facultad de Ciencias Econ\u00f3micas como un \u00e1mbito para el establecimiento de v\u00ednculos y formaci\u00f3n de redes de investigaciones.<\/p><p>Las actividades del Programa se desarrollan en las \u00e1reas de la Facultad de Ciencias Econ\u00f3micas de Investigaci\u00f3n; Docencia; Relaciones Institucionales; Extensi\u00f3n.<\/p><\/div><\/div><\/div><\/div>\n\t\t\t\t\t<\/div><div class=\"eael-accordion-list\">\n\t\t\t\t\t<div id=\"integrantes\" class=\"elementor-tab-title eael-accordion-header\" tabindex=\"0\" data-tab=\"3\" aria-controls=\"elementor-tab-content-2013\"><span class=\"eael-accordion-tab-title\">Integrantes<\/span><span class=\"eael-advanced-accordion-icon-closed\"><i aria-hidden=\"true\" class=\"fa-accordion-icon fas fa-chevron-down\"><\/i><\/span><span class=\"eael-advanced-accordion-icon-opened\"><i aria-hidden=\"true\" class=\"fa-accordion-icon fas fa-angle-up\"><\/i><\/span><\/div><div id=\"elementor-tab-content-2013\" class=\"eael-accordion-content clearfix\" data-tab=\"3\" aria-labelledby=\"integrantes\"><div class=\"rtecenter\"><div class=\"rtecenter\"><h6><strong>DIRECTOR<\/strong><\/h6><ul><li><strong>Emmanuel Oliverio<\/strong><\/li><\/ul><h6><strong>CODIRECTORA<\/strong><\/h6><ul><li><strong>Silvana Mar\u00eda Curcio<\/strong><\/li><\/ul><h6><strong>SECRETARIO ACAD\u00c9MICO<\/strong><\/h6><ul><li><strong>Emiliano Sebastian Consoli<\/strong><\/li><\/ul><h6><strong>SECRETARIA T\u00c9CNICA<\/strong><\/h6><ul><li><strong>Paula Natalia Colacioppo<\/strong><\/li><\/ul><h6><strong>INVESTIGADORAS FORMADAS<\/strong><\/h6><ul><li style=\"list-style-type: none\"><ul><li><strong>Adriana Norma Fassio<\/strong><\/li><li><strong>Mar\u00eda Gabriela Rutty<\/strong><\/li><\/ul><\/li><\/ul><\/div><\/div><\/div>\n\t\t\t\t\t<\/div><div class=\"eael-accordion-list\">\n\t\t\t\t\t<div id=\"eventos\" class=\"elementor-tab-title eael-accordion-header\" tabindex=\"0\" data-tab=\"4\" aria-controls=\"elementor-tab-content-2014\"><span class=\"eael-accordion-tab-title\">Eventos<\/span><span class=\"eael-advanced-accordion-icon-closed\"><i aria-hidden=\"true\" class=\"fa-accordion-icon fas fa-chevron-down\"><\/i><\/span><span class=\"eael-advanced-accordion-icon-opened\"><i aria-hidden=\"true\" class=\"fa-accordion-icon fas fa-angle-up\"><\/i><\/span><\/div><div id=\"elementor-tab-content-2014\" class=\"eael-accordion-content clearfix\" data-tab=\"4\" aria-labelledby=\"eventos\"><div class=\"rtecenter\"><div class=\"rtecenter\"><h5><strong><a href=\"https:\/\/www.economicas.uba.ar\/institutos_y_centros\/eventos-pimeage\" target=\"_blank\" rel=\"noopener\">EVENTOS ANTERIORES<\/a><\/strong><\/h5><\/div><\/div><\/div>\n\t\t\t\t\t<\/div><div class=\"eael-accordion-list\">\n\t\t\t\t\t<div id=\"publicaciones\" class=\"elementor-tab-title eael-accordion-header\" tabindex=\"0\" data-tab=\"5\" aria-controls=\"elementor-tab-content-2015\"><span class=\"eael-accordion-tab-title\">Publicaciones<\/span><span class=\"eael-advanced-accordion-icon-closed\"><i aria-hidden=\"true\" class=\"fa-accordion-icon fas fa-chevron-down\"><\/i><\/span><span class=\"eael-advanced-accordion-icon-opened\"><i aria-hidden=\"true\" class=\"fa-accordion-icon fas fa-angle-up\"><\/i><\/span><\/div><div id=\"elementor-tab-content-2015\" class=\"eael-accordion-content clearfix\" data-tab=\"5\" aria-labelledby=\"publicaciones\"><div class=\"rtecenter\"><div class=\"rtecenter\"><h4><strong><a href=\"https:\/\/www.economicas.uba.ar\/institutos_y_centros\/revista-met-exp\/\" target=\"_blank\" rel=\"noopener\">Revista\u00a0 de Investigaci\u00f3n Interdisciplinaria en M\u00e9todos Experimentales<\/a><\/strong><\/h4><p>Instituto de Investigaciones en Administraci\u00f3n, Contabilidad y M\u00e9todos Cuantitativos para la Gesti\u00f3n Facultad de Ciencias Econ\u00f3micas, UBA.<\/p><p>ISSN: 2314-1123 (en l\u00ednea) \/ 2314-1115 (impreso). Esta revista forma parte del directorio de publicaciones cient\u00edficas Latindex.<\/p><p>Ingrese a la p\u00e1gina de la Revista haciendo click\u00a0<a href=\"https:\/\/www.economicas.uba.ar\/investigacion\/institutos-y-centros\/revista-met-exp\/\" target=\"_blank\" rel=\"noopener\">aqu\u00ed<\/a>.<\/p><\/div><\/div><\/div>\n\t\t\t\t\t<\/div><div class=\"eael-accordion-list\">\n\t\t\t\t\t<div id=\"contacto\" class=\"elementor-tab-title eael-accordion-header\" tabindex=\"0\" data-tab=\"6\" aria-controls=\"elementor-tab-content-2016\"><span class=\"eael-accordion-tab-title\">Contacto<\/span><span class=\"eael-advanced-accordion-icon-closed\"><i aria-hidden=\"true\" class=\"fa-accordion-icon fas fa-chevron-down\"><\/i><\/span><span class=\"eael-advanced-accordion-icon-opened\"><i aria-hidden=\"true\" class=\"fa-accordion-icon fas fa-angle-up\"><\/i><\/span><\/div><div id=\"elementor-tab-content-2016\" class=\"eael-accordion-content clearfix\" data-tab=\"6\" aria-labelledby=\"contacto\"><div class=\"rtecenter\"><div class=\"rtecenter\"><h6><strong>PROGRAMA INTERDISCIPLINARIO EN M\u00c9TODOS EXPERIMENTALES APLICADOS A LA GESTI\u00d3N Y A LA ECONOM\u00cdA (PIMEAGE)<\/strong><\/h6><p class=\"rtecenter\">Av. C\u00f3rdoba 2122, C1120AAQ \u2013 Ciudad de Buenos Aires<\/p><p class=\"rtecenter\">Correo electr\u00f3nico:\u00a0<a href=\"mailto:pimeage@fce.uba.ar\">pimeage@fce.uba.ar<\/a><\/p><\/div><\/div><\/div>\n\t\t\t\t\t<\/div><\/div>\t\t\t\t<\/div>\n\t\t\t\t<\/div>\n\t\t\t\t\t<\/div>\n\t\t\t\t<\/div>\n\t\t\t\t<\/div>\n\t\t","protected":false},"excerpt":{"rendered":"<p>Inicio El\u00a0PIMEAGE\u00a0se propone trabajar en la problem\u00e1tica de los m\u00e9todos experimentales y los estudios interdisciplinarios en \u00e1reas que poco se ha explorado como son la gesti\u00f3n y la econom\u00eda. Para<\/p>\n","protected":false},"author":25,"featured_media":0,"parent":1632,"menu_order":0,"comment_status":"closed","ping_status":"closed","template":"elementor_header_footer","meta":{"footnotes":""},"class_list":["post-1645","page","type-page","status-publish","hentry"],"yoast_head":"<!-- This site is optimized with the Yoast SEO plugin v27.3 - https:\/\/yoast.com\/product\/yoast-seo-wordpress\/ -->\n<title>pimeage - Investigaci\u00f3n<\/title>\n<meta name=\"robots\" content=\"index, follow, max-snippet:-1, max-image-preview:large, max-video-preview:-1\" \/>\n<link rel=\"canonical\" href=\"https:\/\/www.economicas.uba.ar\/investigacion\/programas-de-investigacion\/pimeage\/\" \/>\n<meta property=\"og:locale\" content=\"es_ES\" \/>\n<meta property=\"og:type\" content=\"article\" \/>\n<meta property=\"og:title\" content=\"pimeage - Investigaci\u00f3n\" \/>\n<meta property=\"og:description\" content=\"Inicio El\u00a0PIMEAGE\u00a0se propone trabajar en la problem\u00e1tica de los m\u00e9todos experimentales y los estudios interdisciplinarios en \u00e1reas que poco se ha explorado como son la gesti\u00f3n y la econom\u00eda. Para\" \/>\n<meta property=\"og:url\" content=\"https:\/\/www.economicas.uba.ar\/investigacion\/programas-de-investigacion\/pimeage\/\" \/>\n<meta property=\"og:site_name\" content=\"Investigaci\u00f3n\" \/>\n<meta property=\"article:modified_time\" content=\"2026-03-20T13:43:52+00:00\" \/>\n<meta name=\"twitter:card\" content=\"summary_large_image\" \/>\n<meta name=\"twitter:label1\" content=\"Tiempo de lectura\" \/>\n\t<meta name=\"twitter:data1\" content=\"3 minutos\" \/>\n<script type=\"application\/ld+json\" class=\"yoast-schema-graph\">{\"@context\":\"https:\\\/\\\/schema.org\",\"@graph\":[{\"@type\":\"WebPage\",\"@id\":\"https:\\\/\\\/www.economicas.uba.ar\\\/investigacion\\\/programas-de-investigacion\\\/pimeage\\\/\",\"url\":\"https:\\\/\\\/www.economicas.uba.ar\\\/investigacion\\\/programas-de-investigacion\\\/pimeage\\\/\",\"name\":\"pimeage - Investigaci\u00f3n\",\"isPartOf\":{\"@id\":\"https:\\\/\\\/www.economicas.uba.ar\\\/investigacion\\\/#website\"},\"primaryImageOfPage\":{\"@id\":\"https:\\\/\\\/www.economicas.uba.ar\\\/investigacion\\\/programas-de-investigacion\\\/pimeage\\\/#primaryimage\"},\"image\":{\"@id\":\"https:\\\/\\\/www.economicas.uba.ar\\\/investigacion\\\/programas-de-investigacion\\\/pimeage\\\/#primaryimage\"},\"thumbnailUrl\":\"https:\\\/\\\/www.economicas.uba.ar\\\/wp-content\\\/uploads\\\/2015\\\/11\\\/programa-perteneciente-a-IADCOM.jpg\",\"datePublished\":\"2023-08-16T12:46:58+00:00\",\"dateModified\":\"2026-03-20T13:43:52+00:00\",\"breadcrumb\":{\"@id\":\"https:\\\/\\\/www.economicas.uba.ar\\\/investigacion\\\/programas-de-investigacion\\\/pimeage\\\/#breadcrumb\"},\"inLanguage\":\"es-AR\",\"potentialAction\":[{\"@type\":\"ReadAction\",\"target\":[\"https:\\\/\\\/www.economicas.uba.ar\\\/investigacion\\\/programas-de-investigacion\\\/pimeage\\\/\"]}]},{\"@type\":\"ImageObject\",\"inLanguage\":\"es-AR\",\"@id\":\"https:\\\/\\\/www.economicas.uba.ar\\\/investigacion\\\/programas-de-investigacion\\\/pimeage\\\/#primaryimage\",\"url\":\"https:\\\/\\\/www.economicas.uba.ar\\\/wp-content\\\/uploads\\\/2015\\\/11\\\/programa-perteneciente-a-IADCOM.jpg\",\"contentUrl\":\"https:\\\/\\\/www.economicas.uba.ar\\\/wp-content\\\/uploads\\\/2015\\\/11\\\/programa-perteneciente-a-IADCOM.jpg\"},{\"@type\":\"BreadcrumbList\",\"@id\":\"https:\\\/\\\/www.economicas.uba.ar\\\/investigacion\\\/programas-de-investigacion\\\/pimeage\\\/#breadcrumb\",\"itemListElement\":[{\"@type\":\"ListItem\",\"position\":1,\"name\":\"Inicio\",\"item\":\"https:\\\/\\\/www.economicas.uba.ar\\\/investigacion\\\/\"},{\"@type\":\"ListItem\",\"position\":2,\"name\":\"Programas de investigaci\u00f3n\",\"item\":\"https:\\\/\\\/www.economicas.uba.ar\\\/investigacion\\\/programas-de-investigacion\\\/\"},{\"@type\":\"ListItem\",\"position\":3,\"name\":\"pimeage\"}]},{\"@type\":\"WebSite\",\"@id\":\"https:\\\/\\\/www.economicas.uba.ar\\\/investigacion\\\/#website\",\"url\":\"https:\\\/\\\/www.economicas.uba.ar\\\/investigacion\\\/\",\"name\":\"Investigaci\u00f3n FCE\",\"description\":\"\",\"publisher\":{\"@id\":\"https:\\\/\\\/www.economicas.uba.ar\\\/investigacion\\\/#organization\"},\"potentialAction\":[{\"@type\":\"SearchAction\",\"target\":{\"@type\":\"EntryPoint\",\"urlTemplate\":\"https:\\\/\\\/www.economicas.uba.ar\\\/investigacion\\\/?s={search_term_string}\"},\"query-input\":{\"@type\":\"PropertyValueSpecification\",\"valueRequired\":true,\"valueName\":\"search_term_string\"}}],\"inLanguage\":\"es-AR\"},{\"@type\":\"Organization\",\"@id\":\"https:\\\/\\\/www.economicas.uba.ar\\\/investigacion\\\/#organization\",\"name\":\"Investigaci\u00f3n FCE\",\"url\":\"https:\\\/\\\/www.economicas.uba.ar\\\/investigacion\\\/\",\"logo\":{\"@type\":\"ImageObject\",\"inLanguage\":\"es-AR\",\"@id\":\"https:\\\/\\\/www.economicas.uba.ar\\\/investigacion\\\/#\\\/schema\\\/logo\\\/image\\\/\",\"url\":\"https:\\\/\\\/www.economicas.uba.ar\\\/investigacion\\\/wp-content\\\/uploads\\\/logo_2023.png\",\"contentUrl\":\"https:\\\/\\\/www.economicas.uba.ar\\\/investigacion\\\/wp-content\\\/uploads\\\/logo_2023.png\",\"width\":292,\"height\":81,\"caption\":\"Investigaci\u00f3n FCE\"},\"image\":{\"@id\":\"https:\\\/\\\/www.economicas.uba.ar\\\/investigacion\\\/#\\\/schema\\\/logo\\\/image\\\/\"}}]}<\/script>\n<!-- \/ Yoast SEO plugin. -->","yoast_head_json":{"title":"pimeage - Investigaci\u00f3n","robots":{"index":"index","follow":"follow","max-snippet":"max-snippet:-1","max-image-preview":"max-image-preview:large","max-video-preview":"max-video-preview:-1"},"canonical":"https:\/\/www.economicas.uba.ar\/investigacion\/programas-de-investigacion\/pimeage\/","og_locale":"es_ES","og_type":"article","og_title":"pimeage - Investigaci\u00f3n","og_description":"Inicio El\u00a0PIMEAGE\u00a0se propone trabajar en la problem\u00e1tica de los m\u00e9todos experimentales y los estudios interdisciplinarios en \u00e1reas que poco se ha explorado como son la gesti\u00f3n y la econom\u00eda. Para","og_url":"https:\/\/www.economicas.uba.ar\/investigacion\/programas-de-investigacion\/pimeage\/","og_site_name":"Investigaci\u00f3n","article_modified_time":"2026-03-20T13:43:52+00:00","twitter_card":"summary_large_image","twitter_misc":{"Tiempo de lectura":"3 minutos"},"schema":{"@context":"https:\/\/schema.org","@graph":[{"@type":"WebPage","@id":"https:\/\/www.economicas.uba.ar\/investigacion\/programas-de-investigacion\/pimeage\/","url":"https:\/\/www.economicas.uba.ar\/investigacion\/programas-de-investigacion\/pimeage\/","name":"pimeage - Investigaci\u00f3n","isPartOf":{"@id":"https:\/\/www.economicas.uba.ar\/investigacion\/#website"},"primaryImageOfPage":{"@id":"https:\/\/www.economicas.uba.ar\/investigacion\/programas-de-investigacion\/pimeage\/#primaryimage"},"image":{"@id":"https:\/\/www.economicas.uba.ar\/investigacion\/programas-de-investigacion\/pimeage\/#primaryimage"},"thumbnailUrl":"https:\/\/www.economicas.uba.ar\/wp-content\/uploads\/2015\/11\/programa-perteneciente-a-IADCOM.jpg","datePublished":"2023-08-16T12:46:58+00:00","dateModified":"2026-03-20T13:43:52+00:00","breadcrumb":{"@id":"https:\/\/www.economicas.uba.ar\/investigacion\/programas-de-investigacion\/pimeage\/#breadcrumb"},"inLanguage":"es-AR","potentialAction":[{"@type":"ReadAction","target":["https:\/\/www.economicas.uba.ar\/investigacion\/programas-de-investigacion\/pimeage\/"]}]},{"@type":"ImageObject","inLanguage":"es-AR","@id":"https:\/\/www.economicas.uba.ar\/investigacion\/programas-de-investigacion\/pimeage\/#primaryimage","url":"https:\/\/www.economicas.uba.ar\/wp-content\/uploads\/2015\/11\/programa-perteneciente-a-IADCOM.jpg","contentUrl":"https:\/\/www.economicas.uba.ar\/wp-content\/uploads\/2015\/11\/programa-perteneciente-a-IADCOM.jpg"},{"@type":"BreadcrumbList","@id":"https:\/\/www.economicas.uba.ar\/investigacion\/programas-de-investigacion\/pimeage\/#breadcrumb","itemListElement":[{"@type":"ListItem","position":1,"name":"Inicio","item":"https:\/\/www.economicas.uba.ar\/investigacion\/"},{"@type":"ListItem","position":2,"name":"Programas de investigaci\u00f3n","item":"https:\/\/www.economicas.uba.ar\/investigacion\/programas-de-investigacion\/"},{"@type":"ListItem","position":3,"name":"pimeage"}]},{"@type":"WebSite","@id":"https:\/\/www.economicas.uba.ar\/investigacion\/#website","url":"https:\/\/www.economicas.uba.ar\/investigacion\/","name":"Investigaci\u00f3n FCE","description":"","publisher":{"@id":"https:\/\/www.economicas.uba.ar\/investigacion\/#organization"},"potentialAction":[{"@type":"SearchAction","target":{"@type":"EntryPoint","urlTemplate":"https:\/\/www.economicas.uba.ar\/investigacion\/?s={search_term_string}"},"query-input":{"@type":"PropertyValueSpecification","valueRequired":true,"valueName":"search_term_string"}}],"inLanguage":"es-AR"},{"@type":"Organization","@id":"https:\/\/www.economicas.uba.ar\/investigacion\/#organization","name":"Investigaci\u00f3n FCE","url":"https:\/\/www.economicas.uba.ar\/investigacion\/","logo":{"@type":"ImageObject","inLanguage":"es-AR","@id":"https:\/\/www.economicas.uba.ar\/investigacion\/#\/schema\/logo\/image\/","url":"https:\/\/www.economicas.uba.ar\/investigacion\/wp-content\/uploads\/logo_2023.png","contentUrl":"https:\/\/www.economicas.uba.ar\/investigacion\/wp-content\/uploads\/logo_2023.png","width":292,"height":81,"caption":"Investigaci\u00f3n FCE"},"image":{"@id":"https:\/\/www.economicas.uba.ar\/investigacion\/#\/schema\/logo\/image\/"}}]}},"_links":{"self":[{"href":"https:\/\/www.economicas.uba.ar\/investigacion\/wp-json\/wp\/v2\/pages\/1645","targetHints":{"allow":["GET"]}}],"collection":[{"href":"https:\/\/www.economicas.uba.ar\/investigacion\/wp-json\/wp\/v2\/pages"}],"about":[{"href":"https:\/\/www.economicas.uba.ar\/investigacion\/wp-json\/wp\/v2\/types\/page"}],"author":[{"embeddable":true,"href":"https:\/\/www.economicas.uba.ar\/investigacion\/wp-json\/wp\/v2\/users\/25"}],"replies":[{"embeddable":true,"href":"https:\/\/www.economicas.uba.ar\/investigacion\/wp-json\/wp\/v2\/comments?post=1645"}],"version-history":[{"count":19,"href":"https:\/\/www.economicas.uba.ar\/investigacion\/wp-json\/wp\/v2\/pages\/1645\/revisions"}],"predecessor-version":[{"id":8730,"href":"https:\/\/www.economicas.uba.ar\/investigacion\/wp-json\/wp\/v2\/pages\/1645\/revisions\/8730"}],"up":[{"embeddable":true,"href":"https:\/\/www.economicas.uba.ar\/investigacion\/wp-json\/wp\/v2\/pages\/1632"}],"wp:attachment":[{"href":"https:\/\/www.economicas.uba.ar\/investigacion\/wp-json\/wp\/v2\/media?parent=1645"}],"curies":[{"name":"wp","href":"https:\/\/api.w.org\/{rel}","templated":true}]}}