{"id":1658,"date":"2023-08-16T10:01:14","date_gmt":"2023-08-16T13:01:14","guid":{"rendered":"https:\/\/www.economicas.uba.ar\/investigacion\/?page_id=1658"},"modified":"2026-03-20T10:47:56","modified_gmt":"2026-03-20T13:47:56","slug":"pritus","status":"publish","type":"page","link":"https:\/\/www.economicas.uba.ar\/investigacion\/programas-de-investigacion\/pritus\/","title":{"rendered":"pritus"},"content":{"rendered":"\t\t<div data-elementor-type=\"wp-page\" data-elementor-id=\"1658\" class=\"elementor elementor-1658\" data-elementor-post-type=\"page\">\n\t\t\t\t<div class=\"elementor-element elementor-element-785d0a7c e-flex e-con-boxed e-con e-parent\" data-id=\"785d0a7c\" data-element_type=\"container\" data-e-type=\"container\">\n\t\t\t\t\t<div class=\"e-con-inner\">\n\t\t\t\t<div class=\"elementor-element elementor-element-7804597d elementor-widget elementor-widget-eael-adv-accordion\" data-id=\"7804597d\" data-element_type=\"widget\" data-e-type=\"widget\" data-widget_type=\"eael-adv-accordion.default\">\n\t\t\t\t<div class=\"elementor-widget-container\">\n\t\t\t\t\t            <div class=\"eael-adv-accordion\" id=\"eael-adv-accordion-7804597d\" data-scroll-on-click=\"no\" data-scroll-speed=\"300\" data-accordion-id=\"7804597d\" data-accordion-type=\"accordion\" data-toogle-speed=\"300\">\n            <div class=\"eael-accordion-list\">\n\t\t\t\t\t<div id=\"inicio\" class=\"elementor-tab-title eael-accordion-header active-default\" tabindex=\"0\" data-tab=\"1\" aria-controls=\"elementor-tab-content-2011\"><span class=\"eael-accordion-tab-title\">Inicio<\/span><span class=\"eael-advanced-accordion-icon-closed\"><i aria-hidden=\"true\" class=\"fa-accordion-icon fas fa-chevron-down\"><\/i><\/span><span class=\"eael-advanced-accordion-icon-opened\"><i aria-hidden=\"true\" class=\"fa-accordion-icon fas fa-angle-up\"><\/i><\/span><\/div><div id=\"elementor-tab-content-2011\" class=\"eael-accordion-content clearfix active-default\" data-tab=\"1\" aria-labelledby=\"inicio\"><div class=\"rtecenter\"><div class=\"rtecenter\"><p><a href=\"https:\/\/www.economicas.uba.ar\/iadcom\"><img fetchpriority=\"high\" decoding=\"async\" class=\"alignnone wp-image-7921 size-full\" src=\"https:\/\/www.economicas.uba.ar\/wp-content\/uploads\/2015\/11\/programa-perteneciente-a-IADCOM.jpg\" sizes=\"(max-width: 840px) 100vw, 840px\" srcset=\"https:\/\/www.economicas.uba.ar\/wp-content\/uploads\/2015\/11\/programa-perteneciente-a-IADCOM.jpg 840w, https:\/\/www.economicas.uba.ar\/wp-content\/uploads\/2015\/11\/programa-perteneciente-a-IADCOM-300x25.jpg 300w, https:\/\/www.economicas.uba.ar\/wp-content\/uploads\/2015\/11\/programa-perteneciente-a-IADCOM-768x65.jpg 768w\" alt=\"\" width=\"840\" height=\"71\" \/><\/a><\/p><p>El Programa de Investigaci\u00f3n en Turismo y Sociedad (PRITUS) funciona en el \u00e1mbito de Centro de Estudios Organizacionales dependiente del Instituto de Investigaciones Administrativas de la Facultad de Ciencias Econ\u00f3micas de la Universidad de Buenos Aires.<\/p><p>El Programa, creado por Res.CD. 960\/06, formaliza el trabajo acad\u00e9mico e interdisciplinario que se viene realizando desde hace varios a\u00f1os sobre la problem\u00e1tica. El objetivo general es: realizar estudios, investigaciones y actividades acad\u00e9micas orientadas a comprender y explicar, en sus causas y consecuencias, procesos de crecimiento y desarrollo del turismo con especial atenci\u00f3n al \u00e1mbito Argentino y Latinoamericano.<\/p><p>El PRITUS\u00a0es un espacio acad\u00e9mico de investigaci\u00f3n y docencia que desarrolla sus actividades en el marco de un sistema universitario democr\u00e1tico, critico, creativo y comprometido con la sociedad.<\/p><\/div><\/div><\/div>\n\t\t\t\t\t<\/div><div class=\"eael-accordion-list\">\n\t\t\t\t\t<div id=\"autoridades\" class=\"elementor-tab-title eael-accordion-header\" tabindex=\"0\" data-tab=\"2\" aria-controls=\"elementor-tab-content-2012\"><span class=\"eael-accordion-tab-title\">Autoridades<\/span><span class=\"eael-advanced-accordion-icon-closed\"><i aria-hidden=\"true\" class=\"fa-accordion-icon fas fa-chevron-down\"><\/i><\/span><span class=\"eael-advanced-accordion-icon-opened\"><i aria-hidden=\"true\" class=\"fa-accordion-icon fas fa-angle-up\"><\/i><\/span><\/div><div id=\"elementor-tab-content-2012\" class=\"eael-accordion-content clearfix\" data-tab=\"2\" aria-labelledby=\"autoridades\"><div class=\"rtecenter\"><div class=\"rtecenter\"><p><strong>Coordinador<\/strong><\/p><p>Lic. Alejandro CAPANEGRA (Investigador FCE UBA)<\/p><p><strong>Investigadores Regulares<\/strong><\/p><p>Mg. Martha Nepomneschi<\/p><p>Lic. Cristina Tomadoni<\/p><p>Lic. Miguel A. Acu\u00f1a<\/p><\/div><\/div><\/div>\n\t\t\t\t\t<\/div><div class=\"eael-accordion-list\">\n\t\t\t\t\t<div id=\"contacto\" class=\"elementor-tab-title eael-accordion-header\" tabindex=\"0\" data-tab=\"3\" aria-controls=\"elementor-tab-content-2013\"><span class=\"eael-accordion-tab-title\">Contacto<\/span><span class=\"eael-advanced-accordion-icon-closed\"><i aria-hidden=\"true\" class=\"fa-accordion-icon fas fa-chevron-down\"><\/i><\/span><span class=\"eael-advanced-accordion-icon-opened\"><i aria-hidden=\"true\" class=\"fa-accordion-icon fas fa-angle-up\"><\/i><\/span><\/div><div id=\"elementor-tab-content-2013\" class=\"eael-accordion-content clearfix\" data-tab=\"3\" aria-labelledby=\"contacto\"><div class=\"rtecenter\"><div class=\"rtecenter\"><h6><strong>PRITUS \u2013 CEO<\/strong><\/h6><p>Av. C\u00f3rdoba 2122 1\u00ba piso Of. 111 (C1120AAQ) Ciudad de Buenos Aires, Argentina.<\/p><p>Tel.: +54 11 4370-6151<\/p><p>Mail:\u00a0<a href=\"mailto:pritus@econ.uba.ar\">pritus@econ.uba.ar<\/a>\u00a0\/\u00a0<a href=\"mailto:pritusceo@yahoo.com.ar\">pritusceo@yahoo.com.ar<\/a><\/p><\/div><\/div><\/div>\n\t\t\t\t\t<\/div><\/div>\t\t\t\t<\/div>\n\t\t\t\t<\/div>\n\t\t\t\t\t<\/div>\n\t\t\t\t<\/div>\n\t\t\t\t<\/div>\n\t\t","protected":false},"excerpt":{"rendered":"<p>Inicio El Programa de Investigaci\u00f3n en Turismo y Sociedad (PRITUS) funciona en el \u00e1mbito de Centro de Estudios Organizacionales dependiente del Instituto de Investigaciones Administrativas de la Facultad de Ciencias<\/p>\n","protected":false},"author":8,"featured_media":0,"parent":1632,"menu_order":0,"comment_status":"closed","ping_status":"closed","template":"elementor_header_footer","meta":{"footnotes":""},"class_list":["post-1658","page","type-page","status-publish","hentry"],"yoast_head":"<!-- This site is optimized with the Yoast SEO plugin v27.3 - https:\/\/yoast.com\/product\/yoast-seo-wordpress\/ -->\n<title>pritus - Investigaci\u00f3n<\/title>\n<meta name=\"robots\" content=\"index, follow, max-snippet:-1, max-image-preview:large, max-video-preview:-1\" \/>\n<link rel=\"canonical\" href=\"https:\/\/www.economicas.uba.ar\/investigacion\/programas-de-investigacion\/pritus\/\" \/>\n<meta property=\"og:locale\" content=\"es_ES\" \/>\n<meta property=\"og:type\" content=\"article\" \/>\n<meta property=\"og:title\" content=\"pritus - Investigaci\u00f3n\" \/>\n<meta property=\"og:description\" content=\"Inicio El Programa de Investigaci\u00f3n en Turismo y Sociedad (PRITUS) funciona en el \u00e1mbito de Centro de Estudios Organizacionales dependiente del Instituto de Investigaciones Administrativas de la Facultad de Ciencias\" \/>\n<meta property=\"og:url\" content=\"https:\/\/www.economicas.uba.ar\/investigacion\/programas-de-investigacion\/pritus\/\" \/>\n<meta property=\"og:site_name\" content=\"Investigaci\u00f3n\" \/>\n<meta property=\"article:modified_time\" content=\"2026-03-20T13:47:56+00:00\" \/>\n<meta name=\"twitter:card\" content=\"summary_large_image\" \/>\n<meta name=\"twitter:label1\" content=\"Tiempo de lectura\" \/>\n\t<meta name=\"twitter:data1\" content=\"1 minuto\" \/>\n<script type=\"application\/ld+json\" class=\"yoast-schema-graph\">{\"@context\":\"https:\\\/\\\/schema.org\",\"@graph\":[{\"@type\":\"WebPage\",\"@id\":\"https:\\\/\\\/www.economicas.uba.ar\\\/investigacion\\\/programas-de-investigacion\\\/pritus\\\/\",\"url\":\"https:\\\/\\\/www.economicas.uba.ar\\\/investigacion\\\/programas-de-investigacion\\\/pritus\\\/\",\"name\":\"pritus - Investigaci\u00f3n\",\"isPartOf\":{\"@id\":\"https:\\\/\\\/www.economicas.uba.ar\\\/investigacion\\\/#website\"},\"primaryImageOfPage\":{\"@id\":\"https:\\\/\\\/www.economicas.uba.ar\\\/investigacion\\\/programas-de-investigacion\\\/pritus\\\/#primaryimage\"},\"image\":{\"@id\":\"https:\\\/\\\/www.economicas.uba.ar\\\/investigacion\\\/programas-de-investigacion\\\/pritus\\\/#primaryimage\"},\"thumbnailUrl\":\"https:\\\/\\\/www.economicas.uba.ar\\\/wp-content\\\/uploads\\\/2015\\\/11\\\/programa-perteneciente-a-IADCOM.jpg\",\"datePublished\":\"2023-08-16T13:01:14+00:00\",\"dateModified\":\"2026-03-20T13:47:56+00:00\",\"breadcrumb\":{\"@id\":\"https:\\\/\\\/www.economicas.uba.ar\\\/investigacion\\\/programas-de-investigacion\\\/pritus\\\/#breadcrumb\"},\"inLanguage\":\"es-AR\",\"potentialAction\":[{\"@type\":\"ReadAction\",\"target\":[\"https:\\\/\\\/www.economicas.uba.ar\\\/investigacion\\\/programas-de-investigacion\\\/pritus\\\/\"]}]},{\"@type\":\"ImageObject\",\"inLanguage\":\"es-AR\",\"@id\":\"https:\\\/\\\/www.economicas.uba.ar\\\/investigacion\\\/programas-de-investigacion\\\/pritus\\\/#primaryimage\",\"url\":\"https:\\\/\\\/www.economicas.uba.ar\\\/wp-content\\\/uploads\\\/2015\\\/11\\\/programa-perteneciente-a-IADCOM.jpg\",\"contentUrl\":\"https:\\\/\\\/www.economicas.uba.ar\\\/wp-content\\\/uploads\\\/2015\\\/11\\\/programa-perteneciente-a-IADCOM.jpg\"},{\"@type\":\"BreadcrumbList\",\"@id\":\"https:\\\/\\\/www.economicas.uba.ar\\\/investigacion\\\/programas-de-investigacion\\\/pritus\\\/#breadcrumb\",\"itemListElement\":[{\"@type\":\"ListItem\",\"position\":1,\"name\":\"Inicio\",\"item\":\"https:\\\/\\\/www.economicas.uba.ar\\\/investigacion\\\/\"},{\"@type\":\"ListItem\",\"position\":2,\"name\":\"Programas de investigaci\u00f3n\",\"item\":\"https:\\\/\\\/www.economicas.uba.ar\\\/investigacion\\\/programas-de-investigacion\\\/\"},{\"@type\":\"ListItem\",\"position\":3,\"name\":\"pritus\"}]},{\"@type\":\"WebSite\",\"@id\":\"https:\\\/\\\/www.economicas.uba.ar\\\/investigacion\\\/#website\",\"url\":\"https:\\\/\\\/www.economicas.uba.ar\\\/investigacion\\\/\",\"name\":\"Investigaci\u00f3n FCE\",\"description\":\"\",\"publisher\":{\"@id\":\"https:\\\/\\\/www.economicas.uba.ar\\\/investigacion\\\/#organization\"},\"potentialAction\":[{\"@type\":\"SearchAction\",\"target\":{\"@type\":\"EntryPoint\",\"urlTemplate\":\"https:\\\/\\\/www.economicas.uba.ar\\\/investigacion\\\/?s={search_term_string}\"},\"query-input\":{\"@type\":\"PropertyValueSpecification\",\"valueRequired\":true,\"valueName\":\"search_term_string\"}}],\"inLanguage\":\"es-AR\"},{\"@type\":\"Organization\",\"@id\":\"https:\\\/\\\/www.economicas.uba.ar\\\/investigacion\\\/#organization\",\"name\":\"Investigaci\u00f3n FCE\",\"url\":\"https:\\\/\\\/www.economicas.uba.ar\\\/investigacion\\\/\",\"logo\":{\"@type\":\"ImageObject\",\"inLanguage\":\"es-AR\",\"@id\":\"https:\\\/\\\/www.economicas.uba.ar\\\/investigacion\\\/#\\\/schema\\\/logo\\\/image\\\/\",\"url\":\"https:\\\/\\\/www.economicas.uba.ar\\\/investigacion\\\/wp-content\\\/uploads\\\/logo_2023.png\",\"contentUrl\":\"https:\\\/\\\/www.economicas.uba.ar\\\/investigacion\\\/wp-content\\\/uploads\\\/logo_2023.png\",\"width\":292,\"height\":81,\"caption\":\"Investigaci\u00f3n FCE\"},\"image\":{\"@id\":\"https:\\\/\\\/www.economicas.uba.ar\\\/investigacion\\\/#\\\/schema\\\/logo\\\/image\\\/\"}}]}<\/script>\n<!-- \/ Yoast SEO plugin. -->","yoast_head_json":{"title":"pritus - Investigaci\u00f3n","robots":{"index":"index","follow":"follow","max-snippet":"max-snippet:-1","max-image-preview":"max-image-preview:large","max-video-preview":"max-video-preview:-1"},"canonical":"https:\/\/www.economicas.uba.ar\/investigacion\/programas-de-investigacion\/pritus\/","og_locale":"es_ES","og_type":"article","og_title":"pritus - Investigaci\u00f3n","og_description":"Inicio El Programa de Investigaci\u00f3n en Turismo y Sociedad (PRITUS) funciona en el \u00e1mbito de Centro de Estudios Organizacionales dependiente del Instituto de Investigaciones Administrativas de la Facultad de Ciencias","og_url":"https:\/\/www.economicas.uba.ar\/investigacion\/programas-de-investigacion\/pritus\/","og_site_name":"Investigaci\u00f3n","article_modified_time":"2026-03-20T13:47:56+00:00","twitter_card":"summary_large_image","twitter_misc":{"Tiempo de lectura":"1 minuto"},"schema":{"@context":"https:\/\/schema.org","@graph":[{"@type":"WebPage","@id":"https:\/\/www.economicas.uba.ar\/investigacion\/programas-de-investigacion\/pritus\/","url":"https:\/\/www.economicas.uba.ar\/investigacion\/programas-de-investigacion\/pritus\/","name":"pritus - Investigaci\u00f3n","isPartOf":{"@id":"https:\/\/www.economicas.uba.ar\/investigacion\/#website"},"primaryImageOfPage":{"@id":"https:\/\/www.economicas.uba.ar\/investigacion\/programas-de-investigacion\/pritus\/#primaryimage"},"image":{"@id":"https:\/\/www.economicas.uba.ar\/investigacion\/programas-de-investigacion\/pritus\/#primaryimage"},"thumbnailUrl":"https:\/\/www.economicas.uba.ar\/wp-content\/uploads\/2015\/11\/programa-perteneciente-a-IADCOM.jpg","datePublished":"2023-08-16T13:01:14+00:00","dateModified":"2026-03-20T13:47:56+00:00","breadcrumb":{"@id":"https:\/\/www.economicas.uba.ar\/investigacion\/programas-de-investigacion\/pritus\/#breadcrumb"},"inLanguage":"es-AR","potentialAction":[{"@type":"ReadAction","target":["https:\/\/www.economicas.uba.ar\/investigacion\/programas-de-investigacion\/pritus\/"]}]},{"@type":"ImageObject","inLanguage":"es-AR","@id":"https:\/\/www.economicas.uba.ar\/investigacion\/programas-de-investigacion\/pritus\/#primaryimage","url":"https:\/\/www.economicas.uba.ar\/wp-content\/uploads\/2015\/11\/programa-perteneciente-a-IADCOM.jpg","contentUrl":"https:\/\/www.economicas.uba.ar\/wp-content\/uploads\/2015\/11\/programa-perteneciente-a-IADCOM.jpg"},{"@type":"BreadcrumbList","@id":"https:\/\/www.economicas.uba.ar\/investigacion\/programas-de-investigacion\/pritus\/#breadcrumb","itemListElement":[{"@type":"ListItem","position":1,"name":"Inicio","item":"https:\/\/www.economicas.uba.ar\/investigacion\/"},{"@type":"ListItem","position":2,"name":"Programas de investigaci\u00f3n","item":"https:\/\/www.economicas.uba.ar\/investigacion\/programas-de-investigacion\/"},{"@type":"ListItem","position":3,"name":"pritus"}]},{"@type":"WebSite","@id":"https:\/\/www.economicas.uba.ar\/investigacion\/#website","url":"https:\/\/www.economicas.uba.ar\/investigacion\/","name":"Investigaci\u00f3n FCE","description":"","publisher":{"@id":"https:\/\/www.economicas.uba.ar\/investigacion\/#organization"},"potentialAction":[{"@type":"SearchAction","target":{"@type":"EntryPoint","urlTemplate":"https:\/\/www.economicas.uba.ar\/investigacion\/?s={search_term_string}"},"query-input":{"@type":"PropertyValueSpecification","valueRequired":true,"valueName":"search_term_string"}}],"inLanguage":"es-AR"},{"@type":"Organization","@id":"https:\/\/www.economicas.uba.ar\/investigacion\/#organization","name":"Investigaci\u00f3n FCE","url":"https:\/\/www.economicas.uba.ar\/investigacion\/","logo":{"@type":"ImageObject","inLanguage":"es-AR","@id":"https:\/\/www.economicas.uba.ar\/investigacion\/#\/schema\/logo\/image\/","url":"https:\/\/www.economicas.uba.ar\/investigacion\/wp-content\/uploads\/logo_2023.png","contentUrl":"https:\/\/www.economicas.uba.ar\/investigacion\/wp-content\/uploads\/logo_2023.png","width":292,"height":81,"caption":"Investigaci\u00f3n FCE"},"image":{"@id":"https:\/\/www.economicas.uba.ar\/investigacion\/#\/schema\/logo\/image\/"}}]}},"_links":{"self":[{"href":"https:\/\/www.economicas.uba.ar\/investigacion\/wp-json\/wp\/v2\/pages\/1658","targetHints":{"allow":["GET"]}}],"collection":[{"href":"https:\/\/www.economicas.uba.ar\/investigacion\/wp-json\/wp\/v2\/pages"}],"about":[{"href":"https:\/\/www.economicas.uba.ar\/investigacion\/wp-json\/wp\/v2\/types\/page"}],"author":[{"embeddable":true,"href":"https:\/\/www.economicas.uba.ar\/investigacion\/wp-json\/wp\/v2\/users\/8"}],"replies":[{"embeddable":true,"href":"https:\/\/www.economicas.uba.ar\/investigacion\/wp-json\/wp\/v2\/comments?post=1658"}],"version-history":[{"count":10,"href":"https:\/\/www.economicas.uba.ar\/investigacion\/wp-json\/wp\/v2\/pages\/1658\/revisions"}],"predecessor-version":[{"id":8736,"href":"https:\/\/www.economicas.uba.ar\/investigacion\/wp-json\/wp\/v2\/pages\/1658\/revisions\/8736"}],"up":[{"embeddable":true,"href":"https:\/\/www.economicas.uba.ar\/investigacion\/wp-json\/wp\/v2\/pages\/1632"}],"wp:attachment":[{"href":"https:\/\/www.economicas.uba.ar\/investigacion\/wp-json\/wp\/v2\/media?parent=1658"}],"curies":[{"name":"wp","href":"https:\/\/api.w.org\/{rel}","templated":true}]}}