{"id":2146,"date":"2023-08-31T11:14:25","date_gmt":"2023-08-31T14:14:25","guid":{"rendered":"https:\/\/www.economicas.uba.ar\/investigacion\/?page_id=2146"},"modified":"2023-08-31T11:15:23","modified_gmt":"2023-08-31T14:15:23","slug":"cuadernos-del-ceped","status":"publish","type":"page","link":"https:\/\/www.economicas.uba.ar\/investigacion\/institutos-y-centros\/ceped\/cuadernos-del-ceped\/","title":{"rendered":"cuadernos del ceped"},"content":{"rendered":"\t\t<div data-elementor-type=\"wp-page\" data-elementor-id=\"2146\" class=\"elementor elementor-2146\" data-elementor-post-type=\"page\">\n\t\t\t\t<div class=\"elementor-element elementor-element-442f3d0d e-con-full e-flex e-con e-parent\" data-id=\"442f3d0d\" data-element_type=\"container\" data-e-type=\"container\" data-settings=\"{&quot;background_background&quot;:&quot;classic&quot;}\">\n\t\t<div class=\"elementor-element elementor-element-56ba770a e-flex e-con-boxed e-con e-parent\" data-id=\"56ba770a\" data-element_type=\"container\" data-e-type=\"container\">\n\t\t\t\t\t<div class=\"e-con-inner\">\n\t\t\t\t\t<\/div>\n\t\t\t\t<\/div>\n\t\t<div class=\"elementor-element elementor-element-315e7aae e-flex e-con-boxed e-con e-parent\" data-id=\"315e7aae\" data-element_type=\"container\" data-e-type=\"container\">\n\t\t\t\t\t<div class=\"e-con-inner\">\n\t\t\t\t<div class=\"elementor-element elementor-element-3431a0ee elementor-widget elementor-widget-heading\" data-id=\"3431a0ee\" data-element_type=\"widget\" data-e-type=\"widget\" data-widget_type=\"heading.default\">\n\t\t\t\t<div class=\"elementor-widget-container\">\n\t\t\t\t\t<h2 class=\"elementor-heading-title elementor-size-default\">CEPED<\/h2>\t\t\t\t<\/div>\n\t\t\t\t<\/div>\n\t\t\t\t\t<\/div>\n\t\t\t\t<\/div>\n\t\t\t\t<\/div>\n\t\t<div class=\"elementor-element elementor-element-785d0a7c e-flex e-con-boxed e-con e-parent\" data-id=\"785d0a7c\" data-element_type=\"container\" data-e-type=\"container\">\n\t\t\t\t\t<div class=\"e-con-inner\">\n\t\t\t\t<div class=\"elementor-element elementor-element-7804597d elementor-widget elementor-widget-eael-adv-accordion\" data-id=\"7804597d\" data-element_type=\"widget\" data-e-type=\"widget\" data-widget_type=\"eael-adv-accordion.default\">\n\t\t\t\t<div class=\"elementor-widget-container\">\n\t\t\t\t\t            <div class=\"eael-adv-accordion\" id=\"eael-adv-accordion-7804597d\" data-scroll-on-click=\"no\" data-scroll-speed=\"300\" data-accordion-id=\"7804597d\" data-accordion-type=\"accordion\" data-toogle-speed=\"300\">\n            <div class=\"eael-accordion-list\">\n\t\t\t\t\t<div id=\"centro-de-estudios-sobre-poblacin-empleo-y-desarrollo-ceped\" class=\"elementor-tab-title eael-accordion-header active-default\" tabindex=\"0\" data-tab=\"1\" aria-controls=\"elementor-tab-content-2011\"><span class=\"eael-accordion-tab-title\">Centro de Estudios sobre Poblaci\u00f3n, Empleo y Desarrollo - CEPED<\/span><span class=\"eael-advanced-accordion-icon-closed\"><i aria-hidden=\"true\" class=\"fa-accordion-icon fas fa-chevron-down\"><\/i><\/span><span class=\"eael-advanced-accordion-icon-opened\"><\/span><\/div><div id=\"elementor-tab-content-2011\" class=\"eael-accordion-content clearfix active-default\" data-tab=\"1\" aria-labelledby=\"centro-de-estudios-sobre-poblacin-empleo-y-desarrollo-ceped\"><p class=\"txt\"><a href=\"http:\/\/bibliotecadigital.econ.uba.ar\/?c=docin&amp;a=d&amp;d=docin_ceped_c_011\"><strong>Cuadernos del CEPED N\u00ba 11<\/strong><\/a><a class=\"linksinternos\" href=\"http:\/\/www.econ.uba.ar\/www\/institutos\/economia\/ceped\/publicaciones\/cuaderno11.html\"><br \/><\/a><span class=\"txt\">Leopoldo Halperin Weisburd (director)<br \/><strong>Problemas de g\u00e9nero en la Argentina del siglo XXI: feminizaci\u00f3n de la pobreza e inequidad del mercado laboral.\u00a0<br \/><\/strong>2011.<\/span><\/p><p><strong><a href=\"http:\/\/bibliotecadigital.econ.uba.ar\/?c=docin&amp;a=d&amp;d=docin_ceped_c_010\" target=\"_blank\" rel=\"noopener\">Cuadernos del CEPED N\u00ba 10<\/a><a class=\"linksinternos\" href=\"http:\/\/www.econ.uba.ar\/www\/institutos\/economia\/ceped\/publicaciones\/cuaderno10.html\"><br \/><\/a><\/strong>Leopoldo Halperin Weisburd (director)<br \/><strong>Pol\u00edticas Sociales en la Argentina. Entre la ciudadan\u00eda plena y el asistencialismo focalizado en la contenci\u00f3n del pauperismo.<\/strong><br \/>FCE-UBA, Buenos Aires, 2007.<\/p><p><a href=\"http:\/\/bibliotecadigital.econ.uba.ar\/?c=docin&amp;a=d&amp;d=docin_ceped_c_009\" target=\"_blank\" rel=\"noopener\"><strong>Cuadernos del CEPED N\u00ba 9<\/strong><\/a><br \/><span class=\"txt\">Leopoldo Halperin Weisburd (director)<br \/><strong>Privatizaciones y Pobreza. Impacto social de la privatizaci\u00f3n en la rama metal\u00fargica en el eje del Paran\u00e1.<\/strong><br \/>2005.<\/span><\/p><p><a href=\"http:\/\/bibliotecadigital.econ.uba.ar\/?c=docin&amp;a=d&amp;d=docin_ceped_c_008\" target=\"_blank\" rel=\"noopener\"><strong>Cuadernos del CEPED N\u00ba 8<\/strong><\/a><br \/><span class=\"txt\">Javier Lindenboim (editor)<br \/><strong>Trabajo, desigualdad y territorio. Las consecuencias del neoliberalismo.<\/strong>\u00a0<br \/>2004.<\/span><\/p><p><a href=\"http:\/\/bibliotecadigital.econ.uba.ar\/?c=docin&amp;a=d&amp;d=docin_ceped_c_007\" target=\"_blank\" rel=\"noopener\"><strong>Cuadernos del CEPED N\u00ba 7<\/strong><\/a><br \/><span class=\"txt\">Javier Lindenboim (editor)<br \/><strong>Metamorfosis del empleo. Diagn\u00f3stico, pol\u00edticas y perspectivas<\/strong>.<br \/>2002.<\/span><\/p><p><a href=\"http:\/\/bibliotecadigital.econ.uba.ar\/?c=docin&amp;a=d&amp;d=docin_ceped_c_006\" target=\"_blank\" rel=\"noopener\"><strong>Cuadernos del CEPED N\u00ba 6<\/strong><\/a><br \/><span class=\"txt\">Alberto M\u00fcller, Mart\u00edn Rapetti y Roc\u00edo Titiunik.<br \/><strong>Desmantelamiento del Estado de Bienestar en la Argentina.<\/strong>\u00a0<br \/>2002.<\/span><\/p><p><a href=\"http:\/\/bibliotecadigital.econ.uba.ar\/?c=docin&amp;a=d&amp;d=docin_ceped_c_005\" target=\"_blank\" rel=\"noopener\"><strong>Cuadernos del CEPED N\u00ba 5<\/strong><\/a><br \/><span class=\"txt\">Javier Lindenboim (editor)<br \/><strong>Crisis y metamorfosis del mercado de trabajo. Parte 2: aportes metodol\u00f3gicos y otras evidencias.<\/strong>\u00a0<br \/>2001.<\/span><\/p><p><span class=\"txt\"><a href=\"http:\/\/bibliotecadigital.econ.uba.ar\/?c=docin&amp;a=d&amp;d=docin_ceped_c_004\" target=\"_blank\" rel=\"noopener\"><strong>Cuadernos del CEPED N\u00ba 4<\/strong><\/a><br \/>Javier Lindenboim (compilador)<br \/><strong>Crisis y metamorfosis del mercado de trabajo. Parte 1: Reflexiones y diagn\u00f3stico.<br \/><\/strong>2000.<\/span><\/p><p class=\"txt\"><a href=\"http:\/\/bibliotecadigital.econ.uba.ar\/?c=docin&amp;a=d&amp;d=docin_ceped_c_003\" target=\"_blank\" rel=\"noopener\"><strong>Cuadernos del CEPED N\u00ba 3<\/strong><\/a><br \/>Luis Ainstein, Jorge L. Karol y Javier Lindenboim<br \/><strong>Modelos de an\u00e1lisis y gesti\u00f3n de redes y componentes urbanos.<br \/><\/strong>2000.<\/p><p class=\"txt\"><strong><a href=\"http:\/\/bibliotecadigital.econ.uba.ar\/?c=docin&amp;a=d&amp;d=docin_ceped_c_002\" target=\"_blank\" rel=\"noopener\">Cuadernos del CEPED N\u00ba 2<\/a><a class=\"linksinternos\" href=\"http:\/\/www.econ.uba.ar\/www\/institutos\/economia\/ceped\/publicaciones\/cuadernosceped\/Cuaderno2.pdf\" target=\"_blank\" rel=\"noopener\"><br \/><\/a><\/strong>Javier Lindenboim (Compilador).<strong><br \/><\/strong>E. Kritz, C. Lozano, A. Marshall, S. Montoya, A. Monza, J. C. Neffa, V. E. Tokman, H. W. Valle<strong><br \/>El desaf\u00edo del empleo a finales del siglo XX.<br \/><\/strong>1998.<\/p><p class=\"txt\"><strong><a href=\"http:\/\/bibliotecadigital.econ.uba.ar\/?c=docin&amp;a=d&amp;d=docin_ceped_c_001\" target=\"_blank\" rel=\"noopener\">Cuadernos del CEPED N\u00ba 1<\/a><a class=\"linksinternos\" href=\"http:\/\/www.econ.uba.ar\/www\/institutos\/economia\/ceped\/publicaciones\/cuadernosceped\/Cuaderno1.pdf\" target=\"_blank\" rel=\"noopener\"><br \/><\/a><\/strong>Javier Lindenboim, Natalia Ramondo y Mar\u00eda Ana Lugo\u00a0<br \/><strong>La poblaci\u00f3n urbana argentina, 1960 \u2013 1991. Revisi\u00f3n metodol\u00f3gica y resultados estad\u00edsticos.\u00a0<br \/><\/strong>1997.\u00a0(Incluido en\u00a0<em><strong>Population Index\u00a0<\/strong><\/em>, Vol. 65 No. 3 Princeton University. [65:30043])<\/p><\/div>\n\t\t\t\t\t<\/div><div class=\"eael-accordion-list\">\n\t\t\t\t\t<div id=\"contacto\" class=\"elementor-tab-title eael-accordion-header\" tabindex=\"0\" data-tab=\"2\" aria-controls=\"elementor-tab-content-2012\"><span class=\"eael-accordion-tab-title\">Contacto<\/span><span class=\"eael-advanced-accordion-icon-closed\"><i aria-hidden=\"true\" class=\"fa-accordion-icon fas fa-chevron-down\"><\/i><\/span><span class=\"eael-advanced-accordion-icon-opened\"><\/span><\/div><div id=\"elementor-tab-content-2012\" class=\"eael-accordion-content clearfix\" data-tab=\"2\" aria-labelledby=\"contacto\"><h6 class=\"txt_big\" style=\"text-align: left\"><span class=\"txt\">CENTRO DE ESTUDIOS SOBRE POBLACI\u00d3N, EMPLEO Y DESARROLLO (CEPED). Instituto de Investigaciones Econ\u00f3micas Universidad de Buenos Aires Av. C\u00f3rdoba 2122, 1er. Piso (C1120AAQ) Buenos Aires Telefax: (54 11) 4374-4448 int. 6492 \/ 6561 Rep\u00fablica Argentina Director: Lic. Javier Lindenboim<\/span>\u00a0<a class=\"letrasmenu\" href=\"mailto:dirceped@econ.uba.ar\"><u>dirceped@econ.uba.ar<\/u><\/a><\/h6><\/div>\n\t\t\t\t\t<\/div><\/div>\t\t\t\t<\/div>\n\t\t\t\t<\/div>\n\t\t\t\t\t<\/div>\n\t\t\t\t<\/div>\n\t\t<div class=\"elementor-element elementor-element-49abd3d9 e-flex e-con-boxed e-con e-parent\" data-id=\"49abd3d9\" data-element_type=\"container\" data-e-type=\"container\">\n\t\t\t\t\t<div class=\"e-con-inner\">\n\t\t\t\t<div class=\"elementor-element elementor-element-4db01974 elementor-widget elementor-widget-spacer\" data-id=\"4db01974\" data-element_type=\"widget\" data-e-type=\"widget\" data-widget_type=\"spacer.default\">\n\t\t\t\t<div class=\"elementor-widget-container\">\n\t\t\t\t\t\t\t<div class=\"elementor-spacer\">\n\t\t\t<div class=\"elementor-spacer-inner\"><\/div>\n\t\t<\/div>\n\t\t\t\t\t\t<\/div>\n\t\t\t\t<\/div>\n\t\t\t\t\t<\/div>\n\t\t\t\t<\/div>\n\t\t\t\t<\/div>\n\t\t","protected":false},"excerpt":{"rendered":"<p>CEPED Centro de Estudios sobre Poblaci\u00f3n, Empleo y Desarrollo &#8211; CEPED Cuadernos del CEPED N\u00ba 11Leopoldo Halperin Weisburd (director)Problemas de g\u00e9nero en la Argentina del siglo XXI: feminizaci\u00f3n de la<\/p>\n","protected":false},"author":8,"featured_media":0,"parent":1484,"menu_order":0,"comment_status":"closed","ping_status":"closed","template":"elementor_header_footer","meta":{"footnotes":""},"class_list":["post-2146","page","type-page","status-publish","hentry"],"yoast_head":"<!-- This site is optimized with the Yoast SEO plugin v27.3 - https:\/\/yoast.com\/product\/yoast-seo-wordpress\/ -->\n<title>cuadernos del ceped - Investigaci\u00f3n<\/title>\n<meta name=\"robots\" content=\"index, follow, max-snippet:-1, max-image-preview:large, max-video-preview:-1\" \/>\n<link rel=\"canonical\" href=\"https:\/\/www.economicas.uba.ar\/investigacion\/institutos-y-centros\/ceped\/cuadernos-del-ceped\/\" \/>\n<meta property=\"og:locale\" content=\"es_ES\" \/>\n<meta property=\"og:type\" content=\"article\" \/>\n<meta property=\"og:title\" content=\"cuadernos del ceped - Investigaci\u00f3n\" \/>\n<meta property=\"og:description\" content=\"CEPED Centro de Estudios sobre Poblaci\u00f3n, Empleo y Desarrollo &#8211; CEPED Cuadernos del CEPED N\u00ba 11Leopoldo Halperin Weisburd (director)Problemas de g\u00e9nero en la Argentina del siglo XXI: feminizaci\u00f3n de la\" \/>\n<meta property=\"og:url\" content=\"https:\/\/www.economicas.uba.ar\/investigacion\/institutos-y-centros\/ceped\/cuadernos-del-ceped\/\" \/>\n<meta property=\"og:site_name\" content=\"Investigaci\u00f3n\" \/>\n<meta property=\"article:modified_time\" content=\"2023-08-31T14:15:23+00:00\" \/>\n<meta name=\"twitter:card\" content=\"summary_large_image\" \/>\n<meta name=\"twitter:label1\" content=\"Tiempo de lectura\" \/>\n\t<meta name=\"twitter:data1\" content=\"2 minutos\" \/>\n<script type=\"application\/ld+json\" class=\"yoast-schema-graph\">{\"@context\":\"https:\\\/\\\/schema.org\",\"@graph\":[{\"@type\":\"WebPage\",\"@id\":\"https:\\\/\\\/www.economicas.uba.ar\\\/investigacion\\\/institutos-y-centros\\\/ceped\\\/cuadernos-del-ceped\\\/\",\"url\":\"https:\\\/\\\/www.economicas.uba.ar\\\/investigacion\\\/institutos-y-centros\\\/ceped\\\/cuadernos-del-ceped\\\/\",\"name\":\"cuadernos del ceped - Investigaci\u00f3n\",\"isPartOf\":{\"@id\":\"https:\\\/\\\/www.economicas.uba.ar\\\/investigacion\\\/#website\"},\"datePublished\":\"2023-08-31T14:14:25+00:00\",\"dateModified\":\"2023-08-31T14:15:23+00:00\",\"breadcrumb\":{\"@id\":\"https:\\\/\\\/www.economicas.uba.ar\\\/investigacion\\\/institutos-y-centros\\\/ceped\\\/cuadernos-del-ceped\\\/#breadcrumb\"},\"inLanguage\":\"es-AR\",\"potentialAction\":[{\"@type\":\"ReadAction\",\"target\":[\"https:\\\/\\\/www.economicas.uba.ar\\\/investigacion\\\/institutos-y-centros\\\/ceped\\\/cuadernos-del-ceped\\\/\"]}]},{\"@type\":\"BreadcrumbList\",\"@id\":\"https:\\\/\\\/www.economicas.uba.ar\\\/investigacion\\\/institutos-y-centros\\\/ceped\\\/cuadernos-del-ceped\\\/#breadcrumb\",\"itemListElement\":[{\"@type\":\"ListItem\",\"position\":1,\"name\":\"Inicio\",\"item\":\"https:\\\/\\\/www.economicas.uba.ar\\\/investigacion\\\/\"},{\"@type\":\"ListItem\",\"position\":2,\"name\":\"Institutos y centros\",\"item\":\"https:\\\/\\\/www.economicas.uba.ar\\\/investigacion\\\/institutos-y-centros\\\/\"},{\"@type\":\"ListItem\",\"position\":3,\"name\":\"CEPED\",\"item\":\"https:\\\/\\\/www.economicas.uba.ar\\\/investigacion\\\/institutos-y-centros\\\/ceped\\\/\"},{\"@type\":\"ListItem\",\"position\":4,\"name\":\"cuadernos del ceped\"}]},{\"@type\":\"WebSite\",\"@id\":\"https:\\\/\\\/www.economicas.uba.ar\\\/investigacion\\\/#website\",\"url\":\"https:\\\/\\\/www.economicas.uba.ar\\\/investigacion\\\/\",\"name\":\"Investigaci\u00f3n FCE\",\"description\":\"\",\"publisher\":{\"@id\":\"https:\\\/\\\/www.economicas.uba.ar\\\/investigacion\\\/#organization\"},\"potentialAction\":[{\"@type\":\"SearchAction\",\"target\":{\"@type\":\"EntryPoint\",\"urlTemplate\":\"https:\\\/\\\/www.economicas.uba.ar\\\/investigacion\\\/?s={search_term_string}\"},\"query-input\":{\"@type\":\"PropertyValueSpecification\",\"valueRequired\":true,\"valueName\":\"search_term_string\"}}],\"inLanguage\":\"es-AR\"},{\"@type\":\"Organization\",\"@id\":\"https:\\\/\\\/www.economicas.uba.ar\\\/investigacion\\\/#organization\",\"name\":\"Investigaci\u00f3n FCE\",\"url\":\"https:\\\/\\\/www.economicas.uba.ar\\\/investigacion\\\/\",\"logo\":{\"@type\":\"ImageObject\",\"inLanguage\":\"es-AR\",\"@id\":\"https:\\\/\\\/www.economicas.uba.ar\\\/investigacion\\\/#\\\/schema\\\/logo\\\/image\\\/\",\"url\":\"https:\\\/\\\/www.economicas.uba.ar\\\/investigacion\\\/wp-content\\\/uploads\\\/logo_2023.png\",\"contentUrl\":\"https:\\\/\\\/www.economicas.uba.ar\\\/investigacion\\\/wp-content\\\/uploads\\\/logo_2023.png\",\"width\":292,\"height\":81,\"caption\":\"Investigaci\u00f3n FCE\"},\"image\":{\"@id\":\"https:\\\/\\\/www.economicas.uba.ar\\\/investigacion\\\/#\\\/schema\\\/logo\\\/image\\\/\"}}]}<\/script>\n<!-- \/ Yoast SEO plugin. -->","yoast_head_json":{"title":"cuadernos del ceped - Investigaci\u00f3n","robots":{"index":"index","follow":"follow","max-snippet":"max-snippet:-1","max-image-preview":"max-image-preview:large","max-video-preview":"max-video-preview:-1"},"canonical":"https:\/\/www.economicas.uba.ar\/investigacion\/institutos-y-centros\/ceped\/cuadernos-del-ceped\/","og_locale":"es_ES","og_type":"article","og_title":"cuadernos del ceped - Investigaci\u00f3n","og_description":"CEPED Centro de Estudios sobre Poblaci\u00f3n, Empleo y Desarrollo &#8211; CEPED Cuadernos del CEPED N\u00ba 11Leopoldo Halperin Weisburd (director)Problemas de g\u00e9nero en la Argentina del siglo XXI: feminizaci\u00f3n de la","og_url":"https:\/\/www.economicas.uba.ar\/investigacion\/institutos-y-centros\/ceped\/cuadernos-del-ceped\/","og_site_name":"Investigaci\u00f3n","article_modified_time":"2023-08-31T14:15:23+00:00","twitter_card":"summary_large_image","twitter_misc":{"Tiempo de lectura":"2 minutos"},"schema":{"@context":"https:\/\/schema.org","@graph":[{"@type":"WebPage","@id":"https:\/\/www.economicas.uba.ar\/investigacion\/institutos-y-centros\/ceped\/cuadernos-del-ceped\/","url":"https:\/\/www.economicas.uba.ar\/investigacion\/institutos-y-centros\/ceped\/cuadernos-del-ceped\/","name":"cuadernos del ceped - Investigaci\u00f3n","isPartOf":{"@id":"https:\/\/www.economicas.uba.ar\/investigacion\/#website"},"datePublished":"2023-08-31T14:14:25+00:00","dateModified":"2023-08-31T14:15:23+00:00","breadcrumb":{"@id":"https:\/\/www.economicas.uba.ar\/investigacion\/institutos-y-centros\/ceped\/cuadernos-del-ceped\/#breadcrumb"},"inLanguage":"es-AR","potentialAction":[{"@type":"ReadAction","target":["https:\/\/www.economicas.uba.ar\/investigacion\/institutos-y-centros\/ceped\/cuadernos-del-ceped\/"]}]},{"@type":"BreadcrumbList","@id":"https:\/\/www.economicas.uba.ar\/investigacion\/institutos-y-centros\/ceped\/cuadernos-del-ceped\/#breadcrumb","itemListElement":[{"@type":"ListItem","position":1,"name":"Inicio","item":"https:\/\/www.economicas.uba.ar\/investigacion\/"},{"@type":"ListItem","position":2,"name":"Institutos y centros","item":"https:\/\/www.economicas.uba.ar\/investigacion\/institutos-y-centros\/"},{"@type":"ListItem","position":3,"name":"CEPED","item":"https:\/\/www.economicas.uba.ar\/investigacion\/institutos-y-centros\/ceped\/"},{"@type":"ListItem","position":4,"name":"cuadernos del ceped"}]},{"@type":"WebSite","@id":"https:\/\/www.economicas.uba.ar\/investigacion\/#website","url":"https:\/\/www.economicas.uba.ar\/investigacion\/","name":"Investigaci\u00f3n FCE","description":"","publisher":{"@id":"https:\/\/www.economicas.uba.ar\/investigacion\/#organization"},"potentialAction":[{"@type":"SearchAction","target":{"@type":"EntryPoint","urlTemplate":"https:\/\/www.economicas.uba.ar\/investigacion\/?s={search_term_string}"},"query-input":{"@type":"PropertyValueSpecification","valueRequired":true,"valueName":"search_term_string"}}],"inLanguage":"es-AR"},{"@type":"Organization","@id":"https:\/\/www.economicas.uba.ar\/investigacion\/#organization","name":"Investigaci\u00f3n FCE","url":"https:\/\/www.economicas.uba.ar\/investigacion\/","logo":{"@type":"ImageObject","inLanguage":"es-AR","@id":"https:\/\/www.economicas.uba.ar\/investigacion\/#\/schema\/logo\/image\/","url":"https:\/\/www.economicas.uba.ar\/investigacion\/wp-content\/uploads\/logo_2023.png","contentUrl":"https:\/\/www.economicas.uba.ar\/investigacion\/wp-content\/uploads\/logo_2023.png","width":292,"height":81,"caption":"Investigaci\u00f3n FCE"},"image":{"@id":"https:\/\/www.economicas.uba.ar\/investigacion\/#\/schema\/logo\/image\/"}}]}},"_links":{"self":[{"href":"https:\/\/www.economicas.uba.ar\/investigacion\/wp-json\/wp\/v2\/pages\/2146","targetHints":{"allow":["GET"]}}],"collection":[{"href":"https:\/\/www.economicas.uba.ar\/investigacion\/wp-json\/wp\/v2\/pages"}],"about":[{"href":"https:\/\/www.economicas.uba.ar\/investigacion\/wp-json\/wp\/v2\/types\/page"}],"author":[{"embeddable":true,"href":"https:\/\/www.economicas.uba.ar\/investigacion\/wp-json\/wp\/v2\/users\/8"}],"replies":[{"embeddable":true,"href":"https:\/\/www.economicas.uba.ar\/investigacion\/wp-json\/wp\/v2\/comments?post=2146"}],"version-history":[{"count":4,"href":"https:\/\/www.economicas.uba.ar\/investigacion\/wp-json\/wp\/v2\/pages\/2146\/revisions"}],"predecessor-version":[{"id":2151,"href":"https:\/\/www.economicas.uba.ar\/investigacion\/wp-json\/wp\/v2\/pages\/2146\/revisions\/2151"}],"up":[{"embeddable":true,"href":"https:\/\/www.economicas.uba.ar\/investigacion\/wp-json\/wp\/v2\/pages\/1484"}],"wp:attachment":[{"href":"https:\/\/www.economicas.uba.ar\/investigacion\/wp-json\/wp\/v2\/media?parent=2146"}],"curies":[{"name":"wp","href":"https:\/\/api.w.org\/{rel}","templated":true}]}}