{"id":2255,"date":"2023-09-05T11:13:17","date_gmt":"2023-09-05T14:13:17","guid":{"rendered":"https:\/\/www.economicas.uba.ar\/investigacion\/?page_id=2255"},"modified":"2023-09-05T11:29:35","modified_gmt":"2023-09-05T14:29:35","slug":"cuadernos-cimbage","status":"publish","type":"page","link":"https:\/\/www.economicas.uba.ar\/investigacion\/institutos-y-centros\/cimbage\/cuadernos-cimbage\/","title":{"rendered":"cuadernos cimbage"},"content":{"rendered":"\t\t<div data-elementor-type=\"wp-page\" data-elementor-id=\"2255\" class=\"elementor elementor-2255\" data-elementor-post-type=\"page\">\n\t\t\t\t<div class=\"elementor-element elementor-element-442f3d0d e-con-full e-flex e-con e-parent\" data-id=\"442f3d0d\" data-element_type=\"container\" data-e-type=\"container\" data-settings=\"{&quot;background_background&quot;:&quot;classic&quot;}\">\n\t\t<div class=\"elementor-element elementor-element-56ba770a e-flex e-con-boxed e-con e-parent\" data-id=\"56ba770a\" data-element_type=\"container\" data-e-type=\"container\">\n\t\t\t\t\t<div class=\"e-con-inner\">\n\t\t\t\t\t<\/div>\n\t\t\t\t<\/div>\n\t\t<div class=\"elementor-element elementor-element-315e7aae e-flex e-con-boxed e-con e-parent\" data-id=\"315e7aae\" data-element_type=\"container\" data-e-type=\"container\">\n\t\t\t\t\t<div class=\"e-con-inner\">\n\t\t\t\t<div class=\"elementor-element elementor-element-3431a0ee elementor-widget elementor-widget-heading\" data-id=\"3431a0ee\" data-element_type=\"widget\" data-e-type=\"widget\" data-widget_type=\"heading.default\">\n\t\t\t\t<div class=\"elementor-widget-container\">\n\t\t\t\t\t<h2 class=\"elementor-heading-title elementor-size-default\">CIMBAGE<\/h2>\t\t\t\t<\/div>\n\t\t\t\t<\/div>\n\t\t\t\t\t<\/div>\n\t\t\t\t<\/div>\n\t\t\t\t<\/div>\n\t\t<div class=\"elementor-element elementor-element-785d0a7c e-flex e-con-boxed e-con e-parent\" data-id=\"785d0a7c\" data-element_type=\"container\" data-e-type=\"container\">\n\t\t\t\t\t<div class=\"e-con-inner\">\n\t\t\t\t<div class=\"elementor-element elementor-element-7804597d elementor-widget elementor-widget-eael-adv-accordion\" data-id=\"7804597d\" data-element_type=\"widget\" data-e-type=\"widget\" data-widget_type=\"eael-adv-accordion.default\">\n\t\t\t\t<div class=\"elementor-widget-container\">\n\t\t\t\t\t            <div class=\"eael-adv-accordion\" id=\"eael-adv-accordion-7804597d\" data-scroll-on-click=\"no\" data-scroll-speed=\"300\" data-accordion-id=\"7804597d\" data-accordion-type=\"accordion\" data-toogle-speed=\"300\">\n            <div class=\"eael-accordion-list\">\n\t\t\t\t\t<div id=\"cuadernos-del-cimbage-\" class=\"elementor-tab-title eael-accordion-header active-default\" tabindex=\"0\" data-tab=\"1\" aria-controls=\"elementor-tab-content-2011\"><span class=\"eael-accordion-tab-title\">Cuadernos del CIMBAGE <\/span><span class=\"eael-advanced-accordion-icon-closed\"><i aria-hidden=\"true\" class=\"fa-accordion-icon fas fa-chevron-down\"><\/i><\/span><span class=\"eael-advanced-accordion-icon-opened\"><\/span><\/div><div id=\"elementor-tab-content-2011\" class=\"eael-accordion-content clearfix active-default\" data-tab=\"1\" aria-labelledby=\"cuadernos-del-cimbage-\"><div class=\"rtecenter\"><div class=\"rtecenter\"><p><a href=\"https:\/\/www.economicas.uba.ar\/wp-content\/uploads\/2016\/03\/cover_issue_279_es_ES.jpg\">\u00a0 \u00a0 \u00a0 \u00a0 \u00a0 \u00a0 \u00a0 \u00a0 \u00a0 \u00a0 \u00a0 \u00a0 \u00a0 \u00a0 \u00a0 \u00a0 \u00a0 \u00a0\u00a0<img fetchpriority=\"high\" decoding=\"async\" class=\"size-medium wp-image-12936 aligncenter\" src=\"https:\/\/www.economicas.uba.ar\/wp-content\/uploads\/2016\/03\/cover_issue_279_es_ES-231x300.jpg\" sizes=\"(max-width: 231px) 100vw, 231px\" srcset=\"https:\/\/www.economicas.uba.ar\/wp-content\/uploads\/2016\/03\/cover_issue_279_es_ES-231x300.jpg 231w, https:\/\/www.economicas.uba.ar\/wp-content\/uploads\/2016\/03\/cover_issue_279_es_ES-768x999.jpg 768w, https:\/\/www.economicas.uba.ar\/wp-content\/uploads\/2016\/03\/cover_issue_279_es_ES-787x1024.jpg 787w\" alt=\"\" width=\"231\" height=\"300\" \/><\/a><\/p><p><a href=\"https:\/\/ojs.econ.uba.ar\/index.php\/CIMBAGE\/issue\/view\/288\">Cuadernos N\u00b0 23_ 2\u00aa edici\u00f3n Diciembre 2021<\/a><\/p><p>Cuadernos del CIMBAGE es una revista semestral. Esta publicaci\u00f3n incluye trabajos sobre aplicaciones de la l\u00f3gica y la matem\u00e1tica a temas de gesti\u00f3n y econom\u00eda. Su objetivo es aumentar la comprensi\u00f3n y difusi\u00f3n de aplicaciones innovadoras a estos temas y promover la colaboraci\u00f3n, y el intercambio entre matem\u00e1ticos, fil\u00f3sofos, epistem\u00f3logos, cient\u00edficos sociales y especialistas en ciencias econ\u00f3micas (actuarios, administradores, contadores y economistas).<\/p><p>Esta revista integra los cat\u00e1logos:<\/p><ul><li><a href=\"http:\/\/www.latindex.unam.mx\/latindex\/ficha?folio=22958\" target=\"_blank\" rel=\"noopener\">Latindex<\/a><\/li><li>UNIRED \u2013 Red de Redes de Informaci\u00f3n econ\u00f3mica y social<\/li><li><a href=\"http:\/\/clase.unam.mx\/\" target=\"_blank\" rel=\"noopener\">CLASE de la UNAM<\/a><\/li><li><a href=\"http:\/\/www.redalyc.org\/home.oa\" target=\"_blank\" rel=\"noopener\">Redalyc<\/a><\/li><li><a href=\"http:\/\/ojs.econ.uba.ar\/ojs\/index.php\/CIMBAGE\/clase.unam.mx\/\">C<\/a><a href=\"http:\/\/ojs.econ.uba.ar\/ojs\/index.php\/CIMBAGE\/clase.unam.mx\/\">lase de la UNAM<\/a><\/li><li><a href=\"http:\/\/repositoriouba.sisbi.uba.ar\/\">Repositorio Digital UBA\u00a0<\/a>\u00a0<\/li><li><a href=\"https:\/\/dialnet.unirioja.es\/servlet\/revista?codigo=10975\">Dialnet\u00a0<\/a>\u00a0\u00a0<\/li><li><a href=\"http:\/\/mjl.clarivate.com\/cgi-bin\/jrnlst\/jlresults.cgi?PC=MASTER&amp;Word=*cimbage\">Emerging Sources Citation Index\u00a0<\/a><\/li><li><a href=\"https:\/\/biblat.unam.mx\/es\/frecuencias\/revista\/cuadernos-del-cimbage\">Biblat<\/a><\/li><li><a href=\"http:\/\/www.redib.org\/recursos\/Record\/oai_revista1452-cuadernos-cimbage\">Redib<\/a>\u00a0<\/li><li><a href=\"https:\/\/www.econbiz.de\/\">EconBiz<\/a><\/li><\/ul><p><strong>ISSN 1666-5112<\/strong><\/p><p><strong>eISSN 1669-1830<\/strong><\/p><hr \/><pre>CONVOCATORIA ABIERTA | Recepci\u00f3n de art\u00edculos permanente<\/pre><hr \/><h5><a href=\"https:\/\/www.economicas.uba.ar\/investigacion\/institutos-y-centros\/cimbage\/cuadernos-cimbage\/comite-cientifico\/\" target=\"_blank\" rel=\"noopener\">COMIT\u00c9 CIENT\u00cdFICO<\/a><\/h5><h5><a href=\"https:\/\/www.economicas.uba.ar\/investigacion\/institutos-y-centros\/cimbage\/cuadernos-cimbage\/consejo-editorial\/\" target=\"_blank\" rel=\"noopener\">CONSEJO EDITORIAL<\/a><\/h5><h5><a href=\"https:\/\/www.economicas.uba.ar\/investigacion\/institutos-y-centros\/cimbage\/cuadernos-cimbage\/ediciones\/\">EDICIONES<\/a><\/h5><h5><a href=\"https:\/\/www.economicas.uba.ar\/investigacion\/wp-content\/uploads\/Instrucciones-para-autores_-Plantilla-Cuadernos-del-CIMBAGE_21.doc\">INSTRUCCIONES PARA AUTORES<\/a><\/h5><\/div><\/div><\/div>\n\t\t\t\t\t<\/div><div class=\"eael-accordion-list\">\n\t\t\t\t\t<div id=\"contacto\" class=\"elementor-tab-title eael-accordion-header\" tabindex=\"0\" data-tab=\"2\" aria-controls=\"elementor-tab-content-2012\"><span class=\"eael-accordion-tab-title\">Contacto<\/span><span class=\"eael-advanced-accordion-icon-closed\"><i aria-hidden=\"true\" class=\"fa-accordion-icon fas fa-chevron-down\"><\/i><\/span><span class=\"eael-advanced-accordion-icon-opened\"><\/span><\/div><div id=\"elementor-tab-content-2012\" class=\"eael-accordion-content clearfix\" data-tab=\"2\" aria-labelledby=\"contacto\"><div class=\"rtecenter\"><div class=\"rtecenter\"><h6><a href=\"https:\/\/www.economicas.uba.ar\/investigacion\/institutos-y-centros\/cimbage\">CENTRO DE INVESTIGACIONES EN METODOLOG\u00cdA BORROSA APLICADAS A LA GESTI\u00d3N Y A LA ECONOM\u00cdA<\/a>\u00a0(CIMBAGE)<\/h6><p class=\"rtecenter\">Av. C\u00f3rdoba 2122, Segundo piso, CABA, Argentina<br \/>Tel\u00e9fono: +54 11 5285 6627<br \/>Correo electr\u00f3nico:\u00a0<a href=\"mailto:ccimbage@econ.uba.ar\">ccimbage@econ.uba.ar<\/a><\/p><\/div><\/div><\/div>\n\t\t\t\t\t<\/div><\/div>\t\t\t\t<\/div>\n\t\t\t\t<\/div>\n\t\t\t\t\t<\/div>\n\t\t\t\t<\/div>\n\t\t<div class=\"elementor-element elementor-element-49abd3d9 e-flex e-con-boxed e-con e-parent\" data-id=\"49abd3d9\" data-element_type=\"container\" data-e-type=\"container\">\n\t\t\t\t\t<div class=\"e-con-inner\">\n\t\t\t\t<div class=\"elementor-element elementor-element-4db01974 elementor-widget elementor-widget-spacer\" data-id=\"4db01974\" data-element_type=\"widget\" data-e-type=\"widget\" data-widget_type=\"spacer.default\">\n\t\t\t\t<div class=\"elementor-widget-container\">\n\t\t\t\t\t\t\t<div class=\"elementor-spacer\">\n\t\t\t<div class=\"elementor-spacer-inner\"><\/div>\n\t\t<\/div>\n\t\t\t\t\t\t<\/div>\n\t\t\t\t<\/div>\n\t\t\t\t\t<\/div>\n\t\t\t\t<\/div>\n\t\t\t\t<\/div>\n\t\t","protected":false},"excerpt":{"rendered":"<p>CIMBAGE Cuadernos del CIMBAGE \u00a0 \u00a0 \u00a0 \u00a0 \u00a0 \u00a0 \u00a0 \u00a0 \u00a0 \u00a0 \u00a0 \u00a0 \u00a0 \u00a0 \u00a0 \u00a0 \u00a0 \u00a0\u00a0 Cuadernos N\u00b0 23_ 2\u00aa edici\u00f3n Diciembre 2021 Cuadernos<\/p>\n","protected":false},"author":8,"featured_media":0,"parent":1599,"menu_order":0,"comment_status":"closed","ping_status":"closed","template":"elementor_header_footer","meta":{"footnotes":""},"class_list":["post-2255","page","type-page","status-publish","hentry"],"yoast_head":"<!-- This site is optimized with the Yoast SEO plugin v27.3 - https:\/\/yoast.com\/product\/yoast-seo-wordpress\/ -->\n<title>cuadernos cimbage - Investigaci\u00f3n<\/title>\n<meta name=\"robots\" content=\"index, follow, max-snippet:-1, max-image-preview:large, max-video-preview:-1\" \/>\n<link rel=\"canonical\" href=\"https:\/\/www.economicas.uba.ar\/investigacion\/institutos-y-centros\/cimbage\/cuadernos-cimbage\/\" \/>\n<meta property=\"og:locale\" content=\"es_ES\" \/>\n<meta property=\"og:type\" content=\"article\" \/>\n<meta property=\"og:title\" content=\"cuadernos cimbage - Investigaci\u00f3n\" \/>\n<meta property=\"og:description\" content=\"CIMBAGE Cuadernos del CIMBAGE \u00a0 \u00a0 \u00a0 \u00a0 \u00a0 \u00a0 \u00a0 \u00a0 \u00a0 \u00a0 \u00a0 \u00a0 \u00a0 \u00a0 \u00a0 \u00a0 \u00a0 \u00a0\u00a0 Cuadernos N\u00b0 23_ 2\u00aa edici\u00f3n Diciembre 2021 Cuadernos\" \/>\n<meta property=\"og:url\" content=\"https:\/\/www.economicas.uba.ar\/investigacion\/institutos-y-centros\/cimbage\/cuadernos-cimbage\/\" \/>\n<meta property=\"og:site_name\" content=\"Investigaci\u00f3n\" \/>\n<meta property=\"article:modified_time\" content=\"2023-09-05T14:29:35+00:00\" \/>\n<meta property=\"og:image\" content=\"https:\/\/www.economicas.uba.ar\/wp-content\/uploads\/2016\/03\/cover_issue_279_es_ES-231x300.jpg\" \/>\n<meta name=\"twitter:card\" content=\"summary_large_image\" \/>\n<meta name=\"twitter:label1\" content=\"Tiempo de lectura\" \/>\n\t<meta name=\"twitter:data1\" content=\"1 minuto\" \/>\n<script type=\"application\/ld+json\" class=\"yoast-schema-graph\">{\"@context\":\"https:\\\/\\\/schema.org\",\"@graph\":[{\"@type\":\"WebPage\",\"@id\":\"https:\\\/\\\/www.economicas.uba.ar\\\/investigacion\\\/institutos-y-centros\\\/cimbage\\\/cuadernos-cimbage\\\/\",\"url\":\"https:\\\/\\\/www.economicas.uba.ar\\\/investigacion\\\/institutos-y-centros\\\/cimbage\\\/cuadernos-cimbage\\\/\",\"name\":\"cuadernos cimbage - Investigaci\u00f3n\",\"isPartOf\":{\"@id\":\"https:\\\/\\\/www.economicas.uba.ar\\\/investigacion\\\/#website\"},\"primaryImageOfPage\":{\"@id\":\"https:\\\/\\\/www.economicas.uba.ar\\\/investigacion\\\/institutos-y-centros\\\/cimbage\\\/cuadernos-cimbage\\\/#primaryimage\"},\"image\":{\"@id\":\"https:\\\/\\\/www.economicas.uba.ar\\\/investigacion\\\/institutos-y-centros\\\/cimbage\\\/cuadernos-cimbage\\\/#primaryimage\"},\"thumbnailUrl\":\"https:\\\/\\\/www.economicas.uba.ar\\\/wp-content\\\/uploads\\\/2016\\\/03\\\/cover_issue_279_es_ES-231x300.jpg\",\"datePublished\":\"2023-09-05T14:13:17+00:00\",\"dateModified\":\"2023-09-05T14:29:35+00:00\",\"breadcrumb\":{\"@id\":\"https:\\\/\\\/www.economicas.uba.ar\\\/investigacion\\\/institutos-y-centros\\\/cimbage\\\/cuadernos-cimbage\\\/#breadcrumb\"},\"inLanguage\":\"es-AR\",\"potentialAction\":[{\"@type\":\"ReadAction\",\"target\":[\"https:\\\/\\\/www.economicas.uba.ar\\\/investigacion\\\/institutos-y-centros\\\/cimbage\\\/cuadernos-cimbage\\\/\"]}]},{\"@type\":\"ImageObject\",\"inLanguage\":\"es-AR\",\"@id\":\"https:\\\/\\\/www.economicas.uba.ar\\\/investigacion\\\/institutos-y-centros\\\/cimbage\\\/cuadernos-cimbage\\\/#primaryimage\",\"url\":\"https:\\\/\\\/www.economicas.uba.ar\\\/wp-content\\\/uploads\\\/2016\\\/03\\\/cover_issue_279_es_ES-231x300.jpg\",\"contentUrl\":\"https:\\\/\\\/www.economicas.uba.ar\\\/wp-content\\\/uploads\\\/2016\\\/03\\\/cover_issue_279_es_ES-231x300.jpg\"},{\"@type\":\"BreadcrumbList\",\"@id\":\"https:\\\/\\\/www.economicas.uba.ar\\\/investigacion\\\/institutos-y-centros\\\/cimbage\\\/cuadernos-cimbage\\\/#breadcrumb\",\"itemListElement\":[{\"@type\":\"ListItem\",\"position\":1,\"name\":\"Inicio\",\"item\":\"https:\\\/\\\/www.economicas.uba.ar\\\/investigacion\\\/\"},{\"@type\":\"ListItem\",\"position\":2,\"name\":\"Institutos y centros\",\"item\":\"https:\\\/\\\/www.economicas.uba.ar\\\/investigacion\\\/institutos-y-centros\\\/\"},{\"@type\":\"ListItem\",\"position\":3,\"name\":\"CIMBAGE\",\"item\":\"https:\\\/\\\/www.economicas.uba.ar\\\/investigacion\\\/institutos-y-centros\\\/cimbage\\\/\"},{\"@type\":\"ListItem\",\"position\":4,\"name\":\"cuadernos cimbage\"}]},{\"@type\":\"WebSite\",\"@id\":\"https:\\\/\\\/www.economicas.uba.ar\\\/investigacion\\\/#website\",\"url\":\"https:\\\/\\\/www.economicas.uba.ar\\\/investigacion\\\/\",\"name\":\"Investigaci\u00f3n FCE\",\"description\":\"\",\"publisher\":{\"@id\":\"https:\\\/\\\/www.economicas.uba.ar\\\/investigacion\\\/#organization\"},\"potentialAction\":[{\"@type\":\"SearchAction\",\"target\":{\"@type\":\"EntryPoint\",\"urlTemplate\":\"https:\\\/\\\/www.economicas.uba.ar\\\/investigacion\\\/?s={search_term_string}\"},\"query-input\":{\"@type\":\"PropertyValueSpecification\",\"valueRequired\":true,\"valueName\":\"search_term_string\"}}],\"inLanguage\":\"es-AR\"},{\"@type\":\"Organization\",\"@id\":\"https:\\\/\\\/www.economicas.uba.ar\\\/investigacion\\\/#organization\",\"name\":\"Investigaci\u00f3n FCE\",\"url\":\"https:\\\/\\\/www.economicas.uba.ar\\\/investigacion\\\/\",\"logo\":{\"@type\":\"ImageObject\",\"inLanguage\":\"es-AR\",\"@id\":\"https:\\\/\\\/www.economicas.uba.ar\\\/investigacion\\\/#\\\/schema\\\/logo\\\/image\\\/\",\"url\":\"https:\\\/\\\/www.economicas.uba.ar\\\/investigacion\\\/wp-content\\\/uploads\\\/logo_2023.png\",\"contentUrl\":\"https:\\\/\\\/www.economicas.uba.ar\\\/investigacion\\\/wp-content\\\/uploads\\\/logo_2023.png\",\"width\":292,\"height\":81,\"caption\":\"Investigaci\u00f3n FCE\"},\"image\":{\"@id\":\"https:\\\/\\\/www.economicas.uba.ar\\\/investigacion\\\/#\\\/schema\\\/logo\\\/image\\\/\"}}]}<\/script>\n<!-- \/ Yoast SEO plugin. -->","yoast_head_json":{"title":"cuadernos cimbage - Investigaci\u00f3n","robots":{"index":"index","follow":"follow","max-snippet":"max-snippet:-1","max-image-preview":"max-image-preview:large","max-video-preview":"max-video-preview:-1"},"canonical":"https:\/\/www.economicas.uba.ar\/investigacion\/institutos-y-centros\/cimbage\/cuadernos-cimbage\/","og_locale":"es_ES","og_type":"article","og_title":"cuadernos cimbage - Investigaci\u00f3n","og_description":"CIMBAGE Cuadernos del CIMBAGE \u00a0 \u00a0 \u00a0 \u00a0 \u00a0 \u00a0 \u00a0 \u00a0 \u00a0 \u00a0 \u00a0 \u00a0 \u00a0 \u00a0 \u00a0 \u00a0 \u00a0 \u00a0\u00a0 Cuadernos N\u00b0 23_ 2\u00aa edici\u00f3n Diciembre 2021 Cuadernos","og_url":"https:\/\/www.economicas.uba.ar\/investigacion\/institutos-y-centros\/cimbage\/cuadernos-cimbage\/","og_site_name":"Investigaci\u00f3n","article_modified_time":"2023-09-05T14:29:35+00:00","og_image":[{"url":"https:\/\/www.economicas.uba.ar\/wp-content\/uploads\/2016\/03\/cover_issue_279_es_ES-231x300.jpg","type":"","width":"","height":""}],"twitter_card":"summary_large_image","twitter_misc":{"Tiempo de lectura":"1 minuto"},"schema":{"@context":"https:\/\/schema.org","@graph":[{"@type":"WebPage","@id":"https:\/\/www.economicas.uba.ar\/investigacion\/institutos-y-centros\/cimbage\/cuadernos-cimbage\/","url":"https:\/\/www.economicas.uba.ar\/investigacion\/institutos-y-centros\/cimbage\/cuadernos-cimbage\/","name":"cuadernos cimbage - Investigaci\u00f3n","isPartOf":{"@id":"https:\/\/www.economicas.uba.ar\/investigacion\/#website"},"primaryImageOfPage":{"@id":"https:\/\/www.economicas.uba.ar\/investigacion\/institutos-y-centros\/cimbage\/cuadernos-cimbage\/#primaryimage"},"image":{"@id":"https:\/\/www.economicas.uba.ar\/investigacion\/institutos-y-centros\/cimbage\/cuadernos-cimbage\/#primaryimage"},"thumbnailUrl":"https:\/\/www.economicas.uba.ar\/wp-content\/uploads\/2016\/03\/cover_issue_279_es_ES-231x300.jpg","datePublished":"2023-09-05T14:13:17+00:00","dateModified":"2023-09-05T14:29:35+00:00","breadcrumb":{"@id":"https:\/\/www.economicas.uba.ar\/investigacion\/institutos-y-centros\/cimbage\/cuadernos-cimbage\/#breadcrumb"},"inLanguage":"es-AR","potentialAction":[{"@type":"ReadAction","target":["https:\/\/www.economicas.uba.ar\/investigacion\/institutos-y-centros\/cimbage\/cuadernos-cimbage\/"]}]},{"@type":"ImageObject","inLanguage":"es-AR","@id":"https:\/\/www.economicas.uba.ar\/investigacion\/institutos-y-centros\/cimbage\/cuadernos-cimbage\/#primaryimage","url":"https:\/\/www.economicas.uba.ar\/wp-content\/uploads\/2016\/03\/cover_issue_279_es_ES-231x300.jpg","contentUrl":"https:\/\/www.economicas.uba.ar\/wp-content\/uploads\/2016\/03\/cover_issue_279_es_ES-231x300.jpg"},{"@type":"BreadcrumbList","@id":"https:\/\/www.economicas.uba.ar\/investigacion\/institutos-y-centros\/cimbage\/cuadernos-cimbage\/#breadcrumb","itemListElement":[{"@type":"ListItem","position":1,"name":"Inicio","item":"https:\/\/www.economicas.uba.ar\/investigacion\/"},{"@type":"ListItem","position":2,"name":"Institutos y centros","item":"https:\/\/www.economicas.uba.ar\/investigacion\/institutos-y-centros\/"},{"@type":"ListItem","position":3,"name":"CIMBAGE","item":"https:\/\/www.economicas.uba.ar\/investigacion\/institutos-y-centros\/cimbage\/"},{"@type":"ListItem","position":4,"name":"cuadernos cimbage"}]},{"@type":"WebSite","@id":"https:\/\/www.economicas.uba.ar\/investigacion\/#website","url":"https:\/\/www.economicas.uba.ar\/investigacion\/","name":"Investigaci\u00f3n FCE","description":"","publisher":{"@id":"https:\/\/www.economicas.uba.ar\/investigacion\/#organization"},"potentialAction":[{"@type":"SearchAction","target":{"@type":"EntryPoint","urlTemplate":"https:\/\/www.economicas.uba.ar\/investigacion\/?s={search_term_string}"},"query-input":{"@type":"PropertyValueSpecification","valueRequired":true,"valueName":"search_term_string"}}],"inLanguage":"es-AR"},{"@type":"Organization","@id":"https:\/\/www.economicas.uba.ar\/investigacion\/#organization","name":"Investigaci\u00f3n FCE","url":"https:\/\/www.economicas.uba.ar\/investigacion\/","logo":{"@type":"ImageObject","inLanguage":"es-AR","@id":"https:\/\/www.economicas.uba.ar\/investigacion\/#\/schema\/logo\/image\/","url":"https:\/\/www.economicas.uba.ar\/investigacion\/wp-content\/uploads\/logo_2023.png","contentUrl":"https:\/\/www.economicas.uba.ar\/investigacion\/wp-content\/uploads\/logo_2023.png","width":292,"height":81,"caption":"Investigaci\u00f3n FCE"},"image":{"@id":"https:\/\/www.economicas.uba.ar\/investigacion\/#\/schema\/logo\/image\/"}}]}},"_links":{"self":[{"href":"https:\/\/www.economicas.uba.ar\/investigacion\/wp-json\/wp\/v2\/pages\/2255","targetHints":{"allow":["GET"]}}],"collection":[{"href":"https:\/\/www.economicas.uba.ar\/investigacion\/wp-json\/wp\/v2\/pages"}],"about":[{"href":"https:\/\/www.economicas.uba.ar\/investigacion\/wp-json\/wp\/v2\/types\/page"}],"author":[{"embeddable":true,"href":"https:\/\/www.economicas.uba.ar\/investigacion\/wp-json\/wp\/v2\/users\/8"}],"replies":[{"embeddable":true,"href":"https:\/\/www.economicas.uba.ar\/investigacion\/wp-json\/wp\/v2\/comments?post=2255"}],"version-history":[{"count":8,"href":"https:\/\/www.economicas.uba.ar\/investigacion\/wp-json\/wp\/v2\/pages\/2255\/revisions"}],"predecessor-version":[{"id":7756,"href":"https:\/\/www.economicas.uba.ar\/investigacion\/wp-json\/wp\/v2\/pages\/2255\/revisions\/7756"}],"up":[{"embeddable":true,"href":"https:\/\/www.economicas.uba.ar\/investigacion\/wp-json\/wp\/v2\/pages\/1599"}],"wp:attachment":[{"href":"https:\/\/www.economicas.uba.ar\/investigacion\/wp-json\/wp\/v2\/media?parent=2255"}],"curies":[{"name":"wp","href":"https:\/\/api.w.org\/{rel}","templated":true}]}}