{"id":2266,"date":"2023-09-05T11:19:16","date_gmt":"2023-09-05T14:19:16","guid":{"rendered":"https:\/\/www.economicas.uba.ar\/investigacion\/?page_id=2266"},"modified":"2023-09-05T11:20:43","modified_gmt":"2023-09-05T14:20:43","slug":"consejo-editorial","status":"publish","type":"page","link":"https:\/\/www.economicas.uba.ar\/investigacion\/institutos-y-centros\/cimbage\/cuadernos-cimbage\/consejo-editorial\/","title":{"rendered":"consejo editorial"},"content":{"rendered":"\t\t<div data-elementor-type=\"wp-page\" data-elementor-id=\"2266\" class=\"elementor elementor-2266\" data-elementor-post-type=\"page\">\n\t\t\t\t<div class=\"elementor-element elementor-element-442f3d0d e-con-full e-flex e-con e-parent\" data-id=\"442f3d0d\" data-element_type=\"container\" data-e-type=\"container\" data-settings=\"{&quot;background_background&quot;:&quot;classic&quot;}\">\n\t\t<div class=\"elementor-element elementor-element-56ba770a e-flex e-con-boxed e-con e-parent\" data-id=\"56ba770a\" data-element_type=\"container\" data-e-type=\"container\">\n\t\t\t\t\t<div class=\"e-con-inner\">\n\t\t\t\t\t<\/div>\n\t\t\t\t<\/div>\n\t\t<div class=\"elementor-element elementor-element-315e7aae e-flex e-con-boxed e-con e-parent\" data-id=\"315e7aae\" data-element_type=\"container\" data-e-type=\"container\">\n\t\t\t\t\t<div class=\"e-con-inner\">\n\t\t\t\t<div class=\"elementor-element elementor-element-3431a0ee elementor-widget elementor-widget-heading\" data-id=\"3431a0ee\" data-element_type=\"widget\" data-e-type=\"widget\" data-widget_type=\"heading.default\">\n\t\t\t\t<div class=\"elementor-widget-container\">\n\t\t\t\t\t<h2 class=\"elementor-heading-title elementor-size-default\">CIMBAGE<\/h2>\t\t\t\t<\/div>\n\t\t\t\t<\/div>\n\t\t\t\t\t<\/div>\n\t\t\t\t<\/div>\n\t\t\t\t<\/div>\n\t\t<div class=\"elementor-element elementor-element-785d0a7c e-flex e-con-boxed e-con e-parent\" data-id=\"785d0a7c\" data-element_type=\"container\" data-e-type=\"container\">\n\t\t\t\t\t<div class=\"e-con-inner\">\n\t\t\t\t<div class=\"elementor-element elementor-element-7804597d elementor-widget elementor-widget-eael-adv-accordion\" data-id=\"7804597d\" data-element_type=\"widget\" data-e-type=\"widget\" data-widget_type=\"eael-adv-accordion.default\">\n\t\t\t\t<div class=\"elementor-widget-container\">\n\t\t\t\t\t            <div class=\"eael-adv-accordion\" id=\"eael-adv-accordion-7804597d\" data-scroll-on-click=\"no\" data-scroll-speed=\"300\" data-accordion-id=\"7804597d\" data-accordion-type=\"accordion\" data-toogle-speed=\"300\">\n            <div class=\"eael-accordion-list\">\n\t\t\t\t\t<div id=\"consejo-editorial-cuadernos-del-cimbage\" class=\"elementor-tab-title eael-accordion-header active-default\" tabindex=\"0\" data-tab=\"1\" aria-controls=\"elementor-tab-content-2011\"><span class=\"eael-accordion-tab-title\">Consejo editorial - Cuadernos del CIMBAGE<\/span><span class=\"eael-advanced-accordion-icon-closed\"><i aria-hidden=\"true\" class=\"fa-accordion-icon fas fa-chevron-down\"><\/i><\/span><span class=\"eael-advanced-accordion-icon-opened\"><\/span><\/div><div id=\"elementor-tab-content-2011\" class=\"eael-accordion-content clearfix active-default\" data-tab=\"1\" aria-labelledby=\"consejo-editorial-cuadernos-del-cimbage\"><div class=\"rtecenter\"><div class=\"rtecenter\"><h5 style=\"text-align: right\">\u00a0<a href=\"https:\/\/www.economicas.uba.ar\/investigacion\/institutos-y-centros\/cimbage\/cuadernos-cimbage\/\">HOME DE LA REVISTA<\/a><\/h5><h5><strong>DIRECTOR GENERAL<\/strong><\/h5><p>Dr. Javier I. Garc\u00eda Fronti<\/p><h5><strong>CODIRECTORES<\/strong><\/h5><ul><li>Dr. Alberto H. Landro<\/li><li>Dra. M. Jos\u00e9 Bianco<\/li><li>Dra. M. Jos\u00e9 Fern\u00e1ndez<\/li><\/ul><h5><strong>CONSEJO EDITORIAL<\/strong><\/h5><ul><li><strong>Paula Donofrio.\u00a0<\/strong>Facultad de Ciencias Econ\u00f3micas, Universidad de Buenos Aires. Argentina.<\/li><li><strong>Mirta L. Gonz\u00e1lez.\u00a0<\/strong>Facultad de Ciencias Econ\u00f3micas, Universidad de Buenos Aires. Argentina.<\/li><li><strong>Mar\u00eda Silvia Mori\u00f1igo.\u00a0<\/strong>Facultad de Ciencias Econ\u00f3micas, Universidad de Buenos Aires. Argentina.<\/li><li><strong>Patricia In\u00e9s Mouli\u00e1.\u00a0<\/strong>Facultad de Ciencias Econ\u00f3micas, Universidad de Buenos Aires. Argentina.<\/li><li><strong>Emmanuel Oliverio.\u00a0<\/strong>Facultad de Ciencias Econ\u00f3micas, Universidad de Buenos Aires. Argentina.<\/li><li><strong>Andrea Parma.<\/strong>\u00a0Facultad de Ciencias Econ\u00f3micas, Universidad de Buenos Aires<\/li><li><strong>Carlos Rub\u00edn.<\/strong>\u00a0Facultad de Ciencias Econ\u00f3micas, Universidad de Buenos Aires<\/li><\/ul><h5><strong>SECRETARIA DE REDACCI\u00d3N<\/strong><\/h5><p>Raquel Soto<\/p><h5 style=\"text-align: right\"><a href=\"https:\/\/www.economicas.uba.ar\/investigacion\/institutos-y-centros\/cimbage\/cuadernos-cimbage\/\">HOME DE LA REVISTA<\/a><\/h5><\/div><\/div><\/div>\n\t\t\t\t\t<\/div><div class=\"eael-accordion-list\">\n\t\t\t\t\t<div id=\"contacto\" class=\"elementor-tab-title eael-accordion-header\" tabindex=\"0\" data-tab=\"2\" aria-controls=\"elementor-tab-content-2012\"><span class=\"eael-accordion-tab-title\">Contacto<\/span><span class=\"eael-advanced-accordion-icon-closed\"><i aria-hidden=\"true\" class=\"fa-accordion-icon fas fa-chevron-down\"><\/i><\/span><span class=\"eael-advanced-accordion-icon-opened\"><\/span><\/div><div id=\"elementor-tab-content-2012\" class=\"eael-accordion-content clearfix\" data-tab=\"2\" aria-labelledby=\"contacto\"><div class=\"rtecenter\"><div class=\"rtecenter\"><h6><a href=\"https:\/\/www.economicas.uba.ar\/investigacion\/institutos-y-centros\/cimbage\">CENTRO DE INVESTIGACIONES EN METODOLOG\u00cdA BORROSA APLICADAS A LA GESTI\u00d3N Y A LA ECONOM\u00cdA<\/a>\u00a0(CIMBAGE)<\/h6><p class=\"rtecenter\">Av. C\u00f3rdoba 2122, Segundo piso, CABA, Argentina<br \/>Tel\u00e9fono: +54 11 5285 6627<br \/>Correo electr\u00f3nico:\u00a0<a href=\"mailto:ccimbage@econ.uba.ar\">ccimbage@econ.uba.ar<\/a><\/p><\/div><\/div><\/div>\n\t\t\t\t\t<\/div><\/div>\t\t\t\t<\/div>\n\t\t\t\t<\/div>\n\t\t\t\t\t<\/div>\n\t\t\t\t<\/div>\n\t\t<div class=\"elementor-element elementor-element-49abd3d9 e-flex e-con-boxed e-con e-parent\" data-id=\"49abd3d9\" data-element_type=\"container\" data-e-type=\"container\">\n\t\t\t\t\t<div class=\"e-con-inner\">\n\t\t\t\t<div class=\"elementor-element elementor-element-4db01974 elementor-widget elementor-widget-spacer\" data-id=\"4db01974\" data-element_type=\"widget\" data-e-type=\"widget\" data-widget_type=\"spacer.default\">\n\t\t\t\t<div class=\"elementor-widget-container\">\n\t\t\t\t\t\t\t<div class=\"elementor-spacer\">\n\t\t\t<div class=\"elementor-spacer-inner\"><\/div>\n\t\t<\/div>\n\t\t\t\t\t\t<\/div>\n\t\t\t\t<\/div>\n\t\t\t\t\t<\/div>\n\t\t\t\t<\/div>\n\t\t\t\t<\/div>\n\t\t","protected":false},"excerpt":{"rendered":"<p>CIMBAGE Consejo editorial &#8211; Cuadernos del CIMBAGE \u00a0HOME DE LA REVISTA DIRECTOR GENERAL Dr. Javier I. Garc\u00eda Fronti CODIRECTORES Dr. Alberto H. Landro Dra. M. Jos\u00e9 Bianco Dra. M. Jos\u00e9<\/p>\n","protected":false},"author":8,"featured_media":0,"parent":2255,"menu_order":0,"comment_status":"closed","ping_status":"closed","template":"elementor_header_footer","meta":{"footnotes":""},"class_list":["post-2266","page","type-page","status-publish","hentry"],"yoast_head":"<!-- This site is optimized with the Yoast SEO plugin v27.3 - https:\/\/yoast.com\/product\/yoast-seo-wordpress\/ -->\n<title>consejo editorial - Investigaci\u00f3n<\/title>\n<meta name=\"robots\" content=\"index, follow, max-snippet:-1, max-image-preview:large, max-video-preview:-1\" \/>\n<link rel=\"canonical\" href=\"https:\/\/www.economicas.uba.ar\/investigacion\/institutos-y-centros\/cimbage\/cuadernos-cimbage\/consejo-editorial\/\" \/>\n<meta property=\"og:locale\" content=\"es_ES\" \/>\n<meta property=\"og:type\" content=\"article\" \/>\n<meta property=\"og:title\" content=\"consejo editorial - Investigaci\u00f3n\" \/>\n<meta property=\"og:description\" content=\"CIMBAGE Consejo editorial &#8211; Cuadernos del CIMBAGE \u00a0HOME DE LA REVISTA DIRECTOR GENERAL Dr. Javier I. Garc\u00eda Fronti CODIRECTORES Dr. Alberto H. Landro Dra. M. Jos\u00e9 Bianco Dra. M. Jos\u00e9\" \/>\n<meta property=\"og:url\" content=\"https:\/\/www.economicas.uba.ar\/investigacion\/institutos-y-centros\/cimbage\/cuadernos-cimbage\/consejo-editorial\/\" \/>\n<meta property=\"og:site_name\" content=\"Investigaci\u00f3n\" \/>\n<meta property=\"article:modified_time\" content=\"2023-09-05T14:20:43+00:00\" \/>\n<meta name=\"twitter:card\" content=\"summary_large_image\" \/>\n<meta name=\"twitter:label1\" content=\"Tiempo de lectura\" \/>\n\t<meta name=\"twitter:data1\" content=\"1 minuto\" \/>\n<script type=\"application\/ld+json\" class=\"yoast-schema-graph\">{\"@context\":\"https:\\\/\\\/schema.org\",\"@graph\":[{\"@type\":\"WebPage\",\"@id\":\"https:\\\/\\\/www.economicas.uba.ar\\\/investigacion\\\/institutos-y-centros\\\/cimbage\\\/cuadernos-cimbage\\\/consejo-editorial\\\/\",\"url\":\"https:\\\/\\\/www.economicas.uba.ar\\\/investigacion\\\/institutos-y-centros\\\/cimbage\\\/cuadernos-cimbage\\\/consejo-editorial\\\/\",\"name\":\"consejo editorial - Investigaci\u00f3n\",\"isPartOf\":{\"@id\":\"https:\\\/\\\/www.economicas.uba.ar\\\/investigacion\\\/#website\"},\"datePublished\":\"2023-09-05T14:19:16+00:00\",\"dateModified\":\"2023-09-05T14:20:43+00:00\",\"breadcrumb\":{\"@id\":\"https:\\\/\\\/www.economicas.uba.ar\\\/investigacion\\\/institutos-y-centros\\\/cimbage\\\/cuadernos-cimbage\\\/consejo-editorial\\\/#breadcrumb\"},\"inLanguage\":\"es-AR\",\"potentialAction\":[{\"@type\":\"ReadAction\",\"target\":[\"https:\\\/\\\/www.economicas.uba.ar\\\/investigacion\\\/institutos-y-centros\\\/cimbage\\\/cuadernos-cimbage\\\/consejo-editorial\\\/\"]}]},{\"@type\":\"BreadcrumbList\",\"@id\":\"https:\\\/\\\/www.economicas.uba.ar\\\/investigacion\\\/institutos-y-centros\\\/cimbage\\\/cuadernos-cimbage\\\/consejo-editorial\\\/#breadcrumb\",\"itemListElement\":[{\"@type\":\"ListItem\",\"position\":1,\"name\":\"Inicio\",\"item\":\"https:\\\/\\\/www.economicas.uba.ar\\\/investigacion\\\/\"},{\"@type\":\"ListItem\",\"position\":2,\"name\":\"Institutos y centros\",\"item\":\"https:\\\/\\\/www.economicas.uba.ar\\\/investigacion\\\/institutos-y-centros\\\/\"},{\"@type\":\"ListItem\",\"position\":3,\"name\":\"CIMBAGE\",\"item\":\"https:\\\/\\\/www.economicas.uba.ar\\\/investigacion\\\/institutos-y-centros\\\/cimbage\\\/\"},{\"@type\":\"ListItem\",\"position\":4,\"name\":\"cuadernos cimbage\",\"item\":\"https:\\\/\\\/www.economicas.uba.ar\\\/investigacion\\\/institutos-y-centros\\\/cimbage\\\/cuadernos-cimbage\\\/\"},{\"@type\":\"ListItem\",\"position\":5,\"name\":\"consejo editorial\"}]},{\"@type\":\"WebSite\",\"@id\":\"https:\\\/\\\/www.economicas.uba.ar\\\/investigacion\\\/#website\",\"url\":\"https:\\\/\\\/www.economicas.uba.ar\\\/investigacion\\\/\",\"name\":\"Investigaci\u00f3n FCE\",\"description\":\"\",\"publisher\":{\"@id\":\"https:\\\/\\\/www.economicas.uba.ar\\\/investigacion\\\/#organization\"},\"potentialAction\":[{\"@type\":\"SearchAction\",\"target\":{\"@type\":\"EntryPoint\",\"urlTemplate\":\"https:\\\/\\\/www.economicas.uba.ar\\\/investigacion\\\/?s={search_term_string}\"},\"query-input\":{\"@type\":\"PropertyValueSpecification\",\"valueRequired\":true,\"valueName\":\"search_term_string\"}}],\"inLanguage\":\"es-AR\"},{\"@type\":\"Organization\",\"@id\":\"https:\\\/\\\/www.economicas.uba.ar\\\/investigacion\\\/#organization\",\"name\":\"Investigaci\u00f3n FCE\",\"url\":\"https:\\\/\\\/www.economicas.uba.ar\\\/investigacion\\\/\",\"logo\":{\"@type\":\"ImageObject\",\"inLanguage\":\"es-AR\",\"@id\":\"https:\\\/\\\/www.economicas.uba.ar\\\/investigacion\\\/#\\\/schema\\\/logo\\\/image\\\/\",\"url\":\"https:\\\/\\\/www.economicas.uba.ar\\\/investigacion\\\/wp-content\\\/uploads\\\/logo_2023.png\",\"contentUrl\":\"https:\\\/\\\/www.economicas.uba.ar\\\/investigacion\\\/wp-content\\\/uploads\\\/logo_2023.png\",\"width\":292,\"height\":81,\"caption\":\"Investigaci\u00f3n FCE\"},\"image\":{\"@id\":\"https:\\\/\\\/www.economicas.uba.ar\\\/investigacion\\\/#\\\/schema\\\/logo\\\/image\\\/\"}}]}<\/script>\n<!-- \/ Yoast SEO plugin. -->","yoast_head_json":{"title":"consejo editorial - Investigaci\u00f3n","robots":{"index":"index","follow":"follow","max-snippet":"max-snippet:-1","max-image-preview":"max-image-preview:large","max-video-preview":"max-video-preview:-1"},"canonical":"https:\/\/www.economicas.uba.ar\/investigacion\/institutos-y-centros\/cimbage\/cuadernos-cimbage\/consejo-editorial\/","og_locale":"es_ES","og_type":"article","og_title":"consejo editorial - Investigaci\u00f3n","og_description":"CIMBAGE Consejo editorial &#8211; Cuadernos del CIMBAGE \u00a0HOME DE LA REVISTA DIRECTOR GENERAL Dr. Javier I. Garc\u00eda Fronti CODIRECTORES Dr. Alberto H. Landro Dra. M. Jos\u00e9 Bianco Dra. M. Jos\u00e9","og_url":"https:\/\/www.economicas.uba.ar\/investigacion\/institutos-y-centros\/cimbage\/cuadernos-cimbage\/consejo-editorial\/","og_site_name":"Investigaci\u00f3n","article_modified_time":"2023-09-05T14:20:43+00:00","twitter_card":"summary_large_image","twitter_misc":{"Tiempo de lectura":"1 minuto"},"schema":{"@context":"https:\/\/schema.org","@graph":[{"@type":"WebPage","@id":"https:\/\/www.economicas.uba.ar\/investigacion\/institutos-y-centros\/cimbage\/cuadernos-cimbage\/consejo-editorial\/","url":"https:\/\/www.economicas.uba.ar\/investigacion\/institutos-y-centros\/cimbage\/cuadernos-cimbage\/consejo-editorial\/","name":"consejo editorial - Investigaci\u00f3n","isPartOf":{"@id":"https:\/\/www.economicas.uba.ar\/investigacion\/#website"},"datePublished":"2023-09-05T14:19:16+00:00","dateModified":"2023-09-05T14:20:43+00:00","breadcrumb":{"@id":"https:\/\/www.economicas.uba.ar\/investigacion\/institutos-y-centros\/cimbage\/cuadernos-cimbage\/consejo-editorial\/#breadcrumb"},"inLanguage":"es-AR","potentialAction":[{"@type":"ReadAction","target":["https:\/\/www.economicas.uba.ar\/investigacion\/institutos-y-centros\/cimbage\/cuadernos-cimbage\/consejo-editorial\/"]}]},{"@type":"BreadcrumbList","@id":"https:\/\/www.economicas.uba.ar\/investigacion\/institutos-y-centros\/cimbage\/cuadernos-cimbage\/consejo-editorial\/#breadcrumb","itemListElement":[{"@type":"ListItem","position":1,"name":"Inicio","item":"https:\/\/www.economicas.uba.ar\/investigacion\/"},{"@type":"ListItem","position":2,"name":"Institutos y centros","item":"https:\/\/www.economicas.uba.ar\/investigacion\/institutos-y-centros\/"},{"@type":"ListItem","position":3,"name":"CIMBAGE","item":"https:\/\/www.economicas.uba.ar\/investigacion\/institutos-y-centros\/cimbage\/"},{"@type":"ListItem","position":4,"name":"cuadernos cimbage","item":"https:\/\/www.economicas.uba.ar\/investigacion\/institutos-y-centros\/cimbage\/cuadernos-cimbage\/"},{"@type":"ListItem","position":5,"name":"consejo editorial"}]},{"@type":"WebSite","@id":"https:\/\/www.economicas.uba.ar\/investigacion\/#website","url":"https:\/\/www.economicas.uba.ar\/investigacion\/","name":"Investigaci\u00f3n FCE","description":"","publisher":{"@id":"https:\/\/www.economicas.uba.ar\/investigacion\/#organization"},"potentialAction":[{"@type":"SearchAction","target":{"@type":"EntryPoint","urlTemplate":"https:\/\/www.economicas.uba.ar\/investigacion\/?s={search_term_string}"},"query-input":{"@type":"PropertyValueSpecification","valueRequired":true,"valueName":"search_term_string"}}],"inLanguage":"es-AR"},{"@type":"Organization","@id":"https:\/\/www.economicas.uba.ar\/investigacion\/#organization","name":"Investigaci\u00f3n FCE","url":"https:\/\/www.economicas.uba.ar\/investigacion\/","logo":{"@type":"ImageObject","inLanguage":"es-AR","@id":"https:\/\/www.economicas.uba.ar\/investigacion\/#\/schema\/logo\/image\/","url":"https:\/\/www.economicas.uba.ar\/investigacion\/wp-content\/uploads\/logo_2023.png","contentUrl":"https:\/\/www.economicas.uba.ar\/investigacion\/wp-content\/uploads\/logo_2023.png","width":292,"height":81,"caption":"Investigaci\u00f3n FCE"},"image":{"@id":"https:\/\/www.economicas.uba.ar\/investigacion\/#\/schema\/logo\/image\/"}}]}},"_links":{"self":[{"href":"https:\/\/www.economicas.uba.ar\/investigacion\/wp-json\/wp\/v2\/pages\/2266","targetHints":{"allow":["GET"]}}],"collection":[{"href":"https:\/\/www.economicas.uba.ar\/investigacion\/wp-json\/wp\/v2\/pages"}],"about":[{"href":"https:\/\/www.economicas.uba.ar\/investigacion\/wp-json\/wp\/v2\/types\/page"}],"author":[{"embeddable":true,"href":"https:\/\/www.economicas.uba.ar\/investigacion\/wp-json\/wp\/v2\/users\/8"}],"replies":[{"embeddable":true,"href":"https:\/\/www.economicas.uba.ar\/investigacion\/wp-json\/wp\/v2\/comments?post=2266"}],"version-history":[{"count":4,"href":"https:\/\/www.economicas.uba.ar\/investigacion\/wp-json\/wp\/v2\/pages\/2266\/revisions"}],"predecessor-version":[{"id":2271,"href":"https:\/\/www.economicas.uba.ar\/investigacion\/wp-json\/wp\/v2\/pages\/2266\/revisions\/2271"}],"up":[{"embeddable":true,"href":"https:\/\/www.economicas.uba.ar\/investigacion\/wp-json\/wp\/v2\/pages\/2255"}],"wp:attachment":[{"href":"https:\/\/www.economicas.uba.ar\/investigacion\/wp-json\/wp\/v2\/media?parent=2266"}],"curies":[{"name":"wp","href":"https:\/\/api.w.org\/{rel}","templated":true}]}}