{"id":2864,"date":"2024-05-10T18:43:54","date_gmt":"2024-05-10T21:43:54","guid":{"rendered":"https:\/\/www.economicas.uba.ar\/investigacion\/?page_id=2864"},"modified":"2024-05-10T21:07:28","modified_gmt":"2024-05-11T00:07:28","slug":"libros-cespa","status":"publish","type":"page","link":"https:\/\/www.economicas.uba.ar\/investigacion\/institutos-y-centros\/cespa\/libros-cespa\/","title":{"rendered":"Libros cespa"},"content":{"rendered":"\t\t<div data-elementor-type=\"wp-page\" data-elementor-id=\"2864\" class=\"elementor elementor-2864\" data-elementor-post-type=\"page\">\n\t\t\t\t<div class=\"elementor-element elementor-element-442f3d0d e-con-full e-flex e-con e-parent\" data-id=\"442f3d0d\" data-element_type=\"container\" data-e-type=\"container\" data-settings=\"{&quot;background_background&quot;:&quot;classic&quot;}\">\n\t\t<div class=\"elementor-element elementor-element-56ba770a e-flex e-con-boxed e-con e-child\" data-id=\"56ba770a\" data-element_type=\"container\" data-e-type=\"container\">\n\t\t\t\t\t<div class=\"e-con-inner\">\n\t\t\t\t\t<\/div>\n\t\t\t\t<\/div>\n\t\t<div class=\"elementor-element elementor-element-315e7aae e-flex e-con-boxed e-con e-child\" data-id=\"315e7aae\" data-element_type=\"container\" data-e-type=\"container\">\n\t\t\t\t\t<div class=\"e-con-inner\">\n\t\t\t\t<div class=\"elementor-element elementor-element-3431a0ee elementor-widget elementor-widget-heading\" data-id=\"3431a0ee\" data-element_type=\"widget\" data-e-type=\"widget\" data-widget_type=\"heading.default\">\n\t\t\t\t<div class=\"elementor-widget-container\">\n\t\t\t\t\t<h2 class=\"elementor-heading-title elementor-size-default\">CESPA<\/h2>\t\t\t\t<\/div>\n\t\t\t\t<\/div>\n\t\t\t\t\t<\/div>\n\t\t\t\t<\/div>\n\t\t\t\t<\/div>\n\t\t<div class=\"elementor-element elementor-element-785d0a7c e-flex e-con-boxed e-con e-parent\" data-id=\"785d0a7c\" data-element_type=\"container\" data-e-type=\"container\">\n\t\t\t\t\t<div class=\"e-con-inner\">\n\t\t\t\t<div class=\"elementor-element elementor-element-7804597d elementor-widget elementor-widget-eael-adv-accordion\" data-id=\"7804597d\" data-element_type=\"widget\" data-e-type=\"widget\" data-widget_type=\"eael-adv-accordion.default\">\n\t\t\t\t<div class=\"elementor-widget-container\">\n\t\t\t\t\t            <div class=\"eael-adv-accordion\" id=\"eael-adv-accordion-7804597d\" data-scroll-on-click=\"no\" data-scroll-speed=\"300\" data-accordion-id=\"7804597d\" data-accordion-type=\"accordion\" data-toogle-speed=\"300\">\n            <div class=\"eael-accordion-list\">\n\t\t\t\t\t<div id=\"libros\" class=\"elementor-tab-title eael-accordion-header active-default\" tabindex=\"0\" data-tab=\"1\" aria-controls=\"elementor-tab-content-2011\"><span class=\"eael-accordion-tab-title\">Libros<\/span><span class=\"eael-advanced-accordion-icon-closed\"><i aria-hidden=\"true\" class=\"fa-accordion-icon fas fa-chevron-down\"><\/i><\/span><span class=\"eael-advanced-accordion-icon-opened\"><\/span><\/div><div id=\"elementor-tab-content-2011\" class=\"eael-accordion-content clearfix active-default\" data-tab=\"1\" aria-labelledby=\"libros\"><h2>Libros &#8211; CESPA<\/h2><ul><li><strong>La renta agraria entre 1946 y 1976 y su impacto en el proceso de industrializaci\u00f3n por sustituci\u00f3n de importaciones en la Argentina<\/strong><br \/>Leonardo Ignacio C\u00f3rdoba<br \/><a href=\"http:\/\/www.economicas.uba.ar\/wp-content\/uploads\/2016\/09\/CESPA.pdf\">Descarga<\/a><\/li><\/ul><\/div>\n\t\t\t\t\t<\/div><div class=\"eael-accordion-list\">\n\t\t\t\t\t<div id=\"contacto\" class=\"elementor-tab-title eael-accordion-header\" tabindex=\"0\" data-tab=\"2\" aria-controls=\"elementor-tab-content-2012\"><span class=\"eael-accordion-tab-title\">Contacto<\/span><span class=\"eael-advanced-accordion-icon-closed\"><i aria-hidden=\"true\" class=\"fa-accordion-icon fas fa-chevron-down\"><\/i><\/span><span class=\"eael-advanced-accordion-icon-opened\"><\/span><\/div><div id=\"elementor-tab-content-2012\" class=\"eael-accordion-content clearfix\" data-tab=\"2\" aria-labelledby=\"contacto\"><h6><span class=\"txt\">CENTRO DE ESTUDIOS DE LA SITUACI\u00d3N Y PERSPECTIVAS DE LA ARGENTINA\u00a0<\/span><\/h6><p><span class=\"txt\">Instituto de Investigaciones Econ\u00f3micas \u2013\u00a0<\/span><span class=\"txt\">\u00a0Universidad de Buenos Aires<br \/><\/span><span class=\"txt\">Av. C\u00f3rdoba 2122, 2do. Piso (C1120AAQ) Buenos Aires Rep\u00fablica Argentina<\/span><br \/><span class=\"txt\">Tel\u00e9fono:<\/span>\u00a0+54 11 5285 6583<br \/><span class=\"txt\">Correo electr\u00f3nico:\u00a0<a href=\"mailto:dircespa@fce.uba.ar\">dircespa@fce.uba.ar<\/a><\/span><br \/>Blog:\u00a0<a href=\"http:\/\/blogdelcespa.blogspot.com.ar\/\" target=\"_blank\" rel=\"noopener\">http:\/\/blogdelcespa.blogspot.com.ar\/<\/a><\/p><\/div>\n\t\t\t\t\t<\/div><\/div>\t\t\t\t<\/div>\n\t\t\t\t<\/div>\n\t\t\t\t\t<\/div>\n\t\t\t\t<\/div>\n\t\t<div class=\"elementor-element elementor-element-49abd3d9 e-flex e-con-boxed e-con e-parent\" data-id=\"49abd3d9\" data-element_type=\"container\" data-e-type=\"container\">\n\t\t\t\t\t<div class=\"e-con-inner\">\n\t\t\t\t<div class=\"elementor-element elementor-element-4db01974 elementor-widget elementor-widget-spacer\" data-id=\"4db01974\" data-element_type=\"widget\" data-e-type=\"widget\" data-widget_type=\"spacer.default\">\n\t\t\t\t<div class=\"elementor-widget-container\">\n\t\t\t\t\t\t\t<div class=\"elementor-spacer\">\n\t\t\t<div class=\"elementor-spacer-inner\"><\/div>\n\t\t<\/div>\n\t\t\t\t\t\t<\/div>\n\t\t\t\t<\/div>\n\t\t\t\t\t<\/div>\n\t\t\t\t<\/div>\n\t\t\t\t<\/div>\n\t\t","protected":false},"excerpt":{"rendered":"<p>CESPA Libros Libros &#8211; CESPA La renta agraria entre 1946 y 1976 y su impacto en el proceso de industrializaci\u00f3n por sustituci\u00f3n de importaciones en la ArgentinaLeonardo Ignacio C\u00f3rdobaDescarga Contacto<\/p>\n","protected":false},"author":2,"featured_media":0,"parent":1525,"menu_order":0,"comment_status":"closed","ping_status":"closed","template":"elementor_header_footer","meta":{"footnotes":""},"class_list":["post-2864","page","type-page","status-publish","hentry"],"yoast_head":"<!-- This site is optimized with the Yoast SEO plugin v27.3 - https:\/\/yoast.com\/product\/yoast-seo-wordpress\/ -->\n<title>Libros cespa - Investigaci\u00f3n<\/title>\n<meta name=\"robots\" content=\"index, follow, max-snippet:-1, max-image-preview:large, max-video-preview:-1\" \/>\n<link rel=\"canonical\" href=\"https:\/\/www.economicas.uba.ar\/investigacion\/institutos-y-centros\/cespa\/libros-cespa\/\" \/>\n<meta property=\"og:locale\" content=\"es_ES\" \/>\n<meta property=\"og:type\" content=\"article\" \/>\n<meta property=\"og:title\" content=\"Libros cespa - Investigaci\u00f3n\" \/>\n<meta property=\"og:description\" content=\"CESPA Libros Libros &#8211; CESPA La renta agraria entre 1946 y 1976 y su impacto en el proceso de industrializaci\u00f3n por sustituci\u00f3n de importaciones en la ArgentinaLeonardo Ignacio C\u00f3rdobaDescarga Contacto\" \/>\n<meta property=\"og:url\" content=\"https:\/\/www.economicas.uba.ar\/investigacion\/institutos-y-centros\/cespa\/libros-cespa\/\" \/>\n<meta property=\"og:site_name\" content=\"Investigaci\u00f3n\" \/>\n<meta property=\"article:modified_time\" content=\"2024-05-11T00:07:28+00:00\" \/>\n<meta name=\"twitter:card\" content=\"summary_large_image\" \/>\n<meta name=\"twitter:label1\" content=\"Tiempo de lectura\" \/>\n\t<meta name=\"twitter:data1\" content=\"1 minuto\" \/>\n<script type=\"application\/ld+json\" class=\"yoast-schema-graph\">{\"@context\":\"https:\\\/\\\/schema.org\",\"@graph\":[{\"@type\":\"WebPage\",\"@id\":\"https:\\\/\\\/www.economicas.uba.ar\\\/investigacion\\\/institutos-y-centros\\\/cespa\\\/libros-cespa\\\/\",\"url\":\"https:\\\/\\\/www.economicas.uba.ar\\\/investigacion\\\/institutos-y-centros\\\/cespa\\\/libros-cespa\\\/\",\"name\":\"Libros cespa - Investigaci\u00f3n\",\"isPartOf\":{\"@id\":\"https:\\\/\\\/www.economicas.uba.ar\\\/investigacion\\\/#website\"},\"datePublished\":\"2024-05-10T21:43:54+00:00\",\"dateModified\":\"2024-05-11T00:07:28+00:00\",\"breadcrumb\":{\"@id\":\"https:\\\/\\\/www.economicas.uba.ar\\\/investigacion\\\/institutos-y-centros\\\/cespa\\\/libros-cespa\\\/#breadcrumb\"},\"inLanguage\":\"es-AR\",\"potentialAction\":[{\"@type\":\"ReadAction\",\"target\":[\"https:\\\/\\\/www.economicas.uba.ar\\\/investigacion\\\/institutos-y-centros\\\/cespa\\\/libros-cespa\\\/\"]}]},{\"@type\":\"BreadcrumbList\",\"@id\":\"https:\\\/\\\/www.economicas.uba.ar\\\/investigacion\\\/institutos-y-centros\\\/cespa\\\/libros-cespa\\\/#breadcrumb\",\"itemListElement\":[{\"@type\":\"ListItem\",\"position\":1,\"name\":\"Inicio\",\"item\":\"https:\\\/\\\/www.economicas.uba.ar\\\/investigacion\\\/\"},{\"@type\":\"ListItem\",\"position\":2,\"name\":\"Institutos y centros\",\"item\":\"https:\\\/\\\/www.economicas.uba.ar\\\/investigacion\\\/institutos-y-centros\\\/\"},{\"@type\":\"ListItem\",\"position\":3,\"name\":\"CESPA\",\"item\":\"https:\\\/\\\/www.economicas.uba.ar\\\/investigacion\\\/institutos-y-centros\\\/cespa\\\/\"},{\"@type\":\"ListItem\",\"position\":4,\"name\":\"Libros cespa\"}]},{\"@type\":\"WebSite\",\"@id\":\"https:\\\/\\\/www.economicas.uba.ar\\\/investigacion\\\/#website\",\"url\":\"https:\\\/\\\/www.economicas.uba.ar\\\/investigacion\\\/\",\"name\":\"Investigaci\u00f3n FCE\",\"description\":\"\",\"publisher\":{\"@id\":\"https:\\\/\\\/www.economicas.uba.ar\\\/investigacion\\\/#organization\"},\"potentialAction\":[{\"@type\":\"SearchAction\",\"target\":{\"@type\":\"EntryPoint\",\"urlTemplate\":\"https:\\\/\\\/www.economicas.uba.ar\\\/investigacion\\\/?s={search_term_string}\"},\"query-input\":{\"@type\":\"PropertyValueSpecification\",\"valueRequired\":true,\"valueName\":\"search_term_string\"}}],\"inLanguage\":\"es-AR\"},{\"@type\":\"Organization\",\"@id\":\"https:\\\/\\\/www.economicas.uba.ar\\\/investigacion\\\/#organization\",\"name\":\"Investigaci\u00f3n FCE\",\"url\":\"https:\\\/\\\/www.economicas.uba.ar\\\/investigacion\\\/\",\"logo\":{\"@type\":\"ImageObject\",\"inLanguage\":\"es-AR\",\"@id\":\"https:\\\/\\\/www.economicas.uba.ar\\\/investigacion\\\/#\\\/schema\\\/logo\\\/image\\\/\",\"url\":\"https:\\\/\\\/www.economicas.uba.ar\\\/investigacion\\\/wp-content\\\/uploads\\\/logo_2023.png\",\"contentUrl\":\"https:\\\/\\\/www.economicas.uba.ar\\\/investigacion\\\/wp-content\\\/uploads\\\/logo_2023.png\",\"width\":292,\"height\":81,\"caption\":\"Investigaci\u00f3n FCE\"},\"image\":{\"@id\":\"https:\\\/\\\/www.economicas.uba.ar\\\/investigacion\\\/#\\\/schema\\\/logo\\\/image\\\/\"}}]}<\/script>\n<!-- \/ Yoast SEO plugin. -->","yoast_head_json":{"title":"Libros cespa - Investigaci\u00f3n","robots":{"index":"index","follow":"follow","max-snippet":"max-snippet:-1","max-image-preview":"max-image-preview:large","max-video-preview":"max-video-preview:-1"},"canonical":"https:\/\/www.economicas.uba.ar\/investigacion\/institutos-y-centros\/cespa\/libros-cespa\/","og_locale":"es_ES","og_type":"article","og_title":"Libros cespa - Investigaci\u00f3n","og_description":"CESPA Libros Libros &#8211; CESPA La renta agraria entre 1946 y 1976 y su impacto en el proceso de industrializaci\u00f3n por sustituci\u00f3n de importaciones en la ArgentinaLeonardo Ignacio C\u00f3rdobaDescarga Contacto","og_url":"https:\/\/www.economicas.uba.ar\/investigacion\/institutos-y-centros\/cespa\/libros-cespa\/","og_site_name":"Investigaci\u00f3n","article_modified_time":"2024-05-11T00:07:28+00:00","twitter_card":"summary_large_image","twitter_misc":{"Tiempo de lectura":"1 minuto"},"schema":{"@context":"https:\/\/schema.org","@graph":[{"@type":"WebPage","@id":"https:\/\/www.economicas.uba.ar\/investigacion\/institutos-y-centros\/cespa\/libros-cespa\/","url":"https:\/\/www.economicas.uba.ar\/investigacion\/institutos-y-centros\/cespa\/libros-cespa\/","name":"Libros cespa - Investigaci\u00f3n","isPartOf":{"@id":"https:\/\/www.economicas.uba.ar\/investigacion\/#website"},"datePublished":"2024-05-10T21:43:54+00:00","dateModified":"2024-05-11T00:07:28+00:00","breadcrumb":{"@id":"https:\/\/www.economicas.uba.ar\/investigacion\/institutos-y-centros\/cespa\/libros-cespa\/#breadcrumb"},"inLanguage":"es-AR","potentialAction":[{"@type":"ReadAction","target":["https:\/\/www.economicas.uba.ar\/investigacion\/institutos-y-centros\/cespa\/libros-cespa\/"]}]},{"@type":"BreadcrumbList","@id":"https:\/\/www.economicas.uba.ar\/investigacion\/institutos-y-centros\/cespa\/libros-cespa\/#breadcrumb","itemListElement":[{"@type":"ListItem","position":1,"name":"Inicio","item":"https:\/\/www.economicas.uba.ar\/investigacion\/"},{"@type":"ListItem","position":2,"name":"Institutos y centros","item":"https:\/\/www.economicas.uba.ar\/investigacion\/institutos-y-centros\/"},{"@type":"ListItem","position":3,"name":"CESPA","item":"https:\/\/www.economicas.uba.ar\/investigacion\/institutos-y-centros\/cespa\/"},{"@type":"ListItem","position":4,"name":"Libros cespa"}]},{"@type":"WebSite","@id":"https:\/\/www.economicas.uba.ar\/investigacion\/#website","url":"https:\/\/www.economicas.uba.ar\/investigacion\/","name":"Investigaci\u00f3n FCE","description":"","publisher":{"@id":"https:\/\/www.economicas.uba.ar\/investigacion\/#organization"},"potentialAction":[{"@type":"SearchAction","target":{"@type":"EntryPoint","urlTemplate":"https:\/\/www.economicas.uba.ar\/investigacion\/?s={search_term_string}"},"query-input":{"@type":"PropertyValueSpecification","valueRequired":true,"valueName":"search_term_string"}}],"inLanguage":"es-AR"},{"@type":"Organization","@id":"https:\/\/www.economicas.uba.ar\/investigacion\/#organization","name":"Investigaci\u00f3n FCE","url":"https:\/\/www.economicas.uba.ar\/investigacion\/","logo":{"@type":"ImageObject","inLanguage":"es-AR","@id":"https:\/\/www.economicas.uba.ar\/investigacion\/#\/schema\/logo\/image\/","url":"https:\/\/www.economicas.uba.ar\/investigacion\/wp-content\/uploads\/logo_2023.png","contentUrl":"https:\/\/www.economicas.uba.ar\/investigacion\/wp-content\/uploads\/logo_2023.png","width":292,"height":81,"caption":"Investigaci\u00f3n FCE"},"image":{"@id":"https:\/\/www.economicas.uba.ar\/investigacion\/#\/schema\/logo\/image\/"}}]}},"_links":{"self":[{"href":"https:\/\/www.economicas.uba.ar\/investigacion\/wp-json\/wp\/v2\/pages\/2864","targetHints":{"allow":["GET"]}}],"collection":[{"href":"https:\/\/www.economicas.uba.ar\/investigacion\/wp-json\/wp\/v2\/pages"}],"about":[{"href":"https:\/\/www.economicas.uba.ar\/investigacion\/wp-json\/wp\/v2\/types\/page"}],"author":[{"embeddable":true,"href":"https:\/\/www.economicas.uba.ar\/investigacion\/wp-json\/wp\/v2\/users\/2"}],"replies":[{"embeddable":true,"href":"https:\/\/www.economicas.uba.ar\/investigacion\/wp-json\/wp\/v2\/comments?post=2864"}],"version-history":[{"count":7,"href":"https:\/\/www.economicas.uba.ar\/investigacion\/wp-json\/wp\/v2\/pages\/2864\/revisions"}],"predecessor-version":[{"id":2874,"href":"https:\/\/www.economicas.uba.ar\/investigacion\/wp-json\/wp\/v2\/pages\/2864\/revisions\/2874"}],"up":[{"embeddable":true,"href":"https:\/\/www.economicas.uba.ar\/investigacion\/wp-json\/wp\/v2\/pages\/1525"}],"wp:attachment":[{"href":"https:\/\/www.economicas.uba.ar\/investigacion\/wp-json\/wp\/v2\/media?parent=2864"}],"curies":[{"name":"wp","href":"https:\/\/api.w.org\/{rel}","templated":true}]}}