{"id":3124,"date":"2024-06-10T10:12:07","date_gmt":"2024-06-10T13:12:07","guid":{"rendered":"https:\/\/www.economicas.uba.ar\/investigacion\/?page_id=3124"},"modified":"2025-08-19T12:22:48","modified_gmt":"2025-08-19T15:22:48","slug":"revista-cesot","status":"publish","type":"page","link":"https:\/\/www.economicas.uba.ar\/investigacion\/institutos-y-centros\/revista-cesot\/","title":{"rendered":"revista cesot"},"content":{"rendered":"\t\t<div data-elementor-type=\"wp-page\" data-elementor-id=\"3124\" class=\"elementor elementor-3124\" data-elementor-post-type=\"page\">\n\t\t\t\t<div class=\"elementor-element elementor-element-72255b50 e-con-full e-flex e-con e-parent\" data-id=\"72255b50\" data-element_type=\"container\" data-e-type=\"container\" data-settings=\"{&quot;background_background&quot;:&quot;classic&quot;}\">\n\t\t<div class=\"elementor-element elementor-element-5bf60f0f e-flex e-con-boxed e-con e-child\" data-id=\"5bf60f0f\" data-element_type=\"container\" data-e-type=\"container\">\n\t\t\t\t\t<div class=\"e-con-inner\">\n\t\t\t\t\t<\/div>\n\t\t\t\t<\/div>\n\t\t<div class=\"elementor-element elementor-element-12d919de e-flex e-con-boxed e-con e-child\" data-id=\"12d919de\" data-element_type=\"container\" data-e-type=\"container\">\n\t\t\t\t\t<div class=\"e-con-inner\">\n\t\t\t\t<div class=\"elementor-element elementor-element-7e08476f elementor-widget elementor-widget-heading\" data-id=\"7e08476f\" data-element_type=\"widget\" data-e-type=\"widget\" data-widget_type=\"heading.default\">\n\t\t\t\t<div class=\"elementor-widget-container\">\n\t\t\t\t\t<h2 class=\"elementor-heading-title elementor-size-default\">CESOT<\/h2>\t\t\t\t<\/div>\n\t\t\t\t<\/div>\n\t\t\t\t\t<\/div>\n\t\t\t\t<\/div>\n\t\t\t\t<\/div>\n\t\t<div class=\"elementor-element elementor-element-1ca7c265 e-flex e-con-boxed e-con e-parent\" data-id=\"1ca7c265\" data-element_type=\"container\" data-e-type=\"container\">\n\t\t\t\t\t<div class=\"e-con-inner\">\n\t\t\t\t<div class=\"elementor-element elementor-element-36def678 elementor-widget elementor-widget-eael-adv-accordion\" data-id=\"36def678\" data-element_type=\"widget\" data-e-type=\"widget\" data-widget_type=\"eael-adv-accordion.default\">\n\t\t\t\t<div class=\"elementor-widget-container\">\n\t\t\t\t\t            <div class=\"eael-adv-accordion\" id=\"eael-adv-accordion-36def678\" data-scroll-on-click=\"no\" data-scroll-speed=\"300\" data-accordion-id=\"36def678\" data-accordion-type=\"accordion\" data-toogle-speed=\"300\">\n            <div class=\"eael-accordion-list\">\n\t\t\t\t\t<div id=\"revista-del-centro-de-estudios-de-sociologa-del-trabajo-cesot\" class=\"elementor-tab-title eael-accordion-header active-default\" tabindex=\"0\" data-tab=\"1\" aria-controls=\"elementor-tab-content-9201\"><span class=\"eael-accordion-tab-title\">Revista del Centro de Estudios de Sociolog\u00eda del Trabajo - CESOT<\/span><span class=\"eael-advanced-accordion-icon-closed\"><i aria-hidden=\"true\" class=\"fa-accordion-icon fas fa-chevron-down\"><\/i><\/span><span class=\"eael-advanced-accordion-icon-opened\"><\/span><\/div><div id=\"elementor-tab-content-9201\" class=\"eael-accordion-content clearfix active-default\" data-tab=\"1\" aria-labelledby=\"revista-del-centro-de-estudios-de-sociologa-del-trabajo-cesot\"><div class=\"rtecenter\"><p><img fetchpriority=\"high\" decoding=\"async\" class=\"alignnone size-medium wp-image-6143\" src=\"https:\/\/www.economicas.uba.ar\/investigacion\/wp-content\/uploads\/cover_issue_534_es-213x300.jpg\" alt=\"\" width=\"213\" height=\"300\" srcset=\"https:\/\/www.economicas.uba.ar\/investigacion\/wp-content\/uploads\/cover_issue_534_es-213x300.jpg 213w, https:\/\/www.economicas.uba.ar\/investigacion\/wp-content\/uploads\/cover_issue_534_es.jpg 702w\" sizes=\"(max-width: 213px) 100vw, 213px\" \/><\/p><div class=\"rtecenter\"><p class=\"rtejustify\"><a href=\"https:\/\/ojs.economicas.uba.ar\/CESOT\/index\" target=\"_blank\" rel=\"noopener\"><strong>\u00daLTIMA EDICI\u00d3N<\/strong><\/a><\/p><p>La Revista del Centro de Estudios de Sociolog\u00eda del Trabajo es una publicaci\u00f3n de la Facultad de Ciencias Econ\u00f3micas de la Universidad de Buenos Aires, con una periodicidad anual. De car\u00e1cter interdisciplinario, est\u00e1 dedicada al campo de los estudios socio-organizacionales y del trabajo.<\/p><p>Su objetivo es difundir resultados de investigaciones te\u00f3ricas y emp\u00edricas, as\u00ed como promover el debate y el intercambio entre especialistas de diversas regiones y enfoques. Est\u00e1 dirigida tanto a investigadores como a un p\u00fablico m\u00e1s amplio de profesionales, docentes y estudiantes de las Ciencias Sociales.<\/p><p>La revista integra desde 2013 el N\u00facleo B\u00e1sico de Revistas Cient\u00edficas Argentinas \u2014Nivel I\u2014 y se encuentra indexada en las siguientes bases de datos acad\u00e9micas y sistemas de informaci\u00f3n cient\u00edfica:<\/p><p>Latindex (Sistema Regional de Informaci\u00f3n en L\u00ednea para Revistas Cient\u00edficas de Am\u00e9rica Latina, el Caribe, Espa\u00f1a y Portugal); LatinREV (Red Latinoamericana de Revistas Acad\u00e9micas en Ciencias Sociales y Humanidades); REDIB (Red Iberoamericana de Innovaci\u00f3n y Conocimiento Cient\u00edfico); DOAJ (Directory of Open Access Journals); CLASE (Citas Latinoamericanas en Ciencias Sociales y Humanidades); EBSCOhost.; ERIH PLUS (European Reference Index for the Humanities and the Social Sciences); MIAR (Matriz de Informaci\u00f3n para el An\u00e1lisis de Revistas); Dialnet (Portal de difusi\u00f3n de la producci\u00f3n cient\u00edfica hispana); e-Revistas (Plataforma Open Access de revistas cient\u00edficas electr\u00f3nicas en espa\u00f1ol).<\/p><div class=\"rteright\">ISSN impreso 1852-4648<\/div><div class=\"rteright\">ISSN en l\u00ednea 1852-494X<\/div><h5><a href=\"https:\/\/ojs.economicas.uba.ar\/CESOT\/index\">ACCESO A LA REVISTA DIGITAL<\/a><\/h5><\/div><\/div><\/div>\n\t\t\t\t\t<\/div><div class=\"eael-accordion-list\">\n\t\t\t\t\t<div id=\"contacto\" class=\"elementor-tab-title eael-accordion-header\" tabindex=\"0\" data-tab=\"2\" aria-controls=\"elementor-tab-content-9202\"><span class=\"eael-accordion-tab-title\">Contacto<\/span><span class=\"eael-advanced-accordion-icon-closed\"><i aria-hidden=\"true\" class=\"fa-accordion-icon fas fa-chevron-down\"><\/i><\/span><span class=\"eael-advanced-accordion-icon-opened\"><\/span><\/div><div id=\"elementor-tab-content-9202\" class=\"eael-accordion-content clearfix\" data-tab=\"2\" aria-labelledby=\"contacto\"><div class=\"rtecenter\"><div class=\"rtecenter\"><h6 class=\"rtecenter\">CENTRO DE\u00a0ESTUDIOS DE LA SOCIOLOG\u00cdA DEL TRABAJO<\/h6><p>Universidad de Buenos Aires &#8211; Facultad de Ciencias Econ\u00f3micas \u2013Instituto de Investigaciones en Administraci\u00f3n, Contabilidad y M\u00e9todos Cuantitativos para la Gesti\u00f3n <br \/>Av. C\u00f3rdoba 2122, Segundo Piso, Of. 211 C1120AAQ \u2013 Ciudad de Buenos Aires<br \/>Tel. (+54 11) 5285-6918<br \/>E-mail: <a href=\"mailto:cesot@economicas.uba.ar\">cesot@economicas.uba.ar<\/a><br \/><a href=\"mailto:mirta.vuotto@fce.uba.ar\">mirta.vuotto@fce.uba.ar<\/a><\/p><\/div><\/div><\/div>\n\t\t\t\t\t<\/div><\/div>\t\t\t\t<\/div>\n\t\t\t\t<\/div>\n\t\t\t\t\t<\/div>\n\t\t\t\t<\/div>\n\t\t<div class=\"elementor-element elementor-element-4b879868 e-flex e-con-boxed e-con e-parent\" data-id=\"4b879868\" data-element_type=\"container\" data-e-type=\"container\">\n\t\t\t\t\t<div class=\"e-con-inner\">\n\t\t\t\t<div class=\"elementor-element elementor-element-223a59b elementor-widget elementor-widget-spacer\" data-id=\"223a59b\" data-element_type=\"widget\" data-e-type=\"widget\" data-widget_type=\"spacer.default\">\n\t\t\t\t<div class=\"elementor-widget-container\">\n\t\t\t\t\t\t\t<div class=\"elementor-spacer\">\n\t\t\t<div class=\"elementor-spacer-inner\"><\/div>\n\t\t<\/div>\n\t\t\t\t\t\t<\/div>\n\t\t\t\t<\/div>\n\t\t\t\t\t<\/div>\n\t\t\t\t<\/div>\n\t\t\t\t<\/div>\n\t\t","protected":false},"excerpt":{"rendered":"<p>CESOT Revista del Centro de Estudios de Sociolog\u00eda del Trabajo &#8211; CESOT \u00daLTIMA EDICI\u00d3N La Revista del Centro de Estudios de Sociolog\u00eda del Trabajo es una publicaci\u00f3n de la Facultad<\/p>\n","protected":false},"author":2,"featured_media":0,"parent":1282,"menu_order":0,"comment_status":"closed","ping_status":"closed","template":"elementor_header_footer","meta":{"footnotes":""},"class_list":["post-3124","page","type-page","status-publish","hentry"],"yoast_head":"<!-- This site is optimized with the Yoast SEO plugin v27.3 - https:\/\/yoast.com\/product\/yoast-seo-wordpress\/ -->\n<title>revista cesot - Investigaci\u00f3n<\/title>\n<meta name=\"robots\" content=\"index, follow, max-snippet:-1, max-image-preview:large, max-video-preview:-1\" \/>\n<link rel=\"canonical\" href=\"https:\/\/www.economicas.uba.ar\/investigacion\/institutos-y-centros\/revista-cesot\/\" \/>\n<meta property=\"og:locale\" content=\"es_ES\" \/>\n<meta property=\"og:type\" content=\"article\" \/>\n<meta property=\"og:title\" content=\"revista cesot - Investigaci\u00f3n\" \/>\n<meta property=\"og:description\" content=\"CESOT Revista del Centro de Estudios de Sociolog\u00eda del Trabajo &#8211; CESOT \u00daLTIMA EDICI\u00d3N La Revista del Centro de Estudios de Sociolog\u00eda del Trabajo es una publicaci\u00f3n de la Facultad\" \/>\n<meta property=\"og:url\" content=\"https:\/\/www.economicas.uba.ar\/investigacion\/institutos-y-centros\/revista-cesot\/\" \/>\n<meta property=\"og:site_name\" content=\"Investigaci\u00f3n\" \/>\n<meta property=\"article:modified_time\" content=\"2025-08-19T15:22:48+00:00\" \/>\n<meta property=\"og:image\" content=\"https:\/\/www.economicas.uba.ar\/investigacion\/wp-content\/uploads\/cover_issue_534_es-213x300.jpg\" \/>\n<meta name=\"twitter:card\" content=\"summary_large_image\" \/>\n<meta name=\"twitter:label1\" content=\"Tiempo de lectura\" \/>\n\t<meta name=\"twitter:data1\" content=\"2 minutos\" \/>\n<script type=\"application\/ld+json\" class=\"yoast-schema-graph\">{\"@context\":\"https:\\\/\\\/schema.org\",\"@graph\":[{\"@type\":\"WebPage\",\"@id\":\"https:\\\/\\\/www.economicas.uba.ar\\\/investigacion\\\/institutos-y-centros\\\/revista-cesot\\\/\",\"url\":\"https:\\\/\\\/www.economicas.uba.ar\\\/investigacion\\\/institutos-y-centros\\\/revista-cesot\\\/\",\"name\":\"revista cesot - Investigaci\u00f3n\",\"isPartOf\":{\"@id\":\"https:\\\/\\\/www.economicas.uba.ar\\\/investigacion\\\/#website\"},\"primaryImageOfPage\":{\"@id\":\"https:\\\/\\\/www.economicas.uba.ar\\\/investigacion\\\/institutos-y-centros\\\/revista-cesot\\\/#primaryimage\"},\"image\":{\"@id\":\"https:\\\/\\\/www.economicas.uba.ar\\\/investigacion\\\/institutos-y-centros\\\/revista-cesot\\\/#primaryimage\"},\"thumbnailUrl\":\"https:\\\/\\\/www.economicas.uba.ar\\\/investigacion\\\/wp-content\\\/uploads\\\/cover_issue_534_es-213x300.jpg\",\"datePublished\":\"2024-06-10T13:12:07+00:00\",\"dateModified\":\"2025-08-19T15:22:48+00:00\",\"breadcrumb\":{\"@id\":\"https:\\\/\\\/www.economicas.uba.ar\\\/investigacion\\\/institutos-y-centros\\\/revista-cesot\\\/#breadcrumb\"},\"inLanguage\":\"es-AR\",\"potentialAction\":[{\"@type\":\"ReadAction\",\"target\":[\"https:\\\/\\\/www.economicas.uba.ar\\\/investigacion\\\/institutos-y-centros\\\/revista-cesot\\\/\"]}]},{\"@type\":\"ImageObject\",\"inLanguage\":\"es-AR\",\"@id\":\"https:\\\/\\\/www.economicas.uba.ar\\\/investigacion\\\/institutos-y-centros\\\/revista-cesot\\\/#primaryimage\",\"url\":\"https:\\\/\\\/www.economicas.uba.ar\\\/investigacion\\\/wp-content\\\/uploads\\\/cover_issue_534_es.jpg\",\"contentUrl\":\"https:\\\/\\\/www.economicas.uba.ar\\\/investigacion\\\/wp-content\\\/uploads\\\/cover_issue_534_es.jpg\",\"width\":702,\"height\":990},{\"@type\":\"BreadcrumbList\",\"@id\":\"https:\\\/\\\/www.economicas.uba.ar\\\/investigacion\\\/institutos-y-centros\\\/revista-cesot\\\/#breadcrumb\",\"itemListElement\":[{\"@type\":\"ListItem\",\"position\":1,\"name\":\"Inicio\",\"item\":\"https:\\\/\\\/www.economicas.uba.ar\\\/investigacion\\\/\"},{\"@type\":\"ListItem\",\"position\":2,\"name\":\"Institutos y centros\",\"item\":\"https:\\\/\\\/www.economicas.uba.ar\\\/investigacion\\\/institutos-y-centros\\\/\"},{\"@type\":\"ListItem\",\"position\":3,\"name\":\"revista cesot\"}]},{\"@type\":\"WebSite\",\"@id\":\"https:\\\/\\\/www.economicas.uba.ar\\\/investigacion\\\/#website\",\"url\":\"https:\\\/\\\/www.economicas.uba.ar\\\/investigacion\\\/\",\"name\":\"Investigaci\u00f3n FCE\",\"description\":\"\",\"publisher\":{\"@id\":\"https:\\\/\\\/www.economicas.uba.ar\\\/investigacion\\\/#organization\"},\"potentialAction\":[{\"@type\":\"SearchAction\",\"target\":{\"@type\":\"EntryPoint\",\"urlTemplate\":\"https:\\\/\\\/www.economicas.uba.ar\\\/investigacion\\\/?s={search_term_string}\"},\"query-input\":{\"@type\":\"PropertyValueSpecification\",\"valueRequired\":true,\"valueName\":\"search_term_string\"}}],\"inLanguage\":\"es-AR\"},{\"@type\":\"Organization\",\"@id\":\"https:\\\/\\\/www.economicas.uba.ar\\\/investigacion\\\/#organization\",\"name\":\"Investigaci\u00f3n FCE\",\"url\":\"https:\\\/\\\/www.economicas.uba.ar\\\/investigacion\\\/\",\"logo\":{\"@type\":\"ImageObject\",\"inLanguage\":\"es-AR\",\"@id\":\"https:\\\/\\\/www.economicas.uba.ar\\\/investigacion\\\/#\\\/schema\\\/logo\\\/image\\\/\",\"url\":\"https:\\\/\\\/www.economicas.uba.ar\\\/investigacion\\\/wp-content\\\/uploads\\\/logo_2023.png\",\"contentUrl\":\"https:\\\/\\\/www.economicas.uba.ar\\\/investigacion\\\/wp-content\\\/uploads\\\/logo_2023.png\",\"width\":292,\"height\":81,\"caption\":\"Investigaci\u00f3n FCE\"},\"image\":{\"@id\":\"https:\\\/\\\/www.economicas.uba.ar\\\/investigacion\\\/#\\\/schema\\\/logo\\\/image\\\/\"}}]}<\/script>\n<!-- \/ Yoast SEO plugin. -->","yoast_head_json":{"title":"revista cesot - Investigaci\u00f3n","robots":{"index":"index","follow":"follow","max-snippet":"max-snippet:-1","max-image-preview":"max-image-preview:large","max-video-preview":"max-video-preview:-1"},"canonical":"https:\/\/www.economicas.uba.ar\/investigacion\/institutos-y-centros\/revista-cesot\/","og_locale":"es_ES","og_type":"article","og_title":"revista cesot - Investigaci\u00f3n","og_description":"CESOT Revista del Centro de Estudios de Sociolog\u00eda del Trabajo &#8211; CESOT \u00daLTIMA EDICI\u00d3N La Revista del Centro de Estudios de Sociolog\u00eda del Trabajo es una publicaci\u00f3n de la Facultad","og_url":"https:\/\/www.economicas.uba.ar\/investigacion\/institutos-y-centros\/revista-cesot\/","og_site_name":"Investigaci\u00f3n","article_modified_time":"2025-08-19T15:22:48+00:00","og_image":[{"url":"https:\/\/www.economicas.uba.ar\/investigacion\/wp-content\/uploads\/cover_issue_534_es-213x300.jpg","type":"","width":"","height":""}],"twitter_card":"summary_large_image","twitter_misc":{"Tiempo de lectura":"2 minutos"},"schema":{"@context":"https:\/\/schema.org","@graph":[{"@type":"WebPage","@id":"https:\/\/www.economicas.uba.ar\/investigacion\/institutos-y-centros\/revista-cesot\/","url":"https:\/\/www.economicas.uba.ar\/investigacion\/institutos-y-centros\/revista-cesot\/","name":"revista cesot - Investigaci\u00f3n","isPartOf":{"@id":"https:\/\/www.economicas.uba.ar\/investigacion\/#website"},"primaryImageOfPage":{"@id":"https:\/\/www.economicas.uba.ar\/investigacion\/institutos-y-centros\/revista-cesot\/#primaryimage"},"image":{"@id":"https:\/\/www.economicas.uba.ar\/investigacion\/institutos-y-centros\/revista-cesot\/#primaryimage"},"thumbnailUrl":"https:\/\/www.economicas.uba.ar\/investigacion\/wp-content\/uploads\/cover_issue_534_es-213x300.jpg","datePublished":"2024-06-10T13:12:07+00:00","dateModified":"2025-08-19T15:22:48+00:00","breadcrumb":{"@id":"https:\/\/www.economicas.uba.ar\/investigacion\/institutos-y-centros\/revista-cesot\/#breadcrumb"},"inLanguage":"es-AR","potentialAction":[{"@type":"ReadAction","target":["https:\/\/www.economicas.uba.ar\/investigacion\/institutos-y-centros\/revista-cesot\/"]}]},{"@type":"ImageObject","inLanguage":"es-AR","@id":"https:\/\/www.economicas.uba.ar\/investigacion\/institutos-y-centros\/revista-cesot\/#primaryimage","url":"https:\/\/www.economicas.uba.ar\/investigacion\/wp-content\/uploads\/cover_issue_534_es.jpg","contentUrl":"https:\/\/www.economicas.uba.ar\/investigacion\/wp-content\/uploads\/cover_issue_534_es.jpg","width":702,"height":990},{"@type":"BreadcrumbList","@id":"https:\/\/www.economicas.uba.ar\/investigacion\/institutos-y-centros\/revista-cesot\/#breadcrumb","itemListElement":[{"@type":"ListItem","position":1,"name":"Inicio","item":"https:\/\/www.economicas.uba.ar\/investigacion\/"},{"@type":"ListItem","position":2,"name":"Institutos y centros","item":"https:\/\/www.economicas.uba.ar\/investigacion\/institutos-y-centros\/"},{"@type":"ListItem","position":3,"name":"revista cesot"}]},{"@type":"WebSite","@id":"https:\/\/www.economicas.uba.ar\/investigacion\/#website","url":"https:\/\/www.economicas.uba.ar\/investigacion\/","name":"Investigaci\u00f3n FCE","description":"","publisher":{"@id":"https:\/\/www.economicas.uba.ar\/investigacion\/#organization"},"potentialAction":[{"@type":"SearchAction","target":{"@type":"EntryPoint","urlTemplate":"https:\/\/www.economicas.uba.ar\/investigacion\/?s={search_term_string}"},"query-input":{"@type":"PropertyValueSpecification","valueRequired":true,"valueName":"search_term_string"}}],"inLanguage":"es-AR"},{"@type":"Organization","@id":"https:\/\/www.economicas.uba.ar\/investigacion\/#organization","name":"Investigaci\u00f3n FCE","url":"https:\/\/www.economicas.uba.ar\/investigacion\/","logo":{"@type":"ImageObject","inLanguage":"es-AR","@id":"https:\/\/www.economicas.uba.ar\/investigacion\/#\/schema\/logo\/image\/","url":"https:\/\/www.economicas.uba.ar\/investigacion\/wp-content\/uploads\/logo_2023.png","contentUrl":"https:\/\/www.economicas.uba.ar\/investigacion\/wp-content\/uploads\/logo_2023.png","width":292,"height":81,"caption":"Investigaci\u00f3n FCE"},"image":{"@id":"https:\/\/www.economicas.uba.ar\/investigacion\/#\/schema\/logo\/image\/"}}]}},"_links":{"self":[{"href":"https:\/\/www.economicas.uba.ar\/investigacion\/wp-json\/wp\/v2\/pages\/3124","targetHints":{"allow":["GET"]}}],"collection":[{"href":"https:\/\/www.economicas.uba.ar\/investigacion\/wp-json\/wp\/v2\/pages"}],"about":[{"href":"https:\/\/www.economicas.uba.ar\/investigacion\/wp-json\/wp\/v2\/types\/page"}],"author":[{"embeddable":true,"href":"https:\/\/www.economicas.uba.ar\/investigacion\/wp-json\/wp\/v2\/users\/2"}],"replies":[{"embeddable":true,"href":"https:\/\/www.economicas.uba.ar\/investigacion\/wp-json\/wp\/v2\/comments?post=3124"}],"version-history":[{"count":10,"href":"https:\/\/www.economicas.uba.ar\/investigacion\/wp-json\/wp\/v2\/pages\/3124\/revisions"}],"predecessor-version":[{"id":6371,"href":"https:\/\/www.economicas.uba.ar\/investigacion\/wp-json\/wp\/v2\/pages\/3124\/revisions\/6371"}],"up":[{"embeddable":true,"href":"https:\/\/www.economicas.uba.ar\/investigacion\/wp-json\/wp\/v2\/pages\/1282"}],"wp:attachment":[{"href":"https:\/\/www.economicas.uba.ar\/investigacion\/wp-json\/wp\/v2\/media?parent=3124"}],"curies":[{"name":"wp","href":"https:\/\/api.w.org\/{rel}","templated":true}]}}