{"id":3152,"date":"2024-06-10T10:58:54","date_gmt":"2024-06-10T13:58:54","guid":{"rendered":"https:\/\/www.economicas.uba.ar\/investigacion\/?page_id=3152"},"modified":"2024-06-14T08:56:29","modified_gmt":"2024-06-14T11:56:29","slug":"revista-met-exp","status":"publish","type":"page","link":"https:\/\/www.economicas.uba.ar\/investigacion\/institutos-y-centros\/revista-met-exp\/","title":{"rendered":"Revista de Investigaci\u00f3n Interdisciplinaria en M\u00e9todos Experimentales &#8211; PIMEAGE"},"content":{"rendered":"\t\t<div data-elementor-type=\"wp-page\" data-elementor-id=\"3152\" class=\"elementor elementor-3152\" data-elementor-post-type=\"page\">\n\t\t\t\t<div class=\"elementor-element elementor-element-442f3d0d e-con-full e-flex e-con e-parent\" data-id=\"442f3d0d\" data-element_type=\"container\" data-e-type=\"container\" data-settings=\"{&quot;background_background&quot;:&quot;classic&quot;}\">\n\t\t<div class=\"elementor-element elementor-element-56ba770a e-flex e-con-boxed e-con e-child\" data-id=\"56ba770a\" data-element_type=\"container\" data-e-type=\"container\">\n\t\t\t\t\t<div class=\"e-con-inner\">\n\t\t\t\t\t<\/div>\n\t\t\t\t<\/div>\n\t\t<div class=\"elementor-element elementor-element-315e7aae e-flex e-con-boxed e-con e-child\" data-id=\"315e7aae\" data-element_type=\"container\" data-e-type=\"container\">\n\t\t\t\t\t<div class=\"e-con-inner\">\n\t\t\t\t<div class=\"elementor-element elementor-element-3431a0ee elementor-widget elementor-widget-heading\" data-id=\"3431a0ee\" data-element_type=\"widget\" data-e-type=\"widget\" data-widget_type=\"heading.default\">\n\t\t\t\t<div class=\"elementor-widget-container\">\n\t\t\t\t\t<h2 class=\"elementor-heading-title elementor-size-default\">INVESTIGACI\u00d3N<\/h2>\t\t\t\t<\/div>\n\t\t\t\t<\/div>\n\t\t\t\t\t<\/div>\n\t\t\t\t<\/div>\n\t\t\t\t<\/div>\n\t\t<div class=\"elementor-element elementor-element-785d0a7c e-flex e-con-boxed e-con e-parent\" data-id=\"785d0a7c\" data-element_type=\"container\" data-e-type=\"container\">\n\t\t\t\t\t<div class=\"e-con-inner\">\n\t\t\t\t<div class=\"elementor-element elementor-element-7804597d elementor-widget elementor-widget-eael-adv-accordion\" data-id=\"7804597d\" data-element_type=\"widget\" data-e-type=\"widget\" data-widget_type=\"eael-adv-accordion.default\">\n\t\t\t\t<div class=\"elementor-widget-container\">\n\t\t\t\t\t            <div class=\"eael-adv-accordion\" id=\"eael-adv-accordion-7804597d\" data-scroll-on-click=\"no\" data-scroll-speed=\"300\" data-accordion-id=\"7804597d\" data-accordion-type=\"accordion\" data-toogle-speed=\"300\">\n            <div class=\"eael-accordion-list\">\n\t\t\t\t\t<div id=\"revista-de-investigacin-interdisciplinaria-en-mtodos-experimentales-pimeage\" class=\"elementor-tab-title eael-accordion-header active-default\" tabindex=\"0\" data-tab=\"1\" aria-controls=\"elementor-tab-content-2011\"><span class=\"eael-accordion-tab-title\">Revista de Investigaci\u00f3n Interdisciplinaria en M\u00e9todos Experimentales - PIMEAGE<\/span><span class=\"eael-advanced-accordion-icon-closed\"><i aria-hidden=\"true\" class=\"fa-accordion-icon fas fa-chevron-down\"><\/i><\/span><span class=\"eael-advanced-accordion-icon-opened\"><\/span><\/div><div id=\"elementor-tab-content-2011\" class=\"eael-accordion-content clearfix active-default\" data-tab=\"1\" aria-labelledby=\"revista-de-investigacin-interdisciplinaria-en-mtodos-experimentales-pimeage\"><p>La Revista de Investigaci\u00f3n Interdisciplinaria en M\u00e9todos Experimentales de la Facultad de Ciencias Econ\u00f3micas de la Universidad de Buenos Aires es una publicaci\u00f3n anual que se propone como un espacio de articulaci\u00f3n entre los investigadores de diversas disciplinas aplicando metodolog\u00edas experimentales. Esta publicaci\u00f3n tiene un comit\u00e9 cient\u00edfico integrado por reconocidos acad\u00e9micos nacionales e internacionales, que le otorga un claro perfil global y un alto nivel de calidad cient\u00edfica.<\/p><p>ISSN: 2314-1123 (en l\u00ednea) | 2314-1115 (impreso)<\/p><p><strong>Directora<br \/><\/strong>Dra. Mar\u00eda Teresa Casparri<\/p><p><strong>Co-Directores<br \/><\/strong>Dr. Emmanuel Oliverio | Dra. Silvana Mar\u00eda Curcio<\/p><p><strong>Editor responsable<\/strong><\/p><p>Instituto de Investigaciones en Administraci\u00f3n, Contabilidad y M\u00e9todos Cuantitativos para la Gesti\u00f3n \u2013\u00a0Facultad de Ciencias Econ\u00f3micas de la Universidad de Buenos Aires<br \/>Av. C\u00f3rdoba 2122-C1120AAQ,\u00a0Ciudad de Buenos Aires-Argentina<br \/>Contacto:\u00a0<a href=\"mailto:iadcom@econ.uba.ar\">iadcom@fce.uba.ar<\/a><\/p><\/div>\n\t\t\t\t\t<\/div><div class=\"eael-accordion-list\">\n\t\t\t\t\t<div id=\"comit-cientfico-y-editorial\" class=\"elementor-tab-title eael-accordion-header\" tabindex=\"0\" data-tab=\"2\" aria-controls=\"elementor-tab-content-2012\"><span class=\"eael-accordion-tab-title\">Comit\u00e9 cient\u00edfico y editorial<\/span><span class=\"eael-advanced-accordion-icon-closed\"><i aria-hidden=\"true\" class=\"fa-accordion-icon fas fa-chevron-down\"><\/i><\/span><span class=\"eael-advanced-accordion-icon-opened\"><\/span><\/div><div id=\"elementor-tab-content-2012\" class=\"eael-accordion-content clearfix\" data-tab=\"2\" aria-labelledby=\"comit-cientfico-y-editorial\"><h6><strong>Comit\u00e9 cient\u00edfico<\/strong><\/h6><ul><li>Mar\u00eda Teresa Casparri: Universidad de Buenos Aires, Facultad de Ciencias Econ\u00f3micas. Argentina<\/li><li>Adriana Norma Fassio: Universidad de Buenos Aires, Facultad de Ciencias Econ\u00f3micas. Argentina<\/li><li>Javier Ignacio Garc\u00eda Fronti: Universidad de Buenos Aires, Facultad de Ciencias Econ\u00f3micas. Argentina<\/li><li>Mar\u00eda Gabriela Rutty: Universidad de Buenos Aires, Facultad de Ciencias Econ\u00f3micas. Argentina<\/li><\/ul><p><strong>Comit\u00e9 editorial<\/strong><\/p><ul><li>Emmanuel Oliverio: Universidad de Buenos Aires, Facultad de Ciencias Econ\u00f3micas. Argentina<\/li><li>Silvana Mar\u00eda Curcio: Universidad de Buenos Aires, Facultad de Ciencias Econ\u00f3micas. Argentina | Universidad Nacional de Tierra del Fuego, Ant\u00e1rtida e Islas del Atl\u00e1ntico Sur. Argentina<\/li><li>Marcela Isabel Jabbaz: Universidad de Valencia. Espa\u00f1a<\/li><li>Emiliano Sebastian Consoli: Universidad de Buenos Aires, Facultad de Ciencias Econ\u00f3micas. Argentina | Universidad Nacional de Jos\u00e9 C. Paz. Argentina<\/li><li>Paula Natalia Colacioppo: Universidad de Buenos Aires, Facultad de Ciencias Econ\u00f3micas. Argentina<\/li><\/ul><\/div>\n\t\t\t\t\t<\/div><div class=\"eael-accordion-list\">\n\t\t\t\t\t<div id=\"informacin-para-los-autores\" class=\"elementor-tab-title eael-accordion-header\" tabindex=\"0\" data-tab=\"3\" aria-controls=\"elementor-tab-content-2013\"><span class=\"eael-accordion-tab-title\">Informaci\u00f3n para los autores<\/span><span class=\"eael-advanced-accordion-icon-closed\"><i aria-hidden=\"true\" class=\"fa-accordion-icon fas fa-chevron-down\"><\/i><\/span><span class=\"eael-advanced-accordion-icon-opened\"><\/span><\/div><div id=\"elementor-tab-content-2013\" class=\"eael-accordion-content clearfix\" data-tab=\"3\" aria-labelledby=\"informacin-para-los-autores\"><p><strong>CONVOCATORIA ABIERTA: RIIME\u00a0<\/strong><\/p><ul><li><a href=\"https:\/\/www.economicas.uba.ar\/wp-content\/uploads\/2016\/08\/Call-for-Papers-Revista-PIMEAGE-convocatoria-abierta.pdf\" target=\"_blank\" rel=\"noopener\">Call for papers \u2013 Normas para el env\u00edo de propuestas \u2013 Convocatoria abierta<\/a><\/li><li>Fecha l\u00edmite: 30 de Octubre de cada a\u00f1o.<\/li><\/ul><p>\u00a0<\/p><p>Los art\u00edculos enviados deber\u00e1n ser originales y no haber sido publicados ni estar sometidos a consideraci\u00f3n para serlo en otra revista. Al presentar un texto a la Revista, los autores ceden al Instituto de Investigaciones en Administraci\u00f3n, Contabilidad y M\u00e9todos Cuantitativos para la Gesti\u00f3n (IADCOM) derechos exclusivos para reproducir por cualquier medio y distribuir el art\u00edculo. Los autores obtendr\u00e1n los permisos pertinentes para reproducir textos o ilustraciones amparados por derechos de autor que utilizar\u00e1n en los escritos.<\/p><p>Cuando un art\u00edculo se recibe, los editores lo leer\u00e1n y decidir\u00e1n si enviarlo a los \u00e1rbitros contactados. Habitualmente esta decisi\u00f3n no toma m\u00e1s de dos semanas. Los evaluadores son preferentemente profesionales acad\u00e9micos externos a la instituci\u00f3n editora. Dos reportes de los \u00e1rbitros son recibidos por cada art\u00edculo y la decisi\u00f3n final es tomada por el comit\u00e9 editorial. Todo el proceso dura no m\u00e1s de tres meses.<\/p><h4>NORMAS PARA LA PRESENTACI\u00d3N DE ART\u00cdCULOS<\/h4><p>Los interesados en presentar trabajos en la Revista de Investigaci\u00f3n Interdisciplinaria en M\u00e9todos Experimentales deber\u00e1n seguir las siguientes normas, de manera de facilitar la organizaci\u00f3n del material que ser\u00e1 publicado.<\/p><p>La recepci\u00f3n de los trabajos se realizar\u00e1 de febrero a diciembre de cada a\u00f1o. No obstante ello, se difundir\u00e1n call for papers espec\u00edficos para cada n\u00famero.<\/p><ul><li>El resumen y el trabajo final deben enviarse por correo electr\u00f3nico a:\u00a0<a href=\"mailto:pimeage@fce.uba.ar\">pimeage@fce.uba.ar<\/a><\/li><\/ul><h6>RESUMEN DE ART\u00cdCULOS (en castellano y en ingl\u00e9s)<\/h6><ul><li>Datos a Consignar:<ul><li>T\u00edtulo del Trabajo<\/li><li>Autor<\/li><li>Instituci\u00f3n de Procedencia<\/li><li>Curr\u00edculum Vitae sint\u00e9tico del autor, que contenga el mayor t\u00edtulo alcanzado, cargos docentes y otra informaci\u00f3n que considere relevante (extensi\u00f3n m\u00e1xima de cinco l\u00edneas)<\/li><li>Correo electr\u00f3nico del autor<\/li><li>Palabras Clave (en castellano y en ingl\u00e9s)<\/li><li>\u00c1rea Tem\u00e1tica en la cual se encuadra el trabajo (c\u00f3digo JEL)<\/li><\/ul><\/li><\/ul><ul><li>Caracter\u00edsticas:\u00a0<em>Extensi\u00f3n m\u00e1xima: 300 palabras<\/em><\/li><\/ul><h6>TRABAJO FINAL (VERSI\u00d3N COMPLETA)<\/h6><ul><li>Datos a Consignar:<ul><li>T\u00edtulo del Trabajo<\/li><li>Autor<\/li><li>Instituci\u00f3n de procedencia<\/li><li>Palabras Clave (en castellano y en ingl\u00e9s)\u00a0<\/li><li>\u00c1rea Tem\u00e1tica en la cual se encuadra el trabajo (C\u00f3digo JEL)<\/li><\/ul><\/li><\/ul><ul><li>Caracter\u00edsticas:\u00a0<em>Extensi\u00f3n: entre 5.000 y 10.000 palabras<\/em><\/li><\/ul><p><strong>FORMATO DE P\u00c1GINA (RESUMEN Y TRABAJO FINAL)<\/strong><\/p><ul><li>Margen Superior: 1 cm<\/li><li>Margen Inferior: 1,5 cm<\/li><li>Margen derecho: 1,8, cm<\/li><li>Margen Izquierdo: 1,2 cm<\/li><li>Tama\u00f1o del Papel:\u00a0Ancho 14,7 x\u00a0Alto 19,5 cm<\/li><li>Tipograf\u00eda: Tahoma 9<\/li><li>Interlineado: sencillo<\/li><li>T\u00edtulo del Trabajo: negrita, centrado y en may\u00fasculas.<\/li><li>Tipograf\u00eda: Tahoma 10<\/li><li>Autores: debajo del t\u00edtulo, justificado en el margen derecho, en cursiva. Debajo del nombre, se deber\u00e1 colocar la direcci\u00f3n de correo electr\u00f3nico.<\/li><li>Tipograf\u00eda: Tahoma 9<\/li><li>Para todo el trabajo, incluyendo sistema de referencia autor\u2013fecha y referencias bibliogr\u00e1ficas, se utilizar\u00e1n las normas APA 6ta. Edici\u00f3n.<\/li><\/ul><\/div>\n\t\t\t\t\t<\/div><div class=\"eael-accordion-list\">\n\t\t\t\t\t<div id=\"nmeros-publicados\" class=\"elementor-tab-title eael-accordion-header\" tabindex=\"0\" data-tab=\"4\" aria-controls=\"elementor-tab-content-2014\"><span class=\"eael-accordion-tab-title\">N\u00fameros publicados<\/span><span class=\"eael-advanced-accordion-icon-closed\"><i aria-hidden=\"true\" class=\"fa-accordion-icon fas fa-chevron-down\"><\/i><\/span><span class=\"eael-advanced-accordion-icon-opened\"><\/span><\/div><div id=\"elementor-tab-content-2014\" class=\"eael-accordion-content clearfix\" data-tab=\"4\" aria-labelledby=\"nmeros-publicados\"><ul><li><a href=\"http:\/\/ojs.econ.uba.ar\/index.php\/metodosexperimentales\/issue\/view\/237\" target=\"_blank\" rel=\"noopener\">A\u00f1o 1. Volumen 1 (2012)<\/a><\/li><li><a href=\"http:\/\/ojs.econ.uba.ar\/index.php\/metodosexperimentales\/issue\/view\/238\" target=\"_blank\" rel=\"noopener\">A\u00f1o 2. Volumen 1 (2013)<\/a><\/li><li><a href=\"http:\/\/ojs.econ.uba.ar\/index.php\/metodosexperimentales\/issue\/view\/239\" target=\"_blank\" rel=\"noopener\">A\u00f1o 3. Volumen 1 (2014)<\/a><\/li><li><a href=\"http:\/\/ojs.econ.uba.ar\/index.php\/metodosexperimentales\/issue\/view\/236\" target=\"_blank\" rel=\"noopener\">A\u00f1o 4. Volumen 1 (2015)<\/a><\/li><li><a href=\"http:\/\/ojs.econ.uba.ar\/index.php\/metodosexperimentales\/issue\/view\/240\" target=\"_blank\" rel=\"noopener\">A\u00f1o 5. Volumen 1 (2016)<\/a><\/li><li><a href=\"http:\/\/ojs.econ.uba.ar\/index.php\/metodosexperimentales\/issue\/view\/241\" target=\"_blank\" rel=\"noopener\">A\u00f1o 6. Volumen 1 (2017)<\/a><\/li><li><a href=\"http:\/\/ojs.econ.uba.ar\/index.php\/metodosexperimentales\/issue\/view\/235\" target=\"_blank\" rel=\"noopener\">A\u00f1o 7. Volumen 1 (2018)<\/a><\/li><li><a href=\"http:\/\/ojs.econ.uba.ar\/index.php\/metodosexperimentales\/issue\/view\/242\" target=\"_blank\" rel=\"noopener\">A\u00f1o 8. Volumen 1 (2019)<\/a><\/li><li><a href=\"http:\/\/ojs.econ.uba.ar\/index.php\/metodosexperimentales\/issue\/view\/284\" target=\"_blank\" rel=\"noopener\">A\u00f1o 9. Volumen 1 (2020)<\/a><\/li><li><a href=\"http:\/\/ojs.econ.uba.ar\/index.php\/metodosexperimentales\/issue\/view\/295\" target=\"_blank\" rel=\"noopener\">A\u00f1o 10. Volumen 1 (2021)<\/a><\/li><li><a href=\"https:\/\/ojs.econ.uba.ar\/index.php\/metodosexperimentales\/issue\/view\/425\" target=\"_blank\" rel=\"noopener\">A\u00f1o 11. Volumen 1 (2022)<\/a><\/li><\/ul><p>Acceder a la publicaci\u00f3n completa haciendo click\u00a0<a href=\"http:\/\/ojs.econ.uba.ar\/index.php\/metodosexperimentales\" target=\"_blank\" rel=\"noopener\">aqu\u00ed<\/a><\/p><\/div>\n\t\t\t\t\t<\/div><div class=\"eael-accordion-list\">\n\t\t\t\t\t<div id=\"contacto\" class=\"elementor-tab-title eael-accordion-header\" tabindex=\"0\" data-tab=\"5\" aria-controls=\"elementor-tab-content-2015\"><span class=\"eael-accordion-tab-title\">Contacto<\/span><span class=\"eael-advanced-accordion-icon-closed\"><i aria-hidden=\"true\" class=\"fa-accordion-icon fas fa-chevron-down\"><\/i><\/span><span class=\"eael-advanced-accordion-icon-opened\"><\/span><\/div><div id=\"elementor-tab-content-2015\" class=\"eael-accordion-content clearfix\" data-tab=\"5\" aria-labelledby=\"contacto\"><h6><strong>PROGRAMA INTERDISCIPLINARIO EN M\u00c9TODOS <\/strong><strong>EXPERIMENTALES APLICADOS A LA GESTI\u00d3N Y A LA ECONOM\u00cdA (<a href=\"https:\/\/www.economicas.uba.ar\/institutos_y_centros\/pimeage\/\" target=\"_blank\" rel=\"noopener\">PIMEAGE<\/a>)<\/strong><\/h6><p class=\"rtecenter\">Av. C\u00f3rdoba 2122, C1120AAQ \u2013 Ciudad de Buenos Aires<br \/>Correo electr\u00f3nico:<span class=\"apple-converted-space\">\u00a0<\/span><a href=\"mailto:pimeage@fce.uba.ar\">pimeage@fce.uba.ar<\/a><\/p><\/div>\n\t\t\t\t\t<\/div><\/div>\t\t\t\t<\/div>\n\t\t\t\t<\/div>\n\t\t\t\t\t<\/div>\n\t\t\t\t<\/div>\n\t\t<div class=\"elementor-element elementor-element-49abd3d9 e-flex e-con-boxed e-con e-parent\" data-id=\"49abd3d9\" data-element_type=\"container\" data-e-type=\"container\">\n\t\t\t\t\t<div class=\"e-con-inner\">\n\t\t\t\t<div class=\"elementor-element elementor-element-4db01974 elementor-widget elementor-widget-spacer\" data-id=\"4db01974\" data-element_type=\"widget\" data-e-type=\"widget\" data-widget_type=\"spacer.default\">\n\t\t\t\t<div class=\"elementor-widget-container\">\n\t\t\t\t\t\t\t<div class=\"elementor-spacer\">\n\t\t\t<div class=\"elementor-spacer-inner\"><\/div>\n\t\t<\/div>\n\t\t\t\t\t\t<\/div>\n\t\t\t\t<\/div>\n\t\t\t\t\t<\/div>\n\t\t\t\t<\/div>\n\t\t\t\t<\/div>\n\t\t","protected":false},"excerpt":{"rendered":"<p>INVESTIGACI\u00d3N Revista de Investigaci\u00f3n Interdisciplinaria en M\u00e9todos Experimentales &#8211; PIMEAGE La Revista de Investigaci\u00f3n Interdisciplinaria en M\u00e9todos Experimentales de la Facultad de Ciencias Econ\u00f3micas de la Universidad de Buenos Aires<\/p>\n","protected":false},"author":25,"featured_media":0,"parent":1282,"menu_order":0,"comment_status":"closed","ping_status":"closed","template":"elementor_header_footer","meta":{"footnotes":""},"class_list":["post-3152","page","type-page","status-publish","hentry"],"yoast_head":"<!-- This site is optimized with the Yoast SEO plugin v27.3 - https:\/\/yoast.com\/product\/yoast-seo-wordpress\/ -->\n<title>Revista de Investigaci\u00f3n Interdisciplinaria en M\u00e9todos Experimentales - PIMEAGE - Investigaci\u00f3n<\/title>\n<meta name=\"robots\" content=\"index, follow, max-snippet:-1, max-image-preview:large, max-video-preview:-1\" \/>\n<link rel=\"canonical\" href=\"https:\/\/www.economicas.uba.ar\/investigacion\/institutos-y-centros\/revista-met-exp\/\" \/>\n<meta property=\"og:locale\" content=\"es_ES\" \/>\n<meta property=\"og:type\" content=\"article\" \/>\n<meta property=\"og:title\" content=\"Revista de Investigaci\u00f3n Interdisciplinaria en M\u00e9todos Experimentales - PIMEAGE - Investigaci\u00f3n\" \/>\n<meta property=\"og:description\" content=\"INVESTIGACI\u00d3N Revista de Investigaci\u00f3n Interdisciplinaria en M\u00e9todos Experimentales &#8211; PIMEAGE La Revista de Investigaci\u00f3n Interdisciplinaria en M\u00e9todos Experimentales de la Facultad de Ciencias Econ\u00f3micas de la Universidad de Buenos Aires\" \/>\n<meta property=\"og:url\" content=\"https:\/\/www.economicas.uba.ar\/investigacion\/institutos-y-centros\/revista-met-exp\/\" \/>\n<meta property=\"og:site_name\" content=\"Investigaci\u00f3n\" \/>\n<meta property=\"article:modified_time\" content=\"2024-06-14T11:56:29+00:00\" \/>\n<meta name=\"twitter:card\" content=\"summary_large_image\" \/>\n<meta name=\"twitter:label1\" content=\"Tiempo de lectura\" \/>\n\t<meta name=\"twitter:data1\" content=\"4 minutos\" \/>\n<script type=\"application\/ld+json\" class=\"yoast-schema-graph\">{\"@context\":\"https:\\\/\\\/schema.org\",\"@graph\":[{\"@type\":\"WebPage\",\"@id\":\"https:\\\/\\\/www.economicas.uba.ar\\\/investigacion\\\/institutos-y-centros\\\/revista-met-exp\\\/\",\"url\":\"https:\\\/\\\/www.economicas.uba.ar\\\/investigacion\\\/institutos-y-centros\\\/revista-met-exp\\\/\",\"name\":\"Revista de Investigaci\u00f3n Interdisciplinaria en M\u00e9todos Experimentales - PIMEAGE - Investigaci\u00f3n\",\"isPartOf\":{\"@id\":\"https:\\\/\\\/www.economicas.uba.ar\\\/investigacion\\\/#website\"},\"datePublished\":\"2024-06-10T13:58:54+00:00\",\"dateModified\":\"2024-06-14T11:56:29+00:00\",\"breadcrumb\":{\"@id\":\"https:\\\/\\\/www.economicas.uba.ar\\\/investigacion\\\/institutos-y-centros\\\/revista-met-exp\\\/#breadcrumb\"},\"inLanguage\":\"es-AR\",\"potentialAction\":[{\"@type\":\"ReadAction\",\"target\":[\"https:\\\/\\\/www.economicas.uba.ar\\\/investigacion\\\/institutos-y-centros\\\/revista-met-exp\\\/\"]}]},{\"@type\":\"BreadcrumbList\",\"@id\":\"https:\\\/\\\/www.economicas.uba.ar\\\/investigacion\\\/institutos-y-centros\\\/revista-met-exp\\\/#breadcrumb\",\"itemListElement\":[{\"@type\":\"ListItem\",\"position\":1,\"name\":\"Inicio\",\"item\":\"https:\\\/\\\/www.economicas.uba.ar\\\/investigacion\\\/\"},{\"@type\":\"ListItem\",\"position\":2,\"name\":\"Institutos y centros\",\"item\":\"https:\\\/\\\/www.economicas.uba.ar\\\/investigacion\\\/institutos-y-centros\\\/\"},{\"@type\":\"ListItem\",\"position\":3,\"name\":\"Revista de Investigaci\u00f3n Interdisciplinaria en M\u00e9todos Experimentales &#8211; PIMEAGE\"}]},{\"@type\":\"WebSite\",\"@id\":\"https:\\\/\\\/www.economicas.uba.ar\\\/investigacion\\\/#website\",\"url\":\"https:\\\/\\\/www.economicas.uba.ar\\\/investigacion\\\/\",\"name\":\"Investigaci\u00f3n FCE\",\"description\":\"\",\"publisher\":{\"@id\":\"https:\\\/\\\/www.economicas.uba.ar\\\/investigacion\\\/#organization\"},\"potentialAction\":[{\"@type\":\"SearchAction\",\"target\":{\"@type\":\"EntryPoint\",\"urlTemplate\":\"https:\\\/\\\/www.economicas.uba.ar\\\/investigacion\\\/?s={search_term_string}\"},\"query-input\":{\"@type\":\"PropertyValueSpecification\",\"valueRequired\":true,\"valueName\":\"search_term_string\"}}],\"inLanguage\":\"es-AR\"},{\"@type\":\"Organization\",\"@id\":\"https:\\\/\\\/www.economicas.uba.ar\\\/investigacion\\\/#organization\",\"name\":\"Investigaci\u00f3n FCE\",\"url\":\"https:\\\/\\\/www.economicas.uba.ar\\\/investigacion\\\/\",\"logo\":{\"@type\":\"ImageObject\",\"inLanguage\":\"es-AR\",\"@id\":\"https:\\\/\\\/www.economicas.uba.ar\\\/investigacion\\\/#\\\/schema\\\/logo\\\/image\\\/\",\"url\":\"https:\\\/\\\/www.economicas.uba.ar\\\/investigacion\\\/wp-content\\\/uploads\\\/logo_2023.png\",\"contentUrl\":\"https:\\\/\\\/www.economicas.uba.ar\\\/investigacion\\\/wp-content\\\/uploads\\\/logo_2023.png\",\"width\":292,\"height\":81,\"caption\":\"Investigaci\u00f3n FCE\"},\"image\":{\"@id\":\"https:\\\/\\\/www.economicas.uba.ar\\\/investigacion\\\/#\\\/schema\\\/logo\\\/image\\\/\"}}]}<\/script>\n<!-- \/ Yoast SEO plugin. -->","yoast_head_json":{"title":"Revista de Investigaci\u00f3n Interdisciplinaria en M\u00e9todos Experimentales - PIMEAGE - Investigaci\u00f3n","robots":{"index":"index","follow":"follow","max-snippet":"max-snippet:-1","max-image-preview":"max-image-preview:large","max-video-preview":"max-video-preview:-1"},"canonical":"https:\/\/www.economicas.uba.ar\/investigacion\/institutos-y-centros\/revista-met-exp\/","og_locale":"es_ES","og_type":"article","og_title":"Revista de Investigaci\u00f3n Interdisciplinaria en M\u00e9todos Experimentales - PIMEAGE - Investigaci\u00f3n","og_description":"INVESTIGACI\u00d3N Revista de Investigaci\u00f3n Interdisciplinaria en M\u00e9todos Experimentales &#8211; PIMEAGE La Revista de Investigaci\u00f3n Interdisciplinaria en M\u00e9todos Experimentales de la Facultad de Ciencias Econ\u00f3micas de la Universidad de Buenos Aires","og_url":"https:\/\/www.economicas.uba.ar\/investigacion\/institutos-y-centros\/revista-met-exp\/","og_site_name":"Investigaci\u00f3n","article_modified_time":"2024-06-14T11:56:29+00:00","twitter_card":"summary_large_image","twitter_misc":{"Tiempo de lectura":"4 minutos"},"schema":{"@context":"https:\/\/schema.org","@graph":[{"@type":"WebPage","@id":"https:\/\/www.economicas.uba.ar\/investigacion\/institutos-y-centros\/revista-met-exp\/","url":"https:\/\/www.economicas.uba.ar\/investigacion\/institutos-y-centros\/revista-met-exp\/","name":"Revista de Investigaci\u00f3n Interdisciplinaria en M\u00e9todos Experimentales - PIMEAGE - Investigaci\u00f3n","isPartOf":{"@id":"https:\/\/www.economicas.uba.ar\/investigacion\/#website"},"datePublished":"2024-06-10T13:58:54+00:00","dateModified":"2024-06-14T11:56:29+00:00","breadcrumb":{"@id":"https:\/\/www.economicas.uba.ar\/investigacion\/institutos-y-centros\/revista-met-exp\/#breadcrumb"},"inLanguage":"es-AR","potentialAction":[{"@type":"ReadAction","target":["https:\/\/www.economicas.uba.ar\/investigacion\/institutos-y-centros\/revista-met-exp\/"]}]},{"@type":"BreadcrumbList","@id":"https:\/\/www.economicas.uba.ar\/investigacion\/institutos-y-centros\/revista-met-exp\/#breadcrumb","itemListElement":[{"@type":"ListItem","position":1,"name":"Inicio","item":"https:\/\/www.economicas.uba.ar\/investigacion\/"},{"@type":"ListItem","position":2,"name":"Institutos y centros","item":"https:\/\/www.economicas.uba.ar\/investigacion\/institutos-y-centros\/"},{"@type":"ListItem","position":3,"name":"Revista de Investigaci\u00f3n Interdisciplinaria en M\u00e9todos Experimentales &#8211; PIMEAGE"}]},{"@type":"WebSite","@id":"https:\/\/www.economicas.uba.ar\/investigacion\/#website","url":"https:\/\/www.economicas.uba.ar\/investigacion\/","name":"Investigaci\u00f3n FCE","description":"","publisher":{"@id":"https:\/\/www.economicas.uba.ar\/investigacion\/#organization"},"potentialAction":[{"@type":"SearchAction","target":{"@type":"EntryPoint","urlTemplate":"https:\/\/www.economicas.uba.ar\/investigacion\/?s={search_term_string}"},"query-input":{"@type":"PropertyValueSpecification","valueRequired":true,"valueName":"search_term_string"}}],"inLanguage":"es-AR"},{"@type":"Organization","@id":"https:\/\/www.economicas.uba.ar\/investigacion\/#organization","name":"Investigaci\u00f3n FCE","url":"https:\/\/www.economicas.uba.ar\/investigacion\/","logo":{"@type":"ImageObject","inLanguage":"es-AR","@id":"https:\/\/www.economicas.uba.ar\/investigacion\/#\/schema\/logo\/image\/","url":"https:\/\/www.economicas.uba.ar\/investigacion\/wp-content\/uploads\/logo_2023.png","contentUrl":"https:\/\/www.economicas.uba.ar\/investigacion\/wp-content\/uploads\/logo_2023.png","width":292,"height":81,"caption":"Investigaci\u00f3n FCE"},"image":{"@id":"https:\/\/www.economicas.uba.ar\/investigacion\/#\/schema\/logo\/image\/"}}]}},"_links":{"self":[{"href":"https:\/\/www.economicas.uba.ar\/investigacion\/wp-json\/wp\/v2\/pages\/3152","targetHints":{"allow":["GET"]}}],"collection":[{"href":"https:\/\/www.economicas.uba.ar\/investigacion\/wp-json\/wp\/v2\/pages"}],"about":[{"href":"https:\/\/www.economicas.uba.ar\/investigacion\/wp-json\/wp\/v2\/types\/page"}],"author":[{"embeddable":true,"href":"https:\/\/www.economicas.uba.ar\/investigacion\/wp-json\/wp\/v2\/users\/25"}],"replies":[{"embeddable":true,"href":"https:\/\/www.economicas.uba.ar\/investigacion\/wp-json\/wp\/v2\/comments?post=3152"}],"version-history":[{"count":11,"href":"https:\/\/www.economicas.uba.ar\/investigacion\/wp-json\/wp\/v2\/pages\/3152\/revisions"}],"predecessor-version":[{"id":3228,"href":"https:\/\/www.economicas.uba.ar\/investigacion\/wp-json\/wp\/v2\/pages\/3152\/revisions\/3228"}],"up":[{"embeddable":true,"href":"https:\/\/www.economicas.uba.ar\/investigacion\/wp-json\/wp\/v2\/pages\/1282"}],"wp:attachment":[{"href":"https:\/\/www.economicas.uba.ar\/investigacion\/wp-json\/wp\/v2\/media?parent=3152"}],"curies":[{"name":"wp","href":"https:\/\/api.w.org\/{rel}","templated":true}]}}