{"id":4930,"date":"2025-03-12T10:21:11","date_gmt":"2025-03-12T13:21:11","guid":{"rendered":"https:\/\/www.economicas.uba.ar\/investigacion\/?page_id=4930"},"modified":"2025-04-04T15:47:48","modified_gmt":"2025-04-04T18:47:48","slug":"piossev","status":"publish","type":"page","link":"https:\/\/www.economicas.uba.ar\/investigacion\/piossev\/","title":{"rendered":"PIOSSEV"},"content":{"rendered":"\t\t<div data-elementor-type=\"wp-page\" data-elementor-id=\"4930\" class=\"elementor elementor-4930\" data-elementor-post-type=\"page\">\n\t\t\t\t<div class=\"elementor-element elementor-element-442f3d0d e-con-full e-flex e-con e-parent\" data-id=\"442f3d0d\" data-element_type=\"container\" data-e-type=\"container\" data-settings=\"{&quot;background_background&quot;:&quot;classic&quot;}\">\n\t\t<div class=\"elementor-element elementor-element-56ba770a e-flex e-con-boxed e-con e-child\" data-id=\"56ba770a\" data-element_type=\"container\" data-e-type=\"container\">\n\t\t\t\t\t<div class=\"e-con-inner\">\n\t\t\t\t\t<\/div>\n\t\t\t\t<\/div>\n\t\t<div class=\"elementor-element elementor-element-315e7aae e-flex e-con-boxed e-con e-child\" data-id=\"315e7aae\" data-element_type=\"container\" data-e-type=\"container\">\n\t\t\t\t\t<div class=\"e-con-inner\">\n\t\t\t\t<div class=\"elementor-element elementor-element-3431a0ee elementor-widget elementor-widget-heading\" data-id=\"3431a0ee\" data-element_type=\"widget\" data-e-type=\"widget\" data-widget_type=\"heading.default\">\n\t\t\t\t<div class=\"elementor-widget-container\">\n\t\t\t\t\t<h2 class=\"elementor-heading-title elementor-size-default\">PIOSSEV<\/h2>\t\t\t\t<\/div>\n\t\t\t\t<\/div>\n\t\t\t\t\t<\/div>\n\t\t\t\t<\/div>\n\t\t\t\t<\/div>\n\t\t<div class=\"elementor-element elementor-element-785d0a7c e-flex e-con-boxed e-con e-parent\" data-id=\"785d0a7c\" data-element_type=\"container\" data-e-type=\"container\">\n\t\t\t\t\t<div class=\"e-con-inner\">\n\t\t\t\t<div class=\"elementor-element elementor-element-7804597d elementor-widget elementor-widget-eael-adv-accordion\" data-id=\"7804597d\" data-element_type=\"widget\" data-e-type=\"widget\" data-widget_type=\"eael-adv-accordion.default\">\n\t\t\t\t<div class=\"elementor-widget-container\">\n\t\t\t\t\t            <div class=\"eael-adv-accordion\" id=\"eael-adv-accordion-7804597d\" data-scroll-on-click=\"no\" data-scroll-speed=\"300\" data-accordion-id=\"7804597d\" data-accordion-type=\"accordion\" data-toogle-speed=\"300\">\n            <div class=\"eael-accordion-list\">\n\t\t\t\t\t<div id=\"programa-de-investigacin-con-organizaciones-social-solidarias-en-espacios-digital-virtuales-\" class=\"elementor-tab-title eael-accordion-header active-default\" tabindex=\"0\" data-tab=\"1\" aria-controls=\"elementor-tab-content-2011\"><span class=\"eael-accordion-tab-title\">Programa de Investigaci\u00f3n con Organizaciones Social-Solidarias en Espacios digital-Virtuales <\/span><span class=\"eael-advanced-accordion-icon-closed\"><i aria-hidden=\"true\" class=\"fa-accordion-icon fas fa-chevron-down\"><\/i><\/span><span class=\"eael-advanced-accordion-icon-opened\"><\/span><\/div><div id=\"elementor-tab-content-2011\" class=\"eael-accordion-content clearfix active-default\" data-tab=\"1\" aria-labelledby=\"programa-de-investigacin-con-organizaciones-social-solidarias-en-espacios-digital-virtuales-\"><p>Este programa de investigaci\u00f3n se propone ocupar un espacio a\u00fan vacante en el \u00e1rea de generaci\u00f3n, procesamiento e interpretaci\u00f3n de datos digital-virtuales y grupos que se organizan con formas de la democracia directa, es decir que se autogobiernan y se autogestionan de acuerdo con pautas horizontales. Se propone desarrollar este programa en el marco del Centro de Investigaci\u00f3n en Metodolog\u00edas B\u00e1sicas Aplicadas a la Econom\u00eda y la Gesti\u00f3n (CIMBAGE) del Instituto de Investigaciones en Administraci\u00f3n, Contabilidad y M\u00e9todos Cuantitativos para la Gesti\u00f3n (IADCOM) en la Facultad de Ciencias Econ\u00f3micas (FCE) de la Universidad de Buenos Aires (UBA). Dentro del programa, se buscar\u00e1 responder a dos grandes interrogantes: \u00bfcu\u00e1les son las especificidades que deben ser consideradas en el tratamiento de los datos digital-virtuales en las organizaciones autogestionadas en el marco de una econom\u00eda social-solidaria? \u00bfcu\u00e1les son los aportes que la l\u00f3gica organizacional social-solidaria realiza en una transici\u00f3n tecnol\u00f3gica desde una concepci\u00f3n del software privativo hacia una concepci\u00f3n del software libre?<\/p><p>Para trabajar con estos dos interrogantes se ha convocado un equipo interdisciplinar que, en articulaci\u00f3n con otros grupos transdisciplinares, realiza estudios desde las ciencias econ\u00f3micas, las ciencias sociales y las humanidades y se interesa por el campo de las tecnolog\u00edas de la informaci\u00f3n y la comunicaci\u00f3n. El programa recibir\u00e1 tambi\u00e9n aportes de grupos e instituciones nacionales e internacionales con quienes el equipo convocado mantiene relaciones acad\u00e9micas peri\u00f3dicas. A nivel nacional se recibir\u00e1n aportes acad\u00e9micos del Programa Aprendizaje de y en Autogesti\u00f3n, programa que se lleva adelante desde el Instituto para la Inclusi\u00f3n Social y el Desarrollo Humano &#8211; INCLUIR. A nivel internacional, se recibir\u00e1n aportes del Instituto de las Econom\u00edas Comunitarias (CEI, por sus siglas en ingl\u00e9s) y de la Universidad de Toronto -mediante el Ontario <em>Institute for Studies in Education of the University of Toronto<\/em> (OISE) y <em>Centre for Learning, Social Economy &amp; Work<\/em> (CLSEW). Tambi\u00e9n este programa buscar\u00e1 articular directamente con organizaciones de la econom\u00eda social-solidaria nacionales e internacionales que participan del <em>Community Economies Research<\/em> Network (CERN).<\/p><\/div>\n\t\t\t\t\t<\/div><div class=\"eael-accordion-list\">\n\t\t\t\t\t<div id=\"autoridades\" class=\"elementor-tab-title eael-accordion-header\" tabindex=\"0\" data-tab=\"2\" aria-controls=\"elementor-tab-content-2012\"><span class=\"eael-accordion-tab-title\">Autoridades<\/span><span class=\"eael-advanced-accordion-icon-closed\"><i aria-hidden=\"true\" class=\"fa-accordion-icon fas fa-chevron-down\"><\/i><\/span><span class=\"eael-advanced-accordion-icon-opened\"><\/span><\/div><div id=\"elementor-tab-content-2012\" class=\"eael-accordion-content clearfix\" data-tab=\"2\" aria-labelledby=\"autoridades\"><h6>Director:<\/h6><p>Pablo Mat\u00edas Herrera (CIMBAGE-IADCOM)<\/p><\/div>\n\t\t\t\t\t<\/div><div class=\"eael-accordion-list\">\n\t\t\t\t\t<div id=\"integrantes\" class=\"elementor-tab-title eael-accordion-header\" tabindex=\"0\" data-tab=\"3\" aria-controls=\"elementor-tab-content-2013\"><span class=\"eael-accordion-tab-title\">Integrantes<\/span><span class=\"eael-advanced-accordion-icon-closed\"><i aria-hidden=\"true\" class=\"fa-accordion-icon fas fa-chevron-down\"><\/i><\/span><span class=\"eael-advanced-accordion-icon-opened\"><\/span><\/div><div id=\"elementor-tab-content-2013\" class=\"eael-accordion-content clearfix\" data-tab=\"3\" aria-labelledby=\"integrantes\"><h5>Investigadores<\/h5><ul><li>Gimena Lorenzi (CIMBAGE-IADCOM)<\/li><li>Pablo Audero (CIMBAGE-IADCOM)<\/li><li>Sharon Buchbinder (CIMBAGE-IADCOM)<\/li><\/ul><h5>Investigadores asesores<\/h5><ul><li>Ana In\u00e9s Heras (<span>LICH EH UNSAM \/ CONICET<\/span>)<\/li><li>David Bur\u00edn (INCLUIR)<\/li><\/ul><\/div>\n\t\t\t\t\t<\/div><div class=\"eael-accordion-list\">\n\t\t\t\t\t<div id=\"proyectos-de-investigacin\" class=\"elementor-tab-title eael-accordion-header\" tabindex=\"0\" data-tab=\"4\" aria-controls=\"elementor-tab-content-2014\"><span class=\"eael-accordion-tab-title\">Proyectos de Investigaci\u00f3n<\/span><span class=\"eael-advanced-accordion-icon-closed\"><i aria-hidden=\"true\" class=\"fa-accordion-icon fas fa-chevron-down\"><\/i><\/span><span class=\"eael-advanced-accordion-icon-opened\"><\/span><\/div><div id=\"elementor-tab-content-2014\" class=\"eael-accordion-content clearfix\" data-tab=\"4\" aria-labelledby=\"proyectos-de-investigacin\"><ul><li>Proyecto UBACyT 2023 MODII 20020220400205BA &#8211;<em>Econom\u00eda de plataformas y com\u00fan digital. Visualizaci\u00f3n de las l\u00f3gicas en disputa en el territorio virtual digital<\/em><\/li><\/ul><\/div>\n\t\t\t\t\t<\/div><div class=\"eael-accordion-list\">\n\t\t\t\t\t<div id=\"contacto\" class=\"elementor-tab-title eael-accordion-header\" tabindex=\"0\" data-tab=\"5\" aria-controls=\"elementor-tab-content-2015\"><span class=\"eael-accordion-tab-title\">Contacto<\/span><span class=\"eael-advanced-accordion-icon-closed\"><i aria-hidden=\"true\" class=\"fa-accordion-icon fas fa-chevron-down\"><\/i><\/span><span class=\"eael-advanced-accordion-icon-opened\"><\/span><\/div><div id=\"elementor-tab-content-2015\" class=\"eael-accordion-content clearfix\" data-tab=\"5\" aria-labelledby=\"contacto\"><p>.<\/p><\/div>\n\t\t\t\t\t<\/div><\/div>\t\t\t\t<\/div>\n\t\t\t\t<\/div>\n\t\t\t\t\t<\/div>\n\t\t\t\t<\/div>\n\t\t<div class=\"elementor-element elementor-element-49abd3d9 e-flex e-con-boxed e-con e-parent\" data-id=\"49abd3d9\" data-element_type=\"container\" data-e-type=\"container\">\n\t\t\t\t\t<div class=\"e-con-inner\">\n\t\t\t\t<div class=\"elementor-element elementor-element-4db01974 elementor-widget elementor-widget-spacer\" data-id=\"4db01974\" data-element_type=\"widget\" data-e-type=\"widget\" data-widget_type=\"spacer.default\">\n\t\t\t\t<div class=\"elementor-widget-container\">\n\t\t\t\t\t\t\t<div class=\"elementor-spacer\">\n\t\t\t<div class=\"elementor-spacer-inner\"><\/div>\n\t\t<\/div>\n\t\t\t\t\t\t<\/div>\n\t\t\t\t<\/div>\n\t\t\t\t\t<\/div>\n\t\t\t\t<\/div>\n\t\t\t\t<\/div>\n\t\t","protected":false},"excerpt":{"rendered":"<p>PIOSSEV Programa de Investigaci\u00f3n con Organizaciones Social-Solidarias en Espacios digital-Virtuales Este programa de investigaci\u00f3n se propone ocupar un espacio a\u00fan vacante en el \u00e1rea de generaci\u00f3n, procesamiento e interpretaci\u00f3n de<\/p>\n","protected":false},"author":2,"featured_media":0,"parent":0,"menu_order":0,"comment_status":"closed","ping_status":"closed","template":"elementor_header_footer","meta":{"footnotes":""},"class_list":["post-4930","page","type-page","status-publish","hentry"],"yoast_head":"<!-- This site is optimized with the Yoast SEO plugin v27.3 - https:\/\/yoast.com\/product\/yoast-seo-wordpress\/ -->\n<title>PIOSSEV - Investigaci\u00f3n<\/title>\n<meta name=\"robots\" content=\"index, follow, max-snippet:-1, max-image-preview:large, max-video-preview:-1\" \/>\n<link rel=\"canonical\" href=\"https:\/\/www.economicas.uba.ar\/investigacion\/piossev\/\" \/>\n<meta property=\"og:locale\" content=\"es_ES\" \/>\n<meta property=\"og:type\" content=\"article\" \/>\n<meta property=\"og:title\" content=\"PIOSSEV - Investigaci\u00f3n\" \/>\n<meta property=\"og:description\" content=\"PIOSSEV Programa de Investigaci\u00f3n con Organizaciones Social-Solidarias en Espacios digital-Virtuales Este programa de investigaci\u00f3n se propone ocupar un espacio a\u00fan vacante en el \u00e1rea de generaci\u00f3n, procesamiento e interpretaci\u00f3n de\" \/>\n<meta property=\"og:url\" content=\"https:\/\/www.economicas.uba.ar\/investigacion\/piossev\/\" \/>\n<meta property=\"og:site_name\" content=\"Investigaci\u00f3n\" \/>\n<meta property=\"article:modified_time\" content=\"2025-04-04T18:47:48+00:00\" \/>\n<meta name=\"twitter:card\" content=\"summary_large_image\" \/>\n<meta name=\"twitter:label1\" content=\"Tiempo de lectura\" \/>\n\t<meta name=\"twitter:data1\" content=\"2 minutos\" \/>\n<script type=\"application\/ld+json\" class=\"yoast-schema-graph\">{\"@context\":\"https:\\\/\\\/schema.org\",\"@graph\":[{\"@type\":\"WebPage\",\"@id\":\"https:\\\/\\\/www.economicas.uba.ar\\\/investigacion\\\/piossev\\\/\",\"url\":\"https:\\\/\\\/www.economicas.uba.ar\\\/investigacion\\\/piossev\\\/\",\"name\":\"PIOSSEV - Investigaci\u00f3n\",\"isPartOf\":{\"@id\":\"https:\\\/\\\/www.economicas.uba.ar\\\/investigacion\\\/#website\"},\"datePublished\":\"2025-03-12T13:21:11+00:00\",\"dateModified\":\"2025-04-04T18:47:48+00:00\",\"breadcrumb\":{\"@id\":\"https:\\\/\\\/www.economicas.uba.ar\\\/investigacion\\\/piossev\\\/#breadcrumb\"},\"inLanguage\":\"es-AR\",\"potentialAction\":[{\"@type\":\"ReadAction\",\"target\":[\"https:\\\/\\\/www.economicas.uba.ar\\\/investigacion\\\/piossev\\\/\"]}]},{\"@type\":\"BreadcrumbList\",\"@id\":\"https:\\\/\\\/www.economicas.uba.ar\\\/investigacion\\\/piossev\\\/#breadcrumb\",\"itemListElement\":[{\"@type\":\"ListItem\",\"position\":1,\"name\":\"Inicio\",\"item\":\"https:\\\/\\\/www.economicas.uba.ar\\\/investigacion\\\/\"},{\"@type\":\"ListItem\",\"position\":2,\"name\":\"PIOSSEV\"}]},{\"@type\":\"WebSite\",\"@id\":\"https:\\\/\\\/www.economicas.uba.ar\\\/investigacion\\\/#website\",\"url\":\"https:\\\/\\\/www.economicas.uba.ar\\\/investigacion\\\/\",\"name\":\"Investigaci\u00f3n FCE\",\"description\":\"\",\"publisher\":{\"@id\":\"https:\\\/\\\/www.economicas.uba.ar\\\/investigacion\\\/#organization\"},\"potentialAction\":[{\"@type\":\"SearchAction\",\"target\":{\"@type\":\"EntryPoint\",\"urlTemplate\":\"https:\\\/\\\/www.economicas.uba.ar\\\/investigacion\\\/?s={search_term_string}\"},\"query-input\":{\"@type\":\"PropertyValueSpecification\",\"valueRequired\":true,\"valueName\":\"search_term_string\"}}],\"inLanguage\":\"es-AR\"},{\"@type\":\"Organization\",\"@id\":\"https:\\\/\\\/www.economicas.uba.ar\\\/investigacion\\\/#organization\",\"name\":\"Investigaci\u00f3n FCE\",\"url\":\"https:\\\/\\\/www.economicas.uba.ar\\\/investigacion\\\/\",\"logo\":{\"@type\":\"ImageObject\",\"inLanguage\":\"es-AR\",\"@id\":\"https:\\\/\\\/www.economicas.uba.ar\\\/investigacion\\\/#\\\/schema\\\/logo\\\/image\\\/\",\"url\":\"https:\\\/\\\/www.economicas.uba.ar\\\/investigacion\\\/wp-content\\\/uploads\\\/logo_2023.png\",\"contentUrl\":\"https:\\\/\\\/www.economicas.uba.ar\\\/investigacion\\\/wp-content\\\/uploads\\\/logo_2023.png\",\"width\":292,\"height\":81,\"caption\":\"Investigaci\u00f3n FCE\"},\"image\":{\"@id\":\"https:\\\/\\\/www.economicas.uba.ar\\\/investigacion\\\/#\\\/schema\\\/logo\\\/image\\\/\"}}]}<\/script>\n<!-- \/ Yoast SEO plugin. -->","yoast_head_json":{"title":"PIOSSEV - Investigaci\u00f3n","robots":{"index":"index","follow":"follow","max-snippet":"max-snippet:-1","max-image-preview":"max-image-preview:large","max-video-preview":"max-video-preview:-1"},"canonical":"https:\/\/www.economicas.uba.ar\/investigacion\/piossev\/","og_locale":"es_ES","og_type":"article","og_title":"PIOSSEV - Investigaci\u00f3n","og_description":"PIOSSEV Programa de Investigaci\u00f3n con Organizaciones Social-Solidarias en Espacios digital-Virtuales Este programa de investigaci\u00f3n se propone ocupar un espacio a\u00fan vacante en el \u00e1rea de generaci\u00f3n, procesamiento e interpretaci\u00f3n de","og_url":"https:\/\/www.economicas.uba.ar\/investigacion\/piossev\/","og_site_name":"Investigaci\u00f3n","article_modified_time":"2025-04-04T18:47:48+00:00","twitter_card":"summary_large_image","twitter_misc":{"Tiempo de lectura":"2 minutos"},"schema":{"@context":"https:\/\/schema.org","@graph":[{"@type":"WebPage","@id":"https:\/\/www.economicas.uba.ar\/investigacion\/piossev\/","url":"https:\/\/www.economicas.uba.ar\/investigacion\/piossev\/","name":"PIOSSEV - Investigaci\u00f3n","isPartOf":{"@id":"https:\/\/www.economicas.uba.ar\/investigacion\/#website"},"datePublished":"2025-03-12T13:21:11+00:00","dateModified":"2025-04-04T18:47:48+00:00","breadcrumb":{"@id":"https:\/\/www.economicas.uba.ar\/investigacion\/piossev\/#breadcrumb"},"inLanguage":"es-AR","potentialAction":[{"@type":"ReadAction","target":["https:\/\/www.economicas.uba.ar\/investigacion\/piossev\/"]}]},{"@type":"BreadcrumbList","@id":"https:\/\/www.economicas.uba.ar\/investigacion\/piossev\/#breadcrumb","itemListElement":[{"@type":"ListItem","position":1,"name":"Inicio","item":"https:\/\/www.economicas.uba.ar\/investigacion\/"},{"@type":"ListItem","position":2,"name":"PIOSSEV"}]},{"@type":"WebSite","@id":"https:\/\/www.economicas.uba.ar\/investigacion\/#website","url":"https:\/\/www.economicas.uba.ar\/investigacion\/","name":"Investigaci\u00f3n FCE","description":"","publisher":{"@id":"https:\/\/www.economicas.uba.ar\/investigacion\/#organization"},"potentialAction":[{"@type":"SearchAction","target":{"@type":"EntryPoint","urlTemplate":"https:\/\/www.economicas.uba.ar\/investigacion\/?s={search_term_string}"},"query-input":{"@type":"PropertyValueSpecification","valueRequired":true,"valueName":"search_term_string"}}],"inLanguage":"es-AR"},{"@type":"Organization","@id":"https:\/\/www.economicas.uba.ar\/investigacion\/#organization","name":"Investigaci\u00f3n FCE","url":"https:\/\/www.economicas.uba.ar\/investigacion\/","logo":{"@type":"ImageObject","inLanguage":"es-AR","@id":"https:\/\/www.economicas.uba.ar\/investigacion\/#\/schema\/logo\/image\/","url":"https:\/\/www.economicas.uba.ar\/investigacion\/wp-content\/uploads\/logo_2023.png","contentUrl":"https:\/\/www.economicas.uba.ar\/investigacion\/wp-content\/uploads\/logo_2023.png","width":292,"height":81,"caption":"Investigaci\u00f3n FCE"},"image":{"@id":"https:\/\/www.economicas.uba.ar\/investigacion\/#\/schema\/logo\/image\/"}}]}},"_links":{"self":[{"href":"https:\/\/www.economicas.uba.ar\/investigacion\/wp-json\/wp\/v2\/pages\/4930","targetHints":{"allow":["GET"]}}],"collection":[{"href":"https:\/\/www.economicas.uba.ar\/investigacion\/wp-json\/wp\/v2\/pages"}],"about":[{"href":"https:\/\/www.economicas.uba.ar\/investigacion\/wp-json\/wp\/v2\/types\/page"}],"author":[{"embeddable":true,"href":"https:\/\/www.economicas.uba.ar\/investigacion\/wp-json\/wp\/v2\/users\/2"}],"replies":[{"embeddable":true,"href":"https:\/\/www.economicas.uba.ar\/investigacion\/wp-json\/wp\/v2\/comments?post=4930"}],"version-history":[{"count":18,"href":"https:\/\/www.economicas.uba.ar\/investigacion\/wp-json\/wp\/v2\/pages\/4930\/revisions"}],"predecessor-version":[{"id":5350,"href":"https:\/\/www.economicas.uba.ar\/investigacion\/wp-json\/wp\/v2\/pages\/4930\/revisions\/5350"}],"wp:attachment":[{"href":"https:\/\/www.economicas.uba.ar\/investigacion\/wp-json\/wp\/v2\/media?parent=4930"}],"curies":[{"name":"wp","href":"https:\/\/api.w.org\/{rel}","templated":true}]}}